{"id":73982,"date":"2023-05-14T14:08:53","date_gmt":"2023-05-14T14:08:53","guid":{"rendered":"http:\/\/talkpal.ai\/grammaire-hongroise\/"},"modified":"2025-12-12T10:48:39","modified_gmt":"2025-12-12T10:48:39","slug":"grammaire-hongroise","status":"publish","type":"page","link":"https:\/\/talkpal.ai\/fr\/grammaire-hongroise\/","title":{"rendered":"Grammaire hongroise"},"content":{"rendered":"\r\n\r\n\r\n<section class=\"languageChallengeSection\">\r\n    <div class=\"languageInfoWrapper\">\r\n        \r\n        <h1>Grammaire hongroise<\/h1>\r\n        <p>Pr\u00eat \u00e0 relever un d\u00e9fi linguistique unique ? Plongez dans la <a href=\"https:\/\/talkpal.ai\/es\/gramatica-hungara\/\">grammaire hongroise<\/a> et d\u00e9couvrez ses caract\u00e9ristiques remarquables. Commencez \u00e0 apprendre d\u00e8s aujourd&#039;hui et d\u00e9couvrez comment la ma\u00eetrise de la grammaire hongroise ouvre la voie \u00e0 des conversations enrichissantes et \u00e0 une appr\u00e9ciation profonde du riche patrimoine linguistique de la Hongrie !<\/p>\r\n\r\n                            <a class=\"getStartedHidden\" href=\"https:\/\/app.talkpal.ai\/fr\/signup?lng=\">Commencer<\/a>\r\n        \r\n    <\/div>\r\n\r\n    <figure>\r\n    <img decoding=\"async\" width=\"768\" height=\"768\" src=\"https:\/\/talkpal.ai\/wp-content\/uploads\/2023\/06\/hungarian-768x768.png\" class=\"languageImage no-lazy\" alt=\"Default alt text\" fetchpriority=\"high\" sizes=\"(max-width: 768px) 150px, 768px\" srcset=\"https:\/\/talkpal.ai\/wp-content\/uploads\/2023\/06\/hungarian-768x768.png 768w, https:\/\/talkpal.ai\/wp-content\/uploads\/2023\/06\/hungarian-300x300.png 300w\" \/>\r\n    \r\n\r\n    <\/figure>\r\n\r\n            <a class=\"getStartedVisible\" href=\"https:\/\/app.talkpal.ai\/fr\/signup?lng=\">Commencer<\/a>\r\n    \r\n<\/section>\r\n        <section class=\"grammarSection\">\r\n            <div class=\"grammarLinks\">\r\n                <a href=\"https:\/\/talkpal.ai\/fr\/language\/adjectifs-grammaire-hongroise\/\">Adjectifs <\/a><a href=\"https:\/\/talkpal.ai\/fr\/language\/adverbes-grammaire-hongroise\/\">Adverbes <\/a><a href=\"https:\/\/talkpal.ai\/fr\/language\/articles-grammaire-hongroise\/\">Articles <\/a><a href=\"https:\/\/talkpal.ai\/fr\/language\/comparaison-des-temps-grammaire-hongroise\/\">Comparaison des temps <\/a><a href=\"https:\/\/talkpal.ai\/fr\/language\/conditionnels-grammaire-hongroise\/\">Conditionnels <\/a><a href=\"https:\/\/talkpal.ai\/fr\/language\/noms-grammaire-hongroise\/\">Noms <\/a><a href=\"https:\/\/talkpal.ai\/fr\/language\/phrases-grammaire-hongroise\/\">Phrases <\/a><a href=\"https:\/\/talkpal.ai\/fr\/language\/prepositions-grammaire-hongroise\/\">Pr\u00e9positions <\/a><a href=\"https:\/\/talkpal.ai\/fr\/language\/progressif-parfait-grammaire-hongroise\/\">Progressif parfait <\/a><a href=\"https:\/\/talkpal.ai\/fr\/language\/progressive-grammaire-hongroise\/\">Progressive <\/a><a href=\"https:\/\/talkpal.ai\/fr\/language\/pronoms-determinants-grammaire-hongroise\/\">Pronoms\/D\u00e9terminants <\/a><a href=\"https:\/\/talkpal.ai\/fr\/language\/temps-grammaire-hongroise\/\">Temps <\/a><a href=\"https:\/\/talkpal.ai\/fr\/language\/verbes-grammaire-hongroise\/\">Verbes <\/a>            <\/div>\r\n        <\/section>\r\n    <section class=\"promotionalBanner\">\r\n    <p class=\"promotionalText\">La fa\u00e7on la plus efficace d\u2019apprendre une langue<\/p>\r\n    <a class=\"promotionalLink\" href=\"https:\/\/app.talkpal.ai\/fr\/signup?lng=\">Essayez Talkpal gratuitement<\/a>\r\n<\/section>\n<div class=\"wp-block-group pageContainerStyle\"><div class=\"wp-block-group__inner-container is-layout-constrained wp-block-group-is-layout-constrained\">\n<h2 class=\"wp-block-heading\" id=\"h-title-unlocking-the-secrets-of-hungarian-grammar\">Titre : Percer les secrets de la grammaire hongroise<\/h2>\n\n\n\n<p>Le <a href=\"https:\/\/talkpal.ai\/learn-hungarian\/\">hongrois<\/a>, langue finno-ougrienne, se distingue par son syst\u00e8me grammatical unique, ce qui <a href=\"https:\/\/talkpal.ai\/culture\/how-do-i-use-en-fait-as-a-common-discourse-marker\/\">en fait<\/a> un d\u00e9fi passionnant pour les amateurs de langues. <a href=\"https:\/\/talkpal.ai\/fr\/comment-apprendre-le-hongrois-rapidement-et-efficacement\/\">Apprendre le hongrois<\/a> \u00e9largit non seulement vos connaissances linguistiques, mais vous permet \u00e9galement de vous plonger dans la culture et l\u2019histoire captivantes de la Hongrie. Bien que la grammaire hongroise puisse sembler intimidante au premier abord, la d\u00e9composer en \u00e9l\u00e9ments g\u00e9rables rend le processus d\u2019apprentissage plus accessible. Dans cet article, nous vous pr\u00e9senterons le monde fascinant de la grammaire hongroise et vous donnerons des conseils pour en ma\u00eetriser les complexit\u00e9s.<\/p>\n\n\n\n<h3 class=\"wp-block-heading\" id=\"h-1-word-order-a-flexible-feature\">1. L\u2019ordre des mots : une fonctionnalit\u00e9 flexible<\/h3>\n\n\n\n<p>Contrairement \u00e0 beaucoup d\u2019autres langues, le hongrois a un ordre des mots relativement flexible. Alors que la phrase hongroise typique suit le mod\u00e8le sujet-verbe-objet (SVO), d\u2019autres ordres de mots sont \u00e9galement courants et utilis\u00e9s pour mettre l\u2019accent sur diff\u00e9rentes parties de la phrase. Se familiariser avec ces variations vous permettra de comprendre et de construire des phrases hongroises plus efficacement.<\/p>\n\n\n\n<h3 class=\"wp-block-heading\" id=\"h-2-nouns-and-cases-the-role-of-suffixes\">2. Noms et cas : le r\u00f4le des suffixes<\/h3>\n\n\n\n<p>Les noms hongrois n\u2019ont pas de genre grammatical, ce qui simplifie la construction des phrases. Cependant, les noms et d\u2019autres parties du discours dans la grammaire hongroise utilisent une pl\u00e9thore de suffixes pour indiquer les cas, la possession et la pluralit\u00e9. L\u2019apprentissage de ces suffixes et de leurs utilisations am\u00e9liorera consid\u00e9rablement votre capacit\u00e9 \u00e0 communiquer en hongrois.<\/p>\n\n\n\n<p>Exemples :<\/p>\n\n\n\n<p><strong>&#8211; h\u00e1z (maison) &#8211; h\u00e1zak (maisons)<\/strong><\/p>\n\n\n\n<p><strong>&#8211; h\u00e1zban (dans la maison) &#8211; h\u00e1zakban (dans les maisons)<\/strong><\/p>\n\n\n\n<h3 class=\"wp-block-heading\" id=\"h-3-verbs-conjugation-and-tense\">3. Verbes : conjugaison et temps<\/h3>\n\n\n\n<p>Les verbes hongrois sont conjugu\u00e9s en fonction du <a href=\"https:\/\/talkpal.ai\/zh-hans\/grammar_exercises\/temps-%e6%b3%95%e8%af%ad%e8%af%ad%e6%b3%95%e7%bb%83%e4%b9%a0\/\">temps<\/a>, de l\u2019humeur, du sujet et de la d\u00e9finition. Bien qu&rsquo;il existe plusieurs temps en hongrois, l&rsquo;apprentissage des trois temps principaux &#8211; pr\u00e9sent, pass\u00e9 et futur &#8211; constitue un bon point de d\u00e9part. Familiarisez-vous avec les mod\u00e8les de conjugaison des <a href=\"https:\/\/talkpal.ai\/fr\/grammar\/verbes-reguliers-en-grammaire-thai\/\">verbes r\u00e9guliers<\/a> et apprenez les <a href=\"https:\/\/talkpal.ai\/ar\/grammar_exercises\/verbes-irreguliers-%d8%aa%d9%85%d8%a7%d8%b1%d9%8a%d9%86-%d9%84%d9%84%d9%82%d9%88%d8%a7%d8%b9%d8%af-%d8%a7%d9%84%d9%81%d8%b1%d9%86%d8%b3%d9%8a%d8%a9\/\">verbes irr\u00e9guliers<\/a> courants pour am\u00e9liorer vos comp\u00e9tences en communication verbale.<\/p>\n\n\n\n<h3 class=\"wp-block-heading\" id=\"h-4-adjectives-agreement-and-placement\">4. Adjectifs : accord et placement<\/h3>\n\n\n\n<p>Dans la grammaire hongroise, les adjectifs doivent s\u2019accorder avec le nom qu\u2019ils modifient en termes de nombre (singulier ou pluriel). Cependant, les adjectifs n\u2019ont pas besoin de correspondre au nom pour le cas grammatical. Les adjectifs pr\u00e9c\u00e8dent g\u00e9n\u00e9ralement le nom, fournissant un contexte descriptif \u00e0 la phrase.<\/p>\n\n\n\n<p>Exemples :<\/p>\n\n\n\n<p><strong>&#8211; piros alma (pomme rouge)<\/strong><\/p>\n\n\n\n<p><strong>&#8211; sz\u00e9p vir\u00e1gok (belles fleurs)<\/strong><\/p>\n\n\n\n<h3 class=\"wp-block-heading\" id=\"h-5-vowel-harmony-a-unique-feature\">5. L\u2019harmonie des voyelles : une caract\u00e9ristique unique<\/h3>\n\n\n\n<p>Un aspect distinctif de la grammaire hongroise est l\u2019harmonie des voyelles, qui implique l\u2019accord des voyelles dans les mots. L\u2019harmonie des voyelles affecte la fa\u00e7on dont les suffixes sont form\u00e9s et attach\u00e9s aux mots. Comprendre et pratiquer l\u2019harmonie des voyelles rendra votre hongrois \u00e9crit et parl\u00e9 plus pr\u00e9cis et naturel.<\/p>\n\n\n\n<h3 class=\"wp-block-heading\" id=\"h-6-engaging-with-the-language\">6. S&rsquo;engager dans la langue<\/h3>\n\n\n\n<p>Le moyen le plus efficace de bien comprendre et d\u2019int\u00e9rioriser la grammaire hongroise est de s\u2019engager constamment dans la langue. En lisant de la litt\u00e9rature hongroise, en regardant des films autochtones ou en conversant activement avec des locuteurs natifs, vous renforcerez votre compr\u00e9hension de la grammaire tout en \u00e9largissant votre vocabulaire.<\/p>\n\n\n\n<h3 class=\"wp-block-heading\" id=\"h-conclusion\">Conclusion<\/h3>\n\n\n\n<p>Bien que la grammaire hongroise puisse sembler complexe, l\u2019aborder \u00e9tape par \u00e9tape et la pratiquer r\u00e9guli\u00e8rement vous aidera \u00e0 ma\u00eetriser cette langue fascinante. Relevez le d\u00e9fi en vous lan\u00e7ant dans votre voyage en hongrois, et vous vous retrouverez bient\u00f4t \u00e0 naviguer avec assurance dans les m\u00e9andres de sa grammaire. Bonne \u00e9tude et profitez de l\u2019exploration des merveilles de la grammaire hongroise !<\/p>\n<\/div><\/div>\n\r\n<section class=\"learnNavigationSection\">\r\n            \r\n        <a href=\"https:\/\/talkpal.ai\/fr\/apprendre-le-hongrois\/\">\r\n            <div class=\"learnNavigationWrapper\">\r\n                <div class=\"learnNavigationContent\">\r\n                    <img decoding=\"async\" src=\"https:\/\/talkpal.ai\/wp-content\/uploads\/2024\/08\/Hungarian.jpg\" alt=\"Hungarian Flag\">\r\n                    <div>\r\n                        <h4>\u00c0 propos de l&#039;apprentissage hongrois<\/h4>\r\n                        <p>Tout savoir sur la grammaire hongroise.<\/p>\r\n                    <\/div>\r\n                <\/div>\r\n            <\/div>\r\n        <\/a>\r\n\r\n        \r\n        <a href=\"https:\/\/talkpal.ai\/fr\/exercices-de-grammaire-hongroise\/\">\r\n            <div class=\"learnNavigationWrapper\">\r\n                <div class=\"learnNavigationContent\">\r\n                    <img decoding=\"async\" src=\"https:\/\/talkpal.ai\/wp-content\/uploads\/2024\/08\/Hungarian.jpg\" alt=\"Hungarian Flag\">\r\n                    <div>\r\n                        <h4>Exercice de grammaire hongroise<\/h4>\r\n                        <p>Pratiquez la grammaire hongroise.<\/p>\r\n                    <\/div>\r\n                <\/div>\r\n            <\/div>\r\n        <\/a>\r\n\r\n        \r\n        <a href=\"https:\/\/talkpal.ai\/vocabulary_language\/hungarian\/\">\r\n            <div class=\"learnNavigationWrapper\">\r\n                <div class=\"learnNavigationContent\">\r\n                    <img decoding=\"async\" src=\"https:\/\/talkpal.ai\/wp-content\/uploads\/2024\/08\/Hungarian.jpg\" alt=\"Hungarian Flag\">\r\n                    <div>\r\n                        <h4>Vocabulaire hongrois<\/h4>\r\n                        <p>\u00c9largissez votre vocabulaire hongrois.<\/p>\r\n                    <\/div>\r\n                <\/div>\r\n            <\/div>\r\n        <\/a>\r\n\r\n            <\/section>","protected":false},"excerpt":{"rendered":"<p>Titre : Percer les secrets de la grammaire hongroise Le hongrois, langue finno-ougrienne, se distingue par son syst\u00e8me grammatical unique, ce qui en fait un d\u00e9fi passionnant pour les amateurs de langues. Apprendre le hongrois \u00e9largit non seulement vos connaissances linguistiques, mais vous permet \u00e9galement de vous plonger dans la culture et l\u2019histoire captivantes de [&hellip;]<\/p>\n","protected":false},"author":1,"featured_media":28348,"parent":0,"menu_order":0,"comment_status":"closed","ping_status":"closed","template":"LearningContentPage.php","meta":{"_acf_changed":false,"footnotes":""},"class_list":["post-73982","page","type-page","status-publish","has-post-thumbnail","hentry"],"acf":[],"yoast_head":"<!-- This site is optimized with the Yoast SEO Premium plugin v27.2 (Yoast SEO v27.2) - https:\/\/yoast.com\/product\/yoast-seo-premium-wordpress\/ -->\n<title>Grammaire hongroise - Talkpal<\/title>\n<meta name=\"description\" content=\"Ma\u00eetrisez la grammaire hongroise - apprenez les r\u00e8gles de grammaire et entra\u00eenez-vous \u00e0 former des phrases. Recevez des conseils utiles de la part de Talkpal AI.\" \/>\n<meta name=\"robots\" content=\"index, follow, max-snippet:-1, max-image-preview:large, max-video-preview:-1\" \/>\n<link rel=\"canonical\" href=\"https:\/\/talkpal.ai\/fr\/grammaire-hongroise\/\" \/>\n<meta property=\"og:locale\" content=\"fr_FR\" \/>\n<meta property=\"og:type\" content=\"article\" \/>\n<meta property=\"og:title\" content=\"Grammaire hongroise\" \/>\n<meta property=\"og:description\" content=\"Titre : Percer les secrets de la grammaire hongroise Le hongrois, langue finno-ougrienne, se distingue par son syst\u00e8me grammatical unique, ce qui en fait\" \/>\n<meta property=\"og:url\" content=\"https:\/\/talkpal.ai\/fr\/grammaire-hongroise\/\" \/>\n<meta property=\"og:site_name\" content=\"Talkpal\" \/>\n<meta property=\"article:publisher\" content=\"https:\/\/www.facebook.com\/profile.php?id=100090733639311\" \/>\n<meta property=\"article:modified_time\" content=\"2025-12-12T10:48:39+00:00\" \/>\n<meta property=\"og:image\" content=\"https:\/\/talkpal.ai\/wp-content\/uploads\/2023\/05\/Hungarian.png\" \/>\n\t<meta property=\"og:image:width\" content=\"512\" \/>\n\t<meta property=\"og:image:height\" content=\"512\" \/>\n\t<meta property=\"og:image:type\" content=\"image\/png\" \/>\n<meta name=\"twitter:card\" content=\"summary_large_image\" \/>\n<meta name=\"twitter:site\" content=\"@talkpalai\" \/>\n<meta name=\"twitter:label1\" content=\"Dur\u00e9e de lecture estim\u00e9e\" \/>\n\t<meta name=\"twitter:data1\" content=\"3 minutes\" \/>\n<script type=\"application\/ld+json\" class=\"yoast-schema-graph\">{\"@context\":\"https:\/\/schema.org\",\"@graph\":[{\"@type\":\"WebPage\",\"@id\":\"https:\/\/talkpal.ai\/fr\/grammaire-hongroise\/\",\"url\":\"https:\/\/talkpal.ai\/fr\/grammaire-hongroise\/\",\"name\":\"Grammaire hongroise - Talkpal\",\"isPartOf\":{\"@id\":\"https:\/\/talkpal.ai\/fr\/#website\"},\"primaryImageOfPage\":{\"@id\":\"https:\/\/talkpal.ai\/fr\/grammaire-hongroise\/#primaryimage\"},\"image\":{\"@id\":\"https:\/\/talkpal.ai\/fr\/grammaire-hongroise\/#primaryimage\"},\"thumbnailUrl\":\"https:\/\/talkpal.ai\/wp-content\/uploads\/2023\/05\/Hungarian.png\",\"datePublished\":\"2023-05-14T14:08:53+00:00\",\"dateModified\":\"2025-12-12T10:48:39+00:00\",\"description\":\"Ma\u00eetrisez la grammaire hongroise - apprenez les r\u00e8gles de grammaire et entra\u00eenez-vous \u00e0 former des phrases. Recevez des conseils utiles de la part de Talkpal AI.\",\"breadcrumb\":{\"@id\":\"https:\/\/talkpal.ai\/fr\/grammaire-hongroise\/#breadcrumb\"},\"inLanguage\":\"fr-FR\",\"potentialAction\":[{\"@type\":\"ReadAction\",\"target\":[\"https:\/\/talkpal.ai\/fr\/grammaire-hongroise\/\"]}]},{\"@type\":\"ImageObject\",\"inLanguage\":\"fr-FR\",\"@id\":\"https:\/\/talkpal.ai\/fr\/grammaire-hongroise\/#primaryimage\",\"url\":\"https:\/\/talkpal.ai\/wp-content\/uploads\/2023\/05\/Hungarian.png\",\"contentUrl\":\"https:\/\/talkpal.ai\/wp-content\/uploads\/2023\/05\/Hungarian.png\",\"width\":512,\"height\":512},{\"@type\":\"BreadcrumbList\",\"@id\":\"https:\/\/talkpal.ai\/fr\/grammaire-hongroise\/#breadcrumb\",\"itemListElement\":[{\"@type\":\"ListItem\",\"position\":1,\"name\":\"Homepage\",\"item\":\"https:\/\/talkpal.ai\/fr\/\"},{\"@type\":\"ListItem\",\"position\":2,\"name\":\"Grammaire hongroise\"}]},{\"@type\":\"WebSite\",\"@id\":\"https:\/\/talkpal.ai\/fr\/#website\",\"url\":\"https:\/\/talkpal.ai\/fr\/\",\"name\":\"Talkpal\",\"description\":\"AI Language Learning\",\"publisher\":{\"@id\":\"https:\/\/talkpal.ai\/fr\/#organization\"},\"alternateName\":\"Talkpal AI\",\"potentialAction\":[{\"@type\":\"SearchAction\",\"target\":{\"@type\":\"EntryPoint\",\"urlTemplate\":\"https:\/\/talkpal.ai\/fr\/?s={search_term_string}\"},\"query-input\":{\"@type\":\"PropertyValueSpecification\",\"valueRequired\":true,\"valueName\":\"search_term_string\"}}],\"inLanguage\":\"fr-FR\"},{\"@type\":\"Organization\",\"@id\":\"https:\/\/talkpal.ai\/fr\/#organization\",\"name\":\"Talkpal, Inc.\",\"alternateName\":\"Talkpal AI\",\"url\":\"https:\/\/talkpal.ai\/fr\/\",\"logo\":{\"@type\":\"ImageObject\",\"inLanguage\":\"fr-FR\",\"@id\":\"https:\/\/talkpal.ai\/fr\/#\/schema\/logo\/image\/\",\"url\":\"https:\/\/talkpal.ai\/wp-content\/uploads\/2024\/03\/Talkpal-Logo-Icon.png\",\"contentUrl\":\"https:\/\/talkpal.ai\/wp-content\/uploads\/2024\/03\/Talkpal-Logo-Icon.png\",\"width\":2880,\"height\":2880,\"caption\":\"Talkpal, Inc.\"},\"image\":{\"@id\":\"https:\/\/talkpal.ai\/fr\/#\/schema\/logo\/image\/\"},\"sameAs\":[\"https:\/\/www.facebook.com\/profile.php?id=100090733639311\",\"https:\/\/x.com\/talkpalai\",\"https:\/\/www.linkedin.com\/company\/talkpal\/\",\"https:\/\/www.youtube.com\/@TalkPal\/\",\"https:\/\/www.tiktok.com\/@talkpal\",\"https:\/\/www.instagram.com\/talkpal_ai\/\",\"https:\/\/www.crunchbase.com\/organization\/talkpal-9cde\",\"https:\/\/www.g2.com\/products\/talkpal-for-business\/\",\"https:\/\/www.trustpilot.com\/review\/talkpal.ai\",\"https:\/\/www.capterra.com\/p\/10006800\/TalkPal\/\"],\"description\":\"Talkpal is a language learning web and mobile education app, powered by the latest AI technologies, that provides engaging experiences to its customers in many different languages to help them improve their language skills. Users can chat about unlimited amount of topics with the app and use other modes to practice their language learning.\",\"email\":\"support@talkpal.ai\",\"legalName\":\"Talkpal, Inc.\",\"foundingDate\":\"2023-04-03\",\"duns\":\"118989042\",\"numberOfEmployees\":{\"@type\":\"QuantitativeValue\",\"minValue\":\"11\",\"maxValue\":\"50\"},\"publishingPrinciples\":\"https:\/\/talkpal.ai\/publishing-principles\/\",\"actionableFeedbackPolicy\":\"https:\/\/talkpal.ai\/actionable-feedback-policy\/\",\"correctionsPolicy\":\"https:\/\/talkpal.ai\/corrections-policy\/\",\"ethicsPolicy\":\"https:\/\/talkpal.ai\/ethics-policy\/\",\"diversityPolicy\":\"https:\/\/talkpal.ai\/diversity-policy\/\",\"diversityStaffingReport\":\"https:\/\/talkpal.ai\/diversity-policy\/\"}]}<\/script>\n<!-- \/ Yoast SEO Premium plugin. -->","yoast_head_json":{"title":"Grammaire hongroise - Talkpal","description":"Ma\u00eetrisez la grammaire hongroise - apprenez les r\u00e8gles de grammaire et entra\u00eenez-vous \u00e0 former des phrases. Recevez des conseils utiles de la part de Talkpal AI.","robots":{"index":"index","follow":"follow","max-snippet":"max-snippet:-1","max-image-preview":"max-image-preview:large","max-video-preview":"max-video-preview:-1"},"canonical":"https:\/\/talkpal.ai\/fr\/grammaire-hongroise\/","og_locale":"fr_FR","og_type":"article","og_title":"Grammaire hongroise","og_description":"Titre : Percer les secrets de la grammaire hongroise Le hongrois, langue finno-ougrienne, se distingue par son syst\u00e8me grammatical unique, ce qui en fait","og_url":"https:\/\/talkpal.ai\/fr\/grammaire-hongroise\/","og_site_name":"Talkpal","article_publisher":"https:\/\/www.facebook.com\/profile.php?id=100090733639311","article_modified_time":"2025-12-12T10:48:39+00:00","og_image":[{"width":512,"height":512,"url":"https:\/\/talkpal.ai\/wp-content\/uploads\/2023\/05\/Hungarian.png","type":"image\/png"}],"twitter_card":"summary_large_image","twitter_site":"@talkpalai","twitter_misc":{"Dur\u00e9e de lecture estim\u00e9e":"3 minutes"},"schema":{"@context":"https:\/\/schema.org","@graph":[{"@type":"WebPage","@id":"https:\/\/talkpal.ai\/fr\/grammaire-hongroise\/","url":"https:\/\/talkpal.ai\/fr\/grammaire-hongroise\/","name":"Grammaire hongroise - Talkpal","isPartOf":{"@id":"https:\/\/talkpal.ai\/fr\/#website"},"primaryImageOfPage":{"@id":"https:\/\/talkpal.ai\/fr\/grammaire-hongroise\/#primaryimage"},"image":{"@id":"https:\/\/talkpal.ai\/fr\/grammaire-hongroise\/#primaryimage"},"thumbnailUrl":"https:\/\/talkpal.ai\/wp-content\/uploads\/2023\/05\/Hungarian.png","datePublished":"2023-05-14T14:08:53+00:00","dateModified":"2025-12-12T10:48:39+00:00","description":"Ma\u00eetrisez la grammaire hongroise - apprenez les r\u00e8gles de grammaire et entra\u00eenez-vous \u00e0 former des phrases. Recevez des conseils utiles de la part de Talkpal AI.","breadcrumb":{"@id":"https:\/\/talkpal.ai\/fr\/grammaire-hongroise\/#breadcrumb"},"inLanguage":"fr-FR","potentialAction":[{"@type":"ReadAction","target":["https:\/\/talkpal.ai\/fr\/grammaire-hongroise\/"]}]},{"@type":"ImageObject","inLanguage":"fr-FR","@id":"https:\/\/talkpal.ai\/fr\/grammaire-hongroise\/#primaryimage","url":"https:\/\/talkpal.ai\/wp-content\/uploads\/2023\/05\/Hungarian.png","contentUrl":"https:\/\/talkpal.ai\/wp-content\/uploads\/2023\/05\/Hungarian.png","width":512,"height":512},{"@type":"BreadcrumbList","@id":"https:\/\/talkpal.ai\/fr\/grammaire-hongroise\/#breadcrumb","itemListElement":[{"@type":"ListItem","position":1,"name":"Homepage","item":"https:\/\/talkpal.ai\/fr\/"},{"@type":"ListItem","position":2,"name":"Grammaire hongroise"}]},{"@type":"WebSite","@id":"https:\/\/talkpal.ai\/fr\/#website","url":"https:\/\/talkpal.ai\/fr\/","name":"Talkpal","description":"AI Language Learning","publisher":{"@id":"https:\/\/talkpal.ai\/fr\/#organization"},"alternateName":"Talkpal AI","potentialAction":[{"@type":"SearchAction","target":{"@type":"EntryPoint","urlTemplate":"https:\/\/talkpal.ai\/fr\/?s={search_term_string}"},"query-input":{"@type":"PropertyValueSpecification","valueRequired":true,"valueName":"search_term_string"}}],"inLanguage":"fr-FR"},{"@type":"Organization","@id":"https:\/\/talkpal.ai\/fr\/#organization","name":"Talkpal, Inc.","alternateName":"Talkpal AI","url":"https:\/\/talkpal.ai\/fr\/","logo":{"@type":"ImageObject","inLanguage":"fr-FR","@id":"https:\/\/talkpal.ai\/fr\/#\/schema\/logo\/image\/","url":"https:\/\/talkpal.ai\/wp-content\/uploads\/2024\/03\/Talkpal-Logo-Icon.png","contentUrl":"https:\/\/talkpal.ai\/wp-content\/uploads\/2024\/03\/Talkpal-Logo-Icon.png","width":2880,"height":2880,"caption":"Talkpal, Inc."},"image":{"@id":"https:\/\/talkpal.ai\/fr\/#\/schema\/logo\/image\/"},"sameAs":["https:\/\/www.facebook.com\/profile.php?id=100090733639311","https:\/\/x.com\/talkpalai","https:\/\/www.linkedin.com\/company\/talkpal\/","https:\/\/www.youtube.com\/@TalkPal\/","https:\/\/www.tiktok.com\/@talkpal","https:\/\/www.instagram.com\/talkpal_ai\/","https:\/\/www.crunchbase.com\/organization\/talkpal-9cde","https:\/\/www.g2.com\/products\/talkpal-for-business\/","https:\/\/www.trustpilot.com\/review\/talkpal.ai","https:\/\/www.capterra.com\/p\/10006800\/TalkPal\/"],"description":"Talkpal is a language learning web and mobile education app, powered by the latest AI technologies, that provides engaging experiences to its customers in many different languages to help them improve their language skills. Users can chat about unlimited amount of topics with the app and use other modes to practice their language learning.","email":"support@talkpal.ai","legalName":"Talkpal, Inc.","foundingDate":"2023-04-03","duns":"118989042","numberOfEmployees":{"@type":"QuantitativeValue","minValue":"11","maxValue":"50"},"publishingPrinciples":"https:\/\/talkpal.ai\/publishing-principles\/","actionableFeedbackPolicy":"https:\/\/talkpal.ai\/actionable-feedback-policy\/","correctionsPolicy":"https:\/\/talkpal.ai\/corrections-policy\/","ethicsPolicy":"https:\/\/talkpal.ai\/ethics-policy\/","diversityPolicy":"https:\/\/talkpal.ai\/diversity-policy\/","diversityStaffingReport":"https:\/\/talkpal.ai\/diversity-policy\/"}]}},"_links":{"self":[{"href":"https:\/\/talkpal.ai\/fr\/wp-json\/wp\/v2\/pages\/73982","targetHints":{"allow":["GET"]}}],"collection":[{"href":"https:\/\/talkpal.ai\/fr\/wp-json\/wp\/v2\/pages"}],"about":[{"href":"https:\/\/talkpal.ai\/fr\/wp-json\/wp\/v2\/types\/page"}],"author":[{"embeddable":true,"href":"https:\/\/talkpal.ai\/fr\/wp-json\/wp\/v2\/users\/1"}],"replies":[{"embeddable":true,"href":"https:\/\/talkpal.ai\/fr\/wp-json\/wp\/v2\/comments?post=73982"}],"version-history":[{"count":0,"href":"https:\/\/talkpal.ai\/fr\/wp-json\/wp\/v2\/pages\/73982\/revisions"}],"wp:featuredmedia":[{"embeddable":true,"href":"https:\/\/talkpal.ai\/fr\/wp-json\/wp\/v2\/media\/28348"}],"wp:attachment":[{"href":"https:\/\/talkpal.ai\/fr\/wp-json\/wp\/v2\/media?parent=73982"}],"curies":[{"name":"wp","href":"https:\/\/api.w.org\/{rel}","templated":true}]}}