{"id":73941,"date":"2023-06-16T10:15:21","date_gmt":"2023-06-16T10:15:21","guid":{"rendered":"http:\/\/talkpal.ai\/exercices-de-grammaire-hindi\/"},"modified":"2025-12-17T16:18:44","modified_gmt":"2025-12-17T16:18:44","slug":"exercices-de-grammaire-hindi","status":"publish","type":"page","link":"https:\/\/talkpal.ai\/fr\/exercices-de-grammaire-hindi\/","title":{"rendered":"Exercices de grammaire hindi"},"content":{"rendered":"\r\n\r\n\r\n<section class=\"languageChallengeSection\">\r\n    <div class=\"languageInfoWrapper\">\r\n        \r\n        <h1>Exercices de grammaire hindi<\/h1>\r\n        <p>Vous souhaitez gagner en assurance en <a href=\"https:\/\/talkpal.ai\/learn-hindi\/\">hindi<\/a> ? Pratiquer des exercices de grammaire est un excellent moyen de ma\u00eetriser la structure des phrases, la forme des verbes et les mod\u00e8les uniques de la langue hindi. Commencez \u00e0 travailler la <a href=\"https:\/\/talkpal.ai\/es\/gramatica-hindi\/\">grammaire hindi<\/a> d\u00e8s aujourd&#039;hui et voyez votre compr\u00e9hension et votre aisance s&#039;am\u00e9liorer \u00e0 chaque exercice !\n\n<\/p>\r\n\r\n                            <a class=\"getStartedHidden\" href=\"https:\/\/app.talkpal.ai\/fr\/signup?lng=\">Commencer<\/a>\r\n        \r\n    <\/div>\r\n\r\n    <figure>\r\n    <img decoding=\"async\" width=\"768\" height=\"768\" src=\"https:\/\/talkpal.ai\/wp-content\/uploads\/2023\/06\/hindi-768x768.png\" class=\"languageImage no-lazy\" alt=\"Default alt text\" fetchpriority=\"high\" sizes=\"(max-width: 768px) 150px, 768px\" srcset=\"https:\/\/talkpal.ai\/wp-content\/uploads\/2023\/06\/hindi-768x768.png 768w, https:\/\/talkpal.ai\/wp-content\/uploads\/2023\/06\/hindi-300x300.png 300w\" \/>\r\n    \r\n\r\n    <\/figure>\r\n\r\n            <a class=\"getStartedVisible\" href=\"https:\/\/app.talkpal.ai\/fr\/signup?lng=\">Commencer<\/a>\r\n    \r\n<\/section>\r\n\r\n\r\n<!-- <section class=\"grammarSection\">\r\n    <div class=\"grammarLinks\">\r\n        <a href=\"https:\/\/talkpal.ai\/fr\/exercise_language\/adjectifs-grammaire-hindi\/\">Adjectifs <\/a><a href=\"https:\/\/talkpal.ai\/fr\/exercise_language\/adverbes-grammaire-hindi\/\">Adverbes <\/a><a href=\"https:\/\/talkpal.ai\/fr\/exercise_language\/articles-grammaire-hindi\/\">Articles <\/a><a href=\"https:\/\/talkpal.ai\/fr\/exercise_language\/comparaison-des-temps-grammaire-hindi\/\">Comparaison des temps <\/a><a href=\"https:\/\/talkpal.ai\/fr\/exercise_language\/noms-grammaire-hindi\/\">Noms <\/a><a href=\"https:\/\/talkpal.ai\/fr\/exercise_language\/prepositions-grammaire-hindi\/\">Pr\u00e9positions <\/a><a href=\"https:\/\/talkpal.ai\/fr\/exercise_language\/pronoms-grammaire-hindi\/\">Pronoms <\/a><a href=\"https:\/\/talkpal.ai\/fr\/exercise_language\/structure-de-phrase-grammaire-hindi\/\">Structure de phrase <\/a><a href=\"https:\/\/talkpal.ai\/fr\/exercise_language\/temps-indicatifs-grammaire-hindi\/\">Temps indicatifs <\/a><a href=\"https:\/\/talkpal.ai\/fr\/exercise_language\/temps-subjonctif-grammaire-hindi\/\">Temps subjonctif <\/a><a href=\"https:\/\/talkpal.ai\/fr\/exercise_language\/verbes-grammaire-hindi\/\">Verbes <\/a>    <\/div>\r\n<\/section> -->\r\n\r\n\r\n\r\n\r\n        <section class=\"grammarSection\">\r\n            <div class=\"grammarLinks\">\r\n                <a href=\"https:\/\/talkpal.ai\/fr\/exercise_language\/adjectifs-grammaire-hindi\/\">Adjectifs <\/a><a href=\"https:\/\/talkpal.ai\/fr\/exercise_language\/adverbes-grammaire-hindi\/\">Adverbes <\/a><a href=\"https:\/\/talkpal.ai\/fr\/exercise_language\/articles-grammaire-hindi\/\">Articles <\/a><a href=\"https:\/\/talkpal.ai\/fr\/exercise_language\/comparaison-des-temps-grammaire-hindi\/\">Comparaison des temps <\/a><a href=\"https:\/\/talkpal.ai\/fr\/exercise_language\/noms-grammaire-hindi\/\">Noms <\/a><a href=\"https:\/\/talkpal.ai\/fr\/exercise_language\/prepositions-grammaire-hindi\/\">Pr\u00e9positions <\/a><a href=\"https:\/\/talkpal.ai\/fr\/exercise_language\/pronoms-grammaire-hindi\/\">Pronoms <\/a><a href=\"https:\/\/talkpal.ai\/fr\/exercise_language\/structure-de-phrase-grammaire-hindi\/\">Structure de phrase <\/a><a href=\"https:\/\/talkpal.ai\/fr\/exercise_language\/temps-indicatifs-grammaire-hindi\/\">Temps indicatifs <\/a><a href=\"https:\/\/talkpal.ai\/fr\/exercise_language\/temps-subjonctif-grammaire-hindi\/\">Temps subjonctif <\/a><a href=\"https:\/\/talkpal.ai\/fr\/exercise_language\/verbes-grammaire-hindi\/\">Verbes <\/a>            <\/div>\r\n        <\/section>\r\n<section class=\"promotionalBanner\">\r\n    <p class=\"promotionalText\">La fa\u00e7on la plus efficace d\u2019apprendre une langue<\/p>\r\n    <a class=\"promotionalLink\" href=\"https:\/\/app.talkpal.ai\/fr\/signup?lng=\">Essayez Talkpal gratuitement<\/a>\r\n<\/section>\n<div class=\"wp-block-group pageContainerStyle\"><div class=\"wp-block-group__inner-container is-layout-constrained wp-block-group-is-layout-constrained\">\n<h2 class=\"wp-block-heading\" id=\"h-hindi-grammar-topics\">Sujets de grammaire hindi<\/h2>\n\n\n\n<p><a href=\"https:\/\/talkpal.ai\/the-best-way-to-start-speaking-a-new-language\/\">Apprendre une nouvelle langue<\/a> peut \u00eatre une exp\u00e9rience exaltante mais difficile, surtout lorsqu\u2019il s\u2019agit de comprendre et de ma\u00eetriser sa grammaire. L\u2019hindi, \u00e9tant l\u2019une des <a href=\"https:\/\/talkpal.ai\/the-10-most-spoken-languages-in-the-world\/\">langues les plus parl\u00e9es<\/a> au monde, offre une exp\u00e9rience linguistique unique et riche. Alors que vous vous lancez dans votre voyage pour apprendre l\u2019hindi, il est essentiel de saisir les sujets de grammaire fondamentaux qui jetteront une base solide pour vos comp\u00e9tences linguistiques. Ce guide vous pr\u00e9sentera les principaux sujets de grammaire hindi, regroup\u00e9s dans une s\u00e9quence qui facilitera votre processus d\u2019apprentissage.<\/p>\n\n\n\n<h3 class=\"wp-block-heading\" id=\"h-1-nouns\">1. Noms :<\/h3>\n\n\n\n<p>Commencez votre parcours d\u2019apprentissage de l\u2019hindi avec les noms, car ils sont les \u00e9l\u00e9ments constitutifs de toute langue. En hindi, les noms sont class\u00e9s en deux genres (masculin et f\u00e9minin) et peuvent \u00eatre singuliers ou pluriels. Comprendre les bases des noms hindis aidera \u00e0 former des phrases et des expressions simples.<\/p>\n\n\n\n<h3 class=\"wp-block-heading\" id=\"h-2-pronouns\">2. Pronoms :<\/h3>\n\n\n\n<p>Les pronoms remplacent les noms dans une phrase et aident \u00e0 \u00e9viter les r\u00e9p\u00e9titions. Les pronoms hindis sont divis\u00e9s en trois cat\u00e9gories : personnels, d\u00e9monstratifs et interrogatifs. Familiarisez-vous avec les diff\u00e9rentes formes de pronoms pour am\u00e9liorer vos comp\u00e9tences en communication.<\/p>\n\n\n\n<h3 class=\"wp-block-heading\" id=\"h-3-adjectives\">3. Adjectifs :<\/h3>\n\n\n\n<p>Les adjectifs d\u00e9crivent les qualit\u00e9s des noms et des pronoms. En hindi, les adjectifs s\u2019accordent avec le nom qu\u2019ils d\u00e9crivent en genre et en nombre. L\u2019apprentissage des adjectifs vous permettra d\u2019exprimer vos pens\u00e9es et vos opinions de mani\u00e8re plus vivante.<\/p>\n\n\n\n<h3 class=\"wp-block-heading\" id=\"h-4-verbs\">4. Verbes :<\/h3>\n\n\n\n<p>Les verbes d\u00e9signent des actions ou des \u00e9tats d\u2019\u00eatre. Les verbes hindis ont trois <a href=\"https:\/\/talkpal.ai\/zh-hans\/grammar_exercises\/temps-%e6%b3%95%e8%af%ad%e8%af%ad%e6%b3%95%e7%bb%83%e4%b9%a0\/\">temps<\/a> principaux \u2013 pass\u00e9, pr\u00e9sent et futur \u2013 et peuvent \u00eatre indicatifs ou subjonctifs. Acqu\u00e9rir une solide compr\u00e9hension des verbes hindis et de leurs conjugaisons vous permettra d\u2019exprimer des actions et des \u00e9v\u00e9nements avec pr\u00e9cision.<\/p>\n\n\n\n<h3 class=\"wp-block-heading\" id=\"h-5-tenses-indicative\">5. Temps indicatifs :<\/h3>\n\n\n\n<p>Les <a href=\"https:\/\/talkpal.ai\/zh-hans\/grammar_exercises\/temps-%e6%b3%95%e8%af%ad%e8%af%ad%e6%b3%95%e7%bb%83%e4%b9%a0\/\">temps<\/a> indicatifs en hindi expriment des faits ou des certitudes et sont utilis\u00e9s dans les conversations quotidiennes. Apprenez les r\u00e8gles et les conjugaisons des indicatifs pass\u00e9s, pr\u00e9sents et futurs pour communiquer clairement et efficacement.<\/p>\n\n\n\n<h3 class=\"wp-block-heading\" id=\"h-6-tenses-subjunctive\">6. Temps Subjonctif :<\/h3>\n\n\n\n<p>Les temps du <a href=\"https:\/\/talkpal.ai\/zh-hans\/grammar_exercises\/subjonctif-%e6%b3%95%e8%af%ad%e8%af%ad%e6%b3%95%e7%bb%83%e4%b9%a0\/\">subjonctif<\/a> en hindi repr\u00e9sentent des actions ou des \u00e9v\u00e9nements incertains, hypoth\u00e9tiques ou contraires aux faits. Ma\u00eetriser le <a href=\"https:\/\/talkpal.ai\/zh-hans\/grammar_exercises\/subjonctif-%e6%b3%95%e8%af%ad%e8%af%ad%e6%b3%95%e7%bb%83%e4%b9%a0\/\">subjonctif<\/a> vous permettra d\u2019exprimer des doutes, des possibilit\u00e9s et des souhaits.<\/p>\n\n\n\n<h3 class=\"wp-block-heading\" id=\"h-7-tense-comparison\">7. Comparaison tendue :<\/h3>\n\n\n\n<p>La comparaison de diff\u00e9rents temps en hindi vous aide \u00e0 comprendre les relations entre les actions et les \u00e9v\u00e9nements dans le temps. Entra\u00eenez-vous \u00e0 former des phrases en utilisant diff\u00e9rents temps pour d\u00e9velopper une compr\u00e9hension globale des relations temporelles.<\/p>\n\n\n\n<h3 class=\"wp-block-heading\" id=\"h-8-adverbs\">8. Adverbes :<\/h3>\n\n\n\n<p>Les adverbes modifient les verbes, les adjectifs ou d\u2019autres adverbes et fournissent des informations suppl\u00e9mentaires sur les actions ou les qualit\u00e9s. Apprenez les adverbes hindis courants et leur placement dans les phrases pour am\u00e9liorer vos capacit\u00e9s descriptives.<\/p>\n\n\n\n<h3 class=\"wp-block-heading\" id=\"h-9-prepositions\">9. Pr\u00e9positions :<\/h3>\n\n\n\n<p>Les pr\u00e9positions en hindi relient des noms, des pronoms ou des phrases \u00e0 d\u2019autres mots d\u2019une phrase. Ils indiquent des relations telles que le lieu, l\u2019heure et la direction. Familiarisez-vous avec les pr\u00e9positions hindi et leur utilisation pour cr\u00e9er des phrases plus complexes.<\/p>\n\n\n\n<h3 class=\"wp-block-heading\" id=\"h-10-articles\">10. Articles\u00a0:<\/h3>\n\n\n\n<p>L\u2019hindi n\u2019a pas d\u2019articles comme l\u2019anglais (the, a, an), mais il utilise des postpositions pour transmettre des significations similaires. Comprendre l\u2019utilisation des postpositions en hindi vous aidera \u00e0 transmettre correctement le caract\u00e8re d\u00e9fini et ind\u00e9fini dans vos phrases.<\/p>\n\n\n\n<h3 class=\"wp-block-heading\" id=\"h-11-sentence-structure\">11. Structure de la phrase :<\/h3>\n\n\n\n<p>Enfin, apprenez la structure de base de la phrase en hindi, qui suit un mod\u00e8le Sujet-Objet-Verbe (SOV). Comprendre la structure des phrases en hindi vous permettra de communiquer efficacement et avec clart\u00e9.<\/p>\n\n\n\n<p>En suivant cette s\u00e9quence de sujets de grammaire hindi, vous serez bien \u00e9quip\u00e9 pour comprendre, parler et \u00e9crire en hindi, ce qui vous permettra de vous immerger pleinement dans la riche culture et les traditions des r\u00e9gions de langue hindi.<\/p>\n<\/div><\/div>\n\r\n<section class=\"learnNavigationSection\">\r\n            \r\n        <a href=\"https:\/\/talkpal.ai\/fr\/apprendre-lhindi\/\">\r\n            <div class=\"learnNavigationWrapper\">\r\n                <div class=\"learnNavigationContent\">\r\n                    <img decoding=\"async\" src=\"https:\/\/talkpal.ai\/wp-content\/uploads\/2024\/08\/Hindi.jpg\" alt=\"Indian Flag\">\r\n                    <div>\r\n                        <h4>\u00c0 propos de l&#039;apprentissage de l&#039;hindi<\/h4>\r\n                        <p>Tout savoir sur la grammaire hindi.<\/p>\r\n                    <\/div>\r\n                <\/div>\r\n            <\/div>\r\n        <\/a>\r\n\r\n        \r\n        <a href=\"https:\/\/talkpal.ai\/fr\/grammaire-hindi\/\">\r\n            <div class=\"learnNavigationWrapper\">\r\n                <div class=\"learnNavigationContent\">\r\n                    <img decoding=\"async\" src=\"https:\/\/talkpal.ai\/wp-content\/uploads\/2024\/08\/Hindi.jpg\" alt=\"Indian Flag\">\r\n                    <div>\r\n                        <h4>Cours de grammaire hindi<\/h4>\r\n                        <p>Pratiquez la grammaire hindi.<\/p>\r\n                    <\/div>\r\n                <\/div>\r\n            <\/div>\r\n        <\/a>\r\n\r\n        \r\n        <a href=\"https:\/\/talkpal.ai\/vocabulary_language\/hindi\/\">\r\n            <div class=\"learnNavigationWrapper\">\r\n                <div class=\"learnNavigationContent\">\r\n                    <img decoding=\"async\" src=\"https:\/\/talkpal.ai\/wp-content\/uploads\/2024\/08\/Hindi.jpg\" alt=\"Indian Flag\">\r\n                    <div>\r\n                        <h4>Vocabulaire hindi<\/h4>\r\n                        <p>\u00c9largissez votre vocabulaire hindi.<\/p>\r\n                    <\/div>\r\n                <\/div>\r\n            <\/div>\r\n        <\/a>\r\n\r\n            <\/section>","protected":false},"excerpt":{"rendered":"<p>Sujets de grammaire hindi Apprendre une nouvelle langue peut \u00eatre une exp\u00e9rience exaltante mais difficile, surtout lorsqu\u2019il s\u2019agit de comprendre et de ma\u00eetriser sa grammaire. L\u2019hindi, \u00e9tant l\u2019une des langues les plus parl\u00e9es au monde, offre une exp\u00e9rience linguistique unique et riche. Alors que vous vous lancez dans votre voyage pour apprendre l\u2019hindi, il est [&hellip;]<\/p>\n","protected":false},"author":6,"featured_media":188205,"parent":0,"menu_order":0,"comment_status":"closed","ping_status":"closed","template":"LearningContentPage.php","meta":{"_acf_changed":false,"footnotes":""},"class_list":["post-73941","page","type-page","status-publish","has-post-thumbnail","hentry"],"acf":[],"yoast_head":"<!-- This site is optimized with the Yoast SEO Premium plugin v27.2 (Yoast SEO v27.2) - https:\/\/yoast.com\/product\/yoast-seo-premium-wordpress\/ -->\n<title>Exercices de grammaire hindi - Talkpal<\/title>\n<meta name=\"description\" content=\"Pratiquez la grammaire hindi facilement - essayez des exercices interactifs pour am\u00e9liorer vos comp\u00e9tences et apprendre plus rapidement avec l&#039;IA. Talkpal AI.\" \/>\n<meta name=\"robots\" content=\"index, follow, max-snippet:-1, max-image-preview:large, max-video-preview:-1\" \/>\n<link rel=\"canonical\" href=\"https:\/\/talkpal.ai\/fr\/exercices-de-grammaire-hindi\/\" \/>\n<meta property=\"og:locale\" content=\"fr_FR\" \/>\n<meta property=\"og:type\" content=\"article\" \/>\n<meta property=\"og:title\" content=\"Exercices de grammaire hindi\" \/>\n<meta property=\"og:description\" content=\"Sujets de grammaire hindi Apprendre une nouvelle langue peut \u00eatre une exp\u00e9rience exaltante mais difficile, surtout lorsqu\u2019il s\u2019agit de comprendre et de\" \/>\n<meta property=\"og:url\" content=\"https:\/\/talkpal.ai\/fr\/exercices-de-grammaire-hindi\/\" \/>\n<meta property=\"og:site_name\" content=\"Talkpal\" \/>\n<meta property=\"article:publisher\" content=\"https:\/\/www.facebook.com\/profile.php?id=100090733639311\" \/>\n<meta property=\"article:modified_time\" content=\"2025-12-17T16:18:44+00:00\" \/>\n<meta property=\"og:image\" content=\"https:\/\/talkpal.ai\/wp-content\/uploads\/2024\/02\/india.png\" \/>\n\t<meta property=\"og:image:width\" content=\"517\" \/>\n\t<meta property=\"og:image:height\" content=\"517\" \/>\n\t<meta property=\"og:image:type\" content=\"image\/png\" \/>\n<meta name=\"twitter:card\" content=\"summary_large_image\" \/>\n<meta name=\"twitter:site\" content=\"@talkpalai\" \/>\n<meta name=\"twitter:label1\" content=\"Dur\u00e9e de lecture estim\u00e9e\" \/>\n\t<meta name=\"twitter:data1\" content=\"3 minutes\" \/>\n<script type=\"application\/ld+json\" class=\"yoast-schema-graph\">{\"@context\":\"https:\/\/schema.org\",\"@graph\":[{\"@type\":\"WebPage\",\"@id\":\"https:\/\/talkpal.ai\/fr\/exercices-de-grammaire-hindi\/\",\"url\":\"https:\/\/talkpal.ai\/fr\/exercices-de-grammaire-hindi\/\",\"name\":\"Exercices de grammaire hindi - Talkpal\",\"isPartOf\":{\"@id\":\"https:\/\/talkpal.ai\/fr\/#website\"},\"primaryImageOfPage\":{\"@id\":\"https:\/\/talkpal.ai\/fr\/exercices-de-grammaire-hindi\/#primaryimage\"},\"image\":{\"@id\":\"https:\/\/talkpal.ai\/fr\/exercices-de-grammaire-hindi\/#primaryimage\"},\"thumbnailUrl\":\"https:\/\/talkpal.ai\/wp-content\/uploads\/2024\/02\/india.png\",\"datePublished\":\"2023-06-16T10:15:21+00:00\",\"dateModified\":\"2025-12-17T16:18:44+00:00\",\"description\":\"Pratiquez la grammaire hindi facilement - essayez des exercices interactifs pour am\u00e9liorer vos comp\u00e9tences et apprendre plus rapidement avec l'IA. Talkpal AI.\",\"breadcrumb\":{\"@id\":\"https:\/\/talkpal.ai\/fr\/exercices-de-grammaire-hindi\/#breadcrumb\"},\"inLanguage\":\"fr-FR\",\"potentialAction\":[{\"@type\":\"ReadAction\",\"target\":[\"https:\/\/talkpal.ai\/fr\/exercices-de-grammaire-hindi\/\"]}]},{\"@type\":\"ImageObject\",\"inLanguage\":\"fr-FR\",\"@id\":\"https:\/\/talkpal.ai\/fr\/exercices-de-grammaire-hindi\/#primaryimage\",\"url\":\"https:\/\/talkpal.ai\/wp-content\/uploads\/2024\/02\/india.png\",\"contentUrl\":\"https:\/\/talkpal.ai\/wp-content\/uploads\/2024\/02\/india.png\",\"width\":517,\"height\":517,\"caption\":\"TalkPal Indian Flag\"},{\"@type\":\"BreadcrumbList\",\"@id\":\"https:\/\/talkpal.ai\/fr\/exercices-de-grammaire-hindi\/#breadcrumb\",\"itemListElement\":[{\"@type\":\"ListItem\",\"position\":1,\"name\":\"Homepage\",\"item\":\"https:\/\/talkpal.ai\/fr\/\"},{\"@type\":\"ListItem\",\"position\":2,\"name\":\"Exercices de grammaire hindi\"}]},{\"@type\":\"WebSite\",\"@id\":\"https:\/\/talkpal.ai\/fr\/#website\",\"url\":\"https:\/\/talkpal.ai\/fr\/\",\"name\":\"Talkpal\",\"description\":\"AI Language Learning\",\"publisher\":{\"@id\":\"https:\/\/talkpal.ai\/fr\/#organization\"},\"alternateName\":\"Talkpal AI\",\"potentialAction\":[{\"@type\":\"SearchAction\",\"target\":{\"@type\":\"EntryPoint\",\"urlTemplate\":\"https:\/\/talkpal.ai\/fr\/?s={search_term_string}\"},\"query-input\":{\"@type\":\"PropertyValueSpecification\",\"valueRequired\":true,\"valueName\":\"search_term_string\"}}],\"inLanguage\":\"fr-FR\"},{\"@type\":\"Organization\",\"@id\":\"https:\/\/talkpal.ai\/fr\/#organization\",\"name\":\"Talkpal, Inc.\",\"alternateName\":\"Talkpal AI\",\"url\":\"https:\/\/talkpal.ai\/fr\/\",\"logo\":{\"@type\":\"ImageObject\",\"inLanguage\":\"fr-FR\",\"@id\":\"https:\/\/talkpal.ai\/fr\/#\/schema\/logo\/image\/\",\"url\":\"https:\/\/talkpal.ai\/wp-content\/uploads\/2024\/03\/Talkpal-Logo-Icon.png\",\"contentUrl\":\"https:\/\/talkpal.ai\/wp-content\/uploads\/2024\/03\/Talkpal-Logo-Icon.png\",\"width\":2880,\"height\":2880,\"caption\":\"Talkpal, Inc.\"},\"image\":{\"@id\":\"https:\/\/talkpal.ai\/fr\/#\/schema\/logo\/image\/\"},\"sameAs\":[\"https:\/\/www.facebook.com\/profile.php?id=100090733639311\",\"https:\/\/x.com\/talkpalai\",\"https:\/\/www.linkedin.com\/company\/talkpal\/\",\"https:\/\/www.youtube.com\/@TalkPal\/\",\"https:\/\/www.tiktok.com\/@talkpal\",\"https:\/\/www.instagram.com\/talkpal_ai\/\",\"https:\/\/www.crunchbase.com\/organization\/talkpal-9cde\",\"https:\/\/www.g2.com\/products\/talkpal-for-business\/\",\"https:\/\/www.trustpilot.com\/review\/talkpal.ai\",\"https:\/\/www.capterra.com\/p\/10006800\/TalkPal\/\"],\"description\":\"Talkpal is a language learning web and mobile education app, powered by the latest AI technologies, that provides engaging experiences to its customers in many different languages to help them improve their language skills. Users can chat about unlimited amount of topics with the app and use other modes to practice their language learning.\",\"email\":\"support@talkpal.ai\",\"legalName\":\"Talkpal, Inc.\",\"foundingDate\":\"2023-04-03\",\"duns\":\"118989042\",\"numberOfEmployees\":{\"@type\":\"QuantitativeValue\",\"minValue\":\"11\",\"maxValue\":\"50\"},\"publishingPrinciples\":\"https:\/\/talkpal.ai\/publishing-principles\/\",\"actionableFeedbackPolicy\":\"https:\/\/talkpal.ai\/actionable-feedback-policy\/\",\"correctionsPolicy\":\"https:\/\/talkpal.ai\/corrections-policy\/\",\"ethicsPolicy\":\"https:\/\/talkpal.ai\/ethics-policy\/\",\"diversityPolicy\":\"https:\/\/talkpal.ai\/diversity-policy\/\",\"diversityStaffingReport\":\"https:\/\/talkpal.ai\/diversity-policy\/\"}]}<\/script>\n<!-- \/ Yoast SEO Premium plugin. -->","yoast_head_json":{"title":"Exercices de grammaire hindi - Talkpal","description":"Pratiquez la grammaire hindi facilement - essayez des exercices interactifs pour am\u00e9liorer vos comp\u00e9tences et apprendre plus rapidement avec l'IA. Talkpal AI.","robots":{"index":"index","follow":"follow","max-snippet":"max-snippet:-1","max-image-preview":"max-image-preview:large","max-video-preview":"max-video-preview:-1"},"canonical":"https:\/\/talkpal.ai\/fr\/exercices-de-grammaire-hindi\/","og_locale":"fr_FR","og_type":"article","og_title":"Exercices de grammaire hindi","og_description":"Sujets de grammaire hindi Apprendre une nouvelle langue peut \u00eatre une exp\u00e9rience exaltante mais difficile, surtout lorsqu\u2019il s\u2019agit de comprendre et de","og_url":"https:\/\/talkpal.ai\/fr\/exercices-de-grammaire-hindi\/","og_site_name":"Talkpal","article_publisher":"https:\/\/www.facebook.com\/profile.php?id=100090733639311","article_modified_time":"2025-12-17T16:18:44+00:00","og_image":[{"width":517,"height":517,"url":"https:\/\/talkpal.ai\/wp-content\/uploads\/2024\/02\/india.png","type":"image\/png"}],"twitter_card":"summary_large_image","twitter_site":"@talkpalai","twitter_misc":{"Dur\u00e9e de lecture estim\u00e9e":"3 minutes"},"schema":{"@context":"https:\/\/schema.org","@graph":[{"@type":"WebPage","@id":"https:\/\/talkpal.ai\/fr\/exercices-de-grammaire-hindi\/","url":"https:\/\/talkpal.ai\/fr\/exercices-de-grammaire-hindi\/","name":"Exercices de grammaire hindi - Talkpal","isPartOf":{"@id":"https:\/\/talkpal.ai\/fr\/#website"},"primaryImageOfPage":{"@id":"https:\/\/talkpal.ai\/fr\/exercices-de-grammaire-hindi\/#primaryimage"},"image":{"@id":"https:\/\/talkpal.ai\/fr\/exercices-de-grammaire-hindi\/#primaryimage"},"thumbnailUrl":"https:\/\/talkpal.ai\/wp-content\/uploads\/2024\/02\/india.png","datePublished":"2023-06-16T10:15:21+00:00","dateModified":"2025-12-17T16:18:44+00:00","description":"Pratiquez la grammaire hindi facilement - essayez des exercices interactifs pour am\u00e9liorer vos comp\u00e9tences et apprendre plus rapidement avec l'IA. Talkpal AI.","breadcrumb":{"@id":"https:\/\/talkpal.ai\/fr\/exercices-de-grammaire-hindi\/#breadcrumb"},"inLanguage":"fr-FR","potentialAction":[{"@type":"ReadAction","target":["https:\/\/talkpal.ai\/fr\/exercices-de-grammaire-hindi\/"]}]},{"@type":"ImageObject","inLanguage":"fr-FR","@id":"https:\/\/talkpal.ai\/fr\/exercices-de-grammaire-hindi\/#primaryimage","url":"https:\/\/talkpal.ai\/wp-content\/uploads\/2024\/02\/india.png","contentUrl":"https:\/\/talkpal.ai\/wp-content\/uploads\/2024\/02\/india.png","width":517,"height":517,"caption":"TalkPal Indian Flag"},{"@type":"BreadcrumbList","@id":"https:\/\/talkpal.ai\/fr\/exercices-de-grammaire-hindi\/#breadcrumb","itemListElement":[{"@type":"ListItem","position":1,"name":"Homepage","item":"https:\/\/talkpal.ai\/fr\/"},{"@type":"ListItem","position":2,"name":"Exercices de grammaire hindi"}]},{"@type":"WebSite","@id":"https:\/\/talkpal.ai\/fr\/#website","url":"https:\/\/talkpal.ai\/fr\/","name":"Talkpal","description":"AI Language Learning","publisher":{"@id":"https:\/\/talkpal.ai\/fr\/#organization"},"alternateName":"Talkpal AI","potentialAction":[{"@type":"SearchAction","target":{"@type":"EntryPoint","urlTemplate":"https:\/\/talkpal.ai\/fr\/?s={search_term_string}"},"query-input":{"@type":"PropertyValueSpecification","valueRequired":true,"valueName":"search_term_string"}}],"inLanguage":"fr-FR"},{"@type":"Organization","@id":"https:\/\/talkpal.ai\/fr\/#organization","name":"Talkpal, Inc.","alternateName":"Talkpal AI","url":"https:\/\/talkpal.ai\/fr\/","logo":{"@type":"ImageObject","inLanguage":"fr-FR","@id":"https:\/\/talkpal.ai\/fr\/#\/schema\/logo\/image\/","url":"https:\/\/talkpal.ai\/wp-content\/uploads\/2024\/03\/Talkpal-Logo-Icon.png","contentUrl":"https:\/\/talkpal.ai\/wp-content\/uploads\/2024\/03\/Talkpal-Logo-Icon.png","width":2880,"height":2880,"caption":"Talkpal, Inc."},"image":{"@id":"https:\/\/talkpal.ai\/fr\/#\/schema\/logo\/image\/"},"sameAs":["https:\/\/www.facebook.com\/profile.php?id=100090733639311","https:\/\/x.com\/talkpalai","https:\/\/www.linkedin.com\/company\/talkpal\/","https:\/\/www.youtube.com\/@TalkPal\/","https:\/\/www.tiktok.com\/@talkpal","https:\/\/www.instagram.com\/talkpal_ai\/","https:\/\/www.crunchbase.com\/organization\/talkpal-9cde","https:\/\/www.g2.com\/products\/talkpal-for-business\/","https:\/\/www.trustpilot.com\/review\/talkpal.ai","https:\/\/www.capterra.com\/p\/10006800\/TalkPal\/"],"description":"Talkpal is a language learning web and mobile education app, powered by the latest AI technologies, that provides engaging experiences to its customers in many different languages to help them improve their language skills. Users can chat about unlimited amount of topics with the app and use other modes to practice their language learning.","email":"support@talkpal.ai","legalName":"Talkpal, Inc.","foundingDate":"2023-04-03","duns":"118989042","numberOfEmployees":{"@type":"QuantitativeValue","minValue":"11","maxValue":"50"},"publishingPrinciples":"https:\/\/talkpal.ai\/publishing-principles\/","actionableFeedbackPolicy":"https:\/\/talkpal.ai\/actionable-feedback-policy\/","correctionsPolicy":"https:\/\/talkpal.ai\/corrections-policy\/","ethicsPolicy":"https:\/\/talkpal.ai\/ethics-policy\/","diversityPolicy":"https:\/\/talkpal.ai\/diversity-policy\/","diversityStaffingReport":"https:\/\/talkpal.ai\/diversity-policy\/"}]}},"_links":{"self":[{"href":"https:\/\/talkpal.ai\/fr\/wp-json\/wp\/v2\/pages\/73941","targetHints":{"allow":["GET"]}}],"collection":[{"href":"https:\/\/talkpal.ai\/fr\/wp-json\/wp\/v2\/pages"}],"about":[{"href":"https:\/\/talkpal.ai\/fr\/wp-json\/wp\/v2\/types\/page"}],"author":[{"embeddable":true,"href":"https:\/\/talkpal.ai\/fr\/wp-json\/wp\/v2\/users\/6"}],"replies":[{"embeddable":true,"href":"https:\/\/talkpal.ai\/fr\/wp-json\/wp\/v2\/comments?post=73941"}],"version-history":[{"count":0,"href":"https:\/\/talkpal.ai\/fr\/wp-json\/wp\/v2\/pages\/73941\/revisions"}],"wp:featuredmedia":[{"embeddable":true,"href":"https:\/\/talkpal.ai\/fr\/wp-json\/wp\/v2\/media\/188205"}],"wp:attachment":[{"href":"https:\/\/talkpal.ai\/fr\/wp-json\/wp\/v2\/media?parent=73941"}],"curies":[{"name":"wp","href":"https:\/\/api.w.org\/{rel}","templated":true}]}}