{"id":73894,"date":"2023-05-14T14:22:39","date_gmt":"2023-05-14T14:22:39","guid":{"rendered":"http:\/\/talkpal.ai\/grammaire-ourdou\/"},"modified":"2025-12-11T16:27:03","modified_gmt":"2025-12-11T16:27:03","slug":"grammaire-ourdou","status":"publish","type":"page","link":"https:\/\/talkpal.ai\/fr\/grammaire-ourdou\/","title":{"rendered":"Grammaire ourdou"},"content":{"rendered":"\r\n\r\n\r\n<section class=\"languageChallengeSection\">\r\n    <div class=\"languageInfoWrapper\">\r\n        \r\n        <h1>Grammaire ourdou<\/h1>\r\n        <p>Vous souhaitez apprendre l&#039;ourdou ? Plongez dans la <a href=\"https:\/\/talkpal.ai\/fr\/grammar\/genre-en-grammaire-ourdou\/\">grammaire ourdou<\/a>, o\u00f9 l \u00ab \u00e9l\u00e9gance de l \u00bb \u00e9criture, les noms sexu\u00e9s et les formes verbales expressives cr\u00e9ent une langue \u00e0 la fois po\u00e9tique et pratique. Commencez d\u00e8s aujourd&#039;hui votre voyage en Urdu &#8211; la ma\u00eetrise de sa grammaire vous ouvrira de nouvelles voies de communication et vous rapprochera profond\u00e9ment des riches traditions litt\u00e9raires et culturelles de l&#039;Asie du Sud !<\/p>\r\n\r\n                            <a class=\"getStartedHidden\" href=\"https:\/\/app.talkpal.ai\/fr\/signup?lng=\">Commencer<\/a>\r\n        \r\n    <\/div>\r\n\r\n    <figure>\r\n    <img decoding=\"async\" width=\"768\" height=\"768\" src=\"https:\/\/talkpal.ai\/wp-content\/uploads\/2023\/06\/urdu-768x768.png\" class=\"languageImage no-lazy\" alt=\"Default alt text\" fetchpriority=\"high\" sizes=\"(max-width: 768px) 150px, 768px\" srcset=\"https:\/\/talkpal.ai\/wp-content\/uploads\/2023\/06\/urdu-768x768.png 768w, https:\/\/talkpal.ai\/wp-content\/uploads\/2023\/06\/urdu-300x300.png 300w\" \/>\r\n    \r\n\r\n    <\/figure>\r\n\r\n            <a class=\"getStartedVisible\" href=\"https:\/\/app.talkpal.ai\/fr\/signup?lng=\">Commencer<\/a>\r\n    \r\n<\/section>\r\n        <section class=\"grammarSection\">\r\n            <div class=\"grammarLinks\">\r\n                <a href=\"https:\/\/talkpal.ai\/fr\/language\/adjectifs-grammaire-ourdoue\/\">Adjectifs <\/a><a href=\"https:\/\/talkpal.ai\/fr\/language\/adverbes-grammaire-ourdoue\/\">Adverbes <\/a><a href=\"https:\/\/talkpal.ai\/fr\/language\/articles-grammaire-ourdoue\/\">Articles <\/a><a href=\"https:\/\/talkpal.ai\/fr\/language\/comparaison-des-temps-grammaire-ourdoue\/\">Comparaison des temps <\/a><a href=\"https:\/\/talkpal.ai\/fr\/language\/conditionnels-grammaire-ourdou\/\">Conditionnels <\/a><a href=\"https:\/\/talkpal.ai\/fr\/language\/noms-grammaire-ourdoue\/\">Noms <\/a><a href=\"https:\/\/talkpal.ai\/fr\/language\/phrases-grammaire-ourdoue\/\">Phrases <\/a><a href=\"https:\/\/talkpal.ai\/fr\/language\/prepositions-grammaire-ourdoue\/\">Pr\u00e9positions <\/a><a href=\"https:\/\/talkpal.ai\/fr\/language\/progressif-grammaire-ourdoue\/\">Progressif <\/a><a href=\"https:\/\/talkpal.ai\/fr\/language\/progressif-parfait-grammaire-ourdoue\/\">Progressif parfait <\/a><a href=\"https:\/\/talkpal.ai\/fr\/language\/pronoms-determinants-grammaire-ourdoue\/\">Pronoms\/D\u00e9terminants <\/a><a href=\"https:\/\/talkpal.ai\/fr\/language\/temps-grammaire-ourdou\/\">Temps <\/a><a href=\"https:\/\/talkpal.ai\/fr\/language\/verbes-grammaire-ourdou\/\">Verbes <\/a>            <\/div>\r\n        <\/section>\r\n    <section class=\"promotionalBanner\">\r\n    <p class=\"promotionalText\">La fa\u00e7on la plus efficace d\u2019apprendre une langue<\/p>\r\n    <a class=\"promotionalLink\" href=\"https:\/\/app.talkpal.ai\/fr\/signup?lng=\">Essayez Talkpal gratuitement<\/a>\r\n<\/section>\n<div class=\"wp-block-group pageContainerStyle\"><div class=\"wp-block-group__inner-container is-layout-constrained wp-block-group-is-layout-constrained\">\n<h2 class=\"wp-block-heading\" id=\"h-urdu-grammar-exploring-the-beauty-and-intricacies-of-the-indo-aryan-language\">Grammaire ourdou : explorer la beaut\u00e9 et les subtilit\u00e9s de la langue indo-aryenne<\/h2>\n\n\n\n<p><a href=\"https:\/\/talkpal.ai\/talkpal-discount-for-language-enthusiasts\/\">Passionn\u00e9s de langues<\/a> et apprenants curieux, \u00eates-vous pr\u00eats \u00e0 plonger dans le monde fascinant de la <a href=\"https:\/\/talkpal.ai\/fr\/grammar\/genre-en-grammaire-ourdou\/\">grammaire ourdou<\/a> ? L\u2019ourdou, une langue indo-aryenne, est la langue nationale du Pakistan et l\u2019une des langues officielles de l\u2019Inde. Avec environ 70 millions de locuteurs dans le monde, l\u2019ourdou n\u2019est pas seulement une langue riche et expressive, mais aussi un pont vers une culture et une histoire dynamiques. Dans cet article, nous allons nous pencher sur les aspects uniques de la grammaire <a href=\"https:\/\/talkpal.ai\/learn-urdu\/\">ourdou<\/a> et d\u00e9couvrir ce qui la diff\u00e9rencie des autres langues.<\/p>\n\n\n\n<h3 class=\"wp-block-heading\" id=\"h-script-and-pronunciation-the-elegant-nastaliq\">\u00c9criture et prononciation : L\u2019\u00e9l\u00e9gant Nastaliq<\/h3>\n\n\n\n<p>L\u2019\u00e9criture ourdou est bas\u00e9e sur le style persan-arabe nastaliq, qui s\u2019\u00e9crit et se lit de droite \u00e0 gauche. Compos\u00e9e de 38 lettres avec des signes diacritiques suppl\u00e9mentaires pour les voyelles et la prononciation, l\u2019\u00e9criture nastaliq est \u00e0 la fois \u00e9l\u00e9gante et fluide. L&rsquo;apprentissage de l&rsquo;\u00e9criture et la ma\u00eetrise de la prononciation des sons de l&rsquo;ourdou seront les premiers pas vers la compr\u00e9hension de la grammaire de la langue.<\/p>\n\n\n\n<h3 class=\"wp-block-heading\" id=\"h-nouns-and-pronouns-exploring-gender-number-and-case\">Noms et pronoms : exploration du genre, du nombre et du cas<\/h3>\n\n\n\n<p>Les noms ourdous sont class\u00e9s selon le genre (masculin ou f\u00e9minin), le nombre (singulier ou <a href=\"https:\/\/talkpal.ai\/ar\/grammar_exercises\/pluriel-%d8%aa%d9%85%d8%a7%d8%b1%d9%8a%d9%86-%d9%84%d9%84%d9%82%d9%88%d8%a7%d8%b9%d8%af-%d8%a7%d9%84%d9%81%d8%b1%d9%86%d8%b3%d9%8a%d8%a9\/\">pluriel<\/a>) et le cas (direct ou oblique). La langue n&rsquo;a pas d&rsquo;articles (comme \u00ab\u00a0a\u00a0\u00bb ou \u00ab\u00a0le\u00a0\u00bb) et s&rsquo;appuie sur le contexte pour donner une d\u00e9finition. Les pronoms ourdou suivent \u00e9galement les distinctions de genre, de nombre et de casse et ont diverses formes de politesse et de familiarit\u00e9.<\/p>\n\n\n\n<h3 class=\"wp-block-heading\" id=\"h-postpositions-and-cases-urdu-s-unique-approach-to-indicating-relationships\">Postpositions et cas : L&rsquo;approche unique de l&rsquo;ourdou pour indiquer les relations<\/h3>\n\n\n\n<p>Au lieu de pr\u00e9positions, l\u2019ourdou utilise des postpositions \u2013 des mots qui viennent apr\u00e8s les noms qu\u2019ils r\u00e9gissent. Cette caract\u00e9ristique distincte est visible dans toute la langue et influence consid\u00e9rablement le marquage des cas. Les deux cas de l&rsquo;urdu, direct et oblique, sont utilis\u00e9s en combinaison avec des postpositions pour indiquer les relations entre les mots.<\/p>\n\n\n\n<h3 class=\"wp-block-heading\" id=\"h-harnessing-the-power-of-verbs-tense-aspect-and-moods\">Exploiter le pouvoir des verbes : temps, aspect et humeurs<\/h3>\n\n\n\n<p>Les verbes en ourdou sont fascinants avec leur gamme vari\u00e9e de <a href=\"https:\/\/talkpal.ai\/zh-hans\/grammar_exercises\/temps-%e6%b3%95%e8%af%ad%e8%af%ad%e6%b3%95%e7%bb%83%e4%b9%a0\/\">temps<\/a> (pass\u00e9, pr\u00e9sent et futur), d\u2019aspects (perfectif, imperfectif et habituel) et de modes (indicatif, <a href=\"https:\/\/talkpal.ai\/ko\/grammar_exercises\/imperatif-%ed%94%84%eb%9e%91%ec%8a%a4-%eb%ac%b8%eb%b2%95-%ec%9a%b4%eb%8f%99\/\">imp\u00e9ratif<\/a> et subjonctif). La langue fait \u00e9galement un usage intensif des verbes auxiliaires pour former des temps compos\u00e9s, exprimant des nuances dans le temps et l\u2019ach\u00e8vement des actions.<\/p>\n\n\n\n<p>Les verbes s\u2019accordent \u00e9galement avec leurs sujets en termes de genre et de nombre, ce qui ajoute encore des couches de complexit\u00e9 et de richesse \u00e0 la grammaire ourdoue.<\/p>\n\n\n\n<h3 class=\"wp-block-heading\" id=\"h-adjectives-adverbs-and-more-adding-color-to-your-language\">Adjectifs, adverbes et plus encore : ajouter de la couleur \u00e0 votre langue<\/h3>\n\n\n\n<p>Les adjectifs ourdou suivent g\u00e9n\u00e9ralement les noms qu\u2019ils modifient et s\u2019accordent avec eux en termes de genre et de nombre. Les adjectifs peuvent \u00eatre intensifi\u00e9s \u00e0 l\u2019aide de comparatifs et de superlatifs, ce qui ajoute de la profondeur aux descriptions. Les adverbes ourdou, d\u00e9riv\u00e9s d\u2019adjectifs ou existant ind\u00e9pendamment, jouent \u00e9galement un r\u00f4le essentiel dans la langue, fournissant des informations sur le temps, la mani\u00e8re, le lieu et le degr\u00e9.<\/p>\n\n\n\n<p>La grammaire ourdou se vante d\u2019une pl\u00e9thore de conjonctions, d\u2019interjections, de particules, etc., vous aidant \u00e0 construire des phrases riches, significatives et expressives.<\/p>\n\n\n\n<h3 class=\"wp-block-heading\" id=\"h-embracing-the-world-of-urdu-grammar\">Embrasser le monde de la grammaire ourdou<\/h3>\n\n\n\n<p>La grammaire ourdou peut sembler complexe au premier abord, mais en vous plongeant dans ses subtilit\u00e9s, vous d\u00e9couvrirez que la langue regorge de beaut\u00e9 et d&rsquo;expression. L\u2019apprentissage de l\u2019ourdou am\u00e9liorera non seulement votre compr\u00e9hension de la famille des langues indo-aryennes, mais vous aidera \u00e9galement \u00e0 vous connecter \u00e0 une culture, une litt\u00e9rature et une histoire enchanteresses.<\/p>\n\n\n\n<p>Alors, pourquoi ne pas vous lancer dans l\u2019aventure passionnante de l\u2019apprentissage de la grammaire ourdou ? Avec d\u00e9vouement et curiosit\u00e9, vous pourriez bient\u00f4t vous retrouver \u00e0 converser avec des locuteurs natifs, \u00e0 \u00e9changer des id\u00e9es et des histoires dans cette langue puissante. Bon apprentissage !<\/p>\n<\/div><\/div>\n\r\n<section class=\"learnNavigationSection\">\r\n            \r\n        <a href=\"https:\/\/talkpal.ai\/fr\/apprendre-lourdou\/\">\r\n            <div class=\"learnNavigationWrapper\">\r\n                <div class=\"learnNavigationContent\">\r\n                    <img decoding=\"async\" src=\"https:\/\/talkpal.ai\/wp-content\/uploads\/2024\/08\/Urdu.jpg\" alt=\"Pakistani Flag\">\r\n                    <div>\r\n                        <h4>\u00c0 propos de l&#039;apprentissage de l&#039;urdu<\/h4>\r\n                        <p>Tout savoir sur la grammaire ourdou.<\/p>\r\n                    <\/div>\r\n                <\/div>\r\n            <\/div>\r\n        <\/a>\r\n\r\n        \r\n        <a href=\"https:\/\/talkpal.ai\/fr\/exercices-de-grammaire-ourdou\/\">\r\n            <div class=\"learnNavigationWrapper\">\r\n                <div class=\"learnNavigationContent\">\r\n                    <img decoding=\"async\" src=\"https:\/\/talkpal.ai\/wp-content\/uploads\/2024\/08\/Urdu.jpg\" alt=\"Pakistani Flag\">\r\n                    <div>\r\n                        <h4>Exercice de grammaire ourdou<\/h4>\r\n                        <p>Pratiquez la grammaire ourdoue.<\/p>\r\n                    <\/div>\r\n                <\/div>\r\n            <\/div>\r\n        <\/a>\r\n\r\n        \r\n        <a href=\"https:\/\/talkpal.ai\/vocabulary_language\/urdu\/\">\r\n            <div class=\"learnNavigationWrapper\">\r\n                <div class=\"learnNavigationContent\">\r\n                    <img decoding=\"async\" src=\"https:\/\/talkpal.ai\/wp-content\/uploads\/2024\/08\/Urdu.jpg\" alt=\"Pakistani Flag\">\r\n                    <div>\r\n                        <h4>Vocabulaire de l&#039;ourdou<\/h4>\r\n                        <p>\u00c9largissez votre vocabulaire en ourdou.<\/p>\r\n                    <\/div>\r\n                <\/div>\r\n            <\/div>\r\n        <\/a>\r\n\r\n            <\/section>","protected":false},"excerpt":{"rendered":"<p>Grammaire ourdou : explorer la beaut\u00e9 et les subtilit\u00e9s de la langue indo-aryenne Passionn\u00e9s de langues et apprenants curieux, \u00eates-vous pr\u00eats \u00e0 plonger dans le monde fascinant de la grammaire ourdou ? L\u2019ourdou, une langue indo-aryenne, est la langue nationale du Pakistan et l\u2019une des langues officielles de l\u2019Inde. Avec environ 70 millions de locuteurs [&hellip;]<\/p>\n","protected":false},"author":1,"featured_media":28764,"parent":0,"menu_order":0,"comment_status":"closed","ping_status":"closed","template":"LearningContentPage.php","meta":{"_acf_changed":false,"footnotes":""},"class_list":["post-73894","page","type-page","status-publish","has-post-thumbnail","hentry"],"acf":[],"yoast_head":"<!-- This site is optimized with the Yoast SEO Premium plugin v27.2 (Yoast SEO v27.2) - https:\/\/yoast.com\/product\/yoast-seo-premium-wordpress\/ -->\n<title>Grammaire ourdou - Talkpal<\/title>\n<meta name=\"description\" content=\"D\u00e9couvrez la beaut\u00e9 de la grammaire ourdou. Explorez ses aspects uniques, son sc\u00e9nario et la mani\u00e8re dont il est li\u00e9 \u00e0 la culture et \u00e0 l&#039;histoire.\" \/>\n<meta name=\"robots\" content=\"index, follow, max-snippet:-1, max-image-preview:large, max-video-preview:-1\" \/>\n<link rel=\"canonical\" href=\"https:\/\/talkpal.ai\/fr\/grammaire-ourdou\/\" \/>\n<meta property=\"og:locale\" content=\"fr_FR\" \/>\n<meta property=\"og:type\" content=\"article\" \/>\n<meta property=\"og:title\" content=\"Grammaire ourdou\" \/>\n<meta property=\"og:description\" content=\"Grammaire ourdou : explorer la beaut\u00e9 et les subtilit\u00e9s de la langue indo-aryenne Passionn\u00e9s de langues et apprenants curieux, \u00eates-vous pr\u00eats \u00e0 plonger\" \/>\n<meta property=\"og:url\" content=\"https:\/\/talkpal.ai\/fr\/grammaire-ourdou\/\" \/>\n<meta property=\"og:site_name\" content=\"Talkpal\" \/>\n<meta property=\"article:publisher\" content=\"https:\/\/www.facebook.com\/profile.php?id=100090733639311\" \/>\n<meta property=\"article:modified_time\" content=\"2025-12-11T16:27:03+00:00\" \/>\n<meta property=\"og:image\" content=\"https:\/\/talkpal.ai\/wp-content\/uploads\/2023\/05\/Urdu-pakistan.png\" \/>\n\t<meta property=\"og:image:width\" content=\"512\" \/>\n\t<meta property=\"og:image:height\" content=\"512\" \/>\n\t<meta property=\"og:image:type\" content=\"image\/png\" \/>\n<meta name=\"twitter:card\" content=\"summary_large_image\" \/>\n<meta name=\"twitter:site\" content=\"@talkpalai\" \/>\n<meta name=\"twitter:label1\" content=\"Dur\u00e9e de lecture estim\u00e9e\" \/>\n\t<meta name=\"twitter:data1\" content=\"3 minutes\" \/>\n<script type=\"application\/ld+json\" class=\"yoast-schema-graph\">{\"@context\":\"https:\/\/schema.org\",\"@graph\":[{\"@type\":\"WebPage\",\"@id\":\"https:\/\/talkpal.ai\/fr\/grammaire-ourdou\/\",\"url\":\"https:\/\/talkpal.ai\/fr\/grammaire-ourdou\/\",\"name\":\"Grammaire ourdou - Talkpal\",\"isPartOf\":{\"@id\":\"https:\/\/talkpal.ai\/fr\/#website\"},\"primaryImageOfPage\":{\"@id\":\"https:\/\/talkpal.ai\/fr\/grammaire-ourdou\/#primaryimage\"},\"image\":{\"@id\":\"https:\/\/talkpal.ai\/fr\/grammaire-ourdou\/#primaryimage\"},\"thumbnailUrl\":\"https:\/\/talkpal.ai\/wp-content\/uploads\/2023\/05\/Urdu-pakistan.png\",\"datePublished\":\"2023-05-14T14:22:39+00:00\",\"dateModified\":\"2025-12-11T16:27:03+00:00\",\"description\":\"D\u00e9couvrez la beaut\u00e9 de la grammaire ourdou. Explorez ses aspects uniques, son sc\u00e9nario et la mani\u00e8re dont il est li\u00e9 \u00e0 la culture et \u00e0 l'histoire.\",\"breadcrumb\":{\"@id\":\"https:\/\/talkpal.ai\/fr\/grammaire-ourdou\/#breadcrumb\"},\"inLanguage\":\"fr-FR\",\"potentialAction\":[{\"@type\":\"ReadAction\",\"target\":[\"https:\/\/talkpal.ai\/fr\/grammaire-ourdou\/\"]}]},{\"@type\":\"ImageObject\",\"inLanguage\":\"fr-FR\",\"@id\":\"https:\/\/talkpal.ai\/fr\/grammaire-ourdou\/#primaryimage\",\"url\":\"https:\/\/talkpal.ai\/wp-content\/uploads\/2023\/05\/Urdu-pakistan.png\",\"contentUrl\":\"https:\/\/talkpal.ai\/wp-content\/uploads\/2023\/05\/Urdu-pakistan.png\",\"width\":512,\"height\":512},{\"@type\":\"BreadcrumbList\",\"@id\":\"https:\/\/talkpal.ai\/fr\/grammaire-ourdou\/#breadcrumb\",\"itemListElement\":[{\"@type\":\"ListItem\",\"position\":1,\"name\":\"Homepage\",\"item\":\"https:\/\/talkpal.ai\/fr\/\"},{\"@type\":\"ListItem\",\"position\":2,\"name\":\"Grammaire ourdou\"}]},{\"@type\":\"WebSite\",\"@id\":\"https:\/\/talkpal.ai\/fr\/#website\",\"url\":\"https:\/\/talkpal.ai\/fr\/\",\"name\":\"Talkpal\",\"description\":\"AI Language Learning\",\"publisher\":{\"@id\":\"https:\/\/talkpal.ai\/fr\/#organization\"},\"alternateName\":\"Talkpal AI\",\"potentialAction\":[{\"@type\":\"SearchAction\",\"target\":{\"@type\":\"EntryPoint\",\"urlTemplate\":\"https:\/\/talkpal.ai\/fr\/?s={search_term_string}\"},\"query-input\":{\"@type\":\"PropertyValueSpecification\",\"valueRequired\":true,\"valueName\":\"search_term_string\"}}],\"inLanguage\":\"fr-FR\"},{\"@type\":\"Organization\",\"@id\":\"https:\/\/talkpal.ai\/fr\/#organization\",\"name\":\"Talkpal, Inc.\",\"alternateName\":\"Talkpal AI\",\"url\":\"https:\/\/talkpal.ai\/fr\/\",\"logo\":{\"@type\":\"ImageObject\",\"inLanguage\":\"fr-FR\",\"@id\":\"https:\/\/talkpal.ai\/fr\/#\/schema\/logo\/image\/\",\"url\":\"https:\/\/talkpal.ai\/wp-content\/uploads\/2024\/03\/Talkpal-Logo-Icon.png\",\"contentUrl\":\"https:\/\/talkpal.ai\/wp-content\/uploads\/2024\/03\/Talkpal-Logo-Icon.png\",\"width\":2880,\"height\":2880,\"caption\":\"Talkpal, Inc.\"},\"image\":{\"@id\":\"https:\/\/talkpal.ai\/fr\/#\/schema\/logo\/image\/\"},\"sameAs\":[\"https:\/\/www.facebook.com\/profile.php?id=100090733639311\",\"https:\/\/x.com\/talkpalai\",\"https:\/\/www.linkedin.com\/company\/talkpal\/\",\"https:\/\/www.youtube.com\/@TalkPal\/\",\"https:\/\/www.tiktok.com\/@talkpal\",\"https:\/\/www.instagram.com\/talkpal_ai\/\",\"https:\/\/www.crunchbase.com\/organization\/talkpal-9cde\",\"https:\/\/www.g2.com\/products\/talkpal-for-business\/\",\"https:\/\/www.trustpilot.com\/review\/talkpal.ai\",\"https:\/\/www.capterra.com\/p\/10006800\/TalkPal\/\"],\"description\":\"Talkpal is a language learning web and mobile education app, powered by the latest AI technologies, that provides engaging experiences to its customers in many different languages to help them improve their language skills. Users can chat about unlimited amount of topics with the app and use other modes to practice their language learning.\",\"email\":\"support@talkpal.ai\",\"legalName\":\"Talkpal, Inc.\",\"foundingDate\":\"2023-04-03\",\"duns\":\"118989042\",\"numberOfEmployees\":{\"@type\":\"QuantitativeValue\",\"minValue\":\"11\",\"maxValue\":\"50\"},\"publishingPrinciples\":\"https:\/\/talkpal.ai\/publishing-principles\/\",\"actionableFeedbackPolicy\":\"https:\/\/talkpal.ai\/actionable-feedback-policy\/\",\"correctionsPolicy\":\"https:\/\/talkpal.ai\/corrections-policy\/\",\"ethicsPolicy\":\"https:\/\/talkpal.ai\/ethics-policy\/\",\"diversityPolicy\":\"https:\/\/talkpal.ai\/diversity-policy\/\",\"diversityStaffingReport\":\"https:\/\/talkpal.ai\/diversity-policy\/\"}]}<\/script>\n<!-- \/ Yoast SEO Premium plugin. -->","yoast_head_json":{"title":"Grammaire ourdou - Talkpal","description":"D\u00e9couvrez la beaut\u00e9 de la grammaire ourdou. Explorez ses aspects uniques, son sc\u00e9nario et la mani\u00e8re dont il est li\u00e9 \u00e0 la culture et \u00e0 l'histoire.","robots":{"index":"index","follow":"follow","max-snippet":"max-snippet:-1","max-image-preview":"max-image-preview:large","max-video-preview":"max-video-preview:-1"},"canonical":"https:\/\/talkpal.ai\/fr\/grammaire-ourdou\/","og_locale":"fr_FR","og_type":"article","og_title":"Grammaire ourdou","og_description":"Grammaire ourdou : explorer la beaut\u00e9 et les subtilit\u00e9s de la langue indo-aryenne Passionn\u00e9s de langues et apprenants curieux, \u00eates-vous pr\u00eats \u00e0 plonger","og_url":"https:\/\/talkpal.ai\/fr\/grammaire-ourdou\/","og_site_name":"Talkpal","article_publisher":"https:\/\/www.facebook.com\/profile.php?id=100090733639311","article_modified_time":"2025-12-11T16:27:03+00:00","og_image":[{"width":512,"height":512,"url":"https:\/\/talkpal.ai\/wp-content\/uploads\/2023\/05\/Urdu-pakistan.png","type":"image\/png"}],"twitter_card":"summary_large_image","twitter_site":"@talkpalai","twitter_misc":{"Dur\u00e9e de lecture estim\u00e9e":"3 minutes"},"schema":{"@context":"https:\/\/schema.org","@graph":[{"@type":"WebPage","@id":"https:\/\/talkpal.ai\/fr\/grammaire-ourdou\/","url":"https:\/\/talkpal.ai\/fr\/grammaire-ourdou\/","name":"Grammaire ourdou - Talkpal","isPartOf":{"@id":"https:\/\/talkpal.ai\/fr\/#website"},"primaryImageOfPage":{"@id":"https:\/\/talkpal.ai\/fr\/grammaire-ourdou\/#primaryimage"},"image":{"@id":"https:\/\/talkpal.ai\/fr\/grammaire-ourdou\/#primaryimage"},"thumbnailUrl":"https:\/\/talkpal.ai\/wp-content\/uploads\/2023\/05\/Urdu-pakistan.png","datePublished":"2023-05-14T14:22:39+00:00","dateModified":"2025-12-11T16:27:03+00:00","description":"D\u00e9couvrez la beaut\u00e9 de la grammaire ourdou. Explorez ses aspects uniques, son sc\u00e9nario et la mani\u00e8re dont il est li\u00e9 \u00e0 la culture et \u00e0 l'histoire.","breadcrumb":{"@id":"https:\/\/talkpal.ai\/fr\/grammaire-ourdou\/#breadcrumb"},"inLanguage":"fr-FR","potentialAction":[{"@type":"ReadAction","target":["https:\/\/talkpal.ai\/fr\/grammaire-ourdou\/"]}]},{"@type":"ImageObject","inLanguage":"fr-FR","@id":"https:\/\/talkpal.ai\/fr\/grammaire-ourdou\/#primaryimage","url":"https:\/\/talkpal.ai\/wp-content\/uploads\/2023\/05\/Urdu-pakistan.png","contentUrl":"https:\/\/talkpal.ai\/wp-content\/uploads\/2023\/05\/Urdu-pakistan.png","width":512,"height":512},{"@type":"BreadcrumbList","@id":"https:\/\/talkpal.ai\/fr\/grammaire-ourdou\/#breadcrumb","itemListElement":[{"@type":"ListItem","position":1,"name":"Homepage","item":"https:\/\/talkpal.ai\/fr\/"},{"@type":"ListItem","position":2,"name":"Grammaire ourdou"}]},{"@type":"WebSite","@id":"https:\/\/talkpal.ai\/fr\/#website","url":"https:\/\/talkpal.ai\/fr\/","name":"Talkpal","description":"AI Language Learning","publisher":{"@id":"https:\/\/talkpal.ai\/fr\/#organization"},"alternateName":"Talkpal AI","potentialAction":[{"@type":"SearchAction","target":{"@type":"EntryPoint","urlTemplate":"https:\/\/talkpal.ai\/fr\/?s={search_term_string}"},"query-input":{"@type":"PropertyValueSpecification","valueRequired":true,"valueName":"search_term_string"}}],"inLanguage":"fr-FR"},{"@type":"Organization","@id":"https:\/\/talkpal.ai\/fr\/#organization","name":"Talkpal, Inc.","alternateName":"Talkpal AI","url":"https:\/\/talkpal.ai\/fr\/","logo":{"@type":"ImageObject","inLanguage":"fr-FR","@id":"https:\/\/talkpal.ai\/fr\/#\/schema\/logo\/image\/","url":"https:\/\/talkpal.ai\/wp-content\/uploads\/2024\/03\/Talkpal-Logo-Icon.png","contentUrl":"https:\/\/talkpal.ai\/wp-content\/uploads\/2024\/03\/Talkpal-Logo-Icon.png","width":2880,"height":2880,"caption":"Talkpal, Inc."},"image":{"@id":"https:\/\/talkpal.ai\/fr\/#\/schema\/logo\/image\/"},"sameAs":["https:\/\/www.facebook.com\/profile.php?id=100090733639311","https:\/\/x.com\/talkpalai","https:\/\/www.linkedin.com\/company\/talkpal\/","https:\/\/www.youtube.com\/@TalkPal\/","https:\/\/www.tiktok.com\/@talkpal","https:\/\/www.instagram.com\/talkpal_ai\/","https:\/\/www.crunchbase.com\/organization\/talkpal-9cde","https:\/\/www.g2.com\/products\/talkpal-for-business\/","https:\/\/www.trustpilot.com\/review\/talkpal.ai","https:\/\/www.capterra.com\/p\/10006800\/TalkPal\/"],"description":"Talkpal is a language learning web and mobile education app, powered by the latest AI technologies, that provides engaging experiences to its customers in many different languages to help them improve their language skills. Users can chat about unlimited amount of topics with the app and use other modes to practice their language learning.","email":"support@talkpal.ai","legalName":"Talkpal, Inc.","foundingDate":"2023-04-03","duns":"118989042","numberOfEmployees":{"@type":"QuantitativeValue","minValue":"11","maxValue":"50"},"publishingPrinciples":"https:\/\/talkpal.ai\/publishing-principles\/","actionableFeedbackPolicy":"https:\/\/talkpal.ai\/actionable-feedback-policy\/","correctionsPolicy":"https:\/\/talkpal.ai\/corrections-policy\/","ethicsPolicy":"https:\/\/talkpal.ai\/ethics-policy\/","diversityPolicy":"https:\/\/talkpal.ai\/diversity-policy\/","diversityStaffingReport":"https:\/\/talkpal.ai\/diversity-policy\/"}]}},"_links":{"self":[{"href":"https:\/\/talkpal.ai\/fr\/wp-json\/wp\/v2\/pages\/73894","targetHints":{"allow":["GET"]}}],"collection":[{"href":"https:\/\/talkpal.ai\/fr\/wp-json\/wp\/v2\/pages"}],"about":[{"href":"https:\/\/talkpal.ai\/fr\/wp-json\/wp\/v2\/types\/page"}],"author":[{"embeddable":true,"href":"https:\/\/talkpal.ai\/fr\/wp-json\/wp\/v2\/users\/1"}],"replies":[{"embeddable":true,"href":"https:\/\/talkpal.ai\/fr\/wp-json\/wp\/v2\/comments?post=73894"}],"version-history":[{"count":0,"href":"https:\/\/talkpal.ai\/fr\/wp-json\/wp\/v2\/pages\/73894\/revisions"}],"wp:featuredmedia":[{"embeddable":true,"href":"https:\/\/talkpal.ai\/fr\/wp-json\/wp\/v2\/media\/28764"}],"wp:attachment":[{"href":"https:\/\/talkpal.ai\/fr\/wp-json\/wp\/v2\/media?parent=73894"}],"curies":[{"name":"wp","href":"https:\/\/api.w.org\/{rel}","templated":true}]}}