{"id":73839,"date":"2023-05-14T14:20:10","date_gmt":"2023-05-14T14:20:10","guid":{"rendered":"http:\/\/talkpal.ai\/grammaire-slovene\/"},"modified":"2025-12-12T11:15:36","modified_gmt":"2025-12-12T11:15:36","slug":"grammaire-slovene","status":"publish","type":"page","link":"https:\/\/talkpal.ai\/fr\/grammaire-slovene\/","title":{"rendered":"Grammaire slov\u00e8ne"},"content":{"rendered":"\r\n\r\n\r\n<section class=\"languageChallengeSection\">\r\n    <div class=\"languageInfoWrapper\">\r\n        \r\n        <h1>Grammaire slov\u00e8ne<\/h1>\r\n        <p>D\u00e9couvrez le charme particulier de la langue <a href=\"https:\/\/talkpal.ai\/learn-slovenian\/\">slov\u00e8ne<\/a> en ma\u00eetrisant ses r\u00e8gles de grammaire essentielles. Avec une solide ma\u00eetrise de la <a href=\"https:\/\/talkpal.ai\/es\/gramatica-eslovena\/\">grammaire slov\u00e8ne<\/a>, vous serez en mesure de communiquer avec des locuteurs natifs et de mieux appr\u00e9cier le riche patrimoine culturel du pays. Commencez \u00e0 apprendre la <a href=\"https:\/\/talkpal.ai\/es\/gramatica-eslovena\/\">grammaire slov\u00e8ne<\/a> d\u00e8s aujourd&#039;hui et faites un premier pas vers la ma\u00eetrise de la langue !<\/p>\r\n\r\n                            <a class=\"getStartedHidden\" href=\"https:\/\/app.talkpal.ai\/fr\/signup?lng=\">Commencer<\/a>\r\n        \r\n    <\/div>\r\n\r\n    <figure>\r\n    <img decoding=\"async\" width=\"768\" height=\"768\" src=\"https:\/\/talkpal.ai\/wp-content\/uploads\/2023\/06\/slovenian-768x768.png\" class=\"languageImage no-lazy\" alt=\"Default alt text\" fetchpriority=\"high\" sizes=\"(max-width: 768px) 150px, 768px\" srcset=\"https:\/\/talkpal.ai\/wp-content\/uploads\/2023\/06\/slovenian-768x768.png 768w, https:\/\/talkpal.ai\/wp-content\/uploads\/2023\/06\/slovenian-300x300.png 300w\" \/>\r\n    \r\n\r\n    <\/figure>\r\n\r\n            <a class=\"getStartedVisible\" href=\"https:\/\/app.talkpal.ai\/fr\/signup?lng=\">Commencer<\/a>\r\n    \r\n<\/section>\r\n        <section class=\"grammarSection\">\r\n            <div class=\"grammarLinks\">\r\n                <a href=\"https:\/\/talkpal.ai\/fr\/language\/adjectifs-grammaire-slovene\/\">Adjectifs <\/a><a href=\"https:\/\/talkpal.ai\/fr\/language\/adverbes-grammaire-slovene\/\">Adverbes <\/a><a href=\"https:\/\/talkpal.ai\/fr\/language\/articles-grammaire-slovene\/\">Articles <\/a><a href=\"https:\/\/talkpal.ai\/fr\/language\/comparaison-des-temps-grammaire-slovene\/\">Comparaison des temps <\/a><a href=\"https:\/\/talkpal.ai\/fr\/language\/conditionnels-grammaire-slovene\/\">Conditionnels <\/a><a href=\"https:\/\/talkpal.ai\/fr\/language\/grammaire-slovene-progressive\/\">Grammaire slov\u00e8ne progressive<\/a><a href=\"https:\/\/talkpal.ai\/fr\/language\/noms-grammaire-slovene\/\">Noms <\/a><a href=\"https:\/\/talkpal.ai\/fr\/language\/phrases-grammaire-slovene\/\">Phrases <\/a><a href=\"https:\/\/talkpal.ai\/fr\/language\/prepositions-grammaire-slovene\/\">Pr\u00e9positions <\/a><a href=\"https:\/\/talkpal.ai\/fr\/language\/progressif-parfait-grammaire-slovene\/\">Progressif parfait <\/a><a href=\"https:\/\/talkpal.ai\/fr\/language\/pronoms-determinants-grammaire-slovene\/\">Pronoms\/D\u00e9terminants <\/a><a href=\"https:\/\/talkpal.ai\/fr\/language\/temps-grammaire-slovene\/\">Temps <\/a><a href=\"https:\/\/talkpal.ai\/fr\/language\/verbes-grammaire-slovene\/\">Verbes <\/a>            <\/div>\r\n        <\/section>\r\n    <section class=\"promotionalBanner\">\r\n    <p class=\"promotionalText\">La fa\u00e7on la plus efficace d\u2019apprendre une langue<\/p>\r\n    <a class=\"promotionalLink\" href=\"https:\/\/app.talkpal.ai\/fr\/signup?lng=\">Essayez Talkpal gratuitement<\/a>\r\n<\/section>\n<div class=\"wp-block-group pageContainerStyle\"><div class=\"wp-block-group__inner-container is-layout-constrained wp-block-group-is-layout-constrained\">\n<h1 class=\"wp-block-heading\" id=\"h-slovenian-grammar-a-short-introduction-for-language-lovers\">Grammaire slov\u00e8ne : une br\u00e8ve introduction pour les amoureux des langues<\/h1>\n\n\n\n<p>\u00cates-vous pr\u00eat \u00e0 plonger dans le monde enchanteur du slov\u00e8ne, une langue slave \u00e9tonnante ? Vous allez vous r\u00e9galer ! Ce petit guide vous donnera un aper\u00e7u de la grammaire slov\u00e8ne, essentielle pour comprendre et ma\u00eetriser cette langue captivante. Embarquons donc dans cette aventure linguistique et explorons pas \u00e0 pas les subtilit\u00e9s de la grammaire slov\u00e8ne.<\/p>\n\n\n\n<p>Le slov\u00e8ne, \u00e9galement connu sous le nom de slov\u00e8ne, est principalement parl\u00e9 en Slov\u00e9nie par environ 2,5 millions de personnes. En tant que langue slave m\u00e9ridionale, il partage plusieurs caract\u00e9ristiques avec ses proches parents, tels que le <a href=\"https:\/\/talkpal.ai\/learn-serbian\/\">serbe<\/a>, le <a href=\"https:\/\/talkpal.ai\/learn-croatian\/\">croate<\/a> et le <a href=\"https:\/\/talkpal.ai\/learn-bulgarian\/\">bulgare<\/a>. Cependant, le slov\u00e8ne poss\u00e8de ses rebondissements et son flair uniques.<\/p>\n\n\n\n<p>Sans plus attendre, examinons les principaux aspects de la grammaire slov\u00e8ne :<\/p>\n\n\n\n<h3 class=\"wp-block-heading\" id=\"h-1-nouns-and-cases\">1. Noms et cas :<\/h3>\n\n\n\n<p>Les noms slov\u00e8nes se d\u00e9clinent en trois genres : masculin, f\u00e9minin et neutre. Chaque nom peut \u00eatre utilis\u00e9 dans l\u2019un des six cas slov\u00e8nes : nominatif, g\u00e9nitif, datif, accusatif, locatif et instrumental. Ces cas expriment des fonctions grammaticales diff\u00e9rentes ou des relations entre les mots. Il est donc essentiel d&rsquo;apprendre \u00e0 les utiliser correctement dans leur contexte.<\/p>\n\n\n\n<h3 class=\"wp-block-heading\" id=\"h-2-articles\">2. Articles:<\/h3>\n\n\n\n<p>Bonne nouvelle : le slov\u00e8ne n&rsquo;utilise pas d&rsquo;articles comme \u00ab\u00a0the\u00a0\u00bb ou \u00ab\u00a0a\u00a0\u00bb ! Au lieu de cela, le <a href=\"https:\/\/talkpal.ai\/locations\/language-courses-in-sens\/\">sens<\/a> est transmis par l\u2019utilisation de cas et l\u2019ordre des mots. Cela peut faciliter votre apprentissage du slov\u00e8ne, surtout si vous n&rsquo;avez pas l&rsquo;habitude des langues avec des syst\u00e8mes d&rsquo;articles complexes.<\/p>\n\n\n\n<h3 class=\"wp-block-heading\" id=\"h-3-adjectives\">3. Adjectifs :<\/h3>\n\n\n\n<p>Tout comme les noms, les adjectifs en slov\u00e8ne s\u2019accordent en genre, en nombre et en cas avec le nom qu\u2019ils modifient. L&rsquo;utilisation des adjectifs est donc un peu plus compliqu\u00e9e qu&rsquo;en <a href=\"https:\/\/talkpal.ai\/learn-english-with-ai\/\">anglais<\/a>, mais n&rsquo;ayez crainte : avec de l&rsquo;entra\u00eenement, vous ma\u00eetriserez les adjectifs slov\u00e8nes en un rien de <a href=\"https:\/\/talkpal.ai\/zh-hans\/grammar_exercises\/temps-%e6%b3%95%e8%af%ad%e8%af%ad%e6%b3%95%e7%bb%83%e4%b9%a0\/\">temps<\/a> !<\/p>\n\n\n\n<h3 class=\"wp-block-heading\" id=\"h-4-verbs\">4. Verbes :<\/h3>\n\n\n\n<p>La langue slov\u00e8ne poss\u00e8de un syst\u00e8me de verbes \u00e0 trois niveaux : trois groupes de conjugaison en fonction du radical du verbe se terminant \u00e0 l&rsquo;infinitif. Les verbes slov\u00e8nes ont \u00e9galement diff\u00e9rents temps et modes, y compris la forme duale unique, qui est utilis\u00e9e pour d\u00e9signer deux sujets ou objets. Pr\u00e9parez-vous \u00e0 passer du temps \u00e0 apprendre et \u00e0 pratiquer la conjugaison des verbes slov\u00e8nes pour gagner en confiance dans vos comp\u00e9tences linguistiques.<\/p>\n\n\n\n<h3 class=\"wp-block-heading\" id=\"h-5-word-order\">5. Ordre des mots :<\/h3>\n\n\n\n<p>Le slov\u00e8ne suit g\u00e9n\u00e9ralement un ordre de mots sujet-verbe-objet (SVO), qui devrait \u00eatre familier aux anglophones. Cependant, la langue b\u00e9n\u00e9ficie d\u2019un certain degr\u00e9 de flexibilit\u00e9, ce qui vous permet de mettre l\u2019accent sur des parties sp\u00e9cifiques de la phrase en changeant l\u2019ordre des mots. Il est essentiel d&rsquo;utiliser les cas correctement afin d&rsquo;\u00e9viter toute confusion et de transmettre le sens voulu.<\/p>\n\n\n\n<h3 class=\"wp-block-heading\" id=\"h-6-pronouns-and-prepositions\">6. Pronoms et pr\u00e9positions :<\/h3>\n\n\n\n<p>Les pronoms slov\u00e8nes, comme d\u2019autres \u00e9l\u00e9ments de la langue, sont affect\u00e9s par le genre, le nombre et le cas. Ils se pr\u00e9sentent sous diverses formes, telles que personnelles, possessives, d\u00e9monstratives et r\u00e9flexives. Se familiariser avec les pr\u00e9positions slov\u00e8nes vous aidera \u00e9galement \u00e0 relier des mots et des phrases pour cr\u00e9er des phrases plus complexes.<\/p>\n\n\n\n<p>Vous avez maintenant une connaissance de base de la grammaire slov\u00e8ne ! Gardez \u00e0 l\u2019esprit que devenir comp\u00e9tent dans n\u2019importe quelle langue n\u00e9cessite du d\u00e9vouement et de la pratique. Relevez les d\u00e9fis et n&rsquo;h\u00e9sitez pas \u00e0 apprendre de vos erreurs. N\u2019oubliez pas que l\u2019apprentissage d\u2019une nouvelle langue est un voyage passionnant rempli d\u2019exp\u00e9riences m\u00e9morables et de d\u00e9couvertes enrichissantes. Sre\u010dno\u00a0!<\/p>\n<\/div><\/div>\n\r\n<section class=\"learnNavigationSection\">\r\n            \r\n        <a href=\"https:\/\/talkpal.ai\/fr\/apprendre-le-slovene\/\">\r\n            <div class=\"learnNavigationWrapper\">\r\n                <div class=\"learnNavigationContent\">\r\n                    <img decoding=\"async\" src=\"https:\/\/talkpal.ai\/wp-content\/uploads\/2024\/08\/Slovenian.jpg\" alt=\"Slovenian Flag\">\r\n                    <div>\r\n                        <h4>\u00c0 propos de l&#039;apprentissage slov\u00e8ne<\/h4>\r\n                        <p>D\u00e9couvrez la grammaire slov\u00e8ne.<\/p>\r\n                    <\/div>\r\n                <\/div>\r\n            <\/div>\r\n        <\/a>\r\n\r\n        \r\n        <a href=\"https:\/\/talkpal.ai\/fr\/exercices-de-grammaire-slovene\/\">\r\n            <div class=\"learnNavigationWrapper\">\r\n                <div class=\"learnNavigationContent\">\r\n                    <img decoding=\"async\" src=\"https:\/\/talkpal.ai\/wp-content\/uploads\/2024\/08\/Slovenian.jpg\" alt=\"Slovenian Flag\">\r\n                    <div>\r\n                        <h4>Exercice de grammaire slov\u00e8ne<\/h4>\r\n                        <p>Pratiquez la grammaire slov\u00e8ne .<\/p>\r\n                    <\/div>\r\n                <\/div>\r\n            <\/div>\r\n        <\/a>\r\n\r\n        \r\n        <a href=\"https:\/\/talkpal.ai\/vocabulary_language\/slovenian\/\">\r\n            <div class=\"learnNavigationWrapper\">\r\n                <div class=\"learnNavigationContent\">\r\n                    <img decoding=\"async\" src=\"https:\/\/talkpal.ai\/wp-content\/uploads\/2024\/08\/Slovenian.jpg\" alt=\"Slovenian Flag\">\r\n                    <div>\r\n                        <h4>Vocabulaire slov\u00e8ne<\/h4>\r\n                        <p>\u00c9largissez votre vocabulaire slov\u00e8ne.<\/p>\r\n                    <\/div>\r\n                <\/div>\r\n            <\/div>\r\n        <\/a>\r\n\r\n            <\/section>","protected":false},"excerpt":{"rendered":"<p>Grammaire slov\u00e8ne : une br\u00e8ve introduction pour les amoureux des langues \u00cates-vous pr\u00eat \u00e0 plonger dans le monde enchanteur du slov\u00e8ne, une langue slave \u00e9tonnante ? Vous allez vous r\u00e9galer ! Ce petit guide vous donnera un aper\u00e7u de la grammaire slov\u00e8ne, essentielle pour comprendre et ma\u00eetriser cette langue captivante. Embarquons donc dans cette aventure [&hellip;]<\/p>\n","protected":false},"author":1,"featured_media":28652,"parent":0,"menu_order":0,"comment_status":"closed","ping_status":"closed","template":"LearningContentPage.php","meta":{"_acf_changed":false,"footnotes":""},"class_list":["post-73839","page","type-page","status-publish","has-post-thumbnail","hentry"],"acf":[],"yoast_head":"<!-- This site is optimized with the Yoast SEO Premium plugin v27.2 (Yoast SEO v27.2) - https:\/\/yoast.com\/product\/yoast-seo-premium-wordpress\/ -->\n<title>Grammaire slov\u00e8ne - Talkpal<\/title>\n<meta name=\"description\" content=\"Explorez les subtilit\u00e9s de la grammaire slov\u00e8ne pour am\u00e9liorer vos comp\u00e9tences linguistiques et votre compr\u00e9hension. Ma\u00eetrisez l&#039;art de la grammaire d\u00e8s aujourd&#039;hui.\" \/>\n<meta name=\"robots\" content=\"index, follow, max-snippet:-1, max-image-preview:large, max-video-preview:-1\" \/>\n<link rel=\"canonical\" href=\"https:\/\/talkpal.ai\/fr\/grammaire-slovene\/\" \/>\n<meta property=\"og:locale\" content=\"fr_FR\" \/>\n<meta property=\"og:type\" content=\"article\" \/>\n<meta property=\"og:title\" content=\"Grammaire slov\u00e8ne\" \/>\n<meta property=\"og:description\" content=\"Grammaire slov\u00e8ne : une br\u00e8ve introduction pour les amoureux des langues \u00cates-vous pr\u00eat \u00e0 plonger dans le monde enchanteur du slov\u00e8ne, une langue slave\" \/>\n<meta property=\"og:url\" content=\"https:\/\/talkpal.ai\/fr\/grammaire-slovene\/\" \/>\n<meta property=\"og:site_name\" content=\"Talkpal\" \/>\n<meta property=\"article:publisher\" content=\"https:\/\/www.facebook.com\/profile.php?id=100090733639311\" \/>\n<meta property=\"article:modified_time\" content=\"2025-12-12T11:15:36+00:00\" \/>\n<meta property=\"og:image\" content=\"https:\/\/talkpal.ai\/wp-content\/uploads\/2023\/05\/slovenia.png\" \/>\n\t<meta property=\"og:image:width\" content=\"512\" \/>\n\t<meta property=\"og:image:height\" content=\"512\" \/>\n\t<meta property=\"og:image:type\" content=\"image\/png\" \/>\n<meta name=\"twitter:card\" content=\"summary_large_image\" \/>\n<meta name=\"twitter:site\" content=\"@talkpalai\" \/>\n<meta name=\"twitter:label1\" content=\"Dur\u00e9e de lecture estim\u00e9e\" \/>\n\t<meta name=\"twitter:data1\" content=\"3 minutes\" \/>\n<script type=\"application\/ld+json\" class=\"yoast-schema-graph\">{\"@context\":\"https:\/\/schema.org\",\"@graph\":[{\"@type\":\"WebPage\",\"@id\":\"https:\/\/talkpal.ai\/fr\/grammaire-slovene\/\",\"url\":\"https:\/\/talkpal.ai\/fr\/grammaire-slovene\/\",\"name\":\"Grammaire slov\u00e8ne - Talkpal\",\"isPartOf\":{\"@id\":\"https:\/\/talkpal.ai\/fr\/#website\"},\"primaryImageOfPage\":{\"@id\":\"https:\/\/talkpal.ai\/fr\/grammaire-slovene\/#primaryimage\"},\"image\":{\"@id\":\"https:\/\/talkpal.ai\/fr\/grammaire-slovene\/#primaryimage\"},\"thumbnailUrl\":\"https:\/\/talkpal.ai\/wp-content\/uploads\/2023\/05\/slovenia.png\",\"datePublished\":\"2023-05-14T14:20:10+00:00\",\"dateModified\":\"2025-12-12T11:15:36+00:00\",\"description\":\"Explorez les subtilit\u00e9s de la grammaire slov\u00e8ne pour am\u00e9liorer vos comp\u00e9tences linguistiques et votre compr\u00e9hension. Ma\u00eetrisez l'art de la grammaire d\u00e8s aujourd'hui.\",\"breadcrumb\":{\"@id\":\"https:\/\/talkpal.ai\/fr\/grammaire-slovene\/#breadcrumb\"},\"inLanguage\":\"fr-FR\",\"potentialAction\":[{\"@type\":\"ReadAction\",\"target\":[\"https:\/\/talkpal.ai\/fr\/grammaire-slovene\/\"]}]},{\"@type\":\"ImageObject\",\"inLanguage\":\"fr-FR\",\"@id\":\"https:\/\/talkpal.ai\/fr\/grammaire-slovene\/#primaryimage\",\"url\":\"https:\/\/talkpal.ai\/wp-content\/uploads\/2023\/05\/slovenia.png\",\"contentUrl\":\"https:\/\/talkpal.ai\/wp-content\/uploads\/2023\/05\/slovenia.png\",\"width\":512,\"height\":512},{\"@type\":\"BreadcrumbList\",\"@id\":\"https:\/\/talkpal.ai\/fr\/grammaire-slovene\/#breadcrumb\",\"itemListElement\":[{\"@type\":\"ListItem\",\"position\":1,\"name\":\"Homepage\",\"item\":\"https:\/\/talkpal.ai\/fr\/\"},{\"@type\":\"ListItem\",\"position\":2,\"name\":\"Grammaire slov\u00e8ne\"}]},{\"@type\":\"WebSite\",\"@id\":\"https:\/\/talkpal.ai\/fr\/#website\",\"url\":\"https:\/\/talkpal.ai\/fr\/\",\"name\":\"Talkpal\",\"description\":\"AI Language Learning\",\"publisher\":{\"@id\":\"https:\/\/talkpal.ai\/fr\/#organization\"},\"alternateName\":\"Talkpal AI\",\"potentialAction\":[{\"@type\":\"SearchAction\",\"target\":{\"@type\":\"EntryPoint\",\"urlTemplate\":\"https:\/\/talkpal.ai\/fr\/?s={search_term_string}\"},\"query-input\":{\"@type\":\"PropertyValueSpecification\",\"valueRequired\":true,\"valueName\":\"search_term_string\"}}],\"inLanguage\":\"fr-FR\"},{\"@type\":\"Organization\",\"@id\":\"https:\/\/talkpal.ai\/fr\/#organization\",\"name\":\"Talkpal, Inc.\",\"alternateName\":\"Talkpal AI\",\"url\":\"https:\/\/talkpal.ai\/fr\/\",\"logo\":{\"@type\":\"ImageObject\",\"inLanguage\":\"fr-FR\",\"@id\":\"https:\/\/talkpal.ai\/fr\/#\/schema\/logo\/image\/\",\"url\":\"https:\/\/talkpal.ai\/wp-content\/uploads\/2024\/03\/Talkpal-Logo-Icon.png\",\"contentUrl\":\"https:\/\/talkpal.ai\/wp-content\/uploads\/2024\/03\/Talkpal-Logo-Icon.png\",\"width\":2880,\"height\":2880,\"caption\":\"Talkpal, Inc.\"},\"image\":{\"@id\":\"https:\/\/talkpal.ai\/fr\/#\/schema\/logo\/image\/\"},\"sameAs\":[\"https:\/\/www.facebook.com\/profile.php?id=100090733639311\",\"https:\/\/x.com\/talkpalai\",\"https:\/\/www.linkedin.com\/company\/talkpal\/\",\"https:\/\/www.youtube.com\/@TalkPal\/\",\"https:\/\/www.tiktok.com\/@talkpal\",\"https:\/\/www.instagram.com\/talkpal_ai\/\",\"https:\/\/www.crunchbase.com\/organization\/talkpal-9cde\",\"https:\/\/www.g2.com\/products\/talkpal-for-business\/\",\"https:\/\/www.trustpilot.com\/review\/talkpal.ai\",\"https:\/\/www.capterra.com\/p\/10006800\/TalkPal\/\"],\"description\":\"Talkpal is a language learning web and mobile education app, powered by the latest AI technologies, that provides engaging experiences to its customers in many different languages to help them improve their language skills. Users can chat about unlimited amount of topics with the app and use other modes to practice their language learning.\",\"email\":\"support@talkpal.ai\",\"legalName\":\"Talkpal, Inc.\",\"foundingDate\":\"2023-04-03\",\"duns\":\"118989042\",\"numberOfEmployees\":{\"@type\":\"QuantitativeValue\",\"minValue\":\"11\",\"maxValue\":\"50\"},\"publishingPrinciples\":\"https:\/\/talkpal.ai\/publishing-principles\/\",\"actionableFeedbackPolicy\":\"https:\/\/talkpal.ai\/actionable-feedback-policy\/\",\"correctionsPolicy\":\"https:\/\/talkpal.ai\/corrections-policy\/\",\"ethicsPolicy\":\"https:\/\/talkpal.ai\/ethics-policy\/\",\"diversityPolicy\":\"https:\/\/talkpal.ai\/diversity-policy\/\",\"diversityStaffingReport\":\"https:\/\/talkpal.ai\/diversity-policy\/\"}]}<\/script>\n<!-- \/ Yoast SEO Premium plugin. -->","yoast_head_json":{"title":"Grammaire slov\u00e8ne - Talkpal","description":"Explorez les subtilit\u00e9s de la grammaire slov\u00e8ne pour am\u00e9liorer vos comp\u00e9tences linguistiques et votre compr\u00e9hension. Ma\u00eetrisez l'art de la grammaire d\u00e8s aujourd'hui.","robots":{"index":"index","follow":"follow","max-snippet":"max-snippet:-1","max-image-preview":"max-image-preview:large","max-video-preview":"max-video-preview:-1"},"canonical":"https:\/\/talkpal.ai\/fr\/grammaire-slovene\/","og_locale":"fr_FR","og_type":"article","og_title":"Grammaire slov\u00e8ne","og_description":"Grammaire slov\u00e8ne : une br\u00e8ve introduction pour les amoureux des langues \u00cates-vous pr\u00eat \u00e0 plonger dans le monde enchanteur du slov\u00e8ne, une langue slave","og_url":"https:\/\/talkpal.ai\/fr\/grammaire-slovene\/","og_site_name":"Talkpal","article_publisher":"https:\/\/www.facebook.com\/profile.php?id=100090733639311","article_modified_time":"2025-12-12T11:15:36+00:00","og_image":[{"width":512,"height":512,"url":"https:\/\/talkpal.ai\/wp-content\/uploads\/2023\/05\/slovenia.png","type":"image\/png"}],"twitter_card":"summary_large_image","twitter_site":"@talkpalai","twitter_misc":{"Dur\u00e9e de lecture estim\u00e9e":"3 minutes"},"schema":{"@context":"https:\/\/schema.org","@graph":[{"@type":"WebPage","@id":"https:\/\/talkpal.ai\/fr\/grammaire-slovene\/","url":"https:\/\/talkpal.ai\/fr\/grammaire-slovene\/","name":"Grammaire slov\u00e8ne - Talkpal","isPartOf":{"@id":"https:\/\/talkpal.ai\/fr\/#website"},"primaryImageOfPage":{"@id":"https:\/\/talkpal.ai\/fr\/grammaire-slovene\/#primaryimage"},"image":{"@id":"https:\/\/talkpal.ai\/fr\/grammaire-slovene\/#primaryimage"},"thumbnailUrl":"https:\/\/talkpal.ai\/wp-content\/uploads\/2023\/05\/slovenia.png","datePublished":"2023-05-14T14:20:10+00:00","dateModified":"2025-12-12T11:15:36+00:00","description":"Explorez les subtilit\u00e9s de la grammaire slov\u00e8ne pour am\u00e9liorer vos comp\u00e9tences linguistiques et votre compr\u00e9hension. Ma\u00eetrisez l'art de la grammaire d\u00e8s aujourd'hui.","breadcrumb":{"@id":"https:\/\/talkpal.ai\/fr\/grammaire-slovene\/#breadcrumb"},"inLanguage":"fr-FR","potentialAction":[{"@type":"ReadAction","target":["https:\/\/talkpal.ai\/fr\/grammaire-slovene\/"]}]},{"@type":"ImageObject","inLanguage":"fr-FR","@id":"https:\/\/talkpal.ai\/fr\/grammaire-slovene\/#primaryimage","url":"https:\/\/talkpal.ai\/wp-content\/uploads\/2023\/05\/slovenia.png","contentUrl":"https:\/\/talkpal.ai\/wp-content\/uploads\/2023\/05\/slovenia.png","width":512,"height":512},{"@type":"BreadcrumbList","@id":"https:\/\/talkpal.ai\/fr\/grammaire-slovene\/#breadcrumb","itemListElement":[{"@type":"ListItem","position":1,"name":"Homepage","item":"https:\/\/talkpal.ai\/fr\/"},{"@type":"ListItem","position":2,"name":"Grammaire slov\u00e8ne"}]},{"@type":"WebSite","@id":"https:\/\/talkpal.ai\/fr\/#website","url":"https:\/\/talkpal.ai\/fr\/","name":"Talkpal","description":"AI Language Learning","publisher":{"@id":"https:\/\/talkpal.ai\/fr\/#organization"},"alternateName":"Talkpal AI","potentialAction":[{"@type":"SearchAction","target":{"@type":"EntryPoint","urlTemplate":"https:\/\/talkpal.ai\/fr\/?s={search_term_string}"},"query-input":{"@type":"PropertyValueSpecification","valueRequired":true,"valueName":"search_term_string"}}],"inLanguage":"fr-FR"},{"@type":"Organization","@id":"https:\/\/talkpal.ai\/fr\/#organization","name":"Talkpal, Inc.","alternateName":"Talkpal AI","url":"https:\/\/talkpal.ai\/fr\/","logo":{"@type":"ImageObject","inLanguage":"fr-FR","@id":"https:\/\/talkpal.ai\/fr\/#\/schema\/logo\/image\/","url":"https:\/\/talkpal.ai\/wp-content\/uploads\/2024\/03\/Talkpal-Logo-Icon.png","contentUrl":"https:\/\/talkpal.ai\/wp-content\/uploads\/2024\/03\/Talkpal-Logo-Icon.png","width":2880,"height":2880,"caption":"Talkpal, Inc."},"image":{"@id":"https:\/\/talkpal.ai\/fr\/#\/schema\/logo\/image\/"},"sameAs":["https:\/\/www.facebook.com\/profile.php?id=100090733639311","https:\/\/x.com\/talkpalai","https:\/\/www.linkedin.com\/company\/talkpal\/","https:\/\/www.youtube.com\/@TalkPal\/","https:\/\/www.tiktok.com\/@talkpal","https:\/\/www.instagram.com\/talkpal_ai\/","https:\/\/www.crunchbase.com\/organization\/talkpal-9cde","https:\/\/www.g2.com\/products\/talkpal-for-business\/","https:\/\/www.trustpilot.com\/review\/talkpal.ai","https:\/\/www.capterra.com\/p\/10006800\/TalkPal\/"],"description":"Talkpal is a language learning web and mobile education app, powered by the latest AI technologies, that provides engaging experiences to its customers in many different languages to help them improve their language skills. Users can chat about unlimited amount of topics with the app and use other modes to practice their language learning.","email":"support@talkpal.ai","legalName":"Talkpal, Inc.","foundingDate":"2023-04-03","duns":"118989042","numberOfEmployees":{"@type":"QuantitativeValue","minValue":"11","maxValue":"50"},"publishingPrinciples":"https:\/\/talkpal.ai\/publishing-principles\/","actionableFeedbackPolicy":"https:\/\/talkpal.ai\/actionable-feedback-policy\/","correctionsPolicy":"https:\/\/talkpal.ai\/corrections-policy\/","ethicsPolicy":"https:\/\/talkpal.ai\/ethics-policy\/","diversityPolicy":"https:\/\/talkpal.ai\/diversity-policy\/","diversityStaffingReport":"https:\/\/talkpal.ai\/diversity-policy\/"}]}},"_links":{"self":[{"href":"https:\/\/talkpal.ai\/fr\/wp-json\/wp\/v2\/pages\/73839","targetHints":{"allow":["GET"]}}],"collection":[{"href":"https:\/\/talkpal.ai\/fr\/wp-json\/wp\/v2\/pages"}],"about":[{"href":"https:\/\/talkpal.ai\/fr\/wp-json\/wp\/v2\/types\/page"}],"author":[{"embeddable":true,"href":"https:\/\/talkpal.ai\/fr\/wp-json\/wp\/v2\/users\/1"}],"replies":[{"embeddable":true,"href":"https:\/\/talkpal.ai\/fr\/wp-json\/wp\/v2\/comments?post=73839"}],"version-history":[{"count":0,"href":"https:\/\/talkpal.ai\/fr\/wp-json\/wp\/v2\/pages\/73839\/revisions"}],"wp:featuredmedia":[{"embeddable":true,"href":"https:\/\/talkpal.ai\/fr\/wp-json\/wp\/v2\/media\/28652"}],"wp:attachment":[{"href":"https:\/\/talkpal.ai\/fr\/wp-json\/wp\/v2\/media?parent=73839"}],"curies":[{"name":"wp","href":"https:\/\/api.w.org\/{rel}","templated":true}]}}