{"id":73825,"date":"2023-05-14T14:19:07","date_gmt":"2023-05-14T14:19:07","guid":{"rendered":"http:\/\/talkpal.ai\/grammaire-roumaine\/"},"modified":"2025-12-17T15:35:23","modified_gmt":"2025-12-17T15:35:23","slug":"grammaire-roumaine","status":"publish","type":"page","link":"https:\/\/talkpal.ai\/fr\/grammaire-roumaine\/","title":{"rendered":"Grammaire roumaine"},"content":{"rendered":"\r\n\r\n\r\n<section class=\"languageChallengeSection\">\r\n    <div class=\"languageInfoWrapper\">\r\n        \r\n        <h1>Grammaire roumaine<\/h1>\r\n        <p>D\u00e9couvrez la beaut\u00e9 de la langue roumaine en apprenant ses r\u00e8gles de grammaire essentielles. La ma\u00eetrise de la <a href=\"https:\/\/talkpal.ai\/romanian-grammar\/\">grammaire roumaine<\/a> vous aidera \u00e0 communiquer en toute confiance et \u00e0 vous rapprocher de la riche culture et de l&#039;histoire de la Roumanie. Commencez \u00e0 \u00e9tudier la grammaire roumaine d\u00e8s aujourd&#039;hui et faites un premier pas vers la ma\u00eetrise de la langue !<\/p>\r\n\r\n                            <a class=\"getStartedHidden\" href=\"https:\/\/app.talkpal.ai\/fr\/signup?lng=\">Commencer<\/a>\r\n        \r\n    <\/div>\r\n\r\n    <figure>\r\n    <img decoding=\"async\" width=\"768\" height=\"768\" src=\"https:\/\/talkpal.ai\/wp-content\/uploads\/2023\/06\/romanian-768x768.png\" class=\"languageImage no-lazy\" alt=\"Default alt text\" fetchpriority=\"high\" sizes=\"(max-width: 768px) 150px, 768px\" srcset=\"https:\/\/talkpal.ai\/wp-content\/uploads\/2023\/06\/romanian-768x768.png 768w, https:\/\/talkpal.ai\/wp-content\/uploads\/2023\/06\/romanian-300x300.png 300w\" \/>\r\n    \r\n\r\n    <\/figure>\r\n\r\n            <a class=\"getStartedVisible\" href=\"https:\/\/app.talkpal.ai\/fr\/signup?lng=\">Commencer<\/a>\r\n    \r\n<\/section>\r\n        <section class=\"grammarSection\">\r\n            <div class=\"grammarLinks\">\r\n                <a href=\"https:\/\/talkpal.ai\/fr\/language\/adjectifs-grammaire-roumaine\/\">Adjectifs <\/a><a href=\"https:\/\/talkpal.ai\/fr\/language\/adverbes-grammaire-roumaine\/\">Adverbes <\/a><a href=\"https:\/\/talkpal.ai\/fr\/language\/articles-grammaire-roumaine\/\">Articles <\/a><a href=\"https:\/\/talkpal.ai\/fr\/language\/comparaison-des-temps-grammaire-roumaine\/\">Comparaison des temps <\/a><a href=\"https:\/\/talkpal.ai\/fr\/language\/conditionnels-grammaire-roumaine\/\">Conditionnels <\/a><a href=\"https:\/\/talkpal.ai\/fr\/language\/noms-grammaire-roumaine\/\">Noms <\/a><a href=\"https:\/\/talkpal.ai\/fr\/language\/phrases-grammaire-roumaine\/\">Phrases <\/a><a href=\"https:\/\/talkpal.ai\/fr\/language\/prepositions-grammaire-roumaine\/\">Pr\u00e9positions <\/a><a href=\"https:\/\/talkpal.ai\/fr\/language\/progressif-parfait-grammaire-roumaine\/\">Progressif Parfait <\/a><a href=\"https:\/\/talkpal.ai\/fr\/language\/progressive-grammaire-roumaine\/\">Progressive <\/a><a href=\"https:\/\/talkpal.ai\/fr\/language\/pronoms-determinants-grammaire-roumaine\/\">Pronoms\/D\u00e9terminants <\/a><a href=\"https:\/\/talkpal.ai\/fr\/language\/temps-grammaire-roumaine\/\">Temps <\/a><a href=\"https:\/\/talkpal.ai\/fr\/language\/verbes-grammaire-roumaine\/\">Verbes <\/a>            <\/div>\r\n        <\/section>\r\n    <section class=\"promotionalBanner\">\r\n    <p class=\"promotionalText\">La fa\u00e7on la plus efficace d\u2019apprendre une langue<\/p>\r\n    <a class=\"promotionalLink\" href=\"https:\/\/app.talkpal.ai\/fr\/signup?lng=\">Essayez Talkpal gratuitement<\/a>\r\n<\/section>\n<div class=\"wp-block-group pageContainerStyle\"><div class=\"wp-block-group__inner-container is-layout-constrained wp-block-group-is-layout-constrained\">\n<h2 class=\"wp-block-heading\" id=\"h-unraveling-the-mysteries-of-romanian-grammar\">Percer les myst\u00e8res de la grammaire roumaine<\/h2>\n\n\n\n<p>Le <a href=\"https:\/\/talkpal.ai\/learn-romanian\/\">roumain<\/a>, seule langue romane parl\u00e9e en Europe de l\u2019Est, offre un voyage linguistique unique et int\u00e9ressant. \u00c0 cheval sur l\u2019h\u00e9ritage culturel des mondes latin et slave, le roumain a une histoire fascinante et un syst\u00e8me grammatical passionnant \u00e0 explorer. Alors, que vous soyez un passionn\u00e9 de polyglottisme ou simplement \u00e0 la recherche d&rsquo;une nouvelle aventure linguistique, attachez votre ceinture et pr\u00e9parez-vous \u00e0 explorer la beaut\u00e9 de la grammaire roumaine !<\/p>\n\n\n\n<h3 class=\"wp-block-heading\" id=\"h-1-the-alphabet-a-familiar-friend-with-a-twist\">1. L\u2019alphabet : un ami familier avec une touche d\u2019originalit\u00e9<\/h3>\n\n\n\n<p>L\u2019alphabet roumain est bas\u00e9 sur l\u2019alphabet latin, compos\u00e9 de 31 lettres. Heureusement pour les anglophones, l&rsquo;alphabet roumain est assez similaire \u00e0 l&rsquo;alphabet <a href=\"https:\/\/talkpal.ai\/learn-english-with-ai\/\">anglais<\/a>, avec seulement quelques caract\u00e8res suppl\u00e9mentaires pour repr\u00e9senter les sons roumains sp\u00e9cifiques. Avec <a href=\"https:\/\/talkpal.ai\/culture\/what-is-the-difference-between-un-peu-de-and-quelques\/\">un peu de<\/a> pratique, ma\u00eetriser les bases (comme \u00e9peler votre nom ou lire les panneaux de signalisation) sera un jeu d\u2019enfant !<\/p>\n\n\n\n<h3 class=\"wp-block-heading\" id=\"h-2-nouns-meet-cases-the-dynamic-duo\">2. Les noms rencontrent les cas : le duo dynamique<\/h3>\n\n\n\n<p>Les noms roumains se r\u00e9partissent en trois genres (masculin, f\u00e9minin et neutre), et ils changent de forme en fonction du cas grammatical (nominatif, g\u00e9nitif, datif, accusatif ou vocatif). Bien que cela puisse sembler intimidant au d\u00e9but, ce syst\u00e8me donne au roumain une richesse qui permet la nuance et la cr\u00e9ativit\u00e9 dans la composition des phrases, ce qui rend votre voyage linguistique d\u2019autant plus gratifiant.<\/p>\n\n\n\n<h3 class=\"wp-block-heading\" id=\"h-3-verbs-conjugating-your-way-to-success\">3. Verbes : conjuguer votre chemin vers le succ\u00e8s<\/h3>\n\n\n\n<p>La conjugaison des verbes roumains, bien que l\u00e9g\u00e8rement plus simple que la d\u00e9clinaison des noms, reste un processus \u00e0 multiples facettes. Les verbes changent de forme en fonction du <a href=\"https:\/\/talkpal.ai\/zh-hans\/grammar_exercises\/temps-%e6%b3%95%e8%af%ad%e8%af%ad%e6%b3%95%e7%bb%83%e4%b9%a0\/\">temps<\/a>, de l&rsquo;humeur, de la voix, de la personne et du nombre du sujet. Comme un instrument finement accord\u00e9, les verbes roumains peuvent transmettre un large \u00e9ventail d\u2019actions, d\u2019\u00e9motions et d\u2019intentions, permettant une expression \u00e0 la fois pr\u00e9cise et po\u00e9tique.<\/p>\n\n\n\n<h3 class=\"wp-block-heading\" id=\"h-4-flexible-word-order-shuffle-the-sentences\">4. Ordre flexible des mots : m\u00e9langez les phrases<\/h3>\n\n\n\n<p>Le roumain est assez flexible en ce qui concerne l\u2019ordre des mots, vous permettant d\u2019organiser les sujets, les verbes et les objets de diff\u00e9rentes mani\u00e8res sans compromettre le <a href=\"https:\/\/talkpal.ai\/locations\/language-courses-in-sens\/\">sens<\/a>. Cette flexibilit\u00e9 peut ajouter de l\u2019emphase, cr\u00e9er des contrastes ou simplement rendre le discours plus engageant. Au fur et \u00e0 mesure que vous progresserez en roumain, vous vous amuserez \u00e0 exp\u00e9rimenter diff\u00e9rentes fa\u00e7ons de dire la m\u00eame chose, en trouvant le ton parfait pour chaque situation.<\/p>\n\n\n\n<h3 class=\"wp-block-heading\" id=\"h-5-wading-deeper-language-through-culture\">5. Aller plus loin : la langue \u00e0 travers la culture<\/h3>\n\n\n\n<p>Pour vraiment appr\u00e9cier le roumain, vous devez vous plonger plus profond\u00e9ment dans la culture, l\u2019histoire et l\u2019\u00e9tat d\u2019esprit qui ont fa\u00e7onn\u00e9 la langue. \u00c9changez avec des locuteurs natifs, explorez la litt\u00e9rature roumaine et immergez-vous dans les coutumes et traditions locales. Ce faisant, vous am\u00e9liorerez non seulement vos comp\u00e9tences linguistiques, mais vous d\u00e9couvrirez \u00e9galement les multiples facettes de la culture roumaine.<\/p>\n\n\n\n<h3 class=\"wp-block-heading\" id=\"h-in-conclusion-embrace-the-magic-of-romanian-grammar\">En conclusion : Embrassez la magie de la grammaire roumaine<\/h3>\n\n\n\n<p>La grammaire roumaine peut sembler une \u00e9nigme au premier abord, mais avec du temps, de la patience et un vif int\u00e9r\u00eat pour la langue, vous d\u00e9couvrirez les secrets de ce remarquable tr\u00e9sor linguistique. Alors, pourquoi attendre ? Commencez votre voyage linguistique roumain d\u00e8s aujourd\u2019hui et profitez de la beaut\u00e9 de sa grammaire, de sa culture et du monde captivant qu\u2019elle vous ouvre.<\/p>\n<\/div><\/div>\n\r\n<section class=\"learnNavigationSection\">\r\n            \r\n        <a href=\"https:\/\/talkpal.ai\/fr\/apprendre-le-roumain\/\">\r\n            <div class=\"learnNavigationWrapper\">\r\n                <div class=\"learnNavigationContent\">\r\n                    <img decoding=\"async\" src=\"https:\/\/talkpal.ai\/wp-content\/uploads\/2024\/08\/Romanian.jpg\" alt=\"Romanian Flag\">\r\n                    <div>\r\n                        <h4>A propos de l&#039;apprentissage du roumain<\/h4>\r\n                        <p>Tout savoir sur la grammaire roumaine.<\/p>\r\n                    <\/div>\r\n                <\/div>\r\n            <\/div>\r\n        <\/a>\r\n\r\n        \r\n        <a href=\"https:\/\/talkpal.ai\/fr\/exercices-de-grammaire-roumaine\/\">\r\n            <div class=\"learnNavigationWrapper\">\r\n                <div class=\"learnNavigationContent\">\r\n                    <img decoding=\"async\" src=\"https:\/\/talkpal.ai\/wp-content\/uploads\/2024\/08\/Romanian.jpg\" alt=\"Romanian Flag\">\r\n                    <div>\r\n                        <h4>Exercice de grammaire roumaine<\/h4>\r\n                        <p>Pratiquez la grammaire roumaine.<\/p>\r\n                    <\/div>\r\n                <\/div>\r\n            <\/div>\r\n        <\/a>\r\n\r\n        \r\n        <a href=\"https:\/\/talkpal.ai\/vocabulary_language\/romanian\/\">\r\n            <div class=\"learnNavigationWrapper\">\r\n                <div class=\"learnNavigationContent\">\r\n                    <img decoding=\"async\" src=\"https:\/\/talkpal.ai\/wp-content\/uploads\/2024\/08\/Romanian.jpg\" alt=\"Romanian Flag\">\r\n                    <div>\r\n                        <h4>Vocabulaire roumain<\/h4>\r\n                        <p>\u00c9largissez votre vocabulaire roumain.<\/p>\r\n                    <\/div>\r\n                <\/div>\r\n            <\/div>\r\n        <\/a>\r\n\r\n            <\/section>","protected":false},"excerpt":{"rendered":"<p>Percer les myst\u00e8res de la grammaire roumaine Le roumain, seule langue romane parl\u00e9e en Europe de l\u2019Est, offre un voyage linguistique unique et int\u00e9ressant. \u00c0 cheval sur l\u2019h\u00e9ritage culturel des mondes latin et slave, le roumain a une histoire fascinante et un syst\u00e8me grammatical passionnant \u00e0 explorer. Alors, que vous soyez un passionn\u00e9 de polyglottisme [&hellip;]<\/p>\n","protected":false},"author":1,"featured_media":28604,"parent":0,"menu_order":0,"comment_status":"closed","ping_status":"closed","template":"LearningContentPage.php","meta":{"_acf_changed":false,"footnotes":""},"class_list":["post-73825","page","type-page","status-publish","has-post-thumbnail","hentry"],"acf":[],"yoast_head":"<!-- This site is optimized with the Yoast SEO Premium plugin v27.2 (Yoast SEO v27.2) - https:\/\/yoast.com\/product\/yoast-seo-premium-wordpress\/ -->\n<title>Grammaire roumaine - Talkpal<\/title>\n<meta name=\"description\" content=\"Explorez le monde fascinant de la grammaire roumaine et d\u00e9couvrez les caract\u00e9ristiques uniques de cette belle langue romane.\" \/>\n<meta name=\"robots\" content=\"index, follow, max-snippet:-1, max-image-preview:large, max-video-preview:-1\" \/>\n<link rel=\"canonical\" href=\"https:\/\/talkpal.ai\/fr\/grammaire-roumaine\/\" \/>\n<meta property=\"og:locale\" content=\"fr_FR\" \/>\n<meta property=\"og:type\" content=\"article\" \/>\n<meta property=\"og:title\" content=\"Grammaire roumaine\" \/>\n<meta property=\"og:description\" content=\"Percer les myst\u00e8res de la grammaire roumaine Le roumain, seule langue romane parl\u00e9e en Europe de l\u2019Est, offre un voyage linguistique unique et\" \/>\n<meta property=\"og:url\" content=\"https:\/\/talkpal.ai\/fr\/grammaire-roumaine\/\" \/>\n<meta property=\"og:site_name\" content=\"Talkpal\" \/>\n<meta property=\"article:publisher\" content=\"https:\/\/www.facebook.com\/profile.php?id=100090733639311\" \/>\n<meta property=\"article:modified_time\" content=\"2025-12-17T15:35:23+00:00\" \/>\n<meta property=\"og:image\" content=\"https:\/\/talkpal.ai\/wp-content\/uploads\/2023\/05\/romania.png\" \/>\n\t<meta property=\"og:image:width\" content=\"512\" \/>\n\t<meta property=\"og:image:height\" content=\"512\" \/>\n\t<meta property=\"og:image:type\" content=\"image\/png\" \/>\n<meta name=\"twitter:card\" content=\"summary_large_image\" \/>\n<meta name=\"twitter:site\" content=\"@talkpalai\" \/>\n<meta name=\"twitter:label1\" content=\"Dur\u00e9e de lecture estim\u00e9e\" \/>\n\t<meta name=\"twitter:data1\" content=\"3 minutes\" \/>\n<script type=\"application\/ld+json\" class=\"yoast-schema-graph\">{\"@context\":\"https:\/\/schema.org\",\"@graph\":[{\"@type\":\"WebPage\",\"@id\":\"https:\/\/talkpal.ai\/fr\/grammaire-roumaine\/\",\"url\":\"https:\/\/talkpal.ai\/fr\/grammaire-roumaine\/\",\"name\":\"Grammaire roumaine - Talkpal\",\"isPartOf\":{\"@id\":\"https:\/\/talkpal.ai\/fr\/#website\"},\"primaryImageOfPage\":{\"@id\":\"https:\/\/talkpal.ai\/fr\/grammaire-roumaine\/#primaryimage\"},\"image\":{\"@id\":\"https:\/\/talkpal.ai\/fr\/grammaire-roumaine\/#primaryimage\"},\"thumbnailUrl\":\"https:\/\/talkpal.ai\/wp-content\/uploads\/2023\/05\/romania.png\",\"datePublished\":\"2023-05-14T14:19:07+00:00\",\"dateModified\":\"2025-12-17T15:35:23+00:00\",\"description\":\"Explorez le monde fascinant de la grammaire roumaine et d\u00e9couvrez les caract\u00e9ristiques uniques de cette belle langue romane.\",\"breadcrumb\":{\"@id\":\"https:\/\/talkpal.ai\/fr\/grammaire-roumaine\/#breadcrumb\"},\"inLanguage\":\"fr-FR\",\"potentialAction\":[{\"@type\":\"ReadAction\",\"target\":[\"https:\/\/talkpal.ai\/fr\/grammaire-roumaine\/\"]}]},{\"@type\":\"ImageObject\",\"inLanguage\":\"fr-FR\",\"@id\":\"https:\/\/talkpal.ai\/fr\/grammaire-roumaine\/#primaryimage\",\"url\":\"https:\/\/talkpal.ai\/wp-content\/uploads\/2023\/05\/romania.png\",\"contentUrl\":\"https:\/\/talkpal.ai\/wp-content\/uploads\/2023\/05\/romania.png\",\"width\":512,\"height\":512},{\"@type\":\"BreadcrumbList\",\"@id\":\"https:\/\/talkpal.ai\/fr\/grammaire-roumaine\/#breadcrumb\",\"itemListElement\":[{\"@type\":\"ListItem\",\"position\":1,\"name\":\"Homepage\",\"item\":\"https:\/\/talkpal.ai\/fr\/\"},{\"@type\":\"ListItem\",\"position\":2,\"name\":\"Grammaire roumaine\"}]},{\"@type\":\"WebSite\",\"@id\":\"https:\/\/talkpal.ai\/fr\/#website\",\"url\":\"https:\/\/talkpal.ai\/fr\/\",\"name\":\"Talkpal\",\"description\":\"AI Language Learning\",\"publisher\":{\"@id\":\"https:\/\/talkpal.ai\/fr\/#organization\"},\"alternateName\":\"Talkpal AI\",\"potentialAction\":[{\"@type\":\"SearchAction\",\"target\":{\"@type\":\"EntryPoint\",\"urlTemplate\":\"https:\/\/talkpal.ai\/fr\/?s={search_term_string}\"},\"query-input\":{\"@type\":\"PropertyValueSpecification\",\"valueRequired\":true,\"valueName\":\"search_term_string\"}}],\"inLanguage\":\"fr-FR\"},{\"@type\":\"Organization\",\"@id\":\"https:\/\/talkpal.ai\/fr\/#organization\",\"name\":\"Talkpal, Inc.\",\"alternateName\":\"Talkpal AI\",\"url\":\"https:\/\/talkpal.ai\/fr\/\",\"logo\":{\"@type\":\"ImageObject\",\"inLanguage\":\"fr-FR\",\"@id\":\"https:\/\/talkpal.ai\/fr\/#\/schema\/logo\/image\/\",\"url\":\"https:\/\/talkpal.ai\/wp-content\/uploads\/2024\/03\/Talkpal-Logo-Icon.png\",\"contentUrl\":\"https:\/\/talkpal.ai\/wp-content\/uploads\/2024\/03\/Talkpal-Logo-Icon.png\",\"width\":2880,\"height\":2880,\"caption\":\"Talkpal, Inc.\"},\"image\":{\"@id\":\"https:\/\/talkpal.ai\/fr\/#\/schema\/logo\/image\/\"},\"sameAs\":[\"https:\/\/www.facebook.com\/profile.php?id=100090733639311\",\"https:\/\/x.com\/talkpalai\",\"https:\/\/www.linkedin.com\/company\/talkpal\/\",\"https:\/\/www.youtube.com\/@TalkPal\/\",\"https:\/\/www.tiktok.com\/@talkpal\",\"https:\/\/www.instagram.com\/talkpal_ai\/\",\"https:\/\/www.crunchbase.com\/organization\/talkpal-9cde\",\"https:\/\/www.g2.com\/products\/talkpal-for-business\/\",\"https:\/\/www.trustpilot.com\/review\/talkpal.ai\",\"https:\/\/www.capterra.com\/p\/10006800\/TalkPal\/\"],\"description\":\"Talkpal is a language learning web and mobile education app, powered by the latest AI technologies, that provides engaging experiences to its customers in many different languages to help them improve their language skills. Users can chat about unlimited amount of topics with the app and use other modes to practice their language learning.\",\"email\":\"support@talkpal.ai\",\"legalName\":\"Talkpal, Inc.\",\"foundingDate\":\"2023-04-03\",\"duns\":\"118989042\",\"numberOfEmployees\":{\"@type\":\"QuantitativeValue\",\"minValue\":\"11\",\"maxValue\":\"50\"},\"publishingPrinciples\":\"https:\/\/talkpal.ai\/publishing-principles\/\",\"actionableFeedbackPolicy\":\"https:\/\/talkpal.ai\/actionable-feedback-policy\/\",\"correctionsPolicy\":\"https:\/\/talkpal.ai\/corrections-policy\/\",\"ethicsPolicy\":\"https:\/\/talkpal.ai\/ethics-policy\/\",\"diversityPolicy\":\"https:\/\/talkpal.ai\/diversity-policy\/\",\"diversityStaffingReport\":\"https:\/\/talkpal.ai\/diversity-policy\/\"}]}<\/script>\n<!-- \/ Yoast SEO Premium plugin. -->","yoast_head_json":{"title":"Grammaire roumaine - Talkpal","description":"Explorez le monde fascinant de la grammaire roumaine et d\u00e9couvrez les caract\u00e9ristiques uniques de cette belle langue romane.","robots":{"index":"index","follow":"follow","max-snippet":"max-snippet:-1","max-image-preview":"max-image-preview:large","max-video-preview":"max-video-preview:-1"},"canonical":"https:\/\/talkpal.ai\/fr\/grammaire-roumaine\/","og_locale":"fr_FR","og_type":"article","og_title":"Grammaire roumaine","og_description":"Percer les myst\u00e8res de la grammaire roumaine Le roumain, seule langue romane parl\u00e9e en Europe de l\u2019Est, offre un voyage linguistique unique et","og_url":"https:\/\/talkpal.ai\/fr\/grammaire-roumaine\/","og_site_name":"Talkpal","article_publisher":"https:\/\/www.facebook.com\/profile.php?id=100090733639311","article_modified_time":"2025-12-17T15:35:23+00:00","og_image":[{"width":512,"height":512,"url":"https:\/\/talkpal.ai\/wp-content\/uploads\/2023\/05\/romania.png","type":"image\/png"}],"twitter_card":"summary_large_image","twitter_site":"@talkpalai","twitter_misc":{"Dur\u00e9e de lecture estim\u00e9e":"3 minutes"},"schema":{"@context":"https:\/\/schema.org","@graph":[{"@type":"WebPage","@id":"https:\/\/talkpal.ai\/fr\/grammaire-roumaine\/","url":"https:\/\/talkpal.ai\/fr\/grammaire-roumaine\/","name":"Grammaire roumaine - Talkpal","isPartOf":{"@id":"https:\/\/talkpal.ai\/fr\/#website"},"primaryImageOfPage":{"@id":"https:\/\/talkpal.ai\/fr\/grammaire-roumaine\/#primaryimage"},"image":{"@id":"https:\/\/talkpal.ai\/fr\/grammaire-roumaine\/#primaryimage"},"thumbnailUrl":"https:\/\/talkpal.ai\/wp-content\/uploads\/2023\/05\/romania.png","datePublished":"2023-05-14T14:19:07+00:00","dateModified":"2025-12-17T15:35:23+00:00","description":"Explorez le monde fascinant de la grammaire roumaine et d\u00e9couvrez les caract\u00e9ristiques uniques de cette belle langue romane.","breadcrumb":{"@id":"https:\/\/talkpal.ai\/fr\/grammaire-roumaine\/#breadcrumb"},"inLanguage":"fr-FR","potentialAction":[{"@type":"ReadAction","target":["https:\/\/talkpal.ai\/fr\/grammaire-roumaine\/"]}]},{"@type":"ImageObject","inLanguage":"fr-FR","@id":"https:\/\/talkpal.ai\/fr\/grammaire-roumaine\/#primaryimage","url":"https:\/\/talkpal.ai\/wp-content\/uploads\/2023\/05\/romania.png","contentUrl":"https:\/\/talkpal.ai\/wp-content\/uploads\/2023\/05\/romania.png","width":512,"height":512},{"@type":"BreadcrumbList","@id":"https:\/\/talkpal.ai\/fr\/grammaire-roumaine\/#breadcrumb","itemListElement":[{"@type":"ListItem","position":1,"name":"Homepage","item":"https:\/\/talkpal.ai\/fr\/"},{"@type":"ListItem","position":2,"name":"Grammaire roumaine"}]},{"@type":"WebSite","@id":"https:\/\/talkpal.ai\/fr\/#website","url":"https:\/\/talkpal.ai\/fr\/","name":"Talkpal","description":"AI Language Learning","publisher":{"@id":"https:\/\/talkpal.ai\/fr\/#organization"},"alternateName":"Talkpal AI","potentialAction":[{"@type":"SearchAction","target":{"@type":"EntryPoint","urlTemplate":"https:\/\/talkpal.ai\/fr\/?s={search_term_string}"},"query-input":{"@type":"PropertyValueSpecification","valueRequired":true,"valueName":"search_term_string"}}],"inLanguage":"fr-FR"},{"@type":"Organization","@id":"https:\/\/talkpal.ai\/fr\/#organization","name":"Talkpal, Inc.","alternateName":"Talkpal AI","url":"https:\/\/talkpal.ai\/fr\/","logo":{"@type":"ImageObject","inLanguage":"fr-FR","@id":"https:\/\/talkpal.ai\/fr\/#\/schema\/logo\/image\/","url":"https:\/\/talkpal.ai\/wp-content\/uploads\/2024\/03\/Talkpal-Logo-Icon.png","contentUrl":"https:\/\/talkpal.ai\/wp-content\/uploads\/2024\/03\/Talkpal-Logo-Icon.png","width":2880,"height":2880,"caption":"Talkpal, Inc."},"image":{"@id":"https:\/\/talkpal.ai\/fr\/#\/schema\/logo\/image\/"},"sameAs":["https:\/\/www.facebook.com\/profile.php?id=100090733639311","https:\/\/x.com\/talkpalai","https:\/\/www.linkedin.com\/company\/talkpal\/","https:\/\/www.youtube.com\/@TalkPal\/","https:\/\/www.tiktok.com\/@talkpal","https:\/\/www.instagram.com\/talkpal_ai\/","https:\/\/www.crunchbase.com\/organization\/talkpal-9cde","https:\/\/www.g2.com\/products\/talkpal-for-business\/","https:\/\/www.trustpilot.com\/review\/talkpal.ai","https:\/\/www.capterra.com\/p\/10006800\/TalkPal\/"],"description":"Talkpal is a language learning web and mobile education app, powered by the latest AI technologies, that provides engaging experiences to its customers in many different languages to help them improve their language skills. Users can chat about unlimited amount of topics with the app and use other modes to practice their language learning.","email":"support@talkpal.ai","legalName":"Talkpal, Inc.","foundingDate":"2023-04-03","duns":"118989042","numberOfEmployees":{"@type":"QuantitativeValue","minValue":"11","maxValue":"50"},"publishingPrinciples":"https:\/\/talkpal.ai\/publishing-principles\/","actionableFeedbackPolicy":"https:\/\/talkpal.ai\/actionable-feedback-policy\/","correctionsPolicy":"https:\/\/talkpal.ai\/corrections-policy\/","ethicsPolicy":"https:\/\/talkpal.ai\/ethics-policy\/","diversityPolicy":"https:\/\/talkpal.ai\/diversity-policy\/","diversityStaffingReport":"https:\/\/talkpal.ai\/diversity-policy\/"}]}},"_links":{"self":[{"href":"https:\/\/talkpal.ai\/fr\/wp-json\/wp\/v2\/pages\/73825","targetHints":{"allow":["GET"]}}],"collection":[{"href":"https:\/\/talkpal.ai\/fr\/wp-json\/wp\/v2\/pages"}],"about":[{"href":"https:\/\/talkpal.ai\/fr\/wp-json\/wp\/v2\/types\/page"}],"author":[{"embeddable":true,"href":"https:\/\/talkpal.ai\/fr\/wp-json\/wp\/v2\/users\/1"}],"replies":[{"embeddable":true,"href":"https:\/\/talkpal.ai\/fr\/wp-json\/wp\/v2\/comments?post=73825"}],"version-history":[{"count":0,"href":"https:\/\/talkpal.ai\/fr\/wp-json\/wp\/v2\/pages\/73825\/revisions"}],"wp:featuredmedia":[{"embeddable":true,"href":"https:\/\/talkpal.ai\/fr\/wp-json\/wp\/v2\/media\/28604"}],"wp:attachment":[{"href":"https:\/\/talkpal.ai\/fr\/wp-json\/wp\/v2\/media?parent=73825"}],"curies":[{"name":"wp","href":"https:\/\/api.w.org\/{rel}","templated":true}]}}