{"id":73805,"date":"2023-05-14T14:09:11","date_gmt":"2023-05-14T14:09:11","guid":{"rendered":"http:\/\/talkpal.ai\/grammaire-islandaise\/"},"modified":"2025-12-12T10:40:50","modified_gmt":"2025-12-12T10:40:50","slug":"grammaire-islandaise","status":"publish","type":"page","link":"https:\/\/talkpal.ai\/fr\/grammaire-islandaise\/","title":{"rendered":"Grammaire islandaise"},"content":{"rendered":"\r\n\r\n\r\n<section class=\"languageChallengeSection\">\r\n    <div class=\"languageInfoWrapper\">\r\n        \r\n        <h1>Grammaire islandaise<\/h1>\r\n        <p>Explorez la structure fascinante de l&#039;islandais en apprenant ses r\u00e8gles de grammaire fondamentales. La ma\u00eetrise de la <a href=\"https:\/\/talkpal.ai\/es\/gramatica-islandesa\/\">grammaire islandaise<\/a> vous aidera \u00e0 communiquer efficacement et \u00e0 vous rapprocher de la culture et de l&#039;histoire uniques de l&#039;Islande. Commencez \u00e0 apprendre la grammaire islandaise d\u00e8s aujourd&#039;hui et faites un premier pas vers la ma\u00eetrise de la langue !<\/p>\r\n\r\n                            <a class=\"getStartedHidden\" href=\"https:\/\/app.talkpal.ai\/fr\/signup?lng=\">Commencer<\/a>\r\n        \r\n    <\/div>\r\n\r\n    <figure>\r\n    <img decoding=\"async\" width=\"768\" height=\"768\" src=\"https:\/\/talkpal.ai\/wp-content\/uploads\/2023\/06\/Icelandic-768x768.png\" class=\"languageImage no-lazy\" alt=\"Default alt text\" fetchpriority=\"high\" sizes=\"(max-width: 768px) 150px, 768px\" srcset=\"https:\/\/talkpal.ai\/wp-content\/uploads\/2023\/06\/Icelandic-768x768.png 768w, https:\/\/talkpal.ai\/wp-content\/uploads\/2023\/06\/Icelandic-300x300.png 300w\" \/>\r\n    \r\n\r\n    <\/figure>\r\n\r\n            <a class=\"getStartedVisible\" href=\"https:\/\/app.talkpal.ai\/fr\/signup?lng=\">Commencer<\/a>\r\n    \r\n<\/section>\r\n        <section class=\"grammarSection\">\r\n            <div class=\"grammarLinks\">\r\n                <a href=\"https:\/\/talkpal.ai\/fr\/language\/adjectifs-grammaire-islandaise\/\">Adjectifs <\/a><a href=\"https:\/\/talkpal.ai\/fr\/language\/adverbes-grammaire-islandaise\/\">Adverbes <\/a><a href=\"https:\/\/talkpal.ai\/fr\/language\/articles-grammaire-islandaise\/\">Articles <\/a><a href=\"https:\/\/talkpal.ai\/fr\/language\/comparaison-des-temps-grammaire-islandaise\/\">Comparaison des temps <\/a><a href=\"https:\/\/talkpal.ai\/fr\/language\/conditionnels-grammaire-islandaise\/\">Conditionnels <\/a><a href=\"https:\/\/talkpal.ai\/fr\/language\/noms-grammaire-islandaise\/\">Noms <\/a><a href=\"https:\/\/talkpal.ai\/fr\/language\/phrases-grammaire-islandaise\/\">Phrases <\/a><a href=\"https:\/\/talkpal.ai\/fr\/language\/prepositions-grammaire-islandaise\/\">Pr\u00e9positions <\/a><a href=\"https:\/\/talkpal.ai\/fr\/language\/progressif-grammaire-islandaise\/\">Progressif <\/a><a href=\"https:\/\/talkpal.ai\/fr\/language\/progressif-parfait-grammaire-islandaise\/\">Progressif parfait <\/a><a href=\"https:\/\/talkpal.ai\/fr\/language\/pronoms-determinants-grammaire-islandaise\/\">Pronoms\/D\u00e9terminants <\/a><a href=\"https:\/\/talkpal.ai\/fr\/language\/temps-grammaire-islandaise\/\">Temps <\/a><a href=\"https:\/\/talkpal.ai\/fr\/language\/verbes-grammaire-islandaise\/\">Verbes <\/a>            <\/div>\r\n        <\/section>\r\n    <section class=\"promotionalBanner\">\r\n    <p class=\"promotionalText\">La fa\u00e7on la plus efficace d\u2019apprendre une langue<\/p>\r\n    <a class=\"promotionalLink\" href=\"https:\/\/app.talkpal.ai\/fr\/signup?lng=\">Essayez Talkpal gratuitement<\/a>\r\n<\/section>\n<div class=\"wp-block-group pageContainerStyle\"><div class=\"wp-block-group__inner-container is-layout-constrained wp-block-group-is-layout-constrained\">\n<h2 class=\"wp-block-heading\" id=\"h-the-magic-of-icelandic-grammar-unlocking-the-secrets-of-the-viking-tongue\">La magie de la grammaire islandaise : percer les secrets de la langue viking<\/h2>\n\n\n\n<h3 class=\"wp-block-heading\" id=\"h-introduction-icelandic-the-land-of-fire-and-ice\">Introduction : L\u2019Islandais, terre de feu et de glace<\/h3>\n\n\n\n<p>La langue islandaise, parl\u00e9e par les habitants de la magnifique nation insulaire d\u2019Islande, est r\u00e9put\u00e9e pour sa riche histoire, sa tradition po\u00e9tique captivante et sa capacit\u00e9 exceptionnelle \u00e0 s\u2019adapter et \u00e0 \u00e9voluer avec son <a href=\"https:\/\/talkpal.ai\/zh-hans\/grammar_exercises\/temps-%e6%b3%95%e8%af%ad%e8%af%ad%e6%b3%95%e7%bb%83%e4%b9%a0\/\">temps<\/a>. Descendant du vieux norrois, l\u2019islandais a un charme particulier qui fascine les amoureux des langues et les polyglottes en herbe. Alors, attachez vos ceintures, les amis ! Nous nous appr\u00eatons \u00e0 plonger dans le monde magnifique et complexe de la grammaire islandaise, en per\u00e7ant ses myst\u00e8res et en d\u00e9couvrant ses tr\u00e9sors cach\u00e9s.<\/p>\n\n\n\n<h3 class=\"wp-block-heading\" id=\"h-1-runic-scripts-to-latin-alphabet-a-story-of-transformation\">1. Des \u00e9critures runiques \u00e0 l\u2019alphabet latin : une histoire de transformation<\/h3>\n\n\n\n<p>L\u2019alphabet <a href=\"https:\/\/talkpal.ai\/learn-icelandic\/\">islandais<\/a> est une aventure en soi, compos\u00e9e de 32 caract\u00e8res qui proviennent de diverses racines historiques. Bien qu&rsquo;il soit principalement bas\u00e9 sur l&rsquo;\u00e9criture latine, l&rsquo;alphabet conserve certains caract\u00e8res distinctifs de l&rsquo;\u00e9criture runique de ses anc\u00eatres nordiques. La ma\u00eetrise de ces caract\u00e8res est le premier obstacle \u00e0 l&rsquo;apprentissage de la langue, mais avec de la pratique, vous deviendrez un ma\u00eetre en un rien de temps !<\/p>\n\n\n\n<h3 class=\"wp-block-heading\" id=\"h-2-noun-mastery-getting-to-the-roots-of-icelandic-grammar\">2. Ma\u00eetrise des noms : aller aux racines de la grammaire islandaise<\/h3>\n\n\n\n<p>L\u2019une des principales caract\u00e9ristiques de la grammaire islandaise est l\u2019inflexion des noms par genre, nombre et cas. Les noms <a href=\"https:\/\/talkpal.ai\/learn-icelandic\/\">islandais<\/a> peuvent \u00eatre f\u00e9minins, masculins ou neutres, et chaque genre est livr\u00e9 avec son ensemble unique de r\u00e8gles de d\u00e9clinaison. Bien que cela puisse sembler \u00eatre un tour de montagnes russes linguistiques, la compr\u00e9hension de ces subtilit\u00e9s est essentielle pour saisir la langue dans son ensemble. Les connaissances que vous acquerrez vous ouvriront un monde de possibilit\u00e9s pour exprimer une gamme de significations subtiles et complexes &#8211; la vraie gloire de la grammaire islandaise !<\/p>\n\n\n\n<h3 class=\"wp-block-heading\" id=\"h-3-the-mighty-verb-icelandic-s-unsung-hero\">3. Le verbe puissant : le h\u00e9ros m\u00e9connu de l&rsquo;Islande<\/h3>\n\n\n\n<p>Comme les noms, les verbes islandais subissent de nombreuses transformations en fonction du temps, de l&rsquo;humeur, de la personne et du nombre du sujet. Ce syst\u00e8me complexe peut \u00eatre intimidant au d\u00e9but, mais soyez indulgent avec moi ! Au fur et \u00e0 mesure que vous apprendrez les sch\u00e9mas r\u00e9guliers et les bizarreries irr\u00e9guli\u00e8res, vous commencerez \u00e0 voir \u00e0 quel point la conjugaison des verbes islandais peut \u00eatre \u00e9l\u00e9gante et polyvalente. Conqu\u00e9rir les verbes islandais d\u00e9bloquera le pouvoir d\u2019exprimer des pens\u00e9es, des sentiments et des actions avec pr\u00e9cision et cr\u00e9ativit\u00e9.<\/p>\n\n\n\n<h3 class=\"wp-block-heading\" id=\"h-4-word-order-icelandic-s-flexible-backbone\">4. L&rsquo;ordre des mots : L&rsquo;\u00e9pine dorsale flexible de l&rsquo;islandais<\/h3>\n\n\n\n<p>Contrairement \u00e0 la rigidit\u00e9 de certains \u00e9l\u00e9ments de la grammaire islandaise, la langue offre une flexibilit\u00e9 dans l\u2019ordre des mots. Cela signifie que vous pouvez placer le sujet, le verbe et l&rsquo;objet dans des arrangements diff\u00e9rents, tant que vous respectez les accords de genre, de nombre, de cas et autres &#8211; vous allez lib\u00e9rer l&rsquo;artiste qui est en vous ! Adapter vos phrases de cette mani\u00e8re ludique peut aider \u00e0 cr\u00e9er de l\u2019emphase, des nuances et un ton conversationnel, rendant votre discours plus engageant et agr\u00e9able.<\/p>\n\n\n\n<h3 class=\"wp-block-heading\" id=\"h-5-embrace-the-culture-discover-the-pulse-of-the-icelandic-language\">5. Embrassez la culture : d\u00e9couvrez le pouls de la langue islandaise<\/h3>\n\n\n\n<p>La langue islandaise ne peut \u00eatre dissoci\u00e9e de ses racines culturelles, avec ses liens \u00e9troits avec les sagas, les Eddas, l&rsquo;histoire unique de la nation et sa vision du monde. Pour vraiment vous immerger dans la langue, embrassez son contexte de tout c\u0153ur. Plongez dans son folklore, d\u00e9vorez ses tr\u00e9sors litt\u00e9raires et engagez-vous avec des locuteurs natifs. Cette approche est essentielle pour atteindre \u00e0 la fois la ma\u00eetrise de la langue et un lien plus profond avec le peuple islandais et son riche <a href=\"https:\/\/talkpal.ai\/fr\/culture\/le-patrimoine-culturel-immateriel-francais\/\">patrimoine culturel<\/a>.<\/p>\n\n\n\n<h3 class=\"wp-block-heading\" id=\"h-conclusion-an-icelandic-grammar-journey-worth-taking\">Conclusion : un voyage de grammaire islandaise qui vaut la peine d\u2019\u00eatre entrepris<\/h3>\n\n\n\n<p>Bien que la grammaire islandaise puisse sembler \u00eatre un d\u00e9fi redoutable, les r\u00e9compenses sont abondantes pour ceux qui franchissent le pas. Avec de la pers\u00e9v\u00e9rance, un vif int\u00e9r\u00eat pour la culture et une bonne dose de curiosit\u00e9, vous serez captiv\u00e9 par les subtilit\u00e9s de la langue islandaise. Alors, rejoignez-nous dans cette aventure et d\u00e9couvrez la magie de la grammaire islandaise, une \u00e9tape palpitante \u00e0 la fois.<\/p>\n<\/div><\/div>\n\r\n<section class=\"learnNavigationSection\">\r\n            \r\n        <a href=\"https:\/\/talkpal.ai\/fr\/apprendre-lislandais\/\">\r\n            <div class=\"learnNavigationWrapper\">\r\n                <div class=\"learnNavigationContent\">\r\n                    <img decoding=\"async\" src=\"https:\/\/talkpal.ai\/wp-content\/uploads\/2024\/08\/Icelandic.jpg\" alt=\"Iceland Flag\">\r\n                    <div>\r\n                        <h4>\u00c0 propos de l&#039;apprentissage islandais<\/h4>\r\n                        <p>Tout savoir sur la grammaire islandaise.<\/p>\r\n                    <\/div>\r\n                <\/div>\r\n            <\/div>\r\n        <\/a>\r\n\r\n        \r\n        <a href=\"https:\/\/talkpal.ai\/fr\/exercices-de-grammaire-islandaise\/\">\r\n            <div class=\"learnNavigationWrapper\">\r\n                <div class=\"learnNavigationContent\">\r\n                    <img decoding=\"async\" src=\"https:\/\/talkpal.ai\/wp-content\/uploads\/2024\/08\/Icelandic.jpg\" alt=\"Iceland Flag\">\r\n                    <div>\r\n                        <h4>Exercice de grammaire islandaise<\/h4>\r\n                        <p>Pratiquez la grammaire islandaise.<\/p>\r\n                    <\/div>\r\n                <\/div>\r\n            <\/div>\r\n        <\/a>\r\n\r\n        \r\n        <a href=\"https:\/\/talkpal.ai\/vocabulary_language\/icelandic\/\">\r\n            <div class=\"learnNavigationWrapper\">\r\n                <div class=\"learnNavigationContent\">\r\n                    <img decoding=\"async\" src=\"https:\/\/talkpal.ai\/wp-content\/uploads\/2024\/08\/Icelandic.jpg\" alt=\"Iceland Flag\">\r\n                    <div>\r\n                        <h4>Vocabulaire islandais<\/h4>\r\n                        <p>\u00c9largissez votre vocabulaire islandais.<\/p>\r\n                    <\/div>\r\n                <\/div>\r\n            <\/div>\r\n        <\/a>\r\n\r\n            <\/section>","protected":false},"excerpt":{"rendered":"<p>La magie de la grammaire islandaise : percer les secrets de la langue viking Introduction : L\u2019Islandais, terre de feu et de glace La langue islandaise, parl\u00e9e par les habitants de la magnifique nation insulaire d\u2019Islande, est r\u00e9put\u00e9e pour sa riche histoire, sa tradition po\u00e9tique captivante et sa capacit\u00e9 exceptionnelle \u00e0 s\u2019adapter et \u00e0 \u00e9voluer [&hellip;]<\/p>\n","protected":false},"author":1,"featured_media":28364,"parent":0,"menu_order":0,"comment_status":"closed","ping_status":"closed","template":"LearningContentPage.php","meta":{"_acf_changed":false,"footnotes":""},"class_list":["post-73805","page","type-page","status-publish","has-post-thumbnail","hentry"],"acf":[],"yoast_head":"<!-- This site is optimized with the Yoast SEO Premium plugin v27.2 (Yoast SEO v27.2) - https:\/\/yoast.com\/product\/yoast-seo-premium-wordpress\/ -->\n<title>Grammaire islandaise - Talkpal<\/title>\n<meta name=\"description\" content=\"Apprenez la grammaire islandaise clairement - comprenez les r\u00e8gles de grammaire cl\u00e9s, formez des phrases correctes et augmentez votre confiance en vous rapidement gr\u00e2ce aux le\u00e7ons IA de TalkpalLes le\u00e7ons de l&#039;IA.\" \/>\n<meta name=\"robots\" content=\"index, follow, max-snippet:-1, max-image-preview:large, max-video-preview:-1\" \/>\n<link rel=\"canonical\" href=\"https:\/\/talkpal.ai\/fr\/grammaire-islandaise\/\" \/>\n<meta property=\"og:locale\" content=\"fr_FR\" \/>\n<meta property=\"og:type\" content=\"article\" \/>\n<meta property=\"og:title\" content=\"Grammaire islandaise\" \/>\n<meta property=\"og:description\" content=\"La magie de la grammaire islandaise : percer les secrets de la langue viking Introduction : L\u2019Islandais, terre de feu et de glace La langue islandaise,\" \/>\n<meta property=\"og:url\" content=\"https:\/\/talkpal.ai\/fr\/grammaire-islandaise\/\" \/>\n<meta property=\"og:site_name\" content=\"Talkpal\" \/>\n<meta property=\"article:publisher\" content=\"https:\/\/www.facebook.com\/profile.php?id=100090733639311\" \/>\n<meta property=\"article:modified_time\" content=\"2025-12-12T10:40:50+00:00\" \/>\n<meta property=\"og:image\" content=\"https:\/\/talkpal.ai\/wp-content\/uploads\/2023\/05\/iceland.png\" \/>\n\t<meta property=\"og:image:width\" content=\"512\" \/>\n\t<meta property=\"og:image:height\" content=\"512\" \/>\n\t<meta property=\"og:image:type\" content=\"image\/png\" \/>\n<meta name=\"twitter:card\" content=\"summary_large_image\" \/>\n<meta name=\"twitter:site\" content=\"@talkpalai\" \/>\n<meta name=\"twitter:label1\" content=\"Dur\u00e9e de lecture estim\u00e9e\" \/>\n\t<meta name=\"twitter:data1\" content=\"4 minutes\" \/>\n<script type=\"application\/ld+json\" class=\"yoast-schema-graph\">{\"@context\":\"https:\/\/schema.org\",\"@graph\":[{\"@type\":\"WebPage\",\"@id\":\"https:\/\/talkpal.ai\/fr\/grammaire-islandaise\/\",\"url\":\"https:\/\/talkpal.ai\/fr\/grammaire-islandaise\/\",\"name\":\"Grammaire islandaise - Talkpal\",\"isPartOf\":{\"@id\":\"https:\/\/talkpal.ai\/fr\/#website\"},\"primaryImageOfPage\":{\"@id\":\"https:\/\/talkpal.ai\/fr\/grammaire-islandaise\/#primaryimage\"},\"image\":{\"@id\":\"https:\/\/talkpal.ai\/fr\/grammaire-islandaise\/#primaryimage\"},\"thumbnailUrl\":\"https:\/\/talkpal.ai\/wp-content\/uploads\/2023\/05\/iceland.png\",\"datePublished\":\"2023-05-14T14:09:11+00:00\",\"dateModified\":\"2025-12-12T10:40:50+00:00\",\"description\":\"Apprenez la grammaire islandaise clairement - comprenez les r\u00e8gles de grammaire cl\u00e9s, formez des phrases correctes et augmentez votre confiance en vous rapidement gr\u00e2ce aux le\u00e7ons IA de TalkpalLes le\u00e7ons de l'IA.\",\"breadcrumb\":{\"@id\":\"https:\/\/talkpal.ai\/fr\/grammaire-islandaise\/#breadcrumb\"},\"inLanguage\":\"fr-FR\",\"potentialAction\":[{\"@type\":\"ReadAction\",\"target\":[\"https:\/\/talkpal.ai\/fr\/grammaire-islandaise\/\"]}]},{\"@type\":\"ImageObject\",\"inLanguage\":\"fr-FR\",\"@id\":\"https:\/\/talkpal.ai\/fr\/grammaire-islandaise\/#primaryimage\",\"url\":\"https:\/\/talkpal.ai\/wp-content\/uploads\/2023\/05\/iceland.png\",\"contentUrl\":\"https:\/\/talkpal.ai\/wp-content\/uploads\/2023\/05\/iceland.png\",\"width\":512,\"height\":512},{\"@type\":\"BreadcrumbList\",\"@id\":\"https:\/\/talkpal.ai\/fr\/grammaire-islandaise\/#breadcrumb\",\"itemListElement\":[{\"@type\":\"ListItem\",\"position\":1,\"name\":\"Homepage\",\"item\":\"https:\/\/talkpal.ai\/fr\/\"},{\"@type\":\"ListItem\",\"position\":2,\"name\":\"Grammaire islandaise\"}]},{\"@type\":\"WebSite\",\"@id\":\"https:\/\/talkpal.ai\/fr\/#website\",\"url\":\"https:\/\/talkpal.ai\/fr\/\",\"name\":\"Talkpal\",\"description\":\"AI Language Learning\",\"publisher\":{\"@id\":\"https:\/\/talkpal.ai\/fr\/#organization\"},\"alternateName\":\"Talkpal AI\",\"potentialAction\":[{\"@type\":\"SearchAction\",\"target\":{\"@type\":\"EntryPoint\",\"urlTemplate\":\"https:\/\/talkpal.ai\/fr\/?s={search_term_string}\"},\"query-input\":{\"@type\":\"PropertyValueSpecification\",\"valueRequired\":true,\"valueName\":\"search_term_string\"}}],\"inLanguage\":\"fr-FR\"},{\"@type\":\"Organization\",\"@id\":\"https:\/\/talkpal.ai\/fr\/#organization\",\"name\":\"Talkpal, Inc.\",\"alternateName\":\"Talkpal AI\",\"url\":\"https:\/\/talkpal.ai\/fr\/\",\"logo\":{\"@type\":\"ImageObject\",\"inLanguage\":\"fr-FR\",\"@id\":\"https:\/\/talkpal.ai\/fr\/#\/schema\/logo\/image\/\",\"url\":\"https:\/\/talkpal.ai\/wp-content\/uploads\/2024\/03\/Talkpal-Logo-Icon.png\",\"contentUrl\":\"https:\/\/talkpal.ai\/wp-content\/uploads\/2024\/03\/Talkpal-Logo-Icon.png\",\"width\":2880,\"height\":2880,\"caption\":\"Talkpal, Inc.\"},\"image\":{\"@id\":\"https:\/\/talkpal.ai\/fr\/#\/schema\/logo\/image\/\"},\"sameAs\":[\"https:\/\/www.facebook.com\/profile.php?id=100090733639311\",\"https:\/\/x.com\/talkpalai\",\"https:\/\/www.linkedin.com\/company\/talkpal\/\",\"https:\/\/www.youtube.com\/@TalkPal\/\",\"https:\/\/www.tiktok.com\/@talkpal\",\"https:\/\/www.instagram.com\/talkpal_ai\/\",\"https:\/\/www.crunchbase.com\/organization\/talkpal-9cde\",\"https:\/\/www.g2.com\/products\/talkpal-for-business\/\",\"https:\/\/www.trustpilot.com\/review\/talkpal.ai\",\"https:\/\/www.capterra.com\/p\/10006800\/TalkPal\/\"],\"description\":\"Talkpal is a language learning web and mobile education app, powered by the latest AI technologies, that provides engaging experiences to its customers in many different languages to help them improve their language skills. Users can chat about unlimited amount of topics with the app and use other modes to practice their language learning.\",\"email\":\"support@talkpal.ai\",\"legalName\":\"Talkpal, Inc.\",\"foundingDate\":\"2023-04-03\",\"duns\":\"118989042\",\"numberOfEmployees\":{\"@type\":\"QuantitativeValue\",\"minValue\":\"11\",\"maxValue\":\"50\"},\"publishingPrinciples\":\"https:\/\/talkpal.ai\/publishing-principles\/\",\"actionableFeedbackPolicy\":\"https:\/\/talkpal.ai\/actionable-feedback-policy\/\",\"correctionsPolicy\":\"https:\/\/talkpal.ai\/corrections-policy\/\",\"ethicsPolicy\":\"https:\/\/talkpal.ai\/ethics-policy\/\",\"diversityPolicy\":\"https:\/\/talkpal.ai\/diversity-policy\/\",\"diversityStaffingReport\":\"https:\/\/talkpal.ai\/diversity-policy\/\"}]}<\/script>\n<!-- \/ Yoast SEO Premium plugin. -->","yoast_head_json":{"title":"Grammaire islandaise - Talkpal","description":"Apprenez la grammaire islandaise clairement - comprenez les r\u00e8gles de grammaire cl\u00e9s, formez des phrases correctes et augmentez votre confiance en vous rapidement gr\u00e2ce aux le\u00e7ons IA de TalkpalLes le\u00e7ons de l'IA.","robots":{"index":"index","follow":"follow","max-snippet":"max-snippet:-1","max-image-preview":"max-image-preview:large","max-video-preview":"max-video-preview:-1"},"canonical":"https:\/\/talkpal.ai\/fr\/grammaire-islandaise\/","og_locale":"fr_FR","og_type":"article","og_title":"Grammaire islandaise","og_description":"La magie de la grammaire islandaise : percer les secrets de la langue viking Introduction : L\u2019Islandais, terre de feu et de glace La langue islandaise,","og_url":"https:\/\/talkpal.ai\/fr\/grammaire-islandaise\/","og_site_name":"Talkpal","article_publisher":"https:\/\/www.facebook.com\/profile.php?id=100090733639311","article_modified_time":"2025-12-12T10:40:50+00:00","og_image":[{"width":512,"height":512,"url":"https:\/\/talkpal.ai\/wp-content\/uploads\/2023\/05\/iceland.png","type":"image\/png"}],"twitter_card":"summary_large_image","twitter_site":"@talkpalai","twitter_misc":{"Dur\u00e9e de lecture estim\u00e9e":"4 minutes"},"schema":{"@context":"https:\/\/schema.org","@graph":[{"@type":"WebPage","@id":"https:\/\/talkpal.ai\/fr\/grammaire-islandaise\/","url":"https:\/\/talkpal.ai\/fr\/grammaire-islandaise\/","name":"Grammaire islandaise - Talkpal","isPartOf":{"@id":"https:\/\/talkpal.ai\/fr\/#website"},"primaryImageOfPage":{"@id":"https:\/\/talkpal.ai\/fr\/grammaire-islandaise\/#primaryimage"},"image":{"@id":"https:\/\/talkpal.ai\/fr\/grammaire-islandaise\/#primaryimage"},"thumbnailUrl":"https:\/\/talkpal.ai\/wp-content\/uploads\/2023\/05\/iceland.png","datePublished":"2023-05-14T14:09:11+00:00","dateModified":"2025-12-12T10:40:50+00:00","description":"Apprenez la grammaire islandaise clairement - comprenez les r\u00e8gles de grammaire cl\u00e9s, formez des phrases correctes et augmentez votre confiance en vous rapidement gr\u00e2ce aux le\u00e7ons IA de TalkpalLes le\u00e7ons de l'IA.","breadcrumb":{"@id":"https:\/\/talkpal.ai\/fr\/grammaire-islandaise\/#breadcrumb"},"inLanguage":"fr-FR","potentialAction":[{"@type":"ReadAction","target":["https:\/\/talkpal.ai\/fr\/grammaire-islandaise\/"]}]},{"@type":"ImageObject","inLanguage":"fr-FR","@id":"https:\/\/talkpal.ai\/fr\/grammaire-islandaise\/#primaryimage","url":"https:\/\/talkpal.ai\/wp-content\/uploads\/2023\/05\/iceland.png","contentUrl":"https:\/\/talkpal.ai\/wp-content\/uploads\/2023\/05\/iceland.png","width":512,"height":512},{"@type":"BreadcrumbList","@id":"https:\/\/talkpal.ai\/fr\/grammaire-islandaise\/#breadcrumb","itemListElement":[{"@type":"ListItem","position":1,"name":"Homepage","item":"https:\/\/talkpal.ai\/fr\/"},{"@type":"ListItem","position":2,"name":"Grammaire islandaise"}]},{"@type":"WebSite","@id":"https:\/\/talkpal.ai\/fr\/#website","url":"https:\/\/talkpal.ai\/fr\/","name":"Talkpal","description":"AI Language Learning","publisher":{"@id":"https:\/\/talkpal.ai\/fr\/#organization"},"alternateName":"Talkpal AI","potentialAction":[{"@type":"SearchAction","target":{"@type":"EntryPoint","urlTemplate":"https:\/\/talkpal.ai\/fr\/?s={search_term_string}"},"query-input":{"@type":"PropertyValueSpecification","valueRequired":true,"valueName":"search_term_string"}}],"inLanguage":"fr-FR"},{"@type":"Organization","@id":"https:\/\/talkpal.ai\/fr\/#organization","name":"Talkpal, Inc.","alternateName":"Talkpal AI","url":"https:\/\/talkpal.ai\/fr\/","logo":{"@type":"ImageObject","inLanguage":"fr-FR","@id":"https:\/\/talkpal.ai\/fr\/#\/schema\/logo\/image\/","url":"https:\/\/talkpal.ai\/wp-content\/uploads\/2024\/03\/Talkpal-Logo-Icon.png","contentUrl":"https:\/\/talkpal.ai\/wp-content\/uploads\/2024\/03\/Talkpal-Logo-Icon.png","width":2880,"height":2880,"caption":"Talkpal, Inc."},"image":{"@id":"https:\/\/talkpal.ai\/fr\/#\/schema\/logo\/image\/"},"sameAs":["https:\/\/www.facebook.com\/profile.php?id=100090733639311","https:\/\/x.com\/talkpalai","https:\/\/www.linkedin.com\/company\/talkpal\/","https:\/\/www.youtube.com\/@TalkPal\/","https:\/\/www.tiktok.com\/@talkpal","https:\/\/www.instagram.com\/talkpal_ai\/","https:\/\/www.crunchbase.com\/organization\/talkpal-9cde","https:\/\/www.g2.com\/products\/talkpal-for-business\/","https:\/\/www.trustpilot.com\/review\/talkpal.ai","https:\/\/www.capterra.com\/p\/10006800\/TalkPal\/"],"description":"Talkpal is a language learning web and mobile education app, powered by the latest AI technologies, that provides engaging experiences to its customers in many different languages to help them improve their language skills. Users can chat about unlimited amount of topics with the app and use other modes to practice their language learning.","email":"support@talkpal.ai","legalName":"Talkpal, Inc.","foundingDate":"2023-04-03","duns":"118989042","numberOfEmployees":{"@type":"QuantitativeValue","minValue":"11","maxValue":"50"},"publishingPrinciples":"https:\/\/talkpal.ai\/publishing-principles\/","actionableFeedbackPolicy":"https:\/\/talkpal.ai\/actionable-feedback-policy\/","correctionsPolicy":"https:\/\/talkpal.ai\/corrections-policy\/","ethicsPolicy":"https:\/\/talkpal.ai\/ethics-policy\/","diversityPolicy":"https:\/\/talkpal.ai\/diversity-policy\/","diversityStaffingReport":"https:\/\/talkpal.ai\/diversity-policy\/"}]}},"_links":{"self":[{"href":"https:\/\/talkpal.ai\/fr\/wp-json\/wp\/v2\/pages\/73805","targetHints":{"allow":["GET"]}}],"collection":[{"href":"https:\/\/talkpal.ai\/fr\/wp-json\/wp\/v2\/pages"}],"about":[{"href":"https:\/\/talkpal.ai\/fr\/wp-json\/wp\/v2\/types\/page"}],"author":[{"embeddable":true,"href":"https:\/\/talkpal.ai\/fr\/wp-json\/wp\/v2\/users\/1"}],"replies":[{"embeddable":true,"href":"https:\/\/talkpal.ai\/fr\/wp-json\/wp\/v2\/comments?post=73805"}],"version-history":[{"count":0,"href":"https:\/\/talkpal.ai\/fr\/wp-json\/wp\/v2\/pages\/73805\/revisions"}],"wp:featuredmedia":[{"embeddable":true,"href":"https:\/\/talkpal.ai\/fr\/wp-json\/wp\/v2\/media\/28364"}],"wp:attachment":[{"href":"https:\/\/talkpal.ai\/fr\/wp-json\/wp\/v2\/media?parent=73805"}],"curies":[{"name":"wp","href":"https:\/\/api.w.org\/{rel}","templated":true}]}}