{"id":73803,"date":"2023-05-14T14:10:42","date_gmt":"2023-05-14T14:10:42","guid":{"rendered":"http:\/\/talkpal.ai\/grammaire-lituanienne\/"},"modified":"2025-12-12T10:44:11","modified_gmt":"2025-12-12T10:44:11","slug":"grammaire-lituanienne","status":"publish","type":"page","link":"https:\/\/talkpal.ai\/fr\/grammaire-lituanienne\/","title":{"rendered":"Grammaire lituanienne"},"content":{"rendered":"\r\n\r\n\r\n<section class=\"languageChallengeSection\">\r\n    <div class=\"languageInfoWrapper\">\r\n        \r\n        <h1>Grammaire lituanienne<\/h1>\r\n        <p>Commencez votre voyage dans la <a href=\"https:\/\/talkpal.ai\/es\/gramatica-lituana\/\">grammaire lituanienne<\/a> et d\u00e9couvrez l&#039;une des langues les plus anciennes et les plus fascinantes d&#039;Europe. Apprenez les r\u00e8gles et les mod\u00e8les essentiels pour construire une base linguistique solide. Plongez dans l&#039;aventure et commencez \u00e0 ma\u00eetriser le <a href=\"https:\/\/talkpal.ai\/learn-lithuanian\/\">lituanien<\/a> d\u00e8s aujourd&#039;hui !<\/p>\r\n\r\n                            <a class=\"getStartedHidden\" href=\"https:\/\/app.talkpal.ai\/fr\/signup?lng=\">Commencer<\/a>\r\n        \r\n    <\/div>\r\n\r\n    <figure>\r\n    <img decoding=\"async\" width=\"768\" height=\"768\" src=\"https:\/\/talkpal.ai\/wp-content\/uploads\/2023\/06\/lithuenian-768x768.png\" class=\"languageImage no-lazy\" alt=\"Default alt text\" fetchpriority=\"high\" sizes=\"(max-width: 768px) 150px, 768px\" srcset=\"https:\/\/talkpal.ai\/wp-content\/uploads\/2023\/06\/lithuenian-768x768.png 768w, https:\/\/talkpal.ai\/wp-content\/uploads\/2023\/06\/lithuenian-300x300.png 300w\" \/>\r\n    \r\n\r\n    <\/figure>\r\n\r\n            <a class=\"getStartedVisible\" href=\"https:\/\/app.talkpal.ai\/fr\/signup?lng=\">Commencer<\/a>\r\n    \r\n<\/section>\r\n        <section class=\"grammarSection\">\r\n            <div class=\"grammarLinks\">\r\n                <a href=\"https:\/\/talkpal.ai\/fr\/language\/adjectifs-grammaire-lituanienne\/\">Adjectifs <\/a><a href=\"https:\/\/talkpal.ai\/fr\/language\/adverbes-grammaire-lituanienne\/\">Adverbes <\/a><a href=\"https:\/\/talkpal.ai\/fr\/language\/articles-grammaire-lituanienne\/\">Articles <\/a><a href=\"https:\/\/talkpal.ai\/fr\/language\/comparaison-des-temps-grammaire-lituanienne\/\">Comparaison des temps <\/a><a href=\"https:\/\/talkpal.ai\/fr\/language\/conditionnels-grammaire-lituanienne\/\">Conditionnels <\/a><a href=\"https:\/\/talkpal.ai\/fr\/language\/noms-grammaire-lituanienne\/\">Noms <\/a><a href=\"https:\/\/talkpal.ai\/fr\/language\/phrases-grammaire-lituanienne\/\">Phrases <\/a><a href=\"https:\/\/talkpal.ai\/fr\/language\/prepositions-grammaire-lituanienne\/\">Pr\u00e9positions <\/a><a href=\"https:\/\/talkpal.ai\/fr\/language\/progressif-grammaire-lituanienne\/\">Progressif <\/a><a href=\"https:\/\/talkpal.ai\/fr\/language\/progressif-parfait-grammaire-lituanienne\/\">Progressif parfait <\/a><a href=\"https:\/\/talkpal.ai\/fr\/language\/pronoms-determinants-grammaire-lituanienne\/\">Pronoms\/D\u00e9terminants <\/a><a href=\"https:\/\/talkpal.ai\/fr\/language\/temps-grammaire-lituanienne\/\">Temps <\/a><a href=\"https:\/\/talkpal.ai\/fr\/language\/verbes-grammaire-lituanienne\/\">Verbes <\/a>            <\/div>\r\n        <\/section>\r\n    <section class=\"promotionalBanner\">\r\n    <p class=\"promotionalText\">La fa\u00e7on la plus efficace d\u2019apprendre une langue<\/p>\r\n    <a class=\"promotionalLink\" href=\"https:\/\/app.talkpal.ai\/fr\/signup?lng=\">Essayez Talkpal gratuitement<\/a>\r\n<\/section>\n<div class=\"wp-block-group pageContainerStyle\"><div class=\"wp-block-group__inner-container is-layout-constrained wp-block-group-is-layout-constrained\">\n<h2 class=\"wp-block-heading\" id=\"h-lithuanian-grammar-a-fascinating-journey-through-language\">Grammaire lituanienne : un voyage fascinant \u00e0 travers la langue<\/h2>\n\n\n\n<p>Avez-vous d\u00e9j\u00e0 envisag\u00e9 d\u2019apprendre le lituanien ou avez-vous simplement \u00e9t\u00e9 intrigu\u00e9 par sa grammaire unique ? Vous allez \u00eatre combl\u00e9 ! La <a href=\"https:\/\/talkpal.ai\/es\/gramatica-lituana\/\">grammaire lituanienne<\/a> peut sembler \u00e9trange au premier abord, mais ne vous y trompez pas, elle met en valeur une logique linguistique exquise. Dans cet article, nous allons d\u00e9voiler les diff\u00e9rents aspects de la grammaire lituanienne, vous permettant d\u2019appr\u00e9cier son charme.<\/p>\n\n\n\n<p>Tout d\u2019abord, un bref rappel : le lituanien est une langue balte principalement parl\u00e9e en Lituanie mais \u00e9galement rencontr\u00e9e dans les pays voisins. En tant que l\u2019une des plus anciennes langues indo-europ\u00e9ennes vivantes, elle conserve des caract\u00e9ristiques archa\u00efques, donnant un aper\u00e7u du d\u00e9veloppement d\u2019autres langues au sein de la famille linguistique. Cette importance historique rend le lituanien particuli\u00e8rement captivant pour les amoureux des langues.<\/p>\n\n\n\n<p>Voyons maintenant quelques aspects cl\u00e9s de la grammaire lituanienne.<\/p>\n\n\n\n<h3 class=\"wp-block-heading\" id=\"h-1-nouns-cases-and-declensions\">1. Noms, cas et d\u00e9clinaisons<\/h3>\n\n\n\n<p>L\u2019une des caract\u00e9ristiques les plus importantes de la grammaire lituanienne est son syst\u00e8me de cas complexe. Les noms adoptent des formes diff\u00e9rentes selon leur fonction dans une phrase et selon qu\u2019ils refl\u00e8tent le sujet, l\u2019objet ou le destinataire d\u2019une action. Le lituanien a sept cas : nominatif, g\u00e9nitif, datif, accusatif, instrumental, locatif et vocatif.<\/p>\n\n\n\n<p>Prenons l&rsquo;exemple du nom \u00ab\u00a0vaikas\u00a0\u00bb (enfant). Il peut se transformer en \u00ab\u00a0vaiko\u00a0\u00bb, \u00ab\u00a0vaikui\u00a0\u00bb, \u00ab\u00a0vaik\u0105\u00a0\u00bb, etc. selon le r\u00f4le qu&rsquo;il joue dans la phrase. En outre, les terminaisons sont influenc\u00e9es par le genre du nom (masculin ou f\u00e9minin) et divis\u00e9es en d\u00e9clinaisons, ce qui rend la langue encore plus polyvalente.<\/p>\n\n\n\n<h3 class=\"wp-block-heading\" id=\"h-2-verb-conjugation-and-tenses\">2. Conjugaison et temps des verbes<\/h3>\n\n\n\n<p>Les verbes lituaniens changent de terminaison en fonction de la personne et du nombre (singulier ou <a href=\"https:\/\/talkpal.ai\/ar\/grammar_exercises\/pluriel-%d8%aa%d9%85%d8%a7%d8%b1%d9%8a%d9%86-%d9%84%d9%84%d9%82%d9%88%d8%a7%d8%b9%d8%af-%d8%a7%d9%84%d9%81%d8%b1%d9%86%d8%b3%d9%8a%d8%a9\/\">pluriel<\/a>) du sujet. Par exemple, le verbe \u00ab\u00a0eiti\u00a0\u00bb (aller) peut devenir \u00ab\u00a0einu\u00a0\u00bb (je vais), \u00ab\u00a0einate\u00a0\u00bb (vous -pluriel- allez), \u00ab\u00a0eina\u00a0\u00bb (ils vont), entre autres formes.<\/p>\n\n\n\n<p>Le lituanien a quatre <a href=\"https:\/\/talkpal.ai\/zh-hans\/grammar_exercises\/temps-%e6%b3%95%e8%af%ad%e8%af%ad%e6%b3%95%e7%bb%83%e4%b9%a0\/\">temps<\/a> principaux : le pr\u00e9sent, le pass\u00e9, le pass\u00e9 it\u00e9ratif et le futur. Il est int\u00e9ressant de noter que le langage comporte \u00e9galement des marqueurs d\u2019aspect : perfectif et imperfectif. Ces marqueurs fournissent des informations suppl\u00e9mentaires sur le fait qu\u2019une action est termin\u00e9e ou en <a href=\"https:\/\/talkpal.ai\/courses\/\">cours<\/a>. Par exemple, \u00ab\u00a0ne\u0161ti\u00a0\u00bb (porter &#8211; imperfectif) versus \u00ab\u00a0nat\u00a0\u00bb (avoir port\u00e9 &#8211; perfectif).<\/p>\n\n\n\n<h3 class=\"wp-block-heading\" id=\"h-3-sentence-structure-and-word-order\">3. Structure des phrases et ordre des mots<\/h3>\n\n\n\n<p>Bien que le lituanien suive g\u00e9n\u00e9ralement l\u2019ordre des mots SVO (sujet-verbe-objet), son syst\u00e8me de casse permet une flexibilit\u00e9 consid\u00e9rable. Contrairement \u00e0 l&rsquo;anglais, o\u00f9 l&rsquo;ordre des mots d\u00e9finit g\u00e9n\u00e9ralement le sens d&rsquo;une phrase, le d\u00e9placement des mots en lituanien ne modifie pas le sens. Par exemple, \u00ab\u00a0kat\u0117 valgo \u017euv\u012f\u00a0\u00bb (le chat mange le poisson) peut aussi \u00eatre \u00ab\u00a0\u017euv\u012f valgo kat\u0117\u00a0\u00bb sans perdre ou alt\u00e9rer son sens.<\/p>\n\n\n\n<p>Cette flexibilit\u00e9 vous permet de jouer avec la structure des phrases, de mettre l\u2019accent sur certains \u00e9l\u00e9ments ou de g\u00e9n\u00e9rer des nuances au fur et \u00e0 mesure que vous ma\u00eetrisez mieux la langue.<\/p>\n\n\n\n<h3 class=\"wp-block-heading\" id=\"h-4-adjectives-adverbs-and-agreement-rules\">4. Adjectifs, adverbes et r\u00e8gles d\u2019accord<\/h3>\n\n\n\n<p>Comme beaucoup de langues, les adjectifs et les adverbes en lituanien d\u00e9crivent des noms et des verbes, mais ils suivent \u00e9galement des r\u00e8gles d\u2019accord sp\u00e9cifiques. En particulier, les adjectifs doivent s\u2019accorder avec le nom qu\u2019ils modifient en majuscules, en genres et en nombres. Une fois que vous aurez saisi les cas des noms et les conjugaisons des verbes, ces r\u00e8gles viendront plus naturellement.<\/p>\n\n\n\n<p>Alors, \u00eates-vous pr\u00eat \u00e0 vous plonger dans la grammaire lituanienne ? Avec de la pers\u00e9v\u00e9rance, du d\u00e9vouement et des ressources appropri\u00e9es, <a href=\"https:\/\/talkpal.ai\/fr\/guide-du-debutant-pour-apprendre-le-lituanien\/\">apprendre le lituanien<\/a>, riche en histoire et en patrimoine culturel, est une exp\u00e9rience extr\u00eamement enrichissante. Abordez la langue \u00e9tape par \u00e9tape, pratiquez r\u00e9guli\u00e8rement et restez ouvert \u00e0 apprendre de vos erreurs. S\u0117km\u0117s\u00a0! (Bonne chance !)<\/p>\n<\/div><\/div>\n\r\n<section class=\"learnNavigationSection\">\r\n            \r\n        <a href=\"https:\/\/talkpal.ai\/fr\/apprendre-le-lituanien\/\">\r\n            <div class=\"learnNavigationWrapper\">\r\n                <div class=\"learnNavigationContent\">\r\n                    <img decoding=\"async\" src=\"https:\/\/talkpal.ai\/wp-content\/uploads\/2024\/08\/Lithuanian.jpg\" alt=\"Lithuanian Flag\">\r\n                    <div>\r\n                        <h4>\u00c0 propos de l&#039;apprentissage en Lituanie<\/h4>\r\n                        <p>Tout savoir sur la grammaire lituanienne.<\/p>\r\n                    <\/div>\r\n                <\/div>\r\n            <\/div>\r\n        <\/a>\r\n\r\n        \r\n        <a href=\"https:\/\/talkpal.ai\/fr\/exercices-de-grammaire-lituanienne\/\">\r\n            <div class=\"learnNavigationWrapper\">\r\n                <div class=\"learnNavigationContent\">\r\n                    <img decoding=\"async\" src=\"https:\/\/talkpal.ai\/wp-content\/uploads\/2024\/08\/Lithuanian.jpg\" alt=\"Lithuanian Flag\">\r\n                    <div>\r\n                        <h4>Exercice de grammaire lituanienne<\/h4>\r\n                        <p>Pratiquez la grammaire lituanienne.<\/p>\r\n                    <\/div>\r\n                <\/div>\r\n            <\/div>\r\n        <\/a>\r\n\r\n        \r\n        <a href=\"https:\/\/talkpal.ai\/vocabulary_language\/lithuanian\/\">\r\n            <div class=\"learnNavigationWrapper\">\r\n                <div class=\"learnNavigationContent\">\r\n                    <img decoding=\"async\" src=\"https:\/\/talkpal.ai\/wp-content\/uploads\/2024\/08\/Lithuanian.jpg\" alt=\"Lithuanian Flag\">\r\n                    <div>\r\n                        <h4>Vocabulaire lituanien<\/h4>\r\n                        <p>\u00c9largissez votre vocabulaire lituanien.<\/p>\r\n                    <\/div>\r\n                <\/div>\r\n            <\/div>\r\n        <\/a>\r\n\r\n            <\/section>","protected":false},"excerpt":{"rendered":"<p>Grammaire lituanienne : un voyage fascinant \u00e0 travers la langue Avez-vous d\u00e9j\u00e0 envisag\u00e9 d\u2019apprendre le lituanien ou avez-vous simplement \u00e9t\u00e9 intrigu\u00e9 par sa grammaire unique ? Vous allez \u00eatre combl\u00e9 ! La grammaire lituanienne peut sembler \u00e9trange au premier abord, mais ne vous y trompez pas, elle met en valeur une logique linguistique exquise. Dans [&hellip;]<\/p>\n","protected":false},"author":1,"featured_media":28460,"parent":0,"menu_order":0,"comment_status":"closed","ping_status":"closed","template":"LearningContentPage.php","meta":{"_acf_changed":false,"footnotes":""},"class_list":["post-73803","page","type-page","status-publish","has-post-thumbnail","hentry"],"acf":[],"yoast_head":"<!-- This site is optimized with the Yoast SEO Premium plugin v27.2 (Yoast SEO v27.2) - https:\/\/yoast.com\/product\/yoast-seo-premium-wordpress\/ -->\n<title>Grammaire lituanienne - Talkpal<\/title>\n<meta name=\"description\" content=\"D\u00e9couvrez comment la grammaire lituanienne refl\u00e8te la richesse et la logique historiques, ce qui en fait une \u00e9tude parfaite pour les amoureux de la langue.\" \/>\n<meta name=\"robots\" content=\"index, follow, max-snippet:-1, max-image-preview:large, max-video-preview:-1\" \/>\n<link rel=\"canonical\" href=\"https:\/\/talkpal.ai\/fr\/grammaire-lituanienne\/\" \/>\n<meta property=\"og:locale\" content=\"fr_FR\" \/>\n<meta property=\"og:type\" content=\"article\" \/>\n<meta property=\"og:title\" content=\"Grammaire lituanienne\" \/>\n<meta property=\"og:description\" content=\"Grammaire lituanienne : un voyage fascinant \u00e0 travers la langue Avez-vous d\u00e9j\u00e0 envisag\u00e9 d\u2019apprendre le lituanien ou avez-vous simplement \u00e9t\u00e9 intrigu\u00e9 par\" \/>\n<meta property=\"og:url\" content=\"https:\/\/talkpal.ai\/fr\/grammaire-lituanienne\/\" \/>\n<meta property=\"og:site_name\" content=\"Talkpal\" \/>\n<meta property=\"article:publisher\" content=\"https:\/\/www.facebook.com\/profile.php?id=100090733639311\" \/>\n<meta property=\"article:modified_time\" content=\"2025-12-12T10:44:11+00:00\" \/>\n<meta property=\"og:image\" content=\"https:\/\/talkpal.ai\/wp-content\/uploads\/2023\/05\/Lithuanian.png\" \/>\n\t<meta property=\"og:image:width\" content=\"512\" \/>\n\t<meta property=\"og:image:height\" content=\"512\" \/>\n\t<meta property=\"og:image:type\" content=\"image\/png\" \/>\n<meta name=\"twitter:card\" content=\"summary_large_image\" \/>\n<meta name=\"twitter:site\" content=\"@talkpalai\" \/>\n<meta name=\"twitter:label1\" content=\"Dur\u00e9e de lecture estim\u00e9e\" \/>\n\t<meta name=\"twitter:data1\" content=\"3 minutes\" \/>\n<script type=\"application\/ld+json\" class=\"yoast-schema-graph\">{\"@context\":\"https:\/\/schema.org\",\"@graph\":[{\"@type\":\"WebPage\",\"@id\":\"https:\/\/talkpal.ai\/fr\/grammaire-lituanienne\/\",\"url\":\"https:\/\/talkpal.ai\/fr\/grammaire-lituanienne\/\",\"name\":\"Grammaire lituanienne - Talkpal\",\"isPartOf\":{\"@id\":\"https:\/\/talkpal.ai\/fr\/#website\"},\"primaryImageOfPage\":{\"@id\":\"https:\/\/talkpal.ai\/fr\/grammaire-lituanienne\/#primaryimage\"},\"image\":{\"@id\":\"https:\/\/talkpal.ai\/fr\/grammaire-lituanienne\/#primaryimage\"},\"thumbnailUrl\":\"https:\/\/talkpal.ai\/wp-content\/uploads\/2023\/05\/Lithuanian.png\",\"datePublished\":\"2023-05-14T14:10:42+00:00\",\"dateModified\":\"2025-12-12T10:44:11+00:00\",\"description\":\"D\u00e9couvrez comment la grammaire lituanienne refl\u00e8te la richesse et la logique historiques, ce qui en fait une \u00e9tude parfaite pour les amoureux de la langue.\",\"breadcrumb\":{\"@id\":\"https:\/\/talkpal.ai\/fr\/grammaire-lituanienne\/#breadcrumb\"},\"inLanguage\":\"fr-FR\",\"potentialAction\":[{\"@type\":\"ReadAction\",\"target\":[\"https:\/\/talkpal.ai\/fr\/grammaire-lituanienne\/\"]}]},{\"@type\":\"ImageObject\",\"inLanguage\":\"fr-FR\",\"@id\":\"https:\/\/talkpal.ai\/fr\/grammaire-lituanienne\/#primaryimage\",\"url\":\"https:\/\/talkpal.ai\/wp-content\/uploads\/2023\/05\/Lithuanian.png\",\"contentUrl\":\"https:\/\/talkpal.ai\/wp-content\/uploads\/2023\/05\/Lithuanian.png\",\"width\":512,\"height\":512},{\"@type\":\"BreadcrumbList\",\"@id\":\"https:\/\/talkpal.ai\/fr\/grammaire-lituanienne\/#breadcrumb\",\"itemListElement\":[{\"@type\":\"ListItem\",\"position\":1,\"name\":\"Homepage\",\"item\":\"https:\/\/talkpal.ai\/fr\/\"},{\"@type\":\"ListItem\",\"position\":2,\"name\":\"Grammaire lituanienne\"}]},{\"@type\":\"WebSite\",\"@id\":\"https:\/\/talkpal.ai\/fr\/#website\",\"url\":\"https:\/\/talkpal.ai\/fr\/\",\"name\":\"Talkpal\",\"description\":\"AI Language Learning\",\"publisher\":{\"@id\":\"https:\/\/talkpal.ai\/fr\/#organization\"},\"alternateName\":\"Talkpal AI\",\"potentialAction\":[{\"@type\":\"SearchAction\",\"target\":{\"@type\":\"EntryPoint\",\"urlTemplate\":\"https:\/\/talkpal.ai\/fr\/?s={search_term_string}\"},\"query-input\":{\"@type\":\"PropertyValueSpecification\",\"valueRequired\":true,\"valueName\":\"search_term_string\"}}],\"inLanguage\":\"fr-FR\"},{\"@type\":\"Organization\",\"@id\":\"https:\/\/talkpal.ai\/fr\/#organization\",\"name\":\"Talkpal, Inc.\",\"alternateName\":\"Talkpal AI\",\"url\":\"https:\/\/talkpal.ai\/fr\/\",\"logo\":{\"@type\":\"ImageObject\",\"inLanguage\":\"fr-FR\",\"@id\":\"https:\/\/talkpal.ai\/fr\/#\/schema\/logo\/image\/\",\"url\":\"https:\/\/talkpal.ai\/wp-content\/uploads\/2024\/03\/Talkpal-Logo-Icon.png\",\"contentUrl\":\"https:\/\/talkpal.ai\/wp-content\/uploads\/2024\/03\/Talkpal-Logo-Icon.png\",\"width\":2880,\"height\":2880,\"caption\":\"Talkpal, Inc.\"},\"image\":{\"@id\":\"https:\/\/talkpal.ai\/fr\/#\/schema\/logo\/image\/\"},\"sameAs\":[\"https:\/\/www.facebook.com\/profile.php?id=100090733639311\",\"https:\/\/x.com\/talkpalai\",\"https:\/\/www.linkedin.com\/company\/talkpal\/\",\"https:\/\/www.youtube.com\/@TalkPal\/\",\"https:\/\/www.tiktok.com\/@talkpal\",\"https:\/\/www.instagram.com\/talkpal_ai\/\",\"https:\/\/www.crunchbase.com\/organization\/talkpal-9cde\",\"https:\/\/www.g2.com\/products\/talkpal-for-business\/\",\"https:\/\/www.trustpilot.com\/review\/talkpal.ai\",\"https:\/\/www.capterra.com\/p\/10006800\/TalkPal\/\"],\"description\":\"Talkpal is a language learning web and mobile education app, powered by the latest AI technologies, that provides engaging experiences to its customers in many different languages to help them improve their language skills. Users can chat about unlimited amount of topics with the app and use other modes to practice their language learning.\",\"email\":\"support@talkpal.ai\",\"legalName\":\"Talkpal, Inc.\",\"foundingDate\":\"2023-04-03\",\"duns\":\"118989042\",\"numberOfEmployees\":{\"@type\":\"QuantitativeValue\",\"minValue\":\"11\",\"maxValue\":\"50\"},\"publishingPrinciples\":\"https:\/\/talkpal.ai\/publishing-principles\/\",\"actionableFeedbackPolicy\":\"https:\/\/talkpal.ai\/actionable-feedback-policy\/\",\"correctionsPolicy\":\"https:\/\/talkpal.ai\/corrections-policy\/\",\"ethicsPolicy\":\"https:\/\/talkpal.ai\/ethics-policy\/\",\"diversityPolicy\":\"https:\/\/talkpal.ai\/diversity-policy\/\",\"diversityStaffingReport\":\"https:\/\/talkpal.ai\/diversity-policy\/\"}]}<\/script>\n<!-- \/ Yoast SEO Premium plugin. -->","yoast_head_json":{"title":"Grammaire lituanienne - Talkpal","description":"D\u00e9couvrez comment la grammaire lituanienne refl\u00e8te la richesse et la logique historiques, ce qui en fait une \u00e9tude parfaite pour les amoureux de la langue.","robots":{"index":"index","follow":"follow","max-snippet":"max-snippet:-1","max-image-preview":"max-image-preview:large","max-video-preview":"max-video-preview:-1"},"canonical":"https:\/\/talkpal.ai\/fr\/grammaire-lituanienne\/","og_locale":"fr_FR","og_type":"article","og_title":"Grammaire lituanienne","og_description":"Grammaire lituanienne : un voyage fascinant \u00e0 travers la langue Avez-vous d\u00e9j\u00e0 envisag\u00e9 d\u2019apprendre le lituanien ou avez-vous simplement \u00e9t\u00e9 intrigu\u00e9 par","og_url":"https:\/\/talkpal.ai\/fr\/grammaire-lituanienne\/","og_site_name":"Talkpal","article_publisher":"https:\/\/www.facebook.com\/profile.php?id=100090733639311","article_modified_time":"2025-12-12T10:44:11+00:00","og_image":[{"width":512,"height":512,"url":"https:\/\/talkpal.ai\/wp-content\/uploads\/2023\/05\/Lithuanian.png","type":"image\/png"}],"twitter_card":"summary_large_image","twitter_site":"@talkpalai","twitter_misc":{"Dur\u00e9e de lecture estim\u00e9e":"3 minutes"},"schema":{"@context":"https:\/\/schema.org","@graph":[{"@type":"WebPage","@id":"https:\/\/talkpal.ai\/fr\/grammaire-lituanienne\/","url":"https:\/\/talkpal.ai\/fr\/grammaire-lituanienne\/","name":"Grammaire lituanienne - Talkpal","isPartOf":{"@id":"https:\/\/talkpal.ai\/fr\/#website"},"primaryImageOfPage":{"@id":"https:\/\/talkpal.ai\/fr\/grammaire-lituanienne\/#primaryimage"},"image":{"@id":"https:\/\/talkpal.ai\/fr\/grammaire-lituanienne\/#primaryimage"},"thumbnailUrl":"https:\/\/talkpal.ai\/wp-content\/uploads\/2023\/05\/Lithuanian.png","datePublished":"2023-05-14T14:10:42+00:00","dateModified":"2025-12-12T10:44:11+00:00","description":"D\u00e9couvrez comment la grammaire lituanienne refl\u00e8te la richesse et la logique historiques, ce qui en fait une \u00e9tude parfaite pour les amoureux de la langue.","breadcrumb":{"@id":"https:\/\/talkpal.ai\/fr\/grammaire-lituanienne\/#breadcrumb"},"inLanguage":"fr-FR","potentialAction":[{"@type":"ReadAction","target":["https:\/\/talkpal.ai\/fr\/grammaire-lituanienne\/"]}]},{"@type":"ImageObject","inLanguage":"fr-FR","@id":"https:\/\/talkpal.ai\/fr\/grammaire-lituanienne\/#primaryimage","url":"https:\/\/talkpal.ai\/wp-content\/uploads\/2023\/05\/Lithuanian.png","contentUrl":"https:\/\/talkpal.ai\/wp-content\/uploads\/2023\/05\/Lithuanian.png","width":512,"height":512},{"@type":"BreadcrumbList","@id":"https:\/\/talkpal.ai\/fr\/grammaire-lituanienne\/#breadcrumb","itemListElement":[{"@type":"ListItem","position":1,"name":"Homepage","item":"https:\/\/talkpal.ai\/fr\/"},{"@type":"ListItem","position":2,"name":"Grammaire lituanienne"}]},{"@type":"WebSite","@id":"https:\/\/talkpal.ai\/fr\/#website","url":"https:\/\/talkpal.ai\/fr\/","name":"Talkpal","description":"AI Language Learning","publisher":{"@id":"https:\/\/talkpal.ai\/fr\/#organization"},"alternateName":"Talkpal AI","potentialAction":[{"@type":"SearchAction","target":{"@type":"EntryPoint","urlTemplate":"https:\/\/talkpal.ai\/fr\/?s={search_term_string}"},"query-input":{"@type":"PropertyValueSpecification","valueRequired":true,"valueName":"search_term_string"}}],"inLanguage":"fr-FR"},{"@type":"Organization","@id":"https:\/\/talkpal.ai\/fr\/#organization","name":"Talkpal, Inc.","alternateName":"Talkpal AI","url":"https:\/\/talkpal.ai\/fr\/","logo":{"@type":"ImageObject","inLanguage":"fr-FR","@id":"https:\/\/talkpal.ai\/fr\/#\/schema\/logo\/image\/","url":"https:\/\/talkpal.ai\/wp-content\/uploads\/2024\/03\/Talkpal-Logo-Icon.png","contentUrl":"https:\/\/talkpal.ai\/wp-content\/uploads\/2024\/03\/Talkpal-Logo-Icon.png","width":2880,"height":2880,"caption":"Talkpal, Inc."},"image":{"@id":"https:\/\/talkpal.ai\/fr\/#\/schema\/logo\/image\/"},"sameAs":["https:\/\/www.facebook.com\/profile.php?id=100090733639311","https:\/\/x.com\/talkpalai","https:\/\/www.linkedin.com\/company\/talkpal\/","https:\/\/www.youtube.com\/@TalkPal\/","https:\/\/www.tiktok.com\/@talkpal","https:\/\/www.instagram.com\/talkpal_ai\/","https:\/\/www.crunchbase.com\/organization\/talkpal-9cde","https:\/\/www.g2.com\/products\/talkpal-for-business\/","https:\/\/www.trustpilot.com\/review\/talkpal.ai","https:\/\/www.capterra.com\/p\/10006800\/TalkPal\/"],"description":"Talkpal is a language learning web and mobile education app, powered by the latest AI technologies, that provides engaging experiences to its customers in many different languages to help them improve their language skills. Users can chat about unlimited amount of topics with the app and use other modes to practice their language learning.","email":"support@talkpal.ai","legalName":"Talkpal, Inc.","foundingDate":"2023-04-03","duns":"118989042","numberOfEmployees":{"@type":"QuantitativeValue","minValue":"11","maxValue":"50"},"publishingPrinciples":"https:\/\/talkpal.ai\/publishing-principles\/","actionableFeedbackPolicy":"https:\/\/talkpal.ai\/actionable-feedback-policy\/","correctionsPolicy":"https:\/\/talkpal.ai\/corrections-policy\/","ethicsPolicy":"https:\/\/talkpal.ai\/ethics-policy\/","diversityPolicy":"https:\/\/talkpal.ai\/diversity-policy\/","diversityStaffingReport":"https:\/\/talkpal.ai\/diversity-policy\/"}]}},"_links":{"self":[{"href":"https:\/\/talkpal.ai\/fr\/wp-json\/wp\/v2\/pages\/73803","targetHints":{"allow":["GET"]}}],"collection":[{"href":"https:\/\/talkpal.ai\/fr\/wp-json\/wp\/v2\/pages"}],"about":[{"href":"https:\/\/talkpal.ai\/fr\/wp-json\/wp\/v2\/types\/page"}],"author":[{"embeddable":true,"href":"https:\/\/talkpal.ai\/fr\/wp-json\/wp\/v2\/users\/1"}],"replies":[{"embeddable":true,"href":"https:\/\/talkpal.ai\/fr\/wp-json\/wp\/v2\/comments?post=73803"}],"version-history":[{"count":0,"href":"https:\/\/talkpal.ai\/fr\/wp-json\/wp\/v2\/pages\/73803\/revisions"}],"wp:featuredmedia":[{"embeddable":true,"href":"https:\/\/talkpal.ai\/fr\/wp-json\/wp\/v2\/media\/28460"}],"wp:attachment":[{"href":"https:\/\/talkpal.ai\/fr\/wp-json\/wp\/v2\/media?parent=73803"}],"curies":[{"name":"wp","href":"https:\/\/api.w.org\/{rel}","templated":true}]}}