{"id":73791,"date":"2023-05-14T14:09:29","date_gmt":"2023-05-14T14:09:29","guid":{"rendered":"http:\/\/talkpal.ai\/grammaire-indonesienne\/"},"modified":"2025-12-13T15:43:55","modified_gmt":"2025-12-13T15:43:55","slug":"grammaire-indonesienne","status":"publish","type":"page","link":"https:\/\/talkpal.ai\/fr\/grammaire-indonesienne\/","title":{"rendered":"Grammaire indon\u00e9sienne"},"content":{"rendered":"\r\n\r\n\r\n<section class=\"languageChallengeSection\">\r\n    <div class=\"languageInfoWrapper\">\r\n        \r\n        <h1>Grammaire indon\u00e9sienne<\/h1>\r\n        <p>Vous souhaitez ma\u00eetriser l&#039;<a href=\"https:\/\/talkpal.ai\/learn-indonesian\/\">indon\u00e9sien<\/a> ? Avec sa grammaire simple &#8211; pas de conjugaison des verbes, pas de genre des noms, et une structure de phrase simple &#8211; l&#039;indon\u00e9sien est l&#039;une des langues les plus faciles \u00e0 apprendre. Commencez votre voyage aujourd&#039;hui et voyez comment la compr\u00e9hension de la <a href=\"https:\/\/talkpal.ai\/indonesian-grammar\/\">grammaire indon\u00e9sienne<\/a> peut rapidement vous ouvrir un monde de communication et d&#039;exp\u00e9riences culturelles vibrantes !<\/p>\r\n\r\n                            <a class=\"getStartedHidden\" href=\"https:\/\/app.talkpal.ai\/fr\/signup?lng=\">Commencer<\/a>\r\n        \r\n    <\/div>\r\n\r\n    <figure>\r\n    <img decoding=\"async\" width=\"768\" height=\"768\" src=\"https:\/\/talkpal.ai\/wp-content\/uploads\/2023\/06\/indonesia-768x768.png\" class=\"languageImage no-lazy\" alt=\"Default alt text\" fetchpriority=\"high\" sizes=\"(max-width: 768px) 150px, 768px\" srcset=\"https:\/\/talkpal.ai\/wp-content\/uploads\/2023\/06\/indonesia-768x768.png 768w, https:\/\/talkpal.ai\/wp-content\/uploads\/2023\/06\/indonesia-300x300.png 300w\" \/>\r\n    \r\n\r\n    <\/figure>\r\n\r\n            <a class=\"getStartedVisible\" href=\"https:\/\/app.talkpal.ai\/fr\/signup?lng=\">Commencer<\/a>\r\n    \r\n<\/section>\r\n        <section class=\"grammarSection\">\r\n            <div class=\"grammarLinks\">\r\n                <a href=\"https:\/\/talkpal.ai\/fr\/language\/adjectifs-grammaire-indonesienne\/\">Adjectifs <\/a><a href=\"https:\/\/talkpal.ai\/fr\/language\/adverbes-grammaire-indonesienne\/\">Adverbes <\/a><a href=\"https:\/\/talkpal.ai\/fr\/language\/articles-grammaire-indonesienne\/\">Articles <\/a><a href=\"https:\/\/talkpal.ai\/fr\/language\/comparaison-des-temps-grammaire-indonesienne\/\">Comparaison des temps <\/a><a href=\"https:\/\/talkpal.ai\/fr\/language\/conditionnels-grammaire-indonesienne\/\">Conditionnels <\/a><a href=\"https:\/\/talkpal.ai\/fr\/language\/noms-grammaire-indonesienne\/\">Noms <\/a><a href=\"https:\/\/talkpal.ai\/fr\/language\/phrases-grammaire-indonesienne\/\">Phrases <\/a><a href=\"https:\/\/talkpal.ai\/fr\/language\/prepositions-grammaire-indonesienne\/\">Pr\u00e9positions <\/a><a href=\"https:\/\/talkpal.ai\/fr\/language\/progressif-parfait-grammaire-indonesienne\/\">Progressif parfait <\/a><a href=\"https:\/\/talkpal.ai\/fr\/language\/progressive-grammaire-indonesienne\/\">Progressive <\/a><a href=\"https:\/\/talkpal.ai\/fr\/language\/pronoms-determinants-grammaire-indonesienne\/\">Pronoms\/D\u00e9terminants <\/a><a href=\"https:\/\/talkpal.ai\/fr\/language\/temps-grammaire-indonesienne\/\">Temps <\/a><a href=\"https:\/\/talkpal.ai\/fr\/language\/verbes-grammaire-indonesienne\/\">Verbes <\/a>            <\/div>\r\n        <\/section>\r\n    <section class=\"promotionalBanner\">\r\n    <p class=\"promotionalText\"><\/p>\r\n    <a class=\"promotionalLink\" href=\"https:\/\/app.talkpal.ai\/fr\/signup?lng=\"><\/a>\r\n<\/section>\n<div class=\"wp-block-group pageContainerStyle\"><div class=\"wp-block-group__inner-container is-layout-constrained wp-block-group-is-layout-constrained\">\n<h2 class=\"wp-block-heading\" id=\"h-the-wonders-of-indonesian-grammar-a-guide-for-language-learners\">Les merveilles de la grammaire indon\u00e9sienne : un guide pour les apprenants de langues<\/h2>\n\n\n\n<p>La grammaire indon\u00e9sienne &#8211; simple et \u00e9l\u00e9gante, accueillante et engageante, accessible et passionnante. Alors que vous vous lancez dans votre voyage pour <a href=\"https:\/\/talkpal.ai\/mastering-fluency-how-to-apprendre-la-langue-de-francais-easily\/\">apprendre la langue<\/a> indon\u00e9sienne, soyez assur\u00e9 que l\u2019adoption de sa grammaire sera une exp\u00e9rience agr\u00e9able. Avec cet article, nous visons \u00e0 vous fournir une compr\u00e9hension des aspects cl\u00e9s de la grammaire indon\u00e9sienne et \u00e0 vous aider \u00e0 embrasser la beaut\u00e9 de cette langue d\u2019Asie du Sud-Est.<\/p>\n\n\n\n<p>Nous allons nous plonger dans les \u00e9l\u00e9ments fondamentaux de la grammaire indon\u00e9sienne, avec des explications et des exemples qui rendent les r\u00e8gles et les concepts d\u00e9licieusement clairs. Alors, asseyez-vous, d\u00e9tendez-vous et laissez-nous vous d\u00e9voiler les secrets fascinants de la grammaire indon\u00e9sienne.<\/p>\n\n\n\n<h3 class=\"wp-block-heading\" id=\"h-1-nouns-no-genders-no-plurals-no-stress\">1. Noms : pas de genres, pas de pluriels, pas d\u2019accent !<\/h3>\n\n\n\n<p>L\u2019un des aspects les plus rafra\u00eechissants de la grammaire indon\u00e9sienne est la simplicit\u00e9 de son syst\u00e8me nominal. Les noms indon\u00e9siens n\u2019ont pas de genre ou de <a href=\"https:\/\/talkpal.ai\/ar\/grammar_exercises\/pluriel-%d8%aa%d9%85%d8%a7%d8%b1%d9%8a%d9%86-%d9%84%d9%84%d9%82%d9%88%d8%a7%d8%b9%d8%af-%d8%a7%d9%84%d9%81%d8%b1%d9%86%d8%b3%d9%8a%d8%a9\/\">pluriel<\/a>. Cela signifie que vous dites \u00ab\u00a0anjing\u00a0\u00bb (chien), que vous parliez d&rsquo;un chiot ou d&rsquo;un groupe de chiens adultes.<\/p>\n\n\n\n<p>Pour sp\u00e9cifier une forme plurielle, vous pouvez soit r\u00e9p\u00e9ter le nom (par exemple, \u00ab\u00a0anak-anak\u00a0\u00bb pour \u00ab\u00a0enfants\u00a0\u00bb), soit utiliser un terme quantitatif comme \u00ab\u00a0banyak\u00a0\u00bb (beaucoup) ou \u00ab\u00a0beberapa\u00a0\u00bb (quelques-uns). C&rsquo;est tout ! <a href=\"https:\/\/talkpal.ai\/culture\/how-do-i-use-nest-ce-pas-to-confirm-information\/\">N&rsquo;est-ce pas<\/a> une bouff\u00e9e d&rsquo;air frais par rapport \u00e0 d&rsquo;autres langues ?<\/p>\n\n\n\n<h3 class=\"wp-block-heading\" id=\"h-2-pronouns-staying-humble-and-respectful\">2. Les pronoms : rester humble et respectueux<\/h3>\n\n\n\n<p>La grammaire indon\u00e9sienne utilise diff\u00e9rents pronoms en fonction de diff\u00e9rents niveaux de formalit\u00e9. L\u2019utilisation du pronom appropri\u00e9 lorsque vous vous adressez \u00e0 quelqu\u2019un est essentielle pour faire preuve de respect et d\u2019humilit\u00e9. Par exemple, \u00ab\u00a0aku\u00a0\u00bb (je\/moi) est d\u00e9contract\u00e9 et intime, \u00ab\u00a0saya\u00a0\u00bb est poli et neutre, et \u00ab\u00a0saya\u00a0\u00bb est formel et humble. De m\u00eame, \u00ab\u00a0kamu\u00a0\u00bb (vous) est informel, \u00ab\u00a0Anda\u00a0\u00bb est poli et \u00ab\u00a0Bapak\/Ibu\u00a0\u00bb (Monsieur\/Madame) est r\u00e9serv\u00e9 aux situations tr\u00e8s formelles.<\/p>\n\n\n\n<p>Rappelez-vous qu&rsquo;il est toujours pr\u00e9f\u00e9rable de p\u00e9cher par exc\u00e8s de politesse dans les situations nouvelles ou incertaines.<\/p>\n\n\n\n<h3 class=\"wp-block-heading\" id=\"h-3-verbs-no-conjugations-but-prefixes-and-suffixes-galore\">3. Verbes : Pas de conjugaison, mais des pr\u00e9fixes et des suffixes \u00e0 gogo !<\/h3>\n\n\n\n<p>Les verbes indon\u00e9siens restent inchang\u00e9s quel que soit le <a href=\"https:\/\/talkpal.ai\/zh-hans\/grammar_exercises\/temps-%e6%b3%95%e8%af%ad%e8%af%ad%e6%b3%95%e7%bb%83%e4%b9%a0\/\">temps<\/a>, l\u2019humeur ou le sujet, ce qui les rend beaucoup plus simples que les verbes de nombreuses autres langues. Cependant, vous devrez ma\u00eetriser l&rsquo;utilisation des pr\u00e9fixes et des suffixes pour modifier le <a href=\"https:\/\/talkpal.ai\/locations\/language-courses-in-sens\/\">sens<\/a> du verbe.<\/p>\n\n\n\n<p>Les pr\u00e9fixes les plus courants sont \u00ab\u00a0me-\u00a0\u00bb (verbes actifs), \u00ab\u00a0di-\u00a0\u00bb (verbes passifs) et \u00ab\u00a0ber-\u00a0\u00bb (verbes statifs). Les suffixes les plus courants sont \u00ab\u00a0-kan\u00a0\u00bb (verbes causatifs) et \u00ab\u00a0-i\u00a0\u00bb (verbes transitifs). Par exemple, \u00ab\u00a0makan\u00a0\u00bb signifie \u00ab\u00a0manger\u00a0\u00bb, \u00ab\u00a0memakan\u00a0\u00bb signifie \u00ab\u00a0consommer\u00a0\u00bb et \u00ab\u00a0dimakan\u00a0\u00bb signifie \u00ab\u00a0\u00eatre mang\u00e9\u00a0\u00bb.<\/p>\n\n\n\n<h3 class=\"wp-block-heading\" id=\"h-4-word-order-subject-verb-object-simplicity\">4. Ordre des mots : Simplicit\u00e9 sujet-verbe-objet !<\/h3>\n\n\n\n<p>La grammaire indon\u00e9sienne suit un ordre de mots simple Sujet-Verbe-Objet (SVO), similaire \u00e0 l\u2019anglais. Cela rend la construction et la compr\u00e9hension des phrases beaucoup plus faciles pour les anglophones. Par exemple, \u00ab\u00a0Saya memakan pisang\u00a0\u00bb se traduit directement par \u00ab\u00a0Je (sujet) mange (verbe) banane (objet)\u00a0\u00bb.<\/p>\n\n\n\n<h3 class=\"wp-block-heading\" id=\"h-5-immerse-yourself-in-indonesian-practice-makes-perfect\">5. Immergez-vous dans l\u2019indon\u00e9sien : c\u2019est en forgeant qu\u2019on devient forgeron<\/h3>\n\n\n\n<p>La beaut\u00e9 de la grammaire indon\u00e9sienne r\u00e9side dans sa simplicit\u00e9 et son accessibilit\u00e9. Une pratique r\u00e9guli\u00e8re par la lecture, l\u2019\u00e9criture, l\u2019\u00e9coute et l\u2019expression orale vous aidera \u00e0 ma\u00eetriser la langue et sa grammaire. Relevez les d\u00e9fis, conqu\u00e9rez les complexit\u00e9s et d\u00e9couvrez le v\u00e9ritable charme de la langue indon\u00e9sienne.<\/p>\n\n\n\n<p>Alors, \u00eates-vous pr\u00eat \u00e0 vous plonger dans les merveilles de la grammaire indon\u00e9sienne ? Abordez-le avec confiance et curiosit\u00e9, et avec engagement et enthousiasme, vous pourrez bient\u00f4t devenir un locuteur \u00e9loquent de l\u2019indon\u00e9sien. Selamat belajar\u00a0! (Bonne \u00e9tude\u00a0!)<\/p>\n<\/div><\/div>\n\r\n<section class=\"learnNavigationSection\">\r\n            \r\n        <a href=\"https:\/\/talkpal.ai\/fr\/apprendre-lindonesien\/\">\r\n            <div class=\"learnNavigationWrapper\">\r\n                <div class=\"learnNavigationContent\">\r\n                    <img decoding=\"async\" src=\"https:\/\/talkpal.ai\/wp-content\/uploads\/2024\/08\/Indonesian.jpg\" alt=\"Indonesian Flag\">\r\n                    <div>\r\n                        <h4>\u00c0 propos de l&#039;apprentissage de l&#039;indon\u00e9sien<\/h4>\r\n                        <p>Tout savoir sur la grammaire indon\u00e9sienne.<\/p>\r\n                    <\/div>\r\n                <\/div>\r\n            <\/div>\r\n        <\/a>\r\n\r\n        \r\n        <a href=\"https:\/\/talkpal.ai\/fr\/exercices-de-grammaire-indonesienne\/\">\r\n            <div class=\"learnNavigationWrapper\">\r\n                <div class=\"learnNavigationContent\">\r\n                    <img decoding=\"async\" src=\"https:\/\/talkpal.ai\/wp-content\/uploads\/2024\/08\/Indonesian.jpg\" alt=\"Indonesian Flag\">\r\n                    <div>\r\n                        <h4>Exercice de grammaire indon\u00e9sienne<\/h4>\r\n                        <p>Pratiquez la grammaire indon\u00e9sienne.<\/p>\r\n                    <\/div>\r\n                <\/div>\r\n            <\/div>\r\n        <\/a>\r\n\r\n        \r\n        <a href=\"https:\/\/talkpal.ai\/vocabulary_language\/indonesian\/\">\r\n            <div class=\"learnNavigationWrapper\">\r\n                <div class=\"learnNavigationContent\">\r\n                    <img decoding=\"async\" src=\"https:\/\/talkpal.ai\/wp-content\/uploads\/2024\/08\/Indonesian.jpg\" alt=\"Indonesian Flag\">\r\n                    <div>\r\n                        <h4>Vocabulaire indon\u00e9sien<\/h4>\r\n                        <p>\u00c9largissez votre vocabulaire indon\u00e9sien.<\/p>\r\n                    <\/div>\r\n                <\/div>\r\n            <\/div>\r\n        <\/a>\r\n\r\n            <\/section>","protected":false},"excerpt":{"rendered":"<p>Les merveilles de la grammaire indon\u00e9sienne : un guide pour les apprenants de langues La grammaire indon\u00e9sienne &#8211; simple et \u00e9l\u00e9gante, accueillante et engageante, accessible et passionnante. Alors que vous vous lancez dans votre voyage pour apprendre la langue indon\u00e9sienne, soyez assur\u00e9 que l\u2019adoption de sa grammaire sera une exp\u00e9rience agr\u00e9able. Avec cet article, nous [&hellip;]<\/p>\n","protected":false},"author":1,"featured_media":28380,"parent":0,"menu_order":0,"comment_status":"closed","ping_status":"closed","template":"LearningContentPage.php","meta":{"_acf_changed":false,"footnotes":""},"class_list":["post-73791","page","type-page","status-publish","has-post-thumbnail","hentry"],"acf":[],"yoast_head":"<!-- This site is optimized with the Yoast SEO Premium plugin v27.2 (Yoast SEO v27.2) - https:\/\/yoast.com\/product\/yoast-seo-premium-wordpress\/ -->\n<title>Grammaire indon\u00e9sienne - Talkpal<\/title>\n<meta name=\"description\" content=\"Ma\u00eetrisez la grammaire indon\u00e9sienne sans effort gr\u00e2ce \u00e0 l&#039;application d&#039;apprentissage des langues par l&#039;IA de Talkpal. Communiquez en toute confiance gr\u00e2ce aux conseils de TalkpalVous pouvez communiquer en toute confiance gr\u00e2ce \u00e0 l&#039;aide de l&#039;IA.\" \/>\n<meta name=\"robots\" content=\"index, follow, max-snippet:-1, max-image-preview:large, max-video-preview:-1\" \/>\n<link rel=\"canonical\" href=\"https:\/\/talkpal.ai\/fr\/grammaire-indonesienne\/\" \/>\n<meta property=\"og:locale\" content=\"fr_FR\" \/>\n<meta property=\"og:type\" content=\"article\" \/>\n<meta property=\"og:title\" content=\"Grammaire indon\u00e9sienne\" \/>\n<meta property=\"og:description\" content=\"Les merveilles de la grammaire indon\u00e9sienne : un guide pour les apprenants de langues La grammaire indon\u00e9sienne - simple et \u00e9l\u00e9gante, accueillante et\" \/>\n<meta property=\"og:url\" content=\"https:\/\/talkpal.ai\/fr\/grammaire-indonesienne\/\" \/>\n<meta property=\"og:site_name\" content=\"Talkpal\" \/>\n<meta property=\"article:publisher\" content=\"https:\/\/www.facebook.com\/profile.php?id=100090733639311\" \/>\n<meta property=\"article:modified_time\" content=\"2025-12-13T15:43:55+00:00\" \/>\n<meta property=\"og:image\" content=\"https:\/\/talkpal.ai\/wp-content\/uploads\/2023\/05\/indonesia.png\" \/>\n\t<meta property=\"og:image:width\" content=\"512\" \/>\n\t<meta property=\"og:image:height\" content=\"512\" \/>\n\t<meta property=\"og:image:type\" content=\"image\/png\" \/>\n<meta name=\"twitter:card\" content=\"summary_large_image\" \/>\n<meta name=\"twitter:site\" content=\"@talkpalai\" \/>\n<meta name=\"twitter:label1\" content=\"Dur\u00e9e de lecture estim\u00e9e\" \/>\n\t<meta name=\"twitter:data1\" content=\"3 minutes\" \/>\n<script type=\"application\/ld+json\" class=\"yoast-schema-graph\">{\"@context\":\"https:\/\/schema.org\",\"@graph\":[{\"@type\":\"WebPage\",\"@id\":\"https:\/\/talkpal.ai\/fr\/grammaire-indonesienne\/\",\"url\":\"https:\/\/talkpal.ai\/fr\/grammaire-indonesienne\/\",\"name\":\"Grammaire indon\u00e9sienne - Talkpal\",\"isPartOf\":{\"@id\":\"https:\/\/talkpal.ai\/fr\/#website\"},\"primaryImageOfPage\":{\"@id\":\"https:\/\/talkpal.ai\/fr\/grammaire-indonesienne\/#primaryimage\"},\"image\":{\"@id\":\"https:\/\/talkpal.ai\/fr\/grammaire-indonesienne\/#primaryimage\"},\"thumbnailUrl\":\"https:\/\/talkpal.ai\/wp-content\/uploads\/2023\/05\/indonesia.png\",\"datePublished\":\"2023-05-14T14:09:29+00:00\",\"dateModified\":\"2025-12-13T15:43:55+00:00\",\"description\":\"Ma\u00eetrisez la grammaire indon\u00e9sienne sans effort gr\u00e2ce \u00e0 l'application d'apprentissage des langues par l'IA de Talkpal. Communiquez en toute confiance gr\u00e2ce aux conseils de TalkpalVous pouvez communiquer en toute confiance gr\u00e2ce \u00e0 l'aide de l'IA.\",\"breadcrumb\":{\"@id\":\"https:\/\/talkpal.ai\/fr\/grammaire-indonesienne\/#breadcrumb\"},\"inLanguage\":\"fr-FR\",\"potentialAction\":[{\"@type\":\"ReadAction\",\"target\":[\"https:\/\/talkpal.ai\/fr\/grammaire-indonesienne\/\"]}]},{\"@type\":\"ImageObject\",\"inLanguage\":\"fr-FR\",\"@id\":\"https:\/\/talkpal.ai\/fr\/grammaire-indonesienne\/#primaryimage\",\"url\":\"https:\/\/talkpal.ai\/wp-content\/uploads\/2023\/05\/indonesia.png\",\"contentUrl\":\"https:\/\/talkpal.ai\/wp-content\/uploads\/2023\/05\/indonesia.png\",\"width\":512,\"height\":512},{\"@type\":\"BreadcrumbList\",\"@id\":\"https:\/\/talkpal.ai\/fr\/grammaire-indonesienne\/#breadcrumb\",\"itemListElement\":[{\"@type\":\"ListItem\",\"position\":1,\"name\":\"Homepage\",\"item\":\"https:\/\/talkpal.ai\/fr\/\"},{\"@type\":\"ListItem\",\"position\":2,\"name\":\"Grammaire indon\u00e9sienne\"}]},{\"@type\":\"WebSite\",\"@id\":\"https:\/\/talkpal.ai\/fr\/#website\",\"url\":\"https:\/\/talkpal.ai\/fr\/\",\"name\":\"Talkpal\",\"description\":\"AI Language Learning\",\"publisher\":{\"@id\":\"https:\/\/talkpal.ai\/fr\/#organization\"},\"alternateName\":\"Talkpal AI\",\"potentialAction\":[{\"@type\":\"SearchAction\",\"target\":{\"@type\":\"EntryPoint\",\"urlTemplate\":\"https:\/\/talkpal.ai\/fr\/?s={search_term_string}\"},\"query-input\":{\"@type\":\"PropertyValueSpecification\",\"valueRequired\":true,\"valueName\":\"search_term_string\"}}],\"inLanguage\":\"fr-FR\"},{\"@type\":\"Organization\",\"@id\":\"https:\/\/talkpal.ai\/fr\/#organization\",\"name\":\"Talkpal, Inc.\",\"alternateName\":\"Talkpal AI\",\"url\":\"https:\/\/talkpal.ai\/fr\/\",\"logo\":{\"@type\":\"ImageObject\",\"inLanguage\":\"fr-FR\",\"@id\":\"https:\/\/talkpal.ai\/fr\/#\/schema\/logo\/image\/\",\"url\":\"https:\/\/talkpal.ai\/wp-content\/uploads\/2024\/03\/Talkpal-Logo-Icon.png\",\"contentUrl\":\"https:\/\/talkpal.ai\/wp-content\/uploads\/2024\/03\/Talkpal-Logo-Icon.png\",\"width\":2880,\"height\":2880,\"caption\":\"Talkpal, Inc.\"},\"image\":{\"@id\":\"https:\/\/talkpal.ai\/fr\/#\/schema\/logo\/image\/\"},\"sameAs\":[\"https:\/\/www.facebook.com\/profile.php?id=100090733639311\",\"https:\/\/x.com\/talkpalai\",\"https:\/\/www.linkedin.com\/company\/talkpal\/\",\"https:\/\/www.youtube.com\/@TalkPal\/\",\"https:\/\/www.tiktok.com\/@talkpal\",\"https:\/\/www.instagram.com\/talkpal_ai\/\",\"https:\/\/www.crunchbase.com\/organization\/talkpal-9cde\",\"https:\/\/www.g2.com\/products\/talkpal-for-business\/\",\"https:\/\/www.trustpilot.com\/review\/talkpal.ai\",\"https:\/\/www.capterra.com\/p\/10006800\/TalkPal\/\"],\"description\":\"Talkpal is a language learning web and mobile education app, powered by the latest AI technologies, that provides engaging experiences to its customers in many different languages to help them improve their language skills. Users can chat about unlimited amount of topics with the app and use other modes to practice their language learning.\",\"email\":\"support@talkpal.ai\",\"legalName\":\"Talkpal, Inc.\",\"foundingDate\":\"2023-04-03\",\"duns\":\"118989042\",\"numberOfEmployees\":{\"@type\":\"QuantitativeValue\",\"minValue\":\"11\",\"maxValue\":\"50\"},\"publishingPrinciples\":\"https:\/\/talkpal.ai\/publishing-principles\/\",\"actionableFeedbackPolicy\":\"https:\/\/talkpal.ai\/actionable-feedback-policy\/\",\"correctionsPolicy\":\"https:\/\/talkpal.ai\/corrections-policy\/\",\"ethicsPolicy\":\"https:\/\/talkpal.ai\/ethics-policy\/\",\"diversityPolicy\":\"https:\/\/talkpal.ai\/diversity-policy\/\",\"diversityStaffingReport\":\"https:\/\/talkpal.ai\/diversity-policy\/\"}]}<\/script>\n<!-- \/ Yoast SEO Premium plugin. -->","yoast_head_json":{"title":"Grammaire indon\u00e9sienne - Talkpal","description":"Ma\u00eetrisez la grammaire indon\u00e9sienne sans effort gr\u00e2ce \u00e0 l'application d'apprentissage des langues par l'IA de Talkpal. Communiquez en toute confiance gr\u00e2ce aux conseils de TalkpalVous pouvez communiquer en toute confiance gr\u00e2ce \u00e0 l'aide de l'IA.","robots":{"index":"index","follow":"follow","max-snippet":"max-snippet:-1","max-image-preview":"max-image-preview:large","max-video-preview":"max-video-preview:-1"},"canonical":"https:\/\/talkpal.ai\/fr\/grammaire-indonesienne\/","og_locale":"fr_FR","og_type":"article","og_title":"Grammaire indon\u00e9sienne","og_description":"Les merveilles de la grammaire indon\u00e9sienne : un guide pour les apprenants de langues La grammaire indon\u00e9sienne - simple et \u00e9l\u00e9gante, accueillante et","og_url":"https:\/\/talkpal.ai\/fr\/grammaire-indonesienne\/","og_site_name":"Talkpal","article_publisher":"https:\/\/www.facebook.com\/profile.php?id=100090733639311","article_modified_time":"2025-12-13T15:43:55+00:00","og_image":[{"width":512,"height":512,"url":"https:\/\/talkpal.ai\/wp-content\/uploads\/2023\/05\/indonesia.png","type":"image\/png"}],"twitter_card":"summary_large_image","twitter_site":"@talkpalai","twitter_misc":{"Dur\u00e9e de lecture estim\u00e9e":"3 minutes"},"schema":{"@context":"https:\/\/schema.org","@graph":[{"@type":"WebPage","@id":"https:\/\/talkpal.ai\/fr\/grammaire-indonesienne\/","url":"https:\/\/talkpal.ai\/fr\/grammaire-indonesienne\/","name":"Grammaire indon\u00e9sienne - Talkpal","isPartOf":{"@id":"https:\/\/talkpal.ai\/fr\/#website"},"primaryImageOfPage":{"@id":"https:\/\/talkpal.ai\/fr\/grammaire-indonesienne\/#primaryimage"},"image":{"@id":"https:\/\/talkpal.ai\/fr\/grammaire-indonesienne\/#primaryimage"},"thumbnailUrl":"https:\/\/talkpal.ai\/wp-content\/uploads\/2023\/05\/indonesia.png","datePublished":"2023-05-14T14:09:29+00:00","dateModified":"2025-12-13T15:43:55+00:00","description":"Ma\u00eetrisez la grammaire indon\u00e9sienne sans effort gr\u00e2ce \u00e0 l'application d'apprentissage des langues par l'IA de Talkpal. Communiquez en toute confiance gr\u00e2ce aux conseils de TalkpalVous pouvez communiquer en toute confiance gr\u00e2ce \u00e0 l'aide de l'IA.","breadcrumb":{"@id":"https:\/\/talkpal.ai\/fr\/grammaire-indonesienne\/#breadcrumb"},"inLanguage":"fr-FR","potentialAction":[{"@type":"ReadAction","target":["https:\/\/talkpal.ai\/fr\/grammaire-indonesienne\/"]}]},{"@type":"ImageObject","inLanguage":"fr-FR","@id":"https:\/\/talkpal.ai\/fr\/grammaire-indonesienne\/#primaryimage","url":"https:\/\/talkpal.ai\/wp-content\/uploads\/2023\/05\/indonesia.png","contentUrl":"https:\/\/talkpal.ai\/wp-content\/uploads\/2023\/05\/indonesia.png","width":512,"height":512},{"@type":"BreadcrumbList","@id":"https:\/\/talkpal.ai\/fr\/grammaire-indonesienne\/#breadcrumb","itemListElement":[{"@type":"ListItem","position":1,"name":"Homepage","item":"https:\/\/talkpal.ai\/fr\/"},{"@type":"ListItem","position":2,"name":"Grammaire indon\u00e9sienne"}]},{"@type":"WebSite","@id":"https:\/\/talkpal.ai\/fr\/#website","url":"https:\/\/talkpal.ai\/fr\/","name":"Talkpal","description":"AI Language Learning","publisher":{"@id":"https:\/\/talkpal.ai\/fr\/#organization"},"alternateName":"Talkpal AI","potentialAction":[{"@type":"SearchAction","target":{"@type":"EntryPoint","urlTemplate":"https:\/\/talkpal.ai\/fr\/?s={search_term_string}"},"query-input":{"@type":"PropertyValueSpecification","valueRequired":true,"valueName":"search_term_string"}}],"inLanguage":"fr-FR"},{"@type":"Organization","@id":"https:\/\/talkpal.ai\/fr\/#organization","name":"Talkpal, Inc.","alternateName":"Talkpal AI","url":"https:\/\/talkpal.ai\/fr\/","logo":{"@type":"ImageObject","inLanguage":"fr-FR","@id":"https:\/\/talkpal.ai\/fr\/#\/schema\/logo\/image\/","url":"https:\/\/talkpal.ai\/wp-content\/uploads\/2024\/03\/Talkpal-Logo-Icon.png","contentUrl":"https:\/\/talkpal.ai\/wp-content\/uploads\/2024\/03\/Talkpal-Logo-Icon.png","width":2880,"height":2880,"caption":"Talkpal, Inc."},"image":{"@id":"https:\/\/talkpal.ai\/fr\/#\/schema\/logo\/image\/"},"sameAs":["https:\/\/www.facebook.com\/profile.php?id=100090733639311","https:\/\/x.com\/talkpalai","https:\/\/www.linkedin.com\/company\/talkpal\/","https:\/\/www.youtube.com\/@TalkPal\/","https:\/\/www.tiktok.com\/@talkpal","https:\/\/www.instagram.com\/talkpal_ai\/","https:\/\/www.crunchbase.com\/organization\/talkpal-9cde","https:\/\/www.g2.com\/products\/talkpal-for-business\/","https:\/\/www.trustpilot.com\/review\/talkpal.ai","https:\/\/www.capterra.com\/p\/10006800\/TalkPal\/"],"description":"Talkpal is a language learning web and mobile education app, powered by the latest AI technologies, that provides engaging experiences to its customers in many different languages to help them improve their language skills. Users can chat about unlimited amount of topics with the app and use other modes to practice their language learning.","email":"support@talkpal.ai","legalName":"Talkpal, Inc.","foundingDate":"2023-04-03","duns":"118989042","numberOfEmployees":{"@type":"QuantitativeValue","minValue":"11","maxValue":"50"},"publishingPrinciples":"https:\/\/talkpal.ai\/publishing-principles\/","actionableFeedbackPolicy":"https:\/\/talkpal.ai\/actionable-feedback-policy\/","correctionsPolicy":"https:\/\/talkpal.ai\/corrections-policy\/","ethicsPolicy":"https:\/\/talkpal.ai\/ethics-policy\/","diversityPolicy":"https:\/\/talkpal.ai\/diversity-policy\/","diversityStaffingReport":"https:\/\/talkpal.ai\/diversity-policy\/"}]}},"_links":{"self":[{"href":"https:\/\/talkpal.ai\/fr\/wp-json\/wp\/v2\/pages\/73791","targetHints":{"allow":["GET"]}}],"collection":[{"href":"https:\/\/talkpal.ai\/fr\/wp-json\/wp\/v2\/pages"}],"about":[{"href":"https:\/\/talkpal.ai\/fr\/wp-json\/wp\/v2\/types\/page"}],"author":[{"embeddable":true,"href":"https:\/\/talkpal.ai\/fr\/wp-json\/wp\/v2\/users\/1"}],"replies":[{"embeddable":true,"href":"https:\/\/talkpal.ai\/fr\/wp-json\/wp\/v2\/comments?post=73791"}],"version-history":[{"count":0,"href":"https:\/\/talkpal.ai\/fr\/wp-json\/wp\/v2\/pages\/73791\/revisions"}],"wp:featuredmedia":[{"embeddable":true,"href":"https:\/\/talkpal.ai\/fr\/wp-json\/wp\/v2\/media\/28380"}],"wp:attachment":[{"href":"https:\/\/talkpal.ai\/fr\/wp-json\/wp\/v2\/media?parent=73791"}],"curies":[{"name":"wp","href":"https:\/\/api.w.org\/{rel}","templated":true}]}}