{"id":73773,"date":"2023-05-14T14:04:48","date_gmt":"2023-05-14T14:04:48","guid":{"rendered":"http:\/\/talkpal.ai\/grammaire-hebraique\/"},"modified":"2025-12-13T15:39:57","modified_gmt":"2025-12-13T15:39:57","slug":"grammaire-hebraique","status":"publish","type":"page","link":"https:\/\/talkpal.ai\/fr\/grammaire-hebraique\/","title":{"rendered":"Grammaire h\u00e9bra\u00efque"},"content":{"rendered":"\r\n\r\n\r\n<section class=\"languageChallengeSection\">\r\n    <div class=\"languageInfoWrapper\">\r\n        \r\n        <h1>Grammaire h\u00e9bra\u00efque<\/h1>\r\n        <p>Apprenez la <a href=\"https:\/\/talkpal.ai\/hebrew-grammar\/\">grammaire h\u00e9bra\u00efque<\/a> et percez les secrets d&#039;une langue aux racines historiques profondes et \u00e0 l&#039;actualit\u00e9 br\u00fblante. Relevez le d\u00e9fi et entrez en contact avec une culture dynamique gr\u00e2ce \u00e0 la beaut\u00e9 de la grammaire h\u00e9bra\u00efque !<\/p>\r\n\r\n                            <a class=\"getStartedHidden\" href=\"https:\/\/app.talkpal.ai\/fr\/signup?lng=\">Commencer<\/a>\r\n        \r\n    <\/div>\r\n\r\n    <figure>\r\n    <img decoding=\"async\" width=\"768\" height=\"768\" src=\"https:\/\/talkpal.ai\/wp-content\/uploads\/2023\/06\/hebrew-768x768.png\" class=\"languageImage no-lazy\" alt=\"Default alt text\" fetchpriority=\"high\" sizes=\"(max-width: 768px) 150px, 768px\" srcset=\"https:\/\/talkpal.ai\/wp-content\/uploads\/2023\/06\/hebrew-768x768.png 768w, https:\/\/talkpal.ai\/wp-content\/uploads\/2023\/06\/hebrew-300x300.png 300w\" \/>\r\n    \r\n\r\n    <\/figure>\r\n\r\n            <a class=\"getStartedVisible\" href=\"https:\/\/app.talkpal.ai\/fr\/signup?lng=\">Commencer<\/a>\r\n    \r\n<\/section>\r\n        <section class=\"grammarSection\">\r\n            <div class=\"grammarLinks\">\r\n                <a href=\"https:\/\/talkpal.ai\/fr\/language\/adjectifs-grammaire-hebraique\/\">Adjectifs <\/a><a href=\"https:\/\/talkpal.ai\/fr\/language\/adverbes-grammaire-hebraique\/\">Adverbes <\/a><a href=\"https:\/\/talkpal.ai\/fr\/language\/articles-grammaire-hebraique\/\">Articles <\/a><a href=\"https:\/\/talkpal.ai\/fr\/language\/comparaison-des-temps-grammaire-hebraique\/\">Comparaison des temps <\/a><a href=\"https:\/\/talkpal.ai\/fr\/language\/conditionnels-grammaire-hebraique\/\">Conditionnels <\/a><a href=\"https:\/\/talkpal.ai\/fr\/language\/noms-grammaire-hebraique\/\">Noms <\/a><a href=\"https:\/\/talkpal.ai\/fr\/language\/phrases-grammaire-hebraique\/\">Phrases <\/a><a href=\"https:\/\/talkpal.ai\/fr\/language\/prepositions-grammaire-hebraique\/\">Pr\u00e9positions <\/a><a href=\"https:\/\/talkpal.ai\/fr\/language\/progressif-parfait-grammaire-hebraique\/\">Progressif Parfait <\/a><a href=\"https:\/\/talkpal.ai\/fr\/language\/progressive-grammaire-hebraique\/\">Progressive <\/a><a href=\"https:\/\/talkpal.ai\/fr\/language\/pronoms-determinants-grammaire-hebraique\/\">Pronoms\/D\u00e9terminants <\/a><a href=\"https:\/\/talkpal.ai\/fr\/language\/temps-grammaire-hebraique\/\">Temps <\/a><a href=\"https:\/\/talkpal.ai\/fr\/language\/verbes-grammaire-hebraique\/\">Verbes <\/a>            <\/div>\r\n        <\/section>\r\n    <section class=\"promotionalBanner\">\r\n    <p class=\"promotionalText\">La fa\u00e7on la plus efficace d\u2019apprendre une langue<\/p>\r\n    <a class=\"promotionalLink\" href=\"https:\/\/app.talkpal.ai\/fr\/signup?lng=\">Essayez Talkpal gratuitement<\/a>\r\n<\/section>\n<div class=\"wp-block-group pageContainerStyle\"><div class=\"wp-block-group__inner-container is-layout-constrained wp-block-group-is-layout-constrained\">\n<h2 class=\"wp-block-heading\" id=\"h-mastering-hebrew-grammar-your-ultimate-guide\">Ma\u00eetriser la grammaire h\u00e9bra\u00efque : votre guide ultime<\/h2>\n\n\n\n<p>Shalom, <a href=\"https:\/\/talkpal.ai\/talkpal-discount-for-language-enthusiasts\/\">passionn\u00e9s de langues<\/a> ! \u00cates-vous pr\u00eat \u00e0 plonger dans le monde fascinant de la grammaire h\u00e9bra\u00efque ? Vous \u00eates au bon endroit. Rempli d\u2019informations faciles \u00e0 comprendre et d\u2019un ton conversationnel, cet article vous guidera \u00e0 travers le domaine fascinant de la grammaire h\u00e9bra\u00efque. Bient\u00f4t, vous serez capable de construire des phrases et d&rsquo;engager des conversations pertinentes avec des locuteurs natifs. Commen\u00e7ons donc votre voyage vers la ma\u00eetrise de la grammaire h\u00e9bra\u00efque !<\/p>\n\n\n\n<p><strong>Mais d\u2019abord, pourquoi la grammaire h\u00e9bra\u00efque ?<\/strong><\/p>\n\n\n\n<p>Si vous <a href=\"https:\/\/talkpal.ai\/fr\/apprenez-lhebreu-de-base-gratuitement\/\">apprenez l&rsquo;h\u00e9breu<\/a>, des bases solides en grammaire sont essentielles pour parler, lire et \u00e9crire couramment. Bien que la grammaire h\u00e9bra\u00efque puisse sembler complexe au premier abord, elle devient plus accessible une fois d\u00e9compos\u00e9e en morceaux plus petits et plus faciles \u00e0 g\u00e9rer. Embarquons donc pour ce voyage passionnant !<\/p>\n\n\n\n<h3 class=\"wp-block-heading\" id=\"h-1-nouns-gender-and-number\">1. Noms, genre et nombre<\/h3>\n\n\n\n<p>Les noms h\u00e9breux ont deux genres, masculin et f\u00e9minin, et peuvent \u00eatre singuliers ou pluriels. L&rsquo;identification du genre d&rsquo;un nom constitue la base d&rsquo;une construction correcte de la phrase, car elle affecte d&rsquo;autres parties du discours, telles que les verbes et les adjectifs.  <\/p>\n\n\n\n<p>R\u00e8gle g\u00e9n\u00e9rale : si un nom se termine par \u00ab\u00a0\u05d4\u00a0\u00bb (hey) ou \u00ab\u00a0\u05ea\u00a0\u00bb (tav), il est g\u00e9n\u00e9ralement f\u00e9minin. Cependant, il existe des exceptions, il est donc essentiel de m\u00e9moriser les genres des noms tout en apprenant du vocabulaire.<\/p>\n\n\n\n<p>De plus, les noms h\u00e9breux prennent des formes diff\u00e9rentes selon le nombre. Les noms masculins pluriels se terminent g\u00e9n\u00e9ralement par \u00ab\u00a0\u05d9\u05dd\u00a0\u00bb (yim), tandis que les noms f\u00e9minins pluriels se terminent par \u00ab\u00a0\u05d5\u05ea\u00a0\u00bb (ot).<\/p>\n\n\n\n<h3 class=\"wp-block-heading\" id=\"h-2-adjectives-agreement-and-definite-articles\">2. Adjectifs, accord et articles d\u00e9finis<\/h3>\n\n\n\n<p>Les adjectifs en <a href=\"https:\/\/talkpal.ai\/learn-hebrew\/\">h\u00e9breu<\/a> doivent s\u2019accorder en genre et en nombre avec le nom qu\u2019ils modifient. Pour rendre un adjectif f\u00e9minin, ajoutez un \u00ab\u00a0\u05d4\u00a0\u00bb (h\u00e9) \u00e0 la <a href=\"https:\/\/talkpal.ai\/learn-finnish\/\">fin<\/a> s&rsquo;il n&rsquo;en a pas d\u00e9j\u00e0 un. Pour mettre un adjectif au <a href=\"https:\/\/talkpal.ai\/ar\/grammar_exercises\/pluriel-%d8%aa%d9%85%d8%a7%d8%b1%d9%8a%d9%86-%d9%84%d9%84%d9%82%d9%88%d8%a7%d8%b9%d8%af-%d8%a7%d9%84%d9%81%d8%b1%d9%86%d8%b3%d9%8a%d8%a9\/\">pluriel<\/a>, suivez le m\u00eame principe que pour les noms : ajoutez \u00ab\u00a0\u05d9\u05dd\u00a0\u00bb pour le masculin et \u00ab\u00a0\u05d5\u05ea\u00a0\u00bb pour le f\u00e9minin.<\/p>\n\n\n\n<p>L&rsquo;<a href=\"https:\/\/talkpal.ai\/fr\/grammar\/article-defini-dans-la-grammaire-azerbaidjanaise\/\">article d\u00e9fini<\/a> \u00ab\u00a0le\u00a0\u00bb en h\u00e9breu est \u00ab\u00a0\u05d4\u00a0\u00bb (hey) et est ajout\u00e9 en tant que pr\u00e9fixe au nom ou \u00e0 l&rsquo;adjectif. Par exemple, \u00ab\u00a0\u05d4\u05e1\u05e4\u05e8\u00a0\u00bb (haSefer &#8211; le livre) ou \u00ab\u00a0\u05d4\u05db\u05d3\u05d5\u05e8 \u05d4\u05d2\u05d3\u05d5\u05dc\u00a0\u00bb (hakadur hagadol &#8211; la grosse balle).<\/p>\n\n\n\n<h3 class=\"wp-block-heading\" id=\"h-3-verbs-tense-and-conjugation\">3. Verbes, temps et conjugaison<\/h3>\n\n\n\n<p>Les verbes h\u00e9breux jouent un r\u00f4le crucial dans la grammaire et sont divis\u00e9s en sept groupes de conjugaison appel\u00e9s \u00ab\u00a0binyanim\u00a0\u00bb. Chaque binyan a une incidence sur le sens et le r\u00f4le du verbe dans la phrase.<\/p>\n\n\n\n<p>Pour vous donner un aper\u00e7u rapide, examinons le pr\u00e9sent des verbes r\u00e9guliers :<\/p>\n\n\n\n<p><strong>&#8211; \u05d0\u05e0\u05d9 \u05e7\u05d5\u05e8\u05d0\/\u05ea (ani kore\/et &#8211; je lis, masc.\/fem.)<\/strong><\/p>\n\n\n\n<p><strong>&#8211; \u05d0\u05ea\/\u05d4 \u05e7\u05d5\u05e8\u05d0\/\u05ea (ata\/at kore\/et &#8211; vous lisez, masc.\/fem.)<\/strong><\/p>\n\n\n\n<p><strong>&#8211; \u05d4\u05d5\u05d0\/\u05d4\u05d9\u05d0 \u05e7\u05d5\u05e8\u05d0\/\u05ea (hu\/hi kore\/et &#8211; il\/elle lit)<\/strong><\/p>\n\n\n\n<p>N\u2019oubliez pas que ce n\u2019est que le d\u00e9but ! De nombreux autres temps, verbes irr\u00e9guliers et complexit\u00e9s binyan \u00e9mergeront au fur et \u00e0 mesure de votre progression.<\/p>\n\n\n\n<h3 class=\"wp-block-heading\" id=\"h-4-pronouns-prepositions-and-more\">4. Les pronoms, les pr\u00e9positions et plus encore !<\/h3>\n\n\n\n<p>La grammaire h\u00e9bra\u00efque comprend d&rsquo;autres \u00e9l\u00e9ments tels que les pronoms (\u05d0\u05e0\u05d9, \u05d0\u05ea\u05d4, \u05d4\u05d5\u05d0, \u05d4\u05d9\u05d0, etc.), les pr\u00e9positions (\u05d1, \u05dc, \u05de, \u05e2\u05dc, etc.) et les expressions idiomatiques. Il est essentiel de s&rsquo;attaquer \u00e0 chaque \u00e9l\u00e9ment pour parvenir \u00e0 une ma\u00eetrise compl\u00e8te de l&rsquo;h\u00e9breu, alors proc\u00e9dez \u00e9tape par \u00e9tape.<\/p>\n\n\n\n<p>En conclusion, il n&rsquo;y a pas de raccourci pour ma\u00eetriser la grammaire h\u00e9bra\u00efque. Cela demande de la pers\u00e9v\u00e9rance, de la pratique et de la patience. Cependant, une fois que vous en aurez saisi les subtilit\u00e9s, vous savourerez les nuances de la conversation en h\u00e9breu, explorerez la richesse de la culture et de l&rsquo;histoire, et approfondirez votre appr\u00e9ciation de la langue. \u05d1\u05d4\u05e6\u05dc\u05d7\u05d4 (behatzlacha &#8211; bonne chance) !<\/p>\n<\/div><\/div>\n\r\n<section class=\"learnNavigationSection\">\r\n            \r\n        <a href=\"https:\/\/talkpal.ai\/fr\/apprendre-lhebreu\/\">\r\n            <div class=\"learnNavigationWrapper\">\r\n                <div class=\"learnNavigationContent\">\r\n                    <img decoding=\"async\" src=\"https:\/\/talkpal.ai\/wp-content\/uploads\/2024\/08\/Hebrew.jpg\" alt=\"Israel Flag\">\r\n                    <div>\r\n                        <h4>\u00c0 propos de l&#039;apprentissage de l&#039;h\u00e9breu<\/h4>\r\n                        <p>Tout savoir sur la grammaire h\u00e9bra\u00efque.<\/p>\r\n                    <\/div>\r\n                <\/div>\r\n            <\/div>\r\n        <\/a>\r\n\r\n        \r\n        <a href=\"https:\/\/talkpal.ai\/fr\/exercices-de-grammaire-hebraique\/\">\r\n            <div class=\"learnNavigationWrapper\">\r\n                <div class=\"learnNavigationContent\">\r\n                    <img decoding=\"async\" src=\"https:\/\/talkpal.ai\/wp-content\/uploads\/2024\/08\/Hebrew.jpg\" alt=\"Israel Flag\">\r\n                    <div>\r\n                        <h4>Exercice de grammaire h\u00e9bra\u00efque<\/h4>\r\n                        <p>Pratiquez la grammaire h\u00e9bra\u00efque.<\/p>\r\n                    <\/div>\r\n                <\/div>\r\n            <\/div>\r\n        <\/a>\r\n\r\n        \r\n        <a href=\"https:\/\/talkpal.ai\/vocabulary_language\/hebrew\/\">\r\n            <div class=\"learnNavigationWrapper\">\r\n                <div class=\"learnNavigationContent\">\r\n                    <img decoding=\"async\" src=\"https:\/\/talkpal.ai\/wp-content\/uploads\/2024\/08\/Hebrew.jpg\" alt=\"Israel Flag\">\r\n                    <div>\r\n                        <h4>Vocabulaire h\u00e9breu<\/h4>\r\n                        <p>\u00c9largissez votre vocabulaire h\u00e9breu.<\/p>\r\n                    <\/div>\r\n                <\/div>\r\n            <\/div>\r\n        <\/a>\r\n\r\n            <\/section>","protected":false},"excerpt":{"rendered":"<p>Ma\u00eetriser la grammaire h\u00e9bra\u00efque : votre guide ultime Shalom, passionn\u00e9s de langues ! \u00cates-vous pr\u00eat \u00e0 plonger dans le monde fascinant de la grammaire h\u00e9bra\u00efque ? Vous \u00eates au bon endroit. Rempli d\u2019informations faciles \u00e0 comprendre et d\u2019un ton conversationnel, cet article vous guidera \u00e0 travers le domaine fascinant de la grammaire h\u00e9bra\u00efque. Bient\u00f4t, vous [&hellip;]<\/p>\n","protected":false},"author":1,"featured_media":28396,"parent":0,"menu_order":0,"comment_status":"closed","ping_status":"closed","template":"LearningContentPage.php","meta":{"_acf_changed":false,"footnotes":""},"class_list":["post-73773","page","type-page","status-publish","has-post-thumbnail","hentry"],"acf":[],"yoast_head":"<!-- This site is optimized with the Yoast SEO Premium plugin v27.2 (Yoast SEO v27.2) - https:\/\/yoast.com\/product\/yoast-seo-premium-wordpress\/ -->\n<title>Grammaire h\u00e9bra\u00efque - Talkpal<\/title>\n<meta name=\"description\" content=\"Am\u00e9liorez votre grammaire h\u00e9bra\u00efque en toute confiance - apprenez les r\u00e8gles cl\u00e9s, formez des phrases correctes et communiquez clairement avec les le\u00e7ons d&#039;IA faciles de Talkpalavec les le\u00e7ons faciles de l&#039;IA.\" \/>\n<meta name=\"robots\" content=\"index, follow, max-snippet:-1, max-image-preview:large, max-video-preview:-1\" \/>\n<link rel=\"canonical\" href=\"https:\/\/talkpal.ai\/fr\/grammaire-hebraique\/\" \/>\n<meta property=\"og:locale\" content=\"fr_FR\" \/>\n<meta property=\"og:type\" content=\"article\" \/>\n<meta property=\"og:title\" content=\"Grammaire h\u00e9bra\u00efque\" \/>\n<meta property=\"og:description\" content=\"Ma\u00eetriser la grammaire h\u00e9bra\u00efque : votre guide ultime Shalom, passionn\u00e9s de langues ! \u00cates-vous pr\u00eat \u00e0 plonger dans le monde fascinant de la grammaire\" \/>\n<meta property=\"og:url\" content=\"https:\/\/talkpal.ai\/fr\/grammaire-hebraique\/\" \/>\n<meta property=\"og:site_name\" content=\"Talkpal\" \/>\n<meta property=\"article:publisher\" content=\"https:\/\/www.facebook.com\/profile.php?id=100090733639311\" \/>\n<meta property=\"article:modified_time\" content=\"2025-12-13T15:39:57+00:00\" \/>\n<meta property=\"og:image\" content=\"https:\/\/talkpal.ai\/wp-content\/uploads\/2023\/05\/israel.png\" \/>\n\t<meta property=\"og:image:width\" content=\"512\" \/>\n\t<meta property=\"og:image:height\" content=\"512\" \/>\n\t<meta property=\"og:image:type\" content=\"image\/png\" \/>\n<meta name=\"twitter:card\" content=\"summary_large_image\" \/>\n<meta name=\"twitter:site\" content=\"@talkpalai\" \/>\n<meta name=\"twitter:label1\" content=\"Dur\u00e9e de lecture estim\u00e9e\" \/>\n\t<meta name=\"twitter:data1\" content=\"3 minutes\" \/>\n<script type=\"application\/ld+json\" class=\"yoast-schema-graph\">{\"@context\":\"https:\/\/schema.org\",\"@graph\":[{\"@type\":\"WebPage\",\"@id\":\"https:\/\/talkpal.ai\/fr\/grammaire-hebraique\/\",\"url\":\"https:\/\/talkpal.ai\/fr\/grammaire-hebraique\/\",\"name\":\"Grammaire h\u00e9bra\u00efque - Talkpal\",\"isPartOf\":{\"@id\":\"https:\/\/talkpal.ai\/fr\/#website\"},\"primaryImageOfPage\":{\"@id\":\"https:\/\/talkpal.ai\/fr\/grammaire-hebraique\/#primaryimage\"},\"image\":{\"@id\":\"https:\/\/talkpal.ai\/fr\/grammaire-hebraique\/#primaryimage\"},\"thumbnailUrl\":\"https:\/\/talkpal.ai\/wp-content\/uploads\/2023\/05\/israel.png\",\"datePublished\":\"2023-05-14T14:04:48+00:00\",\"dateModified\":\"2025-12-13T15:39:57+00:00\",\"description\":\"Am\u00e9liorez votre grammaire h\u00e9bra\u00efque en toute confiance - apprenez les r\u00e8gles cl\u00e9s, formez des phrases correctes et communiquez clairement avec les le\u00e7ons d'IA faciles de Talkpalavec les le\u00e7ons faciles de l'IA.\",\"breadcrumb\":{\"@id\":\"https:\/\/talkpal.ai\/fr\/grammaire-hebraique\/#breadcrumb\"},\"inLanguage\":\"fr-FR\",\"potentialAction\":[{\"@type\":\"ReadAction\",\"target\":[\"https:\/\/talkpal.ai\/fr\/grammaire-hebraique\/\"]}]},{\"@type\":\"ImageObject\",\"inLanguage\":\"fr-FR\",\"@id\":\"https:\/\/talkpal.ai\/fr\/grammaire-hebraique\/#primaryimage\",\"url\":\"https:\/\/talkpal.ai\/wp-content\/uploads\/2023\/05\/israel.png\",\"contentUrl\":\"https:\/\/talkpal.ai\/wp-content\/uploads\/2023\/05\/israel.png\",\"width\":512,\"height\":512},{\"@type\":\"BreadcrumbList\",\"@id\":\"https:\/\/talkpal.ai\/fr\/grammaire-hebraique\/#breadcrumb\",\"itemListElement\":[{\"@type\":\"ListItem\",\"position\":1,\"name\":\"Homepage\",\"item\":\"https:\/\/talkpal.ai\/fr\/\"},{\"@type\":\"ListItem\",\"position\":2,\"name\":\"Grammaire h\u00e9bra\u00efque\"}]},{\"@type\":\"WebSite\",\"@id\":\"https:\/\/talkpal.ai\/fr\/#website\",\"url\":\"https:\/\/talkpal.ai\/fr\/\",\"name\":\"Talkpal\",\"description\":\"AI Language Learning\",\"publisher\":{\"@id\":\"https:\/\/talkpal.ai\/fr\/#organization\"},\"alternateName\":\"Talkpal AI\",\"potentialAction\":[{\"@type\":\"SearchAction\",\"target\":{\"@type\":\"EntryPoint\",\"urlTemplate\":\"https:\/\/talkpal.ai\/fr\/?s={search_term_string}\"},\"query-input\":{\"@type\":\"PropertyValueSpecification\",\"valueRequired\":true,\"valueName\":\"search_term_string\"}}],\"inLanguage\":\"fr-FR\"},{\"@type\":\"Organization\",\"@id\":\"https:\/\/talkpal.ai\/fr\/#organization\",\"name\":\"Talkpal, Inc.\",\"alternateName\":\"Talkpal AI\",\"url\":\"https:\/\/talkpal.ai\/fr\/\",\"logo\":{\"@type\":\"ImageObject\",\"inLanguage\":\"fr-FR\",\"@id\":\"https:\/\/talkpal.ai\/fr\/#\/schema\/logo\/image\/\",\"url\":\"https:\/\/talkpal.ai\/wp-content\/uploads\/2024\/03\/Talkpal-Logo-Icon.png\",\"contentUrl\":\"https:\/\/talkpal.ai\/wp-content\/uploads\/2024\/03\/Talkpal-Logo-Icon.png\",\"width\":2880,\"height\":2880,\"caption\":\"Talkpal, Inc.\"},\"image\":{\"@id\":\"https:\/\/talkpal.ai\/fr\/#\/schema\/logo\/image\/\"},\"sameAs\":[\"https:\/\/www.facebook.com\/profile.php?id=100090733639311\",\"https:\/\/x.com\/talkpalai\",\"https:\/\/www.linkedin.com\/company\/talkpal\/\",\"https:\/\/www.youtube.com\/@TalkPal\/\",\"https:\/\/www.tiktok.com\/@talkpal\",\"https:\/\/www.instagram.com\/talkpal_ai\/\",\"https:\/\/www.crunchbase.com\/organization\/talkpal-9cde\",\"https:\/\/www.g2.com\/products\/talkpal-for-business\/\",\"https:\/\/www.trustpilot.com\/review\/talkpal.ai\",\"https:\/\/www.capterra.com\/p\/10006800\/TalkPal\/\"],\"description\":\"Talkpal is a language learning web and mobile education app, powered by the latest AI technologies, that provides engaging experiences to its customers in many different languages to help them improve their language skills. Users can chat about unlimited amount of topics with the app and use other modes to practice their language learning.\",\"email\":\"support@talkpal.ai\",\"legalName\":\"Talkpal, Inc.\",\"foundingDate\":\"2023-04-03\",\"duns\":\"118989042\",\"numberOfEmployees\":{\"@type\":\"QuantitativeValue\",\"minValue\":\"11\",\"maxValue\":\"50\"},\"publishingPrinciples\":\"https:\/\/talkpal.ai\/publishing-principles\/\",\"actionableFeedbackPolicy\":\"https:\/\/talkpal.ai\/actionable-feedback-policy\/\",\"correctionsPolicy\":\"https:\/\/talkpal.ai\/corrections-policy\/\",\"ethicsPolicy\":\"https:\/\/talkpal.ai\/ethics-policy\/\",\"diversityPolicy\":\"https:\/\/talkpal.ai\/diversity-policy\/\",\"diversityStaffingReport\":\"https:\/\/talkpal.ai\/diversity-policy\/\"}]}<\/script>\n<!-- \/ Yoast SEO Premium plugin. -->","yoast_head_json":{"title":"Grammaire h\u00e9bra\u00efque - Talkpal","description":"Am\u00e9liorez votre grammaire h\u00e9bra\u00efque en toute confiance - apprenez les r\u00e8gles cl\u00e9s, formez des phrases correctes et communiquez clairement avec les le\u00e7ons d'IA faciles de Talkpalavec les le\u00e7ons faciles de l'IA.","robots":{"index":"index","follow":"follow","max-snippet":"max-snippet:-1","max-image-preview":"max-image-preview:large","max-video-preview":"max-video-preview:-1"},"canonical":"https:\/\/talkpal.ai\/fr\/grammaire-hebraique\/","og_locale":"fr_FR","og_type":"article","og_title":"Grammaire h\u00e9bra\u00efque","og_description":"Ma\u00eetriser la grammaire h\u00e9bra\u00efque : votre guide ultime Shalom, passionn\u00e9s de langues ! \u00cates-vous pr\u00eat \u00e0 plonger dans le monde fascinant de la grammaire","og_url":"https:\/\/talkpal.ai\/fr\/grammaire-hebraique\/","og_site_name":"Talkpal","article_publisher":"https:\/\/www.facebook.com\/profile.php?id=100090733639311","article_modified_time":"2025-12-13T15:39:57+00:00","og_image":[{"width":512,"height":512,"url":"https:\/\/talkpal.ai\/wp-content\/uploads\/2023\/05\/israel.png","type":"image\/png"}],"twitter_card":"summary_large_image","twitter_site":"@talkpalai","twitter_misc":{"Dur\u00e9e de lecture estim\u00e9e":"3 minutes"},"schema":{"@context":"https:\/\/schema.org","@graph":[{"@type":"WebPage","@id":"https:\/\/talkpal.ai\/fr\/grammaire-hebraique\/","url":"https:\/\/talkpal.ai\/fr\/grammaire-hebraique\/","name":"Grammaire h\u00e9bra\u00efque - Talkpal","isPartOf":{"@id":"https:\/\/talkpal.ai\/fr\/#website"},"primaryImageOfPage":{"@id":"https:\/\/talkpal.ai\/fr\/grammaire-hebraique\/#primaryimage"},"image":{"@id":"https:\/\/talkpal.ai\/fr\/grammaire-hebraique\/#primaryimage"},"thumbnailUrl":"https:\/\/talkpal.ai\/wp-content\/uploads\/2023\/05\/israel.png","datePublished":"2023-05-14T14:04:48+00:00","dateModified":"2025-12-13T15:39:57+00:00","description":"Am\u00e9liorez votre grammaire h\u00e9bra\u00efque en toute confiance - apprenez les r\u00e8gles cl\u00e9s, formez des phrases correctes et communiquez clairement avec les le\u00e7ons d'IA faciles de Talkpalavec les le\u00e7ons faciles de l'IA.","breadcrumb":{"@id":"https:\/\/talkpal.ai\/fr\/grammaire-hebraique\/#breadcrumb"},"inLanguage":"fr-FR","potentialAction":[{"@type":"ReadAction","target":["https:\/\/talkpal.ai\/fr\/grammaire-hebraique\/"]}]},{"@type":"ImageObject","inLanguage":"fr-FR","@id":"https:\/\/talkpal.ai\/fr\/grammaire-hebraique\/#primaryimage","url":"https:\/\/talkpal.ai\/wp-content\/uploads\/2023\/05\/israel.png","contentUrl":"https:\/\/talkpal.ai\/wp-content\/uploads\/2023\/05\/israel.png","width":512,"height":512},{"@type":"BreadcrumbList","@id":"https:\/\/talkpal.ai\/fr\/grammaire-hebraique\/#breadcrumb","itemListElement":[{"@type":"ListItem","position":1,"name":"Homepage","item":"https:\/\/talkpal.ai\/fr\/"},{"@type":"ListItem","position":2,"name":"Grammaire h\u00e9bra\u00efque"}]},{"@type":"WebSite","@id":"https:\/\/talkpal.ai\/fr\/#website","url":"https:\/\/talkpal.ai\/fr\/","name":"Talkpal","description":"AI Language Learning","publisher":{"@id":"https:\/\/talkpal.ai\/fr\/#organization"},"alternateName":"Talkpal AI","potentialAction":[{"@type":"SearchAction","target":{"@type":"EntryPoint","urlTemplate":"https:\/\/talkpal.ai\/fr\/?s={search_term_string}"},"query-input":{"@type":"PropertyValueSpecification","valueRequired":true,"valueName":"search_term_string"}}],"inLanguage":"fr-FR"},{"@type":"Organization","@id":"https:\/\/talkpal.ai\/fr\/#organization","name":"Talkpal, Inc.","alternateName":"Talkpal AI","url":"https:\/\/talkpal.ai\/fr\/","logo":{"@type":"ImageObject","inLanguage":"fr-FR","@id":"https:\/\/talkpal.ai\/fr\/#\/schema\/logo\/image\/","url":"https:\/\/talkpal.ai\/wp-content\/uploads\/2024\/03\/Talkpal-Logo-Icon.png","contentUrl":"https:\/\/talkpal.ai\/wp-content\/uploads\/2024\/03\/Talkpal-Logo-Icon.png","width":2880,"height":2880,"caption":"Talkpal, Inc."},"image":{"@id":"https:\/\/talkpal.ai\/fr\/#\/schema\/logo\/image\/"},"sameAs":["https:\/\/www.facebook.com\/profile.php?id=100090733639311","https:\/\/x.com\/talkpalai","https:\/\/www.linkedin.com\/company\/talkpal\/","https:\/\/www.youtube.com\/@TalkPal\/","https:\/\/www.tiktok.com\/@talkpal","https:\/\/www.instagram.com\/talkpal_ai\/","https:\/\/www.crunchbase.com\/organization\/talkpal-9cde","https:\/\/www.g2.com\/products\/talkpal-for-business\/","https:\/\/www.trustpilot.com\/review\/talkpal.ai","https:\/\/www.capterra.com\/p\/10006800\/TalkPal\/"],"description":"Talkpal is a language learning web and mobile education app, powered by the latest AI technologies, that provides engaging experiences to its customers in many different languages to help them improve their language skills. Users can chat about unlimited amount of topics with the app and use other modes to practice their language learning.","email":"support@talkpal.ai","legalName":"Talkpal, Inc.","foundingDate":"2023-04-03","duns":"118989042","numberOfEmployees":{"@type":"QuantitativeValue","minValue":"11","maxValue":"50"},"publishingPrinciples":"https:\/\/talkpal.ai\/publishing-principles\/","actionableFeedbackPolicy":"https:\/\/talkpal.ai\/actionable-feedback-policy\/","correctionsPolicy":"https:\/\/talkpal.ai\/corrections-policy\/","ethicsPolicy":"https:\/\/talkpal.ai\/ethics-policy\/","diversityPolicy":"https:\/\/talkpal.ai\/diversity-policy\/","diversityStaffingReport":"https:\/\/talkpal.ai\/diversity-policy\/"}]}},"_links":{"self":[{"href":"https:\/\/talkpal.ai\/fr\/wp-json\/wp\/v2\/pages\/73773","targetHints":{"allow":["GET"]}}],"collection":[{"href":"https:\/\/talkpal.ai\/fr\/wp-json\/wp\/v2\/pages"}],"about":[{"href":"https:\/\/talkpal.ai\/fr\/wp-json\/wp\/v2\/types\/page"}],"author":[{"embeddable":true,"href":"https:\/\/talkpal.ai\/fr\/wp-json\/wp\/v2\/users\/1"}],"replies":[{"embeddable":true,"href":"https:\/\/talkpal.ai\/fr\/wp-json\/wp\/v2\/comments?post=73773"}],"version-history":[{"count":0,"href":"https:\/\/talkpal.ai\/fr\/wp-json\/wp\/v2\/pages\/73773\/revisions"}],"wp:featuredmedia":[{"embeddable":true,"href":"https:\/\/talkpal.ai\/fr\/wp-json\/wp\/v2\/media\/28396"}],"wp:attachment":[{"href":"https:\/\/talkpal.ai\/fr\/wp-json\/wp\/v2\/media?parent=73773"}],"curies":[{"name":"wp","href":"https:\/\/api.w.org\/{rel}","templated":true}]}}