{"id":73766,"date":"2023-05-14T14:11:47","date_gmt":"2023-05-14T14:11:47","guid":{"rendered":"http:\/\/talkpal.ai\/grammaire-malaise\/"},"modified":"2025-12-17T16:41:35","modified_gmt":"2025-12-17T16:41:35","slug":"grammaire-malaise","status":"publish","type":"page","link":"https:\/\/talkpal.ai\/fr\/grammaire-malaise\/","title":{"rendered":"Grammaire malaise"},"content":{"rendered":"\r\n\r\n\r\n<section class=\"languageChallengeSection\">\r\n    <div class=\"languageInfoWrapper\">\r\n        \r\n        <h1>Grammaire malaise<\/h1>\r\n        <p>Curieux d&#039;apprendre le <a href=\"https:\/\/talkpal.ai\/learn-malay\/\">malais<\/a> ? Plongez dans la <a href=\"https:\/\/talkpal.ai\/malay-grammar\/\">grammaire malaise<\/a>, connue pour ses r\u00e8gles simples, l&#039;absence de conjugaison des verbes et l&#039;utilisation d&#039;affixes pour cr\u00e9er du sens. Commencez d\u00e8s aujourd&#039;hui &#8211; la ma\u00eetrise de la <a href=\"https:\/\/talkpal.ai\/malay-grammar\/\">grammaire malaise<\/a> vous donnera la confiance n\u00e9cessaire pour communiquer facilement et vous ouvrira les portes des cultures diverses et dynamiques de l&#039;Asie du Sud-Est !<\/p>\r\n\r\n                            <a class=\"getStartedHidden\" href=\"https:\/\/app.talkpal.ai\/fr\/signup?lng=\">Commencer<\/a>\r\n        \r\n    <\/div>\r\n\r\n    <figure>\r\n    <img decoding=\"async\" width=\"768\" height=\"768\" src=\"https:\/\/talkpal.ai\/wp-content\/uploads\/2023\/06\/malay-768x768.png\" class=\"languageImage no-lazy\" alt=\"Default alt text\" fetchpriority=\"high\" sizes=\"(max-width: 768px) 150px, 768px\" srcset=\"https:\/\/talkpal.ai\/wp-content\/uploads\/2023\/06\/malay-768x768.png 768w, https:\/\/talkpal.ai\/wp-content\/uploads\/2023\/06\/malay-300x300.png 300w\" \/>\r\n    \r\n\r\n    <\/figure>\r\n\r\n            <a class=\"getStartedVisible\" href=\"https:\/\/app.talkpal.ai\/fr\/signup?lng=\">Commencer<\/a>\r\n    \r\n<\/section>\r\n        <section class=\"grammarSection\">\r\n            <div class=\"grammarLinks\">\r\n                <a href=\"https:\/\/talkpal.ai\/fr\/language\/adjectifs-grammaire-malaise\/\">Adjectifs <\/a><a href=\"https:\/\/talkpal.ai\/fr\/language\/adverbes-grammaire-malaise\/\">Adverbes <\/a><a href=\"https:\/\/talkpal.ai\/fr\/language\/articles-grammaire-malaise\/\">Articles <\/a><a href=\"https:\/\/talkpal.ai\/fr\/language\/comparaison-des-temps-grammaire-malaise\/\">Comparaison des temps <\/a><a href=\"https:\/\/talkpal.ai\/fr\/language\/conditionnels-grammaire-malaise\/\">Conditionnels <\/a><a href=\"https:\/\/talkpal.ai\/fr\/language\/noms-grammaire-malaise\/\">Noms <\/a><a href=\"https:\/\/talkpal.ai\/fr\/language\/phrases-grammaire-malaise\/\">Phrases <\/a><a href=\"https:\/\/talkpal.ai\/fr\/language\/prepositions-grammaire-malaise\/\">Pr\u00e9positions <\/a><a href=\"https:\/\/talkpal.ai\/fr\/language\/progressif-grammaire-malaise\/\">Progressif <\/a><a href=\"https:\/\/talkpal.ai\/fr\/language\/progressif-parfait-grammaire-malaise\/\">Progressif Parfait <\/a><a href=\"https:\/\/talkpal.ai\/fr\/language\/pronoms-determinants-grammaire-malaise\/\">Pronoms\/D\u00e9terminants <\/a><a href=\"https:\/\/talkpal.ai\/fr\/language\/temps-grammaire-malaise\/\">Temps <\/a><a href=\"https:\/\/talkpal.ai\/fr\/language\/verbes-grammaire-malaise\/\">Verbes <\/a>            <\/div>\r\n        <\/section>\r\n    <section class=\"promotionalBanner\">\r\n    <p class=\"promotionalText\">La fa\u00e7on la plus efficace d\u2019apprendre une langue<\/p>\r\n    <a class=\"promotionalLink\" href=\"https:\/\/app.talkpal.ai\/fr\/signup?lng=\">Essayez Talkpal gratuitement<\/a>\r\n<\/section>\n<div class=\"wp-block-group pageContainerStyle\"><div class=\"wp-block-group__inner-container is-layout-constrained wp-block-group-is-layout-constrained\">\n<h2 class=\"wp-block-heading\" id=\"h-malay-grammar-exploring-the-richness-of-bahasa-melayu\">Grammaire malaise : explorer la richesse du bahasa melayu<\/h2>\n\n\n\n<p>La langue malaise, ou <a href=\"https:\/\/talkpal.ai\/ms\/belajar-bahasa-melayu\/\">Bahasa Melayu<\/a>, est l&rsquo;une des <a href=\"https:\/\/talkpal.ai\/the-10-most-spoken-languages-in-the-world\/\">langues les plus parl\u00e9es<\/a> au monde. Elle unit les diff\u00e9rents peuples de Malaisie, d&rsquo;Indon\u00e9sie, de Brunei et de Singapour. En apprenant le malais, vous d\u00e9couvrirez rapidement la beaut\u00e9 de sa grammaire et son paysage linguistique en plein essor. Cet article a pour but de vous pr\u00e9senter les principes de base de la grammaire malaise, en vous guidant pour mieux comprendre et appr\u00e9cier cette langue polyvalente.<\/p>\n\n\n\n<h3 class=\"wp-block-heading\" id=\"h-1-nouns-simplicity-rules\">1. Noms \u2013 R\u00e8gles de simplicit\u00e9<\/h3>\n\n\n\n<p>Contrairement \u00e0 d&rsquo;autres langues, la grammaire malaise ne comporte pas de d\u00e9clinaisons ou de classifications de genre pour ses noms. Au lieu de cela, l\u2019utilisation des noms met fortement l\u2019accent sur la simplicit\u00e9. Les formes plurielles des noms sont cr\u00e9\u00e9es en les dupliquant simplement. Cela semble facile, n\u2019est-ce pas ? Par exemple, \u00ab\u00a0pomme\u00a0\u00bb se dit \u00ab\u00a0buah epal\u00a0\u00bb, donc \u00ab\u00a0pommes\u00a0\u00bb devient \u00ab\u00a0buah-buah epal\u00a0\u00bb. Vous pouvez supprimer la duplication dans le discours informel.<\/p>\n\n\n\n<h3 class=\"wp-block-heading\" id=\"h-2-adjectives-straightforward-descriptions\">2. Adjectifs \u2013 Descriptions simples<\/h3>\n\n\n\n<p>Les adjectifs malais restent inchang\u00e9s quel que soit le nom qu&rsquo;ils d\u00e9crivent, ce qui les rend incroyablement faciles \u00e0 utiliser &#8211; un autre t\u00e9moignage de la simplicit\u00e9 de la langue. Le placement de l\u2019adjectif vient apr\u00e8s le nom, cr\u00e9ant un flux agr\u00e9able dans les phrases. Par exemple, \u00ab\u00a0une grande maison\u00a0\u00bb est \u00ab\u00a0rumah besar\u00a0\u00bb, \u00ab\u00a0rumah\u00a0\u00bb faisant r\u00e9f\u00e9rence \u00e0 la \u00ab\u00a0maison\u00a0\u00bb et \u00ab\u00a0besar\u00a0\u00bb signifiant \u00ab\u00a0grande\u00a0\u00bb.<\/p>\n\n\n\n<h3 class=\"wp-block-heading\" id=\"h-3-verbs-the-magic-of-prefixes-and-suffixes\">3. Verbes \u2013 La magie des pr\u00e9fixes et des suffixes<\/h3>\n\n\n\n<p>Les verbes malais peuvent se targuer d&rsquo;une polyvalence \u00e0 la fois excitante et simple. Dans le <a href=\"https:\/\/talkpal.ai\/ms\/belajar-bahasa-melayu\/\">bahasa melayu<\/a>, les <a href=\"https:\/\/talkpal.ai\/zh-hans\/grammar_exercises\/temps-%e6%b3%95%e8%af%ad%e8%af%ad%e6%b3%95%e7%bb%83%e4%b9%a0\/\">temps<\/a> ne sont pas explicitement exprim\u00e9s par la forme des verbes ; ils sont plut\u00f4t indiqu\u00e9s par le contexte ou les marqueurs temporels. De plus, le malais fait un usage intensif des pr\u00e9fixes et des suffixes pour exprimer diff\u00e9rents aspects verbaux.<\/p>\n\n\n\n<p>Il existe trois pr\u00e9fixes principaux : \u00ab\u00a0meN-\u00ab\u00a0, \u00ab\u00a0ber-\u00a0\u00bb et \u00ab\u00a0ter-\u00ab\u00a0. Le pr\u00e9fixe \u00ab\u00a0meN-\u00a0\u00bb a un large \u00e9ventail d&rsquo;utilisations, y compris la formation de verbes actifs et l&rsquo;indication d&rsquo;actions causales. Par ailleurs, \u00ab\u00a0ber-\u00a0\u00bb signifie des actions intransitives, et \u00ab\u00a0ter-\u00a0\u00bb indique des occurrences accidentelles ou des actions passives. Il est important de noter que chaque pr\u00e9fixe peut entra\u00eener de l\u00e9g\u00e8res modifications orthographiques du verbe de base.<\/p>\n\n\n\n<p>Les suffixes, tels que \u00ab\u00a0-kan\u00a0\u00bb et \u00ab\u00a0-i\u00a0\u00bb, contribuent \u00e0 renforcer la sp\u00e9cificit\u00e9, tandis que l&rsquo;infixe \u00ab\u00a0-el-\u00a0\u00bb conf\u00e8re de l&rsquo;intensit\u00e9 au verbe de base.<\/p>\n\n\n\n<h3 class=\"wp-block-heading\" id=\"h-4-prepositions-amp-particles-adding-flavor-to-sentences\">4. Pr\u00e9positions et particules &#8211; Ajouter de la saveur aux phrases<\/h3>\n\n\n\n<p>Les pr\u00e9positions et les particules jouent un r\u00f4le essentiel dans la grammaire malaise, agissant comme un ciment linguistique et fournissant un contexte essentiel. Les pr\u00e9positions, telles que \u00ab\u00a0di\u00a0\u00bb (\u00e0), \u00ab\u00a0ke\u00a0\u00bb (\u00e0) et \u00ab\u00a0dari\u00a0\u00bb (de), permettent d&rsquo;\u00e9tablir des relations entre les mots. D&rsquo;autre part, les particules, comme \u00ab\u00a0lah\u00a0\u00bb, \u00ab\u00a0kah\u00a0\u00bb et \u00ab\u00a0pun\u00a0\u00bb, sont utilis\u00e9es pour ajouter de l&#8217;emphase, de l&rsquo;\u00e9motion et des points d&rsquo;interrogation aux phrases.<\/p>\n\n\n\n<p>Par exemple, la phrase \u00ab\u00a0Kamu pergi sana\u00a0\u00bb, qui signifie \u00ab\u00a0Vous allez l\u00e0-bas\u00a0\u00bb, devient plus emphatique si vous ajoutez \u00ab\u00a0lah\u00a0\u00bb \u00e0 la <a href=\"https:\/\/talkpal.ai\/learn-finnish\/\">fin<\/a> : \u00ab\u00a0Kamu pergi sana lah\u00a0\u00bb. Il signifie d\u00e9sormais \u00ab\u00a0Vous allez l\u00e0-bas (maintenant)\u00a0\u00bb.<\/p>\n\n\n\n<h3 class=\"wp-block-heading\" id=\"h-5-embracing-the-journey\">5. Embrasser le voyage<\/h3>\n\n\n\n<p>Bien que la grammaire malaise puisse sembler simple par rapport \u00e0 d\u2019autres langues, sa beaut\u00e9 r\u00e9side dans la richesse et la vari\u00e9t\u00e9 des expressions obtenues gr\u00e2ce \u00e0 des r\u00e8gles simples. La facilit\u00e9 d\u2019apprentissage de la grammaire malaise vous permettra de vous engager plus efficacement dans le monde diversifi\u00e9 de langue malaise et de vous immerger dans sa culture unique.<\/p>\n\n\n\n<p><a href=\"https:\/\/talkpal.ai\/culture\/what-is-the-difference-between-avant-de-and-avant-que\/\">Avant de<\/a> plonger la t\u00eate la premi\u00e8re dans le monde de Bahasa Melayu, rappelez-vous que le voyage n\u2019est pas toujours facile. Gardez l\u2019esprit ouvert, engagez-vous avec des locuteurs natifs et, surtout, savourez l\u2019exp\u00e9rience de d\u00e9couvrir les nuances de cette belle langue. Selamat belajar \u2013 bon apprentissage !<\/p>\n<\/div><\/div>\n\r\n<section class=\"learnNavigationSection\">\r\n            \r\n        <a href=\"https:\/\/talkpal.ai\/fr\/apprendre-le-malais\/\">\r\n            <div class=\"learnNavigationWrapper\">\r\n                <div class=\"learnNavigationContent\">\r\n                    <img decoding=\"async\" src=\"https:\/\/talkpal.ai\/wp-content\/uploads\/2024\/08\/Malay.jpg\" alt=\"Malaysian Flag\">\r\n                    <div>\r\n                        <h4>\u00c0 propos de Malay Learning<\/h4>\r\n                        <p>Tout savoir sur la grammaire malaise.<\/p>\r\n                    <\/div>\r\n                <\/div>\r\n            <\/div>\r\n        <\/a>\r\n\r\n        \r\n        <a href=\"https:\/\/talkpal.ai\/fr\/exercices-de-grammaire-malaise\/\">\r\n            <div class=\"learnNavigationWrapper\">\r\n                <div class=\"learnNavigationContent\">\r\n                    <img decoding=\"async\" src=\"https:\/\/talkpal.ai\/wp-content\/uploads\/2024\/08\/Malay.jpg\" alt=\"Malaysian Flag\">\r\n                    <div>\r\n                        <h4>Exercice de grammaire malaise<\/h4>\r\n                        <p>Pratiquez la grammaire malaise<\/p>\r\n                    <\/div>\r\n                <\/div>\r\n            <\/div>\r\n        <\/a>\r\n\r\n        \r\n        <a href=\"https:\/\/talkpal.ai\/vocabulary_language\/malay\/\">\r\n            <div class=\"learnNavigationWrapper\">\r\n                <div class=\"learnNavigationContent\">\r\n                    <img decoding=\"async\" src=\"https:\/\/talkpal.ai\/wp-content\/uploads\/2024\/08\/Malay.jpg\" alt=\"Malaysian Flag\">\r\n                    <div>\r\n                        <h4>Vocabulaire malais<\/h4>\r\n                        <p>\u00c9largissez votre vocabulaire malais.<\/p>\r\n                    <\/div>\r\n                <\/div>\r\n            <\/div>\r\n        <\/a>\r\n\r\n            <\/section>","protected":false},"excerpt":{"rendered":"<p>Grammaire malaise : explorer la richesse du bahasa melayu La langue malaise, ou Bahasa Melayu, est l&rsquo;une des langues les plus parl\u00e9es au monde. Elle unit les diff\u00e9rents peuples de Malaisie, d&rsquo;Indon\u00e9sie, de Brunei et de Singapour. En apprenant le malais, vous d\u00e9couvrirez rapidement la beaut\u00e9 de sa grammaire et son paysage linguistique en plein [&hellip;]<\/p>\n","protected":false},"author":1,"featured_media":28476,"parent":0,"menu_order":0,"comment_status":"closed","ping_status":"closed","template":"LearningContentPage.php","meta":{"_acf_changed":false,"footnotes":""},"class_list":["post-73766","page","type-page","status-publish","has-post-thumbnail","hentry"],"acf":[],"yoast_head":"<!-- This site is optimized with the Yoast SEO Premium plugin v27.2 (Yoast SEO v27.2) - https:\/\/yoast.com\/product\/yoast-seo-premium-wordpress\/ -->\n<title>Grammaire malaise - Talkpal<\/title>\n<meta name=\"description\" content=\"Explorez la grammaire malaise et d\u00e9couvrez comment sa simplicit\u00e9 peut am\u00e9liorer votre compr\u00e9hension de la langue malaise.\" \/>\n<meta name=\"robots\" content=\"index, follow, max-snippet:-1, max-image-preview:large, max-video-preview:-1\" \/>\n<link rel=\"canonical\" href=\"https:\/\/talkpal.ai\/fr\/grammaire-malaise\/\" \/>\n<meta property=\"og:locale\" content=\"fr_FR\" \/>\n<meta property=\"og:type\" content=\"article\" \/>\n<meta property=\"og:title\" content=\"Grammaire malaise\" \/>\n<meta property=\"og:description\" content=\"Grammaire malaise : explorer la richesse du bahasa melayu La langue malaise, ou Bahasa Melayu, est l&#039;une des langues les plus parl\u00e9es au monde. Elle unit\" \/>\n<meta property=\"og:url\" content=\"https:\/\/talkpal.ai\/fr\/grammaire-malaise\/\" \/>\n<meta property=\"og:site_name\" content=\"Talkpal\" \/>\n<meta property=\"article:publisher\" content=\"https:\/\/www.facebook.com\/profile.php?id=100090733639311\" \/>\n<meta property=\"article:modified_time\" content=\"2025-12-17T16:41:35+00:00\" \/>\n<meta property=\"og:image\" content=\"https:\/\/talkpal.ai\/wp-content\/uploads\/2023\/05\/malaysia.png\" \/>\n\t<meta property=\"og:image:width\" content=\"512\" \/>\n\t<meta property=\"og:image:height\" content=\"512\" \/>\n\t<meta property=\"og:image:type\" content=\"image\/png\" \/>\n<meta name=\"twitter:card\" content=\"summary_large_image\" \/>\n<meta name=\"twitter:site\" content=\"@talkpalai\" \/>\n<meta name=\"twitter:label1\" content=\"Dur\u00e9e de lecture estim\u00e9e\" \/>\n\t<meta name=\"twitter:data1\" content=\"3 minutes\" \/>\n<script type=\"application\/ld+json\" class=\"yoast-schema-graph\">{\"@context\":\"https:\/\/schema.org\",\"@graph\":[{\"@type\":\"WebPage\",\"@id\":\"https:\/\/talkpal.ai\/fr\/grammaire-malaise\/\",\"url\":\"https:\/\/talkpal.ai\/fr\/grammaire-malaise\/\",\"name\":\"Grammaire malaise - Talkpal\",\"isPartOf\":{\"@id\":\"https:\/\/talkpal.ai\/fr\/#website\"},\"primaryImageOfPage\":{\"@id\":\"https:\/\/talkpal.ai\/fr\/grammaire-malaise\/#primaryimage\"},\"image\":{\"@id\":\"https:\/\/talkpal.ai\/fr\/grammaire-malaise\/#primaryimage\"},\"thumbnailUrl\":\"https:\/\/talkpal.ai\/wp-content\/uploads\/2023\/05\/malaysia.png\",\"datePublished\":\"2023-05-14T14:11:47+00:00\",\"dateModified\":\"2025-12-17T16:41:35+00:00\",\"description\":\"Explorez la grammaire malaise et d\u00e9couvrez comment sa simplicit\u00e9 peut am\u00e9liorer votre compr\u00e9hension de la langue malaise.\",\"breadcrumb\":{\"@id\":\"https:\/\/talkpal.ai\/fr\/grammaire-malaise\/#breadcrumb\"},\"inLanguage\":\"fr-FR\",\"potentialAction\":[{\"@type\":\"ReadAction\",\"target\":[\"https:\/\/talkpal.ai\/fr\/grammaire-malaise\/\"]}]},{\"@type\":\"ImageObject\",\"inLanguage\":\"fr-FR\",\"@id\":\"https:\/\/talkpal.ai\/fr\/grammaire-malaise\/#primaryimage\",\"url\":\"https:\/\/talkpal.ai\/wp-content\/uploads\/2023\/05\/malaysia.png\",\"contentUrl\":\"https:\/\/talkpal.ai\/wp-content\/uploads\/2023\/05\/malaysia.png\",\"width\":512,\"height\":512},{\"@type\":\"BreadcrumbList\",\"@id\":\"https:\/\/talkpal.ai\/fr\/grammaire-malaise\/#breadcrumb\",\"itemListElement\":[{\"@type\":\"ListItem\",\"position\":1,\"name\":\"Homepage\",\"item\":\"https:\/\/talkpal.ai\/fr\/\"},{\"@type\":\"ListItem\",\"position\":2,\"name\":\"Grammaire malaise\"}]},{\"@type\":\"WebSite\",\"@id\":\"https:\/\/talkpal.ai\/fr\/#website\",\"url\":\"https:\/\/talkpal.ai\/fr\/\",\"name\":\"Talkpal\",\"description\":\"AI Language Learning\",\"publisher\":{\"@id\":\"https:\/\/talkpal.ai\/fr\/#organization\"},\"alternateName\":\"Talkpal AI\",\"potentialAction\":[{\"@type\":\"SearchAction\",\"target\":{\"@type\":\"EntryPoint\",\"urlTemplate\":\"https:\/\/talkpal.ai\/fr\/?s={search_term_string}\"},\"query-input\":{\"@type\":\"PropertyValueSpecification\",\"valueRequired\":true,\"valueName\":\"search_term_string\"}}],\"inLanguage\":\"fr-FR\"},{\"@type\":\"Organization\",\"@id\":\"https:\/\/talkpal.ai\/fr\/#organization\",\"name\":\"Talkpal, Inc.\",\"alternateName\":\"Talkpal AI\",\"url\":\"https:\/\/talkpal.ai\/fr\/\",\"logo\":{\"@type\":\"ImageObject\",\"inLanguage\":\"fr-FR\",\"@id\":\"https:\/\/talkpal.ai\/fr\/#\/schema\/logo\/image\/\",\"url\":\"https:\/\/talkpal.ai\/wp-content\/uploads\/2024\/03\/Talkpal-Logo-Icon.png\",\"contentUrl\":\"https:\/\/talkpal.ai\/wp-content\/uploads\/2024\/03\/Talkpal-Logo-Icon.png\",\"width\":2880,\"height\":2880,\"caption\":\"Talkpal, Inc.\"},\"image\":{\"@id\":\"https:\/\/talkpal.ai\/fr\/#\/schema\/logo\/image\/\"},\"sameAs\":[\"https:\/\/www.facebook.com\/profile.php?id=100090733639311\",\"https:\/\/x.com\/talkpalai\",\"https:\/\/www.linkedin.com\/company\/talkpal\/\",\"https:\/\/www.youtube.com\/@TalkPal\/\",\"https:\/\/www.tiktok.com\/@talkpal\",\"https:\/\/www.instagram.com\/talkpal_ai\/\",\"https:\/\/www.crunchbase.com\/organization\/talkpal-9cde\",\"https:\/\/www.g2.com\/products\/talkpal-for-business\/\",\"https:\/\/www.trustpilot.com\/review\/talkpal.ai\",\"https:\/\/www.capterra.com\/p\/10006800\/TalkPal\/\"],\"description\":\"Talkpal is a language learning web and mobile education app, powered by the latest AI technologies, that provides engaging experiences to its customers in many different languages to help them improve their language skills. Users can chat about unlimited amount of topics with the app and use other modes to practice their language learning.\",\"email\":\"support@talkpal.ai\",\"legalName\":\"Talkpal, Inc.\",\"foundingDate\":\"2023-04-03\",\"duns\":\"118989042\",\"numberOfEmployees\":{\"@type\":\"QuantitativeValue\",\"minValue\":\"11\",\"maxValue\":\"50\"},\"publishingPrinciples\":\"https:\/\/talkpal.ai\/publishing-principles\/\",\"actionableFeedbackPolicy\":\"https:\/\/talkpal.ai\/actionable-feedback-policy\/\",\"correctionsPolicy\":\"https:\/\/talkpal.ai\/corrections-policy\/\",\"ethicsPolicy\":\"https:\/\/talkpal.ai\/ethics-policy\/\",\"diversityPolicy\":\"https:\/\/talkpal.ai\/diversity-policy\/\",\"diversityStaffingReport\":\"https:\/\/talkpal.ai\/diversity-policy\/\"}]}<\/script>\n<!-- \/ Yoast SEO Premium plugin. -->","yoast_head_json":{"title":"Grammaire malaise - Talkpal","description":"Explorez la grammaire malaise et d\u00e9couvrez comment sa simplicit\u00e9 peut am\u00e9liorer votre compr\u00e9hension de la langue malaise.","robots":{"index":"index","follow":"follow","max-snippet":"max-snippet:-1","max-image-preview":"max-image-preview:large","max-video-preview":"max-video-preview:-1"},"canonical":"https:\/\/talkpal.ai\/fr\/grammaire-malaise\/","og_locale":"fr_FR","og_type":"article","og_title":"Grammaire malaise","og_description":"Grammaire malaise : explorer la richesse du bahasa melayu La langue malaise, ou Bahasa Melayu, est l'une des langues les plus parl\u00e9es au monde. Elle unit","og_url":"https:\/\/talkpal.ai\/fr\/grammaire-malaise\/","og_site_name":"Talkpal","article_publisher":"https:\/\/www.facebook.com\/profile.php?id=100090733639311","article_modified_time":"2025-12-17T16:41:35+00:00","og_image":[{"width":512,"height":512,"url":"https:\/\/talkpal.ai\/wp-content\/uploads\/2023\/05\/malaysia.png","type":"image\/png"}],"twitter_card":"summary_large_image","twitter_site":"@talkpalai","twitter_misc":{"Dur\u00e9e de lecture estim\u00e9e":"3 minutes"},"schema":{"@context":"https:\/\/schema.org","@graph":[{"@type":"WebPage","@id":"https:\/\/talkpal.ai\/fr\/grammaire-malaise\/","url":"https:\/\/talkpal.ai\/fr\/grammaire-malaise\/","name":"Grammaire malaise - Talkpal","isPartOf":{"@id":"https:\/\/talkpal.ai\/fr\/#website"},"primaryImageOfPage":{"@id":"https:\/\/talkpal.ai\/fr\/grammaire-malaise\/#primaryimage"},"image":{"@id":"https:\/\/talkpal.ai\/fr\/grammaire-malaise\/#primaryimage"},"thumbnailUrl":"https:\/\/talkpal.ai\/wp-content\/uploads\/2023\/05\/malaysia.png","datePublished":"2023-05-14T14:11:47+00:00","dateModified":"2025-12-17T16:41:35+00:00","description":"Explorez la grammaire malaise et d\u00e9couvrez comment sa simplicit\u00e9 peut am\u00e9liorer votre compr\u00e9hension de la langue malaise.","breadcrumb":{"@id":"https:\/\/talkpal.ai\/fr\/grammaire-malaise\/#breadcrumb"},"inLanguage":"fr-FR","potentialAction":[{"@type":"ReadAction","target":["https:\/\/talkpal.ai\/fr\/grammaire-malaise\/"]}]},{"@type":"ImageObject","inLanguage":"fr-FR","@id":"https:\/\/talkpal.ai\/fr\/grammaire-malaise\/#primaryimage","url":"https:\/\/talkpal.ai\/wp-content\/uploads\/2023\/05\/malaysia.png","contentUrl":"https:\/\/talkpal.ai\/wp-content\/uploads\/2023\/05\/malaysia.png","width":512,"height":512},{"@type":"BreadcrumbList","@id":"https:\/\/talkpal.ai\/fr\/grammaire-malaise\/#breadcrumb","itemListElement":[{"@type":"ListItem","position":1,"name":"Homepage","item":"https:\/\/talkpal.ai\/fr\/"},{"@type":"ListItem","position":2,"name":"Grammaire malaise"}]},{"@type":"WebSite","@id":"https:\/\/talkpal.ai\/fr\/#website","url":"https:\/\/talkpal.ai\/fr\/","name":"Talkpal","description":"AI Language Learning","publisher":{"@id":"https:\/\/talkpal.ai\/fr\/#organization"},"alternateName":"Talkpal AI","potentialAction":[{"@type":"SearchAction","target":{"@type":"EntryPoint","urlTemplate":"https:\/\/talkpal.ai\/fr\/?s={search_term_string}"},"query-input":{"@type":"PropertyValueSpecification","valueRequired":true,"valueName":"search_term_string"}}],"inLanguage":"fr-FR"},{"@type":"Organization","@id":"https:\/\/talkpal.ai\/fr\/#organization","name":"Talkpal, Inc.","alternateName":"Talkpal AI","url":"https:\/\/talkpal.ai\/fr\/","logo":{"@type":"ImageObject","inLanguage":"fr-FR","@id":"https:\/\/talkpal.ai\/fr\/#\/schema\/logo\/image\/","url":"https:\/\/talkpal.ai\/wp-content\/uploads\/2024\/03\/Talkpal-Logo-Icon.png","contentUrl":"https:\/\/talkpal.ai\/wp-content\/uploads\/2024\/03\/Talkpal-Logo-Icon.png","width":2880,"height":2880,"caption":"Talkpal, Inc."},"image":{"@id":"https:\/\/talkpal.ai\/fr\/#\/schema\/logo\/image\/"},"sameAs":["https:\/\/www.facebook.com\/profile.php?id=100090733639311","https:\/\/x.com\/talkpalai","https:\/\/www.linkedin.com\/company\/talkpal\/","https:\/\/www.youtube.com\/@TalkPal\/","https:\/\/www.tiktok.com\/@talkpal","https:\/\/www.instagram.com\/talkpal_ai\/","https:\/\/www.crunchbase.com\/organization\/talkpal-9cde","https:\/\/www.g2.com\/products\/talkpal-for-business\/","https:\/\/www.trustpilot.com\/review\/talkpal.ai","https:\/\/www.capterra.com\/p\/10006800\/TalkPal\/"],"description":"Talkpal is a language learning web and mobile education app, powered by the latest AI technologies, that provides engaging experiences to its customers in many different languages to help them improve their language skills. Users can chat about unlimited amount of topics with the app and use other modes to practice their language learning.","email":"support@talkpal.ai","legalName":"Talkpal, Inc.","foundingDate":"2023-04-03","duns":"118989042","numberOfEmployees":{"@type":"QuantitativeValue","minValue":"11","maxValue":"50"},"publishingPrinciples":"https:\/\/talkpal.ai\/publishing-principles\/","actionableFeedbackPolicy":"https:\/\/talkpal.ai\/actionable-feedback-policy\/","correctionsPolicy":"https:\/\/talkpal.ai\/corrections-policy\/","ethicsPolicy":"https:\/\/talkpal.ai\/ethics-policy\/","diversityPolicy":"https:\/\/talkpal.ai\/diversity-policy\/","diversityStaffingReport":"https:\/\/talkpal.ai\/diversity-policy\/"}]}},"_links":{"self":[{"href":"https:\/\/talkpal.ai\/fr\/wp-json\/wp\/v2\/pages\/73766","targetHints":{"allow":["GET"]}}],"collection":[{"href":"https:\/\/talkpal.ai\/fr\/wp-json\/wp\/v2\/pages"}],"about":[{"href":"https:\/\/talkpal.ai\/fr\/wp-json\/wp\/v2\/types\/page"}],"author":[{"embeddable":true,"href":"https:\/\/talkpal.ai\/fr\/wp-json\/wp\/v2\/users\/1"}],"replies":[{"embeddable":true,"href":"https:\/\/talkpal.ai\/fr\/wp-json\/wp\/v2\/comments?post=73766"}],"version-history":[{"count":0,"href":"https:\/\/talkpal.ai\/fr\/wp-json\/wp\/v2\/pages\/73766\/revisions"}],"wp:featuredmedia":[{"embeddable":true,"href":"https:\/\/talkpal.ai\/fr\/wp-json\/wp\/v2\/media\/28476"}],"wp:attachment":[{"href":"https:\/\/talkpal.ai\/fr\/wp-json\/wp\/v2\/media?parent=73766"}],"curies":[{"name":"wp","href":"https:\/\/api.w.org\/{rel}","templated":true}]}}