{"id":73728,"date":"2023-05-14T14:19:26","date_gmt":"2023-05-14T14:19:26","guid":{"rendered":"http:\/\/talkpal.ai\/grammaire-serbe\/"},"modified":"2025-12-17T15:37:38","modified_gmt":"2025-12-17T15:37:38","slug":"grammaire-serbe","status":"publish","type":"page","link":"https:\/\/talkpal.ai\/fr\/grammaire-serbe\/","title":{"rendered":"Grammaire serbe"},"content":{"rendered":"\r\n\r\n\r\n<section class=\"languageChallengeSection\">\r\n    <div class=\"languageInfoWrapper\">\r\n        \r\n        <h1>Grammaire serbe<\/h1>\r\n        <p>Commencez votre aventure dans la langue russe et ouvrez les portes d&#039;une culture et d&#039;une histoire riches. La ma\u00eetrise de la grammaire et du vocabulaire russes am\u00e9liorera vos possibilit\u00e9s de voyage, de carri\u00e8re et de communication. Commencez \u00e0 apprendre le russe aujourd&#039;hui et faites le premier pas vers la ma\u00eetrise de la langue !\n\n<\/p>\r\n\r\n                            <a class=\"getStartedHidden\" href=\"https:\/\/app.talkpal.ai\/fr\/signup?lng=\">Commencer<\/a>\r\n        \r\n    <\/div>\r\n\r\n    <figure>\r\n    <img decoding=\"async\" width=\"768\" height=\"768\" src=\"https:\/\/talkpal.ai\/wp-content\/uploads\/2023\/06\/serbian-768x768.png\" class=\"languageImage no-lazy\" alt=\"Default alt text\" fetchpriority=\"high\" sizes=\"(max-width: 768px) 150px, 768px\" srcset=\"https:\/\/talkpal.ai\/wp-content\/uploads\/2023\/06\/serbian-768x768.png 768w, https:\/\/talkpal.ai\/wp-content\/uploads\/2023\/06\/serbian-300x300.png 300w\" \/>\r\n    \r\n\r\n    <\/figure>\r\n\r\n            <a class=\"getStartedVisible\" href=\"https:\/\/app.talkpal.ai\/fr\/signup?lng=\">Commencer<\/a>\r\n    \r\n<\/section>\r\n        <section class=\"grammarSection\">\r\n            <div class=\"grammarLinks\">\r\n                <a href=\"https:\/\/talkpal.ai\/fr\/language\/adjectifs-grammaire-serbe\/\">Adjectifs <\/a><a href=\"https:\/\/talkpal.ai\/fr\/language\/adverbes-grammaire-serbe\/\">Adverbes <\/a><a href=\"https:\/\/talkpal.ai\/fr\/language\/articles-grammaire-serbe\/\">Articles <\/a><a href=\"https:\/\/talkpal.ai\/fr\/language\/comparaison-des-temps-grammaire-serbe\/\">Comparaison des temps <\/a><a href=\"https:\/\/talkpal.ai\/fr\/language\/conditionnels-grammaire-serbe\/\">Conditionnels <\/a><a href=\"https:\/\/talkpal.ai\/fr\/language\/noms-grammaire-serbe\/\">Noms <\/a><a href=\"https:\/\/talkpal.ai\/fr\/language\/phrases-grammaire-serbe\/\">Phrases <\/a><a href=\"https:\/\/talkpal.ai\/fr\/language\/prepositions-grammaire-serbe\/\">Pr\u00e9positions <\/a><a href=\"https:\/\/talkpal.ai\/fr\/language\/progressif-grammaire-serbe\/\">Progressif <\/a><a href=\"https:\/\/talkpal.ai\/fr\/language\/progressif-parfait-grammaire-serbe\/\">Progressif Parfait <\/a><a href=\"https:\/\/talkpal.ai\/fr\/language\/pronoms-determinants-grammaire-serbe\/\">Pronoms\/D\u00e9terminants <\/a><a href=\"https:\/\/talkpal.ai\/fr\/language\/temps-grammaire-serbe\/\">Temps <\/a><a href=\"https:\/\/talkpal.ai\/fr\/language\/verbes-grammaire-serbe\/\">Verbes <\/a>            <\/div>\r\n        <\/section>\r\n    <section class=\"promotionalBanner\">\r\n    <p class=\"promotionalText\">La fa\u00e7on la plus efficace d\u2019apprendre une langue<\/p>\r\n    <a class=\"promotionalLink\" href=\"https:\/\/app.talkpal.ai\/fr\/signup?lng=\">Essayez Talkpal gratuitement<\/a>\r\n<\/section>\n<div class=\"wp-block-group pageContainerStyle\"><div class=\"wp-block-group__inner-container is-layout-constrained wp-block-group-is-layout-constrained\">\n<h1 class=\"wp-block-heading\" id=\"h-serbian-grammar-unraveling-the-intricacies-of-the-south-slavic-language\">Grammaire serbe : d\u00e9m\u00ealer les subtilit\u00e9s de la langue slave m\u00e9ridionale<\/h1>\n\n\n\n<p>Appel \u00e0 tous les <a href=\"https:\/\/talkpal.ai\/talkpal-discount-for-language-enthusiasts\/\">passionn\u00e9s de langues<\/a> et aux aficionados des Balkans ! Avez-vous d\u00e9j\u00e0 envisag\u00e9 de plonger dans le monde de la <a href=\"https:\/\/talkpal.ai\/serbian-grammar\/\">grammaire serbe<\/a> ? Le <a href=\"https:\/\/talkpal.ai\/learn-serbian\/\">serbe<\/a>, une langue slave du sud, est la langue officielle de la Serbie et l\u2019une des langues officielles de la Bosnie-Herz\u00e9govine. Avec environ 9 millions de locuteurs natifs, cette langue intrigante partage des similitudes avec le <a href=\"https:\/\/talkpal.ai\/learn-croatian\/\">croate<\/a>, le <a href=\"https:\/\/talkpal.ai\/learn-bosnian\/\">bosniaque<\/a> et le mont\u00e9n\u00e9grin, mais poss\u00e8de des caract\u00e9ristiques distinctives qui la distinguent. Dans cet article, nous allons explorer les aspects fascinants de la <a href=\"https:\/\/talkpal.ai\/serbian-grammar\/\">grammaire serbe<\/a>.<\/p>\n\n\n\n<h3 class=\"wp-block-heading\" id=\"h-the-dual-alphabet-cyrillic-and-latin\">Le double alphabet : cyrillique et latin<\/h3>\n\n\n\n<p>L&rsquo;une des premi\u00e8res choses que vous remarquerez \u00e0 propos du serbe est l&rsquo;utilisation de deux alphabets : le cyrillique et le latin. L\u2019alphabet cyrillique serbe, avec 30 lettres, a \u00e9t\u00e9 normalis\u00e9 par le linguiste Vuk Karad\u017ei\u0107 en 1818 et est l\u2019alphabet officiel du pays. Cependant, l\u2019alphabet latin, \u00e9galement compos\u00e9 de 30 lettres, est largement utilis\u00e9, en particulier pour la communication num\u00e9rique et les contextes informels. L\u2019utilisation de deux alphabets donne au serbe un caract\u00e8re unique et polyvalent.<\/p>\n\n\n\n<h3 class=\"wp-block-heading\" id=\"h-the-building-blocks-nouns-pronouns-and-cases\">Les \u00e9l\u00e9ments constitutifs : noms, pronoms et cas<\/h3>\n\n\n\n<p>Comme les autres langues slaves, la grammaire serbe tourne autour de l\u2019inflexion, o\u00f9 les mots changent de terminaison en fonction de leur fonction grammaticale. Cela est plus apparent dans les noms, les pronoms et les adjectifs. Le serbe compte sept cas :<\/p>\n\n\n\n<p><strong>1. Nominatif &#8211; indique le sujet d&rsquo;une phrase<\/strong><\/p>\n\n\n\n<p><strong>2. G\u00e9nitif &#8211; indique la possession, l&rsquo;objet de la n\u00e9gation ou le sens partitif.<\/strong><\/p>\n\n\n\n<p><strong>3. Datif &#8211; marque l&rsquo;objet indirect<\/strong><\/p>\n\n\n\n<p><strong>4. Accusatif &#8211; signifie l&rsquo;objet direct<\/strong><\/p>\n\n\n\n<p><strong>5. Vocatif &#8211; utilis\u00e9 pour s&rsquo;adresser \u00e0 quelqu&rsquo;un ou l&rsquo;appeler<\/strong><\/p>\n\n\n\n<p><strong>6. Instrumental &#8211; exprime le moyen ou la m\u00e9thode d&rsquo;une action<\/strong><\/p>\n\n\n\n<p><strong>7. Locatif &#8211; sp\u00e9cifie le lieu ou l&rsquo;objet de certaines pr\u00e9positions<\/strong><\/p>\n\n\n\n<p>Les noms serbes ont trois genres (masculin, f\u00e9minin et neutre) et deux nombres (singulier et <a href=\"https:\/\/talkpal.ai\/ar\/grammar_exercises\/pluriel-%d8%aa%d9%85%d8%a7%d8%b1%d9%8a%d9%86-%d9%84%d9%84%d9%82%d9%88%d8%a7%d8%b9%d8%af-%d8%a7%d9%84%d9%81%d8%b1%d9%86%d8%b3%d9%8a%d8%a9\/\">pluriel<\/a>). Les terminaisons sp\u00e9cifiques \u00e0 chaque genre et \u00e0 chaque nombre varient selon les cas. Il est donc essentiel de m\u00e9moriser ces terminaisons pour construire des phrases grammaticalement correctes.<\/p>\n\n\n\n<h3 class=\"wp-block-heading\" id=\"h-get-moving-with-verbs-tenses-aspects-and-moods\">Bougez avec les verbes : temps, aspects et humeurs<\/h3>\n\n\n\n<p>Les verbes serbes pr\u00e9sentent des complexit\u00e9s fascinantes avec leurs temps (pass\u00e9, pr\u00e9sent et futur), leurs aspects (perfectif et imperfectif) et leurs modes (indicatif, imp\u00e9ratif et conditionnel). L\u2019aspect joue un r\u00f4le important dans les verbes serbes, car il indique si une action est consid\u00e9r\u00e9e comme achev\u00e9e (perfective) ou continue (imperfective). De nombreux verbes se pr\u00e9sentent par paires qui indiquent les diff\u00e9rents aspects, souvent par l\u2019utilisation de pr\u00e9fixes ou de suffixes sp\u00e9cifiques.<\/p>\n\n\n\n<h3 class=\"wp-block-heading\" id=\"h-adjectives-adverbs-and-all-that-jazz\">Adjectifs, adverbes et tout ce jazz<\/h3>\n\n\n\n<p>Les adjectifs serbes s\u2019accordent avec les noms qu\u2019ils modifient en termes de genre, de nombre et de cas. Ils ont \u00e9galement des formes comparatives et superlatives pour exprimer divers degr\u00e9s de qualit\u00e9s. De plus, les adverbes sont souvent d\u00e9riv\u00e9s d\u2019adjectifs et v\u00e9hiculent diverses significations telles que le temps, la mani\u00e8re, le lieu et le degr\u00e9.<\/p>\n\n\n\n<p>La langue serbe poss\u00e8de \u00e9galement un \u00e9ventail de conjonctions, de pr\u00e9positions, de chiffres et de particules qui contribuent \u00e0 la beaut\u00e9 de la langue et aident \u00e0 cr\u00e9er des phrases complexes et significatives.<\/p>\n\n\n\n<h3 class=\"wp-block-heading\" id=\"h-embracing-the-world-of-serbian-grammar\">Embrasser le monde de la grammaire serbe<\/h3>\n\n\n\n<p>La grammaire serbe peut sembler \u00e9crasante \u00e0 premi\u00e8re vue. Cependant, en vous plongeant dans son riche paysage de cas, d&rsquo;aspects et de bizarreries linguistiques, vous d\u00e9couvrirez une langue vibrante et expressive. Apprendre le serbe vous permettra non seulement d\u2019affiner votre compr\u00e9hension de la famille des langues slaves, mais aussi de vous familiariser avec une histoire et une culture captivantes.<\/p>\n\n\n\n<p>Alors pourquoi ne pas relever le d\u00e9fi d\u2019explorer davantage la grammaire serbe ? Avec pers\u00e9v\u00e9rance et passion, vous pourriez un jour vous retrouver \u00e0 fl\u00e2ner dans les rues de Belgrade, \u00e0 engager des conversations anim\u00e9es avec les habitants dans leur langue maternelle. Bon apprentissage !<\/p>\n<\/div><\/div>\n\r\n<section class=\"learnNavigationSection\">\r\n            \r\n        <a href=\"https:\/\/talkpal.ai\/fr\/apprendre-le-serbe\/\">\r\n            <div class=\"learnNavigationWrapper\">\r\n                <div class=\"learnNavigationContent\">\r\n                    <img decoding=\"async\" src=\"https:\/\/talkpal.ai\/wp-content\/uploads\/2024\/08\/Serbian.jpg\" alt=\"Serbian Flag\">\r\n                    <div>\r\n                        <h4>\u00c0 propos de l&#039;apprentissage en Serbie<\/h4>\r\n                        <p>D\u00e9couvrez la grammaire de la Serbie.<\/p>\r\n                    <\/div>\r\n                <\/div>\r\n            <\/div>\r\n        <\/a>\r\n\r\n        \r\n        <a href=\"https:\/\/talkpal.ai\/fr\/exercices-de-grammaire-serbe\/\">\r\n            <div class=\"learnNavigationWrapper\">\r\n                <div class=\"learnNavigationContent\">\r\n                    <img decoding=\"async\" src=\"https:\/\/talkpal.ai\/wp-content\/uploads\/2024\/08\/Serbian.jpg\" alt=\"Serbian Flag\">\r\n                    <div>\r\n                        <h4>Exercice de grammaire serbe<\/h4>\r\n                        <p>Pratiquez la grammaire serbe.<\/p>\r\n                    <\/div>\r\n                <\/div>\r\n            <\/div>\r\n        <\/a>\r\n\r\n        \r\n        <a href=\"https:\/\/talkpal.ai\/vocabulary_language\/serbian\/\">\r\n            <div class=\"learnNavigationWrapper\">\r\n                <div class=\"learnNavigationContent\">\r\n                    <img decoding=\"async\" src=\"https:\/\/talkpal.ai\/wp-content\/uploads\/2024\/08\/Serbian.jpg\" alt=\"Serbian Flag\">\r\n                    <div>\r\n                        <h4>Vocabulaire serbe<\/h4>\r\n                        <p>\u00c9largissez votre vocabulaire serbe.<\/p>\r\n                    <\/div>\r\n                <\/div>\r\n            <\/div>\r\n        <\/a>\r\n\r\n            <\/section>","protected":false},"excerpt":{"rendered":"<p>Grammaire serbe : d\u00e9m\u00ealer les subtilit\u00e9s de la langue slave m\u00e9ridionale Appel \u00e0 tous les passionn\u00e9s de langues et aux aficionados des Balkans ! Avez-vous d\u00e9j\u00e0 envisag\u00e9 de plonger dans le monde de la grammaire serbe ? Le serbe, une langue slave du sud, est la langue officielle de la Serbie et l\u2019une des langues [&hellip;]<\/p>\n","protected":false},"author":1,"featured_media":28620,"parent":0,"menu_order":0,"comment_status":"closed","ping_status":"closed","template":"LearningContentPage.php","meta":{"_acf_changed":false,"footnotes":""},"class_list":["post-73728","page","type-page","status-publish","has-post-thumbnail","hentry"],"acf":[],"yoast_head":"<!-- This site is optimized with the Yoast SEO Premium plugin v27.2 (Yoast SEO v27.2) - https:\/\/yoast.com\/product\/yoast-seo-premium-wordpress\/ -->\n<title>Grammaire serbe - Talkpal<\/title>\n<meta name=\"description\" content=\"Explorez les subtilit\u00e9s de la grammaire serbe et d\u00e9couvrez les caract\u00e9ristiques uniques qui la distinguent des autres langues des Balkans.\" \/>\n<meta name=\"robots\" content=\"index, follow, max-snippet:-1, max-image-preview:large, max-video-preview:-1\" \/>\n<link rel=\"canonical\" href=\"https:\/\/talkpal.ai\/fr\/grammaire-serbe\/\" \/>\n<meta property=\"og:locale\" content=\"fr_FR\" \/>\n<meta property=\"og:type\" content=\"article\" \/>\n<meta property=\"og:title\" content=\"Grammaire serbe\" \/>\n<meta property=\"og:description\" content=\"Grammaire serbe : d\u00e9m\u00ealer les subtilit\u00e9s de la langue slave m\u00e9ridionale Appel \u00e0 tous les passionn\u00e9s de langues et aux aficionados des Balkans ! Avez-vous\" \/>\n<meta property=\"og:url\" content=\"https:\/\/talkpal.ai\/fr\/grammaire-serbe\/\" \/>\n<meta property=\"og:site_name\" content=\"Talkpal\" \/>\n<meta property=\"article:publisher\" content=\"https:\/\/www.facebook.com\/profile.php?id=100090733639311\" \/>\n<meta property=\"article:modified_time\" content=\"2025-12-17T15:37:38+00:00\" \/>\n<meta property=\"og:image\" content=\"https:\/\/talkpal.ai\/wp-content\/uploads\/2023\/05\/serbia.png\" \/>\n\t<meta property=\"og:image:width\" content=\"512\" \/>\n\t<meta property=\"og:image:height\" content=\"512\" \/>\n\t<meta property=\"og:image:type\" content=\"image\/png\" \/>\n<meta name=\"twitter:card\" content=\"summary_large_image\" \/>\n<meta name=\"twitter:site\" content=\"@talkpalai\" \/>\n<meta name=\"twitter:label1\" content=\"Dur\u00e9e de lecture estim\u00e9e\" \/>\n\t<meta name=\"twitter:data1\" content=\"3 minutes\" \/>\n<script type=\"application\/ld+json\" class=\"yoast-schema-graph\">{\"@context\":\"https:\/\/schema.org\",\"@graph\":[{\"@type\":\"WebPage\",\"@id\":\"https:\/\/talkpal.ai\/fr\/grammaire-serbe\/\",\"url\":\"https:\/\/talkpal.ai\/fr\/grammaire-serbe\/\",\"name\":\"Grammaire serbe - Talkpal\",\"isPartOf\":{\"@id\":\"https:\/\/talkpal.ai\/fr\/#website\"},\"primaryImageOfPage\":{\"@id\":\"https:\/\/talkpal.ai\/fr\/grammaire-serbe\/#primaryimage\"},\"image\":{\"@id\":\"https:\/\/talkpal.ai\/fr\/grammaire-serbe\/#primaryimage\"},\"thumbnailUrl\":\"https:\/\/talkpal.ai\/wp-content\/uploads\/2023\/05\/serbia.png\",\"datePublished\":\"2023-05-14T14:19:26+00:00\",\"dateModified\":\"2025-12-17T15:37:38+00:00\",\"description\":\"Explorez les subtilit\u00e9s de la grammaire serbe et d\u00e9couvrez les caract\u00e9ristiques uniques qui la distinguent des autres langues des Balkans.\",\"breadcrumb\":{\"@id\":\"https:\/\/talkpal.ai\/fr\/grammaire-serbe\/#breadcrumb\"},\"inLanguage\":\"fr-FR\",\"potentialAction\":[{\"@type\":\"ReadAction\",\"target\":[\"https:\/\/talkpal.ai\/fr\/grammaire-serbe\/\"]}]},{\"@type\":\"ImageObject\",\"inLanguage\":\"fr-FR\",\"@id\":\"https:\/\/talkpal.ai\/fr\/grammaire-serbe\/#primaryimage\",\"url\":\"https:\/\/talkpal.ai\/wp-content\/uploads\/2023\/05\/serbia.png\",\"contentUrl\":\"https:\/\/talkpal.ai\/wp-content\/uploads\/2023\/05\/serbia.png\",\"width\":512,\"height\":512},{\"@type\":\"BreadcrumbList\",\"@id\":\"https:\/\/talkpal.ai\/fr\/grammaire-serbe\/#breadcrumb\",\"itemListElement\":[{\"@type\":\"ListItem\",\"position\":1,\"name\":\"Homepage\",\"item\":\"https:\/\/talkpal.ai\/fr\/\"},{\"@type\":\"ListItem\",\"position\":2,\"name\":\"Grammaire serbe\"}]},{\"@type\":\"WebSite\",\"@id\":\"https:\/\/talkpal.ai\/fr\/#website\",\"url\":\"https:\/\/talkpal.ai\/fr\/\",\"name\":\"Talkpal\",\"description\":\"AI Language Learning\",\"publisher\":{\"@id\":\"https:\/\/talkpal.ai\/fr\/#organization\"},\"alternateName\":\"Talkpal AI\",\"potentialAction\":[{\"@type\":\"SearchAction\",\"target\":{\"@type\":\"EntryPoint\",\"urlTemplate\":\"https:\/\/talkpal.ai\/fr\/?s={search_term_string}\"},\"query-input\":{\"@type\":\"PropertyValueSpecification\",\"valueRequired\":true,\"valueName\":\"search_term_string\"}}],\"inLanguage\":\"fr-FR\"},{\"@type\":\"Organization\",\"@id\":\"https:\/\/talkpal.ai\/fr\/#organization\",\"name\":\"Talkpal, Inc.\",\"alternateName\":\"Talkpal AI\",\"url\":\"https:\/\/talkpal.ai\/fr\/\",\"logo\":{\"@type\":\"ImageObject\",\"inLanguage\":\"fr-FR\",\"@id\":\"https:\/\/talkpal.ai\/fr\/#\/schema\/logo\/image\/\",\"url\":\"https:\/\/talkpal.ai\/wp-content\/uploads\/2024\/03\/Talkpal-Logo-Icon.png\",\"contentUrl\":\"https:\/\/talkpal.ai\/wp-content\/uploads\/2024\/03\/Talkpal-Logo-Icon.png\",\"width\":2880,\"height\":2880,\"caption\":\"Talkpal, Inc.\"},\"image\":{\"@id\":\"https:\/\/talkpal.ai\/fr\/#\/schema\/logo\/image\/\"},\"sameAs\":[\"https:\/\/www.facebook.com\/profile.php?id=100090733639311\",\"https:\/\/x.com\/talkpalai\",\"https:\/\/www.linkedin.com\/company\/talkpal\/\",\"https:\/\/www.youtube.com\/@TalkPal\/\",\"https:\/\/www.tiktok.com\/@talkpal\",\"https:\/\/www.instagram.com\/talkpal_ai\/\",\"https:\/\/www.crunchbase.com\/organization\/talkpal-9cde\",\"https:\/\/www.g2.com\/products\/talkpal-for-business\/\",\"https:\/\/www.trustpilot.com\/review\/talkpal.ai\",\"https:\/\/www.capterra.com\/p\/10006800\/TalkPal\/\"],\"description\":\"Talkpal is a language learning web and mobile education app, powered by the latest AI technologies, that provides engaging experiences to its customers in many different languages to help them improve their language skills. Users can chat about unlimited amount of topics with the app and use other modes to practice their language learning.\",\"email\":\"support@talkpal.ai\",\"legalName\":\"Talkpal, Inc.\",\"foundingDate\":\"2023-04-03\",\"duns\":\"118989042\",\"numberOfEmployees\":{\"@type\":\"QuantitativeValue\",\"minValue\":\"11\",\"maxValue\":\"50\"},\"publishingPrinciples\":\"https:\/\/talkpal.ai\/publishing-principles\/\",\"actionableFeedbackPolicy\":\"https:\/\/talkpal.ai\/actionable-feedback-policy\/\",\"correctionsPolicy\":\"https:\/\/talkpal.ai\/corrections-policy\/\",\"ethicsPolicy\":\"https:\/\/talkpal.ai\/ethics-policy\/\",\"diversityPolicy\":\"https:\/\/talkpal.ai\/diversity-policy\/\",\"diversityStaffingReport\":\"https:\/\/talkpal.ai\/diversity-policy\/\"}]}<\/script>\n<!-- \/ Yoast SEO Premium plugin. -->","yoast_head_json":{"title":"Grammaire serbe - Talkpal","description":"Explorez les subtilit\u00e9s de la grammaire serbe et d\u00e9couvrez les caract\u00e9ristiques uniques qui la distinguent des autres langues des Balkans.","robots":{"index":"index","follow":"follow","max-snippet":"max-snippet:-1","max-image-preview":"max-image-preview:large","max-video-preview":"max-video-preview:-1"},"canonical":"https:\/\/talkpal.ai\/fr\/grammaire-serbe\/","og_locale":"fr_FR","og_type":"article","og_title":"Grammaire serbe","og_description":"Grammaire serbe : d\u00e9m\u00ealer les subtilit\u00e9s de la langue slave m\u00e9ridionale Appel \u00e0 tous les passionn\u00e9s de langues et aux aficionados des Balkans ! Avez-vous","og_url":"https:\/\/talkpal.ai\/fr\/grammaire-serbe\/","og_site_name":"Talkpal","article_publisher":"https:\/\/www.facebook.com\/profile.php?id=100090733639311","article_modified_time":"2025-12-17T15:37:38+00:00","og_image":[{"width":512,"height":512,"url":"https:\/\/talkpal.ai\/wp-content\/uploads\/2023\/05\/serbia.png","type":"image\/png"}],"twitter_card":"summary_large_image","twitter_site":"@talkpalai","twitter_misc":{"Dur\u00e9e de lecture estim\u00e9e":"3 minutes"},"schema":{"@context":"https:\/\/schema.org","@graph":[{"@type":"WebPage","@id":"https:\/\/talkpal.ai\/fr\/grammaire-serbe\/","url":"https:\/\/talkpal.ai\/fr\/grammaire-serbe\/","name":"Grammaire serbe - Talkpal","isPartOf":{"@id":"https:\/\/talkpal.ai\/fr\/#website"},"primaryImageOfPage":{"@id":"https:\/\/talkpal.ai\/fr\/grammaire-serbe\/#primaryimage"},"image":{"@id":"https:\/\/talkpal.ai\/fr\/grammaire-serbe\/#primaryimage"},"thumbnailUrl":"https:\/\/talkpal.ai\/wp-content\/uploads\/2023\/05\/serbia.png","datePublished":"2023-05-14T14:19:26+00:00","dateModified":"2025-12-17T15:37:38+00:00","description":"Explorez les subtilit\u00e9s de la grammaire serbe et d\u00e9couvrez les caract\u00e9ristiques uniques qui la distinguent des autres langues des Balkans.","breadcrumb":{"@id":"https:\/\/talkpal.ai\/fr\/grammaire-serbe\/#breadcrumb"},"inLanguage":"fr-FR","potentialAction":[{"@type":"ReadAction","target":["https:\/\/talkpal.ai\/fr\/grammaire-serbe\/"]}]},{"@type":"ImageObject","inLanguage":"fr-FR","@id":"https:\/\/talkpal.ai\/fr\/grammaire-serbe\/#primaryimage","url":"https:\/\/talkpal.ai\/wp-content\/uploads\/2023\/05\/serbia.png","contentUrl":"https:\/\/talkpal.ai\/wp-content\/uploads\/2023\/05\/serbia.png","width":512,"height":512},{"@type":"BreadcrumbList","@id":"https:\/\/talkpal.ai\/fr\/grammaire-serbe\/#breadcrumb","itemListElement":[{"@type":"ListItem","position":1,"name":"Homepage","item":"https:\/\/talkpal.ai\/fr\/"},{"@type":"ListItem","position":2,"name":"Grammaire serbe"}]},{"@type":"WebSite","@id":"https:\/\/talkpal.ai\/fr\/#website","url":"https:\/\/talkpal.ai\/fr\/","name":"Talkpal","description":"AI Language Learning","publisher":{"@id":"https:\/\/talkpal.ai\/fr\/#organization"},"alternateName":"Talkpal AI","potentialAction":[{"@type":"SearchAction","target":{"@type":"EntryPoint","urlTemplate":"https:\/\/talkpal.ai\/fr\/?s={search_term_string}"},"query-input":{"@type":"PropertyValueSpecification","valueRequired":true,"valueName":"search_term_string"}}],"inLanguage":"fr-FR"},{"@type":"Organization","@id":"https:\/\/talkpal.ai\/fr\/#organization","name":"Talkpal, Inc.","alternateName":"Talkpal AI","url":"https:\/\/talkpal.ai\/fr\/","logo":{"@type":"ImageObject","inLanguage":"fr-FR","@id":"https:\/\/talkpal.ai\/fr\/#\/schema\/logo\/image\/","url":"https:\/\/talkpal.ai\/wp-content\/uploads\/2024\/03\/Talkpal-Logo-Icon.png","contentUrl":"https:\/\/talkpal.ai\/wp-content\/uploads\/2024\/03\/Talkpal-Logo-Icon.png","width":2880,"height":2880,"caption":"Talkpal, Inc."},"image":{"@id":"https:\/\/talkpal.ai\/fr\/#\/schema\/logo\/image\/"},"sameAs":["https:\/\/www.facebook.com\/profile.php?id=100090733639311","https:\/\/x.com\/talkpalai","https:\/\/www.linkedin.com\/company\/talkpal\/","https:\/\/www.youtube.com\/@TalkPal\/","https:\/\/www.tiktok.com\/@talkpal","https:\/\/www.instagram.com\/talkpal_ai\/","https:\/\/www.crunchbase.com\/organization\/talkpal-9cde","https:\/\/www.g2.com\/products\/talkpal-for-business\/","https:\/\/www.trustpilot.com\/review\/talkpal.ai","https:\/\/www.capterra.com\/p\/10006800\/TalkPal\/"],"description":"Talkpal is a language learning web and mobile education app, powered by the latest AI technologies, that provides engaging experiences to its customers in many different languages to help them improve their language skills. Users can chat about unlimited amount of topics with the app and use other modes to practice their language learning.","email":"support@talkpal.ai","legalName":"Talkpal, Inc.","foundingDate":"2023-04-03","duns":"118989042","numberOfEmployees":{"@type":"QuantitativeValue","minValue":"11","maxValue":"50"},"publishingPrinciples":"https:\/\/talkpal.ai\/publishing-principles\/","actionableFeedbackPolicy":"https:\/\/talkpal.ai\/actionable-feedback-policy\/","correctionsPolicy":"https:\/\/talkpal.ai\/corrections-policy\/","ethicsPolicy":"https:\/\/talkpal.ai\/ethics-policy\/","diversityPolicy":"https:\/\/talkpal.ai\/diversity-policy\/","diversityStaffingReport":"https:\/\/talkpal.ai\/diversity-policy\/"}]}},"_links":{"self":[{"href":"https:\/\/talkpal.ai\/fr\/wp-json\/wp\/v2\/pages\/73728","targetHints":{"allow":["GET"]}}],"collection":[{"href":"https:\/\/talkpal.ai\/fr\/wp-json\/wp\/v2\/pages"}],"about":[{"href":"https:\/\/talkpal.ai\/fr\/wp-json\/wp\/v2\/types\/page"}],"author":[{"embeddable":true,"href":"https:\/\/talkpal.ai\/fr\/wp-json\/wp\/v2\/users\/1"}],"replies":[{"embeddable":true,"href":"https:\/\/talkpal.ai\/fr\/wp-json\/wp\/v2\/comments?post=73728"}],"version-history":[{"count":0,"href":"https:\/\/talkpal.ai\/fr\/wp-json\/wp\/v2\/pages\/73728\/revisions"}],"wp:featuredmedia":[{"embeddable":true,"href":"https:\/\/talkpal.ai\/fr\/wp-json\/wp\/v2\/media\/28620"}],"wp:attachment":[{"href":"https:\/\/talkpal.ai\/fr\/wp-json\/wp\/v2\/media?parent=73728"}],"curies":[{"name":"wp","href":"https:\/\/api.w.org\/{rel}","templated":true}]}}