{"id":73725,"date":"2023-05-14T14:11:00","date_gmt":"2023-05-14T14:11:00","guid":{"rendered":"http:\/\/talkpal.ai\/grammaire-kazakhe\/"},"modified":"2025-12-17T16:59:19","modified_gmt":"2025-12-17T16:59:19","slug":"grammaire-kazakhe","status":"publish","type":"page","link":"https:\/\/talkpal.ai\/fr\/grammaire-kazakhe\/","title":{"rendered":"Grammaire kazakhe"},"content":{"rendered":"\r\n\r\n\r\n<section class=\"languageChallengeSection\">\r\n    <div class=\"languageInfoWrapper\">\r\n        \r\n        <h1>Grammaire kazakhe<\/h1>\r\n        <p>L&#039;apprentissage du <a href=\"https:\/\/talkpal.ai\/learn-kazakh\/\">kazakh<\/a> vous ouvre les portes d&#039;une langue riche en histoire et en culture, avec en son c\u0153ur un syst\u00e8me grammatical fascinant. Si la <a href=\"https:\/\/talkpal.ai\/kazakh-grammar\/\">grammaire kazakhe<\/a> peut sembler complexe au premier abord, la compr\u00e9hension de ses principales caract\u00e9ristiques &#8211; harmonie des voyelles, cas des noms et <a href=\"https:\/\/talkpal.ai\/zh-hans\/grammar_exercises\/temps-%e6%b3%95%e8%af%ad%e8%af%ad%e6%b3%95%e7%bb%83%e4%b9%a0\/\">temps<\/a> des verbes &#8211; rend la ma\u00eetrise de la langue \u00e0 la fois r\u00e9alisable et gratifiante. Plongez dans l&#039;histoire et d\u00e9couvrez ce qui fait la sp\u00e9cificit\u00e9 du Kazakhstan !<\/p>\r\n\r\n                            <a class=\"getStartedHidden\" href=\"https:\/\/app.talkpal.ai\/fr\/signup?lng=\">Commencer<\/a>\r\n        \r\n    <\/div>\r\n\r\n    <figure>\r\n    <img decoding=\"async\" width=\"768\" height=\"768\" src=\"https:\/\/talkpal.ai\/wp-content\/uploads\/2023\/06\/Khazak-768x768.png\" class=\"languageImage no-lazy\" alt=\"Default alt text\" fetchpriority=\"high\" sizes=\"(max-width: 768px) 150px, 768px\" srcset=\"https:\/\/talkpal.ai\/wp-content\/uploads\/2023\/06\/Khazak-768x768.png 768w, https:\/\/talkpal.ai\/wp-content\/uploads\/2023\/06\/Khazak-300x300.png 300w\" \/>\r\n    \r\n\r\n    <\/figure>\r\n\r\n            <a class=\"getStartedVisible\" href=\"https:\/\/app.talkpal.ai\/fr\/signup?lng=\">Commencer<\/a>\r\n    \r\n<\/section>\r\n        <section class=\"grammarSection\">\r\n            <div class=\"grammarLinks\">\r\n                <a href=\"https:\/\/talkpal.ai\/fr\/language\/adjectifs-grammaire-kazakhe\/\">Adjectifs <\/a><a href=\"https:\/\/talkpal.ai\/fr\/language\/adverbes-grammaire-kazakhe\/\">Adverbes <\/a><a href=\"https:\/\/talkpal.ai\/fr\/language\/articles-grammaire-kazakhe\/\">Articles <\/a><a href=\"https:\/\/talkpal.ai\/fr\/language\/comparaison-des-temps-grammaire-kazakhe\/\">Comparaison des temps <\/a><a href=\"https:\/\/talkpal.ai\/fr\/language\/conditionnels-grammaire-kazakhe\/\">Conditionnels <\/a><a href=\"https:\/\/talkpal.ai\/fr\/language\/noms-grammaire-kazakhe\/\">Noms <\/a><a href=\"https:\/\/talkpal.ai\/fr\/language\/phrases-grammaire-kazakhe\/\">Phrases <\/a><a href=\"https:\/\/talkpal.ai\/fr\/language\/prepositions-grammaire-kazakhe\/\">Pr\u00e9positions <\/a><a href=\"https:\/\/talkpal.ai\/fr\/language\/progressif-grammaire-kazakhe\/\">Progressif <\/a><a href=\"https:\/\/talkpal.ai\/fr\/language\/progressif-parfait-grammaire-kazakhe\/\">Progressif parfait <\/a><a href=\"https:\/\/talkpal.ai\/fr\/language\/pronoms-determinants-grammaire-kazakhe\/\">Pronoms\/D\u00e9terminants <\/a><a href=\"https:\/\/talkpal.ai\/fr\/language\/temps-grammaire-kazakhe\/\">Temps <\/a><a href=\"https:\/\/talkpal.ai\/fr\/language\/verbes-grammaire-kazakhe\/\">Verbes <\/a>            <\/div>\r\n        <\/section>\r\n    <section class=\"promotionalBanner\">\r\n    <p class=\"promotionalText\">La fa\u00e7on la plus efficace d\u2019apprendre une langue<\/p>\r\n    <a class=\"promotionalLink\" href=\"https:\/\/app.talkpal.ai\/fr\/signup?lng=\">Essayez Talkpal gratuitement<\/a>\r\n<\/section>\n<div class=\"wp-block-group pageContainerStyle\"><div class=\"wp-block-group__inner-container is-layout-constrained wp-block-group-is-layout-constrained\">\n<h2 class=\"wp-block-heading\" id=\"h-kazakh-grammar-unlocking-the-secrets-of-the-kazakh-language\">Grammaire kazakhe : percer les secrets de la langue kazakhe<\/h2>\n\n\n\n<p>Lorsqu\u2019il s\u2019agit d\u2019apprendre la langue kazakhe, il est essentiel de comprendre les bases de la <a href=\"https:\/\/talkpal.ai\/kazakh-grammar\/\">grammaire kazakhe<\/a> pour percer ses secrets. Bien qu\u2019il puisse sembler intimidant au premier abord, le syst\u00e8me grammatical poss\u00e8de des caract\u00e9ristiques uniques qui rendent la langue fascinante. Cet article vise \u00e0 mettre en lumi\u00e8re des aspects cl\u00e9s de la grammaire kazakhe, en fournissant une introduction conversationnelle et informelle \u00e0 la riche structure de la langue.<\/p>\n\n\n\n<h3 class=\"wp-block-heading\" id=\"h-1-nouns-harmony-in-cases-and-declensions\">1. Noms \u2013 Harmonie dans les cas et les d\u00e9clinaisons<\/h3>\n\n\n\n<p>L&rsquo;un des premiers \u00e9l\u00e9ments \u00e0 prendre en compte dans la grammaire kazakhe est la structure du nom. La langue utilise un syst\u00e8me d\u2019harmonie vocalique, o\u00f9 les voyelles sont soit \u00e0 l\u2019avant, soit \u00e0 l\u2019arri\u00e8re, et les combinaisons harmonieuses sont pr\u00e9f\u00e9r\u00e9es. Ce syst\u00e8me est li\u00e9 aux pluriels nominaux, qui sont form\u00e9s par divers suffixes qui correspondent au groupe harmonique du nom initial.<\/p>\n\n\n\n<p>Les noms kazakhs ob\u00e9issent \u00e0 sept cas : le nominatif, le g\u00e9nitif, le datif, l\u2019accusatif, le locatif, l\u2019ablatif et l\u2019instrumental. Bien que d\u00e9courageante au d\u00e9but, la ma\u00eetrise de ces cas est cruciale pour former des structures de phrases pr\u00e9cises. Les cas d\u00e9terminent les relations entre les mots, ce qui permet une flexibilit\u00e9 dans l\u2019ordre des mots sans perdre le <a href=\"https:\/\/talkpal.ai\/locations\/language-courses-in-sens\/\">sens<\/a>.<\/p>\n\n\n\n<h3 class=\"wp-block-heading\" id=\"h-2-adjectives-agreement-and-comparison\">2. Adjectifs \u2013 Accord et comparaison<\/h3>\n\n\n\n<p>Les adjectifs kazakhs sont utilis\u00e9s pour d\u00e9crire et fournir plus d\u2019informations sur les noms. Ils doivent \u00eatre d\u2019accord avec le substantif qu\u2019ils modifient en termes de casse et de nombre. De plus, les adjectifs peuvent \u00eatre compar\u00e9s \u00e0 l\u2019aide de degr\u00e9s comparatifs et superlatifs, obtenus en ajoutant les suffixes correspondants, pour transmettre diff\u00e9rents niveaux d\u2019accentuation.<\/p>\n\n\n\n<p>Par exemple, le mot pour \u00ab\u00a0beau\u00a0\u00bb en kazakh est \u00ab\u00a0\u0441\u044b\u04a3\u0448\u044b\u00a0\u00bb. Pour d\u00e9crire un beau jardin (\u0431\u0430\u049b), la phrase serait \u00ab\u00a0\u0441\u044b\u04a3\u0448\u044b \u0431\u0430\u049b\u00a0\u00bb. Pour dire \u00ab\u00a0plus beau\u00a0\u00bb, vous utiliserez \u00ab\u00a0\u0441\u044b\u04a3\u0448\u044b\u0440\u0430\u049b\u00a0\u00bb, tandis que \u00ab\u00a0le plus beau\u00a0\u00bb sera form\u00e9 en utilisant \u00ab\u00a0\u0441\u044b\u04a3\u0448\u044b\u00a0\u00bb. Pour dire \u00ab\u00a0le plus beau jardin\u00a0\u00bb, vous utiliserez \u00ab\u00a0\u0441\u044b\u04a3\u0448\u044b \u0431\u0430\u049b\u00a0\u00bb.<\/p>\n\n\n\n<h3 class=\"wp-block-heading\" id=\"h-3-verbs-tense-mood-and-aspect\">3. Verbes \u2013 temps, humeur et aspect<\/h3>\n\n\n\n<p>Les verbes en kazakh repr\u00e9sentent le temps, l\u2019humeur et l\u2019aspect. La langue contient trois temps principaux : le pass\u00e9, le pr\u00e9sent et le futur. Chaque temps a des formes distinctes en fonction du pronom sujet, de l\u2019humeur (comme <a href=\"https:\/\/talkpal.ai\/ko\/grammar_exercises\/imperatif-%ed%94%84%eb%9e%91%ec%8a%a4-%eb%ac%b8%eb%b2%95-%ec%9a%b4%eb%8f%99\/\">imp\u00e9ratif<\/a> ou conditionnel) et de l\u2019aspect (si l\u2019action est perfective, refl\u00e9tant une action achev\u00e9e, ou imperfective, indiquant une action continue ou habituelle).<\/p>\n\n\n\n<h3 class=\"wp-block-heading\" id=\"h-4-pronouns-personal-and-demonstrative\">4. Les pronoms \u2013 personnels et d\u00e9monstratifs<\/h3>\n\n\n\n<p>Les pronoms dans la grammaire kazakhe comprennent des vari\u00e9t\u00e9s personnelles, possessives, d\u00e9monstratives, interrogatives et relatives. Ils doivent s\u2019accorder en cas et en nombre avec le nom auquel ils font r\u00e9f\u00e9rence ou qu\u2019ils remplacent. Les <a href=\"https:\/\/talkpal.ai\/ko\/grammar_exercises\/pronoms-et-determinants-demonstratifs-%ed%94%84%eb%9e%91%ec%8a%a4-%eb%ac%b8%eb%b2%95-%ec%9a%b4%eb%8f%99\/\">pronoms d\u00e9monstratifs<\/a>, par exemple, ont trois formes : proximal (\u0431\u04b1\u043b), m\u00e9dial (\u043e\u0441\u044b) et distal (\u0430\u043d\u0430\u0443), en fonction de la distance par rapport au locuteur.<\/p>\n\n\n\n<h3 class=\"wp-block-heading\" id=\"h-5-embracing-the-uniqueness-of-kazakh-grammar\">5. Embrasser le caract\u00e8re unique de la grammaire kazakhe<\/h3>\n\n\n\n<p>Alors que vous entamez votre voyage en langue kazakhe, n&rsquo;oubliez pas qu&rsquo;il ne s&rsquo;agit pas de ma\u00eetriser toutes les nuances d&rsquo;un seul coup. R\u00e9jouissez-vous de d\u00e9couvrir le syst\u00e8me grammatical unique qui distingue le kazakh et prenez le temps de le comprendre sans vous sentir d\u00e9pass\u00e9.<\/p>\n\n\n\n<p>En appr\u00e9ciant et en explorant les particularit\u00e9s de la grammaire kazakhe, vous pourrez v\u00e9ritablement r\u00e9v\u00e9ler la beaut\u00e9 de la langue et acc\u00e9der plus facilement au riche patrimoine culturel qu&rsquo;elle incarne. \u0421\u04d9\u0442\u0442\u0456 \u043e\u049b\u0443 \u2013 Bon apprentissage !<\/p>\n<\/div><\/div>\n\r\n<section class=\"learnNavigationSection\">\r\n            \r\n        <a href=\"https:\/\/talkpal.ai\/fr\/apprendre-le-kazakh\/\">\r\n            <div class=\"learnNavigationWrapper\">\r\n                <div class=\"learnNavigationContent\">\r\n                    <img decoding=\"async\" src=\"https:\/\/talkpal.ai\/wp-content\/uploads\/2024\/08\/Kazakh.jpg\" alt=\"Kazakh Flag\">\r\n                    <div>\r\n                        <h4>\u00c0 propos de l&#039;apprentissage au Kazakhstan<\/h4>\r\n                        <p>D\u00e9couvrez la grammaire kazakhe.<\/p>\r\n                    <\/div>\r\n                <\/div>\r\n            <\/div>\r\n        <\/a>\r\n\r\n        \r\n        <a href=\"https:\/\/talkpal.ai\/fr\/exercices-de-grammaire-kazakhe\/\">\r\n            <div class=\"learnNavigationWrapper\">\r\n                <div class=\"learnNavigationContent\">\r\n                    <img decoding=\"async\" src=\"https:\/\/talkpal.ai\/wp-content\/uploads\/2024\/08\/Kazakh.jpg\" alt=\"Kazakh Flag\">\r\n                    <div>\r\n                        <h4>Exercice de grammaire kazakhe<\/h4>\r\n                        <p>Pratiquez la grammaire kazakhe .<\/p>\r\n                    <\/div>\r\n                <\/div>\r\n            <\/div>\r\n        <\/a>\r\n\r\n        \r\n        <a href=\"https:\/\/talkpal.ai\/vocabulary_language\/kazakh\/\">\r\n            <div class=\"learnNavigationWrapper\">\r\n                <div class=\"learnNavigationContent\">\r\n                    <img decoding=\"async\" src=\"https:\/\/talkpal.ai\/wp-content\/uploads\/2024\/08\/Kazakh.jpg\" alt=\"Kazakh Flag\">\r\n                    <div>\r\n                        <h4>Vocabulaire kazakh<\/h4>\r\n                        <p>\u00c9largissez votre vocabulaire kazakh.<\/p>\r\n                    <\/div>\r\n                <\/div>\r\n            <\/div>\r\n        <\/a>\r\n\r\n            <\/section>","protected":false},"excerpt":{"rendered":"<p>Grammaire kazakhe : percer les secrets de la langue kazakhe Lorsqu\u2019il s\u2019agit d\u2019apprendre la langue kazakhe, il est essentiel de comprendre les bases de la grammaire kazakhe pour percer ses secrets. Bien qu\u2019il puisse sembler intimidant au premier abord, le syst\u00e8me grammatical poss\u00e8de des caract\u00e9ristiques uniques qui rendent la langue fascinante. Cet article vise \u00e0 [&hellip;]<\/p>\n","protected":false},"author":1,"featured_media":28428,"parent":0,"menu_order":0,"comment_status":"closed","ping_status":"closed","template":"LearningContentPage.php","meta":{"_acf_changed":false,"footnotes":""},"class_list":["post-73725","page","type-page","status-publish","has-post-thumbnail","hentry"],"acf":[],"yoast_head":"<!-- This site is optimized with the Yoast SEO Premium plugin v27.2 (Yoast SEO v27.2) - https:\/\/yoast.com\/product\/yoast-seo-premium-wordpress\/ -->\n<title>Grammaire kazakhe - Talkpal<\/title>\n<meta name=\"description\" content=\"Ma\u00eetrisez la grammaire kazakhe sans effort - apprenez les r\u00e8gles essentielles, pratiquez la structure des phrases et am\u00e9liorez votre aisance rapidement.\" \/>\n<meta name=\"robots\" content=\"index, follow, max-snippet:-1, max-image-preview:large, max-video-preview:-1\" \/>\n<link rel=\"canonical\" href=\"https:\/\/talkpal.ai\/fr\/grammaire-kazakhe\/\" \/>\n<meta property=\"og:locale\" content=\"fr_FR\" \/>\n<meta property=\"og:type\" content=\"article\" \/>\n<meta property=\"og:title\" content=\"Grammaire kazakhe\" \/>\n<meta property=\"og:description\" content=\"Grammaire kazakhe : percer les secrets de la langue kazakhe Lorsqu\u2019il s\u2019agit d\u2019apprendre la langue kazakhe, il est essentiel de comprendre les bases de la\" \/>\n<meta property=\"og:url\" content=\"https:\/\/talkpal.ai\/fr\/grammaire-kazakhe\/\" \/>\n<meta property=\"og:site_name\" content=\"Talkpal\" \/>\n<meta property=\"article:publisher\" content=\"https:\/\/www.facebook.com\/profile.php?id=100090733639311\" \/>\n<meta property=\"article:modified_time\" content=\"2025-12-17T16:59:19+00:00\" \/>\n<meta property=\"og:image\" content=\"https:\/\/talkpal.ai\/wp-content\/uploads\/2023\/05\/kazakhstan.png\" \/>\n\t<meta property=\"og:image:width\" content=\"512\" \/>\n\t<meta property=\"og:image:height\" content=\"512\" \/>\n\t<meta property=\"og:image:type\" content=\"image\/png\" \/>\n<meta name=\"twitter:card\" content=\"summary_large_image\" \/>\n<meta name=\"twitter:site\" content=\"@talkpalai\" \/>\n<meta name=\"twitter:label1\" content=\"Dur\u00e9e de lecture estim\u00e9e\" \/>\n\t<meta name=\"twitter:data1\" content=\"3 minutes\" \/>\n<script type=\"application\/ld+json\" class=\"yoast-schema-graph\">{\"@context\":\"https:\/\/schema.org\",\"@graph\":[{\"@type\":\"WebPage\",\"@id\":\"https:\/\/talkpal.ai\/fr\/grammaire-kazakhe\/\",\"url\":\"https:\/\/talkpal.ai\/fr\/grammaire-kazakhe\/\",\"name\":\"Grammaire kazakhe - Talkpal\",\"isPartOf\":{\"@id\":\"https:\/\/talkpal.ai\/fr\/#website\"},\"primaryImageOfPage\":{\"@id\":\"https:\/\/talkpal.ai\/fr\/grammaire-kazakhe\/#primaryimage\"},\"image\":{\"@id\":\"https:\/\/talkpal.ai\/fr\/grammaire-kazakhe\/#primaryimage\"},\"thumbnailUrl\":\"https:\/\/talkpal.ai\/wp-content\/uploads\/2023\/05\/kazakhstan.png\",\"datePublished\":\"2023-05-14T14:11:00+00:00\",\"dateModified\":\"2025-12-17T16:59:19+00:00\",\"description\":\"Ma\u00eetrisez la grammaire kazakhe sans effort - apprenez les r\u00e8gles essentielles, pratiquez la structure des phrases et am\u00e9liorez votre aisance rapidement.\",\"breadcrumb\":{\"@id\":\"https:\/\/talkpal.ai\/fr\/grammaire-kazakhe\/#breadcrumb\"},\"inLanguage\":\"fr-FR\",\"potentialAction\":[{\"@type\":\"ReadAction\",\"target\":[\"https:\/\/talkpal.ai\/fr\/grammaire-kazakhe\/\"]}]},{\"@type\":\"ImageObject\",\"inLanguage\":\"fr-FR\",\"@id\":\"https:\/\/talkpal.ai\/fr\/grammaire-kazakhe\/#primaryimage\",\"url\":\"https:\/\/talkpal.ai\/wp-content\/uploads\/2023\/05\/kazakhstan.png\",\"contentUrl\":\"https:\/\/talkpal.ai\/wp-content\/uploads\/2023\/05\/kazakhstan.png\",\"width\":512,\"height\":512},{\"@type\":\"BreadcrumbList\",\"@id\":\"https:\/\/talkpal.ai\/fr\/grammaire-kazakhe\/#breadcrumb\",\"itemListElement\":[{\"@type\":\"ListItem\",\"position\":1,\"name\":\"Homepage\",\"item\":\"https:\/\/talkpal.ai\/fr\/\"},{\"@type\":\"ListItem\",\"position\":2,\"name\":\"Grammaire kazakhe\"}]},{\"@type\":\"WebSite\",\"@id\":\"https:\/\/talkpal.ai\/fr\/#website\",\"url\":\"https:\/\/talkpal.ai\/fr\/\",\"name\":\"Talkpal\",\"description\":\"AI Language Learning\",\"publisher\":{\"@id\":\"https:\/\/talkpal.ai\/fr\/#organization\"},\"alternateName\":\"Talkpal AI\",\"potentialAction\":[{\"@type\":\"SearchAction\",\"target\":{\"@type\":\"EntryPoint\",\"urlTemplate\":\"https:\/\/talkpal.ai\/fr\/?s={search_term_string}\"},\"query-input\":{\"@type\":\"PropertyValueSpecification\",\"valueRequired\":true,\"valueName\":\"search_term_string\"}}],\"inLanguage\":\"fr-FR\"},{\"@type\":\"Organization\",\"@id\":\"https:\/\/talkpal.ai\/fr\/#organization\",\"name\":\"Talkpal, Inc.\",\"alternateName\":\"Talkpal AI\",\"url\":\"https:\/\/talkpal.ai\/fr\/\",\"logo\":{\"@type\":\"ImageObject\",\"inLanguage\":\"fr-FR\",\"@id\":\"https:\/\/talkpal.ai\/fr\/#\/schema\/logo\/image\/\",\"url\":\"https:\/\/talkpal.ai\/wp-content\/uploads\/2024\/03\/Talkpal-Logo-Icon.png\",\"contentUrl\":\"https:\/\/talkpal.ai\/wp-content\/uploads\/2024\/03\/Talkpal-Logo-Icon.png\",\"width\":2880,\"height\":2880,\"caption\":\"Talkpal, Inc.\"},\"image\":{\"@id\":\"https:\/\/talkpal.ai\/fr\/#\/schema\/logo\/image\/\"},\"sameAs\":[\"https:\/\/www.facebook.com\/profile.php?id=100090733639311\",\"https:\/\/x.com\/talkpalai\",\"https:\/\/www.linkedin.com\/company\/talkpal\/\",\"https:\/\/www.youtube.com\/@TalkPal\/\",\"https:\/\/www.tiktok.com\/@talkpal\",\"https:\/\/www.instagram.com\/talkpal_ai\/\",\"https:\/\/www.crunchbase.com\/organization\/talkpal-9cde\",\"https:\/\/www.g2.com\/products\/talkpal-for-business\/\",\"https:\/\/www.trustpilot.com\/review\/talkpal.ai\",\"https:\/\/www.capterra.com\/p\/10006800\/TalkPal\/\"],\"description\":\"Talkpal is a language learning web and mobile education app, powered by the latest AI technologies, that provides engaging experiences to its customers in many different languages to help them improve their language skills. Users can chat about unlimited amount of topics with the app and use other modes to practice their language learning.\",\"email\":\"support@talkpal.ai\",\"legalName\":\"Talkpal, Inc.\",\"foundingDate\":\"2023-04-03\",\"duns\":\"118989042\",\"numberOfEmployees\":{\"@type\":\"QuantitativeValue\",\"minValue\":\"11\",\"maxValue\":\"50\"},\"publishingPrinciples\":\"https:\/\/talkpal.ai\/publishing-principles\/\",\"actionableFeedbackPolicy\":\"https:\/\/talkpal.ai\/actionable-feedback-policy\/\",\"correctionsPolicy\":\"https:\/\/talkpal.ai\/corrections-policy\/\",\"ethicsPolicy\":\"https:\/\/talkpal.ai\/ethics-policy\/\",\"diversityPolicy\":\"https:\/\/talkpal.ai\/diversity-policy\/\",\"diversityStaffingReport\":\"https:\/\/talkpal.ai\/diversity-policy\/\"}]}<\/script>\n<!-- \/ Yoast SEO Premium plugin. -->","yoast_head_json":{"title":"Grammaire kazakhe - Talkpal","description":"Ma\u00eetrisez la grammaire kazakhe sans effort - apprenez les r\u00e8gles essentielles, pratiquez la structure des phrases et am\u00e9liorez votre aisance rapidement.","robots":{"index":"index","follow":"follow","max-snippet":"max-snippet:-1","max-image-preview":"max-image-preview:large","max-video-preview":"max-video-preview:-1"},"canonical":"https:\/\/talkpal.ai\/fr\/grammaire-kazakhe\/","og_locale":"fr_FR","og_type":"article","og_title":"Grammaire kazakhe","og_description":"Grammaire kazakhe : percer les secrets de la langue kazakhe Lorsqu\u2019il s\u2019agit d\u2019apprendre la langue kazakhe, il est essentiel de comprendre les bases de la","og_url":"https:\/\/talkpal.ai\/fr\/grammaire-kazakhe\/","og_site_name":"Talkpal","article_publisher":"https:\/\/www.facebook.com\/profile.php?id=100090733639311","article_modified_time":"2025-12-17T16:59:19+00:00","og_image":[{"width":512,"height":512,"url":"https:\/\/talkpal.ai\/wp-content\/uploads\/2023\/05\/kazakhstan.png","type":"image\/png"}],"twitter_card":"summary_large_image","twitter_site":"@talkpalai","twitter_misc":{"Dur\u00e9e de lecture estim\u00e9e":"3 minutes"},"schema":{"@context":"https:\/\/schema.org","@graph":[{"@type":"WebPage","@id":"https:\/\/talkpal.ai\/fr\/grammaire-kazakhe\/","url":"https:\/\/talkpal.ai\/fr\/grammaire-kazakhe\/","name":"Grammaire kazakhe - Talkpal","isPartOf":{"@id":"https:\/\/talkpal.ai\/fr\/#website"},"primaryImageOfPage":{"@id":"https:\/\/talkpal.ai\/fr\/grammaire-kazakhe\/#primaryimage"},"image":{"@id":"https:\/\/talkpal.ai\/fr\/grammaire-kazakhe\/#primaryimage"},"thumbnailUrl":"https:\/\/talkpal.ai\/wp-content\/uploads\/2023\/05\/kazakhstan.png","datePublished":"2023-05-14T14:11:00+00:00","dateModified":"2025-12-17T16:59:19+00:00","description":"Ma\u00eetrisez la grammaire kazakhe sans effort - apprenez les r\u00e8gles essentielles, pratiquez la structure des phrases et am\u00e9liorez votre aisance rapidement.","breadcrumb":{"@id":"https:\/\/talkpal.ai\/fr\/grammaire-kazakhe\/#breadcrumb"},"inLanguage":"fr-FR","potentialAction":[{"@type":"ReadAction","target":["https:\/\/talkpal.ai\/fr\/grammaire-kazakhe\/"]}]},{"@type":"ImageObject","inLanguage":"fr-FR","@id":"https:\/\/talkpal.ai\/fr\/grammaire-kazakhe\/#primaryimage","url":"https:\/\/talkpal.ai\/wp-content\/uploads\/2023\/05\/kazakhstan.png","contentUrl":"https:\/\/talkpal.ai\/wp-content\/uploads\/2023\/05\/kazakhstan.png","width":512,"height":512},{"@type":"BreadcrumbList","@id":"https:\/\/talkpal.ai\/fr\/grammaire-kazakhe\/#breadcrumb","itemListElement":[{"@type":"ListItem","position":1,"name":"Homepage","item":"https:\/\/talkpal.ai\/fr\/"},{"@type":"ListItem","position":2,"name":"Grammaire kazakhe"}]},{"@type":"WebSite","@id":"https:\/\/talkpal.ai\/fr\/#website","url":"https:\/\/talkpal.ai\/fr\/","name":"Talkpal","description":"AI Language Learning","publisher":{"@id":"https:\/\/talkpal.ai\/fr\/#organization"},"alternateName":"Talkpal AI","potentialAction":[{"@type":"SearchAction","target":{"@type":"EntryPoint","urlTemplate":"https:\/\/talkpal.ai\/fr\/?s={search_term_string}"},"query-input":{"@type":"PropertyValueSpecification","valueRequired":true,"valueName":"search_term_string"}}],"inLanguage":"fr-FR"},{"@type":"Organization","@id":"https:\/\/talkpal.ai\/fr\/#organization","name":"Talkpal, Inc.","alternateName":"Talkpal AI","url":"https:\/\/talkpal.ai\/fr\/","logo":{"@type":"ImageObject","inLanguage":"fr-FR","@id":"https:\/\/talkpal.ai\/fr\/#\/schema\/logo\/image\/","url":"https:\/\/talkpal.ai\/wp-content\/uploads\/2024\/03\/Talkpal-Logo-Icon.png","contentUrl":"https:\/\/talkpal.ai\/wp-content\/uploads\/2024\/03\/Talkpal-Logo-Icon.png","width":2880,"height":2880,"caption":"Talkpal, Inc."},"image":{"@id":"https:\/\/talkpal.ai\/fr\/#\/schema\/logo\/image\/"},"sameAs":["https:\/\/www.facebook.com\/profile.php?id=100090733639311","https:\/\/x.com\/talkpalai","https:\/\/www.linkedin.com\/company\/talkpal\/","https:\/\/www.youtube.com\/@TalkPal\/","https:\/\/www.tiktok.com\/@talkpal","https:\/\/www.instagram.com\/talkpal_ai\/","https:\/\/www.crunchbase.com\/organization\/talkpal-9cde","https:\/\/www.g2.com\/products\/talkpal-for-business\/","https:\/\/www.trustpilot.com\/review\/talkpal.ai","https:\/\/www.capterra.com\/p\/10006800\/TalkPal\/"],"description":"Talkpal is a language learning web and mobile education app, powered by the latest AI technologies, that provides engaging experiences to its customers in many different languages to help them improve their language skills. Users can chat about unlimited amount of topics with the app and use other modes to practice their language learning.","email":"support@talkpal.ai","legalName":"Talkpal, Inc.","foundingDate":"2023-04-03","duns":"118989042","numberOfEmployees":{"@type":"QuantitativeValue","minValue":"11","maxValue":"50"},"publishingPrinciples":"https:\/\/talkpal.ai\/publishing-principles\/","actionableFeedbackPolicy":"https:\/\/talkpal.ai\/actionable-feedback-policy\/","correctionsPolicy":"https:\/\/talkpal.ai\/corrections-policy\/","ethicsPolicy":"https:\/\/talkpal.ai\/ethics-policy\/","diversityPolicy":"https:\/\/talkpal.ai\/diversity-policy\/","diversityStaffingReport":"https:\/\/talkpal.ai\/diversity-policy\/"}]}},"_links":{"self":[{"href":"https:\/\/talkpal.ai\/fr\/wp-json\/wp\/v2\/pages\/73725","targetHints":{"allow":["GET"]}}],"collection":[{"href":"https:\/\/talkpal.ai\/fr\/wp-json\/wp\/v2\/pages"}],"about":[{"href":"https:\/\/talkpal.ai\/fr\/wp-json\/wp\/v2\/types\/page"}],"author":[{"embeddable":true,"href":"https:\/\/talkpal.ai\/fr\/wp-json\/wp\/v2\/users\/1"}],"replies":[{"embeddable":true,"href":"https:\/\/talkpal.ai\/fr\/wp-json\/wp\/v2\/comments?post=73725"}],"version-history":[{"count":0,"href":"https:\/\/talkpal.ai\/fr\/wp-json\/wp\/v2\/pages\/73725\/revisions"}],"wp:featuredmedia":[{"embeddable":true,"href":"https:\/\/talkpal.ai\/fr\/wp-json\/wp\/v2\/media\/28428"}],"wp:attachment":[{"href":"https:\/\/talkpal.ai\/fr\/wp-json\/wp\/v2\/media?parent=73725"}],"curies":[{"name":"wp","href":"https:\/\/api.w.org\/{rel}","templated":true}]}}