{"id":73721,"date":"2023-05-14T14:12:45","date_gmt":"2023-05-14T14:12:45","guid":{"rendered":"http:\/\/talkpal.ai\/grammaire-nepalaise\/"},"modified":"2025-12-17T17:00:44","modified_gmt":"2025-12-17T17:00:44","slug":"grammaire-nepalaise","status":"publish","type":"page","link":"https:\/\/talkpal.ai\/fr\/grammaire-nepalaise\/","title":{"rendered":"Grammaire n\u00e9palaise"},"content":{"rendered":"\r\n\r\n\r\n<section class=\"languageChallengeSection\">\r\n    <div class=\"languageInfoWrapper\">\r\n        \r\n        <h1>Grammaire n\u00e9palaise<\/h1>\r\n        <p>Curieux de conna\u00eetre le <a href=\"https:\/\/talkpal.ai\/learn-nepali\/\">n\u00e9palais<\/a> ? D\u00e9couvrez la <a href=\"https:\/\/talkpal.ai\/nepali-grammar\/\">grammaire n\u00e9palaise<\/a>, avec les noms sexu\u00e9s, les postpositions et une structure de phrase flexible qui rend la langue \u00e0 la fois expressive et attrayante. Commencez \u00e0 apprendre d\u00e8s aujourd&#039;hui &#8211; la ma\u00eetrise de la grammaire n\u00e9palaise vous permettra d&#039;avoir des conversations enrichissantes et vous rapprochera des diverses cultures et traditions du N\u00e9pal !<\/p>\r\n\r\n                            <a class=\"getStartedHidden\" href=\"https:\/\/app.talkpal.ai\/fr\/signup?lng=\">Commencer<\/a>\r\n        \r\n    <\/div>\r\n\r\n    <figure>\r\n    <img decoding=\"async\" width=\"768\" height=\"768\" src=\"https:\/\/talkpal.ai\/wp-content\/uploads\/2023\/06\/nepali-768x768.png\" class=\"languageImage no-lazy\" alt=\"Default alt text\" fetchpriority=\"high\" sizes=\"(max-width: 768px) 150px, 768px\" srcset=\"https:\/\/talkpal.ai\/wp-content\/uploads\/2023\/06\/nepali-768x768.png 768w, https:\/\/talkpal.ai\/wp-content\/uploads\/2023\/06\/nepali-300x300.png 300w\" \/>\r\n    \r\n\r\n    <\/figure>\r\n\r\n            <a class=\"getStartedVisible\" href=\"https:\/\/app.talkpal.ai\/fr\/signup?lng=\">Commencer<\/a>\r\n    \r\n<\/section>\r\n        <section class=\"grammarSection\">\r\n            <div class=\"grammarLinks\">\r\n                <a href=\"https:\/\/talkpal.ai\/fr\/language\/adjectifs-grammaire-nepalaise\/\">Adjectifs <\/a><a href=\"https:\/\/talkpal.ai\/fr\/language\/adverbes-grammaire-nepalaise\/\">Adverbes <\/a><a href=\"https:\/\/talkpal.ai\/fr\/language\/articles-grammaire-nepalaise\/\">Articles <\/a><a href=\"https:\/\/talkpal.ai\/fr\/language\/comparaison-des-temps-grammaire-nepalaise\/\">Comparaison des temps <\/a><a href=\"https:\/\/talkpal.ai\/fr\/language\/conditionnels-grammaire-nepalaise\/\">Conditionnels <\/a><a href=\"https:\/\/talkpal.ai\/fr\/language\/noms-grammaire-nepalaise\/\">Noms <\/a><a href=\"https:\/\/talkpal.ai\/fr\/language\/phrases-grammaire-nepalaise\/\">Phrases <\/a><a href=\"https:\/\/talkpal.ai\/fr\/language\/prepositions-grammaire-nepalaise\/\">Pr\u00e9positions <\/a><a href=\"https:\/\/talkpal.ai\/fr\/language\/progressif-grammaire-nepalaise\/\">Progressif <\/a><a href=\"https:\/\/talkpal.ai\/fr\/language\/progressif-parfait-grammaire-nepalaise\/\">Progressif parfait <\/a><a href=\"https:\/\/talkpal.ai\/fr\/language\/pronoms-determinants-grammaire-nepalaise\/\">Pronoms\/D\u00e9terminants <\/a><a href=\"https:\/\/talkpal.ai\/fr\/language\/temps-grammaire-nepalaise\/\">Temps <\/a><a href=\"https:\/\/talkpal.ai\/fr\/language\/verbes-grammaire-nepalaise\/\">Verbes <\/a>            <\/div>\r\n        <\/section>\r\n    <section class=\"promotionalBanner\">\r\n    <p class=\"promotionalText\">La fa\u00e7on la plus efficace d\u2019apprendre une langue<\/p>\r\n    <a class=\"promotionalLink\" href=\"https:\/\/app.talkpal.ai\/fr\/signup?lng=\">Essayez Talkpal gratuitement<\/a>\r\n<\/section>\n<div class=\"wp-block-group pageContainerStyle\"><div class=\"wp-block-group__inner-container is-layout-constrained wp-block-group-is-layout-constrained\">\n<h2 class=\"wp-block-heading\" id=\"h-delving-into-the-richness-of-nepali-grammar-an-insightful-guide\">Plonger dans la richesse de la grammaire n\u00e9palaise : un guide perspicace<\/h2>\n\n\n\n<p>Le n\u00e9palais, une langue indo-aryenne parl\u00e9e par plus de 25 millions de personnes au N\u00e9pal et dans les r\u00e9gions voisines, est une langue d\u00e9licieuse qui met en valeur la richesse culturelle et la diversit\u00e9 linguistique de l\u2019Asie du Sud. Pour communiquer efficacement en n\u00e9palais et vraiment appr\u00e9cier sa beaut\u00e9, <a href=\"https:\/\/talkpal.ai\/culture\/what-is-the-difference-between-il-faut-and-je-dois\/\">il faut<\/a> comprendre sa grammaire. Dans cet article, nous allons vous donner un aper\u00e7u des aspects essentiels de la grammaire n\u00e9palaise et vous proposer des conseils pratiques pour vous aider \u00e0 ma\u00eetriser cette langue fascinante.<\/p>\n\n\n\n<h3 class=\"wp-block-heading\" id=\"h-key-aspects-of-nepali-grammar\">Aspects cl\u00e9s de la grammaire n\u00e9palaise :<\/h3>\n\n\n\n<p>La grammaire n\u00e9palaise peut sembler difficile au d\u00e9but, mais avec le <a href=\"https:\/\/talkpal.ai\/zh-hans\/grammar_exercises\/temps-%e6%b3%95%e8%af%ad%e8%af%ad%e6%b3%95%e7%bb%83%e4%b9%a0\/\">temps<\/a> et la pratique, vous pouvez vous y habituer. Voici quelques \u00e9l\u00e9ments fondamentaux de la grammaire n\u00e9palaise avec lesquels vous pouvez vous familiariser :<\/p>\n\n\n\n<p><strong>1. Noms :<\/strong> Les noms n\u00e9palais n\u2019ont pas de genre grammatical, ce qui facilite la t\u00e2che des apprenants car il n\u2019est pas n\u00e9cessaire de m\u00e9moriser le genre de chaque nom. Cependant, les noms sont fl\u00e9chis pour le nombre (singulier et <a href=\"https:\/\/talkpal.ai\/ar\/grammar_exercises\/pluriel-%d8%aa%d9%85%d8%a7%d8%b1%d9%8a%d9%86-%d9%84%d9%84%d9%82%d9%88%d8%a7%d8%b9%d8%af-%d8%a7%d9%84%d9%81%d8%b1%d9%86%d8%b3%d9%8a%d8%a9\/\">pluriel<\/a>) et le cas (nominatif, g\u00e9nitif, datif, etc.).<\/p>\n\n\n\n<p><strong>2. Pronoms<\/strong> : Les <a href=\"https:\/\/talkpal.ai\/hi\/grammar_exercises\/pronoms-personnels-%e0%a4%ab%e0%a5%8d%e0%a4%b0%e0%a4%be%e0%a4%82%e0%a4%b8%e0%a5%80%e0%a4%b8%e0%a5%80-%e0%a4%b5%e0%a5%8d%e0%a4%af%e0%a4%be%e0%a4%95%e0%a4%b0%e0%a4%a3-%e0%a4%95%e0%a5%87-%e0%a4%b2\/\">pronoms personnels<\/a> en n\u00e9palais ont trois formes : subjectif, objectif et possessif. Ils sont d\u2019accord avec le nom auquel ils se r\u00e9f\u00e8rent en termes de nombre, mais pas de genre. Il existe \u00e9galement diff\u00e9rents pronoms et formes de conjugaison des verbes en fonction du niveau de formalit\u00e9 (poli, familier ou intime).<\/p>\n\n\n\n<p><strong>3. Verbes :<\/strong> Les verbes n\u00e9palais sont fl\u00e9chis par le temps (pr\u00e9sent, pass\u00e9 et futur), l\u2019humeur (indicatif, <a href=\"https:\/\/talkpal.ai\/ko\/grammar_exercises\/imperatif-%ed%94%84%eb%9e%91%ec%8a%a4-%eb%ac%b8%eb%b2%95-%ec%9a%b4%eb%8f%99\/\">imp\u00e9ratif<\/a> ou subjonctif) et l\u2019aspect (continu, parfait ou simple). Il existe \u00e9galement des mod\u00e8les de conjugaison distincts en fonction du niveau de formalit\u00e9 du sujet.<\/p>\n\n\n\n<p><strong>4. Adjectifs et adverbes : Les adjectifs<\/strong> en n\u00e9palais suivent g\u00e9n\u00e9ralement le nom qu\u2019ils modifient et s\u2019accordent en nombre et en majuscules. Les adverbes peuvent \u00eatre utilis\u00e9s pour fournir des informations suppl\u00e9mentaires et ne changent g\u00e9n\u00e9ralement pas de forme.<\/p>\n\n\n\n<p><strong>5. Structure de la phrase :<\/strong> La structure de phrase n\u00e9palaise typique suit l\u2019ordre Sujet-Objet-Verbe (SOV). Cependant, l\u2019ordre des mots peut \u00eatre flexible, en fonction de l\u2019accent et du contexte.<\/p>\n\n\n\n<h3 class=\"wp-block-heading\" id=\"h-tips-for-learning-nepali-grammar\">Conseils pour apprendre la grammaire n\u00e9palaise :<\/h3>\n\n\n\n<p>Voici quelques strat\u00e9gies efficaces pour faciliter votre apprentissage de la grammaire n\u00e9palaise :<\/p>\n\n\n\n<p><strong>1. Commencez par<\/strong> les bases : Concentrez-vous sur l\u2019apprentissage des bases de la grammaire n\u00e9palaise, telles que les cas nominaux, les pronoms et la conjugaison des verbes. Au fur et \u00e0 mesure que votre compr\u00e9hension augmente, incorporez progressivement des structures et des r\u00e8gles plus complexes.<\/p>\n\n\n\n<p><strong>2. Pratiquez r\u00e9guli\u00e8rement :<\/strong> La coh\u00e9rence est essentielle lors de l\u2019apprentissage d\u2019une nouvelle langue. Pr\u00e9voyez des moments sp\u00e9cifiques chaque jour ou chaque semaine pour pratiquer des exercices de grammaire, de lecture et d\u2019\u00e9criture en n\u00e9palais.<\/p>\n\n\n\n<p><strong>3. Utilisez des ressources natives :<\/strong> Plongez-vous dans des documents n\u00e9palais authentiques, tels que de la litt\u00e9rature, des articles de presse et des podcasts. Cela vous aidera non seulement \u00e0 comprendre la grammaire n\u00e9palaise dans son contexte, mais aussi \u00e0 am\u00e9liorer vos comp\u00e9tences linguistiques globales.<\/p>\n\n\n\n<p><strong>4. Connectez-vous avec des locuteurs<\/strong> natifs : Engager des conversations avec des locuteurs natifs n\u00e9palais vous permet de pratiquer la grammaire dans des situations r\u00e9elles et de recevoir des commentaires pr\u00e9cieux. Envisagez de rejoindre des groupes d\u2019\u00e9change linguistique ou des forums en ligne pour entrer en contact avec des personnes parlant le n\u00e9palais.<\/p>\n\n\n\n<p><strong>5. Soyez patient et pers\u00e9v\u00e9rant :<\/strong> N\u2019oubliez pas que l\u2019apprentissage d\u2019une nouvelle langue demande du temps, de la pers\u00e9v\u00e9rance et de la patience. Relevez les d\u00e9fis et c\u00e9l\u00e9brez vos progr\u00e8s en cours de route.<\/p>\n\n\n\n<h3 class=\"wp-block-heading\" id=\"h-conclusion\">Conclusion :<\/h3>\n\n\n\n<p>La grammaire n\u00e9palaise, avec ses caract\u00e9ristiques uniques et ses liens avec la famille des langues indo-aryennes, offre un voyage linguistique fascinant. En comprenant ses aspects cl\u00e9s et en suivant nos conseils pratiques, vous ouvrirez la voie \u00e0 la ma\u00eetrise linguistique et \u00e0 une meilleure appr\u00e9ciation de la langue n\u00e9palaise. Alors, aventurez-vous avec enthousiasme et curiosit\u00e9, et embrassez les tr\u00e9sors linguistiques du N\u00e9pal !<\/p>\n<\/div><\/div>\n\r\n<section class=\"learnNavigationSection\">\r\n            \r\n        <a href=\"https:\/\/talkpal.ai\/fr\/apprendre-le-nepalais\/\">\r\n            <div class=\"learnNavigationWrapper\">\r\n                <div class=\"learnNavigationContent\">\r\n                    <img decoding=\"async\" src=\"https:\/\/talkpal.ai\/wp-content\/uploads\/2024\/08\/Nepali.jpg\" alt=\"Nepali Flag\">\r\n                    <div>\r\n                        <h4>\u00c0 propos de l&#039;apprentissage du n\u00e9palais<\/h4>\r\n                        <p>Tout savoir sur la grammaire n\u00e9palaise.<\/p>\r\n                    <\/div>\r\n                <\/div>\r\n            <\/div>\r\n        <\/a>\r\n\r\n        \r\n        <a href=\"https:\/\/talkpal.ai\/fr\/exercices-de-grammaire-nepalaise\/\">\r\n            <div class=\"learnNavigationWrapper\">\r\n                <div class=\"learnNavigationContent\">\r\n                    <img decoding=\"async\" src=\"https:\/\/talkpal.ai\/wp-content\/uploads\/2024\/08\/Nepali.jpg\" alt=\"Nepali Flag\">\r\n                    <div>\r\n                        <h4>Exercice de grammaire n\u00e9palaise<\/h4>\r\n                        <p>Pratiquez la grammaire n\u00e9palaise.<\/p>\r\n                    <\/div>\r\n                <\/div>\r\n            <\/div>\r\n        <\/a>\r\n\r\n        \r\n        <a href=\"https:\/\/talkpal.ai\/vocabulary_language\/nepali\/\">\r\n            <div class=\"learnNavigationWrapper\">\r\n                <div class=\"learnNavigationContent\">\r\n                    <img decoding=\"async\" src=\"https:\/\/talkpal.ai\/wp-content\/uploads\/2024\/08\/Nepali.jpg\" alt=\"Nepali Flag\">\r\n                    <div>\r\n                        <h4>Vocabulaire n\u00e9palais<\/h4>\r\n                        <p>\u00c9largissez votre vocabulaire n\u00e9palais.<\/p>\r\n                    <\/div>\r\n                <\/div>\r\n            <\/div>\r\n        <\/a>\r\n\r\n            <\/section>","protected":false},"excerpt":{"rendered":"<p>Plonger dans la richesse de la grammaire n\u00e9palaise : un guide perspicace Le n\u00e9palais, une langue indo-aryenne parl\u00e9e par plus de 25 millions de personnes au N\u00e9pal et dans les r\u00e9gions voisines, est une langue d\u00e9licieuse qui met en valeur la richesse culturelle et la diversit\u00e9 linguistique de l\u2019Asie du Sud. Pour communiquer efficacement en [&hellip;]<\/p>\n","protected":false},"author":1,"featured_media":28524,"parent":0,"menu_order":0,"comment_status":"closed","ping_status":"closed","template":"LearningContentPage.php","meta":{"_acf_changed":false,"footnotes":""},"class_list":["post-73721","page","type-page","status-publish","has-post-thumbnail","hentry"],"acf":[],"yoast_head":"<!-- This site is optimized with the Yoast SEO Premium plugin v27.2 (Yoast SEO v27.2) - https:\/\/yoast.com\/product\/yoast-seo-premium-wordpress\/ -->\n<title>Grammaire n\u00e9palaise - Talkpal<\/title>\n<meta name=\"description\" content=\"Explorez la grammaire n\u00e9palaise et am\u00e9liorez votre compr\u00e9hension de la langue gr\u00e2ce \u00e0 des explications claires et concises.\" \/>\n<meta name=\"robots\" content=\"index, follow, max-snippet:-1, max-image-preview:large, max-video-preview:-1\" \/>\n<link rel=\"canonical\" href=\"https:\/\/talkpal.ai\/fr\/grammaire-nepalaise\/\" \/>\n<meta property=\"og:locale\" content=\"fr_FR\" \/>\n<meta property=\"og:type\" content=\"article\" \/>\n<meta property=\"og:title\" content=\"Grammaire n\u00e9palaise\" \/>\n<meta property=\"og:description\" content=\"Plonger dans la richesse de la grammaire n\u00e9palaise : un guide perspicace Le n\u00e9palais, une langue indo-aryenne parl\u00e9e par plus de 25 millions de personnes\" \/>\n<meta property=\"og:url\" content=\"https:\/\/talkpal.ai\/fr\/grammaire-nepalaise\/\" \/>\n<meta property=\"og:site_name\" content=\"Talkpal\" \/>\n<meta property=\"article:publisher\" content=\"https:\/\/www.facebook.com\/profile.php?id=100090733639311\" \/>\n<meta property=\"article:modified_time\" content=\"2025-12-17T17:00:44+00:00\" \/>\n<meta property=\"og:image\" content=\"https:\/\/talkpal.ai\/wp-content\/uploads\/2023\/05\/nepal.png\" \/>\n\t<meta property=\"og:image:width\" content=\"512\" \/>\n\t<meta property=\"og:image:height\" content=\"512\" \/>\n\t<meta property=\"og:image:type\" content=\"image\/png\" \/>\n<meta name=\"twitter:card\" content=\"summary_large_image\" \/>\n<meta name=\"twitter:site\" content=\"@talkpalai\" \/>\n<meta name=\"twitter:label1\" content=\"Dur\u00e9e de lecture estim\u00e9e\" \/>\n\t<meta name=\"twitter:data1\" content=\"4 minutes\" \/>\n<script type=\"application\/ld+json\" class=\"yoast-schema-graph\">{\"@context\":\"https:\/\/schema.org\",\"@graph\":[{\"@type\":\"WebPage\",\"@id\":\"https:\/\/talkpal.ai\/fr\/grammaire-nepalaise\/\",\"url\":\"https:\/\/talkpal.ai\/fr\/grammaire-nepalaise\/\",\"name\":\"Grammaire n\u00e9palaise - Talkpal\",\"isPartOf\":{\"@id\":\"https:\/\/talkpal.ai\/fr\/#website\"},\"primaryImageOfPage\":{\"@id\":\"https:\/\/talkpal.ai\/fr\/grammaire-nepalaise\/#primaryimage\"},\"image\":{\"@id\":\"https:\/\/talkpal.ai\/fr\/grammaire-nepalaise\/#primaryimage\"},\"thumbnailUrl\":\"https:\/\/talkpal.ai\/wp-content\/uploads\/2023\/05\/nepal.png\",\"datePublished\":\"2023-05-14T14:12:45+00:00\",\"dateModified\":\"2025-12-17T17:00:44+00:00\",\"description\":\"Explorez la grammaire n\u00e9palaise et am\u00e9liorez votre compr\u00e9hension de la langue gr\u00e2ce \u00e0 des explications claires et concises.\",\"breadcrumb\":{\"@id\":\"https:\/\/talkpal.ai\/fr\/grammaire-nepalaise\/#breadcrumb\"},\"inLanguage\":\"fr-FR\",\"potentialAction\":[{\"@type\":\"ReadAction\",\"target\":[\"https:\/\/talkpal.ai\/fr\/grammaire-nepalaise\/\"]}]},{\"@type\":\"ImageObject\",\"inLanguage\":\"fr-FR\",\"@id\":\"https:\/\/talkpal.ai\/fr\/grammaire-nepalaise\/#primaryimage\",\"url\":\"https:\/\/talkpal.ai\/wp-content\/uploads\/2023\/05\/nepal.png\",\"contentUrl\":\"https:\/\/talkpal.ai\/wp-content\/uploads\/2023\/05\/nepal.png\",\"width\":512,\"height\":512},{\"@type\":\"BreadcrumbList\",\"@id\":\"https:\/\/talkpal.ai\/fr\/grammaire-nepalaise\/#breadcrumb\",\"itemListElement\":[{\"@type\":\"ListItem\",\"position\":1,\"name\":\"Homepage\",\"item\":\"https:\/\/talkpal.ai\/fr\/\"},{\"@type\":\"ListItem\",\"position\":2,\"name\":\"Grammaire n\u00e9palaise\"}]},{\"@type\":\"WebSite\",\"@id\":\"https:\/\/talkpal.ai\/fr\/#website\",\"url\":\"https:\/\/talkpal.ai\/fr\/\",\"name\":\"Talkpal\",\"description\":\"AI Language Learning\",\"publisher\":{\"@id\":\"https:\/\/talkpal.ai\/fr\/#organization\"},\"alternateName\":\"Talkpal AI\",\"potentialAction\":[{\"@type\":\"SearchAction\",\"target\":{\"@type\":\"EntryPoint\",\"urlTemplate\":\"https:\/\/talkpal.ai\/fr\/?s={search_term_string}\"},\"query-input\":{\"@type\":\"PropertyValueSpecification\",\"valueRequired\":true,\"valueName\":\"search_term_string\"}}],\"inLanguage\":\"fr-FR\"},{\"@type\":\"Organization\",\"@id\":\"https:\/\/talkpal.ai\/fr\/#organization\",\"name\":\"Talkpal, Inc.\",\"alternateName\":\"Talkpal AI\",\"url\":\"https:\/\/talkpal.ai\/fr\/\",\"logo\":{\"@type\":\"ImageObject\",\"inLanguage\":\"fr-FR\",\"@id\":\"https:\/\/talkpal.ai\/fr\/#\/schema\/logo\/image\/\",\"url\":\"https:\/\/talkpal.ai\/wp-content\/uploads\/2024\/03\/Talkpal-Logo-Icon.png\",\"contentUrl\":\"https:\/\/talkpal.ai\/wp-content\/uploads\/2024\/03\/Talkpal-Logo-Icon.png\",\"width\":2880,\"height\":2880,\"caption\":\"Talkpal, Inc.\"},\"image\":{\"@id\":\"https:\/\/talkpal.ai\/fr\/#\/schema\/logo\/image\/\"},\"sameAs\":[\"https:\/\/www.facebook.com\/profile.php?id=100090733639311\",\"https:\/\/x.com\/talkpalai\",\"https:\/\/www.linkedin.com\/company\/talkpal\/\",\"https:\/\/www.youtube.com\/@TalkPal\/\",\"https:\/\/www.tiktok.com\/@talkpal\",\"https:\/\/www.instagram.com\/talkpal_ai\/\",\"https:\/\/www.crunchbase.com\/organization\/talkpal-9cde\",\"https:\/\/www.g2.com\/products\/talkpal-for-business\/\",\"https:\/\/www.trustpilot.com\/review\/talkpal.ai\",\"https:\/\/www.capterra.com\/p\/10006800\/TalkPal\/\"],\"description\":\"Talkpal is a language learning web and mobile education app, powered by the latest AI technologies, that provides engaging experiences to its customers in many different languages to help them improve their language skills. Users can chat about unlimited amount of topics with the app and use other modes to practice their language learning.\",\"email\":\"support@talkpal.ai\",\"legalName\":\"Talkpal, Inc.\",\"foundingDate\":\"2023-04-03\",\"duns\":\"118989042\",\"numberOfEmployees\":{\"@type\":\"QuantitativeValue\",\"minValue\":\"11\",\"maxValue\":\"50\"},\"publishingPrinciples\":\"https:\/\/talkpal.ai\/publishing-principles\/\",\"actionableFeedbackPolicy\":\"https:\/\/talkpal.ai\/actionable-feedback-policy\/\",\"correctionsPolicy\":\"https:\/\/talkpal.ai\/corrections-policy\/\",\"ethicsPolicy\":\"https:\/\/talkpal.ai\/ethics-policy\/\",\"diversityPolicy\":\"https:\/\/talkpal.ai\/diversity-policy\/\",\"diversityStaffingReport\":\"https:\/\/talkpal.ai\/diversity-policy\/\"}]}<\/script>\n<!-- \/ Yoast SEO Premium plugin. -->","yoast_head_json":{"title":"Grammaire n\u00e9palaise - Talkpal","description":"Explorez la grammaire n\u00e9palaise et am\u00e9liorez votre compr\u00e9hension de la langue gr\u00e2ce \u00e0 des explications claires et concises.","robots":{"index":"index","follow":"follow","max-snippet":"max-snippet:-1","max-image-preview":"max-image-preview:large","max-video-preview":"max-video-preview:-1"},"canonical":"https:\/\/talkpal.ai\/fr\/grammaire-nepalaise\/","og_locale":"fr_FR","og_type":"article","og_title":"Grammaire n\u00e9palaise","og_description":"Plonger dans la richesse de la grammaire n\u00e9palaise : un guide perspicace Le n\u00e9palais, une langue indo-aryenne parl\u00e9e par plus de 25 millions de personnes","og_url":"https:\/\/talkpal.ai\/fr\/grammaire-nepalaise\/","og_site_name":"Talkpal","article_publisher":"https:\/\/www.facebook.com\/profile.php?id=100090733639311","article_modified_time":"2025-12-17T17:00:44+00:00","og_image":[{"width":512,"height":512,"url":"https:\/\/talkpal.ai\/wp-content\/uploads\/2023\/05\/nepal.png","type":"image\/png"}],"twitter_card":"summary_large_image","twitter_site":"@talkpalai","twitter_misc":{"Dur\u00e9e de lecture estim\u00e9e":"4 minutes"},"schema":{"@context":"https:\/\/schema.org","@graph":[{"@type":"WebPage","@id":"https:\/\/talkpal.ai\/fr\/grammaire-nepalaise\/","url":"https:\/\/talkpal.ai\/fr\/grammaire-nepalaise\/","name":"Grammaire n\u00e9palaise - Talkpal","isPartOf":{"@id":"https:\/\/talkpal.ai\/fr\/#website"},"primaryImageOfPage":{"@id":"https:\/\/talkpal.ai\/fr\/grammaire-nepalaise\/#primaryimage"},"image":{"@id":"https:\/\/talkpal.ai\/fr\/grammaire-nepalaise\/#primaryimage"},"thumbnailUrl":"https:\/\/talkpal.ai\/wp-content\/uploads\/2023\/05\/nepal.png","datePublished":"2023-05-14T14:12:45+00:00","dateModified":"2025-12-17T17:00:44+00:00","description":"Explorez la grammaire n\u00e9palaise et am\u00e9liorez votre compr\u00e9hension de la langue gr\u00e2ce \u00e0 des explications claires et concises.","breadcrumb":{"@id":"https:\/\/talkpal.ai\/fr\/grammaire-nepalaise\/#breadcrumb"},"inLanguage":"fr-FR","potentialAction":[{"@type":"ReadAction","target":["https:\/\/talkpal.ai\/fr\/grammaire-nepalaise\/"]}]},{"@type":"ImageObject","inLanguage":"fr-FR","@id":"https:\/\/talkpal.ai\/fr\/grammaire-nepalaise\/#primaryimage","url":"https:\/\/talkpal.ai\/wp-content\/uploads\/2023\/05\/nepal.png","contentUrl":"https:\/\/talkpal.ai\/wp-content\/uploads\/2023\/05\/nepal.png","width":512,"height":512},{"@type":"BreadcrumbList","@id":"https:\/\/talkpal.ai\/fr\/grammaire-nepalaise\/#breadcrumb","itemListElement":[{"@type":"ListItem","position":1,"name":"Homepage","item":"https:\/\/talkpal.ai\/fr\/"},{"@type":"ListItem","position":2,"name":"Grammaire n\u00e9palaise"}]},{"@type":"WebSite","@id":"https:\/\/talkpal.ai\/fr\/#website","url":"https:\/\/talkpal.ai\/fr\/","name":"Talkpal","description":"AI Language Learning","publisher":{"@id":"https:\/\/talkpal.ai\/fr\/#organization"},"alternateName":"Talkpal AI","potentialAction":[{"@type":"SearchAction","target":{"@type":"EntryPoint","urlTemplate":"https:\/\/talkpal.ai\/fr\/?s={search_term_string}"},"query-input":{"@type":"PropertyValueSpecification","valueRequired":true,"valueName":"search_term_string"}}],"inLanguage":"fr-FR"},{"@type":"Organization","@id":"https:\/\/talkpal.ai\/fr\/#organization","name":"Talkpal, Inc.","alternateName":"Talkpal AI","url":"https:\/\/talkpal.ai\/fr\/","logo":{"@type":"ImageObject","inLanguage":"fr-FR","@id":"https:\/\/talkpal.ai\/fr\/#\/schema\/logo\/image\/","url":"https:\/\/talkpal.ai\/wp-content\/uploads\/2024\/03\/Talkpal-Logo-Icon.png","contentUrl":"https:\/\/talkpal.ai\/wp-content\/uploads\/2024\/03\/Talkpal-Logo-Icon.png","width":2880,"height":2880,"caption":"Talkpal, Inc."},"image":{"@id":"https:\/\/talkpal.ai\/fr\/#\/schema\/logo\/image\/"},"sameAs":["https:\/\/www.facebook.com\/profile.php?id=100090733639311","https:\/\/x.com\/talkpalai","https:\/\/www.linkedin.com\/company\/talkpal\/","https:\/\/www.youtube.com\/@TalkPal\/","https:\/\/www.tiktok.com\/@talkpal","https:\/\/www.instagram.com\/talkpal_ai\/","https:\/\/www.crunchbase.com\/organization\/talkpal-9cde","https:\/\/www.g2.com\/products\/talkpal-for-business\/","https:\/\/www.trustpilot.com\/review\/talkpal.ai","https:\/\/www.capterra.com\/p\/10006800\/TalkPal\/"],"description":"Talkpal is a language learning web and mobile education app, powered by the latest AI technologies, that provides engaging experiences to its customers in many different languages to help them improve their language skills. Users can chat about unlimited amount of topics with the app and use other modes to practice their language learning.","email":"support@talkpal.ai","legalName":"Talkpal, Inc.","foundingDate":"2023-04-03","duns":"118989042","numberOfEmployees":{"@type":"QuantitativeValue","minValue":"11","maxValue":"50"},"publishingPrinciples":"https:\/\/talkpal.ai\/publishing-principles\/","actionableFeedbackPolicy":"https:\/\/talkpal.ai\/actionable-feedback-policy\/","correctionsPolicy":"https:\/\/talkpal.ai\/corrections-policy\/","ethicsPolicy":"https:\/\/talkpal.ai\/ethics-policy\/","diversityPolicy":"https:\/\/talkpal.ai\/diversity-policy\/","diversityStaffingReport":"https:\/\/talkpal.ai\/diversity-policy\/"}]}},"_links":{"self":[{"href":"https:\/\/talkpal.ai\/fr\/wp-json\/wp\/v2\/pages\/73721","targetHints":{"allow":["GET"]}}],"collection":[{"href":"https:\/\/talkpal.ai\/fr\/wp-json\/wp\/v2\/pages"}],"about":[{"href":"https:\/\/talkpal.ai\/fr\/wp-json\/wp\/v2\/types\/page"}],"author":[{"embeddable":true,"href":"https:\/\/talkpal.ai\/fr\/wp-json\/wp\/v2\/users\/1"}],"replies":[{"embeddable":true,"href":"https:\/\/talkpal.ai\/fr\/wp-json\/wp\/v2\/comments?post=73721"}],"version-history":[{"count":0,"href":"https:\/\/talkpal.ai\/fr\/wp-json\/wp\/v2\/pages\/73721\/revisions"}],"wp:featuredmedia":[{"embeddable":true,"href":"https:\/\/talkpal.ai\/fr\/wp-json\/wp\/v2\/media\/28524"}],"wp:attachment":[{"href":"https:\/\/talkpal.ai\/fr\/wp-json\/wp\/v2\/media?parent=73721"}],"curies":[{"name":"wp","href":"https:\/\/api.w.org\/{rel}","templated":true}]}}