{"id":73697,"date":"2023-05-14T14:12:07","date_gmt":"2023-05-14T14:12:07","guid":{"rendered":"http:\/\/talkpal.ai\/grammaire-marathi\/"},"modified":"2025-12-12T10:38:03","modified_gmt":"2025-12-12T10:38:03","slug":"grammaire-marathi","status":"publish","type":"page","link":"https:\/\/talkpal.ai\/fr\/grammaire-marathi\/","title":{"rendered":"Grammaire marathi"},"content":{"rendered":"\r\n\r\n\r\n<section class=\"languageChallengeSection\">\r\n    <div class=\"languageInfoWrapper\">\r\n        \r\n        <h1>Grammaire marathi<\/h1>\r\n        <p>Vous \u00eates curieux de conna\u00eetre le <a href=\"https:\/\/talkpal.ai\/learn-marathi\/\">marathi<\/a> ? Entrez dans la <a href=\"https:\/\/talkpal.ai\/es\/gramatica-marathi\/\">grammaire marathi<\/a>, o\u00f9 les noms sexu\u00e9s, les structures de phrases flexibles et les conjugaisons de verbes expressives cr\u00e9ent une langue vivante et dynamique. Commencez votre apprentissage d\u00e8s aujourd&#039;hui. La ma\u00eetrise de la grammaire marathi vous aidera \u00e0 communiquer avec confiance et \u00e0 vous rapprocher des riches traditions et de la culture du Maharashtra !<\/p>\r\n\r\n                            <a class=\"getStartedHidden\" href=\"https:\/\/app.talkpal.ai\/fr\/signup?lng=\">Commencer<\/a>\r\n        \r\n    <\/div>\r\n\r\n    <figure>\r\n    <img decoding=\"async\" width=\"768\" height=\"768\" src=\"https:\/\/talkpal.ai\/wp-content\/uploads\/2023\/06\/marathi-768x768.png\" class=\"languageImage no-lazy\" alt=\"Default alt text\" fetchpriority=\"high\" sizes=\"(max-width: 768px) 150px, 768px\" srcset=\"https:\/\/talkpal.ai\/wp-content\/uploads\/2023\/06\/marathi-768x768.png 768w, https:\/\/talkpal.ai\/wp-content\/uploads\/2023\/06\/marathi-300x300.png 300w\" \/>\r\n    \r\n\r\n    <\/figure>\r\n\r\n            <a class=\"getStartedVisible\" href=\"https:\/\/app.talkpal.ai\/fr\/signup?lng=\">Commencer<\/a>\r\n    \r\n<\/section>\r\n        <section class=\"grammarSection\">\r\n            <div class=\"grammarLinks\">\r\n                <a href=\"https:\/\/talkpal.ai\/fr\/language\/adjectifs-grammaire-marathi\/\">Adjectifs <\/a><a href=\"https:\/\/talkpal.ai\/fr\/language\/adverbes-grammaire-marathi\/\">Adverbes <\/a><a href=\"https:\/\/talkpal.ai\/fr\/language\/articles-grammaire-marathi\/\">Articles <\/a><a href=\"https:\/\/talkpal.ai\/fr\/language\/comparaison-des-temps-grammaire-marathi\/\">Comparaison des temps <\/a><a href=\"https:\/\/talkpal.ai\/fr\/language\/conditionnels-grammaire-marathi\/\">Conditionnels <\/a><a href=\"https:\/\/talkpal.ai\/fr\/language\/noms-grammaire-marathi\/\">Noms <\/a><a href=\"https:\/\/talkpal.ai\/fr\/language\/phrases-grammaire-marathi\/\">Phrases <\/a><a href=\"https:\/\/talkpal.ai\/fr\/language\/prepositions-grammaire-marathi\/\">Pr\u00e9positions <\/a><a href=\"https:\/\/talkpal.ai\/fr\/language\/progressif-grammaire-marathi\/\">Progressif <\/a><a href=\"https:\/\/talkpal.ai\/fr\/language\/progressif-parfait-grammaire-marathi\/\">Progressif Parfait <\/a><a href=\"https:\/\/talkpal.ai\/fr\/language\/pronoms-determinants\/\">Pronoms\/d\u00e9terminants<\/a><a href=\"https:\/\/talkpal.ai\/fr\/language\/temps-grammaire-marathi\/\">Temps <\/a><a href=\"https:\/\/talkpal.ai\/fr\/language\/verbes-grammaire-marathi\/\">Verbes <\/a>            <\/div>\r\n        <\/section>\r\n    <section class=\"promotionalBanner\">\r\n    <p class=\"promotionalText\">La fa\u00e7on la plus efficace d\u2019apprendre une langue<\/p>\r\n    <a class=\"promotionalLink\" href=\"https:\/\/app.talkpal.ai\/fr\/signup?lng=\">Essayez Talkpal gratuitement<\/a>\r\n<\/section>\n<div class=\"wp-block-group pageContainerStyle\"><div class=\"wp-block-group__inner-container is-layout-constrained wp-block-group-is-layout-constrained\">\n<h2 class=\"wp-block-heading\" id=\"h-the-allure-of-marathi-grammar-unfolding-its-mysteries-and-intricacies\">L\u2019attrait de la grammaire marathi : d\u00e9voiler ses myst\u00e8res et ses subtilit\u00e9s<\/h2>\n\n\n\n<p>Vous souvenez-vous du parcours d\u00e9routant de l\u2019apprentissage de la <a href=\"https:\/\/talkpal.ai\/english-grammar\/\">grammaire anglaise<\/a>, charg\u00e9 de r\u00e8gles complexes, d\u2019exceptions et d\u2019une terminologie complexe ? Si vous envisagez d&rsquo;apprendre le marathi, pr\u00e9parez-vous \u00e0 une exploration tout aussi passionnante de la grammaire marathi.<\/p>\n\n\n\n<p>Le marathi, une langue indo-aryenne principalement parl\u00e9e dans l\u2019\u00c9tat indien du Maharashtra, poss\u00e8de une riche tradition et des caract\u00e9ristiques linguistiques uniques. En plongeant dans la mystique de la grammaire marathi, vous d\u00e9couvrirez l\u2019interaction fascinante de ses alphabets, de ses r\u00e8gles complexes et de sa phon\u00e9tique enchanteresse. Alors, d\u00e9couvrons ensemble l&rsquo;attrait de la grammaire marathe, une petite r\u00e8gle \u00e0 la fois.<\/p>\n\n\n\n<p>L\u2019une des caract\u00e9ristiques les plus frappantes de la <strong>grammaire marathi<\/strong> est son utilisation intensive des inflexions nominales. Ces inflexions aident souvent \u00e0 transmettre des \u00e9l\u00e9ments grammaticaux cruciaux, tels que le nombre, le genre et la casse. Le marathi a trois genres \u2013 masculin, f\u00e9minin et neutre \u2013 et chaque genre poss\u00e8de son ensemble distinctif de mod\u00e8les d\u2019inflexion. De plus, la langue poss\u00e8de deux nombres \u2013 singulier et <a href=\"https:\/\/talkpal.ai\/ar\/grammar_exercises\/pluriel-%d8%aa%d9%85%d8%a7%d8%b1%d9%8a%d9%86-%d9%84%d9%84%d9%82%d9%88%d8%a7%d8%b9%d8%af-%d8%a7%d9%84%d9%81%d8%b1%d9%86%d8%b3%d9%8a%d8%a9\/\">pluriel<\/a> \u2013 qui permettent d\u2019exprimer la quantit\u00e9 d\u2019un nom.<\/p>\n\n\n\n<p>Un autre <strong>trait unique de la grammaire marathi<\/strong> est la fa\u00e7on dont les verbes se conjuguent, en fonction du <a href=\"https:\/\/talkpal.ai\/zh-hans\/grammar_exercises\/temps-%e6%b3%95%e8%af%ad%e8%af%ad%e6%b3%95%e7%bb%83%e4%b9%a0\/\">temps<\/a>. Lorsque vous conjuguez des verbes en marathi, vous devez tenir compte non seulement du temps du verbe, mais aussi du genre et du nombre du sujet. Les formes verbales marathi comprennent le pr\u00e9sent, le pass\u00e9 et le futur, ainsi que les imp\u00e9ratifs et les subjonctifs. Ces conjugaisons \u00e9tendues ajoutent de la profondeur et du dynamisme au marathi, ce qui <a href=\"https:\/\/talkpal.ai\/culture\/how-do-i-use-en-fait-as-a-common-discourse-marker\/\">en fait<\/a> une langue vraiment captivante \u00e0 explorer.<\/p>\n\n\n\n<p>La langue marathi est \u00e9galement bien connue pour sa <strong>vari\u00e9t\u00e9 de pronoms<\/strong>. Le marathi a de nombreux pronoms personnels, d\u00e9monstratifs, interrogatifs et r\u00e9fl\u00e9chis, chacun venant avec ses mod\u00e8les de d\u00e9clinaison respectifs. Cela peut sembler intimidant au d\u00e9but, mais au fur et \u00e0 mesure que vous approfondirez la langue, vous appr\u00e9cierez la pr\u00e9cision in\u00e9gal\u00e9e qu\u2019offre la grammaire marathi.<\/p>\n\n\n\n<p>Une autre facette intrigante de la grammaire marathi r\u00e9side dans <strong>l\u2019arrangement des mots dans une phrase<\/strong>. L\u2019ordre des mots en marathi suit g\u00e9n\u00e9ralement la structure sujet-objet-verbe (SOV), similaire \u00e0 celle des autres langues indo-aryennes. Cette structure place g\u00e9n\u00e9ralement le verbe \u00e0 la fin de la phrase, ce qui peut s\u2019av\u00e9rer difficile au d\u00e9part pour les anglophones.<\/p>\n\n\n\n<p>En plongeant dans la <strong>phon\u00e9tique marathi<\/strong>, vous rencontrerez la gamme fascinante de sons, \u00e9nonc\u00e9s \u00e0 travers les 16 voyelles (swar) et les 36 consonnes (vyanjan). L&rsquo;\u00e9criture Devanagari, que le marathi utilise, ajoute une couche de charme \u00e0 cette langue d\u00e9j\u00e0 captivante.  <\/p>\n\n\n\n<p>Apprendre la grammaire marathi, avec sa myriade de r\u00e8gles et de complexit\u00e9s, peut sans aucun doute \u00eatre une t\u00e2che ardue au d\u00e9but. Cependant, ce d\u00e9fi est aussi ce qui le rend exceptionnellement stimulant et gratifiant. En vous immergeant dans le monde enchanteur de la grammaire marathi, vous d\u00e9couvrirez non seulement le fonctionnement de la langue, mais aussi une compr\u00e9hension plus profonde de la culture, de l\u2019histoire et de la sagesse qu\u2019elle incarne.<\/p>\n\n\n\n<p>Alors, pourquoi ne pas vous lancer dans cette aventure linguistique pour explorer les profondeurs s\u00e9duisantes de la grammaire marathi et d\u00e9couvrir ses innombrables myst\u00e8res et nuances qui attendent d\u2019\u00eatre ma\u00eetris\u00e9s ? La joie d\u2019apprendre et le plaisir de comprendre les subtilit\u00e9s de la grammaire marathi ne sont plus qu\u2019\u00e0 quelques instants !<\/p>\n<\/div><\/div>\n\r\n<section class=\"learnNavigationSection\">\r\n            \r\n        <a href=\"https:\/\/talkpal.ai\/fr\/apprendre-le-marathi\/\">\r\n            <div class=\"learnNavigationWrapper\">\r\n                <div class=\"learnNavigationContent\">\r\n                    <img decoding=\"async\" src=\"https:\/\/talkpal.ai\/wp-content\/uploads\/2023\/05\/Marathi-india.png\" alt=\"TalkPal Marathi Flag\">\r\n                    <div>\r\n                        <h4>\u00c0 propos de l&#039;apprentissage du marathi<\/h4>\r\n                        <p>Tout savoir sur la grammaire marathe.<\/p>\r\n                    <\/div>\r\n                <\/div>\r\n            <\/div>\r\n        <\/a>\r\n\r\n        \r\n        <a href=\"https:\/\/talkpal.ai\/fr\/exercices-de-grammaire-marathi\/\">\r\n            <div class=\"learnNavigationWrapper\">\r\n                <div class=\"learnNavigationContent\">\r\n                    <img decoding=\"async\" src=\"https:\/\/talkpal.ai\/wp-content\/uploads\/2023\/05\/Marathi-india.png\" alt=\"TalkPal Marathi Flag\">\r\n                    <div>\r\n                        <h4>Exercice de grammaire marathi<\/h4>\r\n                        <p>Pratiquez la grammaire marathi.<\/p>\r\n                    <\/div>\r\n                <\/div>\r\n            <\/div>\r\n        <\/a>\r\n\r\n        \r\n        <a href=\"https:\/\/talkpal.ai\/vocabulary_language\/marathi\/\">\r\n            <div class=\"learnNavigationWrapper\">\r\n                <div class=\"learnNavigationContent\">\r\n                    <img decoding=\"async\" src=\"https:\/\/talkpal.ai\/wp-content\/uploads\/2023\/05\/Marathi-india.png\" alt=\"TalkPal Marathi Flag\">\r\n                    <div>\r\n                        <h4>Vocabulaire marathi<\/h4>\r\n                        <p>\u00c9largissez votre vocabulaire en marathi.<\/p>\r\n                    <\/div>\r\n                <\/div>\r\n            <\/div>\r\n        <\/a>\r\n\r\n            <\/section>","protected":false},"excerpt":{"rendered":"<p>L\u2019attrait de la grammaire marathi : d\u00e9voiler ses myst\u00e8res et ses subtilit\u00e9s Vous souvenez-vous du parcours d\u00e9routant de l\u2019apprentissage de la grammaire anglaise, charg\u00e9 de r\u00e8gles complexes, d\u2019exceptions et d\u2019une terminologie complexe ? Si vous envisagez d&rsquo;apprendre le marathi, pr\u00e9parez-vous \u00e0 une exploration tout aussi passionnante de la grammaire marathi. Le marathi, une langue indo-aryenne [&hellip;]<\/p>\n","protected":false},"author":1,"featured_media":28508,"parent":0,"menu_order":0,"comment_status":"closed","ping_status":"closed","template":"LearningContentPage.php","meta":{"_acf_changed":false,"footnotes":""},"class_list":["post-73697","page","type-page","status-publish","has-post-thumbnail","hentry"],"acf":[],"yoast_head":"<!-- This site is optimized with the Yoast SEO Premium plugin v27.2 (Yoast SEO v27.2) - https:\/\/yoast.com\/product\/yoast-seo-premium-wordpress\/ -->\n<title>Grammaire marathi - Talkpal<\/title>\n<meta name=\"description\" content=\"Explorez le monde fascinant de la grammaire marathe et d\u00e9couvrez ses r\u00e8gles uniques, sa phon\u00e9tique et ses inflexions dans l&#039;apprentissage de la langue.\" \/>\n<meta name=\"robots\" content=\"index, follow, max-snippet:-1, max-image-preview:large, max-video-preview:-1\" \/>\n<link rel=\"canonical\" href=\"https:\/\/talkpal.ai\/fr\/grammaire-marathi\/\" \/>\n<meta property=\"og:locale\" content=\"fr_FR\" \/>\n<meta property=\"og:type\" content=\"article\" \/>\n<meta property=\"og:title\" content=\"Grammaire marathi\" \/>\n<meta property=\"og:description\" content=\"L\u2019attrait de la grammaire marathi : d\u00e9voiler ses myst\u00e8res et ses subtilit\u00e9s Vous souvenez-vous du parcours d\u00e9routant de l\u2019apprentissage de la grammaire\" \/>\n<meta property=\"og:url\" content=\"https:\/\/talkpal.ai\/fr\/grammaire-marathi\/\" \/>\n<meta property=\"og:site_name\" content=\"Talkpal\" \/>\n<meta property=\"article:publisher\" content=\"https:\/\/www.facebook.com\/profile.php?id=100090733639311\" \/>\n<meta property=\"article:modified_time\" content=\"2025-12-12T10:38:03+00:00\" \/>\n<meta property=\"og:image\" content=\"https:\/\/talkpal.ai\/wp-content\/uploads\/2023\/05\/Marathi-india.png\" \/>\n\t<meta property=\"og:image:width\" content=\"512\" \/>\n\t<meta property=\"og:image:height\" content=\"512\" \/>\n\t<meta property=\"og:image:type\" content=\"image\/png\" \/>\n<meta name=\"twitter:card\" content=\"summary_large_image\" \/>\n<meta name=\"twitter:site\" content=\"@talkpalai\" \/>\n<meta name=\"twitter:label1\" content=\"Dur\u00e9e de lecture estim\u00e9e\" \/>\n\t<meta name=\"twitter:data1\" content=\"3 minutes\" \/>\n<script type=\"application\/ld+json\" class=\"yoast-schema-graph\">{\"@context\":\"https:\/\/schema.org\",\"@graph\":[{\"@type\":\"WebPage\",\"@id\":\"https:\/\/talkpal.ai\/fr\/grammaire-marathi\/\",\"url\":\"https:\/\/talkpal.ai\/fr\/grammaire-marathi\/\",\"name\":\"Grammaire marathi - Talkpal\",\"isPartOf\":{\"@id\":\"https:\/\/talkpal.ai\/fr\/#website\"},\"primaryImageOfPage\":{\"@id\":\"https:\/\/talkpal.ai\/fr\/grammaire-marathi\/#primaryimage\"},\"image\":{\"@id\":\"https:\/\/talkpal.ai\/fr\/grammaire-marathi\/#primaryimage\"},\"thumbnailUrl\":\"https:\/\/talkpal.ai\/wp-content\/uploads\/2023\/05\/Marathi-india.png\",\"datePublished\":\"2023-05-14T14:12:07+00:00\",\"dateModified\":\"2025-12-12T10:38:03+00:00\",\"description\":\"Explorez le monde fascinant de la grammaire marathe et d\u00e9couvrez ses r\u00e8gles uniques, sa phon\u00e9tique et ses inflexions dans l'apprentissage de la langue.\",\"breadcrumb\":{\"@id\":\"https:\/\/talkpal.ai\/fr\/grammaire-marathi\/#breadcrumb\"},\"inLanguage\":\"fr-FR\",\"potentialAction\":[{\"@type\":\"ReadAction\",\"target\":[\"https:\/\/talkpal.ai\/fr\/grammaire-marathi\/\"]}]},{\"@type\":\"ImageObject\",\"inLanguage\":\"fr-FR\",\"@id\":\"https:\/\/talkpal.ai\/fr\/grammaire-marathi\/#primaryimage\",\"url\":\"https:\/\/talkpal.ai\/wp-content\/uploads\/2023\/05\/Marathi-india.png\",\"contentUrl\":\"https:\/\/talkpal.ai\/wp-content\/uploads\/2023\/05\/Marathi-india.png\",\"width\":512,\"height\":512},{\"@type\":\"BreadcrumbList\",\"@id\":\"https:\/\/talkpal.ai\/fr\/grammaire-marathi\/#breadcrumb\",\"itemListElement\":[{\"@type\":\"ListItem\",\"position\":1,\"name\":\"Homepage\",\"item\":\"https:\/\/talkpal.ai\/fr\/\"},{\"@type\":\"ListItem\",\"position\":2,\"name\":\"Grammaire marathi\"}]},{\"@type\":\"WebSite\",\"@id\":\"https:\/\/talkpal.ai\/fr\/#website\",\"url\":\"https:\/\/talkpal.ai\/fr\/\",\"name\":\"Talkpal\",\"description\":\"AI Language Learning\",\"publisher\":{\"@id\":\"https:\/\/talkpal.ai\/fr\/#organization\"},\"alternateName\":\"Talkpal AI\",\"potentialAction\":[{\"@type\":\"SearchAction\",\"target\":{\"@type\":\"EntryPoint\",\"urlTemplate\":\"https:\/\/talkpal.ai\/fr\/?s={search_term_string}\"},\"query-input\":{\"@type\":\"PropertyValueSpecification\",\"valueRequired\":true,\"valueName\":\"search_term_string\"}}],\"inLanguage\":\"fr-FR\"},{\"@type\":\"Organization\",\"@id\":\"https:\/\/talkpal.ai\/fr\/#organization\",\"name\":\"Talkpal, Inc.\",\"alternateName\":\"Talkpal AI\",\"url\":\"https:\/\/talkpal.ai\/fr\/\",\"logo\":{\"@type\":\"ImageObject\",\"inLanguage\":\"fr-FR\",\"@id\":\"https:\/\/talkpal.ai\/fr\/#\/schema\/logo\/image\/\",\"url\":\"https:\/\/talkpal.ai\/wp-content\/uploads\/2024\/03\/Talkpal-Logo-Icon.png\",\"contentUrl\":\"https:\/\/talkpal.ai\/wp-content\/uploads\/2024\/03\/Talkpal-Logo-Icon.png\",\"width\":2880,\"height\":2880,\"caption\":\"Talkpal, Inc.\"},\"image\":{\"@id\":\"https:\/\/talkpal.ai\/fr\/#\/schema\/logo\/image\/\"},\"sameAs\":[\"https:\/\/www.facebook.com\/profile.php?id=100090733639311\",\"https:\/\/x.com\/talkpalai\",\"https:\/\/www.linkedin.com\/company\/talkpal\/\",\"https:\/\/www.youtube.com\/@TalkPal\/\",\"https:\/\/www.tiktok.com\/@talkpal\",\"https:\/\/www.instagram.com\/talkpal_ai\/\",\"https:\/\/www.crunchbase.com\/organization\/talkpal-9cde\",\"https:\/\/www.g2.com\/products\/talkpal-for-business\/\",\"https:\/\/www.trustpilot.com\/review\/talkpal.ai\",\"https:\/\/www.capterra.com\/p\/10006800\/TalkPal\/\"],\"description\":\"Talkpal is a language learning web and mobile education app, powered by the latest AI technologies, that provides engaging experiences to its customers in many different languages to help them improve their language skills. Users can chat about unlimited amount of topics with the app and use other modes to practice their language learning.\",\"email\":\"support@talkpal.ai\",\"legalName\":\"Talkpal, Inc.\",\"foundingDate\":\"2023-04-03\",\"duns\":\"118989042\",\"numberOfEmployees\":{\"@type\":\"QuantitativeValue\",\"minValue\":\"11\",\"maxValue\":\"50\"},\"publishingPrinciples\":\"https:\/\/talkpal.ai\/publishing-principles\/\",\"actionableFeedbackPolicy\":\"https:\/\/talkpal.ai\/actionable-feedback-policy\/\",\"correctionsPolicy\":\"https:\/\/talkpal.ai\/corrections-policy\/\",\"ethicsPolicy\":\"https:\/\/talkpal.ai\/ethics-policy\/\",\"diversityPolicy\":\"https:\/\/talkpal.ai\/diversity-policy\/\",\"diversityStaffingReport\":\"https:\/\/talkpal.ai\/diversity-policy\/\"}]}<\/script>\n<!-- \/ Yoast SEO Premium plugin. -->","yoast_head_json":{"title":"Grammaire marathi - Talkpal","description":"Explorez le monde fascinant de la grammaire marathe et d\u00e9couvrez ses r\u00e8gles uniques, sa phon\u00e9tique et ses inflexions dans l'apprentissage de la langue.","robots":{"index":"index","follow":"follow","max-snippet":"max-snippet:-1","max-image-preview":"max-image-preview:large","max-video-preview":"max-video-preview:-1"},"canonical":"https:\/\/talkpal.ai\/fr\/grammaire-marathi\/","og_locale":"fr_FR","og_type":"article","og_title":"Grammaire marathi","og_description":"L\u2019attrait de la grammaire marathi : d\u00e9voiler ses myst\u00e8res et ses subtilit\u00e9s Vous souvenez-vous du parcours d\u00e9routant de l\u2019apprentissage de la grammaire","og_url":"https:\/\/talkpal.ai\/fr\/grammaire-marathi\/","og_site_name":"Talkpal","article_publisher":"https:\/\/www.facebook.com\/profile.php?id=100090733639311","article_modified_time":"2025-12-12T10:38:03+00:00","og_image":[{"width":512,"height":512,"url":"https:\/\/talkpal.ai\/wp-content\/uploads\/2023\/05\/Marathi-india.png","type":"image\/png"}],"twitter_card":"summary_large_image","twitter_site":"@talkpalai","twitter_misc":{"Dur\u00e9e de lecture estim\u00e9e":"3 minutes"},"schema":{"@context":"https:\/\/schema.org","@graph":[{"@type":"WebPage","@id":"https:\/\/talkpal.ai\/fr\/grammaire-marathi\/","url":"https:\/\/talkpal.ai\/fr\/grammaire-marathi\/","name":"Grammaire marathi - Talkpal","isPartOf":{"@id":"https:\/\/talkpal.ai\/fr\/#website"},"primaryImageOfPage":{"@id":"https:\/\/talkpal.ai\/fr\/grammaire-marathi\/#primaryimage"},"image":{"@id":"https:\/\/talkpal.ai\/fr\/grammaire-marathi\/#primaryimage"},"thumbnailUrl":"https:\/\/talkpal.ai\/wp-content\/uploads\/2023\/05\/Marathi-india.png","datePublished":"2023-05-14T14:12:07+00:00","dateModified":"2025-12-12T10:38:03+00:00","description":"Explorez le monde fascinant de la grammaire marathe et d\u00e9couvrez ses r\u00e8gles uniques, sa phon\u00e9tique et ses inflexions dans l'apprentissage de la langue.","breadcrumb":{"@id":"https:\/\/talkpal.ai\/fr\/grammaire-marathi\/#breadcrumb"},"inLanguage":"fr-FR","potentialAction":[{"@type":"ReadAction","target":["https:\/\/talkpal.ai\/fr\/grammaire-marathi\/"]}]},{"@type":"ImageObject","inLanguage":"fr-FR","@id":"https:\/\/talkpal.ai\/fr\/grammaire-marathi\/#primaryimage","url":"https:\/\/talkpal.ai\/wp-content\/uploads\/2023\/05\/Marathi-india.png","contentUrl":"https:\/\/talkpal.ai\/wp-content\/uploads\/2023\/05\/Marathi-india.png","width":512,"height":512},{"@type":"BreadcrumbList","@id":"https:\/\/talkpal.ai\/fr\/grammaire-marathi\/#breadcrumb","itemListElement":[{"@type":"ListItem","position":1,"name":"Homepage","item":"https:\/\/talkpal.ai\/fr\/"},{"@type":"ListItem","position":2,"name":"Grammaire marathi"}]},{"@type":"WebSite","@id":"https:\/\/talkpal.ai\/fr\/#website","url":"https:\/\/talkpal.ai\/fr\/","name":"Talkpal","description":"AI Language Learning","publisher":{"@id":"https:\/\/talkpal.ai\/fr\/#organization"},"alternateName":"Talkpal AI","potentialAction":[{"@type":"SearchAction","target":{"@type":"EntryPoint","urlTemplate":"https:\/\/talkpal.ai\/fr\/?s={search_term_string}"},"query-input":{"@type":"PropertyValueSpecification","valueRequired":true,"valueName":"search_term_string"}}],"inLanguage":"fr-FR"},{"@type":"Organization","@id":"https:\/\/talkpal.ai\/fr\/#organization","name":"Talkpal, Inc.","alternateName":"Talkpal AI","url":"https:\/\/talkpal.ai\/fr\/","logo":{"@type":"ImageObject","inLanguage":"fr-FR","@id":"https:\/\/talkpal.ai\/fr\/#\/schema\/logo\/image\/","url":"https:\/\/talkpal.ai\/wp-content\/uploads\/2024\/03\/Talkpal-Logo-Icon.png","contentUrl":"https:\/\/talkpal.ai\/wp-content\/uploads\/2024\/03\/Talkpal-Logo-Icon.png","width":2880,"height":2880,"caption":"Talkpal, Inc."},"image":{"@id":"https:\/\/talkpal.ai\/fr\/#\/schema\/logo\/image\/"},"sameAs":["https:\/\/www.facebook.com\/profile.php?id=100090733639311","https:\/\/x.com\/talkpalai","https:\/\/www.linkedin.com\/company\/talkpal\/","https:\/\/www.youtube.com\/@TalkPal\/","https:\/\/www.tiktok.com\/@talkpal","https:\/\/www.instagram.com\/talkpal_ai\/","https:\/\/www.crunchbase.com\/organization\/talkpal-9cde","https:\/\/www.g2.com\/products\/talkpal-for-business\/","https:\/\/www.trustpilot.com\/review\/talkpal.ai","https:\/\/www.capterra.com\/p\/10006800\/TalkPal\/"],"description":"Talkpal is a language learning web and mobile education app, powered by the latest AI technologies, that provides engaging experiences to its customers in many different languages to help them improve their language skills. Users can chat about unlimited amount of topics with the app and use other modes to practice their language learning.","email":"support@talkpal.ai","legalName":"Talkpal, Inc.","foundingDate":"2023-04-03","duns":"118989042","numberOfEmployees":{"@type":"QuantitativeValue","minValue":"11","maxValue":"50"},"publishingPrinciples":"https:\/\/talkpal.ai\/publishing-principles\/","actionableFeedbackPolicy":"https:\/\/talkpal.ai\/actionable-feedback-policy\/","correctionsPolicy":"https:\/\/talkpal.ai\/corrections-policy\/","ethicsPolicy":"https:\/\/talkpal.ai\/ethics-policy\/","diversityPolicy":"https:\/\/talkpal.ai\/diversity-policy\/","diversityStaffingReport":"https:\/\/talkpal.ai\/diversity-policy\/"}]}},"_links":{"self":[{"href":"https:\/\/talkpal.ai\/fr\/wp-json\/wp\/v2\/pages\/73697","targetHints":{"allow":["GET"]}}],"collection":[{"href":"https:\/\/talkpal.ai\/fr\/wp-json\/wp\/v2\/pages"}],"about":[{"href":"https:\/\/talkpal.ai\/fr\/wp-json\/wp\/v2\/types\/page"}],"author":[{"embeddable":true,"href":"https:\/\/talkpal.ai\/fr\/wp-json\/wp\/v2\/users\/1"}],"replies":[{"embeddable":true,"href":"https:\/\/talkpal.ai\/fr\/wp-json\/wp\/v2\/comments?post=73697"}],"version-history":[{"count":0,"href":"https:\/\/talkpal.ai\/fr\/wp-json\/wp\/v2\/pages\/73697\/revisions"}],"wp:featuredmedia":[{"embeddable":true,"href":"https:\/\/talkpal.ai\/fr\/wp-json\/wp\/v2\/media\/28508"}],"wp:attachment":[{"href":"https:\/\/talkpal.ai\/fr\/wp-json\/wp\/v2\/media?parent=73697"}],"curies":[{"name":"wp","href":"https:\/\/api.w.org\/{rel}","templated":true}]}}