{"id":73696,"date":"2023-05-14T14:10:24","date_gmt":"2023-05-14T14:10:24","guid":{"rendered":"http:\/\/talkpal.ai\/grammaire-lettone\/"},"modified":"2025-12-17T17:12:51","modified_gmt":"2025-12-17T17:12:51","slug":"grammaire-lettone","status":"publish","type":"page","link":"https:\/\/talkpal.ai\/fr\/grammaire-lettone\/","title":{"rendered":"Grammaire lettone"},"content":{"rendered":"\r\n\r\n\r\n<section class=\"languageChallengeSection\">\r\n    <div class=\"languageInfoWrapper\">\r\n        \r\n        <h1>Grammaire lettone<\/h1>\r\n        <p>Explorez le monde unique de la <a href=\"https:\/\/talkpal.ai\/latvian-grammar\/\">grammaire lettone<\/a> et d\u00e9couvrez la beaut\u00e9 de l&#039;une des langues les plus vivantes de la r\u00e9gion balte. En comprenant sa structure et ses r\u00e8gles, vous renforcerez votre confiance et vos comp\u00e9tences en mati\u00e8re de communication. Commencez \u00e0 apprendre la grammaire <a href=\"https:\/\/talkpal.ai\/learn-latvian\/\">lettone<\/a> d\u00e8s aujourd&#039;hui et faites un premier pas vers la ma\u00eetrise de la langue !\n\n<\/p>\r\n\r\n                            <a class=\"getStartedHidden\" href=\"https:\/\/app.talkpal.ai\/fr\/signup?lng=\">Commencer<\/a>\r\n        \r\n    <\/div>\r\n\r\n    <figure>\r\n    <img decoding=\"async\" width=\"768\" height=\"768\" src=\"https:\/\/talkpal.ai\/wp-content\/uploads\/2023\/06\/latvian-768x768.png\" class=\"languageImage no-lazy\" alt=\"Default alt text\" fetchpriority=\"high\" sizes=\"(max-width: 768px) 150px, 768px\" srcset=\"https:\/\/talkpal.ai\/wp-content\/uploads\/2023\/06\/latvian-768x768.png 768w, https:\/\/talkpal.ai\/wp-content\/uploads\/2023\/06\/latvian-300x300.png 300w\" \/>\r\n    \r\n\r\n    <\/figure>\r\n\r\n            <a class=\"getStartedVisible\" href=\"https:\/\/app.talkpal.ai\/fr\/signup?lng=\">Commencer<\/a>\r\n    \r\n<\/section>\r\n        <section class=\"grammarSection\">\r\n            <div class=\"grammarLinks\">\r\n                <a href=\"https:\/\/talkpal.ai\/fr\/language\/adjectifs-grammaire-lettone\/\">Adjectifs <\/a><a href=\"https:\/\/talkpal.ai\/fr\/language\/adverbes-grammaire-lettone\/\">Adverbes <\/a><a href=\"https:\/\/talkpal.ai\/fr\/language\/articles-grammaire-lettone\/\">Articles <\/a><a href=\"https:\/\/talkpal.ai\/fr\/language\/comparaison-des-temps-grammaire-lettone\/\">Comparaison des temps <\/a><a href=\"https:\/\/talkpal.ai\/fr\/language\/conditionnels-grammaire-lettone\/\">Conditionnels <\/a><a href=\"https:\/\/talkpal.ai\/fr\/language\/noms-grammaire-lettone\/\">Noms <\/a><a href=\"https:\/\/talkpal.ai\/fr\/language\/phrases-grammaire-lettone\/\">Phrases <\/a><a href=\"https:\/\/talkpal.ai\/fr\/language\/prepositions-grammaire-lettone\/\">Pr\u00e9positions <\/a><a href=\"https:\/\/talkpal.ai\/fr\/language\/progressif-grammaire-lettone\/\">Progressif <\/a><a href=\"https:\/\/talkpal.ai\/fr\/language\/progressif-parfait-grammaire-lettone\/\">Progressif Parfait <\/a><a href=\"https:\/\/talkpal.ai\/fr\/language\/pronoms-determinants-grammaire-lettone\/\">Pronoms\/D\u00e9terminants <\/a><a href=\"https:\/\/talkpal.ai\/fr\/language\/temps-grammaire-lettone\/\">Temps <\/a><a href=\"https:\/\/talkpal.ai\/fr\/language\/verbes-grammaire-lettone\/\">Verbes <\/a>            <\/div>\r\n        <\/section>\r\n    <section class=\"promotionalBanner\">\r\n    <p class=\"promotionalText\">La fa\u00e7on la plus efficace d\u2019apprendre une langue<\/p>\r\n    <a class=\"promotionalLink\" href=\"https:\/\/app.talkpal.ai\/fr\/signup?lng=\">Essayez Talkpal gratuitement<\/a>\r\n<\/section>\n<div class=\"wp-block-group pageContainerStyle\"><div class=\"wp-block-group__inner-container is-layout-constrained wp-block-group-is-layout-constrained\">\n<h2 class=\"wp-block-heading\" id=\"h-the-ultimate-guide-to-latvian-grammar-navigating-the-intricacies-of-a-unique-language\">Le guide ultime de la grammaire lettone : naviguer dans les subtilit\u00e9s d\u2019une langue unique<\/h2>\n\n\n\n<p>La grammaire lettone, comme la langue elle-m\u00eame, pr\u00e9sente une tapisserie riche et fascinante d\u2019\u00e9l\u00e9ments linguistiques. En tant que langue balte, le <a href=\"https:\/\/talkpal.ai\/learn-latvian\/\">letton<\/a> fascine les apprenants par ses diverses caract\u00e9ristiques et met au d\u00e9fi m\u00eame les locuteurs les plus comp\u00e9tents. Dans ce guide, nous explorerons les principes cl\u00e9s de la grammaire lettone, d\u00e9mystifierons ses complexit\u00e9s et vous aiderons \u00e0 parler couramment cette langue captivante. Commen\u00e7ons !<\/p>\n\n\n\n<h3 class=\"wp-block-heading\" id=\"h-the-nuts-and-bolts-latvian-sentence-structure\">Les rouages : la structure des phrases en letton<\/h3>\n\n\n\n<p>\u00c0 la base, la grammaire lettone est assez simple. La langue suit g\u00e9n\u00e9ralement la structure de phrase Sujet-Verbe-Objet (SVO), similaire \u00e0 l\u2019anglais et \u00e0 de nombreuses autres langues. Par exemple, la phrase \u00ab\u00a0Je mange une pomme\u00a0\u00bb se traduit par \u00ab\u00a0Es \u0113du \u0101bolu\u00a0\u00bb (Es \u0113du \u0101bolu). C\u2019est simple, n\u2019est-ce pas ? Cependant, en creusant un peu, vous d\u00e9couvrirez certaines caract\u00e9ristiques intrigantes et distinctives de la grammaire lettone.<\/p>\n\n\n\n<h3 class=\"wp-block-heading\" id=\"h-meet-the-family-latvian-nouns-and-their-cases\">\u00c0 la rencontre de la famille : les noms lettons et leurs cas<\/h3>\n\n\n\n<p>L\u2019une des caract\u00e9ristiques les plus d\u00e9routantes de la grammaire lettone pour les anglophones est la notion de cas grammaticaux. En letton, il y a sept cas : nominatif, g\u00e9nitif, datif, accusatif, locatif, instrumental et vocatif. Chaque cas a sa propre fonction et a un impact sur la forme des noms, des adjectifs, des pronoms et parfois m\u00eame des verbes.<\/p>\n\n\n\n<p>Prenons par exemple le mot \u00ab\u00a0\u0101bols\u00a0\u00bb (\u0101bols) qui signifie \u00ab\u00a0pomme\u00a0\u00bb :<\/p>\n\n\n\n<p><strong>&#8211; Cas nominatif (utilis\u00e9 pour les sujets) : \u0101bols<\/strong><\/p>\n\n\n\n<p><strong>&#8211; Cas g\u00e9nitif (utilis\u00e9 pour la possession) : \u0101bola<\/strong><\/p>\n\n\n\n<p><strong>&#8211; Cas datif (utilis\u00e9 pour les objets indirects) : \u0101bolam<\/strong><\/p>\n\n\n\n<p><strong>&#8211; Accusatif (utilis\u00e9 pour les objets directs) : \u0101bolu<\/strong><\/p>\n\n\n\n<p><strong>&#8211; Cas locatif (utilis\u00e9 pour la localisation) : \u0101bol\u0101<\/strong><\/p>\n\n\n\n<p><strong>&#8211; Cas instrumental (utilis\u00e9 pour les moyens par lesquels une action est r\u00e9alis\u00e9e) : \u0101bolu\/-iem<\/strong><\/p>\n\n\n\n<p><strong>&#8211; Vocatif (utilis\u00e9 pour s&rsquo;adresser \u00e0 quelqu&rsquo;un ou \u00e0 quelque chose) : \u0101bol<\/strong><\/p>\n\n\n\n<p>Il est important de vous familiariser avec ces cas, car ils peuvent changer radicalement le <a href=\"https:\/\/talkpal.ai\/locations\/language-courses-in-sens\/\">sens<\/a> de vos phrases.<\/p>\n\n\n\n<h3 class=\"wp-block-heading\" id=\"h-playing-with-numbers-latvian-plurals-and-genders\">Jouer avec les nombres : pluriels et genres lettons<\/h3>\n\n\n\n<p>Lorsque vous formez des pluriels en letton, il est essentiel de garder \u00e0 l&rsquo;esprit le genre du nom. En letton, les noms ont deux genres : masculin et f\u00e9minin. Le genre affecte les terminaisons des noms, des adjectifs, des chiffres et de certaines formes verbales.<\/p>\n\n\n\n<p>En g\u00e9n\u00e9ral, les noms masculins au nominatif <a href=\"https:\/\/talkpal.ai\/ar\/grammar_exercises\/pluriel-%d8%aa%d9%85%d8%a7%d8%b1%d9%8a%d9%86-%d9%84%d9%84%d9%82%d9%88%d8%a7%d8%b9%d8%af-%d8%a7%d9%84%d9%81%d8%b1%d9%86%d8%b3%d9%8a%d8%a9\/\">pluriel<\/a> se terminent par -i, tandis que les noms f\u00e9minins se terminent par -as. Par exemple, \u00ab\u00a0zirgs\u00a0\u00bb (zirgs, nom masculin signifiant \u00ab\u00a0cheval\u00a0\u00bb) devient \u00ab\u00a0zirgi\u00a0\u00bb (zirgi, chevaux), et \u00ab\u00a0sieviete\u00a0\u00bb (sieviete, nom f\u00e9minin signifiant \u00ab\u00a0femme\u00a0\u00bb) devient \u00ab\u00a0sievietes\u00a0\u00bb (sievietes, femmes).<\/p>\n\n\n\n<p>Bien s\u00fbr, il existe des exceptions, c&rsquo;est pourquoi il est essentiel d&rsquo;apprendre les noms avec leur genre et de conna\u00eetre les pluriels irr\u00e9guliers.<\/p>\n\n\n\n<h3 class=\"wp-block-heading\" id=\"h-the-art-of-conjugation-latvian-verbs\">L\u2019art de la conjugaison : les verbes lettons<\/h3>\n\n\n\n<p>Les verbes lettons peuvent d\u2019abord sembler intimidants en raison de leurs nombreux <a href=\"https:\/\/talkpal.ai\/zh-hans\/grammar_exercises\/temps-%e6%b3%95%e8%af%ad%e8%af%ad%e6%b3%95%e7%bb%83%e4%b9%a0\/\">temps<\/a>, humeurs et conjugaisons. Cependant, la cl\u00e9 pour les comprendre est de reconna\u00eetre les sch\u00e9mas communs et de pratiquer r\u00e9guli\u00e8rement.<\/p>\n\n\n\n<p>En letton, les verbes sont divis\u00e9s en trois groupes en fonction de leurs terminaisons infinitives, -t, -ties et -ties\/-t. Chaque groupe a des r\u00e8gles de conjugaison sp\u00e9cifiques. Prenons l&rsquo;exemple du verbe \u00ab\u00a0las\u012bt\u00a0\u00bb (las\u012bt, \u00ab\u00a0lire\u00a0\u00bb) :<\/p>\n\n\n\n<p><strong>Le pr\u00e9sent : Es lasu (Es lasu, \u00ab\u00a0je lis\u00a0\u00bb)<\/strong><\/p>\n\n\n\n<p><strong>Au pass\u00e9 : Es las\u012bju (Es las\u012bju, \u00ab\u00a0je lis\u00a0\u00bb)<\/strong><\/p>\n\n\n\n<p><strong>Le futur : Es las\u012b\u0161u (Es las\u012b\u0161u, \u00ab\u00a0je lirai\u00a0\u00bb)<\/strong><\/p>\n\n\n\n<p>Comme vous pouvez le voir, les terminaisons changent en fonction du temps. Et ce n&rsquo;est pas tout : la conjugaison des verbes lettons est loin d&rsquo;\u00eatre termin\u00e9e ! Cependant, ne vous laissez pas d\u00e9courager. Avec de la pratique et de la patience, vous commencerez \u00e0 reconna\u00eetre les sch\u00e9mas et \u00e0 relever ce d\u00e9fi.<\/p>\n\n\n\n<h3 class=\"wp-block-heading\" id=\"h-the-finishing-touches-latvian-adjectives-adverbs-and-more\">La touche finale : adjectifs, adverbes lettons, etc.<\/h3>\n\n\n\n<p>En ce qui concerne les adjectifs et les adverbes lettons, ils jouent un r\u00f4le essentiel en ajoutant de la profondeur et de la complexit\u00e9 \u00e0 votre discours. Les adjectifs doivent s\u2019accorder avec les noms qu\u2019ils modifient en termes de genre et de cas, avec des terminaisons qui varient en cons\u00e9quence.<\/p>\n\n\n\n<p>Par exemple, \u00ab\u00a0gar\u0161\u012bgs\u00a0\u00bb (gar\u0161\u012bgs) signifie \u00ab\u00a0d\u00e9licieux\u00a0\u00bb, et vous pourriez le voir comme \u00ab\u00a0gar\u0161\u012bgs \u0101bols\u00a0\u00bb (gar\u0161\u012bgs \u0101bols, \u00ab\u00a0d\u00e9licieuse pomme\u00a0\u00bb) ou \u00ab\u00a0gar\u0161\u012bga zupa\u00a0\u00bb (gar\u0161\u012bga zupa, \u00ab\u00a0d\u00e9licieuse soupe\u00a0\u00bb), avec des terminaisons diff\u00e9rentes pour les noms masculins et f\u00e9minins.<\/p>\n\n\n\n<p>Les adverbes suivent g\u00e9n\u00e9ralement des mod\u00e8les similaires, souvent d\u00e9riv\u00e9s d\u2019adjectifs. En letton, la majorit\u00e9 des adverbes se terminent par -i, qui est la m\u00eame forme que l\u2019accusatif masculin singulier pour les adjectifs.<\/p>\n\n\n\n<p>En conclusion, les complexit\u00e9s et les particularit\u00e9s de la grammaire lettone, bien que stimulantes, conf\u00e8rent \u00e0 la langue sa beaut\u00e9 et son caract\u00e8re captivants. Avec un m\u00e9lange de pers\u00e9v\u00e9rance, de curiosit\u00e9 et d&rsquo;application pratique, vous naviguerez bient\u00f4t dans la grammaire lettone avec aisance et confiance. Bon apprentissage !<\/p>\n<\/div><\/div>\n\r\n<section class=\"learnNavigationSection\">\r\n            \r\n        <a href=\"https:\/\/talkpal.ai\/fr\/apprendre-le-letton\/\">\r\n            <div class=\"learnNavigationWrapper\">\r\n                <div class=\"learnNavigationContent\">\r\n                    <img decoding=\"async\" src=\"https:\/\/talkpal.ai\/wp-content\/uploads\/2024\/08\/Latvian.jpg\" alt=\"Latvian Flag\">\r\n                    <div>\r\n                        <h4>\u00c0 propos de l&#039;apprentissage du letton<\/h4>\r\n                        <p>Tout savoir sur la grammaire lettone.<\/p>\r\n                    <\/div>\r\n                <\/div>\r\n            <\/div>\r\n        <\/a>\r\n\r\n        \r\n        <a href=\"https:\/\/talkpal.ai\/fr\/exercices-de-grammaire-lettone\/\">\r\n            <div class=\"learnNavigationWrapper\">\r\n                <div class=\"learnNavigationContent\">\r\n                    <img decoding=\"async\" src=\"https:\/\/talkpal.ai\/wp-content\/uploads\/2024\/08\/Latvian.jpg\" alt=\"Latvian Flag\">\r\n                    <div>\r\n                        <h4>Exercice de grammaire lettone<\/h4>\r\n                        <p>Pratiquez la grammaire lettone.<\/p>\r\n                    <\/div>\r\n                <\/div>\r\n            <\/div>\r\n        <\/a>\r\n\r\n        \r\n        <a href=\"https:\/\/talkpal.ai\/vocabulary_language\/latvian\/\">\r\n            <div class=\"learnNavigationWrapper\">\r\n                <div class=\"learnNavigationContent\">\r\n                    <img decoding=\"async\" src=\"https:\/\/talkpal.ai\/wp-content\/uploads\/2024\/08\/Latvian.jpg\" alt=\"Latvian Flag\">\r\n                    <div>\r\n                        <h4>Vocabulaire letton<\/h4>\r\n                        <p>\u00c9largissez votre vocabulaire letton.<\/p>\r\n                    <\/div>\r\n                <\/div>\r\n            <\/div>\r\n        <\/a>\r\n\r\n            <\/section>","protected":false},"excerpt":{"rendered":"<p>Le guide ultime de la grammaire lettone : naviguer dans les subtilit\u00e9s d\u2019une langue unique La grammaire lettone, comme la langue elle-m\u00eame, pr\u00e9sente une tapisserie riche et fascinante d\u2019\u00e9l\u00e9ments linguistiques. En tant que langue balte, le letton fascine les apprenants par ses diverses caract\u00e9ristiques et met au d\u00e9fi m\u00eame les locuteurs les plus comp\u00e9tents. Dans [&hellip;]<\/p>\n","protected":false},"author":1,"featured_media":28444,"parent":0,"menu_order":0,"comment_status":"closed","ping_status":"closed","template":"LearningContentPage.php","meta":{"_acf_changed":false,"footnotes":""},"class_list":["post-73696","page","type-page","status-publish","has-post-thumbnail","hentry"],"acf":[],"yoast_head":"<!-- This site is optimized with the Yoast SEO Premium plugin v27.2 (Yoast SEO v27.2) - https:\/\/yoast.com\/product\/yoast-seo-premium-wordpress\/ -->\n<title>Grammaire lettone - Talkpal<\/title>\n<meta name=\"description\" content=\"Ma\u00eetrisez la grammaire lettone en toute confiance - apprenez les r\u00e8gles, pratiquez l&#039;usage et am\u00e9liorez votre pr\u00e9cision linguistique facilement gr\u00e2ce \u00e0 l&#039;aide personnalis\u00e9e de l&#039;IA de TalkpalL&#039;aide personnalis\u00e9e de l&#039;IA vous permet de ma\u00eetriser la grammaire lettone en toute confiance.\" \/>\n<meta name=\"robots\" content=\"index, follow, max-snippet:-1, max-image-preview:large, max-video-preview:-1\" \/>\n<link rel=\"canonical\" href=\"https:\/\/talkpal.ai\/fr\/grammaire-lettone\/\" \/>\n<meta property=\"og:locale\" content=\"fr_FR\" \/>\n<meta property=\"og:type\" content=\"article\" \/>\n<meta property=\"og:title\" content=\"Grammaire lettone\" \/>\n<meta property=\"og:description\" content=\"Le guide ultime de la grammaire lettone : naviguer dans les subtilit\u00e9s d\u2019une langue unique La grammaire lettone, comme la langue elle-m\u00eame, pr\u00e9sente une\" \/>\n<meta property=\"og:url\" content=\"https:\/\/talkpal.ai\/fr\/grammaire-lettone\/\" \/>\n<meta property=\"og:site_name\" content=\"Talkpal\" \/>\n<meta property=\"article:publisher\" content=\"https:\/\/www.facebook.com\/profile.php?id=100090733639311\" \/>\n<meta property=\"article:modified_time\" content=\"2025-12-17T17:12:51+00:00\" \/>\n<meta property=\"og:image\" content=\"https:\/\/talkpal.ai\/wp-content\/uploads\/2023\/05\/latvia.png\" \/>\n\t<meta property=\"og:image:width\" content=\"512\" \/>\n\t<meta property=\"og:image:height\" content=\"512\" \/>\n\t<meta property=\"og:image:type\" content=\"image\/png\" \/>\n<meta name=\"twitter:card\" content=\"summary_large_image\" \/>\n<meta name=\"twitter:site\" content=\"@talkpalai\" \/>\n<meta name=\"twitter:label1\" content=\"Dur\u00e9e de lecture estim\u00e9e\" \/>\n\t<meta name=\"twitter:data1\" content=\"4 minutes\" \/>\n<script type=\"application\/ld+json\" class=\"yoast-schema-graph\">{\"@context\":\"https:\/\/schema.org\",\"@graph\":[{\"@type\":\"WebPage\",\"@id\":\"https:\/\/talkpal.ai\/fr\/grammaire-lettone\/\",\"url\":\"https:\/\/talkpal.ai\/fr\/grammaire-lettone\/\",\"name\":\"Grammaire lettone - Talkpal\",\"isPartOf\":{\"@id\":\"https:\/\/talkpal.ai\/fr\/#website\"},\"primaryImageOfPage\":{\"@id\":\"https:\/\/talkpal.ai\/fr\/grammaire-lettone\/#primaryimage\"},\"image\":{\"@id\":\"https:\/\/talkpal.ai\/fr\/grammaire-lettone\/#primaryimage\"},\"thumbnailUrl\":\"https:\/\/talkpal.ai\/wp-content\/uploads\/2023\/05\/latvia.png\",\"datePublished\":\"2023-05-14T14:10:24+00:00\",\"dateModified\":\"2025-12-17T17:12:51+00:00\",\"description\":\"Ma\u00eetrisez la grammaire lettone en toute confiance - apprenez les r\u00e8gles, pratiquez l'usage et am\u00e9liorez votre pr\u00e9cision linguistique facilement gr\u00e2ce \u00e0 l'aide personnalis\u00e9e de l'IA de TalkpalL'aide personnalis\u00e9e de l'IA vous permet de ma\u00eetriser la grammaire lettone en toute confiance.\",\"breadcrumb\":{\"@id\":\"https:\/\/talkpal.ai\/fr\/grammaire-lettone\/#breadcrumb\"},\"inLanguage\":\"fr-FR\",\"potentialAction\":[{\"@type\":\"ReadAction\",\"target\":[\"https:\/\/talkpal.ai\/fr\/grammaire-lettone\/\"]}]},{\"@type\":\"ImageObject\",\"inLanguage\":\"fr-FR\",\"@id\":\"https:\/\/talkpal.ai\/fr\/grammaire-lettone\/#primaryimage\",\"url\":\"https:\/\/talkpal.ai\/wp-content\/uploads\/2023\/05\/latvia.png\",\"contentUrl\":\"https:\/\/talkpal.ai\/wp-content\/uploads\/2023\/05\/latvia.png\",\"width\":512,\"height\":512},{\"@type\":\"BreadcrumbList\",\"@id\":\"https:\/\/talkpal.ai\/fr\/grammaire-lettone\/#breadcrumb\",\"itemListElement\":[{\"@type\":\"ListItem\",\"position\":1,\"name\":\"Homepage\",\"item\":\"https:\/\/talkpal.ai\/fr\/\"},{\"@type\":\"ListItem\",\"position\":2,\"name\":\"Grammaire lettone\"}]},{\"@type\":\"WebSite\",\"@id\":\"https:\/\/talkpal.ai\/fr\/#website\",\"url\":\"https:\/\/talkpal.ai\/fr\/\",\"name\":\"Talkpal\",\"description\":\"AI Language Learning\",\"publisher\":{\"@id\":\"https:\/\/talkpal.ai\/fr\/#organization\"},\"alternateName\":\"Talkpal AI\",\"potentialAction\":[{\"@type\":\"SearchAction\",\"target\":{\"@type\":\"EntryPoint\",\"urlTemplate\":\"https:\/\/talkpal.ai\/fr\/?s={search_term_string}\"},\"query-input\":{\"@type\":\"PropertyValueSpecification\",\"valueRequired\":true,\"valueName\":\"search_term_string\"}}],\"inLanguage\":\"fr-FR\"},{\"@type\":\"Organization\",\"@id\":\"https:\/\/talkpal.ai\/fr\/#organization\",\"name\":\"Talkpal, Inc.\",\"alternateName\":\"Talkpal AI\",\"url\":\"https:\/\/talkpal.ai\/fr\/\",\"logo\":{\"@type\":\"ImageObject\",\"inLanguage\":\"fr-FR\",\"@id\":\"https:\/\/talkpal.ai\/fr\/#\/schema\/logo\/image\/\",\"url\":\"https:\/\/talkpal.ai\/wp-content\/uploads\/2024\/03\/Talkpal-Logo-Icon.png\",\"contentUrl\":\"https:\/\/talkpal.ai\/wp-content\/uploads\/2024\/03\/Talkpal-Logo-Icon.png\",\"width\":2880,\"height\":2880,\"caption\":\"Talkpal, Inc.\"},\"image\":{\"@id\":\"https:\/\/talkpal.ai\/fr\/#\/schema\/logo\/image\/\"},\"sameAs\":[\"https:\/\/www.facebook.com\/profile.php?id=100090733639311\",\"https:\/\/x.com\/talkpalai\",\"https:\/\/www.linkedin.com\/company\/talkpal\/\",\"https:\/\/www.youtube.com\/@TalkPal\/\",\"https:\/\/www.tiktok.com\/@talkpal\",\"https:\/\/www.instagram.com\/talkpal_ai\/\",\"https:\/\/www.crunchbase.com\/organization\/talkpal-9cde\",\"https:\/\/www.g2.com\/products\/talkpal-for-business\/\",\"https:\/\/www.trustpilot.com\/review\/talkpal.ai\",\"https:\/\/www.capterra.com\/p\/10006800\/TalkPal\/\"],\"description\":\"Talkpal is a language learning web and mobile education app, powered by the latest AI technologies, that provides engaging experiences to its customers in many different languages to help them improve their language skills. Users can chat about unlimited amount of topics with the app and use other modes to practice their language learning.\",\"email\":\"support@talkpal.ai\",\"legalName\":\"Talkpal, Inc.\",\"foundingDate\":\"2023-04-03\",\"duns\":\"118989042\",\"numberOfEmployees\":{\"@type\":\"QuantitativeValue\",\"minValue\":\"11\",\"maxValue\":\"50\"},\"publishingPrinciples\":\"https:\/\/talkpal.ai\/publishing-principles\/\",\"actionableFeedbackPolicy\":\"https:\/\/talkpal.ai\/actionable-feedback-policy\/\",\"correctionsPolicy\":\"https:\/\/talkpal.ai\/corrections-policy\/\",\"ethicsPolicy\":\"https:\/\/talkpal.ai\/ethics-policy\/\",\"diversityPolicy\":\"https:\/\/talkpal.ai\/diversity-policy\/\",\"diversityStaffingReport\":\"https:\/\/talkpal.ai\/diversity-policy\/\"}]}<\/script>\n<!-- \/ Yoast SEO Premium plugin. -->","yoast_head_json":{"title":"Grammaire lettone - Talkpal","description":"Ma\u00eetrisez la grammaire lettone en toute confiance - apprenez les r\u00e8gles, pratiquez l'usage et am\u00e9liorez votre pr\u00e9cision linguistique facilement gr\u00e2ce \u00e0 l'aide personnalis\u00e9e de l'IA de TalkpalL'aide personnalis\u00e9e de l'IA vous permet de ma\u00eetriser la grammaire lettone en toute confiance.","robots":{"index":"index","follow":"follow","max-snippet":"max-snippet:-1","max-image-preview":"max-image-preview:large","max-video-preview":"max-video-preview:-1"},"canonical":"https:\/\/talkpal.ai\/fr\/grammaire-lettone\/","og_locale":"fr_FR","og_type":"article","og_title":"Grammaire lettone","og_description":"Le guide ultime de la grammaire lettone : naviguer dans les subtilit\u00e9s d\u2019une langue unique La grammaire lettone, comme la langue elle-m\u00eame, pr\u00e9sente une","og_url":"https:\/\/talkpal.ai\/fr\/grammaire-lettone\/","og_site_name":"Talkpal","article_publisher":"https:\/\/www.facebook.com\/profile.php?id=100090733639311","article_modified_time":"2025-12-17T17:12:51+00:00","og_image":[{"width":512,"height":512,"url":"https:\/\/talkpal.ai\/wp-content\/uploads\/2023\/05\/latvia.png","type":"image\/png"}],"twitter_card":"summary_large_image","twitter_site":"@talkpalai","twitter_misc":{"Dur\u00e9e de lecture estim\u00e9e":"4 minutes"},"schema":{"@context":"https:\/\/schema.org","@graph":[{"@type":"WebPage","@id":"https:\/\/talkpal.ai\/fr\/grammaire-lettone\/","url":"https:\/\/talkpal.ai\/fr\/grammaire-lettone\/","name":"Grammaire lettone - Talkpal","isPartOf":{"@id":"https:\/\/talkpal.ai\/fr\/#website"},"primaryImageOfPage":{"@id":"https:\/\/talkpal.ai\/fr\/grammaire-lettone\/#primaryimage"},"image":{"@id":"https:\/\/talkpal.ai\/fr\/grammaire-lettone\/#primaryimage"},"thumbnailUrl":"https:\/\/talkpal.ai\/wp-content\/uploads\/2023\/05\/latvia.png","datePublished":"2023-05-14T14:10:24+00:00","dateModified":"2025-12-17T17:12:51+00:00","description":"Ma\u00eetrisez la grammaire lettone en toute confiance - apprenez les r\u00e8gles, pratiquez l'usage et am\u00e9liorez votre pr\u00e9cision linguistique facilement gr\u00e2ce \u00e0 l'aide personnalis\u00e9e de l'IA de TalkpalL'aide personnalis\u00e9e de l'IA vous permet de ma\u00eetriser la grammaire lettone en toute confiance.","breadcrumb":{"@id":"https:\/\/talkpal.ai\/fr\/grammaire-lettone\/#breadcrumb"},"inLanguage":"fr-FR","potentialAction":[{"@type":"ReadAction","target":["https:\/\/talkpal.ai\/fr\/grammaire-lettone\/"]}]},{"@type":"ImageObject","inLanguage":"fr-FR","@id":"https:\/\/talkpal.ai\/fr\/grammaire-lettone\/#primaryimage","url":"https:\/\/talkpal.ai\/wp-content\/uploads\/2023\/05\/latvia.png","contentUrl":"https:\/\/talkpal.ai\/wp-content\/uploads\/2023\/05\/latvia.png","width":512,"height":512},{"@type":"BreadcrumbList","@id":"https:\/\/talkpal.ai\/fr\/grammaire-lettone\/#breadcrumb","itemListElement":[{"@type":"ListItem","position":1,"name":"Homepage","item":"https:\/\/talkpal.ai\/fr\/"},{"@type":"ListItem","position":2,"name":"Grammaire lettone"}]},{"@type":"WebSite","@id":"https:\/\/talkpal.ai\/fr\/#website","url":"https:\/\/talkpal.ai\/fr\/","name":"Talkpal","description":"AI Language Learning","publisher":{"@id":"https:\/\/talkpal.ai\/fr\/#organization"},"alternateName":"Talkpal AI","potentialAction":[{"@type":"SearchAction","target":{"@type":"EntryPoint","urlTemplate":"https:\/\/talkpal.ai\/fr\/?s={search_term_string}"},"query-input":{"@type":"PropertyValueSpecification","valueRequired":true,"valueName":"search_term_string"}}],"inLanguage":"fr-FR"},{"@type":"Organization","@id":"https:\/\/talkpal.ai\/fr\/#organization","name":"Talkpal, Inc.","alternateName":"Talkpal AI","url":"https:\/\/talkpal.ai\/fr\/","logo":{"@type":"ImageObject","inLanguage":"fr-FR","@id":"https:\/\/talkpal.ai\/fr\/#\/schema\/logo\/image\/","url":"https:\/\/talkpal.ai\/wp-content\/uploads\/2024\/03\/Talkpal-Logo-Icon.png","contentUrl":"https:\/\/talkpal.ai\/wp-content\/uploads\/2024\/03\/Talkpal-Logo-Icon.png","width":2880,"height":2880,"caption":"Talkpal, Inc."},"image":{"@id":"https:\/\/talkpal.ai\/fr\/#\/schema\/logo\/image\/"},"sameAs":["https:\/\/www.facebook.com\/profile.php?id=100090733639311","https:\/\/x.com\/talkpalai","https:\/\/www.linkedin.com\/company\/talkpal\/","https:\/\/www.youtube.com\/@TalkPal\/","https:\/\/www.tiktok.com\/@talkpal","https:\/\/www.instagram.com\/talkpal_ai\/","https:\/\/www.crunchbase.com\/organization\/talkpal-9cde","https:\/\/www.g2.com\/products\/talkpal-for-business\/","https:\/\/www.trustpilot.com\/review\/talkpal.ai","https:\/\/www.capterra.com\/p\/10006800\/TalkPal\/"],"description":"Talkpal is a language learning web and mobile education app, powered by the latest AI technologies, that provides engaging experiences to its customers in many different languages to help them improve their language skills. Users can chat about unlimited amount of topics with the app and use other modes to practice their language learning.","email":"support@talkpal.ai","legalName":"Talkpal, Inc.","foundingDate":"2023-04-03","duns":"118989042","numberOfEmployees":{"@type":"QuantitativeValue","minValue":"11","maxValue":"50"},"publishingPrinciples":"https:\/\/talkpal.ai\/publishing-principles\/","actionableFeedbackPolicy":"https:\/\/talkpal.ai\/actionable-feedback-policy\/","correctionsPolicy":"https:\/\/talkpal.ai\/corrections-policy\/","ethicsPolicy":"https:\/\/talkpal.ai\/ethics-policy\/","diversityPolicy":"https:\/\/talkpal.ai\/diversity-policy\/","diversityStaffingReport":"https:\/\/talkpal.ai\/diversity-policy\/"}]}},"_links":{"self":[{"href":"https:\/\/talkpal.ai\/fr\/wp-json\/wp\/v2\/pages\/73696","targetHints":{"allow":["GET"]}}],"collection":[{"href":"https:\/\/talkpal.ai\/fr\/wp-json\/wp\/v2\/pages"}],"about":[{"href":"https:\/\/talkpal.ai\/fr\/wp-json\/wp\/v2\/types\/page"}],"author":[{"embeddable":true,"href":"https:\/\/talkpal.ai\/fr\/wp-json\/wp\/v2\/users\/1"}],"replies":[{"embeddable":true,"href":"https:\/\/talkpal.ai\/fr\/wp-json\/wp\/v2\/comments?post=73696"}],"version-history":[{"count":0,"href":"https:\/\/talkpal.ai\/fr\/wp-json\/wp\/v2\/pages\/73696\/revisions"}],"wp:featuredmedia":[{"embeddable":true,"href":"https:\/\/talkpal.ai\/fr\/wp-json\/wp\/v2\/media\/28444"}],"wp:attachment":[{"href":"https:\/\/talkpal.ai\/fr\/wp-json\/wp\/v2\/media?parent=73696"}],"curies":[{"name":"wp","href":"https:\/\/api.w.org\/{rel}","templated":true}]}}