{"id":73649,"date":"2023-05-14T14:23:49","date_gmt":"2023-05-14T14:23:49","guid":{"rendered":"http:\/\/talkpal.ai\/grammaire-turque\/"},"modified":"2025-12-13T15:57:38","modified_gmt":"2025-12-13T15:57:38","slug":"grammaire-turque","status":"publish","type":"page","link":"https:\/\/talkpal.ai\/fr\/grammaire-turque\/","title":{"rendered":"Grammaire turque"},"content":{"rendered":"\r\n\r\n\r\n<section class=\"languageChallengeSection\">\r\n    <div class=\"languageInfoWrapper\">\r\n        \r\n        <h1>Grammaire turque<\/h1>\r\n        <p>Curieux d&#039;apprendre le <a href=\"https:\/\/talkpal.ai\/learn-turkish\/\">turc<\/a> ? Explorez la <a href=\"https:\/\/talkpal.ai\/turkish-grammar\/\">grammaire turque<\/a> et voyez comment sa structure logique, l&#039;harmonie de ses voyelles et ses verbes faciles \u00e0 suivre la rendent \u00e0 la fois fascinante et accessible. Commencez votre voyage d\u00e8s aujourd&#039;hui &#8211; la ma\u00eetrise de la grammaire turque est la cl\u00e9 d&#039;une communication fluide et de l&#039;ouverture d&#039;un monde vibrant de culture et de connexion !<\/p>\r\n\r\n                            <a class=\"getStartedHidden\" href=\"https:\/\/app.talkpal.ai\/fr\/signup?lng=\">Commencer<\/a>\r\n        \r\n    <\/div>\r\n\r\n    <figure>\r\n    <img decoding=\"async\" width=\"768\" height=\"768\" src=\"https:\/\/talkpal.ai\/wp-content\/uploads\/2023\/06\/turkish-768x768.png\" class=\"languageImage no-lazy\" alt=\"Default alt text\" fetchpriority=\"high\" sizes=\"(max-width: 768px) 150px, 768px\" srcset=\"https:\/\/talkpal.ai\/wp-content\/uploads\/2023\/06\/turkish-768x768.png 768w, https:\/\/talkpal.ai\/wp-content\/uploads\/2023\/06\/turkish-300x300.png 300w\" \/>\r\n    \r\n\r\n    <\/figure>\r\n\r\n            <a class=\"getStartedVisible\" href=\"https:\/\/app.talkpal.ai\/fr\/signup?lng=\">Commencer<\/a>\r\n    \r\n<\/section>\r\n        <section class=\"grammarSection\">\r\n            <div class=\"grammarLinks\">\r\n                <a href=\"https:\/\/talkpal.ai\/fr\/language\/adjectifs-grammaire-turque\/\">Adjectifs <\/a><a href=\"https:\/\/talkpal.ai\/fr\/language\/adverbes-grammaire-turque\/\">Adverbes <\/a><a href=\"https:\/\/talkpal.ai\/fr\/language\/articles-grammaire-turque\/\">Articles <\/a><a href=\"https:\/\/talkpal.ai\/fr\/language\/comparaison-des-temps-grammaire-turque\/\">Comparaison des temps <\/a><a href=\"https:\/\/talkpal.ai\/fr\/language\/conditionnels-grammaire-turque\/\">Conditionnels <\/a><a href=\"https:\/\/talkpal.ai\/fr\/language\/noms-grammaire-turque\/\">Noms <\/a><a href=\"https:\/\/talkpal.ai\/fr\/language\/phrases-grammaire-turque\/\">Phrases <\/a><a href=\"https:\/\/talkpal.ai\/fr\/language\/prepositions-grammaire-turque\/\">Pr\u00e9positions <\/a><a href=\"https:\/\/talkpal.ai\/fr\/language\/progressif-grammaire-turque\/\">Progressif <\/a><a href=\"https:\/\/talkpal.ai\/fr\/language\/progressif-parfait-grammaire-turque\/\">Progressif parfait <\/a><a href=\"https:\/\/talkpal.ai\/fr\/language\/pronoms-determinants-grammaire-turque\/\">Pronoms\/D\u00e9terminants <\/a><a href=\"https:\/\/talkpal.ai\/fr\/language\/temps-grammaire-turque\/\">Temps <\/a><a href=\"https:\/\/talkpal.ai\/fr\/language\/verbes-grammaire-turque\/\">Verbes <\/a>            <\/div>\r\n        <\/section>\r\n    <section class=\"promotionalBanner\">\r\n    <p class=\"promotionalText\">La fa\u00e7on la plus efficace d\u2019apprendre une langue<\/p>\r\n    <a class=\"promotionalLink\" href=\"https:\/\/app.talkpal.ai\/fr\/signup?lng=\">Essayez Talkpal gratuitement<\/a>\r\n<\/section>\n<div class=\"wp-block-group pageContainerStyle\"><div class=\"wp-block-group__inner-container is-layout-constrained wp-block-group-is-layout-constrained\">\n<h2 class=\"wp-block-heading\" id=\"h-the-ultimate-guide-to-turkish-grammar-navigating-the-intricacies-of-a-unique-language\">Le guide ultime de la grammaire turque : naviguer dans les subtilit\u00e9s d\u2019une langue unique<\/h2>\n\n\n\n<p>La grammaire turque, comme la langue elle-m\u00eame, pr\u00e9sente une tapisserie riche et fascinante d\u2019\u00e9l\u00e9ments linguistiques. En tant que membre de la famille des langues turques, le turc captive les apprenants par ses diverses caract\u00e9ristiques et met au d\u00e9fi m\u00eame les locuteurs les plus comp\u00e9tents. Dans ce guide, nous explorerons les principes cl\u00e9s de la grammaire turque, d\u00e9mystifierons ses complexit\u00e9s et vous aiderons \u00e0 parler couramment cette langue captivante. Commen\u00e7ons !<\/p>\n\n\n\n<h3 class=\"wp-block-heading\" id=\"h-the-nuts-and-bolts-turkish-sentence-structure\">Les rouages : structure de phrase turque<\/h3>\n\n\n\n<p>\u00c0 la base, la grammaire turque est assez simple. La langue suit g\u00e9n\u00e9ralement la structure de phrase Sujet-Objet-Verbe (SOV), contrairement \u00e0 l\u2019anglais et \u00e0 de nombreuses autres langues. Par exemple, la phrase \u00ab\u00a0Je mange une pomme\u00a0\u00bb se traduit par \u00ab\u00a0Ben elma yiyorum\u00a0\u00bb (Ben=je, elma=pomme, yiyorum=manger). C\u2019est simple, n\u2019est-ce pas ? Cependant, en creusant un peu, vous d\u00e9couvrirez certaines caract\u00e9ristiques intrigantes et distinctives de la grammaire turque.<\/p>\n\n\n\n<h3 class=\"wp-block-heading\" id=\"h-meet-the-family-turkish-nouns-and-their-suffixes\">\u00c0 la rencontre de la famille : les noms turcs et leurs suffixes<\/h3>\n\n\n\n<p>L\u2019une des caract\u00e9ristiques les plus particuli\u00e8res de la grammaire turque est l\u2019utilisation de suffixes pour exprimer diverses relations grammaticales. Il n\u2019y a pas de pr\u00e9positions en turc ; \u00c0 leur place, des suffixes sont attach\u00e9s aux noms pour indiquer la possession, les objets directs et l\u2019emplacement.<\/p>\n\n\n\n<p>Prenons par exemple le mot \u00ab\u00a0elma\u00a0\u00bb (elma) qui signifie \u00ab\u00a0pomme\u00a0\u00bb :<\/p>\n\n\n\n<p><strong>&#8211; Possession : Benim elmam (Ma pomme)<\/strong><\/p>\n\n\n\n<p><strong>&#8211; Objet direct : Elmay\u0131 yedim (j&rsquo;ai mang\u00e9 la pomme)<\/strong><\/p>\n\n\n\n<p><strong>&#8211; Lieu : Elmada (\u00e0 la pomme)<\/strong><\/p>\n\n\n\n<p>Il est important de vous familiariser avec ces suffixes, car ils peuvent changer radicalement le <a href=\"https:\/\/talkpal.ai\/locations\/language-courses-in-sens\/\">sens<\/a> de vos phrases.<\/p>\n\n\n\n<h3 class=\"wp-block-heading\" id=\"h-playing-with-numbers-turkish-plurals-and-genders\">Jouer avec les nombres : pluriels et genres turcs<\/h3>\n\n\n\n<p>Pour former les pluriels en turc, il est essentiel d&rsquo;ajouter un seul suffixe : -ler ou -lar, en fonction de la voyelle la plus proche dans le mot. Contrairement \u00e0 de nombreuses autres langues, le turc n&rsquo;a pas de genre grammatical. Cela signifie que vous n&rsquo;aurez pas \u00e0 vous soucier d&rsquo;apprendre des terminaisons ou des formes diff\u00e9rentes pour les noms masculins, f\u00e9minins ou neutres.<\/p>\n\n\n\n<p>Par exemple, \u00ab\u00a0k\u00f6pek\u00a0\u00bb (k\u00f6pek, nom signifiant \u00ab\u00a0chien\u00a0\u00bb) devient \u00ab\u00a0k\u00f6pekler\u00a0\u00bb (k\u00f6pekler, chiens), et \u00ab\u00a0kedi\u00a0\u00bb (kedi, nom signifiant \u00ab\u00a0chat\u00a0\u00bb) devient \u00ab\u00a0kediler\u00a0\u00bb (kediler, chats).<\/p>\n\n\n\n<h3 class=\"wp-block-heading\" id=\"h-the-art-of-conjugation-turkish-verbs\">L\u2019art de la conjugaison : les verbes turcs<\/h3>\n\n\n\n<p>Les verbes turcs peuvent sembler intimidants au d\u00e9but, en raison de leurs nombreux <a href=\"https:\/\/talkpal.ai\/zh-hans\/grammar_exercises\/temps-%e6%b3%95%e8%af%ad%e8%af%ad%e6%b3%95%e7%bb%83%e4%b9%a0\/\">temps<\/a>, humeurs et conjugaisons. Cependant, la cl\u00e9 pour les comprendre est de reconna\u00eetre les sch\u00e9mas communs et de pratiquer r\u00e9guli\u00e8rement.<\/p>\n\n\n\n<p>En turc, les verbes utilisent une vari\u00e9t\u00e9 de suffixes pour indiquer le temps, l\u2019humeur et la personne. Le radical du verbe reste inchang\u00e9. Prenons l&rsquo;exemple du verbe \u00ab\u00a0yemek\u00a0\u00bb (yemek, \u00ab\u00a0manger\u00a0\u00bb) :<\/p>\n\n\n\n<p><strong>Pr\u00e9sent continu : Yiyorum (je mange)<\/strong><\/p>\n\n\n\n<p><strong>Pass\u00e9 : Yedim (j\u2019ai mang\u00e9)<\/strong><\/p>\n\n\n\n<p><strong>Futur : Yiyece\u011fim (je vais manger)<\/strong><\/p>\n\n\n\n<p>Comme vous pouvez le voir, les terminaisons changent en fonction du temps et de la personne. Avec de la pratique et de la patience, vous commencerez \u00e0 reconna\u00eetre les sch\u00e9mas et \u00e0 relever ce d\u00e9fi.<\/p>\n\n\n\n<h3 class=\"wp-block-heading\" id=\"h-the-finishing-touches-turkish-adjectives-adverbs-and-more\">La touche finale : adjectifs turcs, adverbes, etc.<\/h3>\n\n\n\n<p>En ce qui concerne les adjectifs et les adverbes turcs, ils jouent un r\u00f4le essentiel en ajoutant de la profondeur et de la complexit\u00e9 \u00e0 votre discours. En turc, les adjectifs n&rsquo;ont pas besoin de s&rsquo;accorder avec les noms qu&rsquo;ils modifient, ce qui les rend plus faciles \u00e0 traiter que dans de nombreuses autres langues.<\/p>\n\n\n\n<p>Par exemple, \u00ab\u00a0g\u00fczel\u00a0\u00bb (g\u00fczel) signifie \u00ab\u00a0beau\u00a0\u00bb, et vous pouvez le voir comme \u00ab\u00a0g\u00fczel \u00e7i\u00e7ek\u00a0\u00bb (g\u00fczel \u00e7i\u00e7ek, \u00ab\u00a0belle fleur\u00a0\u00bb) ou \u00ab\u00a0g\u00fczel k\u00f6pek\u00a0\u00bb (g\u00fczel k\u00f6pek, \u00ab\u00a0beau chien\u00a0\u00bb), sans changement pour le pluriel ou le genre.<\/p>\n\n\n\n<p>Les adverbes suivent g\u00e9n\u00e9ralement des mod\u00e8les similaires, souvent d\u00e9riv\u00e9s d\u2019adjectifs. En turc, de nombreux adverbes peuvent \u00eatre form\u00e9s en ajoutant le suffixe -ce ou -ca aux adjectifs, en fonction de la voyelle la plus proche.<\/p>\n\n\n\n<p>En conclusion, les complexit\u00e9s et les particularit\u00e9s de la grammaire turque, bien qu&rsquo;elles constituent un d\u00e9fi, conf\u00e8rent \u00e0 la langue sa beaut\u00e9 et son caract\u00e8re captivants. Avec un m\u00e9lange de pers\u00e9v\u00e9rance, de curiosit\u00e9 et d&rsquo;application pratique, vous naviguerez bient\u00f4t dans la grammaire turque avec aisance et confiance. Bon apprentissage !<\/p>\n<\/div><\/div>\n\r\n<section class=\"learnNavigationSection\">\r\n            \r\n        <a href=\"https:\/\/talkpal.ai\/fr\/apprendre-le-turc\/\">\r\n            <div class=\"learnNavigationWrapper\">\r\n                <div class=\"learnNavigationContent\">\r\n                    <img decoding=\"async\" src=\"https:\/\/talkpal.ai\/wp-content\/uploads\/2024\/08\/Turkish.jpg\" alt=\"Turkish Flag\">\r\n                    <div>\r\n                        <h4>\u00c0 propos de l&#039;apprentissage de la langue turque<\/h4>\r\n                        <p>Tout savoir sur la grammaire turque.<\/p>\r\n                    <\/div>\r\n                <\/div>\r\n            <\/div>\r\n        <\/a>\r\n\r\n        \r\n        <a href=\"https:\/\/talkpal.ai\/fr\/exercices-de-grammaire-turque\/\">\r\n            <div class=\"learnNavigationWrapper\">\r\n                <div class=\"learnNavigationContent\">\r\n                    <img decoding=\"async\" src=\"https:\/\/talkpal.ai\/wp-content\/uploads\/2024\/08\/Turkish.jpg\" alt=\"Turkish Flag\">\r\n                    <div>\r\n                        <h4>Exercice de grammaire turque<\/h4>\r\n                        <p>Pratiquez la grammaire turque.<\/p>\r\n                    <\/div>\r\n                <\/div>\r\n            <\/div>\r\n        <\/a>\r\n\r\n        \r\n        <a href=\"https:\/\/talkpal.ai\/vocabulary_language\/turkish\/\">\r\n            <div class=\"learnNavigationWrapper\">\r\n                <div class=\"learnNavigationContent\">\r\n                    <img decoding=\"async\" src=\"https:\/\/talkpal.ai\/wp-content\/uploads\/2024\/08\/Turkish.jpg\" alt=\"Turkish Flag\">\r\n                    <div>\r\n                        <h4>Vocabulaire turc<\/h4>\r\n                        <p>\u00c9largissez votre vocabulaire turc.<\/p>\r\n                    <\/div>\r\n                <\/div>\r\n            <\/div>\r\n        <\/a>\r\n\r\n            <\/section>","protected":false},"excerpt":{"rendered":"<p>Le guide ultime de la grammaire turque : naviguer dans les subtilit\u00e9s d\u2019une langue unique La grammaire turque, comme la langue elle-m\u00eame, pr\u00e9sente une tapisserie riche et fascinante d\u2019\u00e9l\u00e9ments linguistiques. En tant que membre de la famille des langues turques, le turc captive les apprenants par ses diverses caract\u00e9ristiques et met au d\u00e9fi m\u00eame les [&hellip;]<\/p>\n","protected":false},"author":1,"featured_media":28748,"parent":0,"menu_order":0,"comment_status":"closed","ping_status":"closed","template":"LearningContentPage.php","meta":{"_acf_changed":false,"footnotes":""},"class_list":["post-73649","page","type-page","status-publish","has-post-thumbnail","hentry"],"acf":[],"yoast_head":"<!-- This site is optimized with the Yoast SEO Premium plugin v27.2 (Yoast SEO v27.2) - https:\/\/yoast.com\/product\/yoast-seo-premium-wordpress\/ -->\n<title>Grammaire turque - Talkpal<\/title>\n<meta name=\"description\" content=\"D\u00e9couvrez les secrets de la grammaire turque gr\u00e2ce \u00e0 notre guide complet des principes cl\u00e9s et de la structure des phrases.\" \/>\n<meta name=\"robots\" content=\"index, follow, max-snippet:-1, max-image-preview:large, max-video-preview:-1\" \/>\n<link rel=\"canonical\" href=\"https:\/\/talkpal.ai\/fr\/grammaire-turque\/\" \/>\n<meta property=\"og:locale\" content=\"fr_FR\" \/>\n<meta property=\"og:type\" content=\"article\" \/>\n<meta property=\"og:title\" content=\"Grammaire turque\" \/>\n<meta property=\"og:description\" content=\"Le guide ultime de la grammaire turque : naviguer dans les subtilit\u00e9s d\u2019une langue unique La grammaire turque, comme la langue elle-m\u00eame, pr\u00e9sente une\" \/>\n<meta property=\"og:url\" content=\"https:\/\/talkpal.ai\/fr\/grammaire-turque\/\" \/>\n<meta property=\"og:site_name\" content=\"Talkpal\" \/>\n<meta property=\"article:publisher\" content=\"https:\/\/www.facebook.com\/profile.php?id=100090733639311\" \/>\n<meta property=\"article:modified_time\" content=\"2025-12-13T15:57:38+00:00\" \/>\n<meta property=\"og:image\" content=\"https:\/\/talkpal.ai\/wp-content\/uploads\/2023\/05\/turkish.png\" \/>\n\t<meta property=\"og:image:width\" content=\"512\" \/>\n\t<meta property=\"og:image:height\" content=\"512\" \/>\n\t<meta property=\"og:image:type\" content=\"image\/png\" \/>\n<meta name=\"twitter:card\" content=\"summary_large_image\" \/>\n<meta name=\"twitter:site\" content=\"@talkpalai\" \/>\n<meta name=\"twitter:label1\" content=\"Dur\u00e9e de lecture estim\u00e9e\" \/>\n\t<meta name=\"twitter:data1\" content=\"4 minutes\" \/>\n<script type=\"application\/ld+json\" class=\"yoast-schema-graph\">{\"@context\":\"https:\/\/schema.org\",\"@graph\":[{\"@type\":\"WebPage\",\"@id\":\"https:\/\/talkpal.ai\/fr\/grammaire-turque\/\",\"url\":\"https:\/\/talkpal.ai\/fr\/grammaire-turque\/\",\"name\":\"Grammaire turque - Talkpal\",\"isPartOf\":{\"@id\":\"https:\/\/talkpal.ai\/fr\/#website\"},\"primaryImageOfPage\":{\"@id\":\"https:\/\/talkpal.ai\/fr\/grammaire-turque\/#primaryimage\"},\"image\":{\"@id\":\"https:\/\/talkpal.ai\/fr\/grammaire-turque\/#primaryimage\"},\"thumbnailUrl\":\"https:\/\/talkpal.ai\/wp-content\/uploads\/2023\/05\/turkish.png\",\"datePublished\":\"2023-05-14T14:23:49+00:00\",\"dateModified\":\"2025-12-13T15:57:38+00:00\",\"description\":\"D\u00e9couvrez les secrets de la grammaire turque gr\u00e2ce \u00e0 notre guide complet des principes cl\u00e9s et de la structure des phrases.\",\"breadcrumb\":{\"@id\":\"https:\/\/talkpal.ai\/fr\/grammaire-turque\/#breadcrumb\"},\"inLanguage\":\"fr-FR\",\"potentialAction\":[{\"@type\":\"ReadAction\",\"target\":[\"https:\/\/talkpal.ai\/fr\/grammaire-turque\/\"]}]},{\"@type\":\"ImageObject\",\"inLanguage\":\"fr-FR\",\"@id\":\"https:\/\/talkpal.ai\/fr\/grammaire-turque\/#primaryimage\",\"url\":\"https:\/\/talkpal.ai\/wp-content\/uploads\/2023\/05\/turkish.png\",\"contentUrl\":\"https:\/\/talkpal.ai\/wp-content\/uploads\/2023\/05\/turkish.png\",\"width\":512,\"height\":512},{\"@type\":\"BreadcrumbList\",\"@id\":\"https:\/\/talkpal.ai\/fr\/grammaire-turque\/#breadcrumb\",\"itemListElement\":[{\"@type\":\"ListItem\",\"position\":1,\"name\":\"Homepage\",\"item\":\"https:\/\/talkpal.ai\/fr\/\"},{\"@type\":\"ListItem\",\"position\":2,\"name\":\"Grammaire turque\"}]},{\"@type\":\"WebSite\",\"@id\":\"https:\/\/talkpal.ai\/fr\/#website\",\"url\":\"https:\/\/talkpal.ai\/fr\/\",\"name\":\"Talkpal\",\"description\":\"AI Language Learning\",\"publisher\":{\"@id\":\"https:\/\/talkpal.ai\/fr\/#organization\"},\"alternateName\":\"Talkpal AI\",\"potentialAction\":[{\"@type\":\"SearchAction\",\"target\":{\"@type\":\"EntryPoint\",\"urlTemplate\":\"https:\/\/talkpal.ai\/fr\/?s={search_term_string}\"},\"query-input\":{\"@type\":\"PropertyValueSpecification\",\"valueRequired\":true,\"valueName\":\"search_term_string\"}}],\"inLanguage\":\"fr-FR\"},{\"@type\":\"Organization\",\"@id\":\"https:\/\/talkpal.ai\/fr\/#organization\",\"name\":\"Talkpal, Inc.\",\"alternateName\":\"Talkpal AI\",\"url\":\"https:\/\/talkpal.ai\/fr\/\",\"logo\":{\"@type\":\"ImageObject\",\"inLanguage\":\"fr-FR\",\"@id\":\"https:\/\/talkpal.ai\/fr\/#\/schema\/logo\/image\/\",\"url\":\"https:\/\/talkpal.ai\/wp-content\/uploads\/2024\/03\/Talkpal-Logo-Icon.png\",\"contentUrl\":\"https:\/\/talkpal.ai\/wp-content\/uploads\/2024\/03\/Talkpal-Logo-Icon.png\",\"width\":2880,\"height\":2880,\"caption\":\"Talkpal, Inc.\"},\"image\":{\"@id\":\"https:\/\/talkpal.ai\/fr\/#\/schema\/logo\/image\/\"},\"sameAs\":[\"https:\/\/www.facebook.com\/profile.php?id=100090733639311\",\"https:\/\/x.com\/talkpalai\",\"https:\/\/www.linkedin.com\/company\/talkpal\/\",\"https:\/\/www.youtube.com\/@TalkPal\/\",\"https:\/\/www.tiktok.com\/@talkpal\",\"https:\/\/www.instagram.com\/talkpal_ai\/\",\"https:\/\/www.crunchbase.com\/organization\/talkpal-9cde\",\"https:\/\/www.g2.com\/products\/talkpal-for-business\/\",\"https:\/\/www.trustpilot.com\/review\/talkpal.ai\",\"https:\/\/www.capterra.com\/p\/10006800\/TalkPal\/\"],\"description\":\"Talkpal is a language learning web and mobile education app, powered by the latest AI technologies, that provides engaging experiences to its customers in many different languages to help them improve their language skills. Users can chat about unlimited amount of topics with the app and use other modes to practice their language learning.\",\"email\":\"support@talkpal.ai\",\"legalName\":\"Talkpal, Inc.\",\"foundingDate\":\"2023-04-03\",\"duns\":\"118989042\",\"numberOfEmployees\":{\"@type\":\"QuantitativeValue\",\"minValue\":\"11\",\"maxValue\":\"50\"},\"publishingPrinciples\":\"https:\/\/talkpal.ai\/publishing-principles\/\",\"actionableFeedbackPolicy\":\"https:\/\/talkpal.ai\/actionable-feedback-policy\/\",\"correctionsPolicy\":\"https:\/\/talkpal.ai\/corrections-policy\/\",\"ethicsPolicy\":\"https:\/\/talkpal.ai\/ethics-policy\/\",\"diversityPolicy\":\"https:\/\/talkpal.ai\/diversity-policy\/\",\"diversityStaffingReport\":\"https:\/\/talkpal.ai\/diversity-policy\/\"}]}<\/script>\n<!-- \/ Yoast SEO Premium plugin. -->","yoast_head_json":{"title":"Grammaire turque - Talkpal","description":"D\u00e9couvrez les secrets de la grammaire turque gr\u00e2ce \u00e0 notre guide complet des principes cl\u00e9s et de la structure des phrases.","robots":{"index":"index","follow":"follow","max-snippet":"max-snippet:-1","max-image-preview":"max-image-preview:large","max-video-preview":"max-video-preview:-1"},"canonical":"https:\/\/talkpal.ai\/fr\/grammaire-turque\/","og_locale":"fr_FR","og_type":"article","og_title":"Grammaire turque","og_description":"Le guide ultime de la grammaire turque : naviguer dans les subtilit\u00e9s d\u2019une langue unique La grammaire turque, comme la langue elle-m\u00eame, pr\u00e9sente une","og_url":"https:\/\/talkpal.ai\/fr\/grammaire-turque\/","og_site_name":"Talkpal","article_publisher":"https:\/\/www.facebook.com\/profile.php?id=100090733639311","article_modified_time":"2025-12-13T15:57:38+00:00","og_image":[{"width":512,"height":512,"url":"https:\/\/talkpal.ai\/wp-content\/uploads\/2023\/05\/turkish.png","type":"image\/png"}],"twitter_card":"summary_large_image","twitter_site":"@talkpalai","twitter_misc":{"Dur\u00e9e de lecture estim\u00e9e":"4 minutes"},"schema":{"@context":"https:\/\/schema.org","@graph":[{"@type":"WebPage","@id":"https:\/\/talkpal.ai\/fr\/grammaire-turque\/","url":"https:\/\/talkpal.ai\/fr\/grammaire-turque\/","name":"Grammaire turque - Talkpal","isPartOf":{"@id":"https:\/\/talkpal.ai\/fr\/#website"},"primaryImageOfPage":{"@id":"https:\/\/talkpal.ai\/fr\/grammaire-turque\/#primaryimage"},"image":{"@id":"https:\/\/talkpal.ai\/fr\/grammaire-turque\/#primaryimage"},"thumbnailUrl":"https:\/\/talkpal.ai\/wp-content\/uploads\/2023\/05\/turkish.png","datePublished":"2023-05-14T14:23:49+00:00","dateModified":"2025-12-13T15:57:38+00:00","description":"D\u00e9couvrez les secrets de la grammaire turque gr\u00e2ce \u00e0 notre guide complet des principes cl\u00e9s et de la structure des phrases.","breadcrumb":{"@id":"https:\/\/talkpal.ai\/fr\/grammaire-turque\/#breadcrumb"},"inLanguage":"fr-FR","potentialAction":[{"@type":"ReadAction","target":["https:\/\/talkpal.ai\/fr\/grammaire-turque\/"]}]},{"@type":"ImageObject","inLanguage":"fr-FR","@id":"https:\/\/talkpal.ai\/fr\/grammaire-turque\/#primaryimage","url":"https:\/\/talkpal.ai\/wp-content\/uploads\/2023\/05\/turkish.png","contentUrl":"https:\/\/talkpal.ai\/wp-content\/uploads\/2023\/05\/turkish.png","width":512,"height":512},{"@type":"BreadcrumbList","@id":"https:\/\/talkpal.ai\/fr\/grammaire-turque\/#breadcrumb","itemListElement":[{"@type":"ListItem","position":1,"name":"Homepage","item":"https:\/\/talkpal.ai\/fr\/"},{"@type":"ListItem","position":2,"name":"Grammaire turque"}]},{"@type":"WebSite","@id":"https:\/\/talkpal.ai\/fr\/#website","url":"https:\/\/talkpal.ai\/fr\/","name":"Talkpal","description":"AI Language Learning","publisher":{"@id":"https:\/\/talkpal.ai\/fr\/#organization"},"alternateName":"Talkpal AI","potentialAction":[{"@type":"SearchAction","target":{"@type":"EntryPoint","urlTemplate":"https:\/\/talkpal.ai\/fr\/?s={search_term_string}"},"query-input":{"@type":"PropertyValueSpecification","valueRequired":true,"valueName":"search_term_string"}}],"inLanguage":"fr-FR"},{"@type":"Organization","@id":"https:\/\/talkpal.ai\/fr\/#organization","name":"Talkpal, Inc.","alternateName":"Talkpal AI","url":"https:\/\/talkpal.ai\/fr\/","logo":{"@type":"ImageObject","inLanguage":"fr-FR","@id":"https:\/\/talkpal.ai\/fr\/#\/schema\/logo\/image\/","url":"https:\/\/talkpal.ai\/wp-content\/uploads\/2024\/03\/Talkpal-Logo-Icon.png","contentUrl":"https:\/\/talkpal.ai\/wp-content\/uploads\/2024\/03\/Talkpal-Logo-Icon.png","width":2880,"height":2880,"caption":"Talkpal, Inc."},"image":{"@id":"https:\/\/talkpal.ai\/fr\/#\/schema\/logo\/image\/"},"sameAs":["https:\/\/www.facebook.com\/profile.php?id=100090733639311","https:\/\/x.com\/talkpalai","https:\/\/www.linkedin.com\/company\/talkpal\/","https:\/\/www.youtube.com\/@TalkPal\/","https:\/\/www.tiktok.com\/@talkpal","https:\/\/www.instagram.com\/talkpal_ai\/","https:\/\/www.crunchbase.com\/organization\/talkpal-9cde","https:\/\/www.g2.com\/products\/talkpal-for-business\/","https:\/\/www.trustpilot.com\/review\/talkpal.ai","https:\/\/www.capterra.com\/p\/10006800\/TalkPal\/"],"description":"Talkpal is a language learning web and mobile education app, powered by the latest AI technologies, that provides engaging experiences to its customers in many different languages to help them improve their language skills. Users can chat about unlimited amount of topics with the app and use other modes to practice their language learning.","email":"support@talkpal.ai","legalName":"Talkpal, Inc.","foundingDate":"2023-04-03","duns":"118989042","numberOfEmployees":{"@type":"QuantitativeValue","minValue":"11","maxValue":"50"},"publishingPrinciples":"https:\/\/talkpal.ai\/publishing-principles\/","actionableFeedbackPolicy":"https:\/\/talkpal.ai\/actionable-feedback-policy\/","correctionsPolicy":"https:\/\/talkpal.ai\/corrections-policy\/","ethicsPolicy":"https:\/\/talkpal.ai\/ethics-policy\/","diversityPolicy":"https:\/\/talkpal.ai\/diversity-policy\/","diversityStaffingReport":"https:\/\/talkpal.ai\/diversity-policy\/"}]}},"_links":{"self":[{"href":"https:\/\/talkpal.ai\/fr\/wp-json\/wp\/v2\/pages\/73649","targetHints":{"allow":["GET"]}}],"collection":[{"href":"https:\/\/talkpal.ai\/fr\/wp-json\/wp\/v2\/pages"}],"about":[{"href":"https:\/\/talkpal.ai\/fr\/wp-json\/wp\/v2\/types\/page"}],"author":[{"embeddable":true,"href":"https:\/\/talkpal.ai\/fr\/wp-json\/wp\/v2\/users\/1"}],"replies":[{"embeddable":true,"href":"https:\/\/talkpal.ai\/fr\/wp-json\/wp\/v2\/comments?post=73649"}],"version-history":[{"count":0,"href":"https:\/\/talkpal.ai\/fr\/wp-json\/wp\/v2\/pages\/73649\/revisions"}],"wp:featuredmedia":[{"embeddable":true,"href":"https:\/\/talkpal.ai\/fr\/wp-json\/wp\/v2\/media\/28748"}],"wp:attachment":[{"href":"https:\/\/talkpal.ai\/fr\/wp-json\/wp\/v2\/media?parent=73649"}],"curies":[{"name":"wp","href":"https:\/\/api.w.org\/{rel}","templated":true}]}}