{"id":73580,"date":"2023-05-14T14:13:06","date_gmt":"2023-05-14T14:13:06","guid":{"rendered":"http:\/\/talkpal.ai\/grammaire-norvegienne\/"},"modified":"2025-12-17T17:36:41","modified_gmt":"2025-12-17T17:36:41","slug":"grammaire-norvegienne","status":"publish","type":"page","link":"https:\/\/talkpal.ai\/fr\/grammaire-norvegienne\/","title":{"rendered":"Grammaire norv\u00e9gienne"},"content":{"rendered":"\r\n\r\n\r\n<section class=\"languageChallengeSection\">\r\n    <div class=\"languageInfoWrapper\">\r\n        \r\n        <h1>Grammaire norv\u00e9gienne<\/h1>\r\n        <p>D\u00e9couvrez les bases de la <a href=\"https:\/\/talkpal.ai\/norwegian-grammar\/\">grammaire norv\u00e9gienne<\/a> et apprenez \u00e0 communiquer avec confiance dans l&#039;une des plus belles langues de Scandinavie. La compr\u00e9hension de la grammaire norv\u00e9gienne vous ouvrira les portes de nouvelles exp\u00e9riences culturelles et de conversations enrichissantes. Commencez \u00e0 apprendre la grammaire norv\u00e9gienne d\u00e8s aujourd&#039;hui et faites un premier pas vers la fluidit\u00e9 !<\/p>\r\n\r\n                            <a class=\"getStartedHidden\" href=\"https:\/\/app.talkpal.ai\/fr\/signup?lng=\">Commencer<\/a>\r\n        \r\n    <\/div>\r\n\r\n    <figure>\r\n    <img decoding=\"async\" width=\"768\" height=\"768\" src=\"https:\/\/talkpal.ai\/wp-content\/uploads\/2023\/06\/norwegian-768x768.png\" class=\"languageImage no-lazy\" alt=\"Default alt text\" fetchpriority=\"high\" sizes=\"(max-width: 768px) 150px, 768px\" srcset=\"https:\/\/talkpal.ai\/wp-content\/uploads\/2023\/06\/norwegian-768x768.png 768w, https:\/\/talkpal.ai\/wp-content\/uploads\/2023\/06\/norwegian-300x300.png 300w\" \/>\r\n    \r\n\r\n    <\/figure>\r\n\r\n            <a class=\"getStartedVisible\" href=\"https:\/\/app.talkpal.ai\/fr\/signup?lng=\">Commencer<\/a>\r\n    \r\n<\/section>\r\n        <section class=\"grammarSection\">\r\n            <div class=\"grammarLinks\">\r\n                <a href=\"https:\/\/talkpal.ai\/fr\/language\/adjectifs-grammaire-norvegienne\/\">Adjectifs <\/a><a href=\"https:\/\/talkpal.ai\/fr\/language\/adverbes-grammaire-norvegienne\/\">Adverbes <\/a><a href=\"https:\/\/talkpal.ai\/fr\/language\/articles-grammaire-norvegienne\/\">Articles <\/a><a href=\"https:\/\/talkpal.ai\/fr\/language\/comparaison-des-temps-grammaire-norvegienne\/\">Comparaison des temps <\/a><a href=\"https:\/\/talkpal.ai\/fr\/language\/conditionnels-grammaire-norvegienne\/\">Conditionnels <\/a><a href=\"https:\/\/talkpal.ai\/fr\/language\/noms-grammaire-norvegienne\/\">Noms <\/a><a href=\"https:\/\/talkpal.ai\/fr\/language\/phrases-grammaire-norvegienne\/\">Phrases <\/a><a href=\"https:\/\/talkpal.ai\/fr\/language\/prepositions-grammaire-norvegienne\/\">Pr\u00e9positions <\/a><a href=\"https:\/\/talkpal.ai\/fr\/language\/progressif-grammaire-norvegienne\/\">Progressif <\/a><a href=\"https:\/\/talkpal.ai\/fr\/language\/progressif-parfait-grammaire-norvegienne\/\">Progressif Parfait <\/a><a href=\"https:\/\/talkpal.ai\/fr\/language\/pronoms-determinants-grammaire-norvegienne\/\">Pronoms\/D\u00e9terminants <\/a><a href=\"https:\/\/talkpal.ai\/fr\/language\/temps-grammaire-norvegienne\/\">Temps <\/a><a href=\"https:\/\/talkpal.ai\/fr\/language\/verbes-grammaire-norvegienne\/\">Verbes <\/a>            <\/div>\r\n        <\/section>\r\n    <section class=\"promotionalBanner\">\r\n    <p class=\"promotionalText\">La fa\u00e7on la plus efficace d\u2019apprendre une langue<\/p>\r\n    <a class=\"promotionalLink\" href=\"https:\/\/app.talkpal.ai\/fr\/signup?lng=\">Essayez Talkpal gratuitement<\/a>\r\n<\/section>\n<div class=\"wp-block-group pageContainerStyle\"><div class=\"wp-block-group__inner-container is-layout-constrained wp-block-group-is-layout-constrained\">\n<h2 class=\"wp-block-heading\" id=\"h-dive-into-norwegian-grammar-a-comprehensive-guide\">Plongez dans la grammaire norv\u00e9gienne : un guide complet<\/h2>\n\n\n\n<p>Le <a href=\"https:\/\/talkpal.ai\/learn-norwegian\/\">norv\u00e9gien<\/a>, une langue fascinante et expressive, offre aux apprenants une occasion unique d\u2019explorer le riche <a href=\"https:\/\/talkpal.ai\/fr\/culture\/le-patrimoine-culturel-immateriel-francais\/\">patrimoine culturel<\/a> et historique de la Norv\u00e8ge. La bonne nouvelle est que la grammaire norv\u00e9gienne partage certaines similitudes avec l\u2019anglais, ce qui <a href=\"https:\/\/talkpal.ai\/culture\/how-do-i-use-en-fait-as-a-common-discourse-marker\/\">en fait<\/a> une langue accessible \u00e0 apprendre. Cet article vous guidera \u00e0 travers les aspects essentiels de la grammaire norv\u00e9gienne, en vous assurant de construire une base solide et de comprendre la langue en toute confiance.<\/p>\n\n\n\n<h3 class=\"wp-block-heading\" id=\"h-1-embracing-norwegian-nouns-and-articles\">1. Adopter les noms et les articles norv\u00e9giens<\/h3>\n\n\n\n<p>Les noms norv\u00e9giens, comme leurs homologues <a href=\"https:\/\/talkpal.ai\/learn-english-with-ai\/\">anglais<\/a>, repr\u00e9sentent des personnes, des lieux, des choses ou des id\u00e9es. Ils sont class\u00e9s en trois genres : masculin, f\u00e9minin et neutre. Le genre est essentiel pour d\u00e9terminer la terminaison du nom et les articles avec lesquels il doit \u00eatre associ\u00e9.<\/p>\n\n\n\n<p>Il existe deux types d\u2019articles en norv\u00e9gien : les <a href=\"https:\/\/talkpal.ai\/fr\/grammar\/articles-definis-en-grammaire-catalane\/\">articles d\u00e9finis<\/a> et les articles ind\u00e9finis. Les articles d\u00e9finis apparaissent sous forme de suffixes \u00e0 la fin des noms, tandis que les articles ind\u00e9finis sont des mots distincts qui pr\u00e9c\u00e8dent les noms. Les articles doivent s\u2019accorder avec les noms en genre et en nombre.<\/p>\n\n\n\n<p><strong>&#8211; Articles d\u00e9finis : -en (masculin), -a (f\u00e9minin), -et (neutre)<\/strong><\/p>\n\n\n\n<p><strong>&#8211; Articles ind\u00e9finis : en (masculin), ei (f\u00e9minin), et (neutre)<\/strong><\/p>\n\n\n\n<h3 class=\"wp-block-heading\" id=\"h-2-mastering-norwegian-verbs-conjugation-and-tenses\">2. Ma\u00eetriser les verbes norv\u00e9giens : conjugaison et temps<\/h3>\n\n\n\n<p>Les verbes norv\u00e9giens sont relativement faciles \u00e0 apprendre, car ils ont moins de conjugaisons que de nombreuses autres langues. Les verbes sont conjugu\u00e9s en fonction du temps et de l\u2019humeur. Les verbes norv\u00e9giens sont principalement divis\u00e9s en quatre groupes, chacun avec son mod\u00e8le de conjugaison. Cependant, la bonne nouvelle est que, contrairement \u00e0 de nombreuses autres langues, les verbes norv\u00e9giens ne changent pas de forme en fonction du sujet ou du nombre.<\/p>\n\n\n\n<p>Le norv\u00e9gien a moins de temps que l\u2019anglais, avec seulement trois temps : le pr\u00e9sent, le pass\u00e9 et le pass\u00e9 parfait. Le pr\u00e9sent est utilis\u00e9 pour exprimer des \u00e9v\u00e9nements pr\u00e9sents et futurs, tandis que le pass\u00e9 indique des actions accomplies, et le pass\u00e9 parfait indique une exp\u00e9rience ou des \u00e9tats qui se sont produits avant un point sp\u00e9cifique dans le pass\u00e9.<\/p>\n\n\n\n<h3 class=\"wp-block-heading\" id=\"h-3-expressing-yourself-with-norwegian-adjectives-and-adverbs\">3. S\u2019exprimer avec des adjectifs et des adverbes norv\u00e9giens<\/h3>\n\n\n\n<p>L\u2019utilisation d\u2019adjectifs am\u00e9liore efficacement votre capacit\u00e9 \u00e0 vous exprimer en norv\u00e9gien. Les adjectifs d\u00e9crivent des qualit\u00e9s ou des caract\u00e9ristiques des noms et doivent s\u2019accorder avec les noms en genre et en nombre. En norv\u00e9gien, les adjectifs pr\u00e9c\u00e8dent g\u00e9n\u00e9ralement le nom qu\u2019ils d\u00e9crivent.<\/p>\n\n\n\n<p>Les adverbes en norv\u00e9gien modifient les verbes, les adjectifs ou d\u2019autres adverbes. Ils transmettent des informations sur comment, quand, o\u00f9 et dans quelle mesure une action se produit. Contrairement aux adjectifs, les adverbes restent les m\u00eames quel que soit le genre ou le nombre de noms d\u00e9crits.<\/p>\n\n\n\n<h3 class=\"wp-block-heading\" id=\"h-4-constructing-sentences-with-norwegian-pronouns-and-word-order\">4. Construire des phrases avec des pronoms norv\u00e9giens et l\u2019ordre des mots<\/h3>\n\n\n\n<p>Les pronoms norv\u00e9giens remplacent les noms et s\u2019accordent g\u00e9n\u00e9ralement avec le nom qu\u2019ils repr\u00e9sentent en genre, en nombre et en cas. Il existe diff\u00e9rents types de pronoms en norv\u00e9gien, notamment les pronoms personnels, possessifs, d\u00e9monstratifs, r\u00e9fl\u00e9chis, relatifs et interrogatifs.<\/p>\n\n\n\n<p>La structure des phrases en norv\u00e9gien suit l\u2019ordre sujet-verbe-objet (SVO), similaire \u00e0 celle de l\u2019anglais. Cependant, il utilise \u00e9galement une r\u00e8gle Verbe-seconde (V2) dans laquelle le verbe occupe g\u00e9n\u00e9ralement la deuxi\u00e8me position dans les propositions principales. Comprendre et pratiquer l\u2019ordre des mots norv\u00e9giens est essentiel pour atteindre la ma\u00eetrise de la langue.<\/p>\n\n\n\n<h3 class=\"wp-block-heading\" id=\"h-conclusion\">Conclusion<\/h3>\n\n\n\n<p>Pour ma\u00eetriser la grammaire norv\u00e9gienne, il faut de l&rsquo;engagement, de la pratique et une ouverture d&rsquo;esprit pour explorer les caract\u00e9ristiques uniques de la langue. Que vous souhaitiez vous immerger dans la culture norv\u00e9gienne ou apprendre une nouvelle langue, la ma\u00eetrise de la grammaire norv\u00e9gienne constitue la base d&rsquo;une communication r\u00e9ussie. Lorsque vous vous plongez dans les noms, les verbes, les adjectifs et l\u2019ordre des mots norv\u00e9giens, n\u2019oubliez pas d\u2019appr\u00e9cier le processus et de ch\u00e9rir les riches exp\u00e9riences linguistiques qui vous attendent. Lykke til\u00a0!<\/p>\n<\/div><\/div>\n\r\n<section class=\"learnNavigationSection\">\r\n            \r\n        <a href=\"https:\/\/talkpal.ai\/fr\/apprendre-le-norvegien\/\">\r\n            <div class=\"learnNavigationWrapper\">\r\n                <div class=\"learnNavigationContent\">\r\n                    <img decoding=\"async\" src=\"https:\/\/talkpal.ai\/wp-content\/uploads\/2024\/08\/Norwegian.jpg\" alt=\"Norwegian Flag\">\r\n                    <div>\r\n                        <h4>A propos de Norwegian Learning<\/h4>\r\n                        <p>Tout savoir sur la grammaire norv\u00e9gienne.<\/p>\r\n                    <\/div>\r\n                <\/div>\r\n            <\/div>\r\n        <\/a>\r\n\r\n        \r\n        <a href=\"https:\/\/talkpal.ai\/fr\/exercices-de-grammaire-norvegienne\/\">\r\n            <div class=\"learnNavigationWrapper\">\r\n                <div class=\"learnNavigationContent\">\r\n                    <img decoding=\"async\" src=\"https:\/\/talkpal.ai\/wp-content\/uploads\/2024\/08\/Norwegian.jpg\" alt=\"Norwegian Flag\">\r\n                    <div>\r\n                        <h4>Exercice de grammaire norv\u00e9gienne<\/h4>\r\n                        <p>Pratiquez la grammaire norv\u00e9gienne.<\/p>\r\n                    <\/div>\r\n                <\/div>\r\n            <\/div>\r\n        <\/a>\r\n\r\n        \r\n        <a href=\"https:\/\/talkpal.ai\/vocabulary_language\/norwegian\/\">\r\n            <div class=\"learnNavigationWrapper\">\r\n                <div class=\"learnNavigationContent\">\r\n                    <img decoding=\"async\" src=\"https:\/\/talkpal.ai\/wp-content\/uploads\/2024\/08\/Norwegian.jpg\" alt=\"Norwegian Flag\">\r\n                    <div>\r\n                        <h4>Vocabulaire norv\u00e9gien<\/h4>\r\n                        <p>\u00c9largissez votre vocabulaire norv\u00e9gien.<\/p>\r\n                    <\/div>\r\n                <\/div>\r\n            <\/div>\r\n        <\/a>\r\n\r\n            <\/section>","protected":false},"excerpt":{"rendered":"<p>Plongez dans la grammaire norv\u00e9gienne : un guide complet Le norv\u00e9gien, une langue fascinante et expressive, offre aux apprenants une occasion unique d\u2019explorer le riche patrimoine culturel et historique de la Norv\u00e8ge. La bonne nouvelle est que la grammaire norv\u00e9gienne partage certaines similitudes avec l\u2019anglais, ce qui en fait une langue accessible \u00e0 apprendre. Cet [&hellip;]<\/p>\n","protected":false},"author":1,"featured_media":28540,"parent":0,"menu_order":0,"comment_status":"closed","ping_status":"closed","template":"LearningContentPage.php","meta":{"_acf_changed":false,"footnotes":""},"class_list":["post-73580","page","type-page","status-publish","has-post-thumbnail","hentry"],"acf":[],"yoast_head":"<!-- This site is optimized with the Yoast SEO Premium plugin v27.2 (Yoast SEO v27.2) - https:\/\/yoast.com\/product\/yoast-seo-premium-wordpress\/ -->\n<title>Grammaire norv\u00e9gienne - Talkpal<\/title>\n<meta name=\"description\" content=\"Explorez les subtilit\u00e9s de la grammaire norv\u00e9gienne et \u00e9levez vos comp\u00e9tences linguistiques \u00e0 un niveau sup\u00e9rieur.\" \/>\n<meta name=\"robots\" content=\"index, follow, max-snippet:-1, max-image-preview:large, max-video-preview:-1\" \/>\n<link rel=\"canonical\" href=\"https:\/\/talkpal.ai\/fr\/grammaire-norvegienne\/\" \/>\n<meta property=\"og:locale\" content=\"fr_FR\" \/>\n<meta property=\"og:type\" content=\"article\" \/>\n<meta property=\"og:title\" content=\"Grammaire norv\u00e9gienne\" \/>\n<meta property=\"og:description\" content=\"Plongez dans la grammaire norv\u00e9gienne : un guide complet Le norv\u00e9gien, une langue fascinante et expressive, offre aux apprenants une occasion unique\" \/>\n<meta property=\"og:url\" content=\"https:\/\/talkpal.ai\/fr\/grammaire-norvegienne\/\" \/>\n<meta property=\"og:site_name\" content=\"Talkpal\" \/>\n<meta property=\"article:publisher\" content=\"https:\/\/www.facebook.com\/profile.php?id=100090733639311\" \/>\n<meta property=\"article:modified_time\" content=\"2025-12-17T17:36:41+00:00\" \/>\n<meta property=\"og:image\" content=\"https:\/\/talkpal.ai\/wp-content\/uploads\/2023\/05\/norway.png\" \/>\n\t<meta property=\"og:image:width\" content=\"512\" \/>\n\t<meta property=\"og:image:height\" content=\"512\" \/>\n\t<meta property=\"og:image:type\" content=\"image\/png\" \/>\n<meta name=\"twitter:card\" content=\"summary_large_image\" \/>\n<meta name=\"twitter:site\" content=\"@talkpalai\" \/>\n<meta name=\"twitter:label1\" content=\"Dur\u00e9e de lecture estim\u00e9e\" \/>\n\t<meta name=\"twitter:data1\" content=\"4 minutes\" \/>\n<script type=\"application\/ld+json\" class=\"yoast-schema-graph\">{\"@context\":\"https:\/\/schema.org\",\"@graph\":[{\"@type\":\"WebPage\",\"@id\":\"https:\/\/talkpal.ai\/fr\/grammaire-norvegienne\/\",\"url\":\"https:\/\/talkpal.ai\/fr\/grammaire-norvegienne\/\",\"name\":\"Grammaire norv\u00e9gienne - Talkpal\",\"isPartOf\":{\"@id\":\"https:\/\/talkpal.ai\/fr\/#website\"},\"primaryImageOfPage\":{\"@id\":\"https:\/\/talkpal.ai\/fr\/grammaire-norvegienne\/#primaryimage\"},\"image\":{\"@id\":\"https:\/\/talkpal.ai\/fr\/grammaire-norvegienne\/#primaryimage\"},\"thumbnailUrl\":\"https:\/\/talkpal.ai\/wp-content\/uploads\/2023\/05\/norway.png\",\"datePublished\":\"2023-05-14T14:13:06+00:00\",\"dateModified\":\"2025-12-17T17:36:41+00:00\",\"description\":\"Explorez les subtilit\u00e9s de la grammaire norv\u00e9gienne et \u00e9levez vos comp\u00e9tences linguistiques \u00e0 un niveau sup\u00e9rieur.\",\"breadcrumb\":{\"@id\":\"https:\/\/talkpal.ai\/fr\/grammaire-norvegienne\/#breadcrumb\"},\"inLanguage\":\"fr-FR\",\"potentialAction\":[{\"@type\":\"ReadAction\",\"target\":[\"https:\/\/talkpal.ai\/fr\/grammaire-norvegienne\/\"]}]},{\"@type\":\"ImageObject\",\"inLanguage\":\"fr-FR\",\"@id\":\"https:\/\/talkpal.ai\/fr\/grammaire-norvegienne\/#primaryimage\",\"url\":\"https:\/\/talkpal.ai\/wp-content\/uploads\/2023\/05\/norway.png\",\"contentUrl\":\"https:\/\/talkpal.ai\/wp-content\/uploads\/2023\/05\/norway.png\",\"width\":512,\"height\":512},{\"@type\":\"BreadcrumbList\",\"@id\":\"https:\/\/talkpal.ai\/fr\/grammaire-norvegienne\/#breadcrumb\",\"itemListElement\":[{\"@type\":\"ListItem\",\"position\":1,\"name\":\"Homepage\",\"item\":\"https:\/\/talkpal.ai\/fr\/\"},{\"@type\":\"ListItem\",\"position\":2,\"name\":\"Grammaire norv\u00e9gienne\"}]},{\"@type\":\"WebSite\",\"@id\":\"https:\/\/talkpal.ai\/fr\/#website\",\"url\":\"https:\/\/talkpal.ai\/fr\/\",\"name\":\"Talkpal\",\"description\":\"AI Language Learning\",\"publisher\":{\"@id\":\"https:\/\/talkpal.ai\/fr\/#organization\"},\"alternateName\":\"Talkpal AI\",\"potentialAction\":[{\"@type\":\"SearchAction\",\"target\":{\"@type\":\"EntryPoint\",\"urlTemplate\":\"https:\/\/talkpal.ai\/fr\/?s={search_term_string}\"},\"query-input\":{\"@type\":\"PropertyValueSpecification\",\"valueRequired\":true,\"valueName\":\"search_term_string\"}}],\"inLanguage\":\"fr-FR\"},{\"@type\":\"Organization\",\"@id\":\"https:\/\/talkpal.ai\/fr\/#organization\",\"name\":\"Talkpal, Inc.\",\"alternateName\":\"Talkpal AI\",\"url\":\"https:\/\/talkpal.ai\/fr\/\",\"logo\":{\"@type\":\"ImageObject\",\"inLanguage\":\"fr-FR\",\"@id\":\"https:\/\/talkpal.ai\/fr\/#\/schema\/logo\/image\/\",\"url\":\"https:\/\/talkpal.ai\/wp-content\/uploads\/2024\/03\/Talkpal-Logo-Icon.png\",\"contentUrl\":\"https:\/\/talkpal.ai\/wp-content\/uploads\/2024\/03\/Talkpal-Logo-Icon.png\",\"width\":2880,\"height\":2880,\"caption\":\"Talkpal, Inc.\"},\"image\":{\"@id\":\"https:\/\/talkpal.ai\/fr\/#\/schema\/logo\/image\/\"},\"sameAs\":[\"https:\/\/www.facebook.com\/profile.php?id=100090733639311\",\"https:\/\/x.com\/talkpalai\",\"https:\/\/www.linkedin.com\/company\/talkpal\/\",\"https:\/\/www.youtube.com\/@TalkPal\/\",\"https:\/\/www.tiktok.com\/@talkpal\",\"https:\/\/www.instagram.com\/talkpal_ai\/\",\"https:\/\/www.crunchbase.com\/organization\/talkpal-9cde\",\"https:\/\/www.g2.com\/products\/talkpal-for-business\/\",\"https:\/\/www.trustpilot.com\/review\/talkpal.ai\",\"https:\/\/www.capterra.com\/p\/10006800\/TalkPal\/\"],\"description\":\"Talkpal is a language learning web and mobile education app, powered by the latest AI technologies, that provides engaging experiences to its customers in many different languages to help them improve their language skills. Users can chat about unlimited amount of topics with the app and use other modes to practice their language learning.\",\"email\":\"support@talkpal.ai\",\"legalName\":\"Talkpal, Inc.\",\"foundingDate\":\"2023-04-03\",\"duns\":\"118989042\",\"numberOfEmployees\":{\"@type\":\"QuantitativeValue\",\"minValue\":\"11\",\"maxValue\":\"50\"},\"publishingPrinciples\":\"https:\/\/talkpal.ai\/publishing-principles\/\",\"actionableFeedbackPolicy\":\"https:\/\/talkpal.ai\/actionable-feedback-policy\/\",\"correctionsPolicy\":\"https:\/\/talkpal.ai\/corrections-policy\/\",\"ethicsPolicy\":\"https:\/\/talkpal.ai\/ethics-policy\/\",\"diversityPolicy\":\"https:\/\/talkpal.ai\/diversity-policy\/\",\"diversityStaffingReport\":\"https:\/\/talkpal.ai\/diversity-policy\/\"}]}<\/script>\n<!-- \/ Yoast SEO Premium plugin. -->","yoast_head_json":{"title":"Grammaire norv\u00e9gienne - Talkpal","description":"Explorez les subtilit\u00e9s de la grammaire norv\u00e9gienne et \u00e9levez vos comp\u00e9tences linguistiques \u00e0 un niveau sup\u00e9rieur.","robots":{"index":"index","follow":"follow","max-snippet":"max-snippet:-1","max-image-preview":"max-image-preview:large","max-video-preview":"max-video-preview:-1"},"canonical":"https:\/\/talkpal.ai\/fr\/grammaire-norvegienne\/","og_locale":"fr_FR","og_type":"article","og_title":"Grammaire norv\u00e9gienne","og_description":"Plongez dans la grammaire norv\u00e9gienne : un guide complet Le norv\u00e9gien, une langue fascinante et expressive, offre aux apprenants une occasion unique","og_url":"https:\/\/talkpal.ai\/fr\/grammaire-norvegienne\/","og_site_name":"Talkpal","article_publisher":"https:\/\/www.facebook.com\/profile.php?id=100090733639311","article_modified_time":"2025-12-17T17:36:41+00:00","og_image":[{"width":512,"height":512,"url":"https:\/\/talkpal.ai\/wp-content\/uploads\/2023\/05\/norway.png","type":"image\/png"}],"twitter_card":"summary_large_image","twitter_site":"@talkpalai","twitter_misc":{"Dur\u00e9e de lecture estim\u00e9e":"4 minutes"},"schema":{"@context":"https:\/\/schema.org","@graph":[{"@type":"WebPage","@id":"https:\/\/talkpal.ai\/fr\/grammaire-norvegienne\/","url":"https:\/\/talkpal.ai\/fr\/grammaire-norvegienne\/","name":"Grammaire norv\u00e9gienne - Talkpal","isPartOf":{"@id":"https:\/\/talkpal.ai\/fr\/#website"},"primaryImageOfPage":{"@id":"https:\/\/talkpal.ai\/fr\/grammaire-norvegienne\/#primaryimage"},"image":{"@id":"https:\/\/talkpal.ai\/fr\/grammaire-norvegienne\/#primaryimage"},"thumbnailUrl":"https:\/\/talkpal.ai\/wp-content\/uploads\/2023\/05\/norway.png","datePublished":"2023-05-14T14:13:06+00:00","dateModified":"2025-12-17T17:36:41+00:00","description":"Explorez les subtilit\u00e9s de la grammaire norv\u00e9gienne et \u00e9levez vos comp\u00e9tences linguistiques \u00e0 un niveau sup\u00e9rieur.","breadcrumb":{"@id":"https:\/\/talkpal.ai\/fr\/grammaire-norvegienne\/#breadcrumb"},"inLanguage":"fr-FR","potentialAction":[{"@type":"ReadAction","target":["https:\/\/talkpal.ai\/fr\/grammaire-norvegienne\/"]}]},{"@type":"ImageObject","inLanguage":"fr-FR","@id":"https:\/\/talkpal.ai\/fr\/grammaire-norvegienne\/#primaryimage","url":"https:\/\/talkpal.ai\/wp-content\/uploads\/2023\/05\/norway.png","contentUrl":"https:\/\/talkpal.ai\/wp-content\/uploads\/2023\/05\/norway.png","width":512,"height":512},{"@type":"BreadcrumbList","@id":"https:\/\/talkpal.ai\/fr\/grammaire-norvegienne\/#breadcrumb","itemListElement":[{"@type":"ListItem","position":1,"name":"Homepage","item":"https:\/\/talkpal.ai\/fr\/"},{"@type":"ListItem","position":2,"name":"Grammaire norv\u00e9gienne"}]},{"@type":"WebSite","@id":"https:\/\/talkpal.ai\/fr\/#website","url":"https:\/\/talkpal.ai\/fr\/","name":"Talkpal","description":"AI Language Learning","publisher":{"@id":"https:\/\/talkpal.ai\/fr\/#organization"},"alternateName":"Talkpal AI","potentialAction":[{"@type":"SearchAction","target":{"@type":"EntryPoint","urlTemplate":"https:\/\/talkpal.ai\/fr\/?s={search_term_string}"},"query-input":{"@type":"PropertyValueSpecification","valueRequired":true,"valueName":"search_term_string"}}],"inLanguage":"fr-FR"},{"@type":"Organization","@id":"https:\/\/talkpal.ai\/fr\/#organization","name":"Talkpal, Inc.","alternateName":"Talkpal AI","url":"https:\/\/talkpal.ai\/fr\/","logo":{"@type":"ImageObject","inLanguage":"fr-FR","@id":"https:\/\/talkpal.ai\/fr\/#\/schema\/logo\/image\/","url":"https:\/\/talkpal.ai\/wp-content\/uploads\/2024\/03\/Talkpal-Logo-Icon.png","contentUrl":"https:\/\/talkpal.ai\/wp-content\/uploads\/2024\/03\/Talkpal-Logo-Icon.png","width":2880,"height":2880,"caption":"Talkpal, Inc."},"image":{"@id":"https:\/\/talkpal.ai\/fr\/#\/schema\/logo\/image\/"},"sameAs":["https:\/\/www.facebook.com\/profile.php?id=100090733639311","https:\/\/x.com\/talkpalai","https:\/\/www.linkedin.com\/company\/talkpal\/","https:\/\/www.youtube.com\/@TalkPal\/","https:\/\/www.tiktok.com\/@talkpal","https:\/\/www.instagram.com\/talkpal_ai\/","https:\/\/www.crunchbase.com\/organization\/talkpal-9cde","https:\/\/www.g2.com\/products\/talkpal-for-business\/","https:\/\/www.trustpilot.com\/review\/talkpal.ai","https:\/\/www.capterra.com\/p\/10006800\/TalkPal\/"],"description":"Talkpal is a language learning web and mobile education app, powered by the latest AI technologies, that provides engaging experiences to its customers in many different languages to help them improve their language skills. Users can chat about unlimited amount of topics with the app and use other modes to practice their language learning.","email":"support@talkpal.ai","legalName":"Talkpal, Inc.","foundingDate":"2023-04-03","duns":"118989042","numberOfEmployees":{"@type":"QuantitativeValue","minValue":"11","maxValue":"50"},"publishingPrinciples":"https:\/\/talkpal.ai\/publishing-principles\/","actionableFeedbackPolicy":"https:\/\/talkpal.ai\/actionable-feedback-policy\/","correctionsPolicy":"https:\/\/talkpal.ai\/corrections-policy\/","ethicsPolicy":"https:\/\/talkpal.ai\/ethics-policy\/","diversityPolicy":"https:\/\/talkpal.ai\/diversity-policy\/","diversityStaffingReport":"https:\/\/talkpal.ai\/diversity-policy\/"}]}},"_links":{"self":[{"href":"https:\/\/talkpal.ai\/fr\/wp-json\/wp\/v2\/pages\/73580","targetHints":{"allow":["GET"]}}],"collection":[{"href":"https:\/\/talkpal.ai\/fr\/wp-json\/wp\/v2\/pages"}],"about":[{"href":"https:\/\/talkpal.ai\/fr\/wp-json\/wp\/v2\/types\/page"}],"author":[{"embeddable":true,"href":"https:\/\/talkpal.ai\/fr\/wp-json\/wp\/v2\/users\/1"}],"replies":[{"embeddable":true,"href":"https:\/\/talkpal.ai\/fr\/wp-json\/wp\/v2\/comments?post=73580"}],"version-history":[{"count":0,"href":"https:\/\/talkpal.ai\/fr\/wp-json\/wp\/v2\/pages\/73580\/revisions"}],"wp:featuredmedia":[{"embeddable":true,"href":"https:\/\/talkpal.ai\/fr\/wp-json\/wp\/v2\/media\/28540"}],"wp:attachment":[{"href":"https:\/\/talkpal.ai\/fr\/wp-json\/wp\/v2\/media?parent=73580"}],"curies":[{"name":"wp","href":"https:\/\/api.w.org\/{rel}","templated":true}]}}