{"id":73552,"date":"2023-05-14T14:19:49","date_gmt":"2023-05-14T14:19:49","guid":{"rendered":"http:\/\/talkpal.ai\/grammaire-slovaque\/"},"modified":"2025-12-12T11:12:45","modified_gmt":"2025-12-12T11:12:45","slug":"grammaire-slovaque","status":"publish","type":"page","link":"https:\/\/talkpal.ai\/fr\/grammaire-slovaque\/","title":{"rendered":"Grammaire slovaque"},"content":{"rendered":"\r\n\r\n\r\n<section class=\"languageChallengeSection\">\r\n    <div class=\"languageInfoWrapper\">\r\n        \r\n        <h1>Grammaire slovaque<\/h1>\r\n        <p>D\u00e9couvrez la beaut\u00e9 de la langue <a href=\"https:\/\/talkpal.ai\/learn-slovak\/\">slovaque<\/a> en apprenant ses r\u00e8gles de grammaire fondamentales. La compr\u00e9hension de la <a href=\"https:\/\/talkpal.ai\/es\/gramatica-eslovaca\/\">grammaire slovaque<\/a> vous aidera \u00e0 communiquer avec confiance et \u00e0 vous rapprocher des riches traditions de la Slovaquie. Commencez votre voyage aujourd&#039;hui et faites le premier pas vers la ma\u00eetrise du slovaque !\n\n<\/p>\r\n\r\n                            <a class=\"getStartedHidden\" href=\"https:\/\/app.talkpal.ai\/fr\/signup?lng=\">Commencer<\/a>\r\n        \r\n    <\/div>\r\n\r\n    <figure>\r\n    <img decoding=\"async\" width=\"768\" height=\"768\" src=\"https:\/\/talkpal.ai\/wp-content\/uploads\/2023\/06\/slovak-768x768.png\" class=\"languageImage no-lazy\" alt=\"Default alt text\" fetchpriority=\"high\" sizes=\"(max-width: 768px) 150px, 768px\" srcset=\"https:\/\/talkpal.ai\/wp-content\/uploads\/2023\/06\/slovak-768x768.png 768w, https:\/\/talkpal.ai\/wp-content\/uploads\/2023\/06\/slovak-300x300.png 300w\" \/>\r\n    \r\n\r\n    <\/figure>\r\n\r\n            <a class=\"getStartedVisible\" href=\"https:\/\/app.talkpal.ai\/fr\/signup?lng=\">Commencer<\/a>\r\n    \r\n<\/section>\r\n        <section class=\"grammarSection\">\r\n            <div class=\"grammarLinks\">\r\n                <a href=\"https:\/\/talkpal.ai\/fr\/language\/adjectifs-grammaire-slovaque\/\">Adjectifs <\/a><a href=\"https:\/\/talkpal.ai\/fr\/language\/adverbes-grammaire-slovaque\/\">Adverbes <\/a><a href=\"https:\/\/talkpal.ai\/fr\/language\/articles-grammaire-slovaque\/\">Articles <\/a><a href=\"https:\/\/talkpal.ai\/fr\/language\/comparaison-des-temps-grammaire-slovaque\/\">Comparaison des temps <\/a><a href=\"https:\/\/talkpal.ai\/fr\/language\/conditionnels-grammaire-slovaque\/\">Conditionnels <\/a><a href=\"https:\/\/talkpal.ai\/fr\/language\/noms-grammaire-slovaque\/\">Noms <\/a><a href=\"https:\/\/talkpal.ai\/fr\/language\/phrases-grammaire-slovaque\/\">Phrases <\/a><a href=\"https:\/\/talkpal.ai\/fr\/language\/prepositions-grammaire-slovaque\/\">Pr\u00e9positions <\/a><a href=\"https:\/\/talkpal.ai\/fr\/language\/progressif-parfait-grammaire-slovaque\/\">Progressif Parfait <\/a><a href=\"https:\/\/talkpal.ai\/fr\/language\/progressive-grammaire-slovaque\/\">Progressive <\/a><a href=\"https:\/\/talkpal.ai\/fr\/language\/pronoms-determinants-grammaire-slovaque\/\">Pronoms\/D\u00e9terminants <\/a><a href=\"https:\/\/talkpal.ai\/fr\/language\/temps-grammaire-slovaque\/\">Temps <\/a><a href=\"https:\/\/talkpal.ai\/fr\/language\/verbes-grammaire-slovaque\/\">Verbes <\/a>            <\/div>\r\n        <\/section>\r\n    <section class=\"promotionalBanner\">\r\n    <p class=\"promotionalText\">La fa\u00e7on la plus efficace d\u2019apprendre une langue<\/p>\r\n    <a class=\"promotionalLink\" href=\"https:\/\/app.talkpal.ai\/fr\/signup?lng=\">Essayez Talkpal gratuitement<\/a>\r\n<\/section>\n<div class=\"wp-block-group pageContainerStyle\"><div class=\"wp-block-group__inner-container is-layout-constrained wp-block-group-is-layout-constrained\">\n<h2 class=\"wp-block-heading\" id=\"h-slovak-grammar-the-key-to-unlocking-a-beautiful-language\">Grammaire slovaque : la cl\u00e9 pour d\u00e9bloquer une belle langue<\/h2>\n\n\n\n<p>Envisagez-vous d\u2019apprendre le slovaque ou \u00eates-vous simplement curieux de conna\u00eetre sa grammaire unique ? Vous \u00eates au bon endroit ! La <a href=\"https:\/\/talkpal.ai\/es\/gramatica-eslovaca\/\">grammaire slovaque<\/a> peut sembler intimidante \u00e0 premi\u00e8re vue, mais ne vous inqui\u00e9tez pas : elle est <a href=\"https:\/\/talkpal.ai\/culture\/how-do-i-use-en-fait-as-a-common-discourse-marker\/\">en fait<\/a> assez logique et g\u00e9rable. Dans cet article, nous allons explorer les tenants et les aboutissants de la grammaire slovaque pour vous aider \u00e0 mieux comprendre et appr\u00e9cier sa beaut\u00e9.<\/p>\n\n\n\n<p>Commen\u00e7ons par un petit rappel historique. Le slovaque est une langue slave occidentale parl\u00e9e principalement en Slovaquie, mais vous pouvez \u00e9galement trouver des locuteurs dans les pays voisins. En tant que langue slave, elle partage de nombreuses similitudes avec d\u2019autres langues de la r\u00e9gion, comme le <a href=\"https:\/\/talkpal.ai\/learn-czech\/\">tch\u00e8que<\/a> et le <a href=\"https:\/\/talkpal.ai\/learn-polish\/\">polonais<\/a>. Cependant, il a ses propres r\u00e8gles de grammaire et mod\u00e8les d\u2019utilisation distincts qui le distinguent.<\/p>\n\n\n\n<p>Voyons maintenant les aspects les plus importants de la grammaire slovaque.<\/p>\n\n\n\n<h3 class=\"wp-block-heading\" id=\"h-1-nouns-and-their-cases\">1. Les noms et leurs cas<\/h3>\n\n\n\n<p>L\u2019une des caract\u00e9ristiques les plus frappantes de la grammaire slovaque est son syst\u00e8me de cas complexe. Si vous connaissez l&rsquo;allemand ou le <a href=\"https:\/\/talkpal.ai\/learn-russian\/\">russe<\/a>, vous saurez de quoi nous parlons : Les noms slovaques changent de forme selon leur fonction dans la phrase. Avec sept cas (nominatif, g\u00e9nitif, datif, accusatif, locatif, instrumental et vocatif), la t\u00e2che peut sembler insurmontable au premier abord, mais n&rsquo;abandonnez pas ! Une fois que vous avez pris le coup de main, c&rsquo;est incroyablement logique et m\u00eame amusant.<\/p>\n\n\n\n<p>Prenez par exemple le nom \u00ab\u00a0chlapec\u00a0\u00bb (gar\u00e7on). Il peut se transformer en \u00ab\u00a0chlapca\u00a0\u00bb, \u00ab\u00a0chlapcovi\u00a0\u00bb, \u00ab\u00a0chlapcom\u00a0\u00bb, etc., selon qu&rsquo;il est le sujet, l&rsquo;objet ou le destinataire d&rsquo;une action. Les terminaisons d\u00e9pendent \u00e9galement du genre du nom (masculin, f\u00e9minin ou neutre), ce qui donne encore plus de vari\u00e9t\u00e9 \u00e0 la langue.<\/p>\n\n\n\n<h3 class=\"wp-block-heading\" id=\"h-2-verb-conjugation-and-tenses\">2. Conjugaison et temps des verbes<\/h3>\n\n\n\n<p>Les verbes slovaques changent de terminaison en fonction de la personne et du nombre (singulier ou pluriel) du sujet. Par exemple, le verbe \u00ab\u00a0vidie\u0165\u00a0\u00bb (voir) peut devenir \u00ab\u00a0vid\u00edm\u00a0\u00bb (je vois), \u00ab\u00a0vid\u00ed\u0161\u00a0\u00bb (vous voyez), \u00ab\u00a0vidia\u00a0\u00bb (ils voient), etc.<\/p>\n\n\n\n<p>Le slovaque a trois temps principaux : pass\u00e9, pr\u00e9sent et futur. Ce qui est int\u00e9ressant, c\u2019est que, contrairement \u00e0 l\u2019anglais, le slovaque n\u2019utilise g\u00e9n\u00e9ralement pas de verbes auxiliaires pour former ces temps. Au lieu de cela, ils sont form\u00e9s en changeant les terminaisons verbales. Par exemple, \u00ab\u00a0je vois\u00a0\u00bb est \u00ab\u00a0vid\u00edm\u00a0\u00bb, \u00ab\u00a0j&rsquo;ai vu\u00a0\u00bb est \u00ab\u00a0videl som\u00a0\u00bb et \u00ab\u00a0je verrai\u00a0\u00bb est \u00ab\u00a0uvid\u00edm\u00a0\u00bb.<\/p>\n\n\n\n<h3 class=\"wp-block-heading\" id=\"h-3-sentence-structure-and-word-order\">3. Structure des phrases et ordre des mots<\/h3>\n\n\n\n<p>Le slovaque a un ordre des mots relativement flexible, gr\u00e2ce \u00e0 son syst\u00e8me de conjugaison des noms et des verbes. Par exemple, \u00ab\u00a0chlapec vid\u00ed psa\u00a0\u00bb (le gar\u00e7on voit le chien) peut aussi \u00eatre \u00ab\u00a0psa vid\u00ed chlapec\u00a0\u00bb et conserver le m\u00eame sens.<\/p>\n\n\n\n<p>Cela dit, l\u2019ordre des mots le plus courant en slovaque est sujet-verbe-objet ou SVO. Cette m\u00e9thode est similaire \u00e0 celle de l&rsquo;anglais et constitue un excellent point de d\u00e9part pour les apprenants. Au fur et \u00e0 mesure que vous vous familiarisez avec la langue, vous pouvez exp\u00e9rimenter diff\u00e9rents ordres de mots pour ajouter de l\u2019emphase ou des nuances \u00e0 vos phrases.<\/p>\n\n\n\n<h3 class=\"wp-block-heading\" id=\"h-4-adjectives-and-adverbs\">4. Adjectifs et adverbes<\/h3>\n\n\n\n<p>Comme dans de nombreuses autres langues, les adjectifs et les adverbes en slovaque sont utilis\u00e9s pour d\u00e9crire les noms et les verbes. Cependant, ils ont \u00e9galement leurs propres r\u00e8gles d\u2019accord de cas et d\u2019accord de genre, ce qui peut rendre les choses un peu plus compliqu\u00e9es. Heureusement, une fois que vous ma\u00eetriserez les cas des noms et la conjugaison des verbes, ces r\u00e8gles viendront plus naturellement.<\/p>\n\n\n\n<p>Alors, \u00eates-vous pr\u00eat \u00e0 vous attaquer \u00e0 la grammaire slovaque ? Avec le bon \u00e9tat d\u2019esprit et les bonnes ressources, <a href=\"https:\/\/talkpal.ai\/fr\/livres-pour-apprendre-le-slovaque\/\">apprendre le slovaque<\/a> est une exp\u00e9rience enrichissante qui peut ouvrir les portes d\u2019une culture riche et d\u2019un beau pays. Proc\u00e9dez \u00e9tape par \u00e9tape, pratiquez r\u00e9guli\u00e8rement et n&rsquo;ayez pas peur de faire des erreurs &#8211; c&rsquo;est ainsi que nous apprenons tous, apr\u00e8s tout. Ve\u013ea \u0161\u0165astia\u00a0! (Bonne chance !)<\/p>\n<\/div><\/div>\n\r\n<section class=\"learnNavigationSection\">\r\n            \r\n        <a href=\"https:\/\/talkpal.ai\/fr\/apprendre-le-slovaque\/\">\r\n            <div class=\"learnNavigationWrapper\">\r\n                <div class=\"learnNavigationContent\">\r\n                    <img decoding=\"async\" src=\"https:\/\/talkpal.ai\/wp-content\/uploads\/2024\/08\/Slovak.jpg\" alt=\"Slovak Flag\">\r\n                    <div>\r\n                        <h4>\u00c0 propos de l&#039;apprentissage du slovaque<\/h4>\r\n                        <p>Tout savoir sur la grammaire slovaque.<\/p>\r\n                    <\/div>\r\n                <\/div>\r\n            <\/div>\r\n        <\/a>\r\n\r\n        \r\n        <a href=\"https:\/\/talkpal.ai\/fr\/exercices-de-grammaire-slovaque\/\">\r\n            <div class=\"learnNavigationWrapper\">\r\n                <div class=\"learnNavigationContent\">\r\n                    <img decoding=\"async\" src=\"https:\/\/talkpal.ai\/wp-content\/uploads\/2024\/08\/Slovak.jpg\" alt=\"Slovak Flag\">\r\n                    <div>\r\n                        <h4>Exercice de grammaire slovaque<\/h4>\r\n                        <p>Pratiquez la grammaire slovaque.<\/p>\r\n                    <\/div>\r\n                <\/div>\r\n            <\/div>\r\n        <\/a>\r\n\r\n        \r\n        <a href=\"https:\/\/talkpal.ai\/vocabulary_language\/slovak\/\">\r\n            <div class=\"learnNavigationWrapper\">\r\n                <div class=\"learnNavigationContent\">\r\n                    <img decoding=\"async\" src=\"https:\/\/talkpal.ai\/wp-content\/uploads\/2024\/08\/Slovak.jpg\" alt=\"Slovak Flag\">\r\n                    <div>\r\n                        <h4>Vocabulaire slovaque<\/h4>\r\n                        <p>\u00c9largissez votre vocabulaire slovaque.<\/p>\r\n                    <\/div>\r\n                <\/div>\r\n            <\/div>\r\n        <\/a>\r\n\r\n            <\/section>","protected":false},"excerpt":{"rendered":"<p>Grammaire slovaque : la cl\u00e9 pour d\u00e9bloquer une belle langue Envisagez-vous d\u2019apprendre le slovaque ou \u00eates-vous simplement curieux de conna\u00eetre sa grammaire unique ? Vous \u00eates au bon endroit ! La grammaire slovaque peut sembler intimidante \u00e0 premi\u00e8re vue, mais ne vous inqui\u00e9tez pas : elle est en fait assez logique et g\u00e9rable. Dans cet [&hellip;]<\/p>\n","protected":false},"author":1,"featured_media":28636,"parent":0,"menu_order":0,"comment_status":"closed","ping_status":"closed","template":"LearningContentPage.php","meta":{"_acf_changed":false,"footnotes":""},"class_list":["post-73552","page","type-page","status-publish","has-post-thumbnail","hentry"],"acf":[],"yoast_head":"<!-- This site is optimized with the Yoast SEO Premium plugin v27.2 (Yoast SEO v27.2) - https:\/\/yoast.com\/product\/yoast-seo-premium-wordpress\/ -->\n<title>Grammaire slovaque - Talkpal<\/title>\n<meta name=\"description\" content=\"Ma\u00eetrisez la grammaire slovaque gr\u00e2ce \u00e0 des explications claires, des exemples pratiques et des exercices interactifs. Am\u00e9liorez vos comp\u00e9tences !\" \/>\n<meta name=\"robots\" content=\"index, follow, max-snippet:-1, max-image-preview:large, max-video-preview:-1\" \/>\n<link rel=\"canonical\" href=\"https:\/\/talkpal.ai\/fr\/grammaire-slovaque\/\" \/>\n<meta property=\"og:locale\" content=\"fr_FR\" \/>\n<meta property=\"og:type\" content=\"article\" \/>\n<meta property=\"og:title\" content=\"Grammaire slovaque\" \/>\n<meta property=\"og:description\" content=\"Grammaire slovaque : la cl\u00e9 pour d\u00e9bloquer une belle langue Envisagez-vous d\u2019apprendre le slovaque ou \u00eates-vous simplement curieux de conna\u00eetre sa\" \/>\n<meta property=\"og:url\" content=\"https:\/\/talkpal.ai\/fr\/grammaire-slovaque\/\" \/>\n<meta property=\"og:site_name\" content=\"Talkpal\" \/>\n<meta property=\"article:publisher\" content=\"https:\/\/www.facebook.com\/profile.php?id=100090733639311\" \/>\n<meta property=\"article:modified_time\" content=\"2025-12-12T11:12:45+00:00\" \/>\n<meta property=\"og:image\" content=\"https:\/\/talkpal.ai\/wp-content\/uploads\/2023\/05\/slovakia.png\" \/>\n\t<meta property=\"og:image:width\" content=\"512\" \/>\n\t<meta property=\"og:image:height\" content=\"512\" \/>\n\t<meta property=\"og:image:type\" content=\"image\/png\" \/>\n<meta name=\"twitter:card\" content=\"summary_large_image\" \/>\n<meta name=\"twitter:site\" content=\"@talkpalai\" \/>\n<meta name=\"twitter:label1\" content=\"Dur\u00e9e de lecture estim\u00e9e\" \/>\n\t<meta name=\"twitter:data1\" content=\"3 minutes\" \/>\n<script type=\"application\/ld+json\" class=\"yoast-schema-graph\">{\"@context\":\"https:\/\/schema.org\",\"@graph\":[{\"@type\":\"WebPage\",\"@id\":\"https:\/\/talkpal.ai\/fr\/grammaire-slovaque\/\",\"url\":\"https:\/\/talkpal.ai\/fr\/grammaire-slovaque\/\",\"name\":\"Grammaire slovaque - Talkpal\",\"isPartOf\":{\"@id\":\"https:\/\/talkpal.ai\/fr\/#website\"},\"primaryImageOfPage\":{\"@id\":\"https:\/\/talkpal.ai\/fr\/grammaire-slovaque\/#primaryimage\"},\"image\":{\"@id\":\"https:\/\/talkpal.ai\/fr\/grammaire-slovaque\/#primaryimage\"},\"thumbnailUrl\":\"https:\/\/talkpal.ai\/wp-content\/uploads\/2023\/05\/slovakia.png\",\"datePublished\":\"2023-05-14T14:19:49+00:00\",\"dateModified\":\"2025-12-12T11:12:45+00:00\",\"description\":\"Ma\u00eetrisez la grammaire slovaque gr\u00e2ce \u00e0 des explications claires, des exemples pratiques et des exercices interactifs. Am\u00e9liorez vos comp\u00e9tences !\",\"breadcrumb\":{\"@id\":\"https:\/\/talkpal.ai\/fr\/grammaire-slovaque\/#breadcrumb\"},\"inLanguage\":\"fr-FR\",\"potentialAction\":[{\"@type\":\"ReadAction\",\"target\":[\"https:\/\/talkpal.ai\/fr\/grammaire-slovaque\/\"]}]},{\"@type\":\"ImageObject\",\"inLanguage\":\"fr-FR\",\"@id\":\"https:\/\/talkpal.ai\/fr\/grammaire-slovaque\/#primaryimage\",\"url\":\"https:\/\/talkpal.ai\/wp-content\/uploads\/2023\/05\/slovakia.png\",\"contentUrl\":\"https:\/\/talkpal.ai\/wp-content\/uploads\/2023\/05\/slovakia.png\",\"width\":512,\"height\":512},{\"@type\":\"BreadcrumbList\",\"@id\":\"https:\/\/talkpal.ai\/fr\/grammaire-slovaque\/#breadcrumb\",\"itemListElement\":[{\"@type\":\"ListItem\",\"position\":1,\"name\":\"Homepage\",\"item\":\"https:\/\/talkpal.ai\/fr\/\"},{\"@type\":\"ListItem\",\"position\":2,\"name\":\"Grammaire slovaque\"}]},{\"@type\":\"WebSite\",\"@id\":\"https:\/\/talkpal.ai\/fr\/#website\",\"url\":\"https:\/\/talkpal.ai\/fr\/\",\"name\":\"Talkpal\",\"description\":\"AI Language Learning\",\"publisher\":{\"@id\":\"https:\/\/talkpal.ai\/fr\/#organization\"},\"alternateName\":\"Talkpal AI\",\"potentialAction\":[{\"@type\":\"SearchAction\",\"target\":{\"@type\":\"EntryPoint\",\"urlTemplate\":\"https:\/\/talkpal.ai\/fr\/?s={search_term_string}\"},\"query-input\":{\"@type\":\"PropertyValueSpecification\",\"valueRequired\":true,\"valueName\":\"search_term_string\"}}],\"inLanguage\":\"fr-FR\"},{\"@type\":\"Organization\",\"@id\":\"https:\/\/talkpal.ai\/fr\/#organization\",\"name\":\"Talkpal, Inc.\",\"alternateName\":\"Talkpal AI\",\"url\":\"https:\/\/talkpal.ai\/fr\/\",\"logo\":{\"@type\":\"ImageObject\",\"inLanguage\":\"fr-FR\",\"@id\":\"https:\/\/talkpal.ai\/fr\/#\/schema\/logo\/image\/\",\"url\":\"https:\/\/talkpal.ai\/wp-content\/uploads\/2024\/03\/Talkpal-Logo-Icon.png\",\"contentUrl\":\"https:\/\/talkpal.ai\/wp-content\/uploads\/2024\/03\/Talkpal-Logo-Icon.png\",\"width\":2880,\"height\":2880,\"caption\":\"Talkpal, Inc.\"},\"image\":{\"@id\":\"https:\/\/talkpal.ai\/fr\/#\/schema\/logo\/image\/\"},\"sameAs\":[\"https:\/\/www.facebook.com\/profile.php?id=100090733639311\",\"https:\/\/x.com\/talkpalai\",\"https:\/\/www.linkedin.com\/company\/talkpal\/\",\"https:\/\/www.youtube.com\/@TalkPal\/\",\"https:\/\/www.tiktok.com\/@talkpal\",\"https:\/\/www.instagram.com\/talkpal_ai\/\",\"https:\/\/www.crunchbase.com\/organization\/talkpal-9cde\",\"https:\/\/www.g2.com\/products\/talkpal-for-business\/\",\"https:\/\/www.trustpilot.com\/review\/talkpal.ai\",\"https:\/\/www.capterra.com\/p\/10006800\/TalkPal\/\"],\"description\":\"Talkpal is a language learning web and mobile education app, powered by the latest AI technologies, that provides engaging experiences to its customers in many different languages to help them improve their language skills. Users can chat about unlimited amount of topics with the app and use other modes to practice their language learning.\",\"email\":\"support@talkpal.ai\",\"legalName\":\"Talkpal, Inc.\",\"foundingDate\":\"2023-04-03\",\"duns\":\"118989042\",\"numberOfEmployees\":{\"@type\":\"QuantitativeValue\",\"minValue\":\"11\",\"maxValue\":\"50\"},\"publishingPrinciples\":\"https:\/\/talkpal.ai\/publishing-principles\/\",\"actionableFeedbackPolicy\":\"https:\/\/talkpal.ai\/actionable-feedback-policy\/\",\"correctionsPolicy\":\"https:\/\/talkpal.ai\/corrections-policy\/\",\"ethicsPolicy\":\"https:\/\/talkpal.ai\/ethics-policy\/\",\"diversityPolicy\":\"https:\/\/talkpal.ai\/diversity-policy\/\",\"diversityStaffingReport\":\"https:\/\/talkpal.ai\/diversity-policy\/\"}]}<\/script>\n<!-- \/ Yoast SEO Premium plugin. -->","yoast_head_json":{"title":"Grammaire slovaque - Talkpal","description":"Ma\u00eetrisez la grammaire slovaque gr\u00e2ce \u00e0 des explications claires, des exemples pratiques et des exercices interactifs. Am\u00e9liorez vos comp\u00e9tences !","robots":{"index":"index","follow":"follow","max-snippet":"max-snippet:-1","max-image-preview":"max-image-preview:large","max-video-preview":"max-video-preview:-1"},"canonical":"https:\/\/talkpal.ai\/fr\/grammaire-slovaque\/","og_locale":"fr_FR","og_type":"article","og_title":"Grammaire slovaque","og_description":"Grammaire slovaque : la cl\u00e9 pour d\u00e9bloquer une belle langue Envisagez-vous d\u2019apprendre le slovaque ou \u00eates-vous simplement curieux de conna\u00eetre sa","og_url":"https:\/\/talkpal.ai\/fr\/grammaire-slovaque\/","og_site_name":"Talkpal","article_publisher":"https:\/\/www.facebook.com\/profile.php?id=100090733639311","article_modified_time":"2025-12-12T11:12:45+00:00","og_image":[{"width":512,"height":512,"url":"https:\/\/talkpal.ai\/wp-content\/uploads\/2023\/05\/slovakia.png","type":"image\/png"}],"twitter_card":"summary_large_image","twitter_site":"@talkpalai","twitter_misc":{"Dur\u00e9e de lecture estim\u00e9e":"3 minutes"},"schema":{"@context":"https:\/\/schema.org","@graph":[{"@type":"WebPage","@id":"https:\/\/talkpal.ai\/fr\/grammaire-slovaque\/","url":"https:\/\/talkpal.ai\/fr\/grammaire-slovaque\/","name":"Grammaire slovaque - Talkpal","isPartOf":{"@id":"https:\/\/talkpal.ai\/fr\/#website"},"primaryImageOfPage":{"@id":"https:\/\/talkpal.ai\/fr\/grammaire-slovaque\/#primaryimage"},"image":{"@id":"https:\/\/talkpal.ai\/fr\/grammaire-slovaque\/#primaryimage"},"thumbnailUrl":"https:\/\/talkpal.ai\/wp-content\/uploads\/2023\/05\/slovakia.png","datePublished":"2023-05-14T14:19:49+00:00","dateModified":"2025-12-12T11:12:45+00:00","description":"Ma\u00eetrisez la grammaire slovaque gr\u00e2ce \u00e0 des explications claires, des exemples pratiques et des exercices interactifs. Am\u00e9liorez vos comp\u00e9tences !","breadcrumb":{"@id":"https:\/\/talkpal.ai\/fr\/grammaire-slovaque\/#breadcrumb"},"inLanguage":"fr-FR","potentialAction":[{"@type":"ReadAction","target":["https:\/\/talkpal.ai\/fr\/grammaire-slovaque\/"]}]},{"@type":"ImageObject","inLanguage":"fr-FR","@id":"https:\/\/talkpal.ai\/fr\/grammaire-slovaque\/#primaryimage","url":"https:\/\/talkpal.ai\/wp-content\/uploads\/2023\/05\/slovakia.png","contentUrl":"https:\/\/talkpal.ai\/wp-content\/uploads\/2023\/05\/slovakia.png","width":512,"height":512},{"@type":"BreadcrumbList","@id":"https:\/\/talkpal.ai\/fr\/grammaire-slovaque\/#breadcrumb","itemListElement":[{"@type":"ListItem","position":1,"name":"Homepage","item":"https:\/\/talkpal.ai\/fr\/"},{"@type":"ListItem","position":2,"name":"Grammaire slovaque"}]},{"@type":"WebSite","@id":"https:\/\/talkpal.ai\/fr\/#website","url":"https:\/\/talkpal.ai\/fr\/","name":"Talkpal","description":"AI Language Learning","publisher":{"@id":"https:\/\/talkpal.ai\/fr\/#organization"},"alternateName":"Talkpal AI","potentialAction":[{"@type":"SearchAction","target":{"@type":"EntryPoint","urlTemplate":"https:\/\/talkpal.ai\/fr\/?s={search_term_string}"},"query-input":{"@type":"PropertyValueSpecification","valueRequired":true,"valueName":"search_term_string"}}],"inLanguage":"fr-FR"},{"@type":"Organization","@id":"https:\/\/talkpal.ai\/fr\/#organization","name":"Talkpal, Inc.","alternateName":"Talkpal AI","url":"https:\/\/talkpal.ai\/fr\/","logo":{"@type":"ImageObject","inLanguage":"fr-FR","@id":"https:\/\/talkpal.ai\/fr\/#\/schema\/logo\/image\/","url":"https:\/\/talkpal.ai\/wp-content\/uploads\/2024\/03\/Talkpal-Logo-Icon.png","contentUrl":"https:\/\/talkpal.ai\/wp-content\/uploads\/2024\/03\/Talkpal-Logo-Icon.png","width":2880,"height":2880,"caption":"Talkpal, Inc."},"image":{"@id":"https:\/\/talkpal.ai\/fr\/#\/schema\/logo\/image\/"},"sameAs":["https:\/\/www.facebook.com\/profile.php?id=100090733639311","https:\/\/x.com\/talkpalai","https:\/\/www.linkedin.com\/company\/talkpal\/","https:\/\/www.youtube.com\/@TalkPal\/","https:\/\/www.tiktok.com\/@talkpal","https:\/\/www.instagram.com\/talkpal_ai\/","https:\/\/www.crunchbase.com\/organization\/talkpal-9cde","https:\/\/www.g2.com\/products\/talkpal-for-business\/","https:\/\/www.trustpilot.com\/review\/talkpal.ai","https:\/\/www.capterra.com\/p\/10006800\/TalkPal\/"],"description":"Talkpal is a language learning web and mobile education app, powered by the latest AI technologies, that provides engaging experiences to its customers in many different languages to help them improve their language skills. Users can chat about unlimited amount of topics with the app and use other modes to practice their language learning.","email":"support@talkpal.ai","legalName":"Talkpal, Inc.","foundingDate":"2023-04-03","duns":"118989042","numberOfEmployees":{"@type":"QuantitativeValue","minValue":"11","maxValue":"50"},"publishingPrinciples":"https:\/\/talkpal.ai\/publishing-principles\/","actionableFeedbackPolicy":"https:\/\/talkpal.ai\/actionable-feedback-policy\/","correctionsPolicy":"https:\/\/talkpal.ai\/corrections-policy\/","ethicsPolicy":"https:\/\/talkpal.ai\/ethics-policy\/","diversityPolicy":"https:\/\/talkpal.ai\/diversity-policy\/","diversityStaffingReport":"https:\/\/talkpal.ai\/diversity-policy\/"}]}},"_links":{"self":[{"href":"https:\/\/talkpal.ai\/fr\/wp-json\/wp\/v2\/pages\/73552","targetHints":{"allow":["GET"]}}],"collection":[{"href":"https:\/\/talkpal.ai\/fr\/wp-json\/wp\/v2\/pages"}],"about":[{"href":"https:\/\/talkpal.ai\/fr\/wp-json\/wp\/v2\/types\/page"}],"author":[{"embeddable":true,"href":"https:\/\/talkpal.ai\/fr\/wp-json\/wp\/v2\/users\/1"}],"replies":[{"embeddable":true,"href":"https:\/\/talkpal.ai\/fr\/wp-json\/wp\/v2\/comments?post=73552"}],"version-history":[{"count":0,"href":"https:\/\/talkpal.ai\/fr\/wp-json\/wp\/v2\/pages\/73552\/revisions"}],"wp:featuredmedia":[{"embeddable":true,"href":"https:\/\/talkpal.ai\/fr\/wp-json\/wp\/v2\/media\/28636"}],"wp:attachment":[{"href":"https:\/\/talkpal.ai\/fr\/wp-json\/wp\/v2\/media?parent=73552"}],"curies":[{"name":"wp","href":"https:\/\/api.w.org\/{rel}","templated":true}]}}