{"id":73480,"date":"2023-05-14T14:24:42","date_gmt":"2023-05-14T14:24:42","guid":{"rendered":"http:\/\/talkpal.ai\/grammaire-thailandaise\/"},"modified":"2025-12-13T15:48:52","modified_gmt":"2025-12-13T15:48:52","slug":"grammaire-thailandaise","status":"publish","type":"page","link":"https:\/\/talkpal.ai\/fr\/grammaire-thailandaise\/","title":{"rendered":"Grammaire tha\u00eflandaise"},"content":{"rendered":"\r\n\r\n\r\n<section class=\"languageChallengeSection\">\r\n    <div class=\"languageInfoWrapper\">\r\n        \r\n        <h1>Grammaire tha\u00eflandaise<\/h1>\r\n        <p>Apprenez la <a href=\"https:\/\/talkpal.ai\/thai-grammar\/\">grammaire tha\u00eflandaise<\/a> et d\u00e9couvrez la beaut\u00e9 d&#039;une langue \u00e0 la fois logique et expressive. Commencez votre voyage et ouvrez la porte \u00e0 une fascinante fa\u00e7on de penser et de parler !<\/p>\r\n\r\n                            <a class=\"getStartedHidden\" href=\"https:\/\/app.talkpal.ai\/fr\/signup?lng=\">Commencer<\/a>\r\n        \r\n    <\/div>\r\n\r\n    <figure>\r\n    <img decoding=\"async\" width=\"768\" height=\"768\" src=\"https:\/\/talkpal.ai\/wp-content\/uploads\/2023\/06\/thai-768x768.png\" class=\"languageImage no-lazy\" alt=\"Default alt text\" fetchpriority=\"high\" sizes=\"(max-width: 768px) 150px, 768px\" srcset=\"https:\/\/talkpal.ai\/wp-content\/uploads\/2023\/06\/thai-768x768.png 768w, https:\/\/talkpal.ai\/wp-content\/uploads\/2023\/06\/thai-300x300.png 300w\" \/>\r\n    \r\n\r\n    <\/figure>\r\n\r\n            <a class=\"getStartedVisible\" href=\"https:\/\/app.talkpal.ai\/fr\/signup?lng=\">Commencer<\/a>\r\n    \r\n<\/section>\r\n        <section class=\"grammarSection\">\r\n            <div class=\"grammarLinks\">\r\n                <a href=\"https:\/\/talkpal.ai\/fr\/language\/adjectifs-grammaire-thailandaise\/\">Adjectifs <\/a><a href=\"https:\/\/talkpal.ai\/fr\/language\/adverbes-grammaire-thailandaise\/\">Adverbes <\/a><a href=\"https:\/\/talkpal.ai\/fr\/language\/articles-grammaire-thailandaise\/\">Articles <\/a><a href=\"https:\/\/talkpal.ai\/fr\/language\/comparaison-des-temps-grammaire-thailandaise\/\">Comparaison des temps <\/a><a href=\"https:\/\/talkpal.ai\/fr\/language\/conditionnels-grammaire-thailandaise\/\">Conditionnels <\/a><a href=\"https:\/\/talkpal.ai\/fr\/language\/noms-grammaire-thailandaise\/\">Noms <\/a><a href=\"https:\/\/talkpal.ai\/fr\/language\/phrases-grammaire-thailandaise\/\">Phrases <\/a><a href=\"https:\/\/talkpal.ai\/fr\/language\/prepositions-grammaire-thailandaise\/\">Pr\u00e9positions <\/a><a href=\"https:\/\/talkpal.ai\/fr\/language\/progressif-grammaire-thailandaise\/\">Progressif <\/a><a href=\"https:\/\/talkpal.ai\/fr\/language\/progressif-parfait-grammaire-thailandaise\/\">Progressif Parfait <\/a><a href=\"https:\/\/talkpal.ai\/fr\/language\/pronoms-determinants-grammaire-thailandaise\/\">Pronoms\/D\u00e9terminants <\/a><a href=\"https:\/\/talkpal.ai\/fr\/language\/temps-grammaire-thailandaise\/\">Temps <\/a><a href=\"https:\/\/talkpal.ai\/fr\/language\/verbes-grammaire-thailandaise\/\">Verbes <\/a>            <\/div>\r\n        <\/section>\r\n    <section class=\"promotionalBanner\">\r\n    <p class=\"promotionalText\">La fa\u00e7on la plus efficace d\u2019apprendre une langue<\/p>\r\n    <a class=\"promotionalLink\" href=\"https:\/\/app.talkpal.ai\/fr\/signup?lng=\">Essayez Talkpal gratuitement<\/a>\r\n<\/section>\n<div class=\"wp-block-group pageContainerStyle\"><div class=\"wp-block-group__inner-container is-layout-constrained wp-block-group-is-layout-constrained\">\n<h2 class=\"wp-block-heading\" id=\"h-thai-grammar-exploring-a-unique-linguistic-world\">Grammaire tha\u00eflandaise : \u00e0 la d\u00e9couverte d\u2019un monde linguistique unique<\/h2>\n\n\n\n<p>La <a href=\"https:\/\/talkpal.ai\/thai-grammar\/\">grammaire tha\u00eflandaise<\/a> &#8211; apparemment \u00e9nigmatique, exotique et captivante. Alors que vous vous lancez dans l\u2019apprentissage de la langue tha\u00eflandaise, vous pourriez \u00eatre subjugu\u00e9 par sa grammaire. N\u2019ayez crainte, chers explorateurs linguistiques ! Nous sommes l\u00e0 pour vous guider et vous accompagner dans cette aventure fascinante !<\/p>\n\n\n\n<p>Dans cet article, nous nous penchons sur les aspects fondamentaux de la grammaire tha\u00eflandaise, en d\u00e9composant les concepts cl\u00e9s, en expliquant les r\u00e8gles et m\u00eame en simplifiant les complexit\u00e9s. Rejoignez-nous alors que nous levons le voile sur la grammaire tha\u00eflandaise et enflammez votre passion pour cette langue merveilleusement unique !<\/p>\n\n\n\n<h3 class=\"wp-block-heading\" id=\"h-1-nouns-no-plurals-no-genders-no-worries\">1. Noms : pas de pluriels, pas de genres, pas de soucis !<\/h3>\n\n\n\n<p>La beaut\u00e9 de la grammaire tha\u00eflandaise r\u00e9side dans sa simplicit\u00e9 concernant les noms. Les noms <a href=\"https:\/\/talkpal.ai\/learn-thai\/\">tha\u00eflandais<\/a> n\u2019ont pas de genre ou de formes plurielles, ce qui les rend faciles \u00e0 utiliser et \u00e0 comprendre. Pour indiquer la pluralit\u00e9, il suffit d&rsquo;ajouter un mot de quantit\u00e9 comme \u00ab\u00a0beaucoup\u00a0\u00bb (\u0e21\u0e32\u0e01, m\u00e2ak) ou \u00ab\u00a0certains\u00a0\u00bb (\u0e1a\u0e49\u0e32\u0e07, b\u00e2ang) ou de r\u00e9p\u00e9ter le nom pour souligner le <a href=\"https:\/\/talkpal.ai\/locations\/language-courses-in-sens\/\">sens<\/a> du <a href=\"https:\/\/talkpal.ai\/ar\/grammar_exercises\/pluriel-%d8%aa%d9%85%d8%a7%d8%b1%d9%8a%d9%86-%d9%84%d9%84%d9%82%d9%88%d8%a7%d8%b9%d8%af-%d8%a7%d9%84%d9%81%d8%b1%d9%86%d8%b3%d9%8a%d8%a9\/\">pluriel<\/a>.<\/p>\n\n\n\n<h3 class=\"wp-block-heading\" id=\"h-2-pronouns-choose-wisely-based-on-politeness\">2. Les pronoms : choisissez judicieusement en fonction de la politesse<\/h3>\n\n\n\n<p>Le choix du pronom appropri\u00e9 est essentiel dans la grammaire tha\u00eflandaise pour faire preuve de respect et d\u2019humilit\u00e9. Les pronoms tha\u00eflandais varient en fonction du sexe, de l&rsquo;\u00e2ge et de la relation du locuteur et de l&rsquo;auditeur. Par exemple, \u00ab\u00a0\u0e09\u0e31\u0e19\u00a0\u00bb (ch\u0103n) est un pronom informel courant \u00e0 la premi\u00e8re personne, tandis que \u00ab\u00a0\u0e1c\u0e21\u00a0\u00bb (p\u014fm) est fr\u00e9quemment utilis\u00e9 par les hommes dans des situations plus formelles.<\/p>\n\n\n\n<p>Par politesse, utilisez \u00ab\u00a0\u0e04\u0e38\u0e13\u00a0\u00bb (kun) pour \u00ab\u00a0vous\u00a0\u00bb et \u00ab\u00a0\u0e40\u0e02\u0e32\u00a0\u00bb (k\u0103o) pour \u00ab\u00a0ils\/elles\u00a0\u00bb.<\/p>\n\n\n\n<h3 class=\"wp-block-heading\" id=\"h-3-verbs-no-conjugation-or-tenses-only-particles\">3. Verbes : pas de conjugaison ni de temps, seulement des particules<\/h3>\n\n\n\n<p>Dans la grammaire tha\u00eflandaise, les verbes restent inchang\u00e9s quel que soit le <a href=\"https:\/\/talkpal.ai\/zh-hans\/grammar_exercises\/temps-%e6%b3%95%e8%af%ad%e8%af%ad%e6%b3%95%e7%bb%83%e4%b9%a0\/\">temps<\/a>, l\u2019humeur ou le sujet. Au lieu de cela, le tha\u00ef s\u2019appuie sur des mots simples connus sous le nom de particules pour indiquer le temps ou l\u2019attitude de la phrase. Ces particules sont plac\u00e9es \u00e0 la <a href=\"https:\/\/talkpal.ai\/learn-finnish\/\">fin<\/a> de la phrase.<\/p>\n\n\n\n<p>Par exemple, la particule \u00ab\u00a0\u0e41\u0e25\u0e49\u0e27\u00a0\u00bb (l\u00e1ew) indique le pass\u00e9 ou une action achev\u00e9e, et \u00ab\u00a0\u0e01\u0e33\u0e25\u0e31\u0e07\u00a0\u00bb (gam-lang) est utilis\u00e9e pour les actions en <a href=\"https:\/\/talkpal.ai\/courses\/\">cours<\/a>. Par cons\u00e9quent, \u00ab\u00a0\u0e40\u0e02\u0e32\u0e01\u0e34\u0e19\u00a0\u00bb (k\u0103o gin) signifie \u00ab\u00a0il\/elle mange\u00a0\u00bb, tandis que \u00ab\u00a0\u0e40\u0e02\u0e32\u0e01\u0e34\u0e19\u0e41\u0e25\u0e49\u0e27\u00a0\u00bb (k\u0103o gin l\u00e1ew) signifie \u00ab\u00a0il\/elle a mang\u00e9\u00a0\u00bb.<\/p>\n\n\n\n<h3 class=\"wp-block-heading\" id=\"h-4-sentence-structure-clear-and-straightforward\">4. Structure de la phrase : claire et directe<\/h3>\n\n\n\n<p>La grammaire tha\u00eflandaise suit une structure de phrase sujet-verbe-objet (SVO), similaire \u00e0 l\u2019anglais, ce qui simplifie la compr\u00e9hension pour les anglophones. La r\u00e8gle principale est que les adjectifs, adverbes et autres mots descriptifs suivent le nom ou le verbe qu\u2019ils d\u00e9crivent.<\/p>\n\n\n\n<p>Par exemple, \u00ab\u00a0\u0e1c\u0e21\u0e0a\u0e2d\u0e1a\u0e2b\u0e19\u0e31\u0e07\u0e2a\u0e37\u0e2d\u0e19\u0e35\u0e49\u00a0\u00bb (p\u014fm ch\u00e2wp n\u0103ng s\u011bu n\u00e9e) se traduit par \u00ab\u00a0Je (sujet) aime (verbe) ce livre (objet)\u00a0\u00bb.<\/p>\n\n\n\n<h3 class=\"wp-block-heading\" id=\"h-5-immerse-yourself-in-thai-practice-makes-perfect\">5. Immergez-vous dans le tha\u00ef : c\u2019est en forgeant qu\u2019on devient forgeron<\/h3>\n\n\n\n<p>Comprendre et ma\u00eetriser la grammaire tha\u00eflandaise peut sembler difficile au d\u00e9but, mais la cl\u00e9 est la pers\u00e9v\u00e9rance et la pratique constante. Faites appel \u00e0 tous vos sens en vous immergeant dans la langue, en lisant, en \u00e9crivant, en \u00e9coutant et en conversant avec des locuteurs natifs. Plus vous serez expos\u00e9 \u00e0 la grammaire tha\u00eflandaise, plus ces concepts exotiques vous sembleront familiers et confortables.<\/p>\n\n\n\n<p>Alors, \u00eates-vous pr\u00eat \u00e0 plonger dans le monde fascinant de la grammaire tha\u00eflandaise ? Relevez le d\u00e9fi et les caract\u00e9ristiques uniques de la grammaire tha\u00eflandaise et, avec du temps, du d\u00e9vouement et un sens de l\u2019aventure, vous pourrez d\u00e9couvrir la beaut\u00e9 captivante de la langue tha\u00eflandaise.<\/p>\n<\/div><\/div>\n\r\n<section class=\"learnNavigationSection\">\r\n            \r\n        <a href=\"https:\/\/talkpal.ai\/fr\/apprendre-le-thai\/\">\r\n            <div class=\"learnNavigationWrapper\">\r\n                <div class=\"learnNavigationContent\">\r\n                    <img decoding=\"async\" src=\"https:\/\/talkpal.ai\/wp-content\/uploads\/2024\/08\/Thai.jpg\" alt=\"Thai Flag\">\r\n                    <div>\r\n                        <h4>\u00c0 propos de Thai Learning<\/h4>\r\n                        <p>Tout savoir sur la grammaire tha\u00eflandaise.<\/p>\r\n                    <\/div>\r\n                <\/div>\r\n            <\/div>\r\n        <\/a>\r\n\r\n        \r\n        <a href=\"https:\/\/talkpal.ai\/fr\/exercices-de-grammaire-thailandaise\/\">\r\n            <div class=\"learnNavigationWrapper\">\r\n                <div class=\"learnNavigationContent\">\r\n                    <img decoding=\"async\" src=\"https:\/\/talkpal.ai\/wp-content\/uploads\/2024\/08\/Thai.jpg\" alt=\"Thai Flag\">\r\n                    <div>\r\n                        <h4>Exercice de grammaire tha\u00eflandaise<\/h4>\r\n                        <p>Pratiquez la grammaire tha\u00eflandaise.<\/p>\r\n                    <\/div>\r\n                <\/div>\r\n            <\/div>\r\n        <\/a>\r\n\r\n        \r\n        <a href=\"https:\/\/talkpal.ai\/vocabulary_language\/thai\/\">\r\n            <div class=\"learnNavigationWrapper\">\r\n                <div class=\"learnNavigationContent\">\r\n                    <img decoding=\"async\" src=\"https:\/\/talkpal.ai\/wp-content\/uploads\/2024\/08\/Thai.jpg\" alt=\"Thai Flag\">\r\n                    <div>\r\n                        <h4>Vocabulaire tha\u00eflandais<\/h4>\r\n                        <p>\u00c9largissez votre vocabulaire tha\u00eflandais.<\/p>\r\n                    <\/div>\r\n                <\/div>\r\n            <\/div>\r\n        <\/a>\r\n\r\n            <\/section>","protected":false},"excerpt":{"rendered":"<p>Grammaire tha\u00eflandaise : \u00e0 la d\u00e9couverte d\u2019un monde linguistique unique La grammaire tha\u00eflandaise &#8211; apparemment \u00e9nigmatique, exotique et captivante. Alors que vous vous lancez dans l\u2019apprentissage de la langue tha\u00eflandaise, vous pourriez \u00eatre subjugu\u00e9 par sa grammaire. N\u2019ayez crainte, chers explorateurs linguistiques ! Nous sommes l\u00e0 pour vous guider et vous accompagner dans cette aventure [&hellip;]<\/p>\n","protected":false},"author":1,"featured_media":28732,"parent":0,"menu_order":0,"comment_status":"closed","ping_status":"closed","template":"LearningContentPage.php","meta":{"_acf_changed":false,"footnotes":""},"class_list":["post-73480","page","type-page","status-publish","has-post-thumbnail","hentry"],"acf":[],"yoast_head":"<!-- This site is optimized with the Yoast SEO Premium plugin v27.2 (Yoast SEO v27.2) - https:\/\/yoast.com\/product\/yoast-seo-premium-wordpress\/ -->\n<title>Grammaire tha\u00eflandaise - Talkpal<\/title>\n<meta name=\"description\" content=\"Explorez le monde fascinant de la grammaire tha\u00eflandaise. D\u00e9couvrez sa simplicit\u00e9 et ses caract\u00e9ristiques uniques qui rendent l&#039;apprentissage agr\u00e9able.\" \/>\n<meta name=\"robots\" content=\"index, follow, max-snippet:-1, max-image-preview:large, max-video-preview:-1\" \/>\n<link rel=\"canonical\" href=\"https:\/\/talkpal.ai\/fr\/grammaire-thailandaise\/\" \/>\n<meta property=\"og:locale\" content=\"fr_FR\" \/>\n<meta property=\"og:type\" content=\"article\" \/>\n<meta property=\"og:title\" content=\"Grammaire tha\u00eflandaise\" \/>\n<meta property=\"og:description\" content=\"Grammaire tha\u00eflandaise : \u00e0 la d\u00e9couverte d\u2019un monde linguistique unique La grammaire tha\u00eflandaise - apparemment \u00e9nigmatique, exotique et captivante. Alors\" \/>\n<meta property=\"og:url\" content=\"https:\/\/talkpal.ai\/fr\/grammaire-thailandaise\/\" \/>\n<meta property=\"og:site_name\" content=\"Talkpal\" \/>\n<meta property=\"article:publisher\" content=\"https:\/\/www.facebook.com\/profile.php?id=100090733639311\" \/>\n<meta property=\"article:modified_time\" content=\"2025-12-13T15:48:52+00:00\" \/>\n<meta property=\"og:image\" content=\"https:\/\/talkpal.ai\/wp-content\/uploads\/2023\/05\/thailand.png\" \/>\n\t<meta property=\"og:image:width\" content=\"512\" \/>\n\t<meta property=\"og:image:height\" content=\"512\" \/>\n\t<meta property=\"og:image:type\" content=\"image\/png\" \/>\n<meta name=\"twitter:card\" content=\"summary_large_image\" \/>\n<meta name=\"twitter:site\" content=\"@talkpalai\" \/>\n<meta name=\"twitter:label1\" content=\"Dur\u00e9e de lecture estim\u00e9e\" \/>\n\t<meta name=\"twitter:data1\" content=\"3 minutes\" \/>\n<script type=\"application\/ld+json\" class=\"yoast-schema-graph\">{\"@context\":\"https:\/\/schema.org\",\"@graph\":[{\"@type\":\"WebPage\",\"@id\":\"https:\/\/talkpal.ai\/fr\/grammaire-thailandaise\/\",\"url\":\"https:\/\/talkpal.ai\/fr\/grammaire-thailandaise\/\",\"name\":\"Grammaire tha\u00eflandaise - Talkpal\",\"isPartOf\":{\"@id\":\"https:\/\/talkpal.ai\/fr\/#website\"},\"primaryImageOfPage\":{\"@id\":\"https:\/\/talkpal.ai\/fr\/grammaire-thailandaise\/#primaryimage\"},\"image\":{\"@id\":\"https:\/\/talkpal.ai\/fr\/grammaire-thailandaise\/#primaryimage\"},\"thumbnailUrl\":\"https:\/\/talkpal.ai\/wp-content\/uploads\/2023\/05\/thailand.png\",\"datePublished\":\"2023-05-14T14:24:42+00:00\",\"dateModified\":\"2025-12-13T15:48:52+00:00\",\"description\":\"Explorez le monde fascinant de la grammaire tha\u00eflandaise. D\u00e9couvrez sa simplicit\u00e9 et ses caract\u00e9ristiques uniques qui rendent l'apprentissage agr\u00e9able.\",\"breadcrumb\":{\"@id\":\"https:\/\/talkpal.ai\/fr\/grammaire-thailandaise\/#breadcrumb\"},\"inLanguage\":\"fr-FR\",\"potentialAction\":[{\"@type\":\"ReadAction\",\"target\":[\"https:\/\/talkpal.ai\/fr\/grammaire-thailandaise\/\"]}]},{\"@type\":\"ImageObject\",\"inLanguage\":\"fr-FR\",\"@id\":\"https:\/\/talkpal.ai\/fr\/grammaire-thailandaise\/#primaryimage\",\"url\":\"https:\/\/talkpal.ai\/wp-content\/uploads\/2023\/05\/thailand.png\",\"contentUrl\":\"https:\/\/talkpal.ai\/wp-content\/uploads\/2023\/05\/thailand.png\",\"width\":512,\"height\":512},{\"@type\":\"BreadcrumbList\",\"@id\":\"https:\/\/talkpal.ai\/fr\/grammaire-thailandaise\/#breadcrumb\",\"itemListElement\":[{\"@type\":\"ListItem\",\"position\":1,\"name\":\"Homepage\",\"item\":\"https:\/\/talkpal.ai\/fr\/\"},{\"@type\":\"ListItem\",\"position\":2,\"name\":\"Grammaire tha\u00eflandaise\"}]},{\"@type\":\"WebSite\",\"@id\":\"https:\/\/talkpal.ai\/fr\/#website\",\"url\":\"https:\/\/talkpal.ai\/fr\/\",\"name\":\"Talkpal\",\"description\":\"AI Language Learning\",\"publisher\":{\"@id\":\"https:\/\/talkpal.ai\/fr\/#organization\"},\"alternateName\":\"Talkpal AI\",\"potentialAction\":[{\"@type\":\"SearchAction\",\"target\":{\"@type\":\"EntryPoint\",\"urlTemplate\":\"https:\/\/talkpal.ai\/fr\/?s={search_term_string}\"},\"query-input\":{\"@type\":\"PropertyValueSpecification\",\"valueRequired\":true,\"valueName\":\"search_term_string\"}}],\"inLanguage\":\"fr-FR\"},{\"@type\":\"Organization\",\"@id\":\"https:\/\/talkpal.ai\/fr\/#organization\",\"name\":\"Talkpal, Inc.\",\"alternateName\":\"Talkpal AI\",\"url\":\"https:\/\/talkpal.ai\/fr\/\",\"logo\":{\"@type\":\"ImageObject\",\"inLanguage\":\"fr-FR\",\"@id\":\"https:\/\/talkpal.ai\/fr\/#\/schema\/logo\/image\/\",\"url\":\"https:\/\/talkpal.ai\/wp-content\/uploads\/2024\/03\/Talkpal-Logo-Icon.png\",\"contentUrl\":\"https:\/\/talkpal.ai\/wp-content\/uploads\/2024\/03\/Talkpal-Logo-Icon.png\",\"width\":2880,\"height\":2880,\"caption\":\"Talkpal, Inc.\"},\"image\":{\"@id\":\"https:\/\/talkpal.ai\/fr\/#\/schema\/logo\/image\/\"},\"sameAs\":[\"https:\/\/www.facebook.com\/profile.php?id=100090733639311\",\"https:\/\/x.com\/talkpalai\",\"https:\/\/www.linkedin.com\/company\/talkpal\/\",\"https:\/\/www.youtube.com\/@TalkPal\/\",\"https:\/\/www.tiktok.com\/@talkpal\",\"https:\/\/www.instagram.com\/talkpal_ai\/\",\"https:\/\/www.crunchbase.com\/organization\/talkpal-9cde\",\"https:\/\/www.g2.com\/products\/talkpal-for-business\/\",\"https:\/\/www.trustpilot.com\/review\/talkpal.ai\",\"https:\/\/www.capterra.com\/p\/10006800\/TalkPal\/\"],\"description\":\"Talkpal is a language learning web and mobile education app, powered by the latest AI technologies, that provides engaging experiences to its customers in many different languages to help them improve their language skills. Users can chat about unlimited amount of topics with the app and use other modes to practice their language learning.\",\"email\":\"support@talkpal.ai\",\"legalName\":\"Talkpal, Inc.\",\"foundingDate\":\"2023-04-03\",\"duns\":\"118989042\",\"numberOfEmployees\":{\"@type\":\"QuantitativeValue\",\"minValue\":\"11\",\"maxValue\":\"50\"},\"publishingPrinciples\":\"https:\/\/talkpal.ai\/publishing-principles\/\",\"actionableFeedbackPolicy\":\"https:\/\/talkpal.ai\/actionable-feedback-policy\/\",\"correctionsPolicy\":\"https:\/\/talkpal.ai\/corrections-policy\/\",\"ethicsPolicy\":\"https:\/\/talkpal.ai\/ethics-policy\/\",\"diversityPolicy\":\"https:\/\/talkpal.ai\/diversity-policy\/\",\"diversityStaffingReport\":\"https:\/\/talkpal.ai\/diversity-policy\/\"}]}<\/script>\n<!-- \/ Yoast SEO Premium plugin. -->","yoast_head_json":{"title":"Grammaire tha\u00eflandaise - Talkpal","description":"Explorez le monde fascinant de la grammaire tha\u00eflandaise. D\u00e9couvrez sa simplicit\u00e9 et ses caract\u00e9ristiques uniques qui rendent l'apprentissage agr\u00e9able.","robots":{"index":"index","follow":"follow","max-snippet":"max-snippet:-1","max-image-preview":"max-image-preview:large","max-video-preview":"max-video-preview:-1"},"canonical":"https:\/\/talkpal.ai\/fr\/grammaire-thailandaise\/","og_locale":"fr_FR","og_type":"article","og_title":"Grammaire tha\u00eflandaise","og_description":"Grammaire tha\u00eflandaise : \u00e0 la d\u00e9couverte d\u2019un monde linguistique unique La grammaire tha\u00eflandaise - apparemment \u00e9nigmatique, exotique et captivante. Alors","og_url":"https:\/\/talkpal.ai\/fr\/grammaire-thailandaise\/","og_site_name":"Talkpal","article_publisher":"https:\/\/www.facebook.com\/profile.php?id=100090733639311","article_modified_time":"2025-12-13T15:48:52+00:00","og_image":[{"width":512,"height":512,"url":"https:\/\/talkpal.ai\/wp-content\/uploads\/2023\/05\/thailand.png","type":"image\/png"}],"twitter_card":"summary_large_image","twitter_site":"@talkpalai","twitter_misc":{"Dur\u00e9e de lecture estim\u00e9e":"3 minutes"},"schema":{"@context":"https:\/\/schema.org","@graph":[{"@type":"WebPage","@id":"https:\/\/talkpal.ai\/fr\/grammaire-thailandaise\/","url":"https:\/\/talkpal.ai\/fr\/grammaire-thailandaise\/","name":"Grammaire tha\u00eflandaise - Talkpal","isPartOf":{"@id":"https:\/\/talkpal.ai\/fr\/#website"},"primaryImageOfPage":{"@id":"https:\/\/talkpal.ai\/fr\/grammaire-thailandaise\/#primaryimage"},"image":{"@id":"https:\/\/talkpal.ai\/fr\/grammaire-thailandaise\/#primaryimage"},"thumbnailUrl":"https:\/\/talkpal.ai\/wp-content\/uploads\/2023\/05\/thailand.png","datePublished":"2023-05-14T14:24:42+00:00","dateModified":"2025-12-13T15:48:52+00:00","description":"Explorez le monde fascinant de la grammaire tha\u00eflandaise. D\u00e9couvrez sa simplicit\u00e9 et ses caract\u00e9ristiques uniques qui rendent l'apprentissage agr\u00e9able.","breadcrumb":{"@id":"https:\/\/talkpal.ai\/fr\/grammaire-thailandaise\/#breadcrumb"},"inLanguage":"fr-FR","potentialAction":[{"@type":"ReadAction","target":["https:\/\/talkpal.ai\/fr\/grammaire-thailandaise\/"]}]},{"@type":"ImageObject","inLanguage":"fr-FR","@id":"https:\/\/talkpal.ai\/fr\/grammaire-thailandaise\/#primaryimage","url":"https:\/\/talkpal.ai\/wp-content\/uploads\/2023\/05\/thailand.png","contentUrl":"https:\/\/talkpal.ai\/wp-content\/uploads\/2023\/05\/thailand.png","width":512,"height":512},{"@type":"BreadcrumbList","@id":"https:\/\/talkpal.ai\/fr\/grammaire-thailandaise\/#breadcrumb","itemListElement":[{"@type":"ListItem","position":1,"name":"Homepage","item":"https:\/\/talkpal.ai\/fr\/"},{"@type":"ListItem","position":2,"name":"Grammaire tha\u00eflandaise"}]},{"@type":"WebSite","@id":"https:\/\/talkpal.ai\/fr\/#website","url":"https:\/\/talkpal.ai\/fr\/","name":"Talkpal","description":"AI Language Learning","publisher":{"@id":"https:\/\/talkpal.ai\/fr\/#organization"},"alternateName":"Talkpal AI","potentialAction":[{"@type":"SearchAction","target":{"@type":"EntryPoint","urlTemplate":"https:\/\/talkpal.ai\/fr\/?s={search_term_string}"},"query-input":{"@type":"PropertyValueSpecification","valueRequired":true,"valueName":"search_term_string"}}],"inLanguage":"fr-FR"},{"@type":"Organization","@id":"https:\/\/talkpal.ai\/fr\/#organization","name":"Talkpal, Inc.","alternateName":"Talkpal AI","url":"https:\/\/talkpal.ai\/fr\/","logo":{"@type":"ImageObject","inLanguage":"fr-FR","@id":"https:\/\/talkpal.ai\/fr\/#\/schema\/logo\/image\/","url":"https:\/\/talkpal.ai\/wp-content\/uploads\/2024\/03\/Talkpal-Logo-Icon.png","contentUrl":"https:\/\/talkpal.ai\/wp-content\/uploads\/2024\/03\/Talkpal-Logo-Icon.png","width":2880,"height":2880,"caption":"Talkpal, Inc."},"image":{"@id":"https:\/\/talkpal.ai\/fr\/#\/schema\/logo\/image\/"},"sameAs":["https:\/\/www.facebook.com\/profile.php?id=100090733639311","https:\/\/x.com\/talkpalai","https:\/\/www.linkedin.com\/company\/talkpal\/","https:\/\/www.youtube.com\/@TalkPal\/","https:\/\/www.tiktok.com\/@talkpal","https:\/\/www.instagram.com\/talkpal_ai\/","https:\/\/www.crunchbase.com\/organization\/talkpal-9cde","https:\/\/www.g2.com\/products\/talkpal-for-business\/","https:\/\/www.trustpilot.com\/review\/talkpal.ai","https:\/\/www.capterra.com\/p\/10006800\/TalkPal\/"],"description":"Talkpal is a language learning web and mobile education app, powered by the latest AI technologies, that provides engaging experiences to its customers in many different languages to help them improve their language skills. Users can chat about unlimited amount of topics with the app and use other modes to practice their language learning.","email":"support@talkpal.ai","legalName":"Talkpal, Inc.","foundingDate":"2023-04-03","duns":"118989042","numberOfEmployees":{"@type":"QuantitativeValue","minValue":"11","maxValue":"50"},"publishingPrinciples":"https:\/\/talkpal.ai\/publishing-principles\/","actionableFeedbackPolicy":"https:\/\/talkpal.ai\/actionable-feedback-policy\/","correctionsPolicy":"https:\/\/talkpal.ai\/corrections-policy\/","ethicsPolicy":"https:\/\/talkpal.ai\/ethics-policy\/","diversityPolicy":"https:\/\/talkpal.ai\/diversity-policy\/","diversityStaffingReport":"https:\/\/talkpal.ai\/diversity-policy\/"}]}},"_links":{"self":[{"href":"https:\/\/talkpal.ai\/fr\/wp-json\/wp\/v2\/pages\/73480","targetHints":{"allow":["GET"]}}],"collection":[{"href":"https:\/\/talkpal.ai\/fr\/wp-json\/wp\/v2\/pages"}],"about":[{"href":"https:\/\/talkpal.ai\/fr\/wp-json\/wp\/v2\/types\/page"}],"author":[{"embeddable":true,"href":"https:\/\/talkpal.ai\/fr\/wp-json\/wp\/v2\/users\/1"}],"replies":[{"embeddable":true,"href":"https:\/\/talkpal.ai\/fr\/wp-json\/wp\/v2\/comments?post=73480"}],"version-history":[{"count":0,"href":"https:\/\/talkpal.ai\/fr\/wp-json\/wp\/v2\/pages\/73480\/revisions"}],"wp:featuredmedia":[{"embeddable":true,"href":"https:\/\/talkpal.ai\/fr\/wp-json\/wp\/v2\/media\/28732"}],"wp:attachment":[{"href":"https:\/\/talkpal.ai\/fr\/wp-json\/wp\/v2\/media?parent=73480"}],"curies":[{"name":"wp","href":"https:\/\/api.w.org\/{rel}","templated":true}]}}