{"id":73411,"date":"2023-06-16T09:41:10","date_gmt":"2023-06-16T09:41:10","guid":{"rendered":"http:\/\/talkpal.ai\/exercices-de-grammaire-neerlandaise\/"},"modified":"2025-12-17T15:28:40","modified_gmt":"2025-12-17T15:28:40","slug":"exercices-de-grammaire-neerlandaise","status":"publish","type":"page","link":"https:\/\/talkpal.ai\/fr\/exercices-de-grammaire-neerlandaise\/","title":{"rendered":"Exercices de grammaire n\u00e9erlandaise"},"content":{"rendered":"\r\n\r\n\r\n<section class=\"languageChallengeSection\">\r\n    <div class=\"languageInfoWrapper\">\r\n        \r\n        <h1>Exercices de grammaire n\u00e9erlandaise<\/h1>\r\n        <p>Vous voulez prendre confiance en vous en <a href=\"https:\/\/talkpal.ai\/learn-dutch\/\">n\u00e9erlandais<\/a> ? La pratique d&#039;exercices de grammaire est un excellent moyen de ma\u00eetriser la structure des phrases, la conjugaison des verbes et les sch\u00e9mas uniques de la langue n\u00e9erlandaise. Commencez \u00e0 travailler la <a href=\"https:\/\/talkpal.ai\/es\/gramatica-holandesa\/\">grammaire n\u00e9erlandaise<\/a> d\u00e8s aujourd&#039;hui et voyez vos comp\u00e9tences et votre aisance s&#039;am\u00e9liorer \u00e0 chaque exercice !\n\n<\/p>\r\n\r\n                            <a class=\"getStartedHidden\" href=\"https:\/\/app.talkpal.ai\/fr\/signup?lng=\">Commencer<\/a>\r\n        \r\n    <\/div>\r\n\r\n    <figure>\r\n    <img decoding=\"async\" width=\"768\" height=\"768\" src=\"https:\/\/talkpal.ai\/wp-content\/uploads\/2023\/06\/Dutch-768x768.png\" class=\"languageImage no-lazy\" alt=\"Default alt text\" fetchpriority=\"high\" sizes=\"(max-width: 768px) 150px, 768px\" srcset=\"https:\/\/talkpal.ai\/wp-content\/uploads\/2023\/06\/Dutch-768x768.png 768w, https:\/\/talkpal.ai\/wp-content\/uploads\/2023\/06\/Dutch-300x300.png 300w\" \/>\r\n    \r\n\r\n    <\/figure>\r\n\r\n            <a class=\"getStartedVisible\" href=\"https:\/\/app.talkpal.ai\/fr\/signup?lng=\">Commencer<\/a>\r\n    \r\n<\/section>\r\n\r\n\r\n<!-- <section class=\"grammarSection\">\r\n    <div class=\"grammarLinks\">\r\n        <a href=\"https:\/\/talkpal.ai\/fr\/exercise_language\/adjectifs-grammaire-neerlandaise\/\">Adjectifs <\/a><a href=\"https:\/\/talkpal.ai\/fr\/exercise_language\/adverbes-grammaire-neerlandaise\/\">Adverbes <\/a><a href=\"https:\/\/talkpal.ai\/fr\/exercise_language\/articles-grammaire-neerlandaise\/\">Articles <\/a><a href=\"https:\/\/talkpal.ai\/fr\/exercise_language\/comparaison-des-temps-grammaire-neerlandaise\/\">Comparaison des temps <\/a><a href=\"https:\/\/talkpal.ai\/fr\/exercise_language\/noms-grammaire-neerlandaise\/\">Noms <\/a><a href=\"https:\/\/talkpal.ai\/fr\/exercise_language\/prepositions-grammaire-neerlandaise\/\">Pr\u00e9positions <\/a><a href=\"https:\/\/talkpal.ai\/fr\/exercise_language\/pronoms-grammaire-neerlandaise\/\">Pronoms <\/a><a href=\"https:\/\/talkpal.ai\/fr\/exercise_language\/structure-de-la-phrase-grammaire-neerlandaise\/\">Structure de la phrase <\/a><a href=\"https:\/\/talkpal.ai\/fr\/exercise_language\/temps-indicatif-grammaire-neerlandaise\/\">Temps Indicatif <\/a><a href=\"https:\/\/talkpal.ai\/fr\/exercise_language\/temps-subjonctif-grammaire-neerlandaise\/\">Temps subjonctif <\/a><a href=\"https:\/\/talkpal.ai\/fr\/exercise_language\/verbes-grammaire-neerlandaise\/\">Verbes <\/a>    <\/div>\r\n<\/section> -->\r\n\r\n\r\n\r\n\r\n        <section class=\"grammarSection\">\r\n            <div class=\"grammarLinks\">\r\n                <a href=\"https:\/\/talkpal.ai\/fr\/exercise_language\/adjectifs-grammaire-neerlandaise\/\">Adjectifs <\/a><a href=\"https:\/\/talkpal.ai\/fr\/exercise_language\/adverbes-grammaire-neerlandaise\/\">Adverbes <\/a><a href=\"https:\/\/talkpal.ai\/fr\/exercise_language\/articles-grammaire-neerlandaise\/\">Articles <\/a><a href=\"https:\/\/talkpal.ai\/fr\/exercise_language\/comparaison-des-temps-grammaire-neerlandaise\/\">Comparaison des temps <\/a><a href=\"https:\/\/talkpal.ai\/fr\/exercise_language\/noms-grammaire-neerlandaise\/\">Noms <\/a><a href=\"https:\/\/talkpal.ai\/fr\/exercise_language\/prepositions-grammaire-neerlandaise\/\">Pr\u00e9positions <\/a><a href=\"https:\/\/talkpal.ai\/fr\/exercise_language\/pronoms-grammaire-neerlandaise\/\">Pronoms <\/a><a href=\"https:\/\/talkpal.ai\/fr\/exercise_language\/structure-de-la-phrase-grammaire-neerlandaise\/\">Structure de la phrase <\/a><a href=\"https:\/\/talkpal.ai\/fr\/exercise_language\/temps-indicatif-grammaire-neerlandaise\/\">Temps Indicatif <\/a><a href=\"https:\/\/talkpal.ai\/fr\/exercise_language\/temps-subjonctif-grammaire-neerlandaise\/\">Temps subjonctif <\/a><a href=\"https:\/\/talkpal.ai\/fr\/exercise_language\/verbes-grammaire-neerlandaise\/\">Verbes <\/a>            <\/div>\r\n        <\/section>\r\n<section class=\"promotionalBanner\">\r\n    <p class=\"promotionalText\">La fa\u00e7on la plus efficace d\u2019apprendre une langue<\/p>\r\n    <a class=\"promotionalLink\" href=\"https:\/\/app.talkpal.ai\/fr\/signup?lng=\">Essayez Talkpal gratuitement<\/a>\r\n<\/section>\n<div class=\"wp-block-group pageContainerStyle\"><div class=\"wp-block-group__inner-container is-layout-constrained wp-block-group-is-layout-constrained\">\n<h2 class=\"wp-block-heading\" id=\"h-dutch-grammar-topics\">Sujets de grammaire n\u00e9erlandaise<\/h2>\n\n\n\n<p><a href=\"https:\/\/talkpal.ai\/fr\/livres-pour-apprendre-le-neerlandais\/\">Apprendre le n\u00e9erlandais<\/a> peut \u00eatre une exp\u00e9rience passionnante et enrichissante, car cela ouvre la porte \u00e0 une culture riche, \u00e0 une histoire et \u00e0 des opportunit\u00e9s de croissance personnelle et professionnelle. La langue n\u00e9erlandaise, bien qu\u2019elle soit \u00e9troitement li\u00e9e \u00e0 l\u2019anglais et \u00e0 l\u2019allemand, a ses propres r\u00e8gles de grammaire et sa propre structure, ce qui peut sembler difficile au d\u00e9but. Cependant, avec du d\u00e9vouement et la bonne approche, vous pouvez ma\u00eetriser la langue n\u00e9erlandaise et communiquer couramment avec des locuteurs natifs. Dans ce guide, nous allons explorer quelques sujets essentiels de la grammaire n\u00e9erlandaise, regroup\u00e9s dans une s\u00e9quence qui vous aidera \u00e0 <a href=\"https:\/\/talkpal.ai\/mastering-fluency-how-to-apprendre-la-langue-de-francais-easily\/\">apprendre la langue<\/a> de mani\u00e8re syst\u00e9matique et efficace.<\/p>\n\n\n\n<h3 class=\"wp-block-heading\" id=\"h-1-nouns-and-articles\">1. Noms et articles :<\/h3>\n\n\n\n<p>Commencez par vous familiariser avec les noms n\u00e9erlandais et leur classification par genre (commun et neutre). Apprenez les <a href=\"https:\/\/talkpal.ai\/fr\/grammar\/articles-definis-en-grammaire-catalane\/\">articles d\u00e9finis<\/a> et ind\u00e9finis qui les accompagnent, ainsi que les formes plurielles et les terminaisons diminutives.<\/p>\n\n\n\n<h3 class=\"wp-block-heading\" id=\"h-2-adjectives\">2. Adjectifs :<\/h3>\n\n\n\n<p>Ensuite, \u00e9tudiez les r\u00e8gles d\u2019accord des adjectifs avec les noms en termes de genre, de nombre et de pr\u00e9sence d\u2019articles d\u00e9finis. Apprenez comment les adjectifs sont fl\u00e9chis en fonction de ces facteurs et comment utiliser les formes comparatives et superlatives.<\/p>\n\n\n\n<h3 class=\"wp-block-heading\" id=\"h-3-pronouns\">3. Pronoms :<\/h3>\n\n\n\n<p>Plongez dans le monde des pronoms n\u00e9erlandais, y compris les pronoms personnels, possessifs, d\u00e9monstratifs, r\u00e9fl\u00e9chis et relatifs. Comprenez comment ils remplacent les noms et comment ils s\u2019accordent avec eux en termes de genre et de nombre.<\/p>\n\n\n\n<h3 class=\"wp-block-heading\" id=\"h-4-verbs\">4. Verbes :<\/h3>\n\n\n\n<p>Maintenant, concentrez-vous sur les verbes n\u00e9erlandais et leurs mod\u00e8les de conjugaison au pr\u00e9sent, au pass\u00e9 et au futur. Apprenez la diff\u00e9rence entre les verbes forts, faibles et irr\u00e9guliers, et familiarisez-vous avec les r\u00e8gles pour former les temps parfaits et plus-que-parfaits.<\/p>\n\n\n\n<h3 class=\"wp-block-heading\" id=\"h-5-tenses-indicative\">5. Temps indicatifs :<\/h3>\n\n\n\n<p>\u00c9tudiez le mode indicatif en n\u00e9erlandais, qui est utilis\u00e9 pour exprimer des \u00e9nonc\u00e9s de faits et de probabilit\u00e9s. Apprenez \u00e0 conjuguer les verbes au pr\u00e9sent, au pass\u00e9 et au futur dans cet \u00e9tat d\u2019esprit, ainsi que les formes conditionnelles et imp\u00e9ratives.<\/p>\n\n\n\n<h3 class=\"wp-block-heading\" id=\"h-6-tenses-subjunctive\">6. Temps Subjonctif :<\/h3>\n\n\n\n<p>Bien que moins courant dans le n\u00e9erlandais moderne, le subjonctif est essentiel pour comprendre les textes plus anciens et le langage formel. Apprenez \u00e0 former le subjonctif en n\u00e9erlandais et quand l\u2019utiliser.<\/p>\n\n\n\n<h3 class=\"wp-block-heading\" id=\"h-7-tense-comparison\">7. Comparaison tendue :<\/h3>\n\n\n\n<p>Apr\u00e8s avoir ma\u00eetris\u00e9 les diff\u00e9rents temps, concentrez-vous sur la compr\u00e9hension des diff\u00e9rences et des similitudes entre eux. Apprenez \u00e0 utiliser correctement chaque temps dans son contexte et comment ils interagissent les uns avec les autres.<\/p>\n\n\n\n<h3 class=\"wp-block-heading\" id=\"h-8-adverbs\">8. Adverbes :<\/h3>\n\n\n\n<p>\u00c9tudiez les adverbes n\u00e9erlandais et leurs diverses fonctions dans les phrases. Apprenez \u00e0 former des adverbes \u00e0 partir d\u2019adjectifs et \u00e0 les utiliser pour modifier des verbes, des adjectifs et d\u2019autres adverbes.<\/p>\n\n\n\n<h3 class=\"wp-block-heading\" id=\"h-9-prepositions\">9. Pr\u00e9positions :<\/h3>\n\n\n\n<p>D\u00e9velopper une bonne compr\u00e9hension des pr\u00e9positions n\u00e9erlandaises et de leur utilisation avec les noms, les pronoms et les verbes. Apprenez comment ils expriment les relations dans le temps, l\u2019espace et d\u2019autres contextes.<\/p>\n\n\n\n<h3 class=\"wp-block-heading\" id=\"h-10-sentence-structure\">10. Structure de la phrase :<\/h3>\n\n\n\n<p>Enfin, rassemblez le tout en \u00e9tudiant la structure des phrases et l\u2019ordre des mots en n\u00e9erlandais. Apprenez les r\u00e8gles de construction de phrases simples et complexes, y compris les phrases d\u00e9claratives, interrogatives, imp\u00e9ratives et exclamatives.<\/p>\n\n\n\n<p>En suivant cette s\u00e9quence de sujets de grammaire et en consacrant du temps \u00e0 la pratique et \u00e0 la r\u00e9vision, vous serez sur la bonne voie pour ma\u00eetriser la langue n\u00e9erlandaise. N\u2019oubliez pas que la coh\u00e9rence et la patience sont essentielles \u00e0 l\u2019apprentissage d\u2019une nouvelle langue. Bonne chance et bon voyage !<\/p>\n<\/div><\/div>\n\r\n<section class=\"learnNavigationSection\">\r\n            \r\n        <a href=\"https:\/\/talkpal.ai\/fr\/apprendre-le-neerlandais\/\">\r\n            <div class=\"learnNavigationWrapper\">\r\n                <div class=\"learnNavigationContent\">\r\n                    <img decoding=\"async\" src=\"https:\/\/talkpal.ai\/wp-content\/uploads\/2024\/08\/Dutch.jpg\" alt=\"Netherlands Flag\">\r\n                    <div>\r\n                        <h4>A propos de Dutch Learning<\/h4>\r\n                        <p>Tout savoir sur la grammaire n\u00e9erlandaise.<\/p>\r\n                    <\/div>\r\n                <\/div>\r\n            <\/div>\r\n        <\/a>\r\n\r\n        \r\n        <a href=\"https:\/\/talkpal.ai\/fr\/grammaire-neerlandaise\/\">\r\n            <div class=\"learnNavigationWrapper\">\r\n                <div class=\"learnNavigationContent\">\r\n                    <img decoding=\"async\" src=\"https:\/\/talkpal.ai\/wp-content\/uploads\/2024\/08\/Dutch.jpg\" alt=\"Netherlands Flag\">\r\n                    <div>\r\n                        <h4>Le\u00e7ons de grammaire n\u00e9erlandaise<\/h4>\r\n                        <p>Pratiquez la grammaire n\u00e9erlandaise.<\/p>\r\n                    <\/div>\r\n                <\/div>\r\n            <\/div>\r\n        <\/a>\r\n\r\n        \r\n        <a href=\"https:\/\/talkpal.ai\/vocabulary_language\/dutch\/\">\r\n            <div class=\"learnNavigationWrapper\">\r\n                <div class=\"learnNavigationContent\">\r\n                    <img decoding=\"async\" src=\"https:\/\/talkpal.ai\/wp-content\/uploads\/2024\/08\/Dutch.jpg\" alt=\"Netherlands Flag\">\r\n                    <div>\r\n                        <h4>Vocabulaire n\u00e9erlandais<\/h4>\r\n                        <p>\u00c9largissez votre vocabulaire n\u00e9erlandais.<\/p>\r\n                    <\/div>\r\n                <\/div>\r\n            <\/div>\r\n        <\/a>\r\n\r\n            <\/section>","protected":false},"excerpt":{"rendered":"<p>Sujets de grammaire n\u00e9erlandaise Apprendre le n\u00e9erlandais peut \u00eatre une exp\u00e9rience passionnante et enrichissante, car cela ouvre la porte \u00e0 une culture riche, \u00e0 une histoire et \u00e0 des opportunit\u00e9s de croissance personnelle et professionnelle. La langue n\u00e9erlandaise, bien qu\u2019elle soit \u00e9troitement li\u00e9e \u00e0 l\u2019anglais et \u00e0 l\u2019allemand, a ses propres r\u00e8gles de grammaire et [&hellip;]<\/p>\n","protected":false},"author":6,"featured_media":11586,"parent":0,"menu_order":0,"comment_status":"closed","ping_status":"closed","template":"LearningContentPage.php","meta":{"_acf_changed":false,"footnotes":""},"class_list":["post-73411","page","type-page","status-publish","has-post-thumbnail","hentry"],"acf":[],"yoast_head":"<!-- This site is optimized with the Yoast SEO Premium plugin v27.2 (Yoast SEO v27.2) - https:\/\/yoast.com\/product\/yoast-seo-premium-wordpress\/ -->\n<title>Exercices de grammaire n\u00e9erlandaise - Talkpal<\/title>\n<meta name=\"description\" content=\"Am\u00e9liorez vos comp\u00e9tences linguistiques avec les exercices interactifs de grammaire n\u00e9erlandaise de Talkpalvotre tuteur linguistique dot\u00e9 d&#039;une intelligence artificielle.\" \/>\n<meta name=\"robots\" content=\"index, follow, max-snippet:-1, max-image-preview:large, max-video-preview:-1\" \/>\n<link rel=\"canonical\" href=\"https:\/\/talkpal.ai\/fr\/exercices-de-grammaire-neerlandaise\/\" \/>\n<meta property=\"og:locale\" content=\"fr_FR\" \/>\n<meta property=\"og:type\" content=\"article\" \/>\n<meta property=\"og:title\" content=\"Exercices de grammaire n\u00e9erlandaise\" \/>\n<meta property=\"og:description\" content=\"Sujets de grammaire n\u00e9erlandaise Apprendre le n\u00e9erlandais peut \u00eatre une exp\u00e9rience passionnante et enrichissante, car cela ouvre la porte \u00e0 une culture\" \/>\n<meta property=\"og:url\" content=\"https:\/\/talkpal.ai\/fr\/exercices-de-grammaire-neerlandaise\/\" \/>\n<meta property=\"og:site_name\" content=\"Talkpal\" \/>\n<meta property=\"article:publisher\" content=\"https:\/\/www.facebook.com\/profile.php?id=100090733639311\" \/>\n<meta property=\"article:modified_time\" content=\"2025-12-17T15:28:40+00:00\" \/>\n<meta property=\"og:image\" content=\"https:\/\/talkpal.ai\/wp-content\/uploads\/2023\/04\/netherlands-dutch.png\" \/>\n\t<meta property=\"og:image:width\" content=\"512\" \/>\n\t<meta property=\"og:image:height\" content=\"512\" \/>\n\t<meta property=\"og:image:type\" content=\"image\/png\" \/>\n<meta name=\"twitter:card\" content=\"summary_large_image\" \/>\n<meta name=\"twitter:site\" content=\"@talkpalai\" \/>\n<meta name=\"twitter:label1\" content=\"Dur\u00e9e de lecture estim\u00e9e\" \/>\n\t<meta name=\"twitter:data1\" content=\"3 minutes\" \/>\n<script type=\"application\/ld+json\" class=\"yoast-schema-graph\">{\"@context\":\"https:\/\/schema.org\",\"@graph\":[{\"@type\":\"WebPage\",\"@id\":\"https:\/\/talkpal.ai\/fr\/exercices-de-grammaire-neerlandaise\/\",\"url\":\"https:\/\/talkpal.ai\/fr\/exercices-de-grammaire-neerlandaise\/\",\"name\":\"Exercices de grammaire n\u00e9erlandaise - Talkpal\",\"isPartOf\":{\"@id\":\"https:\/\/talkpal.ai\/fr\/#website\"},\"primaryImageOfPage\":{\"@id\":\"https:\/\/talkpal.ai\/fr\/exercices-de-grammaire-neerlandaise\/#primaryimage\"},\"image\":{\"@id\":\"https:\/\/talkpal.ai\/fr\/exercices-de-grammaire-neerlandaise\/#primaryimage\"},\"thumbnailUrl\":\"https:\/\/talkpal.ai\/wp-content\/uploads\/2023\/04\/netherlands-dutch.png\",\"datePublished\":\"2023-06-16T09:41:10+00:00\",\"dateModified\":\"2025-12-17T15:28:40+00:00\",\"description\":\"Am\u00e9liorez vos comp\u00e9tences linguistiques avec les exercices interactifs de grammaire n\u00e9erlandaise de Talkpalvotre tuteur linguistique dot\u00e9 d'une intelligence artificielle.\",\"breadcrumb\":{\"@id\":\"https:\/\/talkpal.ai\/fr\/exercices-de-grammaire-neerlandaise\/#breadcrumb\"},\"inLanguage\":\"fr-FR\",\"potentialAction\":[{\"@type\":\"ReadAction\",\"target\":[\"https:\/\/talkpal.ai\/fr\/exercices-de-grammaire-neerlandaise\/\"]}]},{\"@type\":\"ImageObject\",\"inLanguage\":\"fr-FR\",\"@id\":\"https:\/\/talkpal.ai\/fr\/exercices-de-grammaire-neerlandaise\/#primaryimage\",\"url\":\"https:\/\/talkpal.ai\/wp-content\/uploads\/2023\/04\/netherlands-dutch.png\",\"contentUrl\":\"https:\/\/talkpal.ai\/wp-content\/uploads\/2023\/04\/netherlands-dutch.png\",\"width\":512,\"height\":512},{\"@type\":\"BreadcrumbList\",\"@id\":\"https:\/\/talkpal.ai\/fr\/exercices-de-grammaire-neerlandaise\/#breadcrumb\",\"itemListElement\":[{\"@type\":\"ListItem\",\"position\":1,\"name\":\"Homepage\",\"item\":\"https:\/\/talkpal.ai\/fr\/\"},{\"@type\":\"ListItem\",\"position\":2,\"name\":\"Exercices de grammaire n\u00e9erlandaise\"}]},{\"@type\":\"WebSite\",\"@id\":\"https:\/\/talkpal.ai\/fr\/#website\",\"url\":\"https:\/\/talkpal.ai\/fr\/\",\"name\":\"Talkpal\",\"description\":\"AI Language Learning\",\"publisher\":{\"@id\":\"https:\/\/talkpal.ai\/fr\/#organization\"},\"alternateName\":\"Talkpal AI\",\"potentialAction\":[{\"@type\":\"SearchAction\",\"target\":{\"@type\":\"EntryPoint\",\"urlTemplate\":\"https:\/\/talkpal.ai\/fr\/?s={search_term_string}\"},\"query-input\":{\"@type\":\"PropertyValueSpecification\",\"valueRequired\":true,\"valueName\":\"search_term_string\"}}],\"inLanguage\":\"fr-FR\"},{\"@type\":\"Organization\",\"@id\":\"https:\/\/talkpal.ai\/fr\/#organization\",\"name\":\"Talkpal, Inc.\",\"alternateName\":\"Talkpal AI\",\"url\":\"https:\/\/talkpal.ai\/fr\/\",\"logo\":{\"@type\":\"ImageObject\",\"inLanguage\":\"fr-FR\",\"@id\":\"https:\/\/talkpal.ai\/fr\/#\/schema\/logo\/image\/\",\"url\":\"https:\/\/talkpal.ai\/wp-content\/uploads\/2024\/03\/Talkpal-Logo-Icon.png\",\"contentUrl\":\"https:\/\/talkpal.ai\/wp-content\/uploads\/2024\/03\/Talkpal-Logo-Icon.png\",\"width\":2880,\"height\":2880,\"caption\":\"Talkpal, Inc.\"},\"image\":{\"@id\":\"https:\/\/talkpal.ai\/fr\/#\/schema\/logo\/image\/\"},\"sameAs\":[\"https:\/\/www.facebook.com\/profile.php?id=100090733639311\",\"https:\/\/x.com\/talkpalai\",\"https:\/\/www.linkedin.com\/company\/talkpal\/\",\"https:\/\/www.youtube.com\/@TalkPal\/\",\"https:\/\/www.tiktok.com\/@talkpal\",\"https:\/\/www.instagram.com\/talkpal_ai\/\",\"https:\/\/www.crunchbase.com\/organization\/talkpal-9cde\",\"https:\/\/www.g2.com\/products\/talkpal-for-business\/\",\"https:\/\/www.trustpilot.com\/review\/talkpal.ai\",\"https:\/\/www.capterra.com\/p\/10006800\/TalkPal\/\"],\"description\":\"Talkpal is a language learning web and mobile education app, powered by the latest AI technologies, that provides engaging experiences to its customers in many different languages to help them improve their language skills. Users can chat about unlimited amount of topics with the app and use other modes to practice their language learning.\",\"email\":\"support@talkpal.ai\",\"legalName\":\"Talkpal, Inc.\",\"foundingDate\":\"2023-04-03\",\"duns\":\"118989042\",\"numberOfEmployees\":{\"@type\":\"QuantitativeValue\",\"minValue\":\"11\",\"maxValue\":\"50\"},\"publishingPrinciples\":\"https:\/\/talkpal.ai\/publishing-principles\/\",\"actionableFeedbackPolicy\":\"https:\/\/talkpal.ai\/actionable-feedback-policy\/\",\"correctionsPolicy\":\"https:\/\/talkpal.ai\/corrections-policy\/\",\"ethicsPolicy\":\"https:\/\/talkpal.ai\/ethics-policy\/\",\"diversityPolicy\":\"https:\/\/talkpal.ai\/diversity-policy\/\",\"diversityStaffingReport\":\"https:\/\/talkpal.ai\/diversity-policy\/\"}]}<\/script>\n<!-- \/ Yoast SEO Premium plugin. -->","yoast_head_json":{"title":"Exercices de grammaire n\u00e9erlandaise - Talkpal","description":"Am\u00e9liorez vos comp\u00e9tences linguistiques avec les exercices interactifs de grammaire n\u00e9erlandaise de Talkpalvotre tuteur linguistique dot\u00e9 d'une intelligence artificielle.","robots":{"index":"index","follow":"follow","max-snippet":"max-snippet:-1","max-image-preview":"max-image-preview:large","max-video-preview":"max-video-preview:-1"},"canonical":"https:\/\/talkpal.ai\/fr\/exercices-de-grammaire-neerlandaise\/","og_locale":"fr_FR","og_type":"article","og_title":"Exercices de grammaire n\u00e9erlandaise","og_description":"Sujets de grammaire n\u00e9erlandaise Apprendre le n\u00e9erlandais peut \u00eatre une exp\u00e9rience passionnante et enrichissante, car cela ouvre la porte \u00e0 une culture","og_url":"https:\/\/talkpal.ai\/fr\/exercices-de-grammaire-neerlandaise\/","og_site_name":"Talkpal","article_publisher":"https:\/\/www.facebook.com\/profile.php?id=100090733639311","article_modified_time":"2025-12-17T15:28:40+00:00","og_image":[{"width":512,"height":512,"url":"https:\/\/talkpal.ai\/wp-content\/uploads\/2023\/04\/netherlands-dutch.png","type":"image\/png"}],"twitter_card":"summary_large_image","twitter_site":"@talkpalai","twitter_misc":{"Dur\u00e9e de lecture estim\u00e9e":"3 minutes"},"schema":{"@context":"https:\/\/schema.org","@graph":[{"@type":"WebPage","@id":"https:\/\/talkpal.ai\/fr\/exercices-de-grammaire-neerlandaise\/","url":"https:\/\/talkpal.ai\/fr\/exercices-de-grammaire-neerlandaise\/","name":"Exercices de grammaire n\u00e9erlandaise - Talkpal","isPartOf":{"@id":"https:\/\/talkpal.ai\/fr\/#website"},"primaryImageOfPage":{"@id":"https:\/\/talkpal.ai\/fr\/exercices-de-grammaire-neerlandaise\/#primaryimage"},"image":{"@id":"https:\/\/talkpal.ai\/fr\/exercices-de-grammaire-neerlandaise\/#primaryimage"},"thumbnailUrl":"https:\/\/talkpal.ai\/wp-content\/uploads\/2023\/04\/netherlands-dutch.png","datePublished":"2023-06-16T09:41:10+00:00","dateModified":"2025-12-17T15:28:40+00:00","description":"Am\u00e9liorez vos comp\u00e9tences linguistiques avec les exercices interactifs de grammaire n\u00e9erlandaise de Talkpalvotre tuteur linguistique dot\u00e9 d'une intelligence artificielle.","breadcrumb":{"@id":"https:\/\/talkpal.ai\/fr\/exercices-de-grammaire-neerlandaise\/#breadcrumb"},"inLanguage":"fr-FR","potentialAction":[{"@type":"ReadAction","target":["https:\/\/talkpal.ai\/fr\/exercices-de-grammaire-neerlandaise\/"]}]},{"@type":"ImageObject","inLanguage":"fr-FR","@id":"https:\/\/talkpal.ai\/fr\/exercices-de-grammaire-neerlandaise\/#primaryimage","url":"https:\/\/talkpal.ai\/wp-content\/uploads\/2023\/04\/netherlands-dutch.png","contentUrl":"https:\/\/talkpal.ai\/wp-content\/uploads\/2023\/04\/netherlands-dutch.png","width":512,"height":512},{"@type":"BreadcrumbList","@id":"https:\/\/talkpal.ai\/fr\/exercices-de-grammaire-neerlandaise\/#breadcrumb","itemListElement":[{"@type":"ListItem","position":1,"name":"Homepage","item":"https:\/\/talkpal.ai\/fr\/"},{"@type":"ListItem","position":2,"name":"Exercices de grammaire n\u00e9erlandaise"}]},{"@type":"WebSite","@id":"https:\/\/talkpal.ai\/fr\/#website","url":"https:\/\/talkpal.ai\/fr\/","name":"Talkpal","description":"AI Language Learning","publisher":{"@id":"https:\/\/talkpal.ai\/fr\/#organization"},"alternateName":"Talkpal AI","potentialAction":[{"@type":"SearchAction","target":{"@type":"EntryPoint","urlTemplate":"https:\/\/talkpal.ai\/fr\/?s={search_term_string}"},"query-input":{"@type":"PropertyValueSpecification","valueRequired":true,"valueName":"search_term_string"}}],"inLanguage":"fr-FR"},{"@type":"Organization","@id":"https:\/\/talkpal.ai\/fr\/#organization","name":"Talkpal, Inc.","alternateName":"Talkpal AI","url":"https:\/\/talkpal.ai\/fr\/","logo":{"@type":"ImageObject","inLanguage":"fr-FR","@id":"https:\/\/talkpal.ai\/fr\/#\/schema\/logo\/image\/","url":"https:\/\/talkpal.ai\/wp-content\/uploads\/2024\/03\/Talkpal-Logo-Icon.png","contentUrl":"https:\/\/talkpal.ai\/wp-content\/uploads\/2024\/03\/Talkpal-Logo-Icon.png","width":2880,"height":2880,"caption":"Talkpal, Inc."},"image":{"@id":"https:\/\/talkpal.ai\/fr\/#\/schema\/logo\/image\/"},"sameAs":["https:\/\/www.facebook.com\/profile.php?id=100090733639311","https:\/\/x.com\/talkpalai","https:\/\/www.linkedin.com\/company\/talkpal\/","https:\/\/www.youtube.com\/@TalkPal\/","https:\/\/www.tiktok.com\/@talkpal","https:\/\/www.instagram.com\/talkpal_ai\/","https:\/\/www.crunchbase.com\/organization\/talkpal-9cde","https:\/\/www.g2.com\/products\/talkpal-for-business\/","https:\/\/www.trustpilot.com\/review\/talkpal.ai","https:\/\/www.capterra.com\/p\/10006800\/TalkPal\/"],"description":"Talkpal is a language learning web and mobile education app, powered by the latest AI technologies, that provides engaging experiences to its customers in many different languages to help them improve their language skills. Users can chat about unlimited amount of topics with the app and use other modes to practice their language learning.","email":"support@talkpal.ai","legalName":"Talkpal, Inc.","foundingDate":"2023-04-03","duns":"118989042","numberOfEmployees":{"@type":"QuantitativeValue","minValue":"11","maxValue":"50"},"publishingPrinciples":"https:\/\/talkpal.ai\/publishing-principles\/","actionableFeedbackPolicy":"https:\/\/talkpal.ai\/actionable-feedback-policy\/","correctionsPolicy":"https:\/\/talkpal.ai\/corrections-policy\/","ethicsPolicy":"https:\/\/talkpal.ai\/ethics-policy\/","diversityPolicy":"https:\/\/talkpal.ai\/diversity-policy\/","diversityStaffingReport":"https:\/\/talkpal.ai\/diversity-policy\/"}]}},"_links":{"self":[{"href":"https:\/\/talkpal.ai\/fr\/wp-json\/wp\/v2\/pages\/73411","targetHints":{"allow":["GET"]}}],"collection":[{"href":"https:\/\/talkpal.ai\/fr\/wp-json\/wp\/v2\/pages"}],"about":[{"href":"https:\/\/talkpal.ai\/fr\/wp-json\/wp\/v2\/types\/page"}],"author":[{"embeddable":true,"href":"https:\/\/talkpal.ai\/fr\/wp-json\/wp\/v2\/users\/6"}],"replies":[{"embeddable":true,"href":"https:\/\/talkpal.ai\/fr\/wp-json\/wp\/v2\/comments?post=73411"}],"version-history":[{"count":0,"href":"https:\/\/talkpal.ai\/fr\/wp-json\/wp\/v2\/pages\/73411\/revisions"}],"wp:featuredmedia":[{"embeddable":true,"href":"https:\/\/talkpal.ai\/fr\/wp-json\/wp\/v2\/media\/11586"}],"wp:attachment":[{"href":"https:\/\/talkpal.ai\/fr\/wp-json\/wp\/v2\/media?parent=73411"}],"curies":[{"name":"wp","href":"https:\/\/api.w.org\/{rel}","templated":true}]}}