{"id":73369,"date":"2023-06-16T09:39:29","date_gmt":"2023-06-16T09:39:29","guid":{"rendered":"http:\/\/talkpal.ai\/exercices-de-grammaire-chinoise\/"},"modified":"2025-05-22T21:25:35","modified_gmt":"2025-05-22T21:25:35","slug":"exercices-de-grammaire-chinoise","status":"publish","type":"page","link":"https:\/\/talkpal.ai\/fr\/exercices-de-grammaire-chinoise\/","title":{"rendered":"Exercices de grammaire chinoise"},"content":{"rendered":"\r\n\r\n\r\n<section class=\"languageChallengeSection\">\r\n    <div class=\"languageInfoWrapper\">\r\n        \r\n        <h1>Exercices de grammaire chinoise<\/h1>\r\n        <p>Vous voulez am\u00e9liorer vos comp\u00e9tences en <a href=\"https:\/\/talkpal.ai\/learn-chinese\/\">chinois<\/a> ? En vous concentrant sur les exercices de grammaire, vous comprendrez la structure des phrases, ma\u00eetriserez les sch\u00e9mas essentiels et gagnerez en confiance dans les conversations de tous les jours. Commencez \u00e0 pratiquer la <a href=\"https:\/\/talkpal.ai\/chinese-grammar\/\">grammaire chinoise<\/a> d\u00e8s aujourd&#039;hui et progressez r\u00e9guli\u00e8rement vers la ma\u00eetrise de la langue \u00e0 chaque exercice !<\/p>\r\n\r\n                            <a class=\"getStartedHidden\" href=\"https:\/\/app.talkpal.ai\/fr\/signup?lng=\">Commencer<\/a>\r\n        \r\n    <\/div>\r\n\r\n    <figure>\r\n    <img decoding=\"async\" width=\"768\" height=\"768\" src=\"https:\/\/talkpal.ai\/wp-content\/uploads\/2023\/06\/chinese-768x768.png\" class=\"languageImage no-lazy\" alt=\"Default alt text\" fetchpriority=\"high\" sizes=\"(max-width: 768px) 150px, 768px\" srcset=\"https:\/\/talkpal.ai\/wp-content\/uploads\/2023\/06\/chinese-768x768.png 768w, https:\/\/talkpal.ai\/wp-content\/uploads\/2023\/06\/chinese-300x300.png 300w\" \/>\r\n    \r\n\r\n    <\/figure>\r\n\r\n            <a class=\"getStartedVisible\" href=\"https:\/\/app.talkpal.ai\/fr\/signup?lng=\">Commencer<\/a>\r\n    \r\n<\/section>\r\n\r\n\r\n<!-- <section class=\"grammarSection\">\r\n    <div class=\"grammarLinks\">\r\n        <a href=\"https:\/\/talkpal.ai\/fr\/exercise_language\/adjectifs-grammaire-chinoise\/\">Adjectifs <\/a><a href=\"https:\/\/talkpal.ai\/fr\/exercise_language\/adverbes-grammaire-chinoise\/\">Adverbes <\/a><a href=\"https:\/\/talkpal.ai\/fr\/exercise_language\/articles-grammaire-chinoise\/\">Articles <\/a><a href=\"https:\/\/talkpal.ai\/fr\/exercise_language\/noms-grammaire-chinoise\/\">Noms <\/a><a href=\"https:\/\/talkpal.ai\/fr\/exercise_language\/prepositions-grammaire-chinoise\/\">Pr\u00e9positions <\/a><a href=\"https:\/\/talkpal.ai\/fr\/exercise_language\/pronoms-grammaire-chinoise\/\">Pronoms <\/a><a href=\"https:\/\/talkpal.ai\/fr\/exercise_language\/structure-de-phrase-grammaire-chinoise\/\">Structure de phrase <\/a><a href=\"https:\/\/talkpal.ai\/fr\/exercise_language\/temps-grammaire-chinoise\/\">Temps <\/a><a href=\"https:\/\/talkpal.ai\/fr\/exercise_language\/verbes-grammaire-chinoise\/\">Verbes <\/a>    <\/div>\r\n<\/section> -->\r\n\r\n\r\n\r\n\r\n        <section class=\"grammarSection\">\r\n            <div class=\"grammarLinks\">\r\n                <a href=\"https:\/\/talkpal.ai\/fr\/exercise_language\/adjectifs-grammaire-chinoise\/\">Adjectifs <\/a><a href=\"https:\/\/talkpal.ai\/fr\/exercise_language\/adverbes-grammaire-chinoise\/\">Adverbes <\/a><a href=\"https:\/\/talkpal.ai\/fr\/exercise_language\/articles-grammaire-chinoise\/\">Articles <\/a><a href=\"https:\/\/talkpal.ai\/fr\/exercise_language\/noms-grammaire-chinoise\/\">Noms <\/a><a href=\"https:\/\/talkpal.ai\/fr\/exercise_language\/prepositions-grammaire-chinoise\/\">Pr\u00e9positions <\/a><a href=\"https:\/\/talkpal.ai\/fr\/exercise_language\/pronoms-grammaire-chinoise\/\">Pronoms <\/a><a href=\"https:\/\/talkpal.ai\/fr\/exercise_language\/structure-de-phrase-grammaire-chinoise\/\">Structure de phrase <\/a><a href=\"https:\/\/talkpal.ai\/fr\/exercise_language\/temps-grammaire-chinoise\/\">Temps <\/a><a href=\"https:\/\/talkpal.ai\/fr\/exercise_language\/verbes-grammaire-chinoise\/\">Verbes <\/a>            <\/div>\r\n        <\/section>\r\n<section class=\"promotionalBanner\">\r\n    <p class=\"promotionalText\">La fa\u00e7on la plus efficace d\u2019apprendre une langue<\/p>\r\n    <a class=\"promotionalLink\" href=\"https:\/\/app.talkpal.ai\/fr\/signup?lng=\">Essayez Talkpal gratuitement<\/a>\r\n<\/section>\n<div class=\"wp-block-group pageContainerStyle\"><div class=\"wp-block-group__inner-container is-layout-constrained wp-block-group-is-layout-constrained\">\n<h2 class=\"wp-block-heading\" id=\"h-chinese-grammar-topics\">Sujets de grammaire chinoise<\/h2>\n\n\n\n<p>La grammaire chinoise peut sembler intimidante au premier abord, mais elle est essentielle pour ma\u00eetriser la langue. Avec son syst\u00e8me de caract\u00e8res unique et sa nature tonale, la grammaire chinoise suit un ensemble de r\u00e8gles diff\u00e9rentes de celles des langues comme l\u2019anglais. Apprendre ces r\u00e8gles dans le bon ordre vous aidera \u00e0 progresser plus efficacement dans vos \u00e9tudes linguistiques. Les sujets suivants seront abord\u00e9s dans l\u2019ordre d\u2019apprentissage recommand\u00e9 : <a href=\"https:\/\/talkpal.ai\/zh-hans\/grammar_exercises\/temps-%e6%b3%95%e8%af%ad%e8%af%ad%e6%b3%95%e7%bb%83%e4%b9%a0\/\">Temps<\/a>, Verbes, Noms, Articles, Pronoms, Adjectifs, Adverbes, Pr\u00e9positions et Structure de phrase. Ce guide fournira de br\u00e8ves explications sur chaque sujet pour vous aider \u00e0 mieux comprendre leurs fonctions en langue chinoise.<\/p>\n\n\n\n<h3 class=\"wp-block-heading\" id=\"h-1-tenses\">1. Temps :<\/h3>\n\n\n\n<p>Contrairement \u00e0 l\u2019anglais, le chinois n\u2019a pas de conjugaison de verbes complexes pour indiquer le temps. Au lieu de cela, il utilise des mots ou des particules de temps pour montrer quand une action a lieu. Pour exprimer des actions pass\u00e9es, pr\u00e9sentes ou futures, vous devez d&rsquo;abord vous familiariser avec les mots temporels courants tels que \u00ab\u00a0hier\u00a0\u00bb, \u00ab\u00a0aujourd&rsquo;hui\u00a0\u00bb et \u00ab\u00a0demain\u00a0\u00bb.<\/p>\n\n\n\n<h3 class=\"wp-block-heading\" id=\"h-2-verbs\">2. Verbes :<\/h3>\n\n\n\n<p>Une fois que vous comprenez les temps, il est essentiel d\u2019apprendre les verbes de base en chinois. Les verbes sont cruciaux car ils expriment des actions et des \u00e9tats, et ils restent souvent inchang\u00e9s \u00e0 diff\u00e9rents temps. Concentrez-vous sur l\u2019apprentissage des verbes les plus courants et de leur utilisation appropri\u00e9e.<\/p>\n\n\n\n<h3 class=\"wp-block-heading\" id=\"h-3-nouns\">3. Noms :<\/h3>\n\n\n\n<p>Les noms sont les \u00e9l\u00e9ments constitutifs d\u2019une langue, repr\u00e9sentant des personnes, des lieux, des choses ou des id\u00e9es. En chinois, les noms sont g\u00e9n\u00e9ralement simples, et vous pouvez <a href=\"https:\/\/talkpal.ai\/ko\/ai-%ec%96%b8%ec%96%b4-%ea%b5%90%ec%82%ac\/\">commencer<\/a> par apprendre les plus courants et les plus utiles pour \u00e9largir votre vocabulaire.<\/p>\n\n\n\n<h3 class=\"wp-block-heading\" id=\"h-4-articles\">4. Articles\u00a0:<\/h3>\n\n\n\n<p>Le chinois n&rsquo;a pas d&rsquo;articles comme \u00ab\u00a0a\u00a0\u00bb ou \u00ab\u00a0the\u00a0\u00bb en <a href=\"https:\/\/talkpal.ai\/learn-english-with-ai\/\">anglais<\/a>. Cependant, il existe des mots de mesure qui accompagnent les noms pour indiquer la quantit\u00e9. Ces mots de mesure sont essentiels lorsqu\u2019il s\u2019agit de discuter de quantit\u00e9s ou de nombres d\u2019articles sp\u00e9cifiques.<\/p>\n\n\n\n<h3 class=\"wp-block-heading\" id=\"h-5-pronouns\">5. Pronoms\u00a0:<\/h3>\n\n\n\n<p>Les pronoms sont utilis\u00e9s pour remplacer les noms dans une phrase et sont cruciaux pour \u00e9viter les r\u00e9p\u00e9titions. En chinois, les pronoms changent en fonction de leur fonction dans une phrase, comme sujet, objet ou possessif. Apprenez les diff\u00e9rents pronoms et leur bon usage pour am\u00e9liorer la construction de vos phrases.<\/p>\n\n\n\n<h3 class=\"wp-block-heading\" id=\"h-6-adjectives\">6. Adjectifs :<\/h3>\n\n\n\n<p>Les adjectifs sont utilis\u00e9s pour d\u00e9crire ou modifier les noms, et ils jouent un r\u00f4le important pour rendre vos phrases plus expressives et engageantes. Apprenez les adjectifs les plus courants et leur placement par rapport au nom dans une phrase.<\/p>\n\n\n\n<h3 class=\"wp-block-heading\" id=\"h-7-adverbs\">7. Adverbes :<\/h3>\n\n\n\n<p>Les adverbes sont essentiels pour fournir des informations suppl\u00e9mentaires sur les verbes, les adjectifs ou d\u2019autres adverbes. Ils peuvent d\u00e9crire comment, quand et o\u00f9 une action se produit. Familiarisez-vous avec les adverbes courants et leur utilisation pour am\u00e9liorer vos capacit\u00e9s descriptives.<\/p>\n\n\n\n<h3 class=\"wp-block-heading\" id=\"h-8-prepositions\">8. Pr\u00e9positions :<\/h3>\n\n\n\n<p>Les pr\u00e9positions sont utilis\u00e9es pour indiquer la relation entre les noms ou les pronoms dans une phrase. Ils expriment souvent des relations spatiales ou temporelles, telles que \u00ab\u00a0dans\u00a0\u00bb, \u00ab\u00a0sur\u00a0\u00bb ou \u00ab\u00a0\u00e0\u00a0\u00bb. L\u2019apprentissage des pr\u00e9positions les plus courantes et de leur utilisation correcte am\u00e9liorera consid\u00e9rablement la structure de vos phrases.<\/p>\n\n\n\n<h3 class=\"wp-block-heading\" id=\"h-9-sentence-structure\">9. Structure de la phrase :<\/h3>\n\n\n\n<p>Enfin, comprendre la structure des phrases chinoises est la cl\u00e9 pour former des phrases coh\u00e9rentes et grammaticalement correctes. Le chinois suit une structure sujet-verbe-objet (SVO), similaire \u00e0 <a href=\"https:\/\/talkpal.ai\/locations\/language-courses-in-celle\/\">celle<\/a> de l\u2019anglais. Cependant, il existe des diff\u00e9rences dans l\u2019ordre des mots et le placement de divers \u00e9l\u00e9ments grammaticaux. Apprenez les mod\u00e8les de phrases de base et entra\u00eenez-vous \u00e0 construire des phrases avec les \u00e9l\u00e9ments que vous avez appris, tels que les temps, les verbes, les noms, les pronoms, les adjectifs, les adverbes et les pr\u00e9positions.<\/p>\n\n\n\n<p>En suivant cette s\u00e9quence et en vous concentrant sur chaque sujet, vous d\u00e9velopperez une base solide en grammaire chinoise et serez sur la bonne voie pour ma\u00eetriser la langue.<\/p>\n<\/div><\/div>\n\r\n<section class=\"learnNavigationSection\">\r\n            \r\n        <a href=\"https:\/\/talkpal.ai\/fr\/apprendre-le-chinois\/\">\r\n            <div class=\"learnNavigationWrapper\">\r\n                <div class=\"learnNavigationContent\">\r\n                    <img decoding=\"async\" src=\"https:\/\/talkpal.ai\/wp-content\/uploads\/2024\/08\/Chinese.jpg\" alt=\"Chinese Flag\u00a0\">\r\n                    <div>\r\n                        <h4>\u00c0 propos de l&#039;apprentissage du chinois<\/h4>\r\n                        <p>Tout savoir sur la grammaire chinoise.<\/p>\r\n                    <\/div>\r\n                <\/div>\r\n            <\/div>\r\n        <\/a>\r\n\r\n        \r\n        <a href=\"https:\/\/talkpal.ai\/fr\/grammaire-chinoise\/\">\r\n            <div class=\"learnNavigationWrapper\">\r\n                <div class=\"learnNavigationContent\">\r\n                    <img decoding=\"async\" src=\"https:\/\/talkpal.ai\/wp-content\/uploads\/2024\/08\/Chinese.jpg\" alt=\"Chinese Flag\u00a0\">\r\n                    <div>\r\n                        <h4>Cours de grammaire chinoise<\/h4>\r\n                        <p>Pratiquez la grammaire chinoise.<\/p>\r\n                    <\/div>\r\n                <\/div>\r\n            <\/div>\r\n        <\/a>\r\n\r\n        \r\n        <a href=\"https:\/\/talkpal.ai\/vocabulary_language\/chinese\/\">\r\n            <div class=\"learnNavigationWrapper\">\r\n                <div class=\"learnNavigationContent\">\r\n                    <img decoding=\"async\" src=\"https:\/\/talkpal.ai\/wp-content\/uploads\/2024\/08\/Chinese.jpg\" alt=\"Chinese Flag\u00a0\">\r\n                    <div>\r\n                        <h4>Vocabulaire chinois<\/h4>\r\n                        <p>\u00c9largissez votre vocabulaire chinois.<\/p>\r\n                    <\/div>\r\n                <\/div>\r\n            <\/div>\r\n        <\/a>\r\n\r\n            <\/section>","protected":false},"excerpt":{"rendered":"<p>Sujets de grammaire chinoise La grammaire chinoise peut sembler intimidante au premier abord, mais elle est essentielle pour ma\u00eetriser la langue. Avec son syst\u00e8me de caract\u00e8res unique et sa nature tonale, la grammaire chinoise suit un ensemble de r\u00e8gles diff\u00e9rentes de celles des langues comme l\u2019anglais. Apprendre ces r\u00e8gles dans le bon ordre vous aidera [&hellip;]<\/p>\n","protected":false},"author":6,"featured_media":11558,"parent":0,"menu_order":0,"comment_status":"closed","ping_status":"closed","template":"LearningContentPage.php","meta":{"_acf_changed":false,"footnotes":""},"class_list":["post-73369","page","type-page","status-publish","has-post-thumbnail","hentry"],"acf":[],"yoast_head":"<!-- This site is optimized with the Yoast SEO Premium plugin v27.2 (Yoast SEO v27.2) - https:\/\/yoast.com\/product\/yoast-seo-premium-wordpress\/ -->\n<title>Exercices de grammaire chinoise - Talkpal<\/title>\n<meta name=\"description\" content=\"Ma\u00eetrisez la grammaire chinoise gr\u00e2ce \u00e0 notre guide complet couvrant les temps, les verbes et bien plus encore pour am\u00e9liorer vos comp\u00e9tences linguistiques.\" \/>\n<meta name=\"robots\" content=\"index, follow, max-snippet:-1, max-image-preview:large, max-video-preview:-1\" \/>\n<link rel=\"canonical\" href=\"https:\/\/talkpal.ai\/fr\/exercices-de-grammaire-chinoise\/\" \/>\n<meta property=\"og:locale\" content=\"fr_FR\" \/>\n<meta property=\"og:type\" content=\"article\" \/>\n<meta property=\"og:title\" content=\"Exercices de grammaire chinoise\" \/>\n<meta property=\"og:description\" content=\"Sujets de grammaire chinoise La grammaire chinoise peut sembler intimidante au premier abord, mais elle est essentielle pour ma\u00eetriser la langue. Avec son\" \/>\n<meta property=\"og:url\" content=\"https:\/\/talkpal.ai\/fr\/exercices-de-grammaire-chinoise\/\" \/>\n<meta property=\"og:site_name\" content=\"Talkpal\" \/>\n<meta property=\"article:publisher\" content=\"https:\/\/www.facebook.com\/profile.php?id=100090733639311\" \/>\n<meta property=\"article:modified_time\" content=\"2025-05-22T21:25:35+00:00\" \/>\n<meta property=\"og:image\" content=\"https:\/\/talkpal.ai\/wp-content\/uploads\/2023\/04\/china.png\" \/>\n\t<meta property=\"og:image:width\" content=\"512\" \/>\n\t<meta property=\"og:image:height\" content=\"512\" \/>\n\t<meta property=\"og:image:type\" content=\"image\/png\" \/>\n<meta name=\"twitter:card\" content=\"summary_large_image\" \/>\n<meta name=\"twitter:site\" content=\"@talkpalai\" \/>\n<meta name=\"twitter:label1\" content=\"Dur\u00e9e de lecture estim\u00e9e\" \/>\n\t<meta name=\"twitter:data1\" content=\"3 minutes\" \/>\n<script type=\"application\/ld+json\" class=\"yoast-schema-graph\">{\"@context\":\"https:\/\/schema.org\",\"@graph\":[{\"@type\":\"WebPage\",\"@id\":\"https:\/\/talkpal.ai\/fr\/exercices-de-grammaire-chinoise\/\",\"url\":\"https:\/\/talkpal.ai\/fr\/exercices-de-grammaire-chinoise\/\",\"name\":\"Exercices de grammaire chinoise - Talkpal\",\"isPartOf\":{\"@id\":\"https:\/\/talkpal.ai\/fr\/#website\"},\"primaryImageOfPage\":{\"@id\":\"https:\/\/talkpal.ai\/fr\/exercices-de-grammaire-chinoise\/#primaryimage\"},\"image\":{\"@id\":\"https:\/\/talkpal.ai\/fr\/exercices-de-grammaire-chinoise\/#primaryimage\"},\"thumbnailUrl\":\"https:\/\/talkpal.ai\/wp-content\/uploads\/2023\/04\/china.png\",\"datePublished\":\"2023-06-16T09:39:29+00:00\",\"dateModified\":\"2025-05-22T21:25:35+00:00\",\"description\":\"Ma\u00eetrisez la grammaire chinoise gr\u00e2ce \u00e0 notre guide complet couvrant les temps, les verbes et bien plus encore pour am\u00e9liorer vos comp\u00e9tences linguistiques.\",\"breadcrumb\":{\"@id\":\"https:\/\/talkpal.ai\/fr\/exercices-de-grammaire-chinoise\/#breadcrumb\"},\"inLanguage\":\"fr-FR\",\"potentialAction\":[{\"@type\":\"ReadAction\",\"target\":[\"https:\/\/talkpal.ai\/fr\/exercices-de-grammaire-chinoise\/\"]}]},{\"@type\":\"ImageObject\",\"inLanguage\":\"fr-FR\",\"@id\":\"https:\/\/talkpal.ai\/fr\/exercices-de-grammaire-chinoise\/#primaryimage\",\"url\":\"https:\/\/talkpal.ai\/wp-content\/uploads\/2023\/04\/china.png\",\"contentUrl\":\"https:\/\/talkpal.ai\/wp-content\/uploads\/2023\/04\/china.png\",\"width\":512,\"height\":512},{\"@type\":\"BreadcrumbList\",\"@id\":\"https:\/\/talkpal.ai\/fr\/exercices-de-grammaire-chinoise\/#breadcrumb\",\"itemListElement\":[{\"@type\":\"ListItem\",\"position\":1,\"name\":\"Homepage\",\"item\":\"https:\/\/talkpal.ai\/fr\/\"},{\"@type\":\"ListItem\",\"position\":2,\"name\":\"Exercices de grammaire chinoise\"}]},{\"@type\":\"WebSite\",\"@id\":\"https:\/\/talkpal.ai\/fr\/#website\",\"url\":\"https:\/\/talkpal.ai\/fr\/\",\"name\":\"Talkpal\",\"description\":\"AI Language Learning\",\"publisher\":{\"@id\":\"https:\/\/talkpal.ai\/fr\/#organization\"},\"alternateName\":\"Talkpal AI\",\"potentialAction\":[{\"@type\":\"SearchAction\",\"target\":{\"@type\":\"EntryPoint\",\"urlTemplate\":\"https:\/\/talkpal.ai\/fr\/?s={search_term_string}\"},\"query-input\":{\"@type\":\"PropertyValueSpecification\",\"valueRequired\":true,\"valueName\":\"search_term_string\"}}],\"inLanguage\":\"fr-FR\"},{\"@type\":\"Organization\",\"@id\":\"https:\/\/talkpal.ai\/fr\/#organization\",\"name\":\"Talkpal, Inc.\",\"alternateName\":\"Talkpal AI\",\"url\":\"https:\/\/talkpal.ai\/fr\/\",\"logo\":{\"@type\":\"ImageObject\",\"inLanguage\":\"fr-FR\",\"@id\":\"https:\/\/talkpal.ai\/fr\/#\/schema\/logo\/image\/\",\"url\":\"https:\/\/talkpal.ai\/wp-content\/uploads\/2024\/03\/Talkpal-Logo-Icon.png\",\"contentUrl\":\"https:\/\/talkpal.ai\/wp-content\/uploads\/2024\/03\/Talkpal-Logo-Icon.png\",\"width\":2880,\"height\":2880,\"caption\":\"Talkpal, Inc.\"},\"image\":{\"@id\":\"https:\/\/talkpal.ai\/fr\/#\/schema\/logo\/image\/\"},\"sameAs\":[\"https:\/\/www.facebook.com\/profile.php?id=100090733639311\",\"https:\/\/x.com\/talkpalai\",\"https:\/\/www.linkedin.com\/company\/talkpal\/\",\"https:\/\/www.youtube.com\/@TalkPal\/\",\"https:\/\/www.tiktok.com\/@talkpal\",\"https:\/\/www.instagram.com\/talkpal_ai\/\",\"https:\/\/www.crunchbase.com\/organization\/talkpal-9cde\",\"https:\/\/www.g2.com\/products\/talkpal-for-business\/\",\"https:\/\/www.trustpilot.com\/review\/talkpal.ai\",\"https:\/\/www.capterra.com\/p\/10006800\/TalkPal\/\"],\"description\":\"Talkpal is a language learning web and mobile education app, powered by the latest AI technologies, that provides engaging experiences to its customers in many different languages to help them improve their language skills. Users can chat about unlimited amount of topics with the app and use other modes to practice their language learning.\",\"email\":\"support@talkpal.ai\",\"legalName\":\"Talkpal, Inc.\",\"foundingDate\":\"2023-04-03\",\"duns\":\"118989042\",\"numberOfEmployees\":{\"@type\":\"QuantitativeValue\",\"minValue\":\"11\",\"maxValue\":\"50\"},\"publishingPrinciples\":\"https:\/\/talkpal.ai\/publishing-principles\/\",\"actionableFeedbackPolicy\":\"https:\/\/talkpal.ai\/actionable-feedback-policy\/\",\"correctionsPolicy\":\"https:\/\/talkpal.ai\/corrections-policy\/\",\"ethicsPolicy\":\"https:\/\/talkpal.ai\/ethics-policy\/\",\"diversityPolicy\":\"https:\/\/talkpal.ai\/diversity-policy\/\",\"diversityStaffingReport\":\"https:\/\/talkpal.ai\/diversity-policy\/\"}]}<\/script>\n<!-- \/ Yoast SEO Premium plugin. -->","yoast_head_json":{"title":"Exercices de grammaire chinoise - Talkpal","description":"Ma\u00eetrisez la grammaire chinoise gr\u00e2ce \u00e0 notre guide complet couvrant les temps, les verbes et bien plus encore pour am\u00e9liorer vos comp\u00e9tences linguistiques.","robots":{"index":"index","follow":"follow","max-snippet":"max-snippet:-1","max-image-preview":"max-image-preview:large","max-video-preview":"max-video-preview:-1"},"canonical":"https:\/\/talkpal.ai\/fr\/exercices-de-grammaire-chinoise\/","og_locale":"fr_FR","og_type":"article","og_title":"Exercices de grammaire chinoise","og_description":"Sujets de grammaire chinoise La grammaire chinoise peut sembler intimidante au premier abord, mais elle est essentielle pour ma\u00eetriser la langue. Avec son","og_url":"https:\/\/talkpal.ai\/fr\/exercices-de-grammaire-chinoise\/","og_site_name":"Talkpal","article_publisher":"https:\/\/www.facebook.com\/profile.php?id=100090733639311","article_modified_time":"2025-05-22T21:25:35+00:00","og_image":[{"width":512,"height":512,"url":"https:\/\/talkpal.ai\/wp-content\/uploads\/2023\/04\/china.png","type":"image\/png"}],"twitter_card":"summary_large_image","twitter_site":"@talkpalai","twitter_misc":{"Dur\u00e9e de lecture estim\u00e9e":"3 minutes"},"schema":{"@context":"https:\/\/schema.org","@graph":[{"@type":"WebPage","@id":"https:\/\/talkpal.ai\/fr\/exercices-de-grammaire-chinoise\/","url":"https:\/\/talkpal.ai\/fr\/exercices-de-grammaire-chinoise\/","name":"Exercices de grammaire chinoise - Talkpal","isPartOf":{"@id":"https:\/\/talkpal.ai\/fr\/#website"},"primaryImageOfPage":{"@id":"https:\/\/talkpal.ai\/fr\/exercices-de-grammaire-chinoise\/#primaryimage"},"image":{"@id":"https:\/\/talkpal.ai\/fr\/exercices-de-grammaire-chinoise\/#primaryimage"},"thumbnailUrl":"https:\/\/talkpal.ai\/wp-content\/uploads\/2023\/04\/china.png","datePublished":"2023-06-16T09:39:29+00:00","dateModified":"2025-05-22T21:25:35+00:00","description":"Ma\u00eetrisez la grammaire chinoise gr\u00e2ce \u00e0 notre guide complet couvrant les temps, les verbes et bien plus encore pour am\u00e9liorer vos comp\u00e9tences linguistiques.","breadcrumb":{"@id":"https:\/\/talkpal.ai\/fr\/exercices-de-grammaire-chinoise\/#breadcrumb"},"inLanguage":"fr-FR","potentialAction":[{"@type":"ReadAction","target":["https:\/\/talkpal.ai\/fr\/exercices-de-grammaire-chinoise\/"]}]},{"@type":"ImageObject","inLanguage":"fr-FR","@id":"https:\/\/talkpal.ai\/fr\/exercices-de-grammaire-chinoise\/#primaryimage","url":"https:\/\/talkpal.ai\/wp-content\/uploads\/2023\/04\/china.png","contentUrl":"https:\/\/talkpal.ai\/wp-content\/uploads\/2023\/04\/china.png","width":512,"height":512},{"@type":"BreadcrumbList","@id":"https:\/\/talkpal.ai\/fr\/exercices-de-grammaire-chinoise\/#breadcrumb","itemListElement":[{"@type":"ListItem","position":1,"name":"Homepage","item":"https:\/\/talkpal.ai\/fr\/"},{"@type":"ListItem","position":2,"name":"Exercices de grammaire chinoise"}]},{"@type":"WebSite","@id":"https:\/\/talkpal.ai\/fr\/#website","url":"https:\/\/talkpal.ai\/fr\/","name":"Talkpal","description":"AI Language Learning","publisher":{"@id":"https:\/\/talkpal.ai\/fr\/#organization"},"alternateName":"Talkpal AI","potentialAction":[{"@type":"SearchAction","target":{"@type":"EntryPoint","urlTemplate":"https:\/\/talkpal.ai\/fr\/?s={search_term_string}"},"query-input":{"@type":"PropertyValueSpecification","valueRequired":true,"valueName":"search_term_string"}}],"inLanguage":"fr-FR"},{"@type":"Organization","@id":"https:\/\/talkpal.ai\/fr\/#organization","name":"Talkpal, Inc.","alternateName":"Talkpal AI","url":"https:\/\/talkpal.ai\/fr\/","logo":{"@type":"ImageObject","inLanguage":"fr-FR","@id":"https:\/\/talkpal.ai\/fr\/#\/schema\/logo\/image\/","url":"https:\/\/talkpal.ai\/wp-content\/uploads\/2024\/03\/Talkpal-Logo-Icon.png","contentUrl":"https:\/\/talkpal.ai\/wp-content\/uploads\/2024\/03\/Talkpal-Logo-Icon.png","width":2880,"height":2880,"caption":"Talkpal, Inc."},"image":{"@id":"https:\/\/talkpal.ai\/fr\/#\/schema\/logo\/image\/"},"sameAs":["https:\/\/www.facebook.com\/profile.php?id=100090733639311","https:\/\/x.com\/talkpalai","https:\/\/www.linkedin.com\/company\/talkpal\/","https:\/\/www.youtube.com\/@TalkPal\/","https:\/\/www.tiktok.com\/@talkpal","https:\/\/www.instagram.com\/talkpal_ai\/","https:\/\/www.crunchbase.com\/organization\/talkpal-9cde","https:\/\/www.g2.com\/products\/talkpal-for-business\/","https:\/\/www.trustpilot.com\/review\/talkpal.ai","https:\/\/www.capterra.com\/p\/10006800\/TalkPal\/"],"description":"Talkpal is a language learning web and mobile education app, powered by the latest AI technologies, that provides engaging experiences to its customers in many different languages to help them improve their language skills. Users can chat about unlimited amount of topics with the app and use other modes to practice their language learning.","email":"support@talkpal.ai","legalName":"Talkpal, Inc.","foundingDate":"2023-04-03","duns":"118989042","numberOfEmployees":{"@type":"QuantitativeValue","minValue":"11","maxValue":"50"},"publishingPrinciples":"https:\/\/talkpal.ai\/publishing-principles\/","actionableFeedbackPolicy":"https:\/\/talkpal.ai\/actionable-feedback-policy\/","correctionsPolicy":"https:\/\/talkpal.ai\/corrections-policy\/","ethicsPolicy":"https:\/\/talkpal.ai\/ethics-policy\/","diversityPolicy":"https:\/\/talkpal.ai\/diversity-policy\/","diversityStaffingReport":"https:\/\/talkpal.ai\/diversity-policy\/"}]}},"_links":{"self":[{"href":"https:\/\/talkpal.ai\/fr\/wp-json\/wp\/v2\/pages\/73369","targetHints":{"allow":["GET"]}}],"collection":[{"href":"https:\/\/talkpal.ai\/fr\/wp-json\/wp\/v2\/pages"}],"about":[{"href":"https:\/\/talkpal.ai\/fr\/wp-json\/wp\/v2\/types\/page"}],"author":[{"embeddable":true,"href":"https:\/\/talkpal.ai\/fr\/wp-json\/wp\/v2\/users\/6"}],"replies":[{"embeddable":true,"href":"https:\/\/talkpal.ai\/fr\/wp-json\/wp\/v2\/comments?post=73369"}],"version-history":[{"count":0,"href":"https:\/\/talkpal.ai\/fr\/wp-json\/wp\/v2\/pages\/73369\/revisions"}],"wp:featuredmedia":[{"embeddable":true,"href":"https:\/\/talkpal.ai\/fr\/wp-json\/wp\/v2\/media\/11558"}],"wp:attachment":[{"href":"https:\/\/talkpal.ai\/fr\/wp-json\/wp\/v2\/media?parent=73369"}],"curies":[{"name":"wp","href":"https:\/\/api.w.org\/{rel}","templated":true}]}}