{"id":73342,"date":"2023-06-16T13:10:39","date_gmt":"2023-06-16T13:10:39","guid":{"rendered":"http:\/\/talkpal.ai\/exercices-de-grammaire-tcheque\/"},"modified":"2025-12-17T16:28:53","modified_gmt":"2025-12-17T16:28:53","slug":"exercices-de-grammaire-tcheque","status":"publish","type":"page","link":"https:\/\/talkpal.ai\/fr\/exercices-de-grammaire-tcheque\/","title":{"rendered":"Exercices de grammaire tch\u00e8que"},"content":{"rendered":"\r\n\r\n\r\n<section class=\"languageChallengeSection\">\r\n    <div class=\"languageInfoWrapper\">\r\n        \r\n        <h1>Exercices de grammaire tch\u00e8que<\/h1>\r\n        <p>Pr\u00eat \u00e0 aiguiser vos comp\u00e9tences en <a href=\"https:\/\/talkpal.ai\/learn-czech\/\">tch\u00e8que<\/a> ? La pratique des exercices de grammaire est le moyen id\u00e9al pour ma\u00eetriser la structure des phrases, la terminaison des verbes et les particularit\u00e9s de la langue tch\u00e8que. Commencez \u00e0 travailler la <a href=\"https:\/\/talkpal.ai\/czech-grammar\/\">grammaire tch\u00e8que<\/a> d\u00e8s aujourd&#039;hui et voyez votre confiance et votre aisance s&#039;accro\u00eetre \u00e0 chaque exercice !\n\n<\/p>\r\n\r\n                            <a class=\"getStartedHidden\" href=\"https:\/\/app.talkpal.ai\/fr\/signup?lng=\">Commencer<\/a>\r\n        \r\n    <\/div>\r\n\r\n    <figure>\r\n    <img decoding=\"async\" width=\"768\" height=\"768\" src=\"https:\/\/talkpal.ai\/wp-content\/uploads\/2023\/06\/Czech-768x768.png\" class=\"languageImage no-lazy\" alt=\"Default alt text\" fetchpriority=\"high\" sizes=\"(max-width: 768px) 150px, 768px\" srcset=\"https:\/\/talkpal.ai\/wp-content\/uploads\/2023\/06\/Czech-768x768.png 768w, https:\/\/talkpal.ai\/wp-content\/uploads\/2023\/06\/Czech-300x300.png 300w\" \/>\r\n    \r\n\r\n    <\/figure>\r\n\r\n            <a class=\"getStartedVisible\" href=\"https:\/\/app.talkpal.ai\/fr\/signup?lng=\">Commencer<\/a>\r\n    \r\n<\/section>\r\n\r\n\r\n<!-- <section class=\"grammarSection\">\r\n    <div class=\"grammarLinks\">\r\n        <a href=\"https:\/\/talkpal.ai\/fr\/exercise_language\/adjectifs-grammaire-tcheque\/\">Adjectifs <\/a><a href=\"https:\/\/talkpal.ai\/fr\/exercise_language\/adverbes-grammaire-tcheque\/\">Adverbes <\/a><a href=\"https:\/\/talkpal.ai\/fr\/exercise_language\/articles-grammaire-tcheque\/\">Articles <\/a><a href=\"https:\/\/talkpal.ai\/fr\/exercise_language\/comparaison-des-temps-grammaire-tcheque\/\">Comparaison des temps \u2013 Grammaire tch\u00e8que<\/a><a href=\"https:\/\/talkpal.ai\/fr\/exercise_language\/conditionnels-grammaire-tcheque\/\">Conditionnels <\/a><a href=\"https:\/\/talkpal.ai\/fr\/exercise_language\/noms-grammaire-tcheque\/\">Noms <\/a><a href=\"https:\/\/talkpal.ai\/fr\/exercise_language\/phrases-grammaire-tcheque\/\">Phrases \u2013 Grammaire tch\u00e8que<\/a><a href=\"https:\/\/talkpal.ai\/fr\/exercise_language\/prepositions-grammaire-tcheque\/\">Pr\u00e9positions <\/a><a href=\"https:\/\/talkpal.ai\/fr\/exercise_language\/progressif-grammaire-tcheque\/\">Progressif \u2013 Grammaire tch\u00e8que<\/a><a href=\"https:\/\/talkpal.ai\/fr\/exercise_language\/progressif-parfait-grammaire-tcheque\/\">Progressif Parfait <\/a><a href=\"https:\/\/talkpal.ai\/fr\/exercise_language\/pronoms-determinants-grammaire-tcheque\/\">Pronoms\/D\u00e9terminants \u2013 Grammaire tch\u00e8que<\/a><a href=\"https:\/\/talkpal.ai\/fr\/exercise_language\/temps-grammaire-tcheque\/\">Temps \u2013 Grammaire tch\u00e8que<\/a><a href=\"https:\/\/talkpal.ai\/fr\/exercise_language\/verbes-grammaire-tcheque\/\">Verbes \u2013 Grammaire tch\u00e8que<\/a>    <\/div>\r\n<\/section> -->\r\n\r\n\r\n\r\n\r\n        <section class=\"grammarSection\">\r\n            <div class=\"grammarLinks\">\r\n                <a href=\"https:\/\/talkpal.ai\/fr\/exercise_language\/adjectifs-grammaire-tcheque\/\">Adjectifs <\/a><a href=\"https:\/\/talkpal.ai\/fr\/exercise_language\/adverbes-grammaire-tcheque\/\">Adverbes <\/a><a href=\"https:\/\/talkpal.ai\/fr\/exercise_language\/articles-grammaire-tcheque\/\">Articles <\/a><a href=\"https:\/\/talkpal.ai\/fr\/exercise_language\/comparaison-des-temps-grammaire-tcheque\/\">Comparaison des temps \u2013 Grammaire tch\u00e8que<\/a><a href=\"https:\/\/talkpal.ai\/fr\/exercise_language\/conditionnels-grammaire-tcheque\/\">Conditionnels <\/a><a href=\"https:\/\/talkpal.ai\/fr\/exercise_language\/noms-grammaire-tcheque\/\">Noms <\/a><a href=\"https:\/\/talkpal.ai\/fr\/exercise_language\/phrases-grammaire-tcheque\/\">Phrases \u2013 Grammaire tch\u00e8que<\/a><a href=\"https:\/\/talkpal.ai\/fr\/exercise_language\/prepositions-grammaire-tcheque\/\">Pr\u00e9positions <\/a><a href=\"https:\/\/talkpal.ai\/fr\/exercise_language\/progressif-grammaire-tcheque\/\">Progressif \u2013 Grammaire tch\u00e8que<\/a><a href=\"https:\/\/talkpal.ai\/fr\/exercise_language\/progressif-parfait-grammaire-tcheque\/\">Progressif Parfait <\/a><a href=\"https:\/\/talkpal.ai\/fr\/exercise_language\/pronoms-determinants-grammaire-tcheque\/\">Pronoms\/D\u00e9terminants \u2013 Grammaire tch\u00e8que<\/a><a href=\"https:\/\/talkpal.ai\/fr\/exercise_language\/temps-grammaire-tcheque\/\">Temps \u2013 Grammaire tch\u00e8que<\/a><a href=\"https:\/\/talkpal.ai\/fr\/exercise_language\/verbes-grammaire-tcheque\/\">Verbes \u2013 Grammaire tch\u00e8que<\/a>            <\/div>\r\n        <\/section>\r\n<section class=\"promotionalBanner\">\r\n    <p class=\"promotionalText\">La fa\u00e7on la plus efficace d\u2019apprendre une langue<\/p>\r\n    <a class=\"promotionalLink\" href=\"https:\/\/app.talkpal.ai\/fr\/signup?lng=\">Essayez Talkpal gratuitement<\/a>\r\n<\/section>\n<div class=\"wp-block-group pageContainerStyle\"><div class=\"wp-block-group__inner-container is-layout-constrained wp-block-group-is-layout-constrained\">\n<h2 class=\"wp-block-heading\" id=\"h-czech-grammar-topics\">Sujets de grammaire tch\u00e8que<\/h2>\n\n\n\n<p><a href=\"https:\/\/talkpal.ai\/the-best-way-to-start-speaking-a-new-language\/\">Apprendre une nouvelle langue<\/a> peut \u00eatre une exp\u00e9rience passionnante et enrichissante, et la langue tch\u00e8que ne fait pas exception. Avec sa riche histoire et son charme slave unique, la langue tch\u00e8que offre aux apprenants une porte d\u2019entr\u00e9e au c\u0153ur de l\u2019Europe centrale. Pour tirer le <a href=\"https:\/\/talkpal.ai\/es\/la-mejor-aplicacion-de-conversacion-con-ia\/\">meilleur<\/a> parti de votre voyage en langue tch\u00e8que, il est essentiel de comprendre et de ma\u00eetriser la grammaire, qui constitue l&rsquo;\u00e9pine dorsale de toute langue. Qu\u2019il s\u2019agisse de <a href=\"https:\/\/talkpal.ai\/zh-hans\/grammar_exercises\/temps-%e6%b3%95%e8%af%ad%e8%af%ad%e6%b3%95%e7%bb%83%e4%b9%a0\/\">temps<\/a>, de verbes, d\u2019adjectifs ou de pr\u00e9positions, la connaissance de ces sujets grammaticaux vous aidera \u00e0 communiquer efficacement et en toute confiance. Dans ce guide, nous vous guiderons \u00e0 travers les sujets essentiels de la grammaire tch\u00e8que, regroup\u00e9s dans une s\u00e9quence qui facilitera votre apprentissage et votre compr\u00e9hension de la langue.<\/p>\n\n\n\n<h3 class=\"wp-block-heading\" id=\"h-1-nouns\">1. Noms :<\/h3>\n\n\n\n<p>Commencez votre apprentissage avec les noms tch\u00e8ques, car ils sont la base de la langue. Les noms tch\u00e8ques ont trois genres (masculin, f\u00e9minin et neutre) et sept cas (nominatif, g\u00e9nitif, datif, accusatif, vocatif, locatif et instrumental). La compr\u00e9hension du genre et du syst\u00e8me de cas est cruciale pour une bonne formation de la phrase.<\/p>\n\n\n\n<h3 class=\"wp-block-heading\" id=\"h-2-articles\">2. Articles:<\/h3>\n\n\n\n<p>la langue tch\u00e8que n\u2019a pas d\u2019articles ind\u00e9finis (a, an), et l\u2019<a href=\"https:\/\/talkpal.ai\/fr\/grammar\/article-defini-dans-la-grammaire-azerbaidjanaise\/\">article d\u00e9fini<\/a> (le) n\u2019est utilis\u00e9 que dans certaines situations sp\u00e9cifiques. Apprenez quand et comment utiliser l\u2019article d\u00e9fini pour am\u00e9liorer votre compr\u00e9hension de la grammaire tch\u00e8que.<\/p>\n\n\n\n<h3 class=\"wp-block-heading\" id=\"h-3-pronouns-determiners\">3. Pronoms\/d\u00e9terminants :<\/h3>\n\n\n\n<p>Les pronoms remplacent les noms dans les phrases, tandis que les d\u00e9terminants sp\u00e9cifient ou modifient les noms. Familiarisez-vous avec les <a href=\"https:\/\/talkpal.ai\/hi\/grammar_exercises\/pronoms-personnels-%e0%a4%ab%e0%a5%8d%e0%a4%b0%e0%a4%be%e0%a4%82%e0%a4%b8%e0%a5%80%e0%a4%b8%e0%a5%80-%e0%a4%b5%e0%a5%8d%e0%a4%af%e0%a4%be%e0%a4%95%e0%a4%b0%e0%a4%a3-%e0%a4%95%e0%a5%87-%e0%a4%b2\/\">pronoms personnels<\/a>, possessifs, d\u00e9monstratifs, r\u00e9flexifs et interrogatifs tch\u00e8ques, ainsi qu\u2019avec les d\u00e9terminants, pour cr\u00e9er des phrases plus complexes.<\/p>\n\n\n\n<h3 class=\"wp-block-heading\" id=\"h-4-adjectives\">4. Adjectifs :<\/h3>\n\n\n\n<p>Les adjectifs d\u00e9crivent ou modifient les noms en tch\u00e8que. Apprenez \u00e0 les utiliser dans le bon genre, le bon nombre et la bonne casse pour s\u2019accorder avec le nom qu\u2019ils d\u00e9crivent.<\/p>\n\n\n\n<h3 class=\"wp-block-heading\" id=\"h-5-adverbs\">5. Adverbes :<\/h3>\n\n\n\n<p>Les adverbes modifient les verbes, les adjectifs ou d\u2019autres adverbes. Ils fournissent des informations suppl\u00e9mentaires sur l\u2019action, telles que la mani\u00e8re, l\u2019heure ou le lieu. La ma\u00eetrise des adverbes tch\u00e8ques vous aidera \u00e0 transmettre votre message de mani\u00e8re plus pr\u00e9cise.<\/p>\n\n\n\n<h3 class=\"wp-block-heading\" id=\"h-6-verbs\">6. Verbes :<\/h3>\n\n\n\n<p>Les verbes tch\u00e8ques sont essentiels pour exprimer des actions, des \u00e9v\u00e9nements ou des \u00e9tats. Apprenez les mod\u00e8les de conjugaison, les temps (pass\u00e9, pr\u00e9sent et futur) et les aspects (perfectifs et imperfectifs) pour communiquer efficacement.<\/p>\n\n\n\n<h3 class=\"wp-block-heading\" id=\"h-7-tense-comparison\">7. Comparaison tendue :<\/h3>\n\n\n\n<p>Comprendre les diff\u00e9rences et l\u2019utilisation des temps tch\u00e8ques (pass\u00e9, pr\u00e9sent et futur) vous permettra d\u2019exprimer vos pens\u00e9es avec pr\u00e9cision et d\u2019\u00e9viter toute confusion.<\/p>\n\n\n\n<h3 class=\"wp-block-heading\" id=\"h-8-progressive-and-perfect-progressive\">8. Progressif et parfait :<\/h3>\n\n\n\n<p>Le tch\u00e8que n\u2019a pas d\u2019\u00e9quivalent direct pour les temps progressifs et les temps progressifs parfaits anglais. Au lieu de cela, la langue utilise diff\u00e9rents aspects verbaux (perfectif et imperfectif) et des constructions pour transmettre des significations similaires. Apprenez \u00e0 former et \u00e0 utiliser ces constructions pour exprimer des actions en cours ou termin\u00e9es.<\/p>\n\n\n\n<h3 class=\"wp-block-heading\" id=\"h-9-conditionals\">9. Conditionnels :<\/h3>\n\n\n\n<p>Les conditionnels sont utilis\u00e9s pour exprimer des situations ou des conditions hypoth\u00e9tiques. Ma\u00eetrisez les formes conditionnelles tch\u00e8ques pour discuter des possibilit\u00e9s et faire des pr\u00e9dictions.<\/p>\n\n\n\n<h3 class=\"wp-block-heading\" id=\"h-10-prepositions\">10. Pr\u00e9positions :<\/h3>\n\n\n\n<p>Les pr\u00e9positions sont utilis\u00e9es pour indiquer les relations entre les mots, telles que le lieu, la direction, le temps ou la cause. Apprendre et utiliser correctement les pr\u00e9positions tch\u00e8ques vous aidera \u00e0 construire des phrases claires et significatives.<\/p>\n\n\n\n<h3 class=\"wp-block-heading\" id=\"h-11-sentences\">11. Peines :<\/h3>\n\n\n\n<p>Enfin, entra\u00eenez-vous \u00e0 former des phrases tch\u00e8ques en combinant les \u00e9l\u00e9ments grammaticaux que vous avez appris. Concentrez-vous sur la cr\u00e9ation de phrases simples, compos\u00e9es, complexes et compos\u00e9es-complexes pour am\u00e9liorer votre fluidit\u00e9 et vos comp\u00e9tences de communication en langue tch\u00e8que.<\/p>\n<\/div><\/div>\n\r\n<section class=\"learnNavigationSection\">\r\n            \r\n        <a href=\"https:\/\/talkpal.ai\/fr\/apprendre-le-tcheque\/\">\r\n            <div class=\"learnNavigationWrapper\">\r\n                <div class=\"learnNavigationContent\">\r\n                    <img decoding=\"async\" src=\"https:\/\/talkpal.ai\/wp-content\/uploads\/2024\/08\/Czech.jpg\" alt=\"Czech Flag\">\r\n                    <div>\r\n                        <h4>\u00c0 propos de Czech Learning<\/h4>\r\n                        <p>Tout savoir sur la grammaire tch\u00e8que.<\/p>\r\n                    <\/div>\r\n                <\/div>\r\n            <\/div>\r\n        <\/a>\r\n\r\n        \r\n        <a href=\"https:\/\/talkpal.ai\/fr\/grammaire-tcheque\/\">\r\n            <div class=\"learnNavigationWrapper\">\r\n                <div class=\"learnNavigationContent\">\r\n                    <img decoding=\"async\" src=\"https:\/\/talkpal.ai\/wp-content\/uploads\/2024\/08\/Czech.jpg\" alt=\"Czech Flag\">\r\n                    <div>\r\n                        <h4>Le\u00e7ons de grammaire tch\u00e8que<\/h4>\r\n                        <p>Pratiquez la grammaire tch\u00e8que.<\/p>\r\n                    <\/div>\r\n                <\/div>\r\n            <\/div>\r\n        <\/a>\r\n\r\n        \r\n        <a href=\"https:\/\/talkpal.ai\/vocabulary_language\/czech\/\">\r\n            <div class=\"learnNavigationWrapper\">\r\n                <div class=\"learnNavigationContent\">\r\n                    <img decoding=\"async\" src=\"https:\/\/talkpal.ai\/wp-content\/uploads\/2024\/08\/Czech.jpg\" alt=\"Czech Flag\">\r\n                    <div>\r\n                        <h4>Vocabulaire tch\u00e8que<\/h4>\r\n                        <p>\u00c9largissez votre vocabulaire tch\u00e8que.<\/p>\r\n                    <\/div>\r\n                <\/div>\r\n            <\/div>\r\n        <\/a>\r\n\r\n            <\/section>","protected":false},"excerpt":{"rendered":"<p>Sujets de grammaire tch\u00e8que Apprendre une nouvelle langue peut \u00eatre une exp\u00e9rience passionnante et enrichissante, et la langue tch\u00e8que ne fait pas exception. Avec sa riche histoire et son charme slave unique, la langue tch\u00e8que offre aux apprenants une porte d\u2019entr\u00e9e au c\u0153ur de l\u2019Europe centrale. Pour tirer le meilleur parti de votre voyage en [&hellip;]<\/p>\n","protected":false},"author":6,"featured_media":28268,"parent":0,"menu_order":0,"comment_status":"closed","ping_status":"closed","template":"LearningContentPage.php","meta":{"_acf_changed":false,"footnotes":""},"class_list":["post-73342","page","type-page","status-publish","has-post-thumbnail","hentry"],"acf":[],"yoast_head":"<!-- This site is optimized with the Yoast SEO Premium plugin v27.2 (Yoast SEO v27.2) - https:\/\/yoast.com\/product\/yoast-seo-premium-wordpress\/ -->\n<title>Exercices de grammaire tch\u00e8que - Talkpal<\/title>\n<meta name=\"description\" content=\"Percez les secrets de la langue tch\u00e8que gr\u00e2ce aux exercices de grammaire tch\u00e8que indispensables pour communiquer en toute confiance.\" \/>\n<meta name=\"robots\" content=\"index, follow, max-snippet:-1, max-image-preview:large, max-video-preview:-1\" \/>\n<link rel=\"canonical\" href=\"https:\/\/talkpal.ai\/fr\/exercices-de-grammaire-tcheque\/\" \/>\n<meta property=\"og:locale\" content=\"fr_FR\" \/>\n<meta property=\"og:type\" content=\"article\" \/>\n<meta property=\"og:title\" content=\"Exercices de grammaire tch\u00e8que\" \/>\n<meta property=\"og:description\" content=\"Sujets de grammaire tch\u00e8que Apprendre une nouvelle langue peut \u00eatre une exp\u00e9rience passionnante et enrichissante, et la langue tch\u00e8que ne fait pas\" \/>\n<meta property=\"og:url\" content=\"https:\/\/talkpal.ai\/fr\/exercices-de-grammaire-tcheque\/\" \/>\n<meta property=\"og:site_name\" content=\"Talkpal\" \/>\n<meta property=\"article:publisher\" content=\"https:\/\/www.facebook.com\/profile.php?id=100090733639311\" \/>\n<meta property=\"article:modified_time\" content=\"2025-12-17T16:28:53+00:00\" \/>\n<meta property=\"og:image\" content=\"https:\/\/talkpal.ai\/wp-content\/uploads\/2023\/05\/czech-republic.png\" \/>\n\t<meta property=\"og:image:width\" content=\"512\" \/>\n\t<meta property=\"og:image:height\" content=\"512\" \/>\n\t<meta property=\"og:image:type\" content=\"image\/png\" \/>\n<meta name=\"twitter:card\" content=\"summary_large_image\" \/>\n<meta name=\"twitter:site\" content=\"@talkpalai\" \/>\n<meta name=\"twitter:label1\" content=\"Dur\u00e9e de lecture estim\u00e9e\" \/>\n\t<meta name=\"twitter:data1\" content=\"3 minutes\" \/>\n<script type=\"application\/ld+json\" class=\"yoast-schema-graph\">{\"@context\":\"https:\/\/schema.org\",\"@graph\":[{\"@type\":\"WebPage\",\"@id\":\"https:\/\/talkpal.ai\/fr\/exercices-de-grammaire-tcheque\/\",\"url\":\"https:\/\/talkpal.ai\/fr\/exercices-de-grammaire-tcheque\/\",\"name\":\"Exercices de grammaire tch\u00e8que - Talkpal\",\"isPartOf\":{\"@id\":\"https:\/\/talkpal.ai\/fr\/#website\"},\"primaryImageOfPage\":{\"@id\":\"https:\/\/talkpal.ai\/fr\/exercices-de-grammaire-tcheque\/#primaryimage\"},\"image\":{\"@id\":\"https:\/\/talkpal.ai\/fr\/exercices-de-grammaire-tcheque\/#primaryimage\"},\"thumbnailUrl\":\"https:\/\/talkpal.ai\/wp-content\/uploads\/2023\/05\/czech-republic.png\",\"datePublished\":\"2023-06-16T13:10:39+00:00\",\"dateModified\":\"2025-12-17T16:28:53+00:00\",\"description\":\"Percez les secrets de la langue tch\u00e8que gr\u00e2ce aux exercices de grammaire tch\u00e8que indispensables pour communiquer en toute confiance.\",\"breadcrumb\":{\"@id\":\"https:\/\/talkpal.ai\/fr\/exercices-de-grammaire-tcheque\/#breadcrumb\"},\"inLanguage\":\"fr-FR\",\"potentialAction\":[{\"@type\":\"ReadAction\",\"target\":[\"https:\/\/talkpal.ai\/fr\/exercices-de-grammaire-tcheque\/\"]}]},{\"@type\":\"ImageObject\",\"inLanguage\":\"fr-FR\",\"@id\":\"https:\/\/talkpal.ai\/fr\/exercices-de-grammaire-tcheque\/#primaryimage\",\"url\":\"https:\/\/talkpal.ai\/wp-content\/uploads\/2023\/05\/czech-republic.png\",\"contentUrl\":\"https:\/\/talkpal.ai\/wp-content\/uploads\/2023\/05\/czech-republic.png\",\"width\":512,\"height\":512},{\"@type\":\"BreadcrumbList\",\"@id\":\"https:\/\/talkpal.ai\/fr\/exercices-de-grammaire-tcheque\/#breadcrumb\",\"itemListElement\":[{\"@type\":\"ListItem\",\"position\":1,\"name\":\"Homepage\",\"item\":\"https:\/\/talkpal.ai\/fr\/\"},{\"@type\":\"ListItem\",\"position\":2,\"name\":\"Exercices de grammaire tch\u00e8que\"}]},{\"@type\":\"WebSite\",\"@id\":\"https:\/\/talkpal.ai\/fr\/#website\",\"url\":\"https:\/\/talkpal.ai\/fr\/\",\"name\":\"Talkpal\",\"description\":\"AI Language Learning\",\"publisher\":{\"@id\":\"https:\/\/talkpal.ai\/fr\/#organization\"},\"alternateName\":\"Talkpal AI\",\"potentialAction\":[{\"@type\":\"SearchAction\",\"target\":{\"@type\":\"EntryPoint\",\"urlTemplate\":\"https:\/\/talkpal.ai\/fr\/?s={search_term_string}\"},\"query-input\":{\"@type\":\"PropertyValueSpecification\",\"valueRequired\":true,\"valueName\":\"search_term_string\"}}],\"inLanguage\":\"fr-FR\"},{\"@type\":\"Organization\",\"@id\":\"https:\/\/talkpal.ai\/fr\/#organization\",\"name\":\"Talkpal, Inc.\",\"alternateName\":\"Talkpal AI\",\"url\":\"https:\/\/talkpal.ai\/fr\/\",\"logo\":{\"@type\":\"ImageObject\",\"inLanguage\":\"fr-FR\",\"@id\":\"https:\/\/talkpal.ai\/fr\/#\/schema\/logo\/image\/\",\"url\":\"https:\/\/talkpal.ai\/wp-content\/uploads\/2024\/03\/Talkpal-Logo-Icon.png\",\"contentUrl\":\"https:\/\/talkpal.ai\/wp-content\/uploads\/2024\/03\/Talkpal-Logo-Icon.png\",\"width\":2880,\"height\":2880,\"caption\":\"Talkpal, Inc.\"},\"image\":{\"@id\":\"https:\/\/talkpal.ai\/fr\/#\/schema\/logo\/image\/\"},\"sameAs\":[\"https:\/\/www.facebook.com\/profile.php?id=100090733639311\",\"https:\/\/x.com\/talkpalai\",\"https:\/\/www.linkedin.com\/company\/talkpal\/\",\"https:\/\/www.youtube.com\/@TalkPal\/\",\"https:\/\/www.tiktok.com\/@talkpal\",\"https:\/\/www.instagram.com\/talkpal_ai\/\",\"https:\/\/www.crunchbase.com\/organization\/talkpal-9cde\",\"https:\/\/www.g2.com\/products\/talkpal-for-business\/\",\"https:\/\/www.trustpilot.com\/review\/talkpal.ai\",\"https:\/\/www.capterra.com\/p\/10006800\/TalkPal\/\"],\"description\":\"Talkpal is a language learning web and mobile education app, powered by the latest AI technologies, that provides engaging experiences to its customers in many different languages to help them improve their language skills. Users can chat about unlimited amount of topics with the app and use other modes to practice their language learning.\",\"email\":\"support@talkpal.ai\",\"legalName\":\"Talkpal, Inc.\",\"foundingDate\":\"2023-04-03\",\"duns\":\"118989042\",\"numberOfEmployees\":{\"@type\":\"QuantitativeValue\",\"minValue\":\"11\",\"maxValue\":\"50\"},\"publishingPrinciples\":\"https:\/\/talkpal.ai\/publishing-principles\/\",\"actionableFeedbackPolicy\":\"https:\/\/talkpal.ai\/actionable-feedback-policy\/\",\"correctionsPolicy\":\"https:\/\/talkpal.ai\/corrections-policy\/\",\"ethicsPolicy\":\"https:\/\/talkpal.ai\/ethics-policy\/\",\"diversityPolicy\":\"https:\/\/talkpal.ai\/diversity-policy\/\",\"diversityStaffingReport\":\"https:\/\/talkpal.ai\/diversity-policy\/\"}]}<\/script>\n<!-- \/ Yoast SEO Premium plugin. -->","yoast_head_json":{"title":"Exercices de grammaire tch\u00e8que - Talkpal","description":"Percez les secrets de la langue tch\u00e8que gr\u00e2ce aux exercices de grammaire tch\u00e8que indispensables pour communiquer en toute confiance.","robots":{"index":"index","follow":"follow","max-snippet":"max-snippet:-1","max-image-preview":"max-image-preview:large","max-video-preview":"max-video-preview:-1"},"canonical":"https:\/\/talkpal.ai\/fr\/exercices-de-grammaire-tcheque\/","og_locale":"fr_FR","og_type":"article","og_title":"Exercices de grammaire tch\u00e8que","og_description":"Sujets de grammaire tch\u00e8que Apprendre une nouvelle langue peut \u00eatre une exp\u00e9rience passionnante et enrichissante, et la langue tch\u00e8que ne fait pas","og_url":"https:\/\/talkpal.ai\/fr\/exercices-de-grammaire-tcheque\/","og_site_name":"Talkpal","article_publisher":"https:\/\/www.facebook.com\/profile.php?id=100090733639311","article_modified_time":"2025-12-17T16:28:53+00:00","og_image":[{"width":512,"height":512,"url":"https:\/\/talkpal.ai\/wp-content\/uploads\/2023\/05\/czech-republic.png","type":"image\/png"}],"twitter_card":"summary_large_image","twitter_site":"@talkpalai","twitter_misc":{"Dur\u00e9e de lecture estim\u00e9e":"3 minutes"},"schema":{"@context":"https:\/\/schema.org","@graph":[{"@type":"WebPage","@id":"https:\/\/talkpal.ai\/fr\/exercices-de-grammaire-tcheque\/","url":"https:\/\/talkpal.ai\/fr\/exercices-de-grammaire-tcheque\/","name":"Exercices de grammaire tch\u00e8que - Talkpal","isPartOf":{"@id":"https:\/\/talkpal.ai\/fr\/#website"},"primaryImageOfPage":{"@id":"https:\/\/talkpal.ai\/fr\/exercices-de-grammaire-tcheque\/#primaryimage"},"image":{"@id":"https:\/\/talkpal.ai\/fr\/exercices-de-grammaire-tcheque\/#primaryimage"},"thumbnailUrl":"https:\/\/talkpal.ai\/wp-content\/uploads\/2023\/05\/czech-republic.png","datePublished":"2023-06-16T13:10:39+00:00","dateModified":"2025-12-17T16:28:53+00:00","description":"Percez les secrets de la langue tch\u00e8que gr\u00e2ce aux exercices de grammaire tch\u00e8que indispensables pour communiquer en toute confiance.","breadcrumb":{"@id":"https:\/\/talkpal.ai\/fr\/exercices-de-grammaire-tcheque\/#breadcrumb"},"inLanguage":"fr-FR","potentialAction":[{"@type":"ReadAction","target":["https:\/\/talkpal.ai\/fr\/exercices-de-grammaire-tcheque\/"]}]},{"@type":"ImageObject","inLanguage":"fr-FR","@id":"https:\/\/talkpal.ai\/fr\/exercices-de-grammaire-tcheque\/#primaryimage","url":"https:\/\/talkpal.ai\/wp-content\/uploads\/2023\/05\/czech-republic.png","contentUrl":"https:\/\/talkpal.ai\/wp-content\/uploads\/2023\/05\/czech-republic.png","width":512,"height":512},{"@type":"BreadcrumbList","@id":"https:\/\/talkpal.ai\/fr\/exercices-de-grammaire-tcheque\/#breadcrumb","itemListElement":[{"@type":"ListItem","position":1,"name":"Homepage","item":"https:\/\/talkpal.ai\/fr\/"},{"@type":"ListItem","position":2,"name":"Exercices de grammaire tch\u00e8que"}]},{"@type":"WebSite","@id":"https:\/\/talkpal.ai\/fr\/#website","url":"https:\/\/talkpal.ai\/fr\/","name":"Talkpal","description":"AI Language Learning","publisher":{"@id":"https:\/\/talkpal.ai\/fr\/#organization"},"alternateName":"Talkpal AI","potentialAction":[{"@type":"SearchAction","target":{"@type":"EntryPoint","urlTemplate":"https:\/\/talkpal.ai\/fr\/?s={search_term_string}"},"query-input":{"@type":"PropertyValueSpecification","valueRequired":true,"valueName":"search_term_string"}}],"inLanguage":"fr-FR"},{"@type":"Organization","@id":"https:\/\/talkpal.ai\/fr\/#organization","name":"Talkpal, Inc.","alternateName":"Talkpal AI","url":"https:\/\/talkpal.ai\/fr\/","logo":{"@type":"ImageObject","inLanguage":"fr-FR","@id":"https:\/\/talkpal.ai\/fr\/#\/schema\/logo\/image\/","url":"https:\/\/talkpal.ai\/wp-content\/uploads\/2024\/03\/Talkpal-Logo-Icon.png","contentUrl":"https:\/\/talkpal.ai\/wp-content\/uploads\/2024\/03\/Talkpal-Logo-Icon.png","width":2880,"height":2880,"caption":"Talkpal, Inc."},"image":{"@id":"https:\/\/talkpal.ai\/fr\/#\/schema\/logo\/image\/"},"sameAs":["https:\/\/www.facebook.com\/profile.php?id=100090733639311","https:\/\/x.com\/talkpalai","https:\/\/www.linkedin.com\/company\/talkpal\/","https:\/\/www.youtube.com\/@TalkPal\/","https:\/\/www.tiktok.com\/@talkpal","https:\/\/www.instagram.com\/talkpal_ai\/","https:\/\/www.crunchbase.com\/organization\/talkpal-9cde","https:\/\/www.g2.com\/products\/talkpal-for-business\/","https:\/\/www.trustpilot.com\/review\/talkpal.ai","https:\/\/www.capterra.com\/p\/10006800\/TalkPal\/"],"description":"Talkpal is a language learning web and mobile education app, powered by the latest AI technologies, that provides engaging experiences to its customers in many different languages to help them improve their language skills. Users can chat about unlimited amount of topics with the app and use other modes to practice their language learning.","email":"support@talkpal.ai","legalName":"Talkpal, Inc.","foundingDate":"2023-04-03","duns":"118989042","numberOfEmployees":{"@type":"QuantitativeValue","minValue":"11","maxValue":"50"},"publishingPrinciples":"https:\/\/talkpal.ai\/publishing-principles\/","actionableFeedbackPolicy":"https:\/\/talkpal.ai\/actionable-feedback-policy\/","correctionsPolicy":"https:\/\/talkpal.ai\/corrections-policy\/","ethicsPolicy":"https:\/\/talkpal.ai\/ethics-policy\/","diversityPolicy":"https:\/\/talkpal.ai\/diversity-policy\/","diversityStaffingReport":"https:\/\/talkpal.ai\/diversity-policy\/"}]}},"_links":{"self":[{"href":"https:\/\/talkpal.ai\/fr\/wp-json\/wp\/v2\/pages\/73342","targetHints":{"allow":["GET"]}}],"collection":[{"href":"https:\/\/talkpal.ai\/fr\/wp-json\/wp\/v2\/pages"}],"about":[{"href":"https:\/\/talkpal.ai\/fr\/wp-json\/wp\/v2\/types\/page"}],"author":[{"embeddable":true,"href":"https:\/\/talkpal.ai\/fr\/wp-json\/wp\/v2\/users\/6"}],"replies":[{"embeddable":true,"href":"https:\/\/talkpal.ai\/fr\/wp-json\/wp\/v2\/comments?post=73342"}],"version-history":[{"count":0,"href":"https:\/\/talkpal.ai\/fr\/wp-json\/wp\/v2\/pages\/73342\/revisions"}],"wp:featuredmedia":[{"embeddable":true,"href":"https:\/\/talkpal.ai\/fr\/wp-json\/wp\/v2\/media\/28268"}],"wp:attachment":[{"href":"https:\/\/talkpal.ai\/fr\/wp-json\/wp\/v2\/media?parent=73342"}],"curies":[{"name":"wp","href":"https:\/\/api.w.org\/{rel}","templated":true}]}}