{"id":73341,"date":"2023-06-21T14:50:44","date_gmt":"2023-06-21T14:50:44","guid":{"rendered":"http:\/\/talkpal.ai\/exercices-de-grammaire-islandaise\/"},"modified":"2025-12-17T16:09:44","modified_gmt":"2025-12-17T16:09:44","slug":"exercices-de-grammaire-islandaise","status":"publish","type":"page","link":"https:\/\/talkpal.ai\/fr\/exercices-de-grammaire-islandaise\/","title":{"rendered":"Exercices de grammaire islandaise"},"content":{"rendered":"\r\n\r\n\r\n<section class=\"languageChallengeSection\">\r\n    <div class=\"languageInfoWrapper\">\r\n        \r\n        <h1>Exercices de grammaire islandaise<\/h1>\r\n        <p>Pr\u00eat \u00e0 renforcer vos comp\u00e9tences en <a href=\"https:\/\/talkpal.ai\/learn-icelandic\/\">islandais<\/a> ? Les exercices de grammaire sont un excellent moyen de ma\u00eetriser la structure des phrases, la forme des verbes et les particularit\u00e9s de la langue islandaise. Commencez \u00e0 explorer la <a href=\"https:\/\/talkpal.ai\/es\/gramatica-islandesa\/\">grammaire islandaise<\/a> d\u00e8s aujourd&#039;hui et voyez votre confiance et votre aisance augmenter \u00e0 chaque exercice !\n\n<\/p>\r\n\r\n                            <a class=\"getStartedHidden\" href=\"https:\/\/app.talkpal.ai\/fr\/signup?lng=\">Commencer<\/a>\r\n        \r\n    <\/div>\r\n\r\n    <figure>\r\n    <img decoding=\"async\" width=\"768\" height=\"768\" src=\"https:\/\/talkpal.ai\/wp-content\/uploads\/2023\/06\/Icelandic-768x768.png\" class=\"languageImage no-lazy\" alt=\"Default alt text\" fetchpriority=\"high\" sizes=\"(max-width: 768px) 150px, 768px\" srcset=\"https:\/\/talkpal.ai\/wp-content\/uploads\/2023\/06\/Icelandic-768x768.png 768w, https:\/\/talkpal.ai\/wp-content\/uploads\/2023\/06\/Icelandic-300x300.png 300w\" \/>\r\n    \r\n\r\n    <\/figure>\r\n\r\n            <a class=\"getStartedVisible\" href=\"https:\/\/app.talkpal.ai\/fr\/signup?lng=\">Commencer<\/a>\r\n    \r\n<\/section>\r\n\r\n\r\n<!-- <section class=\"grammarSection\">\r\n    <div class=\"grammarLinks\">\r\n        <a href=\"https:\/\/talkpal.ai\/fr\/exercise_language\/adjectifs-grammaire-islandaise\/\">Adjectifs <\/a><a href=\"https:\/\/talkpal.ai\/fr\/exercise_language\/adverbes-grammaire-islandaise\/\">Adverbes <\/a><a href=\"https:\/\/talkpal.ai\/fr\/exercise_language\/articles-grammaire-islandaise\/\">Articles <\/a><a href=\"https:\/\/talkpal.ai\/fr\/exercise_language\/comparaison-des-temps-grammaire-islandaise\/\">Comparaison des temps <\/a><a href=\"https:\/\/talkpal.ai\/fr\/exercise_language\/conditionnels-grammaire-islandaise\/\">Conditionnels <\/a><a href=\"https:\/\/talkpal.ai\/fr\/exercise_language\/noms-grammaire-islandaise\/\">Noms <\/a><a href=\"https:\/\/talkpal.ai\/fr\/exercise_language\/phrases-grammaire-islandaise\/\">Phrases <\/a><a href=\"https:\/\/talkpal.ai\/fr\/exercise_language\/prepositions-grammaire-islandaise\/\">Pr\u00e9positions <\/a><a href=\"https:\/\/talkpal.ai\/fr\/exercise_language\/progressif-grammaire-islandaise\/\">Progressif <\/a><a href=\"https:\/\/talkpal.ai\/fr\/exercise_language\/progressif-parfait-grammaire-islandaise\/\">Progressif parfait <\/a><a href=\"https:\/\/talkpal.ai\/fr\/exercise_language\/pronoms-determinants-grammaire-islandaise\/\">Pronoms\/D\u00e9terminants <\/a><a href=\"https:\/\/talkpal.ai\/fr\/exercise_language\/temps-grammaire-islandaise\/\">Temps <\/a><a href=\"https:\/\/talkpal.ai\/fr\/exercise_language\/verbes-grammaire-islandaise\/\">Verbes <\/a>    <\/div>\r\n<\/section> -->\r\n\r\n\r\n\r\n\r\n        <section class=\"grammarSection\">\r\n            <div class=\"grammarLinks\">\r\n                <a href=\"https:\/\/talkpal.ai\/fr\/exercise_language\/adjectifs-grammaire-islandaise\/\">Adjectifs <\/a><a href=\"https:\/\/talkpal.ai\/fr\/exercise_language\/adverbes-grammaire-islandaise\/\">Adverbes <\/a><a href=\"https:\/\/talkpal.ai\/fr\/exercise_language\/articles-grammaire-islandaise\/\">Articles <\/a><a href=\"https:\/\/talkpal.ai\/fr\/exercise_language\/comparaison-des-temps-grammaire-islandaise\/\">Comparaison des temps <\/a><a href=\"https:\/\/talkpal.ai\/fr\/exercise_language\/conditionnels-grammaire-islandaise\/\">Conditionnels <\/a><a href=\"https:\/\/talkpal.ai\/fr\/exercise_language\/noms-grammaire-islandaise\/\">Noms <\/a><a href=\"https:\/\/talkpal.ai\/fr\/exercise_language\/phrases-grammaire-islandaise\/\">Phrases <\/a><a href=\"https:\/\/talkpal.ai\/fr\/exercise_language\/prepositions-grammaire-islandaise\/\">Pr\u00e9positions <\/a><a href=\"https:\/\/talkpal.ai\/fr\/exercise_language\/progressif-grammaire-islandaise\/\">Progressif <\/a><a href=\"https:\/\/talkpal.ai\/fr\/exercise_language\/progressif-parfait-grammaire-islandaise\/\">Progressif parfait <\/a><a href=\"https:\/\/talkpal.ai\/fr\/exercise_language\/pronoms-determinants-grammaire-islandaise\/\">Pronoms\/D\u00e9terminants <\/a><a href=\"https:\/\/talkpal.ai\/fr\/exercise_language\/temps-grammaire-islandaise\/\">Temps <\/a><a href=\"https:\/\/talkpal.ai\/fr\/exercise_language\/verbes-grammaire-islandaise\/\">Verbes <\/a>            <\/div>\r\n        <\/section>\r\n<section class=\"promotionalBanner\">\r\n    <p class=\"promotionalText\">La fa\u00e7on la plus efficace d\u2019apprendre une langue<\/p>\r\n    <a class=\"promotionalLink\" href=\"https:\/\/app.talkpal.ai\/fr\/signup?lng=\">Essayez Talkpal gratuitement<\/a>\r\n<\/section>\n<div class=\"wp-block-group pageContainerStyle\"><div class=\"wp-block-group__inner-container is-layout-constrained wp-block-group-is-layout-constrained\">\n<h2 class=\"wp-block-heading\" id=\"h-icelandic-grammar-topics\">Sujets de grammaire islandaise<\/h2>\n\n\n\n<p>L\u2019islandais, une langue germanique du Nord parl\u00e9e par plus de 300 000 personnes, est la langue officielle de l\u2019Islande. Connu pour sa grammaire complexe et son vocabulaire riche, l\u2019islandais a un charme unique qui attire les apprenants de langues du monde entier. Avec ses racines dans le vieux norrois, l\u2019islandais a une forte tradition litt\u00e9raire qui remonte \u00e0 l\u2019\u00e2ge viking. Dans cet article, nous allons explorer les principaux sujets de grammaire islandaise qui vous aideront \u00e0 comprendre et \u00e0 ma\u00eetriser cette langue fascinante, des bases telles que les noms et les verbes aux structures plus complexes comme les conditionnels et les pr\u00e9positions.<\/p>\n\n\n\n<h3 class=\"wp-block-heading\" id=\"h-1-nouns\">1. Noms<\/h3>\n\n\n\n<p>Commencez par apprendre les bases des noms islandais, qui englobent les personnes, les lieux et les choses. L\u2019islandais a trois genres grammaticaux (masculin, f\u00e9minin et neutre) et quatre cas (nominatif, accusatif, datif et g\u00e9nitif). La compr\u00e9hension de ces aspects est essentielle pour une d\u00e9clinaison correcte et un accord avec d\u2019autres parties du discours.<\/p>\n\n\n\n<h3 class=\"wp-block-heading\" id=\"h-2-articles\">2. Les articles<\/h3>\n\n\n\n<p>L\u2019islandais n\u2019a pas d\u2019articles ind\u00e9finis, mais il a des <a href=\"https:\/\/talkpal.ai\/fr\/grammar\/articles-definis-en-grammaire-catalane\/\">articles d\u00e9finis<\/a> qui sont attach\u00e9s \u00e0 la <a href=\"https:\/\/talkpal.ai\/learn-finnish\/\">fin<\/a> d\u2019un nom. Apprenez \u00e0 former l\u2019<a href=\"https:\/\/talkpal.ai\/fr\/grammar\/article-defini-dans-la-grammaire-azerbaidjanaise\/\">article d\u00e9fini<\/a> pour chaque genre et chaque cas, car cela vous aidera \u00e0 utiliser correctement les noms.<\/p>\n\n\n\n<h3 class=\"wp-block-heading\" id=\"h-3-pronouns-determiners\">3. Pronoms\/D\u00e9terminants<\/h3>\n\n\n\n<p>L\u2019islandais a des <a href=\"https:\/\/talkpal.ai\/hi\/grammar_exercises\/pronoms-personnels-%e0%a4%ab%e0%a5%8d%e0%a4%b0%e0%a4%be%e0%a4%82%e0%a4%b8%e0%a5%80%e0%a4%b8%e0%a5%80-%e0%a4%b5%e0%a5%8d%e0%a4%af%e0%a4%be%e0%a4%95%e0%a4%b0%e0%a4%a3-%e0%a4%95%e0%a5%87-%e0%a4%b2\/\">pronoms personnels<\/a>, possessifs, r\u00e9fl\u00e9chis et d\u00e9monstratifs, ainsi que des quantificateurs et des d\u00e9terminants interrogatifs. Familiarisez-vous avec ces <a href=\"https:\/\/talkpal.ai\/bg\/grammar_exercises\/pronoms-et-determinants-ownifs-%d1%83%d0%bf%d1%80%d0%b0%d0%b6%d0%bd%d0%b5%d0%bd%d0%b8%d1%8f-%d0%b7%d0%b0-%d1%84%d1%80%d0%b5%d0%bd%d1%81%d0%ba%d0%b0-%d0%b3%d1%80%d0%b0%d0%bc%d0%b0%d1%82%d0%b8%d0%ba\/\">pronoms et d\u00e9terminants<\/a> et leurs d\u00e9clinaisons respectives pour vous assurer d\u2019un accord et d\u2019un usage corrects dans les phrases.<\/p>\n\n\n\n<h3 class=\"wp-block-heading\" id=\"h-4-adjectives\">4. Les adjectifs<\/h3>\n\n\n\n<p>Les adjectifs en islandais doivent s\u2019accorder en genre, en nombre et en casse avec le nom qu\u2019ils modifient. Apprenez les diff\u00e9rents mod\u00e8les de d\u00e9clinaison des adjectifs et comment ils changent en fonction du genre et de la casse du nom.<\/p>\n\n\n\n<h3 class=\"wp-block-heading\" id=\"h-5-verbs\">5. Verbes<\/h3>\n\n\n\n<p>Les verbes islandais sont conjugu\u00e9s en fonction du <a href=\"https:\/\/talkpal.ai\/zh-hans\/grammar_exercises\/temps-%e6%b3%95%e8%af%ad%e8%af%ad%e6%b3%95%e7%bb%83%e4%b9%a0\/\">temps<\/a>, de l\u2019humeur et de la voix. Commencez par apprendre le pr\u00e9sent, le pass\u00e9 et le futur, ainsi que l\u2019indicatif, le subjonctif et l\u2019imp\u00e9ratif. Familiarisez-vous \u00e9galement avec les mod\u00e8les de conjugaison des verbes r\u00e9guliers et irr\u00e9guliers.<\/p>\n\n\n\n<h3 class=\"wp-block-heading\" id=\"h-6-tense-comparison\">6. Comparaison des temps<\/h3>\n\n\n\n<p>Comprendre la distinction entre les formes simples et continues de chaque temps. L\u2019islandais n\u2019a pas un aspect progressif comme l\u2019anglais, alors apprenez \u00e0 exprimer les actions en cours en utilisant d\u2019autres structures.<\/p>\n\n\n\n<h3 class=\"wp-block-heading\" id=\"h-7-perfect-progressive\">7. Progressif parfait<\/h3>\n\n\n\n<p>L\u2019islandais n\u2019a pas d\u2019\u00e9quivalent direct \u00e0 l\u2019anglais parfait progressif. Cependant, vous pouvez apprendre \u00e0 exprimer des id\u00e9es similaires en utilisant des constructions p\u00e9riphrastiques avec des verbes auxiliaires et des participes.<\/p>\n\n\n\n<h3 class=\"wp-block-heading\" id=\"h-8-adverbs\">8. Adverbes<\/h3>\n\n\n\n<p>Les adverbes modifient les verbes, les adjectifs et d\u2019autres adverbes. Apprenez les diff\u00e9rents types d\u2019adverbes en islandais, ainsi que leur placement dans les phrases.<\/p>\n\n\n\n<h3 class=\"wp-block-heading\" id=\"h-9-prepositions\">9. Pr\u00e9positions<\/h3>\n\n\n\n<p>Les pr\u00e9positions montrent la relation entre un nom ou un pronom et un autre \u00e9l\u00e9ment de la phrase. \u00c9tudiez les pr\u00e9positions islandaises les plus courantes et leurs cas respectifs pour les utiliser correctement.<\/p>\n\n\n\n<h3 class=\"wp-block-heading\" id=\"h-10-conditionals\">10. Conditionnels<\/h3>\n\n\n\n<p>L\u2019islandais a trois types de peines avec sursis : r\u00e9elles, irr\u00e9elles et pass\u00e9es irr\u00e9elles. Comprendre la structure et l\u2019utilisation de ces conditionnels pour exprimer des situations hypoth\u00e9tiques et leurs r\u00e9sultats possibles.<\/p>\n\n\n\n<h3 class=\"wp-block-heading\" id=\"h-11-sentences\">11. Peines<\/h3>\n\n\n\n<p>Enfin, entra\u00eenez-vous \u00e0 construire diff\u00e9rents types de phrases islandaises, telles que d\u00e9claratives, interrogatives, imp\u00e9ratives et exclamatives. Cela vous aidera \u00e0 d\u00e9velopper une base solide en syntaxe islandaise et une ma\u00eetrise globale de la langue.<\/p>\n<\/div><\/div>\n\r\n<section class=\"learnNavigationSection\">\r\n            \r\n        <a href=\"https:\/\/talkpal.ai\/fr\/apprendre-lislandais\/\">\r\n            <div class=\"learnNavigationWrapper\">\r\n                <div class=\"learnNavigationContent\">\r\n                    <img decoding=\"async\" src=\"https:\/\/talkpal.ai\/wp-content\/uploads\/2024\/08\/Icelandic.jpg\" alt=\"Iceland Flag\">\r\n                    <div>\r\n                        <h4>\u00c0 propos de l&#039;apprentissage islandais<\/h4>\r\n                        <p>Tout savoir sur la grammaire islandaise.<\/p>\r\n                    <\/div>\r\n                <\/div>\r\n            <\/div>\r\n        <\/a>\r\n\r\n        \r\n        <a href=\"https:\/\/talkpal.ai\/fr\/grammaire-islandaise\/\">\r\n            <div class=\"learnNavigationWrapper\">\r\n                <div class=\"learnNavigationContent\">\r\n                    <img decoding=\"async\" src=\"https:\/\/talkpal.ai\/wp-content\/uploads\/2024\/08\/Icelandic.jpg\" alt=\"Iceland Flag\">\r\n                    <div>\r\n                        <h4>Le\u00e7ons de grammaire islandaise<\/h4>\r\n                        <p>Pratiquez la grammaire islandaise.<\/p>\r\n                    <\/div>\r\n                <\/div>\r\n            <\/div>\r\n        <\/a>\r\n\r\n        \r\n        <a href=\"https:\/\/talkpal.ai\/vocabulary_language\/icelandic\/\">\r\n            <div class=\"learnNavigationWrapper\">\r\n                <div class=\"learnNavigationContent\">\r\n                    <img decoding=\"async\" src=\"https:\/\/talkpal.ai\/wp-content\/uploads\/2024\/08\/Icelandic.jpg\" alt=\"Iceland Flag\">\r\n                    <div>\r\n                        <h4>Vocabulaire islandais<\/h4>\r\n                        <p>\u00c9largissez votre vocabulaire islandais.<\/p>\r\n                    <\/div>\r\n                <\/div>\r\n            <\/div>\r\n        <\/a>\r\n\r\n            <\/section>","protected":false},"excerpt":{"rendered":"<p>Sujets de grammaire islandaise L\u2019islandais, une langue germanique du Nord parl\u00e9e par plus de 300 000 personnes, est la langue officielle de l\u2019Islande. Connu pour sa grammaire complexe et son vocabulaire riche, l\u2019islandais a un charme unique qui attire les apprenants de langues du monde entier. Avec ses racines dans le vieux norrois, l\u2019islandais a [&hellip;]<\/p>\n","protected":false},"author":6,"featured_media":28364,"parent":0,"menu_order":0,"comment_status":"closed","ping_status":"closed","template":"LearningContentPage.php","meta":{"_acf_changed":false,"footnotes":""},"class_list":["post-73341","page","type-page","status-publish","has-post-thumbnail","hentry"],"acf":[],"yoast_head":"<!-- This site is optimized with the Yoast SEO Premium plugin v27.2 (Yoast SEO v27.2) - https:\/\/yoast.com\/product\/yoast-seo-premium-wordpress\/ -->\n<title>Exercices de grammaire islandaise - Talkpal<\/title>\n<meta name=\"description\" content=\"Pratiquez facilement la grammaire islandaise - renforcez vos comp\u00e9tences gr\u00e2ce aux exercices, \u00e0 la pratique interactive et au retour d&#039;information instantan\u00e9 avec Talkpal AI.\" \/>\n<meta name=\"robots\" content=\"index, follow, max-snippet:-1, max-image-preview:large, max-video-preview:-1\" \/>\n<link rel=\"canonical\" href=\"https:\/\/talkpal.ai\/fr\/exercices-de-grammaire-islandaise\/\" \/>\n<meta property=\"og:locale\" content=\"fr_FR\" \/>\n<meta property=\"og:type\" content=\"article\" \/>\n<meta property=\"og:title\" content=\"Exercices de grammaire islandaise\" \/>\n<meta property=\"og:description\" content=\"Sujets de grammaire islandaise L\u2019islandais, une langue germanique du Nord parl\u00e9e par plus de 300 000 personnes, est la langue officielle de l\u2019Islande.\" \/>\n<meta property=\"og:url\" content=\"https:\/\/talkpal.ai\/fr\/exercices-de-grammaire-islandaise\/\" \/>\n<meta property=\"og:site_name\" content=\"Talkpal\" \/>\n<meta property=\"article:publisher\" content=\"https:\/\/www.facebook.com\/profile.php?id=100090733639311\" \/>\n<meta property=\"article:modified_time\" content=\"2025-12-17T16:09:44+00:00\" \/>\n<meta property=\"og:image\" content=\"https:\/\/talkpal.ai\/wp-content\/uploads\/2023\/05\/iceland.png\" \/>\n\t<meta property=\"og:image:width\" content=\"512\" \/>\n\t<meta property=\"og:image:height\" content=\"512\" \/>\n\t<meta property=\"og:image:type\" content=\"image\/png\" \/>\n<meta name=\"twitter:card\" content=\"summary_large_image\" \/>\n<meta name=\"twitter:site\" content=\"@talkpalai\" \/>\n<meta name=\"twitter:label1\" content=\"Dur\u00e9e de lecture estim\u00e9e\" \/>\n\t<meta name=\"twitter:data1\" content=\"3 minutes\" \/>\n<script type=\"application\/ld+json\" class=\"yoast-schema-graph\">{\"@context\":\"https:\/\/schema.org\",\"@graph\":[{\"@type\":\"WebPage\",\"@id\":\"https:\/\/talkpal.ai\/fr\/exercices-de-grammaire-islandaise\/\",\"url\":\"https:\/\/talkpal.ai\/fr\/exercices-de-grammaire-islandaise\/\",\"name\":\"Exercices de grammaire islandaise - Talkpal\",\"isPartOf\":{\"@id\":\"https:\/\/talkpal.ai\/fr\/#website\"},\"primaryImageOfPage\":{\"@id\":\"https:\/\/talkpal.ai\/fr\/exercices-de-grammaire-islandaise\/#primaryimage\"},\"image\":{\"@id\":\"https:\/\/talkpal.ai\/fr\/exercices-de-grammaire-islandaise\/#primaryimage\"},\"thumbnailUrl\":\"https:\/\/talkpal.ai\/wp-content\/uploads\/2023\/05\/iceland.png\",\"datePublished\":\"2023-06-21T14:50:44+00:00\",\"dateModified\":\"2025-12-17T16:09:44+00:00\",\"description\":\"Pratiquez facilement la grammaire islandaise - renforcez vos comp\u00e9tences gr\u00e2ce aux exercices, \u00e0 la pratique interactive et au retour d'information instantan\u00e9 avec Talkpal AI.\",\"breadcrumb\":{\"@id\":\"https:\/\/talkpal.ai\/fr\/exercices-de-grammaire-islandaise\/#breadcrumb\"},\"inLanguage\":\"fr-FR\",\"potentialAction\":[{\"@type\":\"ReadAction\",\"target\":[\"https:\/\/talkpal.ai\/fr\/exercices-de-grammaire-islandaise\/\"]}]},{\"@type\":\"ImageObject\",\"inLanguage\":\"fr-FR\",\"@id\":\"https:\/\/talkpal.ai\/fr\/exercices-de-grammaire-islandaise\/#primaryimage\",\"url\":\"https:\/\/talkpal.ai\/wp-content\/uploads\/2023\/05\/iceland.png\",\"contentUrl\":\"https:\/\/talkpal.ai\/wp-content\/uploads\/2023\/05\/iceland.png\",\"width\":512,\"height\":512},{\"@type\":\"BreadcrumbList\",\"@id\":\"https:\/\/talkpal.ai\/fr\/exercices-de-grammaire-islandaise\/#breadcrumb\",\"itemListElement\":[{\"@type\":\"ListItem\",\"position\":1,\"name\":\"Homepage\",\"item\":\"https:\/\/talkpal.ai\/fr\/\"},{\"@type\":\"ListItem\",\"position\":2,\"name\":\"Exercices de grammaire islandaise\"}]},{\"@type\":\"WebSite\",\"@id\":\"https:\/\/talkpal.ai\/fr\/#website\",\"url\":\"https:\/\/talkpal.ai\/fr\/\",\"name\":\"Talkpal\",\"description\":\"AI Language Learning\",\"publisher\":{\"@id\":\"https:\/\/talkpal.ai\/fr\/#organization\"},\"alternateName\":\"Talkpal AI\",\"potentialAction\":[{\"@type\":\"SearchAction\",\"target\":{\"@type\":\"EntryPoint\",\"urlTemplate\":\"https:\/\/talkpal.ai\/fr\/?s={search_term_string}\"},\"query-input\":{\"@type\":\"PropertyValueSpecification\",\"valueRequired\":true,\"valueName\":\"search_term_string\"}}],\"inLanguage\":\"fr-FR\"},{\"@type\":\"Organization\",\"@id\":\"https:\/\/talkpal.ai\/fr\/#organization\",\"name\":\"Talkpal, Inc.\",\"alternateName\":\"Talkpal AI\",\"url\":\"https:\/\/talkpal.ai\/fr\/\",\"logo\":{\"@type\":\"ImageObject\",\"inLanguage\":\"fr-FR\",\"@id\":\"https:\/\/talkpal.ai\/fr\/#\/schema\/logo\/image\/\",\"url\":\"https:\/\/talkpal.ai\/wp-content\/uploads\/2024\/03\/Talkpal-Logo-Icon.png\",\"contentUrl\":\"https:\/\/talkpal.ai\/wp-content\/uploads\/2024\/03\/Talkpal-Logo-Icon.png\",\"width\":2880,\"height\":2880,\"caption\":\"Talkpal, Inc.\"},\"image\":{\"@id\":\"https:\/\/talkpal.ai\/fr\/#\/schema\/logo\/image\/\"},\"sameAs\":[\"https:\/\/www.facebook.com\/profile.php?id=100090733639311\",\"https:\/\/x.com\/talkpalai\",\"https:\/\/www.linkedin.com\/company\/talkpal\/\",\"https:\/\/www.youtube.com\/@TalkPal\/\",\"https:\/\/www.tiktok.com\/@talkpal\",\"https:\/\/www.instagram.com\/talkpal_ai\/\",\"https:\/\/www.crunchbase.com\/organization\/talkpal-9cde\",\"https:\/\/www.g2.com\/products\/talkpal-for-business\/\",\"https:\/\/www.trustpilot.com\/review\/talkpal.ai\",\"https:\/\/www.capterra.com\/p\/10006800\/TalkPal\/\"],\"description\":\"Talkpal is a language learning web and mobile education app, powered by the latest AI technologies, that provides engaging experiences to its customers in many different languages to help them improve their language skills. Users can chat about unlimited amount of topics with the app and use other modes to practice their language learning.\",\"email\":\"support@talkpal.ai\",\"legalName\":\"Talkpal, Inc.\",\"foundingDate\":\"2023-04-03\",\"duns\":\"118989042\",\"numberOfEmployees\":{\"@type\":\"QuantitativeValue\",\"minValue\":\"11\",\"maxValue\":\"50\"},\"publishingPrinciples\":\"https:\/\/talkpal.ai\/publishing-principles\/\",\"actionableFeedbackPolicy\":\"https:\/\/talkpal.ai\/actionable-feedback-policy\/\",\"correctionsPolicy\":\"https:\/\/talkpal.ai\/corrections-policy\/\",\"ethicsPolicy\":\"https:\/\/talkpal.ai\/ethics-policy\/\",\"diversityPolicy\":\"https:\/\/talkpal.ai\/diversity-policy\/\",\"diversityStaffingReport\":\"https:\/\/talkpal.ai\/diversity-policy\/\"}]}<\/script>\n<!-- \/ Yoast SEO Premium plugin. -->","yoast_head_json":{"title":"Exercices de grammaire islandaise - Talkpal","description":"Pratiquez facilement la grammaire islandaise - renforcez vos comp\u00e9tences gr\u00e2ce aux exercices, \u00e0 la pratique interactive et au retour d'information instantan\u00e9 avec Talkpal AI.","robots":{"index":"index","follow":"follow","max-snippet":"max-snippet:-1","max-image-preview":"max-image-preview:large","max-video-preview":"max-video-preview:-1"},"canonical":"https:\/\/talkpal.ai\/fr\/exercices-de-grammaire-islandaise\/","og_locale":"fr_FR","og_type":"article","og_title":"Exercices de grammaire islandaise","og_description":"Sujets de grammaire islandaise L\u2019islandais, une langue germanique du Nord parl\u00e9e par plus de 300 000 personnes, est la langue officielle de l\u2019Islande.","og_url":"https:\/\/talkpal.ai\/fr\/exercices-de-grammaire-islandaise\/","og_site_name":"Talkpal","article_publisher":"https:\/\/www.facebook.com\/profile.php?id=100090733639311","article_modified_time":"2025-12-17T16:09:44+00:00","og_image":[{"width":512,"height":512,"url":"https:\/\/talkpal.ai\/wp-content\/uploads\/2023\/05\/iceland.png","type":"image\/png"}],"twitter_card":"summary_large_image","twitter_site":"@talkpalai","twitter_misc":{"Dur\u00e9e de lecture estim\u00e9e":"3 minutes"},"schema":{"@context":"https:\/\/schema.org","@graph":[{"@type":"WebPage","@id":"https:\/\/talkpal.ai\/fr\/exercices-de-grammaire-islandaise\/","url":"https:\/\/talkpal.ai\/fr\/exercices-de-grammaire-islandaise\/","name":"Exercices de grammaire islandaise - Talkpal","isPartOf":{"@id":"https:\/\/talkpal.ai\/fr\/#website"},"primaryImageOfPage":{"@id":"https:\/\/talkpal.ai\/fr\/exercices-de-grammaire-islandaise\/#primaryimage"},"image":{"@id":"https:\/\/talkpal.ai\/fr\/exercices-de-grammaire-islandaise\/#primaryimage"},"thumbnailUrl":"https:\/\/talkpal.ai\/wp-content\/uploads\/2023\/05\/iceland.png","datePublished":"2023-06-21T14:50:44+00:00","dateModified":"2025-12-17T16:09:44+00:00","description":"Pratiquez facilement la grammaire islandaise - renforcez vos comp\u00e9tences gr\u00e2ce aux exercices, \u00e0 la pratique interactive et au retour d'information instantan\u00e9 avec Talkpal AI.","breadcrumb":{"@id":"https:\/\/talkpal.ai\/fr\/exercices-de-grammaire-islandaise\/#breadcrumb"},"inLanguage":"fr-FR","potentialAction":[{"@type":"ReadAction","target":["https:\/\/talkpal.ai\/fr\/exercices-de-grammaire-islandaise\/"]}]},{"@type":"ImageObject","inLanguage":"fr-FR","@id":"https:\/\/talkpal.ai\/fr\/exercices-de-grammaire-islandaise\/#primaryimage","url":"https:\/\/talkpal.ai\/wp-content\/uploads\/2023\/05\/iceland.png","contentUrl":"https:\/\/talkpal.ai\/wp-content\/uploads\/2023\/05\/iceland.png","width":512,"height":512},{"@type":"BreadcrumbList","@id":"https:\/\/talkpal.ai\/fr\/exercices-de-grammaire-islandaise\/#breadcrumb","itemListElement":[{"@type":"ListItem","position":1,"name":"Homepage","item":"https:\/\/talkpal.ai\/fr\/"},{"@type":"ListItem","position":2,"name":"Exercices de grammaire islandaise"}]},{"@type":"WebSite","@id":"https:\/\/talkpal.ai\/fr\/#website","url":"https:\/\/talkpal.ai\/fr\/","name":"Talkpal","description":"AI Language Learning","publisher":{"@id":"https:\/\/talkpal.ai\/fr\/#organization"},"alternateName":"Talkpal AI","potentialAction":[{"@type":"SearchAction","target":{"@type":"EntryPoint","urlTemplate":"https:\/\/talkpal.ai\/fr\/?s={search_term_string}"},"query-input":{"@type":"PropertyValueSpecification","valueRequired":true,"valueName":"search_term_string"}}],"inLanguage":"fr-FR"},{"@type":"Organization","@id":"https:\/\/talkpal.ai\/fr\/#organization","name":"Talkpal, Inc.","alternateName":"Talkpal AI","url":"https:\/\/talkpal.ai\/fr\/","logo":{"@type":"ImageObject","inLanguage":"fr-FR","@id":"https:\/\/talkpal.ai\/fr\/#\/schema\/logo\/image\/","url":"https:\/\/talkpal.ai\/wp-content\/uploads\/2024\/03\/Talkpal-Logo-Icon.png","contentUrl":"https:\/\/talkpal.ai\/wp-content\/uploads\/2024\/03\/Talkpal-Logo-Icon.png","width":2880,"height":2880,"caption":"Talkpal, Inc."},"image":{"@id":"https:\/\/talkpal.ai\/fr\/#\/schema\/logo\/image\/"},"sameAs":["https:\/\/www.facebook.com\/profile.php?id=100090733639311","https:\/\/x.com\/talkpalai","https:\/\/www.linkedin.com\/company\/talkpal\/","https:\/\/www.youtube.com\/@TalkPal\/","https:\/\/www.tiktok.com\/@talkpal","https:\/\/www.instagram.com\/talkpal_ai\/","https:\/\/www.crunchbase.com\/organization\/talkpal-9cde","https:\/\/www.g2.com\/products\/talkpal-for-business\/","https:\/\/www.trustpilot.com\/review\/talkpal.ai","https:\/\/www.capterra.com\/p\/10006800\/TalkPal\/"],"description":"Talkpal is a language learning web and mobile education app, powered by the latest AI technologies, that provides engaging experiences to its customers in many different languages to help them improve their language skills. Users can chat about unlimited amount of topics with the app and use other modes to practice their language learning.","email":"support@talkpal.ai","legalName":"Talkpal, Inc.","foundingDate":"2023-04-03","duns":"118989042","numberOfEmployees":{"@type":"QuantitativeValue","minValue":"11","maxValue":"50"},"publishingPrinciples":"https:\/\/talkpal.ai\/publishing-principles\/","actionableFeedbackPolicy":"https:\/\/talkpal.ai\/actionable-feedback-policy\/","correctionsPolicy":"https:\/\/talkpal.ai\/corrections-policy\/","ethicsPolicy":"https:\/\/talkpal.ai\/ethics-policy\/","diversityPolicy":"https:\/\/talkpal.ai\/diversity-policy\/","diversityStaffingReport":"https:\/\/talkpal.ai\/diversity-policy\/"}]}},"_links":{"self":[{"href":"https:\/\/talkpal.ai\/fr\/wp-json\/wp\/v2\/pages\/73341","targetHints":{"allow":["GET"]}}],"collection":[{"href":"https:\/\/talkpal.ai\/fr\/wp-json\/wp\/v2\/pages"}],"about":[{"href":"https:\/\/talkpal.ai\/fr\/wp-json\/wp\/v2\/types\/page"}],"author":[{"embeddable":true,"href":"https:\/\/talkpal.ai\/fr\/wp-json\/wp\/v2\/users\/6"}],"replies":[{"embeddable":true,"href":"https:\/\/talkpal.ai\/fr\/wp-json\/wp\/v2\/comments?post=73341"}],"version-history":[{"count":0,"href":"https:\/\/talkpal.ai\/fr\/wp-json\/wp\/v2\/pages\/73341\/revisions"}],"wp:featuredmedia":[{"embeddable":true,"href":"https:\/\/talkpal.ai\/fr\/wp-json\/wp\/v2\/media\/28364"}],"wp:attachment":[{"href":"https:\/\/talkpal.ai\/fr\/wp-json\/wp\/v2\/media?parent=73341"}],"curies":[{"name":"wp","href":"https:\/\/api.w.org\/{rel}","templated":true}]}}