{"id":73307,"date":"2023-06-22T07:25:42","date_gmt":"2023-06-22T07:25:42","guid":{"rendered":"http:\/\/talkpal.ai\/exercices-de-grammaire-indonesienne\/"},"modified":"2025-12-17T15:22:45","modified_gmt":"2025-12-17T15:22:45","slug":"exercices-de-grammaire-indonesienne","status":"publish","type":"page","link":"https:\/\/talkpal.ai\/fr\/exercices-de-grammaire-indonesienne\/","title":{"rendered":"Exercices de grammaire indon\u00e9sienne"},"content":{"rendered":"\r\n\r\n\r\n<section class=\"languageChallengeSection\">\r\n    <div class=\"languageInfoWrapper\">\r\n        \r\n        <h1>Exercices de grammaire indon\u00e9sienne<\/h1>\r\n        <p>Vous souhaitez renforcer votre confiance en <a href=\"https:\/\/talkpal.ai\/learn-indonesian\/\">indon\u00e9sien<\/a> ? Les exercices de grammaire sont un excellent moyen de ma\u00eetriser la structure des phrases, la forme des verbes et les sch\u00e9mas cl\u00e9s qui vous aideront \u00e0 communiquer de mani\u00e8re plus naturelle. Commencez \u00e0 pratiquer la <a href=\"https:\/\/talkpal.ai\/indonesian-grammar\/\">grammaire indon\u00e9sienne<\/a> d\u00e8s aujourd&#039;hui et voyez vos comp\u00e9tences et votre compr\u00e9hension s&#039;am\u00e9liorer \u00e0 chaque session !<\/p>\r\n\r\n                            <a class=\"getStartedHidden\" href=\"https:\/\/app.talkpal.ai\/fr\/signup?lng=\">Commencer<\/a>\r\n        \r\n    <\/div>\r\n\r\n    <figure>\r\n    <img decoding=\"async\" width=\"768\" height=\"768\" src=\"https:\/\/talkpal.ai\/wp-content\/uploads\/2023\/06\/indonesia-768x768.png\" class=\"languageImage no-lazy\" alt=\"Default alt text\" fetchpriority=\"high\" sizes=\"(max-width: 768px) 150px, 768px\" srcset=\"https:\/\/talkpal.ai\/wp-content\/uploads\/2023\/06\/indonesia-768x768.png 768w, https:\/\/talkpal.ai\/wp-content\/uploads\/2023\/06\/indonesia-300x300.png 300w\" \/>\r\n    \r\n\r\n    <\/figure>\r\n\r\n            <a class=\"getStartedVisible\" href=\"https:\/\/app.talkpal.ai\/fr\/signup?lng=\">Commencer<\/a>\r\n    \r\n<\/section>\r\n\r\n\r\n<!-- <section class=\"grammarSection\">\r\n    <div class=\"grammarLinks\">\r\n        <a href=\"https:\/\/talkpal.ai\/fr\/exercise_language\/adjectifs-grammaire-indonesienne\/\">Adjectifs <\/a><a href=\"https:\/\/talkpal.ai\/fr\/exercise_language\/adverbes-grammaire-indonesienne\/\">Adverbes <\/a><a href=\"https:\/\/talkpal.ai\/fr\/exercise_language\/articles-grammaire-indonesienne\/\">Articles <\/a><a href=\"https:\/\/talkpal.ai\/fr\/exercise_language\/comparaison-des-temps-grammaire-indonesienne\/\">Comparaison des temps <\/a><a href=\"https:\/\/talkpal.ai\/fr\/exercise_language\/conditionnels-grammaire-indonesienne\/\">Conditionnels <\/a><a href=\"https:\/\/talkpal.ai\/fr\/exercise_language\/noms-grammaire-indonesienne\/\">Noms <\/a><a href=\"https:\/\/talkpal.ai\/fr\/exercise_language\/phrases-grammaire-indonesienne\/\">Phrases <\/a><a href=\"https:\/\/talkpal.ai\/fr\/exercise_language\/prepositions-grammaire-indonesienne\/\">Pr\u00e9positions <\/a><a href=\"https:\/\/talkpal.ai\/fr\/exercise_language\/progressif-parfait-grammaire-indonesienne\/\">Progressif parfait <\/a><a href=\"https:\/\/talkpal.ai\/fr\/exercise_language\/progressive-grammaire-indonesienne\/\">Progressive <\/a><a href=\"https:\/\/talkpal.ai\/fr\/exercise_language\/pronoms-determinants-grammaire-indonesienne\/\">Pronoms\/D\u00e9terminants <\/a><a href=\"https:\/\/talkpal.ai\/fr\/exercise_language\/temps-grammaire-indonesienne\/\">Temps <\/a><a href=\"https:\/\/talkpal.ai\/fr\/exercise_language\/verbes-grammaire-indonesienne\/\">Verbes <\/a>    <\/div>\r\n<\/section> -->\r\n\r\n\r\n\r\n\r\n        <section class=\"grammarSection\">\r\n            <div class=\"grammarLinks\">\r\n                <a href=\"https:\/\/talkpal.ai\/fr\/exercise_language\/adjectifs-grammaire-indonesienne\/\">Adjectifs <\/a><a href=\"https:\/\/talkpal.ai\/fr\/exercise_language\/adverbes-grammaire-indonesienne\/\">Adverbes <\/a><a href=\"https:\/\/talkpal.ai\/fr\/exercise_language\/articles-grammaire-indonesienne\/\">Articles <\/a><a href=\"https:\/\/talkpal.ai\/fr\/exercise_language\/comparaison-des-temps-grammaire-indonesienne\/\">Comparaison des temps <\/a><a href=\"https:\/\/talkpal.ai\/fr\/exercise_language\/conditionnels-grammaire-indonesienne\/\">Conditionnels <\/a><a href=\"https:\/\/talkpal.ai\/fr\/exercise_language\/noms-grammaire-indonesienne\/\">Noms <\/a><a href=\"https:\/\/talkpal.ai\/fr\/exercise_language\/phrases-grammaire-indonesienne\/\">Phrases <\/a><a href=\"https:\/\/talkpal.ai\/fr\/exercise_language\/prepositions-grammaire-indonesienne\/\">Pr\u00e9positions <\/a><a href=\"https:\/\/talkpal.ai\/fr\/exercise_language\/progressif-parfait-grammaire-indonesienne\/\">Progressif parfait <\/a><a href=\"https:\/\/talkpal.ai\/fr\/exercise_language\/progressive-grammaire-indonesienne\/\">Progressive <\/a><a href=\"https:\/\/talkpal.ai\/fr\/exercise_language\/pronoms-determinants-grammaire-indonesienne\/\">Pronoms\/D\u00e9terminants <\/a><a href=\"https:\/\/talkpal.ai\/fr\/exercise_language\/temps-grammaire-indonesienne\/\">Temps <\/a><a href=\"https:\/\/talkpal.ai\/fr\/exercise_language\/verbes-grammaire-indonesienne\/\">Verbes <\/a>            <\/div>\r\n        <\/section>\r\n<section class=\"promotionalBanner\">\r\n    <p class=\"promotionalText\">La fa\u00e7on la plus efficace d\u2019apprendre une langue<\/p>\r\n    <a class=\"promotionalLink\" href=\"https:\/\/app.talkpal.ai\/fr\/signup?lng=\">Essayez Talkpal gratuitement<\/a>\r\n<\/section>\n<div class=\"wp-block-group pageContainerStyle\"><div class=\"wp-block-group__inner-container is-layout-constrained wp-block-group-is-layout-constrained\">\n<h2 class=\"wp-block-heading\" id=\"h-indonesian-grammar-topics\">Sujets de grammaire indon\u00e9sienne<\/h2>\n\n\n\n<p>L\u2019indon\u00e9sien, ou bahasa indon\u00e9sien, est la langue officielle de l\u2019Indon\u00e9sie et sert de langue unificatrice dans un pays qui compte plus de 700 <a href=\"https:\/\/talkpal.ai\/fr\/les-10-langues-les-plus-parlees-au-monde\/\">langues parl\u00e9es<\/a>. En tant que registre standardis\u00e9 du <a href=\"https:\/\/talkpal.ai\/learn-malay\/\">malais<\/a>, il s\u2019agit d\u2019une langue austron\u00e9sienne avec un syst\u00e8me grammatical facile \u00e0 apprendre. Lorsque vous apprenez l&rsquo;indon\u00e9sien, il est essentiel de comprendre ses r\u00e8gles de grammaire et sa structure pour communiquer efficacement. Dans ce guide, nous nous concentrerons sur la s\u00e9quence d\u2019apprentissage de divers sujets de grammaire indon\u00e9sienne tels que les <a href=\"https:\/\/talkpal.ai\/zh-hans\/grammar_exercises\/temps-%e6%b3%95%e8%af%ad%e8%af%ad%e6%b3%95%e7%bb%83%e4%b9%a0\/\">temps<\/a>, les verbes, les noms, les articles, les pronoms, les adjectifs, les adverbes, les conditionnels, les pr\u00e9positions et la structure des phrases.<\/p>\n\n\n\n<h3 class=\"wp-block-heading\" id=\"h-1-nouns\">1. Noms<\/h3>\n\n\n\n<p>Commencez par apprendre les noms indon\u00e9siens, car ce sont les \u00e9l\u00e9ments constitutifs les plus simples de la langue. Les noms indon\u00e9siens ne sont pas genr\u00e9s ou pluriels, ce qui les rend faciles \u00e0 saisir. Familiarisez-vous avec les noms communs et leur utilisation dans leur contexte.<\/p>\n\n\n\n<h3 class=\"wp-block-heading\" id=\"h-2-pronouns-determiners\">2. Pronoms\/d\u00e9terminants<\/h3>\n\n\n\n<p><a href=\"https:\/\/talkpal.ai\/culture\/how-do-i-use-apres-avoir-followed-by-a-past-participle\/\">Apr\u00e8s avoir<\/a> compris les noms, apprenez les pronoms et les d\u00e9terminants. L\u2019indon\u00e9sien a divers <a href=\"https:\/\/talkpal.ai\/hi\/grammar_exercises\/pronoms-personnels-%e0%a4%ab%e0%a5%8d%e0%a4%b0%e0%a4%be%e0%a4%82%e0%a4%b8%e0%a5%80%e0%a4%b8%e0%a5%80-%e0%a4%b5%e0%a5%8d%e0%a4%af%e0%a4%be%e0%a4%95%e0%a4%b0%e0%a4%a3-%e0%a4%95%e0%a5%87-%e0%a4%b2\/\">pronoms personnels<\/a> et d\u00e9terminants possessifs qui correspondent \u00e0 leurs \u00e9quivalents <a href=\"https:\/\/talkpal.ai\/learn-english-with-ai\/\">anglais<\/a>. Entra\u00eenez-vous \u00e0 les utiliser dans diff\u00e9rents contextes pour construire votre base dans la construction de phrases.<\/p>\n\n\n\n<h3 class=\"wp-block-heading\" id=\"h-3-adjectives\">3. Les adjectifs<\/h3>\n\n\n\n<p>Les adjectifs sont essentiels pour d\u00e9crire et distinguer les noms en indon\u00e9sien. Apprenez \u00e0 utiliser les adjectifs dans des phrases simples et \u00e0 comprendre leur placement par rapport aux noms.<\/p>\n\n\n\n<h3 class=\"wp-block-heading\" id=\"h-4-verbs\">4. Verbes<\/h3>\n\n\n\n<p>Les verbes indon\u00e9siens ne sont pas conjugu\u00e9s, ce qui les rend relativement plus faciles \u00e0 apprendre que les autres langues. \u00c9tudiez les formes verbales de base et leur utilisation dans les phrases.<\/p>\n\n\n\n<h3 class=\"wp-block-heading\" id=\"h-5-tenses\">5. Temps<\/h3>\n\n\n\n<p>L\u2019indon\u00e9sien n\u2019a pas d\u2019\u00e9quivalent direct aux temps anglais. Au lieu de cela, le temps est exprim\u00e9 par le contexte ou par l\u2019utilisation de mots sp\u00e9cifiques. Apprenez \u00e0 transmettre des \u00e9v\u00e9nements pass\u00e9s, pr\u00e9sents et futurs en indon\u00e9sien \u00e0 l\u2019aide de divers adverbes et phrases.<\/p>\n\n\n\n<h3 class=\"wp-block-heading\" id=\"h-6-tense-comparison-progressive-perfect-progressive\">6. Comparaison tendue, progressive, progressive parfaite<\/h3>\n\n\n\n<p>\u00c9tant donn\u00e9 que l\u2019indon\u00e9sien n\u2019a pas de syst\u00e8me de temps, il est crucial de comprendre le concept de comparaison des temps, de progressif et de parfait progressif. Apprenez \u00e0 exprimer ces aspects en utilisant diff\u00e9rents mots et phrases.<\/p>\n\n\n\n<h3 class=\"wp-block-heading\" id=\"h-7-adverbs\">7. Adverbes<\/h3>\n\n\n\n<p>Incorporez des adverbes dans votre vocabulaire indon\u00e9sien pour ajouter plus de d\u00e9tails et de profondeur \u00e0 vos phrases. Apprenez les r\u00e8gles r\u00e9gissant le placement et l\u2019utilisation des adverbes.<\/p>\n\n\n\n<h3 class=\"wp-block-heading\" id=\"h-8-prepositions\">8. Pr\u00e9positions<\/h3>\n\n\n\n<p>Les pr\u00e9positions sont utilis\u00e9es pour indiquer les relations entre les mots d\u2019une phrase. Apprenez les pr\u00e9positions indon\u00e9siennes courantes et leur utilisation dans divers contextes.<\/p>\n\n\n\n<h3 class=\"wp-block-heading\" id=\"h-9-conditionals\">9. Conditionnels<\/h3>\n\n\n\n<p>\u00c9tudiez les peines d\u2019emprisonnement avec sursis en indon\u00e9sien, qui expriment des situations hypoth\u00e9tiques et leurs cons\u00e9quences. Apprenez \u00e0 former et \u00e0 utiliser des clauses \u00ab\u00a0si\u00a0\u00bb et d&rsquo;autres structures conditionnelles.<\/p>\n\n\n\n<h3 class=\"wp-block-heading\" id=\"h-10-sentences\">10. Peines<\/h3>\n\n\n\n<p>Enfin, entra\u00eenez-vous \u00e0 construire des phrases en utilisant les r\u00e8gles de grammaire et les sujets abord\u00e9s ci-dessus. Familiarisez-vous avec les diff\u00e9rents types de phrases indon\u00e9siennes, telles que d\u00e9claratives, interrogatives, imp\u00e9ratives et exclamatives, afin d\u2019am\u00e9liorer vos comp\u00e9tences globales en communication dans la langue.<\/p>\n<\/div><\/div>\n\r\n<section class=\"learnNavigationSection\">\r\n            \r\n        <a href=\"https:\/\/talkpal.ai\/fr\/apprendre-lindonesien\/\">\r\n            <div class=\"learnNavigationWrapper\">\r\n                <div class=\"learnNavigationContent\">\r\n                    <img decoding=\"async\" src=\"https:\/\/talkpal.ai\/wp-content\/uploads\/2024\/08\/Indonesian.jpg\" alt=\"Indonesian Flag\">\r\n                    <div>\r\n                        <h4>\u00c0 propos de l&#039;apprentissage de l&#039;indon\u00e9sien<\/h4>\r\n                        <p>Tout savoir sur la grammaire indon\u00e9sienne.<\/p>\r\n                    <\/div>\r\n                <\/div>\r\n            <\/div>\r\n        <\/a>\r\n\r\n        \r\n        <a href=\"https:\/\/talkpal.ai\/fr\/grammaire-indonesienne\/\">\r\n            <div class=\"learnNavigationWrapper\">\r\n                <div class=\"learnNavigationContent\">\r\n                    <img decoding=\"async\" src=\"https:\/\/talkpal.ai\/wp-content\/uploads\/2024\/08\/Indonesian.jpg\" alt=\"Indonesian Flag\">\r\n                    <div>\r\n                        <h4>Le\u00e7ons de grammaire indon\u00e9sienne<\/h4>\r\n                        <p>Pratiquez la grammaire indon\u00e9sienne.<\/p>\r\n                    <\/div>\r\n                <\/div>\r\n            <\/div>\r\n        <\/a>\r\n\r\n        \r\n        <a href=\"https:\/\/talkpal.ai\/vocabulary_language\/indonesian\/\">\r\n            <div class=\"learnNavigationWrapper\">\r\n                <div class=\"learnNavigationContent\">\r\n                    <img decoding=\"async\" src=\"https:\/\/talkpal.ai\/wp-content\/uploads\/2024\/08\/Indonesian.jpg\" alt=\"Indonesian Flag\">\r\n                    <div>\r\n                        <h4>Vocabulaire indon\u00e9sien<\/h4>\r\n                        <p>\u00c9largissez votre vocabulaire indon\u00e9sien.<\/p>\r\n                    <\/div>\r\n                <\/div>\r\n            <\/div>\r\n        <\/a>\r\n\r\n            <\/section>","protected":false},"excerpt":{"rendered":"<p>Sujets de grammaire indon\u00e9sienne L\u2019indon\u00e9sien, ou bahasa indon\u00e9sien, est la langue officielle de l\u2019Indon\u00e9sie et sert de langue unificatrice dans un pays qui compte plus de 700 langues parl\u00e9es. En tant que registre standardis\u00e9 du malais, il s\u2019agit d\u2019une langue austron\u00e9sienne avec un syst\u00e8me grammatical facile \u00e0 apprendre. Lorsque vous apprenez l&rsquo;indon\u00e9sien, il est essentiel [&hellip;]<\/p>\n","protected":false},"author":6,"featured_media":28380,"parent":0,"menu_order":0,"comment_status":"closed","ping_status":"closed","template":"LearningContentPage.php","meta":{"_acf_changed":false,"footnotes":""},"class_list":["post-73307","page","type-page","status-publish","has-post-thumbnail","hentry"],"acf":[],"yoast_head":"<!-- This site is optimized with the Yoast SEO Premium plugin v27.2 (Yoast SEO v27.2) - https:\/\/yoast.com\/product\/yoast-seo-premium-wordpress\/ -->\n<title>Exercices de grammaire indon\u00e9sienne - Talkpal<\/title>\n<meta name=\"description\" content=\"Am\u00e9liorez votre grammaire indon\u00e9sienne - pratiquez avec des exercices simples, des exemples interactifs et des commentaires clairs en utilisant l Talkpal AI.\" \/>\n<meta name=\"robots\" content=\"index, follow, max-snippet:-1, max-image-preview:large, max-video-preview:-1\" \/>\n<link rel=\"canonical\" href=\"https:\/\/talkpal.ai\/fr\/exercices-de-grammaire-indonesienne\/\" \/>\n<meta property=\"og:locale\" content=\"fr_FR\" \/>\n<meta property=\"og:type\" content=\"article\" \/>\n<meta property=\"og:title\" content=\"Exercices de grammaire indon\u00e9sienne\" \/>\n<meta property=\"og:description\" content=\"Sujets de grammaire indon\u00e9sienne L\u2019indon\u00e9sien, ou bahasa indon\u00e9sien, est la langue officielle de l\u2019Indon\u00e9sie et sert de langue unificatrice dans un pays\" \/>\n<meta property=\"og:url\" content=\"https:\/\/talkpal.ai\/fr\/exercices-de-grammaire-indonesienne\/\" \/>\n<meta property=\"og:site_name\" content=\"Talkpal\" \/>\n<meta property=\"article:publisher\" content=\"https:\/\/www.facebook.com\/profile.php?id=100090733639311\" \/>\n<meta property=\"article:modified_time\" content=\"2025-12-17T15:22:45+00:00\" \/>\n<meta property=\"og:image\" content=\"https:\/\/talkpal.ai\/wp-content\/uploads\/2023\/05\/indonesia.png\" \/>\n\t<meta property=\"og:image:width\" content=\"512\" \/>\n\t<meta property=\"og:image:height\" content=\"512\" \/>\n\t<meta property=\"og:image:type\" content=\"image\/png\" \/>\n<meta name=\"twitter:card\" content=\"summary_large_image\" \/>\n<meta name=\"twitter:site\" content=\"@talkpalai\" \/>\n<meta name=\"twitter:label1\" content=\"Dur\u00e9e de lecture estim\u00e9e\" \/>\n\t<meta name=\"twitter:data1\" content=\"3 minutes\" \/>\n<script type=\"application\/ld+json\" class=\"yoast-schema-graph\">{\"@context\":\"https:\/\/schema.org\",\"@graph\":[{\"@type\":\"WebPage\",\"@id\":\"https:\/\/talkpal.ai\/fr\/exercices-de-grammaire-indonesienne\/\",\"url\":\"https:\/\/talkpal.ai\/fr\/exercices-de-grammaire-indonesienne\/\",\"name\":\"Exercices de grammaire indon\u00e9sienne - Talkpal\",\"isPartOf\":{\"@id\":\"https:\/\/talkpal.ai\/fr\/#website\"},\"primaryImageOfPage\":{\"@id\":\"https:\/\/talkpal.ai\/fr\/exercices-de-grammaire-indonesienne\/#primaryimage\"},\"image\":{\"@id\":\"https:\/\/talkpal.ai\/fr\/exercices-de-grammaire-indonesienne\/#primaryimage\"},\"thumbnailUrl\":\"https:\/\/talkpal.ai\/wp-content\/uploads\/2023\/05\/indonesia.png\",\"datePublished\":\"2023-06-22T07:25:42+00:00\",\"dateModified\":\"2025-12-17T15:22:45+00:00\",\"description\":\"Am\u00e9liorez votre grammaire indon\u00e9sienne - pratiquez avec des exercices simples, des exemples interactifs et des commentaires clairs en utilisant l Talkpal AI.\",\"breadcrumb\":{\"@id\":\"https:\/\/talkpal.ai\/fr\/exercices-de-grammaire-indonesienne\/#breadcrumb\"},\"inLanguage\":\"fr-FR\",\"potentialAction\":[{\"@type\":\"ReadAction\",\"target\":[\"https:\/\/talkpal.ai\/fr\/exercices-de-grammaire-indonesienne\/\"]}]},{\"@type\":\"ImageObject\",\"inLanguage\":\"fr-FR\",\"@id\":\"https:\/\/talkpal.ai\/fr\/exercices-de-grammaire-indonesienne\/#primaryimage\",\"url\":\"https:\/\/talkpal.ai\/wp-content\/uploads\/2023\/05\/indonesia.png\",\"contentUrl\":\"https:\/\/talkpal.ai\/wp-content\/uploads\/2023\/05\/indonesia.png\",\"width\":512,\"height\":512},{\"@type\":\"BreadcrumbList\",\"@id\":\"https:\/\/talkpal.ai\/fr\/exercices-de-grammaire-indonesienne\/#breadcrumb\",\"itemListElement\":[{\"@type\":\"ListItem\",\"position\":1,\"name\":\"Homepage\",\"item\":\"https:\/\/talkpal.ai\/fr\/\"},{\"@type\":\"ListItem\",\"position\":2,\"name\":\"Exercices de grammaire indon\u00e9sienne\"}]},{\"@type\":\"WebSite\",\"@id\":\"https:\/\/talkpal.ai\/fr\/#website\",\"url\":\"https:\/\/talkpal.ai\/fr\/\",\"name\":\"Talkpal\",\"description\":\"AI Language Learning\",\"publisher\":{\"@id\":\"https:\/\/talkpal.ai\/fr\/#organization\"},\"alternateName\":\"Talkpal AI\",\"potentialAction\":[{\"@type\":\"SearchAction\",\"target\":{\"@type\":\"EntryPoint\",\"urlTemplate\":\"https:\/\/talkpal.ai\/fr\/?s={search_term_string}\"},\"query-input\":{\"@type\":\"PropertyValueSpecification\",\"valueRequired\":true,\"valueName\":\"search_term_string\"}}],\"inLanguage\":\"fr-FR\"},{\"@type\":\"Organization\",\"@id\":\"https:\/\/talkpal.ai\/fr\/#organization\",\"name\":\"Talkpal, Inc.\",\"alternateName\":\"Talkpal AI\",\"url\":\"https:\/\/talkpal.ai\/fr\/\",\"logo\":{\"@type\":\"ImageObject\",\"inLanguage\":\"fr-FR\",\"@id\":\"https:\/\/talkpal.ai\/fr\/#\/schema\/logo\/image\/\",\"url\":\"https:\/\/talkpal.ai\/wp-content\/uploads\/2024\/03\/Talkpal-Logo-Icon.png\",\"contentUrl\":\"https:\/\/talkpal.ai\/wp-content\/uploads\/2024\/03\/Talkpal-Logo-Icon.png\",\"width\":2880,\"height\":2880,\"caption\":\"Talkpal, Inc.\"},\"image\":{\"@id\":\"https:\/\/talkpal.ai\/fr\/#\/schema\/logo\/image\/\"},\"sameAs\":[\"https:\/\/www.facebook.com\/profile.php?id=100090733639311\",\"https:\/\/x.com\/talkpalai\",\"https:\/\/www.linkedin.com\/company\/talkpal\/\",\"https:\/\/www.youtube.com\/@TalkPal\/\",\"https:\/\/www.tiktok.com\/@talkpal\",\"https:\/\/www.instagram.com\/talkpal_ai\/\",\"https:\/\/www.crunchbase.com\/organization\/talkpal-9cde\",\"https:\/\/www.g2.com\/products\/talkpal-for-business\/\",\"https:\/\/www.trustpilot.com\/review\/talkpal.ai\",\"https:\/\/www.capterra.com\/p\/10006800\/TalkPal\/\"],\"description\":\"Talkpal is a language learning web and mobile education app, powered by the latest AI technologies, that provides engaging experiences to its customers in many different languages to help them improve their language skills. Users can chat about unlimited amount of topics with the app and use other modes to practice their language learning.\",\"email\":\"support@talkpal.ai\",\"legalName\":\"Talkpal, Inc.\",\"foundingDate\":\"2023-04-03\",\"duns\":\"118989042\",\"numberOfEmployees\":{\"@type\":\"QuantitativeValue\",\"minValue\":\"11\",\"maxValue\":\"50\"},\"publishingPrinciples\":\"https:\/\/talkpal.ai\/publishing-principles\/\",\"actionableFeedbackPolicy\":\"https:\/\/talkpal.ai\/actionable-feedback-policy\/\",\"correctionsPolicy\":\"https:\/\/talkpal.ai\/corrections-policy\/\",\"ethicsPolicy\":\"https:\/\/talkpal.ai\/ethics-policy\/\",\"diversityPolicy\":\"https:\/\/talkpal.ai\/diversity-policy\/\",\"diversityStaffingReport\":\"https:\/\/talkpal.ai\/diversity-policy\/\"}]}<\/script>\n<!-- \/ Yoast SEO Premium plugin. -->","yoast_head_json":{"title":"Exercices de grammaire indon\u00e9sienne - Talkpal","description":"Am\u00e9liorez votre grammaire indon\u00e9sienne - pratiquez avec des exercices simples, des exemples interactifs et des commentaires clairs en utilisant l Talkpal AI.","robots":{"index":"index","follow":"follow","max-snippet":"max-snippet:-1","max-image-preview":"max-image-preview:large","max-video-preview":"max-video-preview:-1"},"canonical":"https:\/\/talkpal.ai\/fr\/exercices-de-grammaire-indonesienne\/","og_locale":"fr_FR","og_type":"article","og_title":"Exercices de grammaire indon\u00e9sienne","og_description":"Sujets de grammaire indon\u00e9sienne L\u2019indon\u00e9sien, ou bahasa indon\u00e9sien, est la langue officielle de l\u2019Indon\u00e9sie et sert de langue unificatrice dans un pays","og_url":"https:\/\/talkpal.ai\/fr\/exercices-de-grammaire-indonesienne\/","og_site_name":"Talkpal","article_publisher":"https:\/\/www.facebook.com\/profile.php?id=100090733639311","article_modified_time":"2025-12-17T15:22:45+00:00","og_image":[{"width":512,"height":512,"url":"https:\/\/talkpal.ai\/wp-content\/uploads\/2023\/05\/indonesia.png","type":"image\/png"}],"twitter_card":"summary_large_image","twitter_site":"@talkpalai","twitter_misc":{"Dur\u00e9e de lecture estim\u00e9e":"3 minutes"},"schema":{"@context":"https:\/\/schema.org","@graph":[{"@type":"WebPage","@id":"https:\/\/talkpal.ai\/fr\/exercices-de-grammaire-indonesienne\/","url":"https:\/\/talkpal.ai\/fr\/exercices-de-grammaire-indonesienne\/","name":"Exercices de grammaire indon\u00e9sienne - Talkpal","isPartOf":{"@id":"https:\/\/talkpal.ai\/fr\/#website"},"primaryImageOfPage":{"@id":"https:\/\/talkpal.ai\/fr\/exercices-de-grammaire-indonesienne\/#primaryimage"},"image":{"@id":"https:\/\/talkpal.ai\/fr\/exercices-de-grammaire-indonesienne\/#primaryimage"},"thumbnailUrl":"https:\/\/talkpal.ai\/wp-content\/uploads\/2023\/05\/indonesia.png","datePublished":"2023-06-22T07:25:42+00:00","dateModified":"2025-12-17T15:22:45+00:00","description":"Am\u00e9liorez votre grammaire indon\u00e9sienne - pratiquez avec des exercices simples, des exemples interactifs et des commentaires clairs en utilisant l Talkpal AI.","breadcrumb":{"@id":"https:\/\/talkpal.ai\/fr\/exercices-de-grammaire-indonesienne\/#breadcrumb"},"inLanguage":"fr-FR","potentialAction":[{"@type":"ReadAction","target":["https:\/\/talkpal.ai\/fr\/exercices-de-grammaire-indonesienne\/"]}]},{"@type":"ImageObject","inLanguage":"fr-FR","@id":"https:\/\/talkpal.ai\/fr\/exercices-de-grammaire-indonesienne\/#primaryimage","url":"https:\/\/talkpal.ai\/wp-content\/uploads\/2023\/05\/indonesia.png","contentUrl":"https:\/\/talkpal.ai\/wp-content\/uploads\/2023\/05\/indonesia.png","width":512,"height":512},{"@type":"BreadcrumbList","@id":"https:\/\/talkpal.ai\/fr\/exercices-de-grammaire-indonesienne\/#breadcrumb","itemListElement":[{"@type":"ListItem","position":1,"name":"Homepage","item":"https:\/\/talkpal.ai\/fr\/"},{"@type":"ListItem","position":2,"name":"Exercices de grammaire indon\u00e9sienne"}]},{"@type":"WebSite","@id":"https:\/\/talkpal.ai\/fr\/#website","url":"https:\/\/talkpal.ai\/fr\/","name":"Talkpal","description":"AI Language Learning","publisher":{"@id":"https:\/\/talkpal.ai\/fr\/#organization"},"alternateName":"Talkpal AI","potentialAction":[{"@type":"SearchAction","target":{"@type":"EntryPoint","urlTemplate":"https:\/\/talkpal.ai\/fr\/?s={search_term_string}"},"query-input":{"@type":"PropertyValueSpecification","valueRequired":true,"valueName":"search_term_string"}}],"inLanguage":"fr-FR"},{"@type":"Organization","@id":"https:\/\/talkpal.ai\/fr\/#organization","name":"Talkpal, Inc.","alternateName":"Talkpal AI","url":"https:\/\/talkpal.ai\/fr\/","logo":{"@type":"ImageObject","inLanguage":"fr-FR","@id":"https:\/\/talkpal.ai\/fr\/#\/schema\/logo\/image\/","url":"https:\/\/talkpal.ai\/wp-content\/uploads\/2024\/03\/Talkpal-Logo-Icon.png","contentUrl":"https:\/\/talkpal.ai\/wp-content\/uploads\/2024\/03\/Talkpal-Logo-Icon.png","width":2880,"height":2880,"caption":"Talkpal, Inc."},"image":{"@id":"https:\/\/talkpal.ai\/fr\/#\/schema\/logo\/image\/"},"sameAs":["https:\/\/www.facebook.com\/profile.php?id=100090733639311","https:\/\/x.com\/talkpalai","https:\/\/www.linkedin.com\/company\/talkpal\/","https:\/\/www.youtube.com\/@TalkPal\/","https:\/\/www.tiktok.com\/@talkpal","https:\/\/www.instagram.com\/talkpal_ai\/","https:\/\/www.crunchbase.com\/organization\/talkpal-9cde","https:\/\/www.g2.com\/products\/talkpal-for-business\/","https:\/\/www.trustpilot.com\/review\/talkpal.ai","https:\/\/www.capterra.com\/p\/10006800\/TalkPal\/"],"description":"Talkpal is a language learning web and mobile education app, powered by the latest AI technologies, that provides engaging experiences to its customers in many different languages to help them improve their language skills. Users can chat about unlimited amount of topics with the app and use other modes to practice their language learning.","email":"support@talkpal.ai","legalName":"Talkpal, Inc.","foundingDate":"2023-04-03","duns":"118989042","numberOfEmployees":{"@type":"QuantitativeValue","minValue":"11","maxValue":"50"},"publishingPrinciples":"https:\/\/talkpal.ai\/publishing-principles\/","actionableFeedbackPolicy":"https:\/\/talkpal.ai\/actionable-feedback-policy\/","correctionsPolicy":"https:\/\/talkpal.ai\/corrections-policy\/","ethicsPolicy":"https:\/\/talkpal.ai\/ethics-policy\/","diversityPolicy":"https:\/\/talkpal.ai\/diversity-policy\/","diversityStaffingReport":"https:\/\/talkpal.ai\/diversity-policy\/"}]}},"_links":{"self":[{"href":"https:\/\/talkpal.ai\/fr\/wp-json\/wp\/v2\/pages\/73307","targetHints":{"allow":["GET"]}}],"collection":[{"href":"https:\/\/talkpal.ai\/fr\/wp-json\/wp\/v2\/pages"}],"about":[{"href":"https:\/\/talkpal.ai\/fr\/wp-json\/wp\/v2\/types\/page"}],"author":[{"embeddable":true,"href":"https:\/\/talkpal.ai\/fr\/wp-json\/wp\/v2\/users\/6"}],"replies":[{"embeddable":true,"href":"https:\/\/talkpal.ai\/fr\/wp-json\/wp\/v2\/comments?post=73307"}],"version-history":[{"count":0,"href":"https:\/\/talkpal.ai\/fr\/wp-json\/wp\/v2\/pages\/73307\/revisions"}],"wp:featuredmedia":[{"embeddable":true,"href":"https:\/\/talkpal.ai\/fr\/wp-json\/wp\/v2\/media\/28380"}],"wp:attachment":[{"href":"https:\/\/talkpal.ai\/fr\/wp-json\/wp\/v2\/media?parent=73307"}],"curies":[{"name":"wp","href":"https:\/\/api.w.org\/{rel}","templated":true}]}}