{"id":73304,"date":"2023-06-27T08:41:59","date_gmt":"2023-06-27T08:41:59","guid":{"rendered":"http:\/\/talkpal.ai\/exercices-de-grammaire-norvegienne\/"},"modified":"2025-12-17T14:38:55","modified_gmt":"2025-12-17T14:38:55","slug":"exercices-de-grammaire-norvegienne","status":"publish","type":"page","link":"https:\/\/talkpal.ai\/fr\/exercices-de-grammaire-norvegienne\/","title":{"rendered":"Exercices de grammaire norv\u00e9gienne"},"content":{"rendered":"\r\n\r\n\r\n<section class=\"languageChallengeSection\">\r\n    <div class=\"languageInfoWrapper\">\r\n        \r\n        <h1>Exercices de grammaire norv\u00e9gienne<\/h1>\r\n        <p>Vous voulez prendre confiance en vous en <a href=\"https:\/\/talkpal.ai\/learn-norwegian\/\">norv\u00e9gien<\/a> ? Pratiquer des exercices de grammaire est un excellent moyen de ma\u00eetriser la structure des phrases, la forme des verbes et les sch\u00e9mas uniques de la langue norv\u00e9gienne. Commencez \u00e0 travailler la <a href=\"https:\/\/talkpal.ai\/norwegian-grammar\/\">grammaire norv\u00e9gienne<\/a> d\u00e8s aujourd&#039;hui et observez vos comp\u00e9tences et votre aisance s&#039;am\u00e9liorer \u00e0 chaque exercice !\n\n<\/p>\r\n\r\n                            <a class=\"getStartedHidden\" href=\"https:\/\/app.talkpal.ai\/fr\/signup?lng=\">Commencer<\/a>\r\n        \r\n    <\/div>\r\n\r\n    <figure>\r\n    <img decoding=\"async\" width=\"768\" height=\"768\" src=\"https:\/\/talkpal.ai\/wp-content\/uploads\/2023\/06\/norwegian-768x768.png\" class=\"languageImage no-lazy\" alt=\"Default alt text\" fetchpriority=\"high\" sizes=\"(max-width: 768px) 150px, 768px\" srcset=\"https:\/\/talkpal.ai\/wp-content\/uploads\/2023\/06\/norwegian-768x768.png 768w, https:\/\/talkpal.ai\/wp-content\/uploads\/2023\/06\/norwegian-300x300.png 300w\" \/>\r\n    \r\n\r\n    <\/figure>\r\n\r\n            <a class=\"getStartedVisible\" href=\"https:\/\/app.talkpal.ai\/fr\/signup?lng=\">Commencer<\/a>\r\n    \r\n<\/section>\r\n\r\n\r\n<!-- <section class=\"grammarSection\">\r\n    <div class=\"grammarLinks\">\r\n        <a href=\"https:\/\/talkpal.ai\/fr\/exercise_language\/adjectifs-grammaire-norvegienne\/\">Adjectifs <\/a><a href=\"https:\/\/talkpal.ai\/fr\/exercise_language\/adverbes-grammaire-norvegienne\/\">Adverbes <\/a><a href=\"https:\/\/talkpal.ai\/fr\/exercise_language\/articles-grammaire-norvegienne\/\">Articles <\/a><a href=\"https:\/\/talkpal.ai\/fr\/exercise_language\/comparaison-des-temps-grammaire-norvegienne\/\">Comparaison des temps <\/a><a href=\"https:\/\/talkpal.ai\/fr\/exercise_language\/conditionnels-grammaire-norvegienne\/\">Conditionnels <\/a><a href=\"https:\/\/talkpal.ai\/fr\/exercise_language\/noms-grammaire-norvegienne\/\">Noms <\/a><a href=\"https:\/\/talkpal.ai\/fr\/exercise_language\/phrases-grammaire-norvegienne\/\">Phrases <\/a><a href=\"https:\/\/talkpal.ai\/fr\/exercise_language\/prepositions-grammaire-norvegienne\/\">Pr\u00e9positions <\/a><a href=\"https:\/\/talkpal.ai\/fr\/exercise_language\/progressif-grammaire-norvegienne\/\">Progressif <\/a><a href=\"https:\/\/talkpal.ai\/fr\/exercise_language\/progressif-parfait-grammaire-norvegienne\/\">Progressif Parfait <\/a><a href=\"https:\/\/talkpal.ai\/fr\/exercise_language\/pronoms-determinants-grammaire-norvegienne\/\">Pronoms\/D\u00e9terminants <\/a><a href=\"https:\/\/talkpal.ai\/fr\/exercise_language\/temps-grammaire-norvegienne\/\">Temps <\/a><a href=\"https:\/\/talkpal.ai\/fr\/exercise_language\/verbes-grammaire-norvegienne\/\">Verbes <\/a>    <\/div>\r\n<\/section> -->\r\n\r\n\r\n\r\n\r\n        <section class=\"grammarSection\">\r\n            <div class=\"grammarLinks\">\r\n                <a href=\"https:\/\/talkpal.ai\/fr\/exercise_language\/adjectifs-grammaire-norvegienne\/\">Adjectifs <\/a><a href=\"https:\/\/talkpal.ai\/fr\/exercise_language\/adverbes-grammaire-norvegienne\/\">Adverbes <\/a><a href=\"https:\/\/talkpal.ai\/fr\/exercise_language\/articles-grammaire-norvegienne\/\">Articles <\/a><a href=\"https:\/\/talkpal.ai\/fr\/exercise_language\/comparaison-des-temps-grammaire-norvegienne\/\">Comparaison des temps <\/a><a href=\"https:\/\/talkpal.ai\/fr\/exercise_language\/conditionnels-grammaire-norvegienne\/\">Conditionnels <\/a><a href=\"https:\/\/talkpal.ai\/fr\/exercise_language\/noms-grammaire-norvegienne\/\">Noms <\/a><a href=\"https:\/\/talkpal.ai\/fr\/exercise_language\/phrases-grammaire-norvegienne\/\">Phrases <\/a><a href=\"https:\/\/talkpal.ai\/fr\/exercise_language\/prepositions-grammaire-norvegienne\/\">Pr\u00e9positions <\/a><a href=\"https:\/\/talkpal.ai\/fr\/exercise_language\/progressif-grammaire-norvegienne\/\">Progressif <\/a><a href=\"https:\/\/talkpal.ai\/fr\/exercise_language\/progressif-parfait-grammaire-norvegienne\/\">Progressif Parfait <\/a><a href=\"https:\/\/talkpal.ai\/fr\/exercise_language\/pronoms-determinants-grammaire-norvegienne\/\">Pronoms\/D\u00e9terminants <\/a><a href=\"https:\/\/talkpal.ai\/fr\/exercise_language\/temps-grammaire-norvegienne\/\">Temps <\/a><a href=\"https:\/\/talkpal.ai\/fr\/exercise_language\/verbes-grammaire-norvegienne\/\">Verbes <\/a>            <\/div>\r\n        <\/section>\r\n<section class=\"promotionalBanner\">\r\n    <p class=\"promotionalText\">La fa\u00e7on la plus efficace d\u2019apprendre une langue<\/p>\r\n    <a class=\"promotionalLink\" href=\"https:\/\/app.talkpal.ai\/fr\/signup?lng=\">Essayez Talkpal gratuitement<\/a>\r\n<\/section>\n<div class=\"wp-block-group pageContainerStyle\"><div class=\"wp-block-group__inner-container is-layout-constrained wp-block-group-is-layout-constrained\">\n<h2 class=\"wp-block-heading\" id=\"h-norwegian-grammar-topics\">Sujets de grammaire norv\u00e9gienne<\/h2>\n\n\n\n<p><a href=\"https:\/\/talkpal.ai\/learn-norwegian\/\">Apprendre le norv\u00e9gien<\/a> peut \u00eatre une exp\u00e9rience passionnante et enrichissante, car cela ouvre les portes d\u2019une riche histoire culturelle, de paysages \u00e9poustouflants et d\u2019un mode de vie unique en Norv\u00e8ge. En tant que langue germanique du Nord, le norv\u00e9gien partage de nombreuses similitudes avec ses langues voisines, le <a href=\"https:\/\/talkpal.ai\/learn-swedish\/\">su\u00e9dois<\/a> et le <a href=\"https:\/\/talkpal.ai\/learn-danish\/\">danois<\/a>. Cependant, il poss\u00e8de sa propre grammaire, sa propre prononciation et son propre vocabulaire. Pour aborder cette belle langue, il est essentiel de comprendre la grammaire norv\u00e9gienne et ses diff\u00e9rentes composantes. Dans ce guide, nous allons explorer les aspects cl\u00e9s de la grammaire norv\u00e9gienne, y compris les <a href=\"https:\/\/talkpal.ai\/zh-hans\/grammar_exercises\/temps-%e6%b3%95%e8%af%ad%e8%af%ad%e6%b3%95%e7%bb%83%e4%b9%a0\/\">temps<\/a>, les verbes, les noms, les articles, les pronoms, les adjectifs, les adverbes, les conditionnels, les pr\u00e9positions et les phrases, pour vous aider \u00e0 construire une base solide pour votre voyage d&rsquo;apprentissage de la langue.<\/p>\n\n\n\n<h3 class=\"wp-block-heading\" id=\"h-1-tenses\">1. Temps :<\/h3>\n\n\n\n<p>Comme point de d\u00e9part, concentrez-vous sur la compr\u00e9hension des <a href=\"https:\/\/talkpal.ai\/zh-hans\/grammar_exercises\/temps-%e6%b3%95%e8%af%ad%e8%af%ad%e6%b3%95%e7%bb%83%e4%b9%a0\/\">temps<\/a> norv\u00e9giens. Le norv\u00e9gien a trois temps principaux : le pr\u00e9sent, le pass\u00e9 et le futur, qui sont cruciaux pour exprimer des actions et des \u00e9v\u00e9nements \u00e0 diff\u00e9rents moments dans le temps. Familiarisez-vous avec la fa\u00e7on dont les verbes sont conjugu\u00e9s et comment ils changent \u00e0 diff\u00e9rents temps.<\/p>\n\n\n\n<h3 class=\"wp-block-heading\" id=\"h-2-tense-comparison\">2. Comparaison des temps :<\/h3>\n\n\n\n<p>Une fois que vous avez compris les temps de base, explorez comment ils se comparent et contrastent les uns avec les autres. Cela vous aidera \u00e0 comprendre les nuances de <a href=\"https:\/\/talkpal.ai\/locations\/language-courses-in-sens\/\">sens<\/a> et \u00e0 am\u00e9liorer vos comp\u00e9tences en compr\u00e9hension et en communication.<\/p>\n\n\n\n<h3 class=\"wp-block-heading\" id=\"h-3-verbs\">3. Verbes :<\/h3>\n\n\n\n<p>Les verbes norv\u00e9giens sont essentiels pour construire des phrases et transmettre un sens. D\u00e9couvrez les diff\u00e9rents types de verbes et la fa\u00e7on dont ils interagissent avec les sujets et les objets d\u2019une phrase. De plus, comprenez le concept des verbes modaux et la fa\u00e7on dont ils expriment la n\u00e9cessit\u00e9, la possibilit\u00e9 et l\u2019obligation.<\/p>\n\n\n\n<h3 class=\"wp-block-heading\" id=\"h-4-nouns\">4. Noms :<\/h3>\n\n\n\n<p>Les noms norv\u00e9giens sont class\u00e9s en trois genres : masculin, f\u00e9minin et neutre. Cela affecte la fa\u00e7on dont les articles, les adjectifs et les pronoms sont utilis\u00e9s avec eux. Apprenez les r\u00e8gles pour former les pluriels et les formes d\u00e9finies et ind\u00e9finies des noms.<\/p>\n\n\n\n<h3 class=\"wp-block-heading\" id=\"h-5-articles\">5. Les articles :<\/h3>\n\n\n\n<p>Les articles sont des mots courts qui accompagnent les noms et indiquent leur genre et leur nombre. Le norv\u00e9gien a des articles d\u00e9finis et ind\u00e9finis, qui sont cruciaux pour former correctement les phrases.<\/p>\n\n\n\n<h3 class=\"wp-block-heading\" id=\"h-6-pronouns-determiners\">6. Pronoms\/d\u00e9terminants :<\/h3>\n\n\n\n<p>Ces mots remplacent ou modifient les noms, et ils doivent s\u2019accorder en genre et en nombre avec le nom auquel ils se r\u00e9f\u00e8rent. \u00c9tudiez les diff\u00e9rents types de pronoms et de d\u00e9terminants, y compris les pronoms personnels, possessifs, d\u00e9monstratifs et relatifs.<\/p>\n\n\n\n<h3 class=\"wp-block-heading\" id=\"h-7-adjectives\">7. Adjectifs :<\/h3>\n\n\n\n<p>Les adjectifs d\u00e9crivent ou modifient les noms et les pronoms. Apprenez \u00e0 utiliser correctement les adjectifs en comprenant leurs r\u00e8gles d\u2019accord avec le genre et le nombre des noms qu\u2019ils modifient.<\/p>\n\n\n\n<h3 class=\"wp-block-heading\" id=\"h-8-adverbs\">8. Adverbes :<\/h3>\n\n\n\n<p>Les adverbes modifient les verbes, les adjectifs ou d\u2019autres adverbes, fournissant des informations suppl\u00e9mentaires sur les actions ou les qualit\u00e9s. Apprenez les diff\u00e9rents types d\u2019adverbes et comment les utiliser efficacement dans vos phrases.<\/p>\n\n\n\n<h3 class=\"wp-block-heading\" id=\"h-9-conditionals\">9. Conditionnels :<\/h3>\n\n\n\n<p>Les conditionnels sont utilis\u00e9s pour exprimer des situations hypoth\u00e9tiques et leurs cons\u00e9quences. \u00c9tudiez les diff\u00e9rents types de conditionnels et comment les former en utilisant les formes verbales et les conjonctions correctes.<\/p>\n\n\n\n<h3 class=\"wp-block-heading\" id=\"h-10-prepositions\">10. Pr\u00e9positions :<\/h3>\n\n\n\n<p>Les pr\u00e9positions sont des mots courts qui indiquent les relations entre les noms, les pronoms et d\u2019autres mots d\u2019une phrase. La ma\u00eetrise de l\u2019utilisation des pr\u00e9positions est cruciale pour comprendre et former des phrases pr\u00e9cises en norv\u00e9gien.<\/p>\n\n\n\n<h3 class=\"wp-block-heading\" id=\"h-11-sentences\">11. Peines :<\/h3>\n\n\n\n<p>Enfin, entra\u00eenez-vous \u00e0 construire des phrases en norv\u00e9gien en combinant vos connaissances des verbes, des noms, des articles, des pronoms, des adjectifs, des adverbes, des conditionnels et des pr\u00e9positions. Exp\u00e9rimentez diff\u00e9rentes structures de phrases et entra\u00eenez-vous \u00e0 formuler des questions, des d\u00e9clarations et des commandes pour ma\u00eetriser la langue.<\/p>\n<\/div><\/div>\n\r\n<section class=\"learnNavigationSection\">\r\n            \r\n        <a href=\"https:\/\/talkpal.ai\/fr\/apprendre-le-norvegien\/\">\r\n            <div class=\"learnNavigationWrapper\">\r\n                <div class=\"learnNavigationContent\">\r\n                    <img decoding=\"async\" src=\"https:\/\/talkpal.ai\/wp-content\/uploads\/2024\/08\/Norwegian.jpg\" alt=\"Norwegian Flag\">\r\n                    <div>\r\n                        <h4>A propos de Norwegian Learning<\/h4>\r\n                        <p>Tout savoir sur la grammaire norv\u00e9gienne.<\/p>\r\n                    <\/div>\r\n                <\/div>\r\n            <\/div>\r\n        <\/a>\r\n\r\n        \r\n        <a href=\"https:\/\/talkpal.ai\/fr\/grammaire-norvegienne\/\">\r\n            <div class=\"learnNavigationWrapper\">\r\n                <div class=\"learnNavigationContent\">\r\n                    <img decoding=\"async\" src=\"https:\/\/talkpal.ai\/wp-content\/uploads\/2024\/08\/Norwegian.jpg\" alt=\"Norwegian Flag\">\r\n                    <div>\r\n                        <h4>Cours de grammaire norv\u00e9gienne<\/h4>\r\n                        <p>Pratiquez la grammaire norv\u00e9gienne.<\/p>\r\n                    <\/div>\r\n                <\/div>\r\n            <\/div>\r\n        <\/a>\r\n\r\n        \r\n        <a href=\"https:\/\/talkpal.ai\/vocabulary_language\/norwegian\/\">\r\n            <div class=\"learnNavigationWrapper\">\r\n                <div class=\"learnNavigationContent\">\r\n                    <img decoding=\"async\" src=\"https:\/\/talkpal.ai\/wp-content\/uploads\/2024\/08\/Norwegian.jpg\" alt=\"Norwegian Flag\">\r\n                    <div>\r\n                        <h4>Vocabulaire norv\u00e9gien<\/h4>\r\n                        <p>\u00c9largissez votre vocabulaire norv\u00e9gien.<\/p>\r\n                    <\/div>\r\n                <\/div>\r\n            <\/div>\r\n        <\/a>\r\n\r\n            <\/section>","protected":false},"excerpt":{"rendered":"<p>Sujets de grammaire norv\u00e9gienne Apprendre le norv\u00e9gien peut \u00eatre une exp\u00e9rience passionnante et enrichissante, car cela ouvre les portes d\u2019une riche histoire culturelle, de paysages \u00e9poustouflants et d\u2019un mode de vie unique en Norv\u00e8ge. En tant que langue germanique du Nord, le norv\u00e9gien partage de nombreuses similitudes avec ses langues voisines, le su\u00e9dois et le [&hellip;]<\/p>\n","protected":false},"author":6,"featured_media":28540,"parent":0,"menu_order":0,"comment_status":"closed","ping_status":"closed","template":"LearningContentPage.php","meta":{"_acf_changed":false,"footnotes":""},"class_list":["post-73304","page","type-page","status-publish","has-post-thumbnail","hentry"],"acf":[],"yoast_head":"<!-- This site is optimized with the Yoast SEO Premium plugin v27.2 (Yoast SEO v27.2) - https:\/\/yoast.com\/product\/yoast-seo-premium-wordpress\/ -->\n<title>Exercices de grammaire norv\u00e9gienne - Talkpal<\/title>\n<meta name=\"description\" content=\"Am\u00e9liorez vos comp\u00e9tences gr\u00e2ce \u00e0 des exercices de grammaire norv\u00e9gienne attrayants. Parfait pour les apprenants de tous niveaux afin de s&#039;entra\u00eener efficacement.\" \/>\n<meta name=\"robots\" content=\"index, follow, max-snippet:-1, max-image-preview:large, max-video-preview:-1\" \/>\n<link rel=\"canonical\" href=\"https:\/\/talkpal.ai\/fr\/exercices-de-grammaire-norvegienne\/\" \/>\n<meta property=\"og:locale\" content=\"fr_FR\" \/>\n<meta property=\"og:type\" content=\"article\" \/>\n<meta property=\"og:title\" content=\"Exercices de grammaire norv\u00e9gienne\" \/>\n<meta property=\"og:description\" content=\"Sujets de grammaire norv\u00e9gienne Apprendre le norv\u00e9gien peut \u00eatre une exp\u00e9rience passionnante et enrichissante, car cela ouvre les portes d\u2019une riche\" \/>\n<meta property=\"og:url\" content=\"https:\/\/talkpal.ai\/fr\/exercices-de-grammaire-norvegienne\/\" \/>\n<meta property=\"og:site_name\" content=\"Talkpal\" \/>\n<meta property=\"article:publisher\" content=\"https:\/\/www.facebook.com\/profile.php?id=100090733639311\" \/>\n<meta property=\"article:modified_time\" content=\"2025-12-17T14:38:55+00:00\" \/>\n<meta property=\"og:image\" content=\"https:\/\/talkpal.ai\/wp-content\/uploads\/2023\/05\/norway.png\" \/>\n\t<meta property=\"og:image:width\" content=\"512\" \/>\n\t<meta property=\"og:image:height\" content=\"512\" \/>\n\t<meta property=\"og:image:type\" content=\"image\/png\" \/>\n<meta name=\"twitter:card\" content=\"summary_large_image\" \/>\n<meta name=\"twitter:site\" content=\"@talkpalai\" \/>\n<meta name=\"twitter:label1\" content=\"Dur\u00e9e de lecture estim\u00e9e\" \/>\n\t<meta name=\"twitter:data1\" content=\"3 minutes\" \/>\n<script type=\"application\/ld+json\" class=\"yoast-schema-graph\">{\"@context\":\"https:\/\/schema.org\",\"@graph\":[{\"@type\":\"WebPage\",\"@id\":\"https:\/\/talkpal.ai\/fr\/exercices-de-grammaire-norvegienne\/\",\"url\":\"https:\/\/talkpal.ai\/fr\/exercices-de-grammaire-norvegienne\/\",\"name\":\"Exercices de grammaire norv\u00e9gienne - Talkpal\",\"isPartOf\":{\"@id\":\"https:\/\/talkpal.ai\/fr\/#website\"},\"primaryImageOfPage\":{\"@id\":\"https:\/\/talkpal.ai\/fr\/exercices-de-grammaire-norvegienne\/#primaryimage\"},\"image\":{\"@id\":\"https:\/\/talkpal.ai\/fr\/exercices-de-grammaire-norvegienne\/#primaryimage\"},\"thumbnailUrl\":\"https:\/\/talkpal.ai\/wp-content\/uploads\/2023\/05\/norway.png\",\"datePublished\":\"2023-06-27T08:41:59+00:00\",\"dateModified\":\"2025-12-17T14:38:55+00:00\",\"description\":\"Am\u00e9liorez vos comp\u00e9tences gr\u00e2ce \u00e0 des exercices de grammaire norv\u00e9gienne attrayants. Parfait pour les apprenants de tous niveaux afin de s'entra\u00eener efficacement.\",\"breadcrumb\":{\"@id\":\"https:\/\/talkpal.ai\/fr\/exercices-de-grammaire-norvegienne\/#breadcrumb\"},\"inLanguage\":\"fr-FR\",\"potentialAction\":[{\"@type\":\"ReadAction\",\"target\":[\"https:\/\/talkpal.ai\/fr\/exercices-de-grammaire-norvegienne\/\"]}]},{\"@type\":\"ImageObject\",\"inLanguage\":\"fr-FR\",\"@id\":\"https:\/\/talkpal.ai\/fr\/exercices-de-grammaire-norvegienne\/#primaryimage\",\"url\":\"https:\/\/talkpal.ai\/wp-content\/uploads\/2023\/05\/norway.png\",\"contentUrl\":\"https:\/\/talkpal.ai\/wp-content\/uploads\/2023\/05\/norway.png\",\"width\":512,\"height\":512},{\"@type\":\"BreadcrumbList\",\"@id\":\"https:\/\/talkpal.ai\/fr\/exercices-de-grammaire-norvegienne\/#breadcrumb\",\"itemListElement\":[{\"@type\":\"ListItem\",\"position\":1,\"name\":\"Homepage\",\"item\":\"https:\/\/talkpal.ai\/fr\/\"},{\"@type\":\"ListItem\",\"position\":2,\"name\":\"Exercices de grammaire norv\u00e9gienne\"}]},{\"@type\":\"WebSite\",\"@id\":\"https:\/\/talkpal.ai\/fr\/#website\",\"url\":\"https:\/\/talkpal.ai\/fr\/\",\"name\":\"Talkpal\",\"description\":\"AI Language Learning\",\"publisher\":{\"@id\":\"https:\/\/talkpal.ai\/fr\/#organization\"},\"alternateName\":\"Talkpal AI\",\"potentialAction\":[{\"@type\":\"SearchAction\",\"target\":{\"@type\":\"EntryPoint\",\"urlTemplate\":\"https:\/\/talkpal.ai\/fr\/?s={search_term_string}\"},\"query-input\":{\"@type\":\"PropertyValueSpecification\",\"valueRequired\":true,\"valueName\":\"search_term_string\"}}],\"inLanguage\":\"fr-FR\"},{\"@type\":\"Organization\",\"@id\":\"https:\/\/talkpal.ai\/fr\/#organization\",\"name\":\"Talkpal, Inc.\",\"alternateName\":\"Talkpal AI\",\"url\":\"https:\/\/talkpal.ai\/fr\/\",\"logo\":{\"@type\":\"ImageObject\",\"inLanguage\":\"fr-FR\",\"@id\":\"https:\/\/talkpal.ai\/fr\/#\/schema\/logo\/image\/\",\"url\":\"https:\/\/talkpal.ai\/wp-content\/uploads\/2024\/03\/Talkpal-Logo-Icon.png\",\"contentUrl\":\"https:\/\/talkpal.ai\/wp-content\/uploads\/2024\/03\/Talkpal-Logo-Icon.png\",\"width\":2880,\"height\":2880,\"caption\":\"Talkpal, Inc.\"},\"image\":{\"@id\":\"https:\/\/talkpal.ai\/fr\/#\/schema\/logo\/image\/\"},\"sameAs\":[\"https:\/\/www.facebook.com\/profile.php?id=100090733639311\",\"https:\/\/x.com\/talkpalai\",\"https:\/\/www.linkedin.com\/company\/talkpal\/\",\"https:\/\/www.youtube.com\/@TalkPal\/\",\"https:\/\/www.tiktok.com\/@talkpal\",\"https:\/\/www.instagram.com\/talkpal_ai\/\",\"https:\/\/www.crunchbase.com\/organization\/talkpal-9cde\",\"https:\/\/www.g2.com\/products\/talkpal-for-business\/\",\"https:\/\/www.trustpilot.com\/review\/talkpal.ai\",\"https:\/\/www.capterra.com\/p\/10006800\/TalkPal\/\"],\"description\":\"Talkpal is a language learning web and mobile education app, powered by the latest AI technologies, that provides engaging experiences to its customers in many different languages to help them improve their language skills. Users can chat about unlimited amount of topics with the app and use other modes to practice their language learning.\",\"email\":\"support@talkpal.ai\",\"legalName\":\"Talkpal, Inc.\",\"foundingDate\":\"2023-04-03\",\"duns\":\"118989042\",\"numberOfEmployees\":{\"@type\":\"QuantitativeValue\",\"minValue\":\"11\",\"maxValue\":\"50\"},\"publishingPrinciples\":\"https:\/\/talkpal.ai\/publishing-principles\/\",\"actionableFeedbackPolicy\":\"https:\/\/talkpal.ai\/actionable-feedback-policy\/\",\"correctionsPolicy\":\"https:\/\/talkpal.ai\/corrections-policy\/\",\"ethicsPolicy\":\"https:\/\/talkpal.ai\/ethics-policy\/\",\"diversityPolicy\":\"https:\/\/talkpal.ai\/diversity-policy\/\",\"diversityStaffingReport\":\"https:\/\/talkpal.ai\/diversity-policy\/\"}]}<\/script>\n<!-- \/ Yoast SEO Premium plugin. -->","yoast_head_json":{"title":"Exercices de grammaire norv\u00e9gienne - Talkpal","description":"Am\u00e9liorez vos comp\u00e9tences gr\u00e2ce \u00e0 des exercices de grammaire norv\u00e9gienne attrayants. Parfait pour les apprenants de tous niveaux afin de s'entra\u00eener efficacement.","robots":{"index":"index","follow":"follow","max-snippet":"max-snippet:-1","max-image-preview":"max-image-preview:large","max-video-preview":"max-video-preview:-1"},"canonical":"https:\/\/talkpal.ai\/fr\/exercices-de-grammaire-norvegienne\/","og_locale":"fr_FR","og_type":"article","og_title":"Exercices de grammaire norv\u00e9gienne","og_description":"Sujets de grammaire norv\u00e9gienne Apprendre le norv\u00e9gien peut \u00eatre une exp\u00e9rience passionnante et enrichissante, car cela ouvre les portes d\u2019une riche","og_url":"https:\/\/talkpal.ai\/fr\/exercices-de-grammaire-norvegienne\/","og_site_name":"Talkpal","article_publisher":"https:\/\/www.facebook.com\/profile.php?id=100090733639311","article_modified_time":"2025-12-17T14:38:55+00:00","og_image":[{"width":512,"height":512,"url":"https:\/\/talkpal.ai\/wp-content\/uploads\/2023\/05\/norway.png","type":"image\/png"}],"twitter_card":"summary_large_image","twitter_site":"@talkpalai","twitter_misc":{"Dur\u00e9e de lecture estim\u00e9e":"3 minutes"},"schema":{"@context":"https:\/\/schema.org","@graph":[{"@type":"WebPage","@id":"https:\/\/talkpal.ai\/fr\/exercices-de-grammaire-norvegienne\/","url":"https:\/\/talkpal.ai\/fr\/exercices-de-grammaire-norvegienne\/","name":"Exercices de grammaire norv\u00e9gienne - Talkpal","isPartOf":{"@id":"https:\/\/talkpal.ai\/fr\/#website"},"primaryImageOfPage":{"@id":"https:\/\/talkpal.ai\/fr\/exercices-de-grammaire-norvegienne\/#primaryimage"},"image":{"@id":"https:\/\/talkpal.ai\/fr\/exercices-de-grammaire-norvegienne\/#primaryimage"},"thumbnailUrl":"https:\/\/talkpal.ai\/wp-content\/uploads\/2023\/05\/norway.png","datePublished":"2023-06-27T08:41:59+00:00","dateModified":"2025-12-17T14:38:55+00:00","description":"Am\u00e9liorez vos comp\u00e9tences gr\u00e2ce \u00e0 des exercices de grammaire norv\u00e9gienne attrayants. Parfait pour les apprenants de tous niveaux afin de s'entra\u00eener efficacement.","breadcrumb":{"@id":"https:\/\/talkpal.ai\/fr\/exercices-de-grammaire-norvegienne\/#breadcrumb"},"inLanguage":"fr-FR","potentialAction":[{"@type":"ReadAction","target":["https:\/\/talkpal.ai\/fr\/exercices-de-grammaire-norvegienne\/"]}]},{"@type":"ImageObject","inLanguage":"fr-FR","@id":"https:\/\/talkpal.ai\/fr\/exercices-de-grammaire-norvegienne\/#primaryimage","url":"https:\/\/talkpal.ai\/wp-content\/uploads\/2023\/05\/norway.png","contentUrl":"https:\/\/talkpal.ai\/wp-content\/uploads\/2023\/05\/norway.png","width":512,"height":512},{"@type":"BreadcrumbList","@id":"https:\/\/talkpal.ai\/fr\/exercices-de-grammaire-norvegienne\/#breadcrumb","itemListElement":[{"@type":"ListItem","position":1,"name":"Homepage","item":"https:\/\/talkpal.ai\/fr\/"},{"@type":"ListItem","position":2,"name":"Exercices de grammaire norv\u00e9gienne"}]},{"@type":"WebSite","@id":"https:\/\/talkpal.ai\/fr\/#website","url":"https:\/\/talkpal.ai\/fr\/","name":"Talkpal","description":"AI Language Learning","publisher":{"@id":"https:\/\/talkpal.ai\/fr\/#organization"},"alternateName":"Talkpal AI","potentialAction":[{"@type":"SearchAction","target":{"@type":"EntryPoint","urlTemplate":"https:\/\/talkpal.ai\/fr\/?s={search_term_string}"},"query-input":{"@type":"PropertyValueSpecification","valueRequired":true,"valueName":"search_term_string"}}],"inLanguage":"fr-FR"},{"@type":"Organization","@id":"https:\/\/talkpal.ai\/fr\/#organization","name":"Talkpal, Inc.","alternateName":"Talkpal AI","url":"https:\/\/talkpal.ai\/fr\/","logo":{"@type":"ImageObject","inLanguage":"fr-FR","@id":"https:\/\/talkpal.ai\/fr\/#\/schema\/logo\/image\/","url":"https:\/\/talkpal.ai\/wp-content\/uploads\/2024\/03\/Talkpal-Logo-Icon.png","contentUrl":"https:\/\/talkpal.ai\/wp-content\/uploads\/2024\/03\/Talkpal-Logo-Icon.png","width":2880,"height":2880,"caption":"Talkpal, Inc."},"image":{"@id":"https:\/\/talkpal.ai\/fr\/#\/schema\/logo\/image\/"},"sameAs":["https:\/\/www.facebook.com\/profile.php?id=100090733639311","https:\/\/x.com\/talkpalai","https:\/\/www.linkedin.com\/company\/talkpal\/","https:\/\/www.youtube.com\/@TalkPal\/","https:\/\/www.tiktok.com\/@talkpal","https:\/\/www.instagram.com\/talkpal_ai\/","https:\/\/www.crunchbase.com\/organization\/talkpal-9cde","https:\/\/www.g2.com\/products\/talkpal-for-business\/","https:\/\/www.trustpilot.com\/review\/talkpal.ai","https:\/\/www.capterra.com\/p\/10006800\/TalkPal\/"],"description":"Talkpal is a language learning web and mobile education app, powered by the latest AI technologies, that provides engaging experiences to its customers in many different languages to help them improve their language skills. Users can chat about unlimited amount of topics with the app and use other modes to practice their language learning.","email":"support@talkpal.ai","legalName":"Talkpal, Inc.","foundingDate":"2023-04-03","duns":"118989042","numberOfEmployees":{"@type":"QuantitativeValue","minValue":"11","maxValue":"50"},"publishingPrinciples":"https:\/\/talkpal.ai\/publishing-principles\/","actionableFeedbackPolicy":"https:\/\/talkpal.ai\/actionable-feedback-policy\/","correctionsPolicy":"https:\/\/talkpal.ai\/corrections-policy\/","ethicsPolicy":"https:\/\/talkpal.ai\/ethics-policy\/","diversityPolicy":"https:\/\/talkpal.ai\/diversity-policy\/","diversityStaffingReport":"https:\/\/talkpal.ai\/diversity-policy\/"}]}},"_links":{"self":[{"href":"https:\/\/talkpal.ai\/fr\/wp-json\/wp\/v2\/pages\/73304","targetHints":{"allow":["GET"]}}],"collection":[{"href":"https:\/\/talkpal.ai\/fr\/wp-json\/wp\/v2\/pages"}],"about":[{"href":"https:\/\/talkpal.ai\/fr\/wp-json\/wp\/v2\/types\/page"}],"author":[{"embeddable":true,"href":"https:\/\/talkpal.ai\/fr\/wp-json\/wp\/v2\/users\/6"}],"replies":[{"embeddable":true,"href":"https:\/\/talkpal.ai\/fr\/wp-json\/wp\/v2\/comments?post=73304"}],"version-history":[{"count":0,"href":"https:\/\/talkpal.ai\/fr\/wp-json\/wp\/v2\/pages\/73304\/revisions"}],"wp:featuredmedia":[{"embeddable":true,"href":"https:\/\/talkpal.ai\/fr\/wp-json\/wp\/v2\/media\/28540"}],"wp:attachment":[{"href":"https:\/\/talkpal.ai\/fr\/wp-json\/wp\/v2\/media?parent=73304"}],"curies":[{"name":"wp","href":"https:\/\/api.w.org\/{rel}","templated":true}]}}