{"id":73247,"date":"2023-06-22T08:29:59","date_gmt":"2023-06-22T08:29:59","guid":{"rendered":"http:\/\/talkpal.ai\/exercices-de-grammaire-malaise\/"},"modified":"2025-12-17T15:23:27","modified_gmt":"2025-12-17T15:23:27","slug":"exercices-de-grammaire-malaise","status":"publish","type":"page","link":"https:\/\/talkpal.ai\/fr\/exercices-de-grammaire-malaise\/","title":{"rendered":"Exercices de grammaire malaise"},"content":{"rendered":"\r\n\r\n\r\n<section class=\"languageChallengeSection\">\r\n    <div class=\"languageInfoWrapper\">\r\n        \r\n        <h1>Exercices de grammaire malaise<\/h1>\r\n        <p>Vous \u00eates pr\u00eat \u00e0 vous sentir plus \u00e0 l&#039;aise avec le <a href=\"https:\/\/talkpal.ai\/learn-malay\/\">malais<\/a> ? La pratique d&#039;exercices de grammaire est un excellent moyen de ma\u00eetriser la structure des phrases, la forme des verbes et les particularit\u00e9s de la langue. Commencez \u00e0 explorer la <a href=\"https:\/\/talkpal.ai\/malay-grammar\/\">grammaire malaise<\/a> d\u00e8s aujourd&#039;hui et voyez vos comp\u00e9tences et votre confiance augmenter \u00e0 chaque exercice !<\/p>\r\n\r\n                            <a class=\"getStartedHidden\" href=\"https:\/\/app.talkpal.ai\/fr\/signup?lng=\">Commencer<\/a>\r\n        \r\n    <\/div>\r\n\r\n    <figure>\r\n    <img decoding=\"async\" width=\"768\" height=\"768\" src=\"https:\/\/talkpal.ai\/wp-content\/uploads\/2023\/06\/malay-768x768.png\" class=\"languageImage no-lazy\" alt=\"Default alt text\" fetchpriority=\"high\" sizes=\"(max-width: 768px) 150px, 768px\" srcset=\"https:\/\/talkpal.ai\/wp-content\/uploads\/2023\/06\/malay-768x768.png 768w, https:\/\/talkpal.ai\/wp-content\/uploads\/2023\/06\/malay-300x300.png 300w\" \/>\r\n    \r\n\r\n    <\/figure>\r\n\r\n            <a class=\"getStartedVisible\" href=\"https:\/\/app.talkpal.ai\/fr\/signup?lng=\">Commencer<\/a>\r\n    \r\n<\/section>\r\n\r\n\r\n<!-- <section class=\"grammarSection\">\r\n    <div class=\"grammarLinks\">\r\n        <a href=\"https:\/\/talkpal.ai\/fr\/exercise_language\/adjectifs-grammaire-malaise\/\">Adjectifs <\/a><a href=\"https:\/\/talkpal.ai\/fr\/exercise_language\/adverbes-grammaire-malaise\/\">Adverbes <\/a><a href=\"https:\/\/talkpal.ai\/fr\/exercise_language\/articles-grammaire-malaise\/\">Articles <\/a><a href=\"https:\/\/talkpal.ai\/fr\/exercise_language\/comparaison-des-temps-grammaire-malaise\/\">Comparaison des temps <\/a><a href=\"https:\/\/talkpal.ai\/fr\/exercise_language\/conditionnels-grammaire-malaise\/\">Conditionnels <\/a><a href=\"https:\/\/talkpal.ai\/fr\/exercise_language\/noms-grammaire-malaise\/\">Noms <\/a><a href=\"https:\/\/talkpal.ai\/fr\/exercise_language\/phrases-grammaire-malaise\/\">Phrases <\/a><a href=\"https:\/\/talkpal.ai\/fr\/exercise_language\/prepositions-grammaire-malaise\/\">Pr\u00e9positions <\/a><a href=\"https:\/\/talkpal.ai\/fr\/exercise_language\/progressif-grammaire-malaise\/\">Progressif <\/a><a href=\"https:\/\/talkpal.ai\/fr\/exercise_language\/progressif-parfait-grammaire-malaise\/\">Progressif Parfait <\/a><a href=\"https:\/\/talkpal.ai\/fr\/exercise_language\/pronoms-determinants-grammaire-malaise\/\">Pronoms\/D\u00e9terminants <\/a><a href=\"https:\/\/talkpal.ai\/fr\/exercise_language\/temps-grammaire-malaise\/\">Temps <\/a><a href=\"https:\/\/talkpal.ai\/fr\/exercise_language\/verbes-grammaire-malaise\/\">Verbes <\/a>    <\/div>\r\n<\/section> -->\r\n\r\n\r\n\r\n\r\n        <section class=\"grammarSection\">\r\n            <div class=\"grammarLinks\">\r\n                <a href=\"https:\/\/talkpal.ai\/fr\/exercise_language\/adjectifs-grammaire-malaise\/\">Adjectifs <\/a><a href=\"https:\/\/talkpal.ai\/fr\/exercise_language\/adverbes-grammaire-malaise\/\">Adverbes <\/a><a href=\"https:\/\/talkpal.ai\/fr\/exercise_language\/articles-grammaire-malaise\/\">Articles <\/a><a href=\"https:\/\/talkpal.ai\/fr\/exercise_language\/comparaison-des-temps-grammaire-malaise\/\">Comparaison des temps <\/a><a href=\"https:\/\/talkpal.ai\/fr\/exercise_language\/conditionnels-grammaire-malaise\/\">Conditionnels <\/a><a href=\"https:\/\/talkpal.ai\/fr\/exercise_language\/noms-grammaire-malaise\/\">Noms <\/a><a href=\"https:\/\/talkpal.ai\/fr\/exercise_language\/phrases-grammaire-malaise\/\">Phrases <\/a><a href=\"https:\/\/talkpal.ai\/fr\/exercise_language\/prepositions-grammaire-malaise\/\">Pr\u00e9positions <\/a><a href=\"https:\/\/talkpal.ai\/fr\/exercise_language\/progressif-grammaire-malaise\/\">Progressif <\/a><a href=\"https:\/\/talkpal.ai\/fr\/exercise_language\/progressif-parfait-grammaire-malaise\/\">Progressif Parfait <\/a><a href=\"https:\/\/talkpal.ai\/fr\/exercise_language\/pronoms-determinants-grammaire-malaise\/\">Pronoms\/D\u00e9terminants <\/a><a href=\"https:\/\/talkpal.ai\/fr\/exercise_language\/temps-grammaire-malaise\/\">Temps <\/a><a href=\"https:\/\/talkpal.ai\/fr\/exercise_language\/verbes-grammaire-malaise\/\">Verbes <\/a>            <\/div>\r\n        <\/section>\r\n<section class=\"promotionalBanner\">\r\n    <p class=\"promotionalText\">La fa\u00e7on la plus efficace d\u2019apprendre une langue<\/p>\r\n    <a class=\"promotionalLink\" href=\"https:\/\/app.talkpal.ai\/fr\/signup?lng=\">Essayez Talkpal gratuitement<\/a>\r\n<\/section>\n<div class=\"wp-block-group pageContainerStyle\"><div class=\"wp-block-group__inner-container is-layout-constrained wp-block-group-is-layout-constrained\">\n<h2 class=\"wp-block-heading\" id=\"h-malay-grammar-topics\">Sujets de grammaire malaise<\/h2>\n\n\n\n<p><a href=\"https:\/\/talkpal.ai\/mastering-fluency-how-to-apprendre-la-langue-de-francais-easily\/\">Apprendre la langue<\/a> malaise peut \u00eatre une exp\u00e9rience enrichissante, ouvrant des opportunit\u00e9s pour comprendre le riche <a href=\"https:\/\/talkpal.ai\/fr\/culture\/le-patrimoine-culturel-immateriel-francais\/\">patrimoine culturel<\/a> de la Malaisie, de l\u2019Indon\u00e9sie et des pays voisins. La langue appartient \u00e0 la famille austron\u00e9sienne et est parl\u00e9e par des millions de personnes \u00e0 travers l\u2019Asie du Sud-Est. Sa grammaire est relativement simple par rapport \u00e0 de nombreuses langues europ\u00e9ennes, ce qui <a href=\"https:\/\/talkpal.ai\/culture\/how-do-i-use-en-fait-as-a-common-discourse-marker\/\">en fait<\/a> un choix attrayant pour les apprenants de langues. <a href=\"https:\/\/talkpal.ai\/culture\/what-is-the-difference-between-avant-de-and-avant-que\/\">Avant de<\/a> se plonger dans les diff\u00e9rents aspects de la grammaire malaise, il est essentiel de se familiariser avec les \u00e9l\u00e9ments de base qui constituent la langue. Dans ce guide, nous allons explorer ces sujets dans un ordre qui vous aidera \u00e0 <a href=\"https:\/\/talkpal.ai\/mastering-fluency-how-to-apprendre-la-langue-de-francais-easily\/\">apprendre la langue<\/a> efficacement.<\/p>\n\n\n\n<h3 class=\"wp-block-heading\" id=\"h-1-nouns\">1. Noms :<\/h3>\n\n\n\n<p>Commencez par apprendre les noms malais, les mots qui repr\u00e9sentent les personnes, les lieux, les choses et les id\u00e9es. En malais, les noms n\u2019ont pas de genre ou de formes plurielles comme dans beaucoup d\u2019autres langues, ce qui les rend plus simples \u00e0 apprendre. Concentrez-vous sur la construction de votre vocabulaire en m\u00e9morisant les noms communs et leurs significations.<\/p>\n\n\n\n<h3 class=\"wp-block-heading\" id=\"h-2-pronouns-determiners\">2. Pronoms\/d\u00e9terminants :<\/h3>\n\n\n\n<p>Ensuite, apprenez les pronoms et les d\u00e9terminants malais, qui sont utilis\u00e9s pour d\u00e9signer les noms. Les pronoms remplacent les noms dans les phrases, tandis que les d\u00e9terminants fournissent des informations sur le nom, telles que la quantit\u00e9 ou la possession. Familiarisez-vous avec les <a href=\"https:\/\/talkpal.ai\/hi\/grammar_exercises\/pronoms-personnels-%e0%a4%ab%e0%a5%8d%e0%a4%b0%e0%a4%be%e0%a4%82%e0%a4%b8%e0%a5%80%e0%a4%b8%e0%a5%80-%e0%a4%b5%e0%a5%8d%e0%a4%af%e0%a4%be%e0%a4%95%e0%a4%b0%e0%a4%a3-%e0%a4%95%e0%a5%87-%e0%a4%b2\/\">pronoms personnels<\/a> (par exemple, saya pour \u00ab\u00a0je\u00a0\u00bb et kamu pour \u00ab\u00a0vous\u00a0\u00bb) et les d\u00e9terminants possessifs (par exemple, ini pour \u00ab\u00a0ceci\u00a0\u00bb et itu pour \u00ab\u00a0cela\u00a0\u00bb).<\/p>\n\n\n\n<h3 class=\"wp-block-heading\" id=\"h-3-articles\">3. Les articles :<\/h3>\n\n\n\n<p>Contrairement \u00e0 l&rsquo;anglais, le malais n&rsquo;a pas d&rsquo;articles d\u00e9finis ou ind\u00e9finis (par exemple, \u00ab\u00a0the\u00a0\u00bb ou \u00ab\u00a0a\/an\u00a0\u00bb). Il est cependant essentiel de comprendre comment la langue indique la sp\u00e9cificit\u00e9 et la g\u00e9n\u00e9ralit\u00e9 dans les phrases.<\/p>\n\n\n\n<h3 class=\"wp-block-heading\" id=\"h-4-verbs\">4. Verbes :<\/h3>\n\n\n\n<p>Les verbes sont cruciaux en malais, car ils expriment des actions, des \u00e9tats ou des occurrences. Apprenez les formes verbales de base et comment les conjuguer en fonction du temps, de la personne et du nombre.<\/p>\n\n\n\n<h3 class=\"wp-block-heading\" id=\"h-5-tenses\">5. Temps :<\/h3>\n\n\n\n<p>Le malais a moins de temps que l\u2019anglais, l\u2019accent \u00e9tant mis sur les actions pass\u00e9es, pr\u00e9sentes et futures. Apprenez \u00e0 exprimer le temps en malais en comprenant les diff\u00e9rences entre les temps simples, progressifs et parfaits.<\/p>\n\n\n\n<h3 class=\"wp-block-heading\" id=\"h-6-adjectives\">6. Adjectifs :<\/h3>\n\n\n\n<p>Les adjectifs d\u00e9crivent ou modifient les noms, en fournissant des informations suppl\u00e9mentaires sur leurs qualit\u00e9s ou leurs caract\u00e9ristiques. Apprenez les adjectifs malais courants et comment ils changent dans les phrases en fonction du nom qu\u2019ils modifient.<\/p>\n\n\n\n<h3 class=\"wp-block-heading\" id=\"h-7-adverbs\">7. Adverbes :<\/h3>\n\n\n\n<p>Les adverbes modifient les verbes, les adjectifs ou d\u2019autres adverbes, fournissant des informations sur le temps, la mani\u00e8re, le lieu ou le degr\u00e9. \u00c9tudiez les adverbes malais courants et leur placement dans les phrases.<\/p>\n\n\n\n<h3 class=\"wp-block-heading\" id=\"h-8-prepositions\">8. Pr\u00e9positions :<\/h3>\n\n\n\n<p>Les pr\u00e9positions sont utilis\u00e9es pour relier des noms, des pronoms ou des phrases \u00e0 d\u2019autres mots d\u2019une phrase, montrant des relations telles que le lieu, la direction ou le temps. Apprenez les pr\u00e9positions malaises courantes et comment elles fonctionnent dans les phrases.<\/p>\n\n\n\n<h3 class=\"wp-block-heading\" id=\"h-9-conditionals\">9. Conditionnels :<\/h3>\n\n\n\n<p>Les peines d\u2019emprisonnement avec sursis expriment des situations ou des conditions hypoth\u00e9tiques et leurs r\u00e9sultats possibles. Apprenez \u00e0 former des phrases conditionnelles en malais en utilisant les formes verbales et les conjonctions appropri\u00e9es.<\/p>\n\n\n\n<h3 class=\"wp-block-heading\" id=\"h-10-sentences\">10. Phrases:<\/h3>\n\n\n\n<p>Enfin, entra\u00eenez-vous \u00e0 construire des phrases en malais en combinant des noms, des pronoms, des verbes, des adjectifs, des adverbes et des pr\u00e9positions. Comprendre la structure de base des phrases, telle que sujet-verbe-objet, et s\u2019entra\u00eener \u00e0 cr\u00e9er des phrases complexes \u00e0 l\u2019aide de conjonctions et de propositions relatives.<\/p>\n\n\n\n<p>En suivant cette s\u00e9quence et en consacrant du temps \u00e0 la pratique de chaque sujet, vous construirez une base solide en grammaire malaise et serez sur la bonne voie pour devenir un locuteur comp\u00e9tent de la langue.<\/p>\n<\/div><\/div>\n\r\n<section class=\"learnNavigationSection\">\r\n            \r\n        <a href=\"https:\/\/talkpal.ai\/fr\/apprendre-le-malais\/\">\r\n            <div class=\"learnNavigationWrapper\">\r\n                <div class=\"learnNavigationContent\">\r\n                    <img decoding=\"async\" src=\"https:\/\/talkpal.ai\/wp-content\/uploads\/2024\/08\/Malay.jpg\" alt=\"Malaysian Flag\">\r\n                    <div>\r\n                        <h4>\u00c0 propos de Malay Learning<\/h4>\r\n                        <p>Tout savoir sur la grammaire malaise.<\/p>\r\n                    <\/div>\r\n                <\/div>\r\n            <\/div>\r\n        <\/a>\r\n\r\n        \r\n        <a href=\"https:\/\/talkpal.ai\/fr\/grammaire-malaise\/\">\r\n            <div class=\"learnNavigationWrapper\">\r\n                <div class=\"learnNavigationContent\">\r\n                    <img decoding=\"async\" src=\"https:\/\/talkpal.ai\/wp-content\/uploads\/2024\/08\/Malay.jpg\" alt=\"Malaysian Flag\">\r\n                    <div>\r\n                        <h4>Le\u00e7ons de grammaire malaise<\/h4>\r\n                        <p>Pratiquez la grammaire malaise.<\/p>\r\n                    <\/div>\r\n                <\/div>\r\n            <\/div>\r\n        <\/a>\r\n\r\n        \r\n        <a href=\"https:\/\/talkpal.ai\/vocabulary_language\/malay\/\">\r\n            <div class=\"learnNavigationWrapper\">\r\n                <div class=\"learnNavigationContent\">\r\n                    <img decoding=\"async\" src=\"https:\/\/talkpal.ai\/wp-content\/uploads\/2024\/08\/Malay.jpg\" alt=\"Malaysian Flag\">\r\n                    <div>\r\n                        <h4>Vocabulaire malais<\/h4>\r\n                        <p>\u00c9largissez votre vocabulaire malais.<\/p>\r\n                    <\/div>\r\n                <\/div>\r\n            <\/div>\r\n        <\/a>\r\n\r\n            <\/section>","protected":false},"excerpt":{"rendered":"<p>Sujets de grammaire malaise Apprendre la langue malaise peut \u00eatre une exp\u00e9rience enrichissante, ouvrant des opportunit\u00e9s pour comprendre le riche patrimoine culturel de la Malaisie, de l\u2019Indon\u00e9sie et des pays voisins. La langue appartient \u00e0 la famille austron\u00e9sienne et est parl\u00e9e par des millions de personnes \u00e0 travers l\u2019Asie du Sud-Est. Sa grammaire est relativement [&hellip;]<\/p>\n","protected":false},"author":6,"featured_media":28476,"parent":0,"menu_order":0,"comment_status":"closed","ping_status":"closed","template":"LearningContentPage.php","meta":{"_acf_changed":false,"footnotes":""},"class_list":["post-73247","page","type-page","status-publish","has-post-thumbnail","hentry"],"acf":[],"yoast_head":"<!-- This site is optimized with the Yoast SEO Premium plugin v27.2 (Yoast SEO v27.2) - https:\/\/yoast.com\/product\/yoast-seo-premium-wordpress\/ -->\n<title>Exercices de grammaire malaise - Talkpal<\/title>\n<meta name=\"description\" content=\"Am\u00e9liorez vos comp\u00e9tences linguistiques avec les exercices de grammaire malaise. Apprenez les bases pour mieux comprendre la langue malaise.\" \/>\n<meta name=\"robots\" content=\"index, follow, max-snippet:-1, max-image-preview:large, max-video-preview:-1\" \/>\n<link rel=\"canonical\" href=\"https:\/\/talkpal.ai\/fr\/exercices-de-grammaire-malaise\/\" \/>\n<meta property=\"og:locale\" content=\"fr_FR\" \/>\n<meta property=\"og:type\" content=\"article\" \/>\n<meta property=\"og:title\" content=\"Exercices de grammaire malaise\" \/>\n<meta property=\"og:description\" content=\"Sujets de grammaire malaise Apprendre la langue malaise peut \u00eatre une exp\u00e9rience enrichissante, ouvrant des opportunit\u00e9s pour comprendre le riche\" \/>\n<meta property=\"og:url\" content=\"https:\/\/talkpal.ai\/fr\/exercices-de-grammaire-malaise\/\" \/>\n<meta property=\"og:site_name\" content=\"Talkpal\" \/>\n<meta property=\"article:publisher\" content=\"https:\/\/www.facebook.com\/profile.php?id=100090733639311\" \/>\n<meta property=\"article:modified_time\" content=\"2025-12-17T15:23:27+00:00\" \/>\n<meta property=\"og:image\" content=\"https:\/\/talkpal.ai\/wp-content\/uploads\/2023\/05\/malaysia.png\" \/>\n\t<meta property=\"og:image:width\" content=\"512\" \/>\n\t<meta property=\"og:image:height\" content=\"512\" \/>\n\t<meta property=\"og:image:type\" content=\"image\/png\" \/>\n<meta name=\"twitter:card\" content=\"summary_large_image\" \/>\n<meta name=\"twitter:site\" content=\"@talkpalai\" \/>\n<meta name=\"twitter:label1\" content=\"Dur\u00e9e de lecture estim\u00e9e\" \/>\n\t<meta name=\"twitter:data1\" content=\"3 minutes\" \/>\n<script type=\"application\/ld+json\" class=\"yoast-schema-graph\">{\"@context\":\"https:\/\/schema.org\",\"@graph\":[{\"@type\":\"WebPage\",\"@id\":\"https:\/\/talkpal.ai\/fr\/exercices-de-grammaire-malaise\/\",\"url\":\"https:\/\/talkpal.ai\/fr\/exercices-de-grammaire-malaise\/\",\"name\":\"Exercices de grammaire malaise - Talkpal\",\"isPartOf\":{\"@id\":\"https:\/\/talkpal.ai\/fr\/#website\"},\"primaryImageOfPage\":{\"@id\":\"https:\/\/talkpal.ai\/fr\/exercices-de-grammaire-malaise\/#primaryimage\"},\"image\":{\"@id\":\"https:\/\/talkpal.ai\/fr\/exercices-de-grammaire-malaise\/#primaryimage\"},\"thumbnailUrl\":\"https:\/\/talkpal.ai\/wp-content\/uploads\/2023\/05\/malaysia.png\",\"datePublished\":\"2023-06-22T08:29:59+00:00\",\"dateModified\":\"2025-12-17T15:23:27+00:00\",\"description\":\"Am\u00e9liorez vos comp\u00e9tences linguistiques avec les exercices de grammaire malaise. Apprenez les bases pour mieux comprendre la langue malaise.\",\"breadcrumb\":{\"@id\":\"https:\/\/talkpal.ai\/fr\/exercices-de-grammaire-malaise\/#breadcrumb\"},\"inLanguage\":\"fr-FR\",\"potentialAction\":[{\"@type\":\"ReadAction\",\"target\":[\"https:\/\/talkpal.ai\/fr\/exercices-de-grammaire-malaise\/\"]}]},{\"@type\":\"ImageObject\",\"inLanguage\":\"fr-FR\",\"@id\":\"https:\/\/talkpal.ai\/fr\/exercices-de-grammaire-malaise\/#primaryimage\",\"url\":\"https:\/\/talkpal.ai\/wp-content\/uploads\/2023\/05\/malaysia.png\",\"contentUrl\":\"https:\/\/talkpal.ai\/wp-content\/uploads\/2023\/05\/malaysia.png\",\"width\":512,\"height\":512},{\"@type\":\"BreadcrumbList\",\"@id\":\"https:\/\/talkpal.ai\/fr\/exercices-de-grammaire-malaise\/#breadcrumb\",\"itemListElement\":[{\"@type\":\"ListItem\",\"position\":1,\"name\":\"Homepage\",\"item\":\"https:\/\/talkpal.ai\/fr\/\"},{\"@type\":\"ListItem\",\"position\":2,\"name\":\"Exercices de grammaire malaise\"}]},{\"@type\":\"WebSite\",\"@id\":\"https:\/\/talkpal.ai\/fr\/#website\",\"url\":\"https:\/\/talkpal.ai\/fr\/\",\"name\":\"Talkpal\",\"description\":\"AI Language Learning\",\"publisher\":{\"@id\":\"https:\/\/talkpal.ai\/fr\/#organization\"},\"alternateName\":\"Talkpal AI\",\"potentialAction\":[{\"@type\":\"SearchAction\",\"target\":{\"@type\":\"EntryPoint\",\"urlTemplate\":\"https:\/\/talkpal.ai\/fr\/?s={search_term_string}\"},\"query-input\":{\"@type\":\"PropertyValueSpecification\",\"valueRequired\":true,\"valueName\":\"search_term_string\"}}],\"inLanguage\":\"fr-FR\"},{\"@type\":\"Organization\",\"@id\":\"https:\/\/talkpal.ai\/fr\/#organization\",\"name\":\"Talkpal, Inc.\",\"alternateName\":\"Talkpal AI\",\"url\":\"https:\/\/talkpal.ai\/fr\/\",\"logo\":{\"@type\":\"ImageObject\",\"inLanguage\":\"fr-FR\",\"@id\":\"https:\/\/talkpal.ai\/fr\/#\/schema\/logo\/image\/\",\"url\":\"https:\/\/talkpal.ai\/wp-content\/uploads\/2024\/03\/Talkpal-Logo-Icon.png\",\"contentUrl\":\"https:\/\/talkpal.ai\/wp-content\/uploads\/2024\/03\/Talkpal-Logo-Icon.png\",\"width\":2880,\"height\":2880,\"caption\":\"Talkpal, Inc.\"},\"image\":{\"@id\":\"https:\/\/talkpal.ai\/fr\/#\/schema\/logo\/image\/\"},\"sameAs\":[\"https:\/\/www.facebook.com\/profile.php?id=100090733639311\",\"https:\/\/x.com\/talkpalai\",\"https:\/\/www.linkedin.com\/company\/talkpal\/\",\"https:\/\/www.youtube.com\/@TalkPal\/\",\"https:\/\/www.tiktok.com\/@talkpal\",\"https:\/\/www.instagram.com\/talkpal_ai\/\",\"https:\/\/www.crunchbase.com\/organization\/talkpal-9cde\",\"https:\/\/www.g2.com\/products\/talkpal-for-business\/\",\"https:\/\/www.trustpilot.com\/review\/talkpal.ai\",\"https:\/\/www.capterra.com\/p\/10006800\/TalkPal\/\"],\"description\":\"Talkpal is a language learning web and mobile education app, powered by the latest AI technologies, that provides engaging experiences to its customers in many different languages to help them improve their language skills. Users can chat about unlimited amount of topics with the app and use other modes to practice their language learning.\",\"email\":\"support@talkpal.ai\",\"legalName\":\"Talkpal, Inc.\",\"foundingDate\":\"2023-04-03\",\"duns\":\"118989042\",\"numberOfEmployees\":{\"@type\":\"QuantitativeValue\",\"minValue\":\"11\",\"maxValue\":\"50\"},\"publishingPrinciples\":\"https:\/\/talkpal.ai\/publishing-principles\/\",\"actionableFeedbackPolicy\":\"https:\/\/talkpal.ai\/actionable-feedback-policy\/\",\"correctionsPolicy\":\"https:\/\/talkpal.ai\/corrections-policy\/\",\"ethicsPolicy\":\"https:\/\/talkpal.ai\/ethics-policy\/\",\"diversityPolicy\":\"https:\/\/talkpal.ai\/diversity-policy\/\",\"diversityStaffingReport\":\"https:\/\/talkpal.ai\/diversity-policy\/\"}]}<\/script>\n<!-- \/ Yoast SEO Premium plugin. -->","yoast_head_json":{"title":"Exercices de grammaire malaise - Talkpal","description":"Am\u00e9liorez vos comp\u00e9tences linguistiques avec les exercices de grammaire malaise. Apprenez les bases pour mieux comprendre la langue malaise.","robots":{"index":"index","follow":"follow","max-snippet":"max-snippet:-1","max-image-preview":"max-image-preview:large","max-video-preview":"max-video-preview:-1"},"canonical":"https:\/\/talkpal.ai\/fr\/exercices-de-grammaire-malaise\/","og_locale":"fr_FR","og_type":"article","og_title":"Exercices de grammaire malaise","og_description":"Sujets de grammaire malaise Apprendre la langue malaise peut \u00eatre une exp\u00e9rience enrichissante, ouvrant des opportunit\u00e9s pour comprendre le riche","og_url":"https:\/\/talkpal.ai\/fr\/exercices-de-grammaire-malaise\/","og_site_name":"Talkpal","article_publisher":"https:\/\/www.facebook.com\/profile.php?id=100090733639311","article_modified_time":"2025-12-17T15:23:27+00:00","og_image":[{"width":512,"height":512,"url":"https:\/\/talkpal.ai\/wp-content\/uploads\/2023\/05\/malaysia.png","type":"image\/png"}],"twitter_card":"summary_large_image","twitter_site":"@talkpalai","twitter_misc":{"Dur\u00e9e de lecture estim\u00e9e":"3 minutes"},"schema":{"@context":"https:\/\/schema.org","@graph":[{"@type":"WebPage","@id":"https:\/\/talkpal.ai\/fr\/exercices-de-grammaire-malaise\/","url":"https:\/\/talkpal.ai\/fr\/exercices-de-grammaire-malaise\/","name":"Exercices de grammaire malaise - Talkpal","isPartOf":{"@id":"https:\/\/talkpal.ai\/fr\/#website"},"primaryImageOfPage":{"@id":"https:\/\/talkpal.ai\/fr\/exercices-de-grammaire-malaise\/#primaryimage"},"image":{"@id":"https:\/\/talkpal.ai\/fr\/exercices-de-grammaire-malaise\/#primaryimage"},"thumbnailUrl":"https:\/\/talkpal.ai\/wp-content\/uploads\/2023\/05\/malaysia.png","datePublished":"2023-06-22T08:29:59+00:00","dateModified":"2025-12-17T15:23:27+00:00","description":"Am\u00e9liorez vos comp\u00e9tences linguistiques avec les exercices de grammaire malaise. Apprenez les bases pour mieux comprendre la langue malaise.","breadcrumb":{"@id":"https:\/\/talkpal.ai\/fr\/exercices-de-grammaire-malaise\/#breadcrumb"},"inLanguage":"fr-FR","potentialAction":[{"@type":"ReadAction","target":["https:\/\/talkpal.ai\/fr\/exercices-de-grammaire-malaise\/"]}]},{"@type":"ImageObject","inLanguage":"fr-FR","@id":"https:\/\/talkpal.ai\/fr\/exercices-de-grammaire-malaise\/#primaryimage","url":"https:\/\/talkpal.ai\/wp-content\/uploads\/2023\/05\/malaysia.png","contentUrl":"https:\/\/talkpal.ai\/wp-content\/uploads\/2023\/05\/malaysia.png","width":512,"height":512},{"@type":"BreadcrumbList","@id":"https:\/\/talkpal.ai\/fr\/exercices-de-grammaire-malaise\/#breadcrumb","itemListElement":[{"@type":"ListItem","position":1,"name":"Homepage","item":"https:\/\/talkpal.ai\/fr\/"},{"@type":"ListItem","position":2,"name":"Exercices de grammaire malaise"}]},{"@type":"WebSite","@id":"https:\/\/talkpal.ai\/fr\/#website","url":"https:\/\/talkpal.ai\/fr\/","name":"Talkpal","description":"AI Language Learning","publisher":{"@id":"https:\/\/talkpal.ai\/fr\/#organization"},"alternateName":"Talkpal AI","potentialAction":[{"@type":"SearchAction","target":{"@type":"EntryPoint","urlTemplate":"https:\/\/talkpal.ai\/fr\/?s={search_term_string}"},"query-input":{"@type":"PropertyValueSpecification","valueRequired":true,"valueName":"search_term_string"}}],"inLanguage":"fr-FR"},{"@type":"Organization","@id":"https:\/\/talkpal.ai\/fr\/#organization","name":"Talkpal, Inc.","alternateName":"Talkpal AI","url":"https:\/\/talkpal.ai\/fr\/","logo":{"@type":"ImageObject","inLanguage":"fr-FR","@id":"https:\/\/talkpal.ai\/fr\/#\/schema\/logo\/image\/","url":"https:\/\/talkpal.ai\/wp-content\/uploads\/2024\/03\/Talkpal-Logo-Icon.png","contentUrl":"https:\/\/talkpal.ai\/wp-content\/uploads\/2024\/03\/Talkpal-Logo-Icon.png","width":2880,"height":2880,"caption":"Talkpal, Inc."},"image":{"@id":"https:\/\/talkpal.ai\/fr\/#\/schema\/logo\/image\/"},"sameAs":["https:\/\/www.facebook.com\/profile.php?id=100090733639311","https:\/\/x.com\/talkpalai","https:\/\/www.linkedin.com\/company\/talkpal\/","https:\/\/www.youtube.com\/@TalkPal\/","https:\/\/www.tiktok.com\/@talkpal","https:\/\/www.instagram.com\/talkpal_ai\/","https:\/\/www.crunchbase.com\/organization\/talkpal-9cde","https:\/\/www.g2.com\/products\/talkpal-for-business\/","https:\/\/www.trustpilot.com\/review\/talkpal.ai","https:\/\/www.capterra.com\/p\/10006800\/TalkPal\/"],"description":"Talkpal is a language learning web and mobile education app, powered by the latest AI technologies, that provides engaging experiences to its customers in many different languages to help them improve their language skills. Users can chat about unlimited amount of topics with the app and use other modes to practice their language learning.","email":"support@talkpal.ai","legalName":"Talkpal, Inc.","foundingDate":"2023-04-03","duns":"118989042","numberOfEmployees":{"@type":"QuantitativeValue","minValue":"11","maxValue":"50"},"publishingPrinciples":"https:\/\/talkpal.ai\/publishing-principles\/","actionableFeedbackPolicy":"https:\/\/talkpal.ai\/actionable-feedback-policy\/","correctionsPolicy":"https:\/\/talkpal.ai\/corrections-policy\/","ethicsPolicy":"https:\/\/talkpal.ai\/ethics-policy\/","diversityPolicy":"https:\/\/talkpal.ai\/diversity-policy\/","diversityStaffingReport":"https:\/\/talkpal.ai\/diversity-policy\/"}]}},"_links":{"self":[{"href":"https:\/\/talkpal.ai\/fr\/wp-json\/wp\/v2\/pages\/73247","targetHints":{"allow":["GET"]}}],"collection":[{"href":"https:\/\/talkpal.ai\/fr\/wp-json\/wp\/v2\/pages"}],"about":[{"href":"https:\/\/talkpal.ai\/fr\/wp-json\/wp\/v2\/types\/page"}],"author":[{"embeddable":true,"href":"https:\/\/talkpal.ai\/fr\/wp-json\/wp\/v2\/users\/6"}],"replies":[{"embeddable":true,"href":"https:\/\/talkpal.ai\/fr\/wp-json\/wp\/v2\/comments?post=73247"}],"version-history":[{"count":0,"href":"https:\/\/talkpal.ai\/fr\/wp-json\/wp\/v2\/pages\/73247\/revisions"}],"wp:featuredmedia":[{"embeddable":true,"href":"https:\/\/talkpal.ai\/fr\/wp-json\/wp\/v2\/media\/28476"}],"wp:attachment":[{"href":"https:\/\/talkpal.ai\/fr\/wp-json\/wp\/v2\/media?parent=73247"}],"curies":[{"name":"wp","href":"https:\/\/api.w.org\/{rel}","templated":true}]}}