{"id":49201,"date":"2023-06-16T08:35:52","date_gmt":"2023-06-16T08:35:52","guid":{"rendered":"http:\/\/talkpal.ai\/exercices-de-grammaire-francaise\/"},"modified":"2025-12-17T16:47:53","modified_gmt":"2025-12-17T16:47:53","slug":"exercices-de-grammaire-francaise","status":"publish","type":"page","link":"https:\/\/talkpal.ai\/fr\/exercices-de-grammaire-francaise\/","title":{"rendered":"Exercices de grammaire fran\u00e7aise"},"content":{"rendered":"\r\n\r\n\r\n<section class=\"languageChallengeSection\">\r\n    <div class=\"languageInfoWrapper\">\r\n        \r\n        <h1>Exercices de grammaire fran\u00e7aise<\/h1>\r\n        <p>Vous souhaitez ma\u00eetriser le <a href=\"https:\/\/talkpal.ai\/learn-french\/\">fran\u00e7ais<\/a> ? Pratiquer des exercices de grammaire est un moyen fantastique de comprendre la structure des phrases, la conjugaison des verbes et les sch\u00e9mas uniques de la langue fran\u00e7aise. Commencez \u00e0 travailler la <a href=\"https:\/\/talkpal.ai\/french-grammar\/\">grammaire fran\u00e7aise<\/a> d\u00e8s aujourd&#039;hui et voyez votre confiance et votre aisance s&#039;accro\u00eetre \u00e0 chaque exercice !\n\n<\/p>\r\n\r\n                            <a class=\"getStartedHidden\" href=\"https:\/\/app.talkpal.ai\/fr\/signup?lng=\">Commencer<\/a>\r\n        \r\n    <\/div>\r\n\r\n    <figure>\r\n    <img decoding=\"async\" width=\"768\" height=\"768\" src=\"https:\/\/talkpal.ai\/wp-content\/uploads\/2023\/06\/french-768x768.png\" class=\"languageImage no-lazy\" alt=\"Default alt text\" fetchpriority=\"high\" sizes=\"(max-width: 768px) 150px, 768px\" srcset=\"https:\/\/talkpal.ai\/wp-content\/uploads\/2023\/06\/french-768x768.png 768w, https:\/\/talkpal.ai\/wp-content\/uploads\/2023\/06\/french-300x300.png 300w\" \/>\r\n    \r\n\r\n    <\/figure>\r\n\r\n            <a class=\"getStartedVisible\" href=\"https:\/\/app.talkpal.ai\/fr\/signup?lng=\">Commencer<\/a>\r\n    \r\n<\/section>\r\n\r\n\r\n<!-- <section class=\"grammarSection\">\r\n    <div class=\"grammarLinks\">\r\n        <a href=\"https:\/\/talkpal.ai\/fr\/exercise_language\/adjectifs-grammaire-francaise\/\">Adjectifs <\/a><a href=\"https:\/\/talkpal.ai\/fr\/exercise_language\/adverbes-grammaire-francaise\/\">Adverbes <\/a><a href=\"https:\/\/talkpal.ai\/fr\/exercise_language\/articles-grammaire-francaise\/\">Articles <\/a><a href=\"https:\/\/talkpal.ai\/fr\/exercise_language\/noms-grammaire-francaise\/\">Noms <\/a><a href=\"https:\/\/talkpal.ai\/fr\/exercise_language\/prepositions-grammaire-francaise\/\">Pr\u00e9positions <\/a><a href=\"https:\/\/talkpal.ai\/fr\/exercise_language\/pronoms-et-determinants-grammaire-francaise\/\">Pronoms et d\u00e9terminants <\/a><a href=\"https:\/\/talkpal.ai\/fr\/exercise_language\/structure-de-phrase-grammaire-francaise\/\">Structure de phrase <\/a><a href=\"https:\/\/talkpal.ai\/fr\/exercise_language\/temps-indicatif-grammaire-francaise\/\">Temps \u2013 Indicatif <\/a><a href=\"https:\/\/talkpal.ai\/fr\/exercise_language\/verbes-grammaire-francaise\/\">Verbes <\/a>    <\/div>\r\n<\/section> -->\r\n\r\n\r\n\r\n\r\n        <section class=\"grammarSection\">\r\n            <div class=\"grammarLinks\">\r\n                <a href=\"https:\/\/talkpal.ai\/fr\/exercise_language\/adjectifs-grammaire-francaise\/\">Adjectifs <\/a><a href=\"https:\/\/talkpal.ai\/fr\/exercise_language\/adverbes-grammaire-francaise\/\">Adverbes <\/a><a href=\"https:\/\/talkpal.ai\/fr\/exercise_language\/articles-grammaire-francaise\/\">Articles <\/a><a href=\"https:\/\/talkpal.ai\/fr\/exercise_language\/noms-grammaire-francaise\/\">Noms <\/a><a href=\"https:\/\/talkpal.ai\/fr\/exercise_language\/prepositions-grammaire-francaise\/\">Pr\u00e9positions <\/a><a href=\"https:\/\/talkpal.ai\/fr\/exercise_language\/pronoms-et-determinants-grammaire-francaise\/\">Pronoms et d\u00e9terminants <\/a><a href=\"https:\/\/talkpal.ai\/fr\/exercise_language\/structure-de-phrase-grammaire-francaise\/\">Structure de phrase <\/a><a href=\"https:\/\/talkpal.ai\/fr\/exercise_language\/temps-indicatif-grammaire-francaise\/\">Temps \u2013 Indicatif <\/a><a href=\"https:\/\/talkpal.ai\/fr\/exercise_language\/verbes-grammaire-francaise\/\">Verbes <\/a>            <\/div>\r\n        <\/section>\r\n<section class=\"promotionalBanner\">\r\n    <p class=\"promotionalText\">La fa\u00e7on la plus efficace d\u2019apprendre une langue<\/p>\r\n    <a class=\"promotionalLink\" href=\"https:\/\/app.talkpal.ai\/fr\/signup?lng=\">Essayez Talkpal gratuitement<\/a>\r\n<\/section>\n<div class=\"wp-block-group pageContainerStyle\"><div class=\"wp-block-group__inner-container is-layout-constrained wp-block-group-is-layout-constrained\">\n<h2 class=\"wp-block-heading\" id=\"h-french-grammar-topics\">Sujets de grammaire fran\u00e7aise<\/h2>\n\n\n\n<p><a href=\"https:\/\/talkpal.ai\/fr\/maitrisez-le-francais-facilement-apprendre-le-francais-avec-chatgpt-rapidement\/\">Apprendre le fran\u00e7ais<\/a> peut \u00eatre une exp\u00e9rience passionnante et enrichissante. Langue riche en histoire et en culture, le fran\u00e7ais offre un regard unique sur le monde et constitue un outil de communication essentiel dans divers domaines. Pour apprendre efficacement le fran\u00e7ais, il est crucial d\u2019avoir une bonne compr\u00e9hension de sa grammaire, qui est le fondement de toute langue. La s\u00e9quence suivante de sujets de grammaire fran\u00e7aise, y compris les adjectifs, les adverbes, les articles, les noms, les pr\u00e9positions, les pronoms et les d\u00e9terminants, la structure des phrases, les <a href=\"https:\/\/talkpal.ai\/zh-hans\/grammar_exercises\/temps-%e6%b3%95%e8%af%ad%e8%af%ad%e6%b3%95%e7%bb%83%e4%b9%a0\/\">temps<\/a> indicatifs et les verbes, vous guidera dans votre cheminement vers la ma\u00eetrise de la langue.<\/p>\n\n\n\n<h3 class=\"wp-block-heading\" id=\"h-1-nouns\">1. Noms :<\/h3>\n\n\n\n<p>Les noms sont les principaux \u00e9l\u00e9ments constitutifs de toute langue, car ils repr\u00e9sentent des personnes, des lieux, des choses ou des id\u00e9es. En fran\u00e7ais, les noms ont des genres (masculin ou f\u00e9minin) et peuvent \u00eatre singuliers ou pluriels. Comprendre le genre et le nombre de noms est vital, car il influence les formes d\u2019autres mots dans une phrase, tels que les adjectifs, les articles et les pronoms.<\/p>\n\n\n\n<h3 class=\"wp-block-heading\" id=\"h-2-articles\">2. Articles:<\/h3>\n\n\n\n<p>Les articles sont essentiels dans la grammaire fran\u00e7aise, car ils fournissent des informations sur le genre et le nombre d\u2019un nom. Il existe trois types d\u2019articles en fran\u00e7ais : d\u00e9fini (le, la, les), ind\u00e9fini (un, une, des) et partitif (du, de la, des). L\u2019utilisation de l\u2019article appropri\u00e9 aide \u00e0 transmettre le <a href=\"https:\/\/talkpal.ai\/locations\/language-courses-in-sens\/\">sens<\/a> voulu d\u2019une phrase.<\/p>\n\n\n\n<h3 class=\"wp-block-heading\" id=\"h-3-adjectives\">3. Adjectifs :<\/h3>\n\n\n\n<p>Les adjectifs sont utilis\u00e9s pour d\u00e9crire ou modifier les noms. En fran\u00e7ais, les adjectifs doivent s\u2019accorder avec le nom qu\u2019ils modifient en genre et en nombre. De plus, la position des adjectifs dans une phrase peut varier, bien que la plupart des adjectifs suivent le nom qu\u2019ils d\u00e9crivent.<\/p>\n\n\n\n<h3 class=\"wp-block-heading\" id=\"h-4-pronouns-and-determiners\">4. Pronoms et d\u00e9terminants :<\/h3>\n\n\n\n<p>Les pronoms remplacent les noms pour \u00e9viter les r\u00e9p\u00e9titions, tandis que les d\u00e9terminants sp\u00e9cifient ou quantifient les noms. Les pronoms et les d\u00e9terminants doivent \u00eatre en accord avec le nom qu\u2019ils remplacent ou accompagnent dans le genre et le nombre. Les <a href=\"https:\/\/talkpal.ai\/sk\/grammar\/pronoms-staffs-vo-francuzskej-gramatike\/\">pronoms fran\u00e7ais<\/a> comprennent les pronoms sujets (je, tu, il, etc.), les pronoms objet (me, te, lui, etc.) et les <a href=\"https:\/\/talkpal.ai\/ar\/grammar_exercises\/pronoms-reflexifs-%d8%aa%d9%85%d8%a7%d8%b1%d9%8a%d9%86-%d9%84%d9%84%d9%82%d9%88%d8%a7%d8%b9%d8%af-%d8%a7%d9%84%d9%81%d8%b1%d9%86%d8%b3%d9%8a%d8%a9\/\">pronoms r\u00e9flexifs<\/a> (me, te, se, etc.). Les d\u00e9terminants comprennent les adjectifs possessifs (mon, ma, mes, etc.) et les adjectifs d\u00e9monstratifs (ce, cette, ces, etc.).<\/p>\n\n\n\n<h3 class=\"wp-block-heading\" id=\"h-5-verbs\">5. Verbes :<\/h3>\n\n\n\n<p>Les verbes expriment des actions, des \u00e9tats ou des occurrences. En fran\u00e7ais, les verbes sont conjugu\u00e9s pour s\u2019accorder avec le sujet en personne et en nombre et pour exprimer diff\u00e9rents temps et humeurs. Les verbes r\u00e9guliers suivent un mod\u00e8le pr\u00e9visible, tandis que les verbes irr\u00e9guliers n\u00e9cessitent une m\u00e9morisation.<\/p>\n\n\n\n<h3 class=\"wp-block-heading\" id=\"h-6-tenses-indicative\">6. Temps &#8211; Indicatif :<\/h3>\n\n\n\n<p>L\u2019humeur indicative est utilis\u00e9e pour exprimer des faits et des d\u00e9clarations objectives. Il y a huit temps \u00e0 l\u2019indicatif fran\u00e7ais: pr\u00e9sent, futur, imparfait, pass\u00e9 simple, pluparfait, futur parfait, pass\u00e9 conditionnel et pass\u00e9 parfait. Comprendre et ma\u00eetriser ces temps est crucial pour exprimer le temps et la s\u00e9quence en fran\u00e7ais.<\/p>\n\n\n\n<h3 class=\"wp-block-heading\" id=\"h-7-adverbs\">7. Adverbes :<\/h3>\n\n\n\n<p>Les adverbes modifient les verbes, les adjectifs ou d\u2019autres adverbes, fournissant des informations suppl\u00e9mentaires sur l\u2019action, l\u2019\u00e9tat ou la qualit\u00e9. En fran\u00e7ais, la plupart des adverbes sont form\u00e9s en ajoutant -ment \u00e0 la forme f\u00e9minine de l\u2019adjectif. Les adverbes suivent g\u00e9n\u00e9ralement le verbe qu\u2019ils modifient.<\/p>\n\n\n\n<h3 class=\"wp-block-heading\" id=\"h-8-prepositions\">8. Pr\u00e9positions :<\/h3>\n\n\n\n<p>Les pr\u00e9positions relient des mots ou des groupes de mots, indiquant des relations telles que l\u2019emplacement, la direction, le temps ou la cause. Les pr\u00e9positions fran\u00e7aises courantes incluent \u00e0 (at, to), de (of, from), en (in, on) et pour (for). L\u2019apprentissage des pr\u00e9positions et leur utilisation est essentiel pour construire des phrases coh\u00e9rentes.<\/p>\n\n\n\n<h3 class=\"wp-block-heading\" id=\"h-9-sentence-structure\">9. Structure de la phrase :<\/h3>\n\n\n\n<p>Les phrases fran\u00e7aises suivent une structure sujet-verbe-objet (SVO), similaire \u00e0 l\u2019anglais. Cependant, l\u2019ordre des mots peut varier en fonction de l\u2019utilisation des pronoms, de la n\u00e9gation et de l\u2019accentuation. Comprendre la structure des phrases est essentiel pour former des \u00e9nonc\u00e9s et des questions clairs et pr\u00e9cis en fran\u00e7ais.<\/p>\n<\/div><\/div>\n\r\n<section class=\"learnNavigationSection\">\r\n            \r\n        <a href=\"https:\/\/talkpal.ai\/fr\/apprendre-le-francais\/\">\r\n            <div class=\"learnNavigationWrapper\">\r\n                <div class=\"learnNavigationContent\">\r\n                    <img decoding=\"async\" src=\"https:\/\/talkpal.ai\/wp-content\/uploads\/2024\/08\/French.jpg\" alt=\"French Flag\">\r\n                    <div>\r\n                        <h4>A propos de l&#039;apprentissage du fran\u00e7ais<\/h4>\r\n                        <p>Tout savoir sur la grammaire fran\u00e7aise.<\/p>\r\n                    <\/div>\r\n                <\/div>\r\n            <\/div>\r\n        <\/a>\r\n\r\n        \r\n        <a href=\"https:\/\/talkpal.ai\/fr\/grammaire-francaise\/\">\r\n            <div class=\"learnNavigationWrapper\">\r\n                <div class=\"learnNavigationContent\">\r\n                    <img decoding=\"async\" src=\"https:\/\/talkpal.ai\/wp-content\/uploads\/2024\/08\/French.jpg\" alt=\"French Flag\">\r\n                    <div>\r\n                        <h4>Le\u00e7ons de grammaire fran\u00e7aise<\/h4>\r\n                        <p>Pratiquez la grammaire fran\u00e7aise.<\/p>\r\n                    <\/div>\r\n                <\/div>\r\n            <\/div>\r\n        <\/a>\r\n\r\n        \r\n        <a href=\"https:\/\/talkpal.ai\/vocabulary_language\/french\/\">\r\n            <div class=\"learnNavigationWrapper\">\r\n                <div class=\"learnNavigationContent\">\r\n                    <img decoding=\"async\" src=\"https:\/\/talkpal.ai\/wp-content\/uploads\/2024\/08\/French.jpg\" alt=\"French Flag\">\r\n                    <div>\r\n                        <h4>Vocabulaire fran\u00e7ais<\/h4>\r\n                        <p>\u00c9largissez votre vocabulaire fran\u00e7ais.<\/p>\r\n                    <\/div>\r\n                <\/div>\r\n            <\/div>\r\n        <\/a>\r\n\r\n            <\/section>","protected":false},"excerpt":{"rendered":"<p>Sujets de grammaire fran\u00e7aise Apprendre le fran\u00e7ais peut \u00eatre une exp\u00e9rience passionnante et enrichissante. Langue riche en histoire et en culture, le fran\u00e7ais offre un regard unique sur le monde et constitue un outil de communication essentiel dans divers domaines. Pour apprendre efficacement le fran\u00e7ais, il est crucial d\u2019avoir une bonne compr\u00e9hension de sa grammaire, [&hellip;]<\/p>\n","protected":false},"author":6,"featured_media":660,"parent":0,"menu_order":0,"comment_status":"closed","ping_status":"closed","template":"LearningContentPage.php","meta":{"_acf_changed":false,"footnotes":""},"class_list":["post-49201","page","type-page","status-publish","has-post-thumbnail","hentry"],"acf":[],"yoast_head":"<!-- This site is optimized with the Yoast SEO Premium plugin v27.2 (Yoast SEO v27.2) - https:\/\/yoast.com\/product\/yoast-seo-premium-wordpress\/ -->\n<title>Exercices de grammaire fran\u00e7aise - Talkpal<\/title>\n<meta name=\"description\" content=\"Pratiquez et am\u00e9liorez vos comp\u00e9tences en grammaire fran\u00e7aise gr\u00e2ce \u00e0 des exercices interactifs con\u00e7us pour tous les niveaux. Am\u00e9liorez vos comp\u00e9tences linguistiques !\" \/>\n<meta name=\"robots\" content=\"index, follow, max-snippet:-1, max-image-preview:large, max-video-preview:-1\" \/>\n<link rel=\"canonical\" href=\"https:\/\/talkpal.ai\/fr\/exercices-de-grammaire-francaise\/\" \/>\n<meta property=\"og:locale\" content=\"fr_FR\" \/>\n<meta property=\"og:type\" content=\"article\" \/>\n<meta property=\"og:title\" content=\"Exercices de grammaire fran\u00e7aise\" \/>\n<meta property=\"og:description\" content=\"Sujets de grammaire fran\u00e7aise Apprendre le fran\u00e7ais peut \u00eatre une exp\u00e9rience passionnante et enrichissante. Langue riche en histoire et en culture, le\" \/>\n<meta property=\"og:url\" content=\"https:\/\/talkpal.ai\/fr\/exercices-de-grammaire-francaise\/\" \/>\n<meta property=\"og:site_name\" content=\"Talkpal\" \/>\n<meta property=\"article:publisher\" content=\"https:\/\/www.facebook.com\/profile.php?id=100090733639311\" \/>\n<meta property=\"article:modified_time\" content=\"2025-12-17T16:47:53+00:00\" \/>\n<meta property=\"og:image\" content=\"https:\/\/talkpal.ai\/wp-content\/uploads\/2023\/03\/france.png\" \/>\n\t<meta property=\"og:image:width\" content=\"512\" \/>\n\t<meta property=\"og:image:height\" content=\"512\" \/>\n\t<meta property=\"og:image:type\" content=\"image\/png\" \/>\n<meta name=\"twitter:card\" content=\"summary_large_image\" \/>\n<meta name=\"twitter:site\" content=\"@talkpalai\" \/>\n<meta name=\"twitter:label1\" content=\"Dur\u00e9e de lecture estim\u00e9e\" \/>\n\t<meta name=\"twitter:data1\" content=\"4 minutes\" \/>\n<script type=\"application\/ld+json\" class=\"yoast-schema-graph\">{\"@context\":\"https:\/\/schema.org\",\"@graph\":[{\"@type\":\"WebPage\",\"@id\":\"https:\/\/talkpal.ai\/fr\/exercices-de-grammaire-francaise\/\",\"url\":\"https:\/\/talkpal.ai\/fr\/exercices-de-grammaire-francaise\/\",\"name\":\"Exercices de grammaire fran\u00e7aise - Talkpal\",\"isPartOf\":{\"@id\":\"https:\/\/talkpal.ai\/fr\/#website\"},\"primaryImageOfPage\":{\"@id\":\"https:\/\/talkpal.ai\/fr\/exercices-de-grammaire-francaise\/#primaryimage\"},\"image\":{\"@id\":\"https:\/\/talkpal.ai\/fr\/exercices-de-grammaire-francaise\/#primaryimage\"},\"thumbnailUrl\":\"https:\/\/talkpal.ai\/wp-content\/uploads\/2023\/03\/france.png\",\"datePublished\":\"2023-06-16T08:35:52+00:00\",\"dateModified\":\"2025-12-17T16:47:53+00:00\",\"description\":\"Pratiquez et am\u00e9liorez vos comp\u00e9tences en grammaire fran\u00e7aise gr\u00e2ce \u00e0 des exercices interactifs con\u00e7us pour tous les niveaux. Am\u00e9liorez vos comp\u00e9tences linguistiques !\",\"breadcrumb\":{\"@id\":\"https:\/\/talkpal.ai\/fr\/exercices-de-grammaire-francaise\/#breadcrumb\"},\"inLanguage\":\"fr-FR\",\"potentialAction\":[{\"@type\":\"ReadAction\",\"target\":[\"https:\/\/talkpal.ai\/fr\/exercices-de-grammaire-francaise\/\"]}]},{\"@type\":\"ImageObject\",\"inLanguage\":\"fr-FR\",\"@id\":\"https:\/\/talkpal.ai\/fr\/exercices-de-grammaire-francaise\/#primaryimage\",\"url\":\"https:\/\/talkpal.ai\/wp-content\/uploads\/2023\/03\/france.png\",\"contentUrl\":\"https:\/\/talkpal.ai\/wp-content\/uploads\/2023\/03\/france.png\",\"width\":512,\"height\":512,\"caption\":\"TalkPal AI learn French\"},{\"@type\":\"BreadcrumbList\",\"@id\":\"https:\/\/talkpal.ai\/fr\/exercices-de-grammaire-francaise\/#breadcrumb\",\"itemListElement\":[{\"@type\":\"ListItem\",\"position\":1,\"name\":\"Homepage\",\"item\":\"https:\/\/talkpal.ai\/fr\/\"},{\"@type\":\"ListItem\",\"position\":2,\"name\":\"Exercices de grammaire fran\u00e7aise\"}]},{\"@type\":\"WebSite\",\"@id\":\"https:\/\/talkpal.ai\/fr\/#website\",\"url\":\"https:\/\/talkpal.ai\/fr\/\",\"name\":\"Talkpal\",\"description\":\"AI Language Learning\",\"publisher\":{\"@id\":\"https:\/\/talkpal.ai\/fr\/#organization\"},\"alternateName\":\"Talkpal AI\",\"potentialAction\":[{\"@type\":\"SearchAction\",\"target\":{\"@type\":\"EntryPoint\",\"urlTemplate\":\"https:\/\/talkpal.ai\/fr\/?s={search_term_string}\"},\"query-input\":{\"@type\":\"PropertyValueSpecification\",\"valueRequired\":true,\"valueName\":\"search_term_string\"}}],\"inLanguage\":\"fr-FR\"},{\"@type\":\"Organization\",\"@id\":\"https:\/\/talkpal.ai\/fr\/#organization\",\"name\":\"Talkpal, Inc.\",\"alternateName\":\"Talkpal AI\",\"url\":\"https:\/\/talkpal.ai\/fr\/\",\"logo\":{\"@type\":\"ImageObject\",\"inLanguage\":\"fr-FR\",\"@id\":\"https:\/\/talkpal.ai\/fr\/#\/schema\/logo\/image\/\",\"url\":\"https:\/\/talkpal.ai\/wp-content\/uploads\/2024\/03\/Talkpal-Logo-Icon.png\",\"contentUrl\":\"https:\/\/talkpal.ai\/wp-content\/uploads\/2024\/03\/Talkpal-Logo-Icon.png\",\"width\":2880,\"height\":2880,\"caption\":\"Talkpal, Inc.\"},\"image\":{\"@id\":\"https:\/\/talkpal.ai\/fr\/#\/schema\/logo\/image\/\"},\"sameAs\":[\"https:\/\/www.facebook.com\/profile.php?id=100090733639311\",\"https:\/\/x.com\/talkpalai\",\"https:\/\/www.linkedin.com\/company\/talkpal\/\",\"https:\/\/www.youtube.com\/@TalkPal\/\",\"https:\/\/www.tiktok.com\/@talkpal\",\"https:\/\/www.instagram.com\/talkpal_ai\/\",\"https:\/\/www.crunchbase.com\/organization\/talkpal-9cde\",\"https:\/\/www.g2.com\/products\/talkpal-for-business\/\",\"https:\/\/www.trustpilot.com\/review\/talkpal.ai\",\"https:\/\/www.capterra.com\/p\/10006800\/TalkPal\/\"],\"description\":\"Talkpal is a language learning web and mobile education app, powered by the latest AI technologies, that provides engaging experiences to its customers in many different languages to help them improve their language skills. Users can chat about unlimited amount of topics with the app and use other modes to practice their language learning.\",\"email\":\"support@talkpal.ai\",\"legalName\":\"Talkpal, Inc.\",\"foundingDate\":\"2023-04-03\",\"duns\":\"118989042\",\"numberOfEmployees\":{\"@type\":\"QuantitativeValue\",\"minValue\":\"11\",\"maxValue\":\"50\"},\"publishingPrinciples\":\"https:\/\/talkpal.ai\/publishing-principles\/\",\"actionableFeedbackPolicy\":\"https:\/\/talkpal.ai\/actionable-feedback-policy\/\",\"correctionsPolicy\":\"https:\/\/talkpal.ai\/corrections-policy\/\",\"ethicsPolicy\":\"https:\/\/talkpal.ai\/ethics-policy\/\",\"diversityPolicy\":\"https:\/\/talkpal.ai\/diversity-policy\/\",\"diversityStaffingReport\":\"https:\/\/talkpal.ai\/diversity-policy\/\"}]}<\/script>\n<!-- \/ Yoast SEO Premium plugin. -->","yoast_head_json":{"title":"Exercices de grammaire fran\u00e7aise - Talkpal","description":"Pratiquez et am\u00e9liorez vos comp\u00e9tences en grammaire fran\u00e7aise gr\u00e2ce \u00e0 des exercices interactifs con\u00e7us pour tous les niveaux. Am\u00e9liorez vos comp\u00e9tences linguistiques !","robots":{"index":"index","follow":"follow","max-snippet":"max-snippet:-1","max-image-preview":"max-image-preview:large","max-video-preview":"max-video-preview:-1"},"canonical":"https:\/\/talkpal.ai\/fr\/exercices-de-grammaire-francaise\/","og_locale":"fr_FR","og_type":"article","og_title":"Exercices de grammaire fran\u00e7aise","og_description":"Sujets de grammaire fran\u00e7aise Apprendre le fran\u00e7ais peut \u00eatre une exp\u00e9rience passionnante et enrichissante. Langue riche en histoire et en culture, le","og_url":"https:\/\/talkpal.ai\/fr\/exercices-de-grammaire-francaise\/","og_site_name":"Talkpal","article_publisher":"https:\/\/www.facebook.com\/profile.php?id=100090733639311","article_modified_time":"2025-12-17T16:47:53+00:00","og_image":[{"width":512,"height":512,"url":"https:\/\/talkpal.ai\/wp-content\/uploads\/2023\/03\/france.png","type":"image\/png"}],"twitter_card":"summary_large_image","twitter_site":"@talkpalai","twitter_misc":{"Dur\u00e9e de lecture estim\u00e9e":"4 minutes"},"schema":{"@context":"https:\/\/schema.org","@graph":[{"@type":"WebPage","@id":"https:\/\/talkpal.ai\/fr\/exercices-de-grammaire-francaise\/","url":"https:\/\/talkpal.ai\/fr\/exercices-de-grammaire-francaise\/","name":"Exercices de grammaire fran\u00e7aise - Talkpal","isPartOf":{"@id":"https:\/\/talkpal.ai\/fr\/#website"},"primaryImageOfPage":{"@id":"https:\/\/talkpal.ai\/fr\/exercices-de-grammaire-francaise\/#primaryimage"},"image":{"@id":"https:\/\/talkpal.ai\/fr\/exercices-de-grammaire-francaise\/#primaryimage"},"thumbnailUrl":"https:\/\/talkpal.ai\/wp-content\/uploads\/2023\/03\/france.png","datePublished":"2023-06-16T08:35:52+00:00","dateModified":"2025-12-17T16:47:53+00:00","description":"Pratiquez et am\u00e9liorez vos comp\u00e9tences en grammaire fran\u00e7aise gr\u00e2ce \u00e0 des exercices interactifs con\u00e7us pour tous les niveaux. Am\u00e9liorez vos comp\u00e9tences linguistiques !","breadcrumb":{"@id":"https:\/\/talkpal.ai\/fr\/exercices-de-grammaire-francaise\/#breadcrumb"},"inLanguage":"fr-FR","potentialAction":[{"@type":"ReadAction","target":["https:\/\/talkpal.ai\/fr\/exercices-de-grammaire-francaise\/"]}]},{"@type":"ImageObject","inLanguage":"fr-FR","@id":"https:\/\/talkpal.ai\/fr\/exercices-de-grammaire-francaise\/#primaryimage","url":"https:\/\/talkpal.ai\/wp-content\/uploads\/2023\/03\/france.png","contentUrl":"https:\/\/talkpal.ai\/wp-content\/uploads\/2023\/03\/france.png","width":512,"height":512,"caption":"TalkPal AI learn French"},{"@type":"BreadcrumbList","@id":"https:\/\/talkpal.ai\/fr\/exercices-de-grammaire-francaise\/#breadcrumb","itemListElement":[{"@type":"ListItem","position":1,"name":"Homepage","item":"https:\/\/talkpal.ai\/fr\/"},{"@type":"ListItem","position":2,"name":"Exercices de grammaire fran\u00e7aise"}]},{"@type":"WebSite","@id":"https:\/\/talkpal.ai\/fr\/#website","url":"https:\/\/talkpal.ai\/fr\/","name":"Talkpal","description":"AI Language Learning","publisher":{"@id":"https:\/\/talkpal.ai\/fr\/#organization"},"alternateName":"Talkpal AI","potentialAction":[{"@type":"SearchAction","target":{"@type":"EntryPoint","urlTemplate":"https:\/\/talkpal.ai\/fr\/?s={search_term_string}"},"query-input":{"@type":"PropertyValueSpecification","valueRequired":true,"valueName":"search_term_string"}}],"inLanguage":"fr-FR"},{"@type":"Organization","@id":"https:\/\/talkpal.ai\/fr\/#organization","name":"Talkpal, Inc.","alternateName":"Talkpal AI","url":"https:\/\/talkpal.ai\/fr\/","logo":{"@type":"ImageObject","inLanguage":"fr-FR","@id":"https:\/\/talkpal.ai\/fr\/#\/schema\/logo\/image\/","url":"https:\/\/talkpal.ai\/wp-content\/uploads\/2024\/03\/Talkpal-Logo-Icon.png","contentUrl":"https:\/\/talkpal.ai\/wp-content\/uploads\/2024\/03\/Talkpal-Logo-Icon.png","width":2880,"height":2880,"caption":"Talkpal, Inc."},"image":{"@id":"https:\/\/talkpal.ai\/fr\/#\/schema\/logo\/image\/"},"sameAs":["https:\/\/www.facebook.com\/profile.php?id=100090733639311","https:\/\/x.com\/talkpalai","https:\/\/www.linkedin.com\/company\/talkpal\/","https:\/\/www.youtube.com\/@TalkPal\/","https:\/\/www.tiktok.com\/@talkpal","https:\/\/www.instagram.com\/talkpal_ai\/","https:\/\/www.crunchbase.com\/organization\/talkpal-9cde","https:\/\/www.g2.com\/products\/talkpal-for-business\/","https:\/\/www.trustpilot.com\/review\/talkpal.ai","https:\/\/www.capterra.com\/p\/10006800\/TalkPal\/"],"description":"Talkpal is a language learning web and mobile education app, powered by the latest AI technologies, that provides engaging experiences to its customers in many different languages to help them improve their language skills. Users can chat about unlimited amount of topics with the app and use other modes to practice their language learning.","email":"support@talkpal.ai","legalName":"Talkpal, Inc.","foundingDate":"2023-04-03","duns":"118989042","numberOfEmployees":{"@type":"QuantitativeValue","minValue":"11","maxValue":"50"},"publishingPrinciples":"https:\/\/talkpal.ai\/publishing-principles\/","actionableFeedbackPolicy":"https:\/\/talkpal.ai\/actionable-feedback-policy\/","correctionsPolicy":"https:\/\/talkpal.ai\/corrections-policy\/","ethicsPolicy":"https:\/\/talkpal.ai\/ethics-policy\/","diversityPolicy":"https:\/\/talkpal.ai\/diversity-policy\/","diversityStaffingReport":"https:\/\/talkpal.ai\/diversity-policy\/"}]}},"_links":{"self":[{"href":"https:\/\/talkpal.ai\/fr\/wp-json\/wp\/v2\/pages\/49201","targetHints":{"allow":["GET"]}}],"collection":[{"href":"https:\/\/talkpal.ai\/fr\/wp-json\/wp\/v2\/pages"}],"about":[{"href":"https:\/\/talkpal.ai\/fr\/wp-json\/wp\/v2\/types\/page"}],"author":[{"embeddable":true,"href":"https:\/\/talkpal.ai\/fr\/wp-json\/wp\/v2\/users\/6"}],"replies":[{"embeddable":true,"href":"https:\/\/talkpal.ai\/fr\/wp-json\/wp\/v2\/comments?post=49201"}],"version-history":[{"count":0,"href":"https:\/\/talkpal.ai\/fr\/wp-json\/wp\/v2\/pages\/49201\/revisions"}],"wp:featuredmedia":[{"embeddable":true,"href":"https:\/\/talkpal.ai\/fr\/wp-json\/wp\/v2\/media\/660"}],"wp:attachment":[{"href":"https:\/\/talkpal.ai\/fr\/wp-json\/wp\/v2\/media?parent=49201"}],"curies":[{"name":"wp","href":"https:\/\/api.w.org\/{rel}","templated":true}]}}