{"id":2999,"date":"2023-03-25T16:57:06","date_gmt":"2023-03-25T16:57:06","guid":{"rendered":"http:\/\/talkpal.ai\/grammaire-anglaise\/"},"modified":"2025-05-22T19:28:00","modified_gmt":"2025-05-22T19:28:00","slug":"grammaire-anglaise","status":"publish","type":"page","link":"https:\/\/talkpal.ai\/fr\/grammaire-anglaise\/","title":{"rendered":"Grammaire anglaise"},"content":{"rendered":"\r\n\r\n\r\n<section class=\"languageChallengeSection\">\r\n    <div class=\"languageInfoWrapper\">\r\n        \r\n        <h1>Grammaire anglaise<\/h1>\r\n        <p>Pr\u00eat \u00e0 apprendre l&#039;anglais ? Avec un peu de grammaire et quelques nouveaux mots, vous pourrez discuter et vous connecter avec des gens du monde entier en un rien de <a href=\"https:\/\/talkpal.ai\/zh-hans\/grammar_exercises\/temps-%e6%b3%95%e8%af%ad%e8%af%ad%e6%b3%95%e7%bb%83%e4%b9%a0\/\">temps<\/a>. Plongez dans l&#039;aventure et rendez l&#039;apprentissage de l&#039;anglais amusant et facile &#8211; votre voyage vers la ma\u00eetrise de la langue commence aujourd&#039;hui !\n\n<\/p>\r\n\r\n                            <a class=\"getStartedHidden\" href=\"https:\/\/app.talkpal.ai\/fr\/signup?lng=\">Commencer<\/a>\r\n        \r\n    <\/div>\r\n\r\n    <figure>\r\n    <img decoding=\"async\" width=\"768\" height=\"768\" src=\"https:\/\/talkpal.ai\/wp-content\/uploads\/2023\/06\/English-768x768.png\" class=\"languageImage no-lazy\" alt=\"Default alt text\" fetchpriority=\"high\" sizes=\"(max-width: 768px) 150px, 768px\" srcset=\"https:\/\/talkpal.ai\/wp-content\/uploads\/2023\/06\/English-768x768.png 768w, https:\/\/talkpal.ai\/wp-content\/uploads\/2023\/06\/English-300x300.png 300w\" \/>\r\n    \r\n\r\n    <\/figure>\r\n\r\n            <a class=\"getStartedVisible\" href=\"https:\/\/app.talkpal.ai\/fr\/signup?lng=\">Commencer<\/a>\r\n    \r\n<\/section>\r\n        <section class=\"grammarSection\">\r\n            <div class=\"grammarLinks\">\r\n                <a href=\"https:\/\/talkpal.ai\/fr\/language\/adjectifs\/\">Adjectifs <\/a><a href=\"https:\/\/talkpal.ai\/fr\/language\/adverbes\/\">Adverbes <\/a><a href=\"https:\/\/talkpal.ai\/fr\/language\/articles-fr\/\">Articles <\/a><a href=\"https:\/\/talkpal.ai\/fr\/language\/conditionnels-grammaire-anglaise\/\">Conditionnels <\/a><a href=\"https:\/\/talkpal.ai\/fr\/language\/noms\/\">Noms <\/a><a href=\"https:\/\/talkpal.ai\/fr\/language\/structure-de-la-phrase\/\">Phrases <\/a><a href=\"https:\/\/talkpal.ai\/fr\/language\/prepositions-fr\/\">Pr\u00e9positions <\/a><a href=\"https:\/\/talkpal.ai\/fr\/language\/determinants-et-pronoms\/\">Pronoms\/D\u00e9terminants <\/a><a href=\"https:\/\/talkpal.ai\/fr\/language\/temps-verbaux\/\">Temps <\/a><a href=\"https:\/\/talkpal.ai\/fr\/language\/verbes\/\">Verbes <\/a>            <\/div>\r\n        <\/section>\r\n    <section class=\"promotionalBanner\">\r\n    <p class=\"promotionalText\">La fa\u00e7on la plus efficace d\u2019apprendre une langue<\/p>\r\n    <a class=\"promotionalLink\" href=\"https:\/\/app.talkpal.ai\/fr\/signup?lng=\">Essayez Talkpal gratuitement<\/a>\r\n<\/section>\n<div class=\"wp-block-group pageContainerStyle\"><div class=\"wp-block-group__inner-container is-layout-constrained wp-block-group-is-layout-constrained\">\n<h2 class=\"wp-block-heading\" id=\"h-the-importance-of-english-grammar-a-guide-to-mastering-the-rules-and-principles\">L&rsquo;importance de la grammaire anglaise : un guide pour ma\u00eetriser les r\u00e8gles et les principes<\/h2>\n\n\n\n<p>L&rsquo;anglais \u00e9tant l&rsquo;une des <a href=\"https:\/\/talkpal.ai\/the-10-most-spoken-languages-in-the-world\/\">langues les plus parl\u00e9es<\/a> dans le monde, il n&rsquo;est pas surprenant que les gens soient d\u00e9sireux d&rsquo;am\u00e9liorer leur ma\u00eetrise de cette langue. Un aspect crucial de la ma\u00eetrise de la langue anglaise est la compr\u00e9hension de sa grammaire. Mais pourquoi la grammaire est-elle si importante et comment l&rsquo;apprendre efficacement ? Dans cet article, nous allons nous pencher sur l&rsquo;importance de la <a href=\"https:\/\/talkpal.ai\/english-grammar\/\">grammaire anglaise<\/a>, discuter de ses principes cl\u00e9s et partager quelques conseils pratiques pour affiner vos comp\u00e9tences.<\/p>\n\n\n\n<h3 class=\"wp-block-heading\" id=\"h-the-role-of-grammar-in-the-english-language\">Le r\u00f4le de la grammaire dans la langue anglaise :<\/h3>\n\n\n\n<p>Alors, quel est le probl\u00e8me avec la grammaire ? Par essence, la grammaire est la pierre angulaire de toute langue &#8211; c&rsquo;est l&rsquo;ensemble des r\u00e8gles et des principes qui r\u00e9gissent la fa\u00e7on dont nous utilisons les mots pour former des phrases significatives. En respectant ces r\u00e8gles, nous pouvons garantir une communication claire et \u00e9viter les malentendus. Imaginez que vous essayiez de pr\u00e9parer un repas sans suivre de recette &#8211; le r\u00e9sultat final pourrait \u00eatre peu rago\u00fbtant ! De m\u00eame, n\u00e9gliger la grammaire dans notre discours et notre \u00e9criture quotidiens peut entra\u00eener des confusions et des erreurs d&rsquo;interpr\u00e9tation.<\/p>\n\n\n\n<h3 class=\"wp-block-heading\" id=\"h-key-principles-of-english-grammar\">Principes cl\u00e9s de la grammaire anglaise :<\/h3>\n\n\n\n<p>Bien que la grammaire anglaise englobe un vaste \u00e9ventail de r\u00e8gles, il existe quelques principes cl\u00e9s qu&rsquo;il convient de conna\u00eetre :<\/p>\n\n\n\n<p><strong>1. Les parties du discours :<\/strong> Ce sont les r\u00f4les que jouent les mots dans une phrase. Selon leur fonction, les mots peuvent \u00eatre class\u00e9s en tant que noms, pronoms, verbes, adjectifs, adverbes, pr\u00e9positions, conjonctions ou interjections.<\/p>\n\n\n\n<p><strong>2. Les temps :<\/strong> Les temps indiquent la dur\u00e9e des actions ou des \u00e9tats d&rsquo;\u00eatre. Ils sont class\u00e9s en trois cat\u00e9gories : pass\u00e9, pr\u00e9sent et futur, chaque temps ayant quatre aspects : simple, progressif, parfait et parfait progressif.<\/p>\n\n\n\n<p><strong>3. Accord sujet-verbe :<\/strong> Essentiellement, le sujet (nom ou pronom) et le verbe d&rsquo;une phrase doivent s&rsquo;accorder en nombre &#8211; au singulier ou au <a href=\"https:\/\/talkpal.ai\/ar\/grammar_exercises\/pluriel-%d8%aa%d9%85%d8%a7%d8%b1%d9%8a%d9%86-%d9%84%d9%84%d9%82%d9%88%d8%a7%d8%b9%d8%af-%d8%a7%d9%84%d9%81%d8%b1%d9%86%d8%b3%d9%8a%d8%a9\/\">pluriel<\/a>. Par exemple, \u00ab\u00a0Elle lit un livre\u00a0\u00bb et \u00ab\u00a0Ils lisent des livres\u00a0\u00bb sont tous deux grammaticalement corrects.<\/p>\n\n\n\n<p><strong>4. La structure de la phrase :<\/strong> Une phrase bien structur\u00e9e se compose d&rsquo;un sujet, d&rsquo;un verbe et, souvent, d&rsquo;un objet. Les phrases peuvent \u00eatre simples (une clause ind\u00e9pendante), compos\u00e9es (deux clauses ind\u00e9pendantes ou plus) ou complexes (une clause ind\u00e9pendante et une ou plusieurs clauses d\u00e9pendantes).<\/p>\n\n\n\n<p><strong>5. La ponctuation :<\/strong> Les signes de ponctuation, tels que les virgules, les points et les points-virgules, sont essentiels pour organiser et clarifier le langage \u00e9crit. Une ponctuation correcte garantit que vos id\u00e9es sont transmises avec pr\u00e9cision et coh\u00e9rence.<\/p>\n\n\n\n<h3 class=\"wp-block-heading\" id=\"h-tips-to-improve-your-english-grammar\">Conseils pour am\u00e9liorer votre grammaire anglaise :<\/h3>\n\n\n\n<p>Maintenant que nous avons abord\u00e9 les principes fondamentaux de la grammaire anglaise, explorons quelques moyens efficaces d&rsquo;am\u00e9liorer vos comp\u00e9tences :<\/p>\n\n\n\n<p><strong>1. Lisez r\u00e9guli\u00e8rement :<\/strong> La lecture est un excellent moyen d&rsquo;assimiler une grammaire correcte. Plus vous vous exposez \u00e0 des articles, des livres ou des essais bien r\u00e9dig\u00e9s, mieux vous comprendrez les r\u00e8gles et les structures.<\/p>\n\n\n\n<p><strong>2. Entra\u00eenez-vous \u00e0 \u00e9crire :<\/strong> \u00c9crire r\u00e9guli\u00e8rement vous permet d&rsquo;appliquer vos connaissances grammaticales et d&rsquo;identifier les domaines dans lesquels vous devez vous am\u00e9liorer. Envisagez de tenir un journal ou de cr\u00e9er un <a href=\"https:\/\/talkpal.ai\/blog\/\">blog<\/a> pour d\u00e9velopper vos comp\u00e9tences en mati\u00e8re d&rsquo;\u00e9criture.<\/p>\n\n\n\n<p><strong>3. \u00c9tudiez les ressources grammaticales :<\/strong> Mettez la main sur des livres de grammaire, des sites web ou des applications r\u00e9put\u00e9s pour approfondir votre compr\u00e9hension des r\u00e8gles. L&rsquo;examen r\u00e9gulier de ces documents vous aidera \u00e0 consolider vos connaissances.<\/p>\n\n\n\n<p><strong>4. Cherchez \u00e0 obtenir un retour d&rsquo;information :<\/strong> Discutez avec d&rsquo;autres personnes pour recevoir des critiques constructives sur votre <a href=\"https:\/\/talkpal.ai\/learn-english-with-ai\/\">anglais<\/a> \u00e9crit et parl\u00e9. Il peut s&rsquo;agir de forums en ligne, de groupes d&rsquo;\u00e9change linguistique ou d&rsquo;amis et de coll\u00e8gues qui ma\u00eetrisent l&rsquo;anglais.<\/p>\n\n\n\n<p><strong>5. Soyez patient et pers\u00e9v\u00e9rant :<\/strong> L&rsquo;apprentissage de la grammaire est un processus graduel qui demande du temps et des efforts. Restez engag\u00e9, continuez \u00e0 vous entra\u00eener et c\u00e9l\u00e9brez vos progr\u00e8s.<\/p>\n\n\n\n<h3 class=\"wp-block-heading\" id=\"h-conclusion\">Conclusion :<\/h3>\n\n\n\n<p>La ma\u00eetrise de la grammaire anglaise est une \u00e9tape essentielle sur le chemin de la ma\u00eetrise de la langue. En comprenant son importance, en vous familiarisant avec les principes cl\u00e9s et en pratiquant activement, vous d\u00e9velopperez rapidement une solide ma\u00eetrise de la langue. N&rsquo;oubliez pas que Rome ne s&rsquo;est pas construite en un jour &#8211; alors restez patient, amusez-vous et savourez le voyage vers une grammaire impeccable !<\/p>\n<\/div><\/div>\n\r\n<section class=\"learnNavigationSection\">\r\n            \r\n        <a href=\"https:\/\/talkpal.ai\/fr\/apprendre-langlais\/\">\r\n            <div class=\"learnNavigationWrapper\">\r\n                <div class=\"learnNavigationContent\">\r\n                    <img decoding=\"async\" src=\"https:\/\/talkpal.ai\/wp-content\/uploads\/2024\/08\/English.jpg\" alt=\"English Flag\">\r\n                    <div>\r\n                        <h4>\u00c0 propos de l&#039;apprentissage de l&#039;anglais<\/h4>\r\n                        <p>Tout savoir sur la grammaire anglaise.<\/p>\r\n                    <\/div>\r\n                <\/div>\r\n            <\/div>\r\n        <\/a>\r\n\r\n        \r\n        <a href=\"https:\/\/talkpal.ai\/fr\/exercices-de-grammaire-anglaise\/\">\r\n            <div class=\"learnNavigationWrapper\">\r\n                <div class=\"learnNavigationContent\">\r\n                    <img decoding=\"async\" src=\"https:\/\/talkpal.ai\/wp-content\/uploads\/2024\/08\/English.jpg\" alt=\"English Flag\">\r\n                    <div>\r\n                        <h4>Exercices de grammaire anglaise<\/h4>\r\n                        <p>Pratiquez la grammaire anglaise.<\/p>\r\n                    <\/div>\r\n                <\/div>\r\n            <\/div>\r\n        <\/a>\r\n\r\n        \r\n        <a href=\"https:\/\/talkpal.ai\/vocabulary_language\/english\/\">\r\n            <div class=\"learnNavigationWrapper\">\r\n                <div class=\"learnNavigationContent\">\r\n                    <img decoding=\"async\" src=\"https:\/\/talkpal.ai\/wp-content\/uploads\/2024\/08\/English.jpg\" alt=\"English Flag\">\r\n                    <div>\r\n                        <h4>Vocabulaire anglais<\/h4>\r\n                        <p>\u00c9largissez votre vocabulaire anglais.<\/p>\r\n                    <\/div>\r\n                <\/div>\r\n            <\/div>\r\n        <\/a>\r\n\r\n            <\/section>","protected":false},"excerpt":{"rendered":"<p>L&rsquo;importance de la grammaire anglaise : un guide pour ma\u00eetriser les r\u00e8gles et les principes L&rsquo;anglais \u00e9tant l&rsquo;une des langues les plus parl\u00e9es dans le monde, il n&rsquo;est pas surprenant que les gens soient d\u00e9sireux d&rsquo;am\u00e9liorer leur ma\u00eetrise de cette langue. Un aspect crucial de la ma\u00eetrise de la langue anglaise est la compr\u00e9hension de [&hellip;]<\/p>\n","protected":false},"author":1,"featured_media":657,"parent":0,"menu_order":0,"comment_status":"closed","ping_status":"closed","template":"LearningContentPage.php","meta":{"_acf_changed":false,"footnotes":""},"class_list":["post-2999","page","type-page","status-publish","has-post-thumbnail","hentry"],"acf":[],"yoast_head":"<!-- This site is optimized with the Yoast SEO Premium plugin v27.2 (Yoast SEO v27.2) - https:\/\/yoast.com\/product\/yoast-seo-premium-wordpress\/ -->\n<title>Grammaire anglaise - Talkpal<\/title>\n<meta name=\"description\" content=\"Am\u00e9liorez vos comp\u00e9tences en grammaire anglaise sans effort gr\u00e2ce \u00e0 l&#039;application d&#039;apprentissage des langues bas\u00e9e sur l&#039;IA de Talkpalavec l&#039;application d&#039;apprentissage des langues aliment\u00e9e par l&#039;IA.\" \/>\n<meta name=\"robots\" content=\"index, follow, max-snippet:-1, max-image-preview:large, max-video-preview:-1\" \/>\n<link rel=\"canonical\" href=\"https:\/\/talkpal.ai\/fr\/grammaire-anglaise\/\" \/>\n<meta property=\"og:locale\" content=\"fr_FR\" \/>\n<meta property=\"og:type\" content=\"article\" \/>\n<meta property=\"og:title\" content=\"Grammaire anglaise\" \/>\n<meta property=\"og:description\" content=\"L&#039;importance de la grammaire anglaise : un guide pour ma\u00eetriser les r\u00e8gles et les principes L&#039;anglais \u00e9tant l&#039;une des langues les plus parl\u00e9es dans le\" \/>\n<meta property=\"og:url\" content=\"https:\/\/talkpal.ai\/fr\/grammaire-anglaise\/\" \/>\n<meta property=\"og:site_name\" content=\"Talkpal\" \/>\n<meta property=\"article:publisher\" content=\"https:\/\/www.facebook.com\/profile.php?id=100090733639311\" \/>\n<meta property=\"article:modified_time\" content=\"2025-05-22T19:28:00+00:00\" \/>\n<meta property=\"og:image\" content=\"https:\/\/talkpal.ai\/wp-content\/uploads\/2023\/03\/united-kingdom.png\" \/>\n\t<meta property=\"og:image:width\" content=\"512\" \/>\n\t<meta property=\"og:image:height\" content=\"512\" \/>\n\t<meta property=\"og:image:type\" content=\"image\/png\" \/>\n<meta name=\"twitter:card\" content=\"summary_large_image\" \/>\n<meta name=\"twitter:site\" content=\"@talkpalai\" \/>\n<meta name=\"twitter:label1\" content=\"Dur\u00e9e de lecture estim\u00e9e\" \/>\n\t<meta name=\"twitter:data1\" content=\"4 minutes\" \/>\n<script type=\"application\/ld+json\" class=\"yoast-schema-graph\">{\"@context\":\"https:\/\/schema.org\",\"@graph\":[{\"@type\":\"WebPage\",\"@id\":\"https:\/\/talkpal.ai\/fr\/grammaire-anglaise\/\",\"url\":\"https:\/\/talkpal.ai\/fr\/grammaire-anglaise\/\",\"name\":\"Grammaire anglaise - Talkpal\",\"isPartOf\":{\"@id\":\"https:\/\/talkpal.ai\/fr\/#website\"},\"primaryImageOfPage\":{\"@id\":\"https:\/\/talkpal.ai\/fr\/grammaire-anglaise\/#primaryimage\"},\"image\":{\"@id\":\"https:\/\/talkpal.ai\/fr\/grammaire-anglaise\/#primaryimage\"},\"thumbnailUrl\":\"https:\/\/talkpal.ai\/wp-content\/uploads\/2023\/03\/united-kingdom.png\",\"datePublished\":\"2023-03-25T16:57:06+00:00\",\"dateModified\":\"2025-05-22T19:28:00+00:00\",\"description\":\"Am\u00e9liorez vos comp\u00e9tences en grammaire anglaise sans effort gr\u00e2ce \u00e0 l'application d'apprentissage des langues bas\u00e9e sur l'IA de Talkpalavec l'application d'apprentissage des langues aliment\u00e9e par l'IA.\",\"breadcrumb\":{\"@id\":\"https:\/\/talkpal.ai\/fr\/grammaire-anglaise\/#breadcrumb\"},\"inLanguage\":\"fr-FR\",\"potentialAction\":[{\"@type\":\"ReadAction\",\"target\":[\"https:\/\/talkpal.ai\/fr\/grammaire-anglaise\/\"]}]},{\"@type\":\"ImageObject\",\"inLanguage\":\"fr-FR\",\"@id\":\"https:\/\/talkpal.ai\/fr\/grammaire-anglaise\/#primaryimage\",\"url\":\"https:\/\/talkpal.ai\/wp-content\/uploads\/2023\/03\/united-kingdom.png\",\"contentUrl\":\"https:\/\/talkpal.ai\/wp-content\/uploads\/2023\/03\/united-kingdom.png\",\"width\":512,\"height\":512,\"caption\":\"TalkPal AI learn English\"},{\"@type\":\"BreadcrumbList\",\"@id\":\"https:\/\/talkpal.ai\/fr\/grammaire-anglaise\/#breadcrumb\",\"itemListElement\":[{\"@type\":\"ListItem\",\"position\":1,\"name\":\"Homepage\",\"item\":\"https:\/\/talkpal.ai\/fr\/\"},{\"@type\":\"ListItem\",\"position\":2,\"name\":\"Grammaire anglaise\"}]},{\"@type\":\"WebSite\",\"@id\":\"https:\/\/talkpal.ai\/fr\/#website\",\"url\":\"https:\/\/talkpal.ai\/fr\/\",\"name\":\"Talkpal\",\"description\":\"AI Language Learning\",\"publisher\":{\"@id\":\"https:\/\/talkpal.ai\/fr\/#organization\"},\"alternateName\":\"Talkpal AI\",\"potentialAction\":[{\"@type\":\"SearchAction\",\"target\":{\"@type\":\"EntryPoint\",\"urlTemplate\":\"https:\/\/talkpal.ai\/fr\/?s={search_term_string}\"},\"query-input\":{\"@type\":\"PropertyValueSpecification\",\"valueRequired\":true,\"valueName\":\"search_term_string\"}}],\"inLanguage\":\"fr-FR\"},{\"@type\":\"Organization\",\"@id\":\"https:\/\/talkpal.ai\/fr\/#organization\",\"name\":\"Talkpal, Inc.\",\"alternateName\":\"Talkpal AI\",\"url\":\"https:\/\/talkpal.ai\/fr\/\",\"logo\":{\"@type\":\"ImageObject\",\"inLanguage\":\"fr-FR\",\"@id\":\"https:\/\/talkpal.ai\/fr\/#\/schema\/logo\/image\/\",\"url\":\"https:\/\/talkpal.ai\/wp-content\/uploads\/2024\/03\/Talkpal-Logo-Icon.png\",\"contentUrl\":\"https:\/\/talkpal.ai\/wp-content\/uploads\/2024\/03\/Talkpal-Logo-Icon.png\",\"width\":2880,\"height\":2880,\"caption\":\"Talkpal, Inc.\"},\"image\":{\"@id\":\"https:\/\/talkpal.ai\/fr\/#\/schema\/logo\/image\/\"},\"sameAs\":[\"https:\/\/www.facebook.com\/profile.php?id=100090733639311\",\"https:\/\/x.com\/talkpalai\",\"https:\/\/www.linkedin.com\/company\/talkpal\/\",\"https:\/\/www.youtube.com\/@TalkPal\/\",\"https:\/\/www.tiktok.com\/@talkpal\",\"https:\/\/www.instagram.com\/talkpal_ai\/\",\"https:\/\/www.crunchbase.com\/organization\/talkpal-9cde\",\"https:\/\/www.g2.com\/products\/talkpal-for-business\/\",\"https:\/\/www.trustpilot.com\/review\/talkpal.ai\",\"https:\/\/www.capterra.com\/p\/10006800\/TalkPal\/\"],\"description\":\"Talkpal is a language learning web and mobile education app, powered by the latest AI technologies, that provides engaging experiences to its customers in many different languages to help them improve their language skills. Users can chat about unlimited amount of topics with the app and use other modes to practice their language learning.\",\"email\":\"support@talkpal.ai\",\"legalName\":\"Talkpal, Inc.\",\"foundingDate\":\"2023-04-03\",\"duns\":\"118989042\",\"numberOfEmployees\":{\"@type\":\"QuantitativeValue\",\"minValue\":\"11\",\"maxValue\":\"50\"},\"publishingPrinciples\":\"https:\/\/talkpal.ai\/publishing-principles\/\",\"actionableFeedbackPolicy\":\"https:\/\/talkpal.ai\/actionable-feedback-policy\/\",\"correctionsPolicy\":\"https:\/\/talkpal.ai\/corrections-policy\/\",\"ethicsPolicy\":\"https:\/\/talkpal.ai\/ethics-policy\/\",\"diversityPolicy\":\"https:\/\/talkpal.ai\/diversity-policy\/\",\"diversityStaffingReport\":\"https:\/\/talkpal.ai\/diversity-policy\/\"}]}<\/script>\n<!-- \/ Yoast SEO Premium plugin. -->","yoast_head_json":{"title":"Grammaire anglaise - Talkpal","description":"Am\u00e9liorez vos comp\u00e9tences en grammaire anglaise sans effort gr\u00e2ce \u00e0 l'application d'apprentissage des langues bas\u00e9e sur l'IA de Talkpalavec l'application d'apprentissage des langues aliment\u00e9e par l'IA.","robots":{"index":"index","follow":"follow","max-snippet":"max-snippet:-1","max-image-preview":"max-image-preview:large","max-video-preview":"max-video-preview:-1"},"canonical":"https:\/\/talkpal.ai\/fr\/grammaire-anglaise\/","og_locale":"fr_FR","og_type":"article","og_title":"Grammaire anglaise","og_description":"L'importance de la grammaire anglaise : un guide pour ma\u00eetriser les r\u00e8gles et les principes L'anglais \u00e9tant l'une des langues les plus parl\u00e9es dans le","og_url":"https:\/\/talkpal.ai\/fr\/grammaire-anglaise\/","og_site_name":"Talkpal","article_publisher":"https:\/\/www.facebook.com\/profile.php?id=100090733639311","article_modified_time":"2025-05-22T19:28:00+00:00","og_image":[{"width":512,"height":512,"url":"https:\/\/talkpal.ai\/wp-content\/uploads\/2023\/03\/united-kingdom.png","type":"image\/png"}],"twitter_card":"summary_large_image","twitter_site":"@talkpalai","twitter_misc":{"Dur\u00e9e de lecture estim\u00e9e":"4 minutes"},"schema":{"@context":"https:\/\/schema.org","@graph":[{"@type":"WebPage","@id":"https:\/\/talkpal.ai\/fr\/grammaire-anglaise\/","url":"https:\/\/talkpal.ai\/fr\/grammaire-anglaise\/","name":"Grammaire anglaise - Talkpal","isPartOf":{"@id":"https:\/\/talkpal.ai\/fr\/#website"},"primaryImageOfPage":{"@id":"https:\/\/talkpal.ai\/fr\/grammaire-anglaise\/#primaryimage"},"image":{"@id":"https:\/\/talkpal.ai\/fr\/grammaire-anglaise\/#primaryimage"},"thumbnailUrl":"https:\/\/talkpal.ai\/wp-content\/uploads\/2023\/03\/united-kingdom.png","datePublished":"2023-03-25T16:57:06+00:00","dateModified":"2025-05-22T19:28:00+00:00","description":"Am\u00e9liorez vos comp\u00e9tences en grammaire anglaise sans effort gr\u00e2ce \u00e0 l'application d'apprentissage des langues bas\u00e9e sur l'IA de Talkpalavec l'application d'apprentissage des langues aliment\u00e9e par l'IA.","breadcrumb":{"@id":"https:\/\/talkpal.ai\/fr\/grammaire-anglaise\/#breadcrumb"},"inLanguage":"fr-FR","potentialAction":[{"@type":"ReadAction","target":["https:\/\/talkpal.ai\/fr\/grammaire-anglaise\/"]}]},{"@type":"ImageObject","inLanguage":"fr-FR","@id":"https:\/\/talkpal.ai\/fr\/grammaire-anglaise\/#primaryimage","url":"https:\/\/talkpal.ai\/wp-content\/uploads\/2023\/03\/united-kingdom.png","contentUrl":"https:\/\/talkpal.ai\/wp-content\/uploads\/2023\/03\/united-kingdom.png","width":512,"height":512,"caption":"TalkPal AI learn English"},{"@type":"BreadcrumbList","@id":"https:\/\/talkpal.ai\/fr\/grammaire-anglaise\/#breadcrumb","itemListElement":[{"@type":"ListItem","position":1,"name":"Homepage","item":"https:\/\/talkpal.ai\/fr\/"},{"@type":"ListItem","position":2,"name":"Grammaire anglaise"}]},{"@type":"WebSite","@id":"https:\/\/talkpal.ai\/fr\/#website","url":"https:\/\/talkpal.ai\/fr\/","name":"Talkpal","description":"AI Language Learning","publisher":{"@id":"https:\/\/talkpal.ai\/fr\/#organization"},"alternateName":"Talkpal AI","potentialAction":[{"@type":"SearchAction","target":{"@type":"EntryPoint","urlTemplate":"https:\/\/talkpal.ai\/fr\/?s={search_term_string}"},"query-input":{"@type":"PropertyValueSpecification","valueRequired":true,"valueName":"search_term_string"}}],"inLanguage":"fr-FR"},{"@type":"Organization","@id":"https:\/\/talkpal.ai\/fr\/#organization","name":"Talkpal, Inc.","alternateName":"Talkpal AI","url":"https:\/\/talkpal.ai\/fr\/","logo":{"@type":"ImageObject","inLanguage":"fr-FR","@id":"https:\/\/talkpal.ai\/fr\/#\/schema\/logo\/image\/","url":"https:\/\/talkpal.ai\/wp-content\/uploads\/2024\/03\/Talkpal-Logo-Icon.png","contentUrl":"https:\/\/talkpal.ai\/wp-content\/uploads\/2024\/03\/Talkpal-Logo-Icon.png","width":2880,"height":2880,"caption":"Talkpal, Inc."},"image":{"@id":"https:\/\/talkpal.ai\/fr\/#\/schema\/logo\/image\/"},"sameAs":["https:\/\/www.facebook.com\/profile.php?id=100090733639311","https:\/\/x.com\/talkpalai","https:\/\/www.linkedin.com\/company\/talkpal\/","https:\/\/www.youtube.com\/@TalkPal\/","https:\/\/www.tiktok.com\/@talkpal","https:\/\/www.instagram.com\/talkpal_ai\/","https:\/\/www.crunchbase.com\/organization\/talkpal-9cde","https:\/\/www.g2.com\/products\/talkpal-for-business\/","https:\/\/www.trustpilot.com\/review\/talkpal.ai","https:\/\/www.capterra.com\/p\/10006800\/TalkPal\/"],"description":"Talkpal is a language learning web and mobile education app, powered by the latest AI technologies, that provides engaging experiences to its customers in many different languages to help them improve their language skills. Users can chat about unlimited amount of topics with the app and use other modes to practice their language learning.","email":"support@talkpal.ai","legalName":"Talkpal, Inc.","foundingDate":"2023-04-03","duns":"118989042","numberOfEmployees":{"@type":"QuantitativeValue","minValue":"11","maxValue":"50"},"publishingPrinciples":"https:\/\/talkpal.ai\/publishing-principles\/","actionableFeedbackPolicy":"https:\/\/talkpal.ai\/actionable-feedback-policy\/","correctionsPolicy":"https:\/\/talkpal.ai\/corrections-policy\/","ethicsPolicy":"https:\/\/talkpal.ai\/ethics-policy\/","diversityPolicy":"https:\/\/talkpal.ai\/diversity-policy\/","diversityStaffingReport":"https:\/\/talkpal.ai\/diversity-policy\/"}]}},"_links":{"self":[{"href":"https:\/\/talkpal.ai\/fr\/wp-json\/wp\/v2\/pages\/2999","targetHints":{"allow":["GET"]}}],"collection":[{"href":"https:\/\/talkpal.ai\/fr\/wp-json\/wp\/v2\/pages"}],"about":[{"href":"https:\/\/talkpal.ai\/fr\/wp-json\/wp\/v2\/types\/page"}],"author":[{"embeddable":true,"href":"https:\/\/talkpal.ai\/fr\/wp-json\/wp\/v2\/users\/1"}],"replies":[{"embeddable":true,"href":"https:\/\/talkpal.ai\/fr\/wp-json\/wp\/v2\/comments?post=2999"}],"version-history":[{"count":0,"href":"https:\/\/talkpal.ai\/fr\/wp-json\/wp\/v2\/pages\/2999\/revisions"}],"wp:featuredmedia":[{"embeddable":true,"href":"https:\/\/talkpal.ai\/fr\/wp-json\/wp\/v2\/media\/657"}],"wp:attachment":[{"href":"https:\/\/talkpal.ai\/fr\/wp-json\/wp\/v2\/media?parent=2999"}],"curies":[{"name":"wp","href":"https:\/\/api.w.org\/{rel}","templated":true}]}}