{"id":2944,"date":"2023-03-26T11:45:19","date_gmt":"2023-03-26T11:45:19","guid":{"rendered":"http:\/\/talkpal.ai\/grammaire-francaise\/"},"modified":"2025-05-22T18:47:32","modified_gmt":"2025-05-22T18:47:32","slug":"grammaire-francaise","status":"publish","type":"page","link":"https:\/\/talkpal.ai\/fr\/grammaire-francaise\/","title":{"rendered":"Grammaire fran\u00e7aise"},"content":{"rendered":"\r\n\r\n\r\n<section class=\"languageChallengeSection\">\r\n    <div class=\"languageInfoWrapper\">\r\n        \r\n        <h1>Grammaire fran\u00e7aise<\/h1>\r\n        <p>D\u00e9couvrez l&#039;\u00e9l\u00e9gance de la langue fran\u00e7aise en ma\u00eetrisant ses r\u00e8gles de grammaire essentielles. Une solide compr\u00e9hension de la <a href=\"https:\/\/talkpal.ai\/french-grammar\/\">grammaire fran\u00e7aise<\/a> vous aidera \u00e0 communiquer avec aisance et \u00e0 appr\u00e9cier la richesse de la culture fran\u00e7aise. Commencez \u00e0 apprendre la grammaire fran\u00e7aise d\u00e8s aujourd&#039;hui et entamez votre voyage vers la fluidit\u00e9 !<\/p>\r\n\r\n                            <a class=\"getStartedHidden\" href=\"https:\/\/app.talkpal.ai\/fr\/signup?lng=\">Commencer<\/a>\r\n        \r\n    <\/div>\r\n\r\n    <figure>\r\n    <img decoding=\"async\" width=\"768\" height=\"768\" src=\"https:\/\/talkpal.ai\/wp-content\/uploads\/2023\/06\/french-768x768.png\" class=\"languageImage no-lazy\" alt=\"Default alt text\" fetchpriority=\"high\" sizes=\"(max-width: 768px) 150px, 768px\" srcset=\"https:\/\/talkpal.ai\/wp-content\/uploads\/2023\/06\/french-768x768.png 768w, https:\/\/talkpal.ai\/wp-content\/uploads\/2023\/06\/french-300x300.png 300w\" \/>\r\n    \r\n\r\n    <\/figure>\r\n\r\n            <a class=\"getStartedVisible\" href=\"https:\/\/app.talkpal.ai\/fr\/signup?lng=\">Commencer<\/a>\r\n    \r\n<\/section>\r\n        <section class=\"grammarSection\">\r\n            <div class=\"grammarLinks\">\r\n                <a href=\"https:\/\/talkpal.ai\/fr\/language\/adjectifs-fr-2\/\">Adjectifs <\/a><a href=\"https:\/\/talkpal.ai\/fr\/language\/adverbes-fr-2\/\">Adverbes <\/a><a href=\"https:\/\/talkpal.ai\/fr\/language\/articles-fr-2\/\">Articles <\/a><a href=\"https:\/\/talkpal.ai\/fr\/language\/noms-fr\/\">Noms <\/a><a href=\"https:\/\/talkpal.ai\/fr\/language\/prepositions-fr-3\/\">Pr\u00e9positions <\/a><a href=\"https:\/\/talkpal.ai\/fr\/language\/determinants-et-pronoms-fr-2\/\">Pronoms et d\u00e9terminants <\/a><a href=\"https:\/\/talkpal.ai\/fr\/language\/structure-de-la-phrase-fr-2\/\">Structure de phrase <\/a><a href=\"https:\/\/talkpal.ai\/fr\/language\/lindicatif-2\/\">Temps indicatifs <\/a><a href=\"https:\/\/talkpal.ai\/fr\/language\/verbes-fr-2\/\">Verbes <\/a>            <\/div>\r\n        <\/section>\r\n    <section class=\"promotionalBanner\">\r\n    <p class=\"promotionalText\"><\/p>\r\n    <a class=\"promotionalLink\" href=\"https:\/\/app.talkpal.ai\/fr\/signup?lng=\"><\/a>\r\n<\/section>\n<div class=\"wp-block-group pageContainerStyle\"><div class=\"wp-block-group__inner-container is-layout-constrained wp-block-group-is-layout-constrained\">\n<h2 class=\"wp-block-heading\" id=\"h-a-beginner-s-guide-to-french-grammar\">Guide de la grammaire fran\u00e7aise pour les d\u00e9butants<\/h2>\n\n\n\n<p><a href=\"https:\/\/talkpal.ai\/fr\/maitrisez-le-francais-facilement-apprendre-le-francais-avec-chatgpt-rapidement\/\">Apprendre le fran\u00e7ais<\/a> peut \u00eatre une exp\u00e9rience passionnante et enrichissante. Cependant, la ma\u00eetrise de la grammaire fran\u00e7aise peut s&rsquo;av\u00e9rer difficile, m\u00eame pour ceux qui ma\u00eetrisent l&rsquo;anglais. Dans cet article, nous allons discuter de quelques conseils de grammaire fran\u00e7aise essentiels pour vous aider \u00e0 am\u00e9liorer vos comp\u00e9tences linguistiques. En vous familiarisant avec ces r\u00e8gles et en les pratiquant r\u00e9guli\u00e8rement, vous serez sur la bonne voie pour devenir un expert en grammaire fran\u00e7aise.<\/p>\n\n\n\n<h3 class=\"wp-block-heading\" id=\"h-1-the-importance-of-gender-in-french-nouns\">1. L&rsquo;importance du genre dans les noms fran\u00e7ais<\/h3>\n\n\n\n<p>L&rsquo;une des diff\u00e9rences les plus importantes entre la grammaire fran\u00e7aise et la <a href=\"https:\/\/talkpal.ai\/english-grammar\/\">grammaire anglaise<\/a> est la notion de genre. Tous les noms <a href=\"https:\/\/talkpal.ai\/learn-french\/\">fran\u00e7ais<\/a> sont soit masculins, soit f\u00e9minins, ce qui a une incidence sur les articles et les adjectifs qui leur sont associ\u00e9s. Par exemple, \u00ab\u00a0le\u00a0\u00bb et \u00ab\u00a0la\u00a0\u00bb sont les <a href=\"https:\/\/talkpal.ai\/fr\/grammar\/articles-definis-en-grammaire-catalane\/\">articles d\u00e9finis<\/a> pour les noms masculins et f\u00e9minins, respectivement. Lorsque vous rencontrez un <a href=\"https:\/\/talkpal.ai\/talkpal-new-years-discount\/\">nouveau<\/a> nom, il est essentiel de vous souvenir de son genre pour \u00e9viter de commettre des erreurs grammaticales.<\/p>\n\n\n\n<h3 class=\"wp-block-heading\" id=\"h-2-mastering-verb-conjugations\">2. Ma\u00eetriser la conjugaison des verbes<\/h3>\n\n\n\n<p>Les verbes fran\u00e7ais ont de nombreuses conjugaisons en fonction du <a href=\"https:\/\/talkpal.ai\/zh-hans\/grammar_exercises\/temps-%e6%b3%95%e8%af%ad%e8%af%ad%e6%b3%95%e7%bb%83%e4%b9%a0\/\">temps<\/a>, de l&rsquo;humeur et des pronoms sujets. Cela peut sembler insurmontable, mais il existe des mod\u00e8les et des raccourcis que vous pouvez utiliser pour simplifier le processus. Les verbes r\u00e9guliers appartiennent \u00e0 l&rsquo;un des trois groupes en fonction de leur terminaison \u00e0 l&rsquo;infinitif (-er, -ir et -re), et chaque groupe a ses propres r\u00e8gles de conjugaison. Une fois ces r\u00e8gles assimil\u00e9es, vous pourrez facilement conjuguer un grand nombre de verbes fran\u00e7ais.<\/p>\n\n\n\n<h3 class=\"wp-block-heading\" id=\"h-3-the-partitive-article-du-de-la-and-de-l\">3. L&rsquo;article partitif : du, de la, et de l&rsquo;<\/h3>\n\n\n\n<p>Pour parler d&rsquo;une portion ou d&rsquo;une quantit\u00e9 ind\u00e9termin\u00e9e de quelque chose, vous devez utiliser l&rsquo;article partitif. L&rsquo;article partitif change selon le genre du nom et selon qu&rsquo;il commence par une voyelle ou une consonne. Pour les noms masculins, utilisez \u00ab\u00a0du\u00a0\u00bb, pour les noms f\u00e9minins, utilisez \u00ab\u00a0de la\u00a0\u00bb, et pour les noms commen\u00e7ant par une voyelle ou un \u00ab\u00a0h\u00a0\u00bb muet, utilisez \u00ab\u00a0de l'\u00a0\u00bb.<\/p>\n\n\n\n<h3 class=\"wp-block-heading\" id=\"h-4-adjective-agreement-and-placement\">4. Accord et placement des adjectifs<\/h3>\n\n\n\n<p>En grammaire fran\u00e7aise, les adjectifs doivent s&rsquo;accorder en genre et en nombre avec le nom qu&rsquo;ils modifient. Souvent, cela signifie que vous devrez ajouter un \u00ab\u00a0e\u00a0\u00bb \u00e0 l&rsquo;adjectif pour le rendre f\u00e9minin et un \u00ab\u00a0s\u00a0\u00bb pour le rendre pluriel. En outre, les adjectifs suivent g\u00e9n\u00e9ralement le nom qu&rsquo;ils modifient, avec quelques exceptions pour les adjectifs courts et courants tels que \u00ab\u00a0beau\u00a0\u00bb, \u00ab\u00a0vieil\u00a0\u00bb et \u00ab\u00a0grand\u00a0\u00bb.<\/p>\n\n\n\n<p>Exemples :<br\/>&#8211; Un chat noir<br\/>&#8211; Une voiture noire<br\/>&#8211; Deux chats noirs<\/p>\n\n\n\n<h3 class=\"wp-block-heading\" id=\"h-5-passe-compose-past-tense-made-easy\">5. Passe Compose &#8211; Le pass\u00e9 en toute simplicit\u00e9<\/h3>\n\n\n\n<p>S&rsquo;il existe de nombreuses fa\u00e7ons d&rsquo;exprimer le pass\u00e9 en fran\u00e7ais, le pass\u00e8 compos\u00e9 est l&rsquo;une des plus utiles et des plus faciles \u00e0 apprendre. Pour former le pass\u00e9 compos\u00e9, vous aurez besoin du pr\u00e9sent du verbe auxiliaire \u00ab\u00a0avoir\u00a0\u00bb ou \u00ab\u00a0\u00eatre\u00a0\u00bb, suivi du participe pass\u00e9 du verbe principal. La plupart des verbes utilisent \u00ab\u00a0avoir\u00a0\u00bb comme auxiliaire, tandis que certains verbes, principalement li\u00e9s au mouvement et aux r\u00e9flexes, utilisent \u00ab\u00a0\u00eatre\u00a0\u00bb.<\/p>\n\n\n\n<p>Exemple :<br\/>&#8211; J&rsquo;ai mang\u00e9<br\/>&#8211; Nous sommes all\u00e9s<\/p>\n\n\n\n<h3 class=\"wp-block-heading\" id=\"h-6-engaging-with-the-language\">6. S&rsquo;engager dans la langue<\/h3>\n\n\n\n<p>L&rsquo;une des meilleures fa\u00e7ons d&rsquo;am\u00e9liorer votre grammaire fran\u00e7aise est de pratiquer la langue r\u00e9guli\u00e8rement. Qu&rsquo;il s&rsquo;agisse de lire des journaux fran\u00e7ais, de regarder des films fran\u00e7ais ou de parler avec un locuteur natif, l&rsquo;exposition \u00e0 la langue dans diff\u00e9rents contextes vous aidera \u00e0 renforcer votre compr\u00e9hension de la grammaire et \u00e0 enrichir votre vocabulaire.<\/p>\n\n\n\n<h3 class=\"wp-block-heading\" id=\"h-conclusion\">Conclusion<\/h3>\n\n\n\n<p>La ma\u00eetrise de la grammaire fran\u00e7aise peut sembler d\u00e9courageante, mais avec une pratique r\u00e9guli\u00e8re et de l&rsquo;assiduit\u00e9, vous pouvez parler couramment cette belle langue. En vous concentrant sur les r\u00e8gles essentielles d\u00e9crites ci-dessus et en utilisant la langue dans diff\u00e9rents contextes, vos comp\u00e9tences en grammaire fran\u00e7aise s&rsquo;am\u00e9lioreront rapidement. Bonne chance pour votre voyage vers la ma\u00eetrise de la grammaire fran\u00e7aise !<\/p>\n<\/div><\/div>\n\r\n<section class=\"learnNavigationSection\">\r\n            \r\n        <a href=\"https:\/\/talkpal.ai\/fr\/apprendre-le-francais\/\">\r\n            <div class=\"learnNavigationWrapper\">\r\n                <div class=\"learnNavigationContent\">\r\n                    <img decoding=\"async\" src=\"https:\/\/talkpal.ai\/wp-content\/uploads\/2024\/08\/French.jpg\" alt=\"French Flag\">\r\n                    <div>\r\n                        <h4>A propos de l&#039;apprentissage du fran\u00e7ais<\/h4>\r\n                        <p>Tout savoir sur la grammaire fran\u00e7aise.<\/p>\r\n                    <\/div>\r\n                <\/div>\r\n            <\/div>\r\n        <\/a>\r\n\r\n        \r\n        <a href=\"https:\/\/talkpal.ai\/fr\/exercices-de-grammaire-francaise\/\">\r\n            <div class=\"learnNavigationWrapper\">\r\n                <div class=\"learnNavigationContent\">\r\n                    <img decoding=\"async\" src=\"https:\/\/talkpal.ai\/wp-content\/uploads\/2024\/08\/French.jpg\" alt=\"French Flag\">\r\n                    <div>\r\n                        <h4>Exercice de grammaire fran\u00e7aise<\/h4>\r\n                        <p>Pratiquez la grammaire fran\u00e7aise.<\/p>\r\n                    <\/div>\r\n                <\/div>\r\n            <\/div>\r\n        <\/a>\r\n\r\n        \r\n        <a href=\"https:\/\/talkpal.ai\/vocabulary_language\/french\/\">\r\n            <div class=\"learnNavigationWrapper\">\r\n                <div class=\"learnNavigationContent\">\r\n                    <img decoding=\"async\" src=\"https:\/\/talkpal.ai\/wp-content\/uploads\/2024\/08\/French.jpg\" alt=\"French Flag\">\r\n                    <div>\r\n                        <h4>Vocabulaire fran\u00e7ais<\/h4>\r\n                        <p>\u00c9largissez votre vocabulaire fran\u00e7ais.<\/p>\r\n                    <\/div>\r\n                <\/div>\r\n            <\/div>\r\n        <\/a>\r\n\r\n            <\/section>","protected":false},"excerpt":{"rendered":"<p>Guide de la grammaire fran\u00e7aise pour les d\u00e9butants Apprendre le fran\u00e7ais peut \u00eatre une exp\u00e9rience passionnante et enrichissante. Cependant, la ma\u00eetrise de la grammaire fran\u00e7aise peut s&rsquo;av\u00e9rer difficile, m\u00eame pour ceux qui ma\u00eetrisent l&rsquo;anglais. Dans cet article, nous allons discuter de quelques conseils de grammaire fran\u00e7aise essentiels pour vous aider \u00e0 am\u00e9liorer vos comp\u00e9tences linguistiques. [&hellip;]<\/p>\n","protected":false},"author":1,"featured_media":660,"parent":0,"menu_order":0,"comment_status":"closed","ping_status":"closed","template":"LearningContentPage.php","meta":{"_acf_changed":false,"footnotes":""},"class_list":["post-2944","page","type-page","status-publish","has-post-thumbnail","hentry"],"acf":[],"yoast_head":"<!-- This site is optimized with the Yoast SEO Premium plugin v27.2 (Yoast SEO v27.2) - https:\/\/yoast.com\/product\/yoast-seo-premium-wordpress\/ -->\n<title>Grammaire fran\u00e7aise - Talkpal<\/title>\n<meta name=\"description\" content=\"Ma\u00eetrisez les concepts essentiels de la grammaire fran\u00e7aise : verbes, conjugaison, temps, noms, articles, adjectifs, pronoms et structure des phrases.\" \/>\n<meta name=\"robots\" content=\"index, follow, max-snippet:-1, max-image-preview:large, max-video-preview:-1\" \/>\n<link rel=\"canonical\" href=\"https:\/\/talkpal.ai\/fr\/grammaire-francaise\/\" \/>\n<meta property=\"og:locale\" content=\"fr_FR\" \/>\n<meta property=\"og:type\" content=\"article\" \/>\n<meta property=\"og:title\" content=\"Grammaire fran\u00e7aise\" \/>\n<meta property=\"og:description\" content=\"Guide de la grammaire fran\u00e7aise pour les d\u00e9butants Apprendre le fran\u00e7ais peut \u00eatre une exp\u00e9rience passionnante et enrichissante. Cependant, la ma\u00eetrise de\" \/>\n<meta property=\"og:url\" content=\"https:\/\/talkpal.ai\/fr\/grammaire-francaise\/\" \/>\n<meta property=\"og:site_name\" content=\"Talkpal\" \/>\n<meta property=\"article:publisher\" content=\"https:\/\/www.facebook.com\/profile.php?id=100090733639311\" \/>\n<meta property=\"article:modified_time\" content=\"2025-05-22T18:47:32+00:00\" \/>\n<meta property=\"og:image\" content=\"https:\/\/talkpal.ai\/wp-content\/uploads\/2023\/03\/france.png\" \/>\n\t<meta property=\"og:image:width\" content=\"512\" \/>\n\t<meta property=\"og:image:height\" content=\"512\" \/>\n\t<meta property=\"og:image:type\" content=\"image\/png\" \/>\n<meta name=\"twitter:card\" content=\"summary_large_image\" \/>\n<meta name=\"twitter:site\" content=\"@talkpalai\" \/>\n<meta name=\"twitter:label1\" content=\"Dur\u00e9e de lecture estim\u00e9e\" \/>\n\t<meta name=\"twitter:data1\" content=\"3 minutes\" \/>\n<script type=\"application\/ld+json\" class=\"yoast-schema-graph\">{\"@context\":\"https:\/\/schema.org\",\"@graph\":[{\"@type\":\"WebPage\",\"@id\":\"https:\/\/talkpal.ai\/fr\/grammaire-francaise\/\",\"url\":\"https:\/\/talkpal.ai\/fr\/grammaire-francaise\/\",\"name\":\"Grammaire fran\u00e7aise - Talkpal\",\"isPartOf\":{\"@id\":\"https:\/\/talkpal.ai\/fr\/#website\"},\"primaryImageOfPage\":{\"@id\":\"https:\/\/talkpal.ai\/fr\/grammaire-francaise\/#primaryimage\"},\"image\":{\"@id\":\"https:\/\/talkpal.ai\/fr\/grammaire-francaise\/#primaryimage\"},\"thumbnailUrl\":\"https:\/\/talkpal.ai\/wp-content\/uploads\/2023\/03\/france.png\",\"datePublished\":\"2023-03-26T11:45:19+00:00\",\"dateModified\":\"2025-05-22T18:47:32+00:00\",\"description\":\"Ma\u00eetrisez les concepts essentiels de la grammaire fran\u00e7aise : verbes, conjugaison, temps, noms, articles, adjectifs, pronoms et structure des phrases.\",\"breadcrumb\":{\"@id\":\"https:\/\/talkpal.ai\/fr\/grammaire-francaise\/#breadcrumb\"},\"inLanguage\":\"fr-FR\",\"potentialAction\":[{\"@type\":\"ReadAction\",\"target\":[\"https:\/\/talkpal.ai\/fr\/grammaire-francaise\/\"]}]},{\"@type\":\"ImageObject\",\"inLanguage\":\"fr-FR\",\"@id\":\"https:\/\/talkpal.ai\/fr\/grammaire-francaise\/#primaryimage\",\"url\":\"https:\/\/talkpal.ai\/wp-content\/uploads\/2023\/03\/france.png\",\"contentUrl\":\"https:\/\/talkpal.ai\/wp-content\/uploads\/2023\/03\/france.png\",\"width\":512,\"height\":512,\"caption\":\"TalkPal AI learn French\"},{\"@type\":\"BreadcrumbList\",\"@id\":\"https:\/\/talkpal.ai\/fr\/grammaire-francaise\/#breadcrumb\",\"itemListElement\":[{\"@type\":\"ListItem\",\"position\":1,\"name\":\"Homepage\",\"item\":\"https:\/\/talkpal.ai\/fr\/\"},{\"@type\":\"ListItem\",\"position\":2,\"name\":\"Grammaire fran\u00e7aise\"}]},{\"@type\":\"WebSite\",\"@id\":\"https:\/\/talkpal.ai\/fr\/#website\",\"url\":\"https:\/\/talkpal.ai\/fr\/\",\"name\":\"Talkpal\",\"description\":\"AI Language Learning\",\"publisher\":{\"@id\":\"https:\/\/talkpal.ai\/fr\/#organization\"},\"alternateName\":\"Talkpal AI\",\"potentialAction\":[{\"@type\":\"SearchAction\",\"target\":{\"@type\":\"EntryPoint\",\"urlTemplate\":\"https:\/\/talkpal.ai\/fr\/?s={search_term_string}\"},\"query-input\":{\"@type\":\"PropertyValueSpecification\",\"valueRequired\":true,\"valueName\":\"search_term_string\"}}],\"inLanguage\":\"fr-FR\"},{\"@type\":\"Organization\",\"@id\":\"https:\/\/talkpal.ai\/fr\/#organization\",\"name\":\"Talkpal, Inc.\",\"alternateName\":\"Talkpal AI\",\"url\":\"https:\/\/talkpal.ai\/fr\/\",\"logo\":{\"@type\":\"ImageObject\",\"inLanguage\":\"fr-FR\",\"@id\":\"https:\/\/talkpal.ai\/fr\/#\/schema\/logo\/image\/\",\"url\":\"https:\/\/talkpal.ai\/wp-content\/uploads\/2024\/03\/Talkpal-Logo-Icon.png\",\"contentUrl\":\"https:\/\/talkpal.ai\/wp-content\/uploads\/2024\/03\/Talkpal-Logo-Icon.png\",\"width\":2880,\"height\":2880,\"caption\":\"Talkpal, Inc.\"},\"image\":{\"@id\":\"https:\/\/talkpal.ai\/fr\/#\/schema\/logo\/image\/\"},\"sameAs\":[\"https:\/\/www.facebook.com\/profile.php?id=100090733639311\",\"https:\/\/x.com\/talkpalai\",\"https:\/\/www.linkedin.com\/company\/talkpal\/\",\"https:\/\/www.youtube.com\/@TalkPal\/\",\"https:\/\/www.tiktok.com\/@talkpal\",\"https:\/\/www.instagram.com\/talkpal_ai\/\",\"https:\/\/www.crunchbase.com\/organization\/talkpal-9cde\",\"https:\/\/www.g2.com\/products\/talkpal-for-business\/\",\"https:\/\/www.trustpilot.com\/review\/talkpal.ai\",\"https:\/\/www.capterra.com\/p\/10006800\/TalkPal\/\"],\"description\":\"Talkpal is a language learning web and mobile education app, powered by the latest AI technologies, that provides engaging experiences to its customers in many different languages to help them improve their language skills. Users can chat about unlimited amount of topics with the app and use other modes to practice their language learning.\",\"email\":\"support@talkpal.ai\",\"legalName\":\"Talkpal, Inc.\",\"foundingDate\":\"2023-04-03\",\"duns\":\"118989042\",\"numberOfEmployees\":{\"@type\":\"QuantitativeValue\",\"minValue\":\"11\",\"maxValue\":\"50\"},\"publishingPrinciples\":\"https:\/\/talkpal.ai\/publishing-principles\/\",\"actionableFeedbackPolicy\":\"https:\/\/talkpal.ai\/actionable-feedback-policy\/\",\"correctionsPolicy\":\"https:\/\/talkpal.ai\/corrections-policy\/\",\"ethicsPolicy\":\"https:\/\/talkpal.ai\/ethics-policy\/\",\"diversityPolicy\":\"https:\/\/talkpal.ai\/diversity-policy\/\",\"diversityStaffingReport\":\"https:\/\/talkpal.ai\/diversity-policy\/\"}]}<\/script>\n<!-- \/ Yoast SEO Premium plugin. -->","yoast_head_json":{"title":"Grammaire fran\u00e7aise - Talkpal","description":"Ma\u00eetrisez les concepts essentiels de la grammaire fran\u00e7aise : verbes, conjugaison, temps, noms, articles, adjectifs, pronoms et structure des phrases.","robots":{"index":"index","follow":"follow","max-snippet":"max-snippet:-1","max-image-preview":"max-image-preview:large","max-video-preview":"max-video-preview:-1"},"canonical":"https:\/\/talkpal.ai\/fr\/grammaire-francaise\/","og_locale":"fr_FR","og_type":"article","og_title":"Grammaire fran\u00e7aise","og_description":"Guide de la grammaire fran\u00e7aise pour les d\u00e9butants Apprendre le fran\u00e7ais peut \u00eatre une exp\u00e9rience passionnante et enrichissante. Cependant, la ma\u00eetrise de","og_url":"https:\/\/talkpal.ai\/fr\/grammaire-francaise\/","og_site_name":"Talkpal","article_publisher":"https:\/\/www.facebook.com\/profile.php?id=100090733639311","article_modified_time":"2025-05-22T18:47:32+00:00","og_image":[{"width":512,"height":512,"url":"https:\/\/talkpal.ai\/wp-content\/uploads\/2023\/03\/france.png","type":"image\/png"}],"twitter_card":"summary_large_image","twitter_site":"@talkpalai","twitter_misc":{"Dur\u00e9e de lecture estim\u00e9e":"3 minutes"},"schema":{"@context":"https:\/\/schema.org","@graph":[{"@type":"WebPage","@id":"https:\/\/talkpal.ai\/fr\/grammaire-francaise\/","url":"https:\/\/talkpal.ai\/fr\/grammaire-francaise\/","name":"Grammaire fran\u00e7aise - Talkpal","isPartOf":{"@id":"https:\/\/talkpal.ai\/fr\/#website"},"primaryImageOfPage":{"@id":"https:\/\/talkpal.ai\/fr\/grammaire-francaise\/#primaryimage"},"image":{"@id":"https:\/\/talkpal.ai\/fr\/grammaire-francaise\/#primaryimage"},"thumbnailUrl":"https:\/\/talkpal.ai\/wp-content\/uploads\/2023\/03\/france.png","datePublished":"2023-03-26T11:45:19+00:00","dateModified":"2025-05-22T18:47:32+00:00","description":"Ma\u00eetrisez les concepts essentiels de la grammaire fran\u00e7aise : verbes, conjugaison, temps, noms, articles, adjectifs, pronoms et structure des phrases.","breadcrumb":{"@id":"https:\/\/talkpal.ai\/fr\/grammaire-francaise\/#breadcrumb"},"inLanguage":"fr-FR","potentialAction":[{"@type":"ReadAction","target":["https:\/\/talkpal.ai\/fr\/grammaire-francaise\/"]}]},{"@type":"ImageObject","inLanguage":"fr-FR","@id":"https:\/\/talkpal.ai\/fr\/grammaire-francaise\/#primaryimage","url":"https:\/\/talkpal.ai\/wp-content\/uploads\/2023\/03\/france.png","contentUrl":"https:\/\/talkpal.ai\/wp-content\/uploads\/2023\/03\/france.png","width":512,"height":512,"caption":"TalkPal AI learn French"},{"@type":"BreadcrumbList","@id":"https:\/\/talkpal.ai\/fr\/grammaire-francaise\/#breadcrumb","itemListElement":[{"@type":"ListItem","position":1,"name":"Homepage","item":"https:\/\/talkpal.ai\/fr\/"},{"@type":"ListItem","position":2,"name":"Grammaire fran\u00e7aise"}]},{"@type":"WebSite","@id":"https:\/\/talkpal.ai\/fr\/#website","url":"https:\/\/talkpal.ai\/fr\/","name":"Talkpal","description":"AI Language Learning","publisher":{"@id":"https:\/\/talkpal.ai\/fr\/#organization"},"alternateName":"Talkpal AI","potentialAction":[{"@type":"SearchAction","target":{"@type":"EntryPoint","urlTemplate":"https:\/\/talkpal.ai\/fr\/?s={search_term_string}"},"query-input":{"@type":"PropertyValueSpecification","valueRequired":true,"valueName":"search_term_string"}}],"inLanguage":"fr-FR"},{"@type":"Organization","@id":"https:\/\/talkpal.ai\/fr\/#organization","name":"Talkpal, Inc.","alternateName":"Talkpal AI","url":"https:\/\/talkpal.ai\/fr\/","logo":{"@type":"ImageObject","inLanguage":"fr-FR","@id":"https:\/\/talkpal.ai\/fr\/#\/schema\/logo\/image\/","url":"https:\/\/talkpal.ai\/wp-content\/uploads\/2024\/03\/Talkpal-Logo-Icon.png","contentUrl":"https:\/\/talkpal.ai\/wp-content\/uploads\/2024\/03\/Talkpal-Logo-Icon.png","width":2880,"height":2880,"caption":"Talkpal, Inc."},"image":{"@id":"https:\/\/talkpal.ai\/fr\/#\/schema\/logo\/image\/"},"sameAs":["https:\/\/www.facebook.com\/profile.php?id=100090733639311","https:\/\/x.com\/talkpalai","https:\/\/www.linkedin.com\/company\/talkpal\/","https:\/\/www.youtube.com\/@TalkPal\/","https:\/\/www.tiktok.com\/@talkpal","https:\/\/www.instagram.com\/talkpal_ai\/","https:\/\/www.crunchbase.com\/organization\/talkpal-9cde","https:\/\/www.g2.com\/products\/talkpal-for-business\/","https:\/\/www.trustpilot.com\/review\/talkpal.ai","https:\/\/www.capterra.com\/p\/10006800\/TalkPal\/"],"description":"Talkpal is a language learning web and mobile education app, powered by the latest AI technologies, that provides engaging experiences to its customers in many different languages to help them improve their language skills. Users can chat about unlimited amount of topics with the app and use other modes to practice their language learning.","email":"support@talkpal.ai","legalName":"Talkpal, Inc.","foundingDate":"2023-04-03","duns":"118989042","numberOfEmployees":{"@type":"QuantitativeValue","minValue":"11","maxValue":"50"},"publishingPrinciples":"https:\/\/talkpal.ai\/publishing-principles\/","actionableFeedbackPolicy":"https:\/\/talkpal.ai\/actionable-feedback-policy\/","correctionsPolicy":"https:\/\/talkpal.ai\/corrections-policy\/","ethicsPolicy":"https:\/\/talkpal.ai\/ethics-policy\/","diversityPolicy":"https:\/\/talkpal.ai\/diversity-policy\/","diversityStaffingReport":"https:\/\/talkpal.ai\/diversity-policy\/"}]}},"_links":{"self":[{"href":"https:\/\/talkpal.ai\/fr\/wp-json\/wp\/v2\/pages\/2944","targetHints":{"allow":["GET"]}}],"collection":[{"href":"https:\/\/talkpal.ai\/fr\/wp-json\/wp\/v2\/pages"}],"about":[{"href":"https:\/\/talkpal.ai\/fr\/wp-json\/wp\/v2\/types\/page"}],"author":[{"embeddable":true,"href":"https:\/\/talkpal.ai\/fr\/wp-json\/wp\/v2\/users\/1"}],"replies":[{"embeddable":true,"href":"https:\/\/talkpal.ai\/fr\/wp-json\/wp\/v2\/comments?post=2944"}],"version-history":[{"count":0,"href":"https:\/\/talkpal.ai\/fr\/wp-json\/wp\/v2\/pages\/2944\/revisions"}],"wp:featuredmedia":[{"embeddable":true,"href":"https:\/\/talkpal.ai\/fr\/wp-json\/wp\/v2\/media\/660"}],"wp:attachment":[{"href":"https:\/\/talkpal.ai\/fr\/wp-json\/wp\/v2\/media?parent=2944"}],"curies":[{"name":"wp","href":"https:\/\/api.w.org\/{rel}","templated":true}]}}