{"id":2928,"date":"2023-03-26T11:40:15","date_gmt":"2023-03-26T11:40:15","guid":{"rendered":"http:\/\/talkpal.ai\/grammaire-allemande\/"},"modified":"2025-05-22T19:23:05","modified_gmt":"2025-05-22T19:23:05","slug":"grammaire-allemande","status":"publish","type":"page","link":"https:\/\/talkpal.ai\/fr\/grammaire-allemande\/","title":{"rendered":"Grammaire allemande"},"content":{"rendered":"\r\n\r\n\r\n<section class=\"languageChallengeSection\">\r\n    <div class=\"languageInfoWrapper\">\r\n        \r\n        <h1>Grammaire allemande<\/h1>\r\n        <p>D\u00e9verrouillez la structure de la langue allemande en ma\u00eetrisant ses r\u00e8gles de grammaire essentielles. Comprendre la <a href=\"https:\/\/talkpal.ai\/german-grammar\/\">grammaire allemande<\/a> vous aidera \u00e0 communiquer avec assurance et \u00e0 appr\u00e9cier pleinement la richesse des cultures germanophones. Commencez \u00e0 apprendre la grammaire allemande d\u00e8s aujourd&#039;hui et faites le premier pas vers la ma\u00eetrise de la langue !\n\n<\/p>\r\n\r\n                            <a class=\"getStartedHidden\" href=\"https:\/\/app.talkpal.ai\/fr\/signup?lng=\">Commencer<\/a>\r\n        \r\n    <\/div>\r\n\r\n    <figure>\r\n    <img decoding=\"async\" width=\"768\" height=\"768\" src=\"https:\/\/talkpal.ai\/wp-content\/uploads\/2023\/06\/german-768x768.png\" class=\"languageImage no-lazy\" alt=\"Default alt text\" fetchpriority=\"high\" sizes=\"(max-width: 768px) 150px, 768px\" srcset=\"https:\/\/talkpal.ai\/wp-content\/uploads\/2023\/06\/german-768x768.png 768w, https:\/\/talkpal.ai\/wp-content\/uploads\/2023\/06\/german-300x300.png 300w\" \/>\r\n    \r\n\r\n    <\/figure>\r\n\r\n            <a class=\"getStartedVisible\" href=\"https:\/\/app.talkpal.ai\/fr\/signup?lng=\">Commencer<\/a>\r\n    \r\n<\/section>\r\n        <section class=\"grammarSection\">\r\n            <div class=\"grammarLinks\">\r\n                <a href=\"https:\/\/talkpal.ai\/fr\/language\/adjectifs-fr\/\">Adjectifs <\/a><a href=\"https:\/\/talkpal.ai\/fr\/language\/adverbes-fr\/\">Adverbes <\/a><a href=\"https:\/\/talkpal.ai\/fr\/language\/declinaisons\/\">D\u00e9clinaison <\/a><a href=\"https:\/\/talkpal.ai\/fr\/language\/noms-et-articles\/\">Noms et articles <\/a><a href=\"https:\/\/talkpal.ai\/fr\/language\/prepositions-fr-2\/\">Pr\u00e9positions <\/a><a href=\"https:\/\/talkpal.ai\/fr\/language\/determinants-et-pronoms-fr\/\">Pronoms <\/a><a href=\"https:\/\/talkpal.ai\/fr\/language\/structure-de-la-phrase-fr\/\">Structure de phrase <\/a><a href=\"https:\/\/talkpal.ai\/fr\/language\/temps-verbaux-fr\/\">Temps <\/a><a href=\"https:\/\/talkpal.ai\/fr\/language\/verbes-fr\/\">Verbes <\/a>            <\/div>\r\n        <\/section>\r\n    <section class=\"promotionalBanner\">\r\n    <p class=\"promotionalText\">La fa\u00e7on la plus efficace d\u2019apprendre une langue<\/p>\r\n    <a class=\"promotionalLink\" href=\"https:\/\/app.talkpal.ai\/fr\/signup?lng=\">Essayez Talkpal gratuitement<\/a>\r\n<\/section>\n<div class=\"wp-block-group pageContainerStyle\"><div class=\"wp-block-group__inner-container is-layout-constrained wp-block-group-is-layout-constrained\">\n<h2 class=\"wp-block-heading\" id=\"h-unraveling-the-intricacies-of-german-grammar\">D\u00e9m\u00ealer l&rsquo;\u00e9cheveau de la grammaire allemande<\/h2>\n\n\n\n<p>L&rsquo;apprentissage de l&rsquo;allemand peut \u00eatre une exp\u00e9rience passionnante et enrichissante. Non seulement vous pourrez parler avec plus de 130 millions de personnes dans le monde, mais vous aurez \u00e9galement acc\u00e8s \u00e0 une multitude de litt\u00e9rature, de musique et d&rsquo;histoire culturelle. Comme pour toute autre langue, la ma\u00eetrise de l&rsquo;allemand demande de l&rsquo;application et de la patience, en particulier en ce qui concerne la grammaire. La bonne nouvelle, c&rsquo;est que de nombreux aspects de la grammaire allemande sont assez proches de la <a href=\"https:\/\/talkpal.ai\/english-grammar\/\">grammaire anglaise<\/a>, ce qui permet aux anglophones de s&rsquo;y retrouver plus facilement. Dans cet article, nous allons explorer quelques-unes des caract\u00e9ristiques cl\u00e9s de la grammaire allemande, en fournissant des conseils et des astuces utiles pour vous aider \u00e0 ma\u00eetriser cette langue belle et complexe.<\/p>\n\n\n\n<h3 class=\"wp-block-heading\" id=\"h-1-nouns-and-articles-get-your-cases-right\">1. Noms et articles &#8211; Faites attention aux cas !<\/h3>\n\n\n\n<p>L&rsquo;un des premiers obstacles pour les anglophones qui apprennent l&rsquo;allemand est de comprendre les quatre cas : nominatif, accusatif, datif et g\u00e9nitif. Chaque cas indique une fonction diff\u00e9rente du nom dans une phrase, comme le sujet, l&rsquo;objet direct ou l&rsquo;objet indirect. En outre, l&rsquo;allemand a trois genres grammaticaux (masculin, f\u00e9minin et neutre) et les articles de chaque genre changent en fonction du cas. C&rsquo;est un peu confus ? Ne vous inqui\u00e9tez pas ! Au fur et \u00e0 mesure que vous vous familiariserez avec l&rsquo;allemand, vous commencerez \u00e0 reconna\u00eetre des sch\u00e9mas et \u00e0 anticiper la casse et le genre \u00e0 utiliser.<\/p>\n\n\n\n<p>Conseil : faites un tableau des <a href=\"https:\/\/talkpal.ai\/fr\/grammar\/articles-definis-en-grammaire-catalane\/\">articles d\u00e9finis<\/a> (der, die, das) et des articles ind\u00e9finis (ein, eine, ein) pour chaque genre et chaque cas. Apprenez-les d&rsquo;abord par c\u0153ur, car ils vous serviront de base pour comprendre la structure des <a href=\"https:\/\/talkpal.ai\/german-phrases-and-daily-expressions\/\">phrases allemandes<\/a>.<\/p>\n\n\n\n<h3 class=\"wp-block-heading\" id=\"h-2-verbs-conjugate-and-dominate\">2. Verbes &#8211; Conjuguer et dominer !<\/h3>\n\n\n\n<p>En <a href=\"https:\/\/talkpal.ai\/learn-german\/\">allemand<\/a>, les verbes sont essentiels non seulement pour exprimer l&rsquo;action, mais aussi pour indiquer le <a href=\"https:\/\/talkpal.ai\/zh-hans\/grammar_exercises\/temps-%e6%b3%95%e8%af%ad%e8%af%ad%e6%b3%95%e7%bb%83%e4%b9%a0\/\">temps<\/a> et l&rsquo;humeur. Tout comme en <a href=\"https:\/\/talkpal.ai\/learn-english-with-ai\/\">anglais<\/a>, les verbes allemands doivent \u00eatre conjugu\u00e9s en fonction du sujet de la phrase. Toutefois, il existe des diff\u00e9rences essentielles, notamment l&rsquo;utilisation de verbes r\u00e9guliers (faibles) et irr\u00e9guliers (forts), ainsi que l&rsquo;utilisation de verbes d&rsquo;accompagnement pour certains temps. La bonne nouvelle est que certains aspects de la conjugaison des verbes allemands sont plus simples que ceux de l&rsquo;anglais, comme le fait de ne pas utiliser \u00ab\u00a0do\u00a0\u00bb pour les questions ou les n\u00e9gations.<\/p>\n\n\n\n<p>Conseil : commencez par ma\u00eetriser la conjugaison des verbes r\u00e9guliers, puis attaquez-vous aux verbes irr\u00e9guliers les plus courants. Entra\u00eenez-vous \u00e0 utiliser des verbes d&rsquo;aide au pass\u00e9 et au futur, et vous serez bient\u00f4t en mesure de construire des phrases plus complexes.<\/p>\n\n\n\n<h3 class=\"wp-block-heading\" id=\"h-3-adjectives-show-your-agreement\">3. Adjectifs &#8211; Montrez votre accord !<\/h3>\n\n\n\n<p>Lorsque vous utilisez des adjectifs pour d\u00e9crire des noms en allemand, il est essentiel de comprendre l&rsquo;accord de l&rsquo;adjectif. Cela signifie que les adjectifs doivent s&rsquo;accorder avec le genre et le cas du nom. Dans certains cas, il faudra ajouter une terminaison \u00e0 l&rsquo;adjectif, en fonction de l&rsquo;article et du cas du nom.<\/p>\n\n\n\n<p>Conseil : utilisez votre tableau d&rsquo;articles pour vous aider \u00e0 vous souvenir des terminaisons correctes des adjectifs. Lorsque vous vous entra\u00eenez \u00e0 utiliser des adjectifs dans des phrases, notez mentalement les terminaisons et leur lien avec le genre et le cas du nom.<\/p>\n\n\n\n<h3 class=\"wp-block-heading\" id=\"h-4-word-order-embrace-the-flexibility\">4. Ordre des mots &#8211; Adoptez la flexibilit\u00e9 !<\/h3>\n\n\n\n<p>L&rsquo;une des nombreuses joies de la grammaire allemande est la souplesse de l&rsquo;ordre des mots. Contrairement \u00e0 l&rsquo;anglais, qui suit g\u00e9n\u00e9ralement un sch\u00e9ma strict sujet-verbe-objet, les phrases allemandes peuvent varier dans leur structure. La cl\u00e9 est de comprendre l&rsquo;importance de la position du verbe, qui vient g\u00e9n\u00e9ralement en deuxi\u00e8me position dans une clause principale et en derni\u00e8re position dans une clause subordonn\u00e9e.<\/p>\n\n\n\n<p>Conseil : pour vous familiariser avec les diff\u00e9rents types d&rsquo;ordre des mots, essayez de traduire des phrases anglaises simples en allemand, puis r\u00e9organisez la phrase tout en conservant le verbe \u00e0 sa place. Cela vous permettra d&rsquo;am\u00e9liorer votre capacit\u00e9 \u00e0 formuler des phrases nuanc\u00e9es et expressives en allemand.<\/p>\n\n\n\n<h3 class=\"wp-block-heading\" id=\"h-5-prepositions-think-in-german\">5. Pr\u00e9positions &#8211; Pensez en allemand !<\/h3>\n\n\n\n<p>La partie la plus d\u00e9licate de l&rsquo;apprentissage de la grammaire allemande est sans doute la ma\u00eetrise des pr\u00e9positions. Si les pr\u00e9positions existent en anglais et ont une fonction similaire, leur utilisation en allemand est diff\u00e9rente et vous oblige souvent \u00e0 \u00ab\u00a0penser en allemand\u00a0\u00bb pour choisir la bonne. Par exemple, la pr\u00e9position anglaise \u00ab\u00a0in\u00a0\u00bb peut se traduire par \u00ab\u00a0in\u00a0\u00bb, \u00ab\u00a0an\u00a0\u00bb ou \u00ab\u00a0auf\u00a0\u00bb en allemand, selon le contexte.<\/p>\n\n\n\n<p>Conseil : Cr\u00e9ez des flashcards avec les pr\u00e9positions les plus courantes et leurs \u00e9quivalents en anglais. Entra\u00eenez-vous \u00e0 les utiliser dans des phrases et concentrez-vous sur les contextes sp\u00e9cifiques dans lesquels chaque pr\u00e9position est utilis\u00e9e.<\/p>\n\n\n\n<h3 class=\"wp-block-heading\" id=\"h-conclusion\">Conclusion :<\/h3>\n\n\n\n<p>La grammaire allemande peut sembler intimidante au d\u00e9but, mais avec de la pratique, de la patience et en vous concentrant sur la compr\u00e9hension des r\u00e8gles et des mod\u00e8les sous-jacents, vous construirez bient\u00f4t des phrases sophistiqu\u00e9es avec facilit\u00e9. En comprenant les subtilit\u00e9s de la grammaire allemande, les anglophones pourront non seulement am\u00e9liorer leurs comp\u00e9tences linguistiques, mais aussi d\u00e9velopper une nouvelle appr\u00e9ciation de cette langue belle et complexe. Maintenant, auf geht&rsquo;s ! Il est temps de plonger dans le monde de la grammaire allemande et de lib\u00e9rer tout votre potentiel d&rsquo;apprentissage de la langue.<\/p>\n<\/div><\/div>\n\r\n<section class=\"learnNavigationSection\">\r\n            \r\n        <a href=\"https:\/\/talkpal.ai\/fr\/apprendre-lallemand\/\">\r\n            <div class=\"learnNavigationWrapper\">\r\n                <div class=\"learnNavigationContent\">\r\n                    <img decoding=\"async\" src=\"https:\/\/talkpal.ai\/wp-content\/uploads\/2024\/08\/German.jpg\" alt=\"German Flag\">\r\n                    <div>\r\n                        <h4>A propos de l&#039;apprentissage de l&#039;allemand<\/h4>\r\n                        <p>Tout savoir sur la grammaire allemande.<\/p>\r\n                    <\/div>\r\n                <\/div>\r\n            <\/div>\r\n        <\/a>\r\n\r\n        \r\n        <a href=\"https:\/\/talkpal.ai\/fr\/exercices-de-grammaire-allemande\/\">\r\n            <div class=\"learnNavigationWrapper\">\r\n                <div class=\"learnNavigationContent\">\r\n                    <img decoding=\"async\" src=\"https:\/\/talkpal.ai\/wp-content\/uploads\/2024\/08\/German.jpg\" alt=\"German Flag\">\r\n                    <div>\r\n                        <h4>Exercice de grammaire allemande<\/h4>\r\n                        <p>Pratiquez la grammaire allemande.<\/p>\r\n                    <\/div>\r\n                <\/div>\r\n            <\/div>\r\n        <\/a>\r\n\r\n        \r\n        <a href=\"https:\/\/talkpal.ai\/vocabulary_language\/german\/\">\r\n            <div class=\"learnNavigationWrapper\">\r\n                <div class=\"learnNavigationContent\">\r\n                    <img decoding=\"async\" src=\"https:\/\/talkpal.ai\/wp-content\/uploads\/2024\/08\/German.jpg\" alt=\"German Flag\">\r\n                    <div>\r\n                        <h4>Vocabulaire allemand<\/h4>\r\n                        <p>\u00c9largissez votre vocabulaire allemand.<\/p>\r\n                    <\/div>\r\n                <\/div>\r\n            <\/div>\r\n        <\/a>\r\n\r\n            <\/section>","protected":false},"excerpt":{"rendered":"<p>D\u00e9m\u00ealer l&rsquo;\u00e9cheveau de la grammaire allemande L&rsquo;apprentissage de l&rsquo;allemand peut \u00eatre une exp\u00e9rience passionnante et enrichissante. Non seulement vous pourrez parler avec plus de 130 millions de personnes dans le monde, mais vous aurez \u00e9galement acc\u00e8s \u00e0 une multitude de litt\u00e9rature, de musique et d&rsquo;histoire culturelle. Comme pour toute autre langue, la ma\u00eetrise de l&rsquo;allemand [&hellip;]<\/p>\n","protected":false},"author":1,"featured_media":663,"parent":0,"menu_order":0,"comment_status":"closed","ping_status":"closed","template":"LearningContentPage.php","meta":{"_acf_changed":false,"footnotes":""},"class_list":["post-2928","page","type-page","status-publish","has-post-thumbnail","hentry"],"acf":[],"yoast_head":"<!-- This site is optimized with the Yoast SEO Premium plugin v27.2 (Yoast SEO v27.2) - https:\/\/yoast.com\/product\/yoast-seo-premium-wordpress\/ -->\n<title>Grammaire allemande - Talkpal<\/title>\n<meta name=\"description\" content=\"Apprenez la grammaire allemande facilement - comprenez les r\u00e8gles essentielles, entra\u00eenez-vous \u00e0 construire des phrases et parlez clairement avec l&#039;aide guid\u00e9e par l&#039;IA de Talkpalavec l&#039;aide de l&#039;IA.\" \/>\n<meta name=\"robots\" content=\"index, follow, max-snippet:-1, max-image-preview:large, max-video-preview:-1\" \/>\n<link rel=\"canonical\" href=\"https:\/\/talkpal.ai\/fr\/grammaire-allemande\/\" \/>\n<meta property=\"og:locale\" content=\"fr_FR\" \/>\n<meta property=\"og:type\" content=\"article\" \/>\n<meta property=\"og:title\" content=\"Grammaire allemande\" \/>\n<meta property=\"og:description\" content=\"D\u00e9m\u00ealer l&#039;\u00e9cheveau de la grammaire allemande L&#039;apprentissage de l&#039;allemand peut \u00eatre une exp\u00e9rience passionnante et enrichissante. Non seulement vous\" \/>\n<meta property=\"og:url\" content=\"https:\/\/talkpal.ai\/fr\/grammaire-allemande\/\" \/>\n<meta property=\"og:site_name\" content=\"Talkpal\" \/>\n<meta property=\"article:publisher\" content=\"https:\/\/www.facebook.com\/profile.php?id=100090733639311\" \/>\n<meta property=\"article:modified_time\" content=\"2025-05-22T19:23:05+00:00\" \/>\n<meta property=\"og:image\" content=\"https:\/\/talkpal.ai\/wp-content\/uploads\/2023\/03\/germany.png\" \/>\n\t<meta property=\"og:image:width\" content=\"512\" \/>\n\t<meta property=\"og:image:height\" content=\"512\" \/>\n\t<meta property=\"og:image:type\" content=\"image\/png\" \/>\n<meta name=\"twitter:card\" content=\"summary_large_image\" \/>\n<meta name=\"twitter:site\" content=\"@talkpalai\" \/>\n<meta name=\"twitter:label1\" content=\"Dur\u00e9e de lecture estim\u00e9e\" \/>\n\t<meta name=\"twitter:data1\" content=\"4 minutes\" \/>\n<script type=\"application\/ld+json\" class=\"yoast-schema-graph\">{\"@context\":\"https:\/\/schema.org\",\"@graph\":[{\"@type\":\"WebPage\",\"@id\":\"https:\/\/talkpal.ai\/fr\/grammaire-allemande\/\",\"url\":\"https:\/\/talkpal.ai\/fr\/grammaire-allemande\/\",\"name\":\"Grammaire allemande - Talkpal\",\"isPartOf\":{\"@id\":\"https:\/\/talkpal.ai\/fr\/#website\"},\"primaryImageOfPage\":{\"@id\":\"https:\/\/talkpal.ai\/fr\/grammaire-allemande\/#primaryimage\"},\"image\":{\"@id\":\"https:\/\/talkpal.ai\/fr\/grammaire-allemande\/#primaryimage\"},\"thumbnailUrl\":\"https:\/\/talkpal.ai\/wp-content\/uploads\/2023\/03\/germany.png\",\"datePublished\":\"2023-03-26T11:40:15+00:00\",\"dateModified\":\"2025-05-22T19:23:05+00:00\",\"description\":\"Apprenez la grammaire allemande facilement - comprenez les r\u00e8gles essentielles, entra\u00eenez-vous \u00e0 construire des phrases et parlez clairement avec l'aide guid\u00e9e par l'IA de Talkpalavec l'aide de l'IA.\",\"breadcrumb\":{\"@id\":\"https:\/\/talkpal.ai\/fr\/grammaire-allemande\/#breadcrumb\"},\"inLanguage\":\"fr-FR\",\"potentialAction\":[{\"@type\":\"ReadAction\",\"target\":[\"https:\/\/talkpal.ai\/fr\/grammaire-allemande\/\"]}]},{\"@type\":\"ImageObject\",\"inLanguage\":\"fr-FR\",\"@id\":\"https:\/\/talkpal.ai\/fr\/grammaire-allemande\/#primaryimage\",\"url\":\"https:\/\/talkpal.ai\/wp-content\/uploads\/2023\/03\/germany.png\",\"contentUrl\":\"https:\/\/talkpal.ai\/wp-content\/uploads\/2023\/03\/germany.png\",\"width\":512,\"height\":512,\"caption\":\"TalkPal AI learn German\"},{\"@type\":\"BreadcrumbList\",\"@id\":\"https:\/\/talkpal.ai\/fr\/grammaire-allemande\/#breadcrumb\",\"itemListElement\":[{\"@type\":\"ListItem\",\"position\":1,\"name\":\"Homepage\",\"item\":\"https:\/\/talkpal.ai\/fr\/\"},{\"@type\":\"ListItem\",\"position\":2,\"name\":\"Grammaire allemande\"}]},{\"@type\":\"WebSite\",\"@id\":\"https:\/\/talkpal.ai\/fr\/#website\",\"url\":\"https:\/\/talkpal.ai\/fr\/\",\"name\":\"Talkpal\",\"description\":\"AI Language Learning\",\"publisher\":{\"@id\":\"https:\/\/talkpal.ai\/fr\/#organization\"},\"alternateName\":\"Talkpal AI\",\"potentialAction\":[{\"@type\":\"SearchAction\",\"target\":{\"@type\":\"EntryPoint\",\"urlTemplate\":\"https:\/\/talkpal.ai\/fr\/?s={search_term_string}\"},\"query-input\":{\"@type\":\"PropertyValueSpecification\",\"valueRequired\":true,\"valueName\":\"search_term_string\"}}],\"inLanguage\":\"fr-FR\"},{\"@type\":\"Organization\",\"@id\":\"https:\/\/talkpal.ai\/fr\/#organization\",\"name\":\"Talkpal, Inc.\",\"alternateName\":\"Talkpal AI\",\"url\":\"https:\/\/talkpal.ai\/fr\/\",\"logo\":{\"@type\":\"ImageObject\",\"inLanguage\":\"fr-FR\",\"@id\":\"https:\/\/talkpal.ai\/fr\/#\/schema\/logo\/image\/\",\"url\":\"https:\/\/talkpal.ai\/wp-content\/uploads\/2024\/03\/Talkpal-Logo-Icon.png\",\"contentUrl\":\"https:\/\/talkpal.ai\/wp-content\/uploads\/2024\/03\/Talkpal-Logo-Icon.png\",\"width\":2880,\"height\":2880,\"caption\":\"Talkpal, Inc.\"},\"image\":{\"@id\":\"https:\/\/talkpal.ai\/fr\/#\/schema\/logo\/image\/\"},\"sameAs\":[\"https:\/\/www.facebook.com\/profile.php?id=100090733639311\",\"https:\/\/x.com\/talkpalai\",\"https:\/\/www.linkedin.com\/company\/talkpal\/\",\"https:\/\/www.youtube.com\/@TalkPal\/\",\"https:\/\/www.tiktok.com\/@talkpal\",\"https:\/\/www.instagram.com\/talkpal_ai\/\",\"https:\/\/www.crunchbase.com\/organization\/talkpal-9cde\",\"https:\/\/www.g2.com\/products\/talkpal-for-business\/\",\"https:\/\/www.trustpilot.com\/review\/talkpal.ai\",\"https:\/\/www.capterra.com\/p\/10006800\/TalkPal\/\"],\"description\":\"Talkpal is a language learning web and mobile education app, powered by the latest AI technologies, that provides engaging experiences to its customers in many different languages to help them improve their language skills. Users can chat about unlimited amount of topics with the app and use other modes to practice their language learning.\",\"email\":\"support@talkpal.ai\",\"legalName\":\"Talkpal, Inc.\",\"foundingDate\":\"2023-04-03\",\"duns\":\"118989042\",\"numberOfEmployees\":{\"@type\":\"QuantitativeValue\",\"minValue\":\"11\",\"maxValue\":\"50\"},\"publishingPrinciples\":\"https:\/\/talkpal.ai\/publishing-principles\/\",\"actionableFeedbackPolicy\":\"https:\/\/talkpal.ai\/actionable-feedback-policy\/\",\"correctionsPolicy\":\"https:\/\/talkpal.ai\/corrections-policy\/\",\"ethicsPolicy\":\"https:\/\/talkpal.ai\/ethics-policy\/\",\"diversityPolicy\":\"https:\/\/talkpal.ai\/diversity-policy\/\",\"diversityStaffingReport\":\"https:\/\/talkpal.ai\/diversity-policy\/\"}]}<\/script>\n<!-- \/ Yoast SEO Premium plugin. -->","yoast_head_json":{"title":"Grammaire allemande - Talkpal","description":"Apprenez la grammaire allemande facilement - comprenez les r\u00e8gles essentielles, entra\u00eenez-vous \u00e0 construire des phrases et parlez clairement avec l'aide guid\u00e9e par l'IA de Talkpalavec l'aide de l'IA.","robots":{"index":"index","follow":"follow","max-snippet":"max-snippet:-1","max-image-preview":"max-image-preview:large","max-video-preview":"max-video-preview:-1"},"canonical":"https:\/\/talkpal.ai\/fr\/grammaire-allemande\/","og_locale":"fr_FR","og_type":"article","og_title":"Grammaire allemande","og_description":"D\u00e9m\u00ealer l'\u00e9cheveau de la grammaire allemande L'apprentissage de l'allemand peut \u00eatre une exp\u00e9rience passionnante et enrichissante. Non seulement vous","og_url":"https:\/\/talkpal.ai\/fr\/grammaire-allemande\/","og_site_name":"Talkpal","article_publisher":"https:\/\/www.facebook.com\/profile.php?id=100090733639311","article_modified_time":"2025-05-22T19:23:05+00:00","og_image":[{"width":512,"height":512,"url":"https:\/\/talkpal.ai\/wp-content\/uploads\/2023\/03\/germany.png","type":"image\/png"}],"twitter_card":"summary_large_image","twitter_site":"@talkpalai","twitter_misc":{"Dur\u00e9e de lecture estim\u00e9e":"4 minutes"},"schema":{"@context":"https:\/\/schema.org","@graph":[{"@type":"WebPage","@id":"https:\/\/talkpal.ai\/fr\/grammaire-allemande\/","url":"https:\/\/talkpal.ai\/fr\/grammaire-allemande\/","name":"Grammaire allemande - Talkpal","isPartOf":{"@id":"https:\/\/talkpal.ai\/fr\/#website"},"primaryImageOfPage":{"@id":"https:\/\/talkpal.ai\/fr\/grammaire-allemande\/#primaryimage"},"image":{"@id":"https:\/\/talkpal.ai\/fr\/grammaire-allemande\/#primaryimage"},"thumbnailUrl":"https:\/\/talkpal.ai\/wp-content\/uploads\/2023\/03\/germany.png","datePublished":"2023-03-26T11:40:15+00:00","dateModified":"2025-05-22T19:23:05+00:00","description":"Apprenez la grammaire allemande facilement - comprenez les r\u00e8gles essentielles, entra\u00eenez-vous \u00e0 construire des phrases et parlez clairement avec l'aide guid\u00e9e par l'IA de Talkpalavec l'aide de l'IA.","breadcrumb":{"@id":"https:\/\/talkpal.ai\/fr\/grammaire-allemande\/#breadcrumb"},"inLanguage":"fr-FR","potentialAction":[{"@type":"ReadAction","target":["https:\/\/talkpal.ai\/fr\/grammaire-allemande\/"]}]},{"@type":"ImageObject","inLanguage":"fr-FR","@id":"https:\/\/talkpal.ai\/fr\/grammaire-allemande\/#primaryimage","url":"https:\/\/talkpal.ai\/wp-content\/uploads\/2023\/03\/germany.png","contentUrl":"https:\/\/talkpal.ai\/wp-content\/uploads\/2023\/03\/germany.png","width":512,"height":512,"caption":"TalkPal AI learn German"},{"@type":"BreadcrumbList","@id":"https:\/\/talkpal.ai\/fr\/grammaire-allemande\/#breadcrumb","itemListElement":[{"@type":"ListItem","position":1,"name":"Homepage","item":"https:\/\/talkpal.ai\/fr\/"},{"@type":"ListItem","position":2,"name":"Grammaire allemande"}]},{"@type":"WebSite","@id":"https:\/\/talkpal.ai\/fr\/#website","url":"https:\/\/talkpal.ai\/fr\/","name":"Talkpal","description":"AI Language Learning","publisher":{"@id":"https:\/\/talkpal.ai\/fr\/#organization"},"alternateName":"Talkpal AI","potentialAction":[{"@type":"SearchAction","target":{"@type":"EntryPoint","urlTemplate":"https:\/\/talkpal.ai\/fr\/?s={search_term_string}"},"query-input":{"@type":"PropertyValueSpecification","valueRequired":true,"valueName":"search_term_string"}}],"inLanguage":"fr-FR"},{"@type":"Organization","@id":"https:\/\/talkpal.ai\/fr\/#organization","name":"Talkpal, Inc.","alternateName":"Talkpal AI","url":"https:\/\/talkpal.ai\/fr\/","logo":{"@type":"ImageObject","inLanguage":"fr-FR","@id":"https:\/\/talkpal.ai\/fr\/#\/schema\/logo\/image\/","url":"https:\/\/talkpal.ai\/wp-content\/uploads\/2024\/03\/Talkpal-Logo-Icon.png","contentUrl":"https:\/\/talkpal.ai\/wp-content\/uploads\/2024\/03\/Talkpal-Logo-Icon.png","width":2880,"height":2880,"caption":"Talkpal, Inc."},"image":{"@id":"https:\/\/talkpal.ai\/fr\/#\/schema\/logo\/image\/"},"sameAs":["https:\/\/www.facebook.com\/profile.php?id=100090733639311","https:\/\/x.com\/talkpalai","https:\/\/www.linkedin.com\/company\/talkpal\/","https:\/\/www.youtube.com\/@TalkPal\/","https:\/\/www.tiktok.com\/@talkpal","https:\/\/www.instagram.com\/talkpal_ai\/","https:\/\/www.crunchbase.com\/organization\/talkpal-9cde","https:\/\/www.g2.com\/products\/talkpal-for-business\/","https:\/\/www.trustpilot.com\/review\/talkpal.ai","https:\/\/www.capterra.com\/p\/10006800\/TalkPal\/"],"description":"Talkpal is a language learning web and mobile education app, powered by the latest AI technologies, that provides engaging experiences to its customers in many different languages to help them improve their language skills. Users can chat about unlimited amount of topics with the app and use other modes to practice their language learning.","email":"support@talkpal.ai","legalName":"Talkpal, Inc.","foundingDate":"2023-04-03","duns":"118989042","numberOfEmployees":{"@type":"QuantitativeValue","minValue":"11","maxValue":"50"},"publishingPrinciples":"https:\/\/talkpal.ai\/publishing-principles\/","actionableFeedbackPolicy":"https:\/\/talkpal.ai\/actionable-feedback-policy\/","correctionsPolicy":"https:\/\/talkpal.ai\/corrections-policy\/","ethicsPolicy":"https:\/\/talkpal.ai\/ethics-policy\/","diversityPolicy":"https:\/\/talkpal.ai\/diversity-policy\/","diversityStaffingReport":"https:\/\/talkpal.ai\/diversity-policy\/"}]}},"_links":{"self":[{"href":"https:\/\/talkpal.ai\/fr\/wp-json\/wp\/v2\/pages\/2928","targetHints":{"allow":["GET"]}}],"collection":[{"href":"https:\/\/talkpal.ai\/fr\/wp-json\/wp\/v2\/pages"}],"about":[{"href":"https:\/\/talkpal.ai\/fr\/wp-json\/wp\/v2\/types\/page"}],"author":[{"embeddable":true,"href":"https:\/\/talkpal.ai\/fr\/wp-json\/wp\/v2\/users\/1"}],"replies":[{"embeddable":true,"href":"https:\/\/talkpal.ai\/fr\/wp-json\/wp\/v2\/comments?post=2928"}],"version-history":[{"count":0,"href":"https:\/\/talkpal.ai\/fr\/wp-json\/wp\/v2\/pages\/2928\/revisions"}],"wp:featuredmedia":[{"embeddable":true,"href":"https:\/\/talkpal.ai\/fr\/wp-json\/wp\/v2\/media\/663"}],"wp:attachment":[{"href":"https:\/\/talkpal.ai\/fr\/wp-json\/wp\/v2\/media?parent=2928"}],"curies":[{"name":"wp","href":"https:\/\/api.w.org\/{rel}","templated":true}]}}