{"id":2926,"date":"2023-03-26T11:55:54","date_gmt":"2023-03-26T11:55:54","guid":{"rendered":"http:\/\/talkpal.ai\/grammaire-espagnole\/"},"modified":"2025-05-22T18:51:14","modified_gmt":"2025-05-22T18:51:14","slug":"grammaire-espagnole","status":"publish","type":"page","link":"https:\/\/talkpal.ai\/fr\/grammaire-espagnole\/","title":{"rendered":"Grammaire espagnole"},"content":{"rendered":"\r\n\r\n\r\n<section class=\"languageChallengeSection\">\r\n    <div class=\"languageInfoWrapper\">\r\n        \r\n        <h1>Grammaire espagnole<\/h1>\r\n        <p>Plongez dans le monde vibrant de l&#039;espagnol en ma\u00eetrisant ses r\u00e8gles de grammaire essentielles. La compr\u00e9hension de la <a href=\"https:\/\/talkpal.ai\/spanish-grammar\/\">grammaire espagnole<\/a> vous aidera \u00e0 communiquer en toute confiance et \u00e0 nouer de nouveaux liens avec des millions de locuteurs dans le monde entier. Commencez \u00e0 <a href=\"https:\/\/talkpal.ai\/fr\/grammaire\/\">apprendre la grammaire<\/a> espagnole d\u00e8s aujourd&#039;hui et faites le premier pas vers la ma\u00eetrise de la langue !<\/p>\r\n\r\n                            <a class=\"getStartedHidden\" href=\"https:\/\/app.talkpal.ai\/fr\/signup?lng=\">Commencer<\/a>\r\n        \r\n    <\/div>\r\n\r\n    <figure>\r\n    <img decoding=\"async\" width=\"768\" height=\"768\" src=\"https:\/\/talkpal.ai\/wp-content\/uploads\/2023\/06\/Spanish-768x768.png\" class=\"languageImage no-lazy\" alt=\"Default alt text\" fetchpriority=\"high\" sizes=\"(max-width: 768px) 150px, 768px\" srcset=\"https:\/\/talkpal.ai\/wp-content\/uploads\/2023\/06\/Spanish-768x768.png 768w, https:\/\/talkpal.ai\/wp-content\/uploads\/2023\/06\/Spanish-300x300.png 300w\" \/>\r\n    \r\n\r\n    <\/figure>\r\n\r\n            <a class=\"getStartedVisible\" href=\"https:\/\/app.talkpal.ai\/fr\/signup?lng=\">Commencer<\/a>\r\n    \r\n<\/section>\r\n        <section class=\"grammarSection\">\r\n            <div class=\"grammarLinks\">\r\n                <a href=\"https:\/\/talkpal.ai\/fr\/language\/adjectifs-fr-3\/\">Adjectifs <\/a><a href=\"https:\/\/talkpal.ai\/fr\/language\/adverbes-fr-3\/\">Adverbes <\/a><a href=\"https:\/\/talkpal.ai\/fr\/language\/article\/\">Articles <\/a><a href=\"https:\/\/talkpal.ai\/fr\/language\/noms-fr-2\/\">Noms <\/a><a href=\"https:\/\/talkpal.ai\/fr\/language\/prepositions-fr-4\/\">Pr\u00e9positions <\/a><a href=\"https:\/\/talkpal.ai\/fr\/language\/determinants-et-pronoms-fr-3\/\">Pronoms <\/a><a href=\"https:\/\/talkpal.ai\/fr\/language\/structure-de-la-phrase-fr-3\/\">Structure de phrase <\/a><a href=\"https:\/\/talkpal.ai\/fr\/language\/lindicatif\/\">Temps indicatifs <\/a><a href=\"https:\/\/talkpal.ai\/fr\/language\/temps-du-subjonctif\/\">Temps subjonctif <\/a><a href=\"https:\/\/talkpal.ai\/fr\/language\/verbes-fr-3\/\">Verbes <\/a>            <\/div>\r\n        <\/section>\r\n    <section class=\"promotionalBanner\">\r\n    <p class=\"promotionalText\"><\/p>\r\n    <a class=\"promotionalLink\" href=\"https:\/\/app.talkpal.ai\/fr\/signup?lng=\"><\/a>\r\n<\/section>\n<div class=\"wp-block-group pageContainerStyle\"><div class=\"wp-block-group__inner-container is-layout-constrained wp-block-group-is-layout-constrained\">\n<h2 class=\"wp-block-heading\" id=\"h-a-quick-guide-to-learning-spanish-grammar\">Un guide rapide pour apprendre la grammaire espagnole<\/h2>\n\n\n\n<p>Si vous avez d\u00e9j\u00e0 song\u00e9 \u00e0 <a href=\"https:\/\/talkpal.ai\/the-best-way-to-start-speaking-a-new-language\/\">apprendre une nouvelle langue<\/a>, il y a de fortes chances que l&rsquo;espagnol vous ait travers\u00e9 l&rsquo;esprit. L&rsquo;espagnol, l&rsquo;une des <a href=\"https:\/\/talkpal.ai\/the-10-most-spoken-languages-in-the-world\/\">langues les plus parl\u00e9es<\/a> dans le monde, offre de nombreux avantages pour le d\u00e9veloppement personnel et professionnel. L&rsquo;apprentissage de l&rsquo;espagnol vous permettra non seulement d&rsquo;acc\u00e9der \u00e0 de nouvelles cultures, mais aussi d&rsquo;am\u00e9liorer vos comp\u00e9tences en mati\u00e8re de communication. Bien que de nombreuses personnes soient effray\u00e9es \u00e0 l&rsquo;id\u00e9e de se perdre dans les r\u00e8gles de grammaire, vous pouvez pousser un soupir de soulagement, car la grammaire espagnole est relativement simple. Dans cet article, nous vous proposons un guide rapide pour vous aider \u00e0 naviguer dans le monde passionnant de la grammaire espagnole comme un pro !<\/p>\n\n\n\n<h3 class=\"wp-block-heading\" id=\"h-1-understanding-spanish-nouns-and-articles\">1. Comprendre les noms et les articles espagnols<\/h3>\n\n\n\n<p>Les noms espagnols, comme en <a href=\"https:\/\/talkpal.ai\/learn-english-with-ai\/\">anglais<\/a>, sont utilis\u00e9s pour identifier des personnes, des lieux, des objets, des id\u00e9es et des sentiments. La premi\u00e8re r\u00e8gle \u00e0 retenir concernant les noms espagnols est qu&rsquo;ils ont un genre. Les noms espagnols sont soit masculins, soit f\u00e9minins. Par exemple, \u00ab\u00a0libro\u00a0\u00bb (livre) est masculin et \u00ab\u00a0casa\u00a0\u00bb (maison) est f\u00e9minin. Souvent, les noms se terminant par \u00ab\u00a0o\u00a0\u00bb sont masculins, tandis que ceux se terminant par \u00ab\u00a0a\u00a0\u00bb sont f\u00e9minins.<\/p>\n\n\n\n<p>Les articles espagnols sont similaires aux articles anglais \u00ab\u00a0the\u00a0\u00bb, \u00ab\u00a0a\u00a0\u00bb ou \u00ab\u00a0an\u00a0\u00bb. Ils constituent un \u00e9l\u00e9ment essentiel de la langue car ils doivent s&rsquo;accorder en genre et en nombre avec le nom qu&rsquo;ils d\u00e9crivent. Il existe quatre types d&rsquo;articles en <a href=\"https:\/\/talkpal.ai\/learn-spanish\/\">espagnol<\/a> :<\/p>\n\n\n\n<p>&#8211; <strong>Articles d\u00e9finis :<\/strong> el (masculin singulier), la (f\u00e9minin singulier), los (masculin pluriel) et las (f\u00e9minin pluriel).<br\/>&#8211; <strong>Articles ind\u00e9finis :<\/strong> un (un\/un masculin singulier), una (un\/un f\u00e9minin singulier), unos (certains masculins pluriels) et unas (certains f\u00e9minins pluriels).<\/p>\n\n\n\n<h3 class=\"wp-block-heading\" id=\"h-2-slaying-spanish-verbs-conjugation-and-tenses\">2. Les verbes espagnols assassins : Conjugaison et temps<\/h3>\n\n\n\n<p>L&rsquo;un des aspects les plus importants de l&rsquo;apprentissage de la grammaire espagnole est la compr\u00e9hension de la conjugaison des verbes. La conjugaison consiste simplement \u00e0 modifier la racine du verbe pour l&rsquo;adapter \u00e0 son sujet et \u00e0 son temps. Par exemple, en espagnol, vous dites \u00ab\u00a0Yo como\u00a0\u00bb (je mange) et \u00ab\u00a0\u00e9l come\u00a0\u00bb (il mange). Remarquez que le verbe comer (manger) change de forme lorsque vous changez de sujet.<\/p>\n\n\n\n<p><strong>Les verbes r\u00e9guliers les plus courants en espagnol sont les suivants<\/strong><\/p>\n\n\n\n<p>&#8211; Verbes AR : hablar (parler), amar (aimer) et bailar (danser).<br\/>&#8211; Verbes ER : comer (manger), aprender (apprendre) et vender (vendre).<br\/>&#8211; Verbes IR : vivir (vivre), escribir (\u00e9crire) et descubrir (d\u00e9couvrir).<\/p>\n\n\n\n<p>Tout comme en anglais, l&rsquo;espagnol dispose de plusieurs temps de verbe pour indiquer le moment o\u00f9 une action se produit. Les plus fondamentales sont les suivantes :<\/p>\n\n\n\n<p><strong>&#8211; Pr\u00e9sent<\/strong><br\/><strong>&#8211; Pr\u00e9t\u00e9rit<\/strong><br\/><strong>&#8211; Imparfait<\/strong><br\/><strong>&#8211; L&rsquo;avenir<\/strong><br\/><strong>&#8211; Conditionnel<\/strong><br\/><strong>&#8211; Subjonctif pr\u00e9sent<\/strong><br\/><strong>&#8211; Subjonctif imparfait<\/strong><\/p>\n\n\n\n<p>Ne vous souciez pas d&rsquo;apprendre tous les temps de verbe en m\u00eame temps. Abordez-les un par un et entra\u00eenez-vous jusqu&rsquo;\u00e0 ce que vous vous sentiez \u00e0 l&rsquo;aise en les utilisant.<\/p>\n\n\n\n<h3 class=\"wp-block-heading\" id=\"h-3-creating-sentences-with-spanish-adjectives-and-adverbs\">3. Cr\u00e9er des phrases avec des adjectifs et des adverbes espagnols<\/h3>\n\n\n\n<p>Les adjectifs et les adverbes jouent un r\u00f4le essentiel pour pimenter vos phrases en espagnol. Les adjectifs d\u00e9crivent les qualit\u00e9s ou les caract\u00e9ristiques des noms, tandis que les adverbes d\u00e9crivent les actions ou les verbes. En espagnol, les adjectifs doivent s&rsquo;accorder avec le nom qu&rsquo;ils d\u00e9crivent, en genre et en nombre.<\/p>\n\n\n\n<p>L&rsquo;une des principales diff\u00e9rences entre l&rsquo;espagnol et l&rsquo;anglais est l&rsquo;ordre des adjectifs. Les adjectifs espagnols viennent g\u00e9n\u00e9ralement apr\u00e8s le nom, par exemple \u00ab\u00a0un coche rojo\u00a0\u00bb (une voiture rouge).<\/p>\n\n\n\n<p>Les adverbes espagnols, quant \u00e0 eux, ne changent jamais en fonction du genre ou du nombre. Comme en anglais, les adverbes se placent g\u00e9n\u00e9ralement apr\u00e8s le verbe qu&rsquo;ils modifient, par exemple \u00ab\u00a0Ella habla r\u00e1pidamente\u00a0\u00bb (Elle parle vite).<\/p>\n\n\n\n<h3 class=\"wp-block-heading\" id=\"h-conclusion\">Conclusion<\/h3>\n\n\n\n<p>La grammaire espagnole ne doit pas vous effrayer ! Il est vrai que cela demande de la pratique, mais en suivant ces quelques conseils simples, vous serez sur la bonne voie pour devenir un locuteur espagnol exceptionnel. N&rsquo;oubliez pas d&rsquo;aborder la langue de mani\u00e8re ludique et conversationnelle, en explorant les noms, les verbes, les adjectifs et les adverbes. Continuez \u00e0 vous entra\u00eener, adoptez la culture et laissez votre voyage en Espagne se d\u00e9rouler. \u00a1Buena suerte !<\/p>\n<\/div><\/div>\n\r\n<section class=\"learnNavigationSection\">\r\n            \r\n        <a href=\"https:\/\/talkpal.ai\/fr\/apprendre-lespagnol\/\">\r\n            <div class=\"learnNavigationWrapper\">\r\n                <div class=\"learnNavigationContent\">\r\n                    <img decoding=\"async\" src=\"https:\/\/talkpal.ai\/wp-content\/uploads\/2024\/08\/Spanish.jpg\" alt=\"Spanish Flag\">\r\n                    <div>\r\n                        <h4>A propos de l&#039;apprentissage de l&#039;espagnol<\/h4>\r\n                        <p>Tout savoir sur la grammaire espagnole.<\/p>\r\n                    <\/div>\r\n                <\/div>\r\n            <\/div>\r\n        <\/a>\r\n\r\n        \r\n        <a href=\"https:\/\/talkpal.ai\/fr\/exercices-de-grammaire-espagnole\/\">\r\n            <div class=\"learnNavigationWrapper\">\r\n                <div class=\"learnNavigationContent\">\r\n                    <img decoding=\"async\" src=\"https:\/\/talkpal.ai\/wp-content\/uploads\/2024\/08\/Spanish.jpg\" alt=\"Spanish Flag\">\r\n                    <div>\r\n                        <h4>Exercice de grammaire espagnole<\/h4>\r\n                        <p>Pratiquez la grammaire espagnole.<\/p>\r\n                    <\/div>\r\n                <\/div>\r\n            <\/div>\r\n        <\/a>\r\n\r\n        \r\n        <a href=\"https:\/\/talkpal.ai\/vocabulary_language\/spanish\/\">\r\n            <div class=\"learnNavigationWrapper\">\r\n                <div class=\"learnNavigationContent\">\r\n                    <img decoding=\"async\" src=\"https:\/\/talkpal.ai\/wp-content\/uploads\/2024\/08\/Spanish.jpg\" alt=\"Spanish Flag\">\r\n                    <div>\r\n                        <h4>Vocabulaire espagnol<\/h4>\r\n                        <p>\u00c9largissez votre vocabulaire espagnol.<\/p>\r\n                    <\/div>\r\n                <\/div>\r\n            <\/div>\r\n        <\/a>\r\n\r\n            <\/section>","protected":false},"excerpt":{"rendered":"<p>Un guide rapide pour apprendre la grammaire espagnole Si vous avez d\u00e9j\u00e0 song\u00e9 \u00e0 apprendre une nouvelle langue, il y a de fortes chances que l&rsquo;espagnol vous ait travers\u00e9 l&rsquo;esprit. L&rsquo;espagnol, l&rsquo;une des langues les plus parl\u00e9es dans le monde, offre de nombreux avantages pour le d\u00e9veloppement personnel et professionnel. L&rsquo;apprentissage de l&rsquo;espagnol vous permettra [&hellip;]<\/p>\n","protected":false},"author":1,"featured_media":669,"parent":0,"menu_order":0,"comment_status":"closed","ping_status":"closed","template":"LearningContentPage.php","meta":{"_acf_changed":false,"footnotes":""},"class_list":["post-2926","page","type-page","status-publish","has-post-thumbnail","hentry"],"acf":[],"yoast_head":"<!-- This site is optimized with the Yoast SEO Premium plugin v27.2 (Yoast SEO v27.2) - https:\/\/yoast.com\/product\/yoast-seo-premium-wordpress\/ -->\n<title>Grammaire espagnole - Talkpal<\/title>\n<meta name=\"description\" content=\"Am\u00e9liorez vos comp\u00e9tences en grammaire espagnole gr\u00e2ce \u00e0 des exercices interactifs con\u00e7us pour tous les niveaux de comp\u00e9tence. Pratiquez l&#039;espagnol de mani\u00e8re efficace !\" \/>\n<meta name=\"robots\" content=\"index, follow, max-snippet:-1, max-image-preview:large, max-video-preview:-1\" \/>\n<link rel=\"canonical\" href=\"https:\/\/talkpal.ai\/fr\/grammaire-espagnole\/\" \/>\n<meta property=\"og:locale\" content=\"fr_FR\" \/>\n<meta property=\"og:type\" content=\"article\" \/>\n<meta property=\"og:title\" content=\"Grammaire espagnole\" \/>\n<meta property=\"og:description\" content=\"Un guide rapide pour apprendre la grammaire espagnole Si vous avez d\u00e9j\u00e0 song\u00e9 \u00e0 apprendre une nouvelle langue, il y a de fortes chances que l&#039;espagnol\" \/>\n<meta property=\"og:url\" content=\"https:\/\/talkpal.ai\/fr\/grammaire-espagnole\/\" \/>\n<meta property=\"og:site_name\" content=\"Talkpal\" \/>\n<meta property=\"article:publisher\" content=\"https:\/\/www.facebook.com\/profile.php?id=100090733639311\" \/>\n<meta property=\"article:modified_time\" content=\"2025-05-22T18:51:14+00:00\" \/>\n<meta property=\"og:image\" content=\"https:\/\/talkpal.ai\/wp-content\/uploads\/2023\/03\/spain.png\" \/>\n\t<meta property=\"og:image:width\" content=\"512\" \/>\n\t<meta property=\"og:image:height\" content=\"512\" \/>\n\t<meta property=\"og:image:type\" content=\"image\/png\" \/>\n<meta name=\"twitter:card\" content=\"summary_large_image\" \/>\n<meta name=\"twitter:site\" content=\"@talkpalai\" \/>\n<meta name=\"twitter:label1\" content=\"Dur\u00e9e de lecture estim\u00e9e\" \/>\n\t<meta name=\"twitter:data1\" content=\"4 minutes\" \/>\n<script type=\"application\/ld+json\" class=\"yoast-schema-graph\">{\"@context\":\"https:\/\/schema.org\",\"@graph\":[{\"@type\":\"WebPage\",\"@id\":\"https:\/\/talkpal.ai\/fr\/grammaire-espagnole\/\",\"url\":\"https:\/\/talkpal.ai\/fr\/grammaire-espagnole\/\",\"name\":\"Grammaire espagnole - Talkpal\",\"isPartOf\":{\"@id\":\"https:\/\/talkpal.ai\/fr\/#website\"},\"primaryImageOfPage\":{\"@id\":\"https:\/\/talkpal.ai\/fr\/grammaire-espagnole\/#primaryimage\"},\"image\":{\"@id\":\"https:\/\/talkpal.ai\/fr\/grammaire-espagnole\/#primaryimage\"},\"thumbnailUrl\":\"https:\/\/talkpal.ai\/wp-content\/uploads\/2023\/03\/spain.png\",\"datePublished\":\"2023-03-26T11:55:54+00:00\",\"dateModified\":\"2025-05-22T18:51:14+00:00\",\"description\":\"Am\u00e9liorez vos comp\u00e9tences en grammaire espagnole gr\u00e2ce \u00e0 des exercices interactifs con\u00e7us pour tous les niveaux de comp\u00e9tence. Pratiquez l'espagnol de mani\u00e8re efficace !\",\"breadcrumb\":{\"@id\":\"https:\/\/talkpal.ai\/fr\/grammaire-espagnole\/#breadcrumb\"},\"inLanguage\":\"fr-FR\",\"potentialAction\":[{\"@type\":\"ReadAction\",\"target\":[\"https:\/\/talkpal.ai\/fr\/grammaire-espagnole\/\"]}]},{\"@type\":\"ImageObject\",\"inLanguage\":\"fr-FR\",\"@id\":\"https:\/\/talkpal.ai\/fr\/grammaire-espagnole\/#primaryimage\",\"url\":\"https:\/\/talkpal.ai\/wp-content\/uploads\/2023\/03\/spain.png\",\"contentUrl\":\"https:\/\/talkpal.ai\/wp-content\/uploads\/2023\/03\/spain.png\",\"width\":512,\"height\":512,\"caption\":\"TalkPal AI learn Spanish\"},{\"@type\":\"BreadcrumbList\",\"@id\":\"https:\/\/talkpal.ai\/fr\/grammaire-espagnole\/#breadcrumb\",\"itemListElement\":[{\"@type\":\"ListItem\",\"position\":1,\"name\":\"Homepage\",\"item\":\"https:\/\/talkpal.ai\/fr\/\"},{\"@type\":\"ListItem\",\"position\":2,\"name\":\"Grammaire espagnole\"}]},{\"@type\":\"WebSite\",\"@id\":\"https:\/\/talkpal.ai\/fr\/#website\",\"url\":\"https:\/\/talkpal.ai\/fr\/\",\"name\":\"Talkpal\",\"description\":\"AI Language Learning\",\"publisher\":{\"@id\":\"https:\/\/talkpal.ai\/fr\/#organization\"},\"alternateName\":\"Talkpal AI\",\"potentialAction\":[{\"@type\":\"SearchAction\",\"target\":{\"@type\":\"EntryPoint\",\"urlTemplate\":\"https:\/\/talkpal.ai\/fr\/?s={search_term_string}\"},\"query-input\":{\"@type\":\"PropertyValueSpecification\",\"valueRequired\":true,\"valueName\":\"search_term_string\"}}],\"inLanguage\":\"fr-FR\"},{\"@type\":\"Organization\",\"@id\":\"https:\/\/talkpal.ai\/fr\/#organization\",\"name\":\"Talkpal, Inc.\",\"alternateName\":\"Talkpal AI\",\"url\":\"https:\/\/talkpal.ai\/fr\/\",\"logo\":{\"@type\":\"ImageObject\",\"inLanguage\":\"fr-FR\",\"@id\":\"https:\/\/talkpal.ai\/fr\/#\/schema\/logo\/image\/\",\"url\":\"https:\/\/talkpal.ai\/wp-content\/uploads\/2024\/03\/Talkpal-Logo-Icon.png\",\"contentUrl\":\"https:\/\/talkpal.ai\/wp-content\/uploads\/2024\/03\/Talkpal-Logo-Icon.png\",\"width\":2880,\"height\":2880,\"caption\":\"Talkpal, Inc.\"},\"image\":{\"@id\":\"https:\/\/talkpal.ai\/fr\/#\/schema\/logo\/image\/\"},\"sameAs\":[\"https:\/\/www.facebook.com\/profile.php?id=100090733639311\",\"https:\/\/x.com\/talkpalai\",\"https:\/\/www.linkedin.com\/company\/talkpal\/\",\"https:\/\/www.youtube.com\/@TalkPal\/\",\"https:\/\/www.tiktok.com\/@talkpal\",\"https:\/\/www.instagram.com\/talkpal_ai\/\",\"https:\/\/www.crunchbase.com\/organization\/talkpal-9cde\",\"https:\/\/www.g2.com\/products\/talkpal-for-business\/\",\"https:\/\/www.trustpilot.com\/review\/talkpal.ai\",\"https:\/\/www.capterra.com\/p\/10006800\/TalkPal\/\"],\"description\":\"Talkpal is a language learning web and mobile education app, powered by the latest AI technologies, that provides engaging experiences to its customers in many different languages to help them improve their language skills. Users can chat about unlimited amount of topics with the app and use other modes to practice their language learning.\",\"email\":\"support@talkpal.ai\",\"legalName\":\"Talkpal, Inc.\",\"foundingDate\":\"2023-04-03\",\"duns\":\"118989042\",\"numberOfEmployees\":{\"@type\":\"QuantitativeValue\",\"minValue\":\"11\",\"maxValue\":\"50\"},\"publishingPrinciples\":\"https:\/\/talkpal.ai\/publishing-principles\/\",\"actionableFeedbackPolicy\":\"https:\/\/talkpal.ai\/actionable-feedback-policy\/\",\"correctionsPolicy\":\"https:\/\/talkpal.ai\/corrections-policy\/\",\"ethicsPolicy\":\"https:\/\/talkpal.ai\/ethics-policy\/\",\"diversityPolicy\":\"https:\/\/talkpal.ai\/diversity-policy\/\",\"diversityStaffingReport\":\"https:\/\/talkpal.ai\/diversity-policy\/\"}]}<\/script>\n<!-- \/ Yoast SEO Premium plugin. -->","yoast_head_json":{"title":"Grammaire espagnole - Talkpal","description":"Am\u00e9liorez vos comp\u00e9tences en grammaire espagnole gr\u00e2ce \u00e0 des exercices interactifs con\u00e7us pour tous les niveaux de comp\u00e9tence. Pratiquez l'espagnol de mani\u00e8re efficace !","robots":{"index":"index","follow":"follow","max-snippet":"max-snippet:-1","max-image-preview":"max-image-preview:large","max-video-preview":"max-video-preview:-1"},"canonical":"https:\/\/talkpal.ai\/fr\/grammaire-espagnole\/","og_locale":"fr_FR","og_type":"article","og_title":"Grammaire espagnole","og_description":"Un guide rapide pour apprendre la grammaire espagnole Si vous avez d\u00e9j\u00e0 song\u00e9 \u00e0 apprendre une nouvelle langue, il y a de fortes chances que l'espagnol","og_url":"https:\/\/talkpal.ai\/fr\/grammaire-espagnole\/","og_site_name":"Talkpal","article_publisher":"https:\/\/www.facebook.com\/profile.php?id=100090733639311","article_modified_time":"2025-05-22T18:51:14+00:00","og_image":[{"width":512,"height":512,"url":"https:\/\/talkpal.ai\/wp-content\/uploads\/2023\/03\/spain.png","type":"image\/png"}],"twitter_card":"summary_large_image","twitter_site":"@talkpalai","twitter_misc":{"Dur\u00e9e de lecture estim\u00e9e":"4 minutes"},"schema":{"@context":"https:\/\/schema.org","@graph":[{"@type":"WebPage","@id":"https:\/\/talkpal.ai\/fr\/grammaire-espagnole\/","url":"https:\/\/talkpal.ai\/fr\/grammaire-espagnole\/","name":"Grammaire espagnole - Talkpal","isPartOf":{"@id":"https:\/\/talkpal.ai\/fr\/#website"},"primaryImageOfPage":{"@id":"https:\/\/talkpal.ai\/fr\/grammaire-espagnole\/#primaryimage"},"image":{"@id":"https:\/\/talkpal.ai\/fr\/grammaire-espagnole\/#primaryimage"},"thumbnailUrl":"https:\/\/talkpal.ai\/wp-content\/uploads\/2023\/03\/spain.png","datePublished":"2023-03-26T11:55:54+00:00","dateModified":"2025-05-22T18:51:14+00:00","description":"Am\u00e9liorez vos comp\u00e9tences en grammaire espagnole gr\u00e2ce \u00e0 des exercices interactifs con\u00e7us pour tous les niveaux de comp\u00e9tence. Pratiquez l'espagnol de mani\u00e8re efficace !","breadcrumb":{"@id":"https:\/\/talkpal.ai\/fr\/grammaire-espagnole\/#breadcrumb"},"inLanguage":"fr-FR","potentialAction":[{"@type":"ReadAction","target":["https:\/\/talkpal.ai\/fr\/grammaire-espagnole\/"]}]},{"@type":"ImageObject","inLanguage":"fr-FR","@id":"https:\/\/talkpal.ai\/fr\/grammaire-espagnole\/#primaryimage","url":"https:\/\/talkpal.ai\/wp-content\/uploads\/2023\/03\/spain.png","contentUrl":"https:\/\/talkpal.ai\/wp-content\/uploads\/2023\/03\/spain.png","width":512,"height":512,"caption":"TalkPal AI learn Spanish"},{"@type":"BreadcrumbList","@id":"https:\/\/talkpal.ai\/fr\/grammaire-espagnole\/#breadcrumb","itemListElement":[{"@type":"ListItem","position":1,"name":"Homepage","item":"https:\/\/talkpal.ai\/fr\/"},{"@type":"ListItem","position":2,"name":"Grammaire espagnole"}]},{"@type":"WebSite","@id":"https:\/\/talkpal.ai\/fr\/#website","url":"https:\/\/talkpal.ai\/fr\/","name":"Talkpal","description":"AI Language Learning","publisher":{"@id":"https:\/\/talkpal.ai\/fr\/#organization"},"alternateName":"Talkpal AI","potentialAction":[{"@type":"SearchAction","target":{"@type":"EntryPoint","urlTemplate":"https:\/\/talkpal.ai\/fr\/?s={search_term_string}"},"query-input":{"@type":"PropertyValueSpecification","valueRequired":true,"valueName":"search_term_string"}}],"inLanguage":"fr-FR"},{"@type":"Organization","@id":"https:\/\/talkpal.ai\/fr\/#organization","name":"Talkpal, Inc.","alternateName":"Talkpal AI","url":"https:\/\/talkpal.ai\/fr\/","logo":{"@type":"ImageObject","inLanguage":"fr-FR","@id":"https:\/\/talkpal.ai\/fr\/#\/schema\/logo\/image\/","url":"https:\/\/talkpal.ai\/wp-content\/uploads\/2024\/03\/Talkpal-Logo-Icon.png","contentUrl":"https:\/\/talkpal.ai\/wp-content\/uploads\/2024\/03\/Talkpal-Logo-Icon.png","width":2880,"height":2880,"caption":"Talkpal, Inc."},"image":{"@id":"https:\/\/talkpal.ai\/fr\/#\/schema\/logo\/image\/"},"sameAs":["https:\/\/www.facebook.com\/profile.php?id=100090733639311","https:\/\/x.com\/talkpalai","https:\/\/www.linkedin.com\/company\/talkpal\/","https:\/\/www.youtube.com\/@TalkPal\/","https:\/\/www.tiktok.com\/@talkpal","https:\/\/www.instagram.com\/talkpal_ai\/","https:\/\/www.crunchbase.com\/organization\/talkpal-9cde","https:\/\/www.g2.com\/products\/talkpal-for-business\/","https:\/\/www.trustpilot.com\/review\/talkpal.ai","https:\/\/www.capterra.com\/p\/10006800\/TalkPal\/"],"description":"Talkpal is a language learning web and mobile education app, powered by the latest AI technologies, that provides engaging experiences to its customers in many different languages to help them improve their language skills. Users can chat about unlimited amount of topics with the app and use other modes to practice their language learning.","email":"support@talkpal.ai","legalName":"Talkpal, Inc.","foundingDate":"2023-04-03","duns":"118989042","numberOfEmployees":{"@type":"QuantitativeValue","minValue":"11","maxValue":"50"},"publishingPrinciples":"https:\/\/talkpal.ai\/publishing-principles\/","actionableFeedbackPolicy":"https:\/\/talkpal.ai\/actionable-feedback-policy\/","correctionsPolicy":"https:\/\/talkpal.ai\/corrections-policy\/","ethicsPolicy":"https:\/\/talkpal.ai\/ethics-policy\/","diversityPolicy":"https:\/\/talkpal.ai\/diversity-policy\/","diversityStaffingReport":"https:\/\/talkpal.ai\/diversity-policy\/"}]}},"_links":{"self":[{"href":"https:\/\/talkpal.ai\/fr\/wp-json\/wp\/v2\/pages\/2926","targetHints":{"allow":["GET"]}}],"collection":[{"href":"https:\/\/talkpal.ai\/fr\/wp-json\/wp\/v2\/pages"}],"about":[{"href":"https:\/\/talkpal.ai\/fr\/wp-json\/wp\/v2\/types\/page"}],"author":[{"embeddable":true,"href":"https:\/\/talkpal.ai\/fr\/wp-json\/wp\/v2\/users\/1"}],"replies":[{"embeddable":true,"href":"https:\/\/talkpal.ai\/fr\/wp-json\/wp\/v2\/comments?post=2926"}],"version-history":[{"count":0,"href":"https:\/\/talkpal.ai\/fr\/wp-json\/wp\/v2\/pages\/2926\/revisions"}],"wp:featuredmedia":[{"embeddable":true,"href":"https:\/\/talkpal.ai\/fr\/wp-json\/wp\/v2\/media\/669"}],"wp:attachment":[{"href":"https:\/\/talkpal.ai\/fr\/wp-json\/wp\/v2\/media?parent=2926"}],"curies":[{"name":"wp","href":"https:\/\/api.w.org\/{rel}","templated":true}]}}