{"id":240655,"date":"2024-05-03T08:40:47","date_gmt":"2024-05-03T08:40:47","guid":{"rendered":"https:\/\/talkpal.ai\/pratiquer-lexpression-orale-en-espagnol\/"},"modified":"2025-12-24T13:21:11","modified_gmt":"2025-12-24T13:21:11","slug":"pratiquer-lexpression-orale-en-espagnol","status":"publish","type":"page","link":"https:\/\/talkpal.ai\/fr\/pratiquer-lexpression-orale-en-espagnol\/","title":{"rendered":"Pratiquer l&rsquo;expression orale en espagnol"},"content":{"rendered":"<p>La ma\u00eetrise d&rsquo;une <a href=\"https:\/\/talkpal.ai\/fr\/la-meilleure-facon-de-commencer-a-parler-une-nouvelle-langue\/\">nouvelle langue<\/a> comme l&rsquo;espagnol ne se limite pas \u00e0 la compr\u00e9hension de la grammaire et du vocabulaire ; elle n\u00e9cessite une pratique active et engageante, en particulier \u00e0 l&rsquo;oral. De nombreux apprenants estiment que l&rsquo;expression orale est l&rsquo;aspect le plus difficile de l&rsquo;apprentissage de l&rsquo;espagnol en raison des possibilit\u00e9s limit\u00e9es de s&rsquo;exercer avec des locuteurs natifs ou d&rsquo;autres apprenants. Cependant, des outils innovants comme <a href=\"https:\/\/talkpal.ai\/lt\/talkpal-verslui\/\">Talkpal AI<\/a> transforment la fa\u00e7on dont les apprenants pratiquent l\u2019espagnol, en la rendant plus accessible, interactive et amusante. Que vous soyez un d\u00e9butant cherchant \u00e0 gagner en confiance ou un locuteur avanc\u00e9 visant la fluidit\u00e9, il est essentiel de s&rsquo;entra\u00eener \u00e0 parler. Nous examinons ici dix moyens efficaces d&rsquo;am\u00e9liorer vos comp\u00e9tences en <a href=\"https:\/\/talkpal.ai\/learn-spanish\/\">espagnol<\/a>.<\/p>\n<p><a role=\"button\"><br \/>\nessayer talkpal<br \/>\n<\/a><\/p>\n<h2>Ma\u00eetriser l&rsquo;expression orale en espagnol : Strat\u00e9gies efficaces pour les apprenants de langues<\/h2>\n<h3>1. Pratiquer r\u00e9guli\u00e8rement la conversation<\/h3>\n<p>Pour am\u00e9liorer votre <a href=\"https:\/\/talkpal.ai\/fr\/boostez-votre-confiance-7-astuces-pour-ameliorer-son-expression-orale-rapidement\/\">expression orale<\/a> en espagnol, il est indispensable de pratiquer r\u00e9guli\u00e8rement la conversation. Le fait d&rsquo;\u00e9changer r\u00e9guli\u00e8rement avec des locuteurs natifs ou d&rsquo;autres apprenants vous aide \u00e0 d\u00e9velopper un d\u00e9bit naturel et une aisance \u00e0 l&rsquo;oral. Des outils comme Talkpal AI permettent aux utilisateurs de simuler des conversations avec des personnages aliment\u00e9s par l\u2019IA, offrant une option pratique et flexible pour la pratique quotidienne. Ces conversations simul\u00e9es peuvent couvrir un large \u00e9ventail de sujets, ce qui vous permet d&rsquo;enrichir votre vocabulaire et d&rsquo;am\u00e9liorer votre prononciation.<\/p>\n<h3>2. Utiliser les plateformes d&rsquo;\u00e9change linguistique<\/h3>\n<p>Participer \u00e0 un \u00e9change linguistique est une excellente m\u00e9thode pour pratiquer l&rsquo;espagnol. Des plateformes telles que Tandem ou HelloTalk vous mettent en relation avec des locuteurs espagnols natifs d\u00e9sireux d&rsquo;apprendre votre langue maternelle. Ce syst\u00e8me d&rsquo;apprentissage r\u00e9ciproque permet non seulement d&rsquo;am\u00e9liorer vos comp\u00e9tences orales, mais aussi d&rsquo;approfondir votre compr\u00e9hension de la culture. Des sessions r\u00e9guli\u00e8res peuvent consid\u00e9rablement renforcer votre confiance et vos comp\u00e9tences en mati\u00e8re de conversation, en vous offrant une exp\u00e9rience pratique et un <a href=\"https:\/\/talkpal.ai\/contact\/\">retour<\/a> d&rsquo;information en <a href=\"https:\/\/talkpal.ai\/zh-hans\/grammar_exercises\/temps-%e6%b3%95%e8%af%ad%e8%af%ad%e6%b3%95%e7%bb%83%e4%b9%a0\/\">temps<\/a> r\u00e9el.<\/p>\n<h3>3. Incorporer l&rsquo;espagnol dans les t\u00e2ches quotidiennes<\/h3>\n<p>Int\u00e9grer l&rsquo;espagnol dans votre routine quotidienne est une strat\u00e9gie efficace pour pratiquer l&rsquo;expression orale. Essayez de raconter vos activit\u00e9s en espagnol, qu&rsquo;il s&rsquo;agisse de t\u00e2ches simples comme faire les <a href=\"https:\/\/talkpal.ai\/courses\/\">courses<\/a> ou de discuter de vos projets pour la journ\u00e9e. Cette verbalisation constante contribue \u00e0 renforcer votre apprentissage et \u00e0 rendre l&rsquo;expression orale plus naturelle. Il s&rsquo;agit d&rsquo;une approche pratique pour s&rsquo;assurer que vous pensez et parlez en espagnol tout au long de la journ\u00e9e.<\/p>\n<h3>4. Rejoignez des clubs hispanophones<\/h3>\n<p>Les clubs de langue espagnole sont des lieux fantastiques o\u00f9 les apprenants de tous niveaux peuvent pratiquer et am\u00e9liorer leurs comp\u00e9tences linguistiques. Ces clubs se r\u00e9unissent souvent r\u00e9guli\u00e8rement et offrent un environnement favorable o\u00f9 chacun est encourag\u00e9 \u00e0 participer et \u00e0 pratiquer l&rsquo;espagnol. Il s&rsquo;agit non seulement d&rsquo;un excellent moyen de s&rsquo;entra\u00eener, mais aussi d&rsquo;un moyen de nouer des contacts avec d&rsquo;autres personnes qui apprennent l&rsquo;espagnol et qui sont passionn\u00e9es par cette langue.<\/p>\n<h3>5. Regardez les m\u00e9dias espagnols et imitez-les<\/h3>\n<p>S&rsquo;immerger dans les m\u00e9dias espagnols tels que les films, les \u00e9missions de t\u00e9l\u00e9vision et les podcasts est un moyen agr\u00e9able d&rsquo;am\u00e9liorer vos comp\u00e9tences en mati\u00e8re d&rsquo;\u00e9coute et d&rsquo;expression orale. Essayez d&rsquo;imiter la fa\u00e7on dont les personnages parlent, en vous concentrant sur leur intonation, leur prononciation et leurs \u00e9motions. Cette m\u00e9thode vous permet de vous entra\u00eener \u00e0 parler d&rsquo;une mani\u00e8re amusante et engageante tout en vous aidant \u00e0 comprendre les nuances culturelles.<\/p>\n<h3>6. Tirez parti de la technologie avec des applications comme Talkpal AI<\/h3>\n<p>La technologie peut \u00eatre un alli\u00e9 puissant dans l&rsquo;apprentissage de l&rsquo;espagnol. Des applications comme Talkpal AI offrent des outils interactifs et attrayants qui simulent des conversations r\u00e9elles, permettant une approche pratique de l\u2019apprentissage des langues. Ces applications utilisent la reconnaissance vocale et l&rsquo;IA pour fournir un retour d&rsquo;information sur la prononciation, vous aidant ainsi \u00e0 affiner vos comp\u00e9tences orales gr\u00e2ce \u00e0 une pratique r\u00e9p\u00e9titive.<\/p>\n<h3>7. Participer \u00e0 des forums et \u00e0 des groupes de discussion en ligne<\/h3>\n<p>Participer \u00e0 des forums et \u00e0 des groupes de discussion en ligne peut grandement am\u00e9liorer votre capacit\u00e9 \u00e0 converser en espagnol. Ces plateformes offrent la possibilit\u00e9 d&rsquo;interagir avec un groupe diversifi\u00e9 de locuteurs o\u00f9 vous pouvez pratiquer l&rsquo;espagnol formel et informel, poser des questions et vous familiariser avec les diff\u00e9rents dialectes et l&rsquo;argot.<\/p>\n<h3>8. Entra\u00eenez-vous avec les Flashcards<\/h3>\n<p>L&rsquo;utilisation des flashcards pour pratiquer l&rsquo;espagnol ne consiste pas seulement \u00e0 m\u00e9moriser des mots, mais aussi \u00e0 former des phrases et \u00e0 articuler des pens\u00e9es. Cr\u00e9ez une s\u00e9rie de flashcards avec des phrases et mettez-vous au d\u00e9fi de les utiliser dans des phrases ou, mieux encore, dans de vraies conversations.<\/p>\n<h3>9. Enregistrez et revoyez votre discours<\/h3>\n<p>S&rsquo;enregistrer peut \u00eatre une m\u00e9thode r\u00e9v\u00e9latrice pour pratiquer l&rsquo;espagnol. En \u00e9coutant vos enregistrements, vous pouvez identifier les points \u00e0 am\u00e9liorer en mati\u00e8re de prononciation, de vitesse et de fluidit\u00e9. L&rsquo;examen r\u00e9gulier et l&rsquo;autocritique encouragent l&rsquo;am\u00e9lioration proactive de vos capacit\u00e9s d&rsquo;expression orale.<\/p>\n<h3>10. Fixez des objectifs r\u00e9alistes en mati\u00e8re d&rsquo;expression orale<\/h3>\n<p>Fixer des objectifs r\u00e9alisables pour votre pratique de l&rsquo;espagnol peut vous aider \u00e0 rester motiv\u00e9 et structur\u00e9. Qu&rsquo;il s&rsquo;agisse d&rsquo;apprendre de nouvelles phrases, d&rsquo;augmenter votre rythme de conversation ou d&rsquo;am\u00e9liorer votre accent, le fait d&rsquo;avoir des objectifs clairs vous permet de mesurer vos progr\u00e8s et de vous concentrer sur la progression de vos comp\u00e9tences en espagnol.<\/p>\n<p><a role=\"button\"><br \/>\nessayer talkpal<br \/>\n<\/a><\/p>\n<h2>FAQ<\/h2>\n<p><a tabindex=\"0\">Quelle est la meilleure fa\u00e7on de pratiquer l&rsquo;expression orale en espagnol en tant que d\u00e9butant ?<\/a><\/p>\n<p>En tant que d\u00e9butant, il est essentiel de cr\u00e9er des bases solides. Vous pouvez y parvenir en apprenant le vocabulaire et les expressions de base, puis en les pratiquant dans des conversations simples. Des outils comme Talkpal AI aident \u00e0 simuler des interactions r\u00e9elles, offrant aux d\u00e9butants un espace s\u00fbr pour pratiquer l\u2019espagnol sans la pression d\u2019une conversation humaine en temps r\u00e9el.<\/p>\n<p><a tabindex=\"0\">A quelle fr\u00e9quence dois-je pratiquer l&rsquo;espagnol pour le parler couramment ?<\/a><\/p>\n<p>La coh\u00e9rence est essentielle dans l\u2019apprentissage d\u2019une langue. Essayez de pratiquer l\u2019espagnol tous les jours, m\u00eame si ce n\u2019est que pendant 10 \u00e0 15 minutes. Une pratique r\u00e9guli\u00e8re permet de renforcer les nouveaux mots et expressions et d\u2019am\u00e9liorer la prononciation. Int\u00e9grer l\u2019espagnol dans votre routine quotidienne, comme parler avec un partenaire linguistique, utiliser Talkpal ou vous entra\u00eener avec des m\u00e9dias espagnols, peut acc\u00e9l\u00e9rer vos progr\u00e8s.<\/p>\n<p><a tabindex=\"0\">Puis-je vraiment am\u00e9liorer mon espagnol en utilisant des applications comme Talkpal AI ?<\/a><\/p>\n<p>Oui, des applications comme Talkpal AI sont con\u00e7ues pour am\u00e9liorer l\u2019apprentissage des langues en fournissant une pratique orale interactive et immersive. Ces outils utilisent l\u2019IA pour simuler des conversations et fournir un retour d\u2019information en temps r\u00e9el sur la prononciation, le choix des mots et la grammaire. Cette interaction continue est cruciale pour am\u00e9liorer efficacement les comp\u00e9tences orales.<\/p>\n<p><a tabindex=\"0\">Quels sont les conseils pour surmonter la peur de parler espagnol ?<\/a><\/p>\n<p>De nombreux apprenants sont angoiss\u00e9s \u00e0 l\u2019id\u00e9e de faire des erreurs ou de ne pas para\u00eetre parfaits. Pour surmonter cela, entra\u00eenez-vous dans un environnement sans jugement \u00e0 l\u2019aide d\u2019outils d\u2019IA comme Talkpal AI et participez \u00e0 des \u00e9changes linguistiques o\u00f9 les deux parties apprennent. N\u2019oubliez pas que faire des erreurs fait naturellement partie de l\u2019apprentissage et que chaque erreur est un pas en avant vers l\u2019am\u00e9lioration.<\/p>\n<p><a tabindex=\"0\">Comment puis-je trouver des locuteurs natifs espagnols avec qui m&rsquo;entra\u00eener ?<\/a><\/p>\n<p>Il existe plusieurs plateformes en ligne et communaut\u00e9s d\u2019\u00e9change linguistique o\u00f9 vous pouvez rencontrer des locuteurs natifs espagnols souhaitant am\u00e9liorer leur niveau d\u2019anglais. Cet \u00e9change mutuel peut constituer un environnement r\u00e9aliste pour la pratique de l\u2019espagnol conversationnel. En outre, les rencontres linguistiques locales et les \u00e9v\u00e9nements culturels hispanophones peuvent \u00eatre d\u2019excellents moyens d\u2019entrer en contact avec des locuteurs natifs.<\/p>\n","protected":false},"excerpt":{"rendered":"<p>La ma\u00eetrise d&rsquo;une nouvelle langue comme l&rsquo;espagnol ne se limite pas \u00e0 la compr\u00e9hension de la grammaire et du vocabulaire ; elle n\u00e9cessite une pratique active et engageante, en particulier \u00e0 l&rsquo;oral. De nombreux apprenants estiment que l&rsquo;expression orale est l&rsquo;aspect le plus difficile de l&rsquo;apprentissage de l&rsquo;espagnol en raison des possibilit\u00e9s limit\u00e9es de s&rsquo;exercer [&hellip;]<\/p>\n","protected":false},"author":12,"featured_media":669,"parent":0,"menu_order":0,"comment_status":"closed","ping_status":"closed","template":"","meta":{"_acf_changed":false,"footnotes":""},"class_list":["post-240655","page","type-page","status-publish","has-post-thumbnail","hentry"],"acf":[],"yoast_head":"<!-- This site is optimized with the Yoast SEO Premium plugin v27.2 (Yoast SEO v27.2) - https:\/\/yoast.com\/product\/yoast-seo-premium-wordpress\/ -->\n<title>Pratiquer l&#039;expression orale en espagnol - Talkpal<\/title>\n<meta name=\"description\" content=\"Am\u00e9liorez votre aisance avec des moyens efficaces de pratiquer l\u2019espagnol tous les jours. Commencez d\u00e8s maintenant votre voyage vers la ma\u00eetrise de la langue.\" \/>\n<meta name=\"robots\" content=\"index, follow, max-snippet:-1, max-image-preview:large, max-video-preview:-1\" \/>\n<link rel=\"canonical\" href=\"https:\/\/talkpal.ai\/fr\/pratiquer-lexpression-orale-en-espagnol\/\" \/>\n<meta property=\"og:locale\" content=\"fr_FR\" \/>\n<meta property=\"og:type\" content=\"article\" \/>\n<meta property=\"og:title\" content=\"Pratiquer l&#039;expression orale en espagnol\" \/>\n<meta property=\"og:description\" content=\"La ma\u00eetrise d&#039;une nouvelle langue comme l&#039;espagnol ne se limite pas \u00e0 la compr\u00e9hension de la grammaire et du vocabulaire ; elle n\u00e9cessite une pratique\" \/>\n<meta property=\"og:url\" content=\"https:\/\/talkpal.ai\/fr\/pratiquer-lexpression-orale-en-espagnol\/\" \/>\n<meta property=\"og:site_name\" content=\"Talkpal\" \/>\n<meta property=\"article:publisher\" content=\"https:\/\/www.facebook.com\/profile.php?id=100090733639311\" \/>\n<meta property=\"article:modified_time\" content=\"2025-12-24T13:21:11+00:00\" \/>\n<meta property=\"og:image\" content=\"https:\/\/talkpal.ai\/wp-content\/uploads\/2023\/03\/spain.png\" \/>\n\t<meta property=\"og:image:width\" content=\"512\" \/>\n\t<meta property=\"og:image:height\" content=\"512\" \/>\n\t<meta property=\"og:image:type\" content=\"image\/png\" \/>\n<meta name=\"twitter:card\" content=\"summary_large_image\" \/>\n<meta name=\"twitter:site\" content=\"@talkpalai\" \/>\n<meta name=\"twitter:label1\" content=\"Dur\u00e9e de lecture estim\u00e9e\" \/>\n\t<meta name=\"twitter:data1\" content=\"6 minutes\" \/>\n<script type=\"application\/ld+json\" class=\"yoast-schema-graph\">{\"@context\":\"https:\/\/schema.org\",\"@graph\":[{\"@type\":\"WebPage\",\"@id\":\"https:\/\/talkpal.ai\/fr\/pratiquer-lexpression-orale-en-espagnol\/\",\"url\":\"https:\/\/talkpal.ai\/fr\/pratiquer-lexpression-orale-en-espagnol\/\",\"name\":\"Pratiquer l'expression orale en espagnol - Talkpal\",\"isPartOf\":{\"@id\":\"https:\/\/talkpal.ai\/fr\/#website\"},\"primaryImageOfPage\":{\"@id\":\"https:\/\/talkpal.ai\/fr\/pratiquer-lexpression-orale-en-espagnol\/#primaryimage\"},\"image\":{\"@id\":\"https:\/\/talkpal.ai\/fr\/pratiquer-lexpression-orale-en-espagnol\/#primaryimage\"},\"thumbnailUrl\":\"https:\/\/talkpal.ai\/wp-content\/uploads\/2023\/03\/spain.png\",\"datePublished\":\"2024-05-03T08:40:47+00:00\",\"dateModified\":\"2025-12-24T13:21:11+00:00\",\"description\":\"Am\u00e9liorez votre aisance avec des moyens efficaces de pratiquer l\u2019espagnol tous les jours. Commencez d\u00e8s maintenant votre voyage vers la ma\u00eetrise de la langue.\",\"breadcrumb\":{\"@id\":\"https:\/\/talkpal.ai\/fr\/pratiquer-lexpression-orale-en-espagnol\/#breadcrumb\"},\"inLanguage\":\"fr-FR\",\"potentialAction\":[{\"@type\":\"ReadAction\",\"target\":[\"https:\/\/talkpal.ai\/fr\/pratiquer-lexpression-orale-en-espagnol\/\"]}]},{\"@type\":\"ImageObject\",\"inLanguage\":\"fr-FR\",\"@id\":\"https:\/\/talkpal.ai\/fr\/pratiquer-lexpression-orale-en-espagnol\/#primaryimage\",\"url\":\"https:\/\/talkpal.ai\/wp-content\/uploads\/2023\/03\/spain.png\",\"contentUrl\":\"https:\/\/talkpal.ai\/wp-content\/uploads\/2023\/03\/spain.png\",\"width\":512,\"height\":512,\"caption\":\"TalkPal AI learn Spanish\"},{\"@type\":\"BreadcrumbList\",\"@id\":\"https:\/\/talkpal.ai\/fr\/pratiquer-lexpression-orale-en-espagnol\/#breadcrumb\",\"itemListElement\":[{\"@type\":\"ListItem\",\"position\":1,\"name\":\"Homepage\",\"item\":\"https:\/\/talkpal.ai\/fr\/\"},{\"@type\":\"ListItem\",\"position\":2,\"name\":\"Pratiquer l&#8217;expression orale en espagnol\"}]},{\"@type\":\"WebSite\",\"@id\":\"https:\/\/talkpal.ai\/fr\/#website\",\"url\":\"https:\/\/talkpal.ai\/fr\/\",\"name\":\"Talkpal\",\"description\":\"AI Language Learning\",\"publisher\":{\"@id\":\"https:\/\/talkpal.ai\/fr\/#organization\"},\"alternateName\":\"Talkpal AI\",\"potentialAction\":[{\"@type\":\"SearchAction\",\"target\":{\"@type\":\"EntryPoint\",\"urlTemplate\":\"https:\/\/talkpal.ai\/fr\/?s={search_term_string}\"},\"query-input\":{\"@type\":\"PropertyValueSpecification\",\"valueRequired\":true,\"valueName\":\"search_term_string\"}}],\"inLanguage\":\"fr-FR\"},{\"@type\":\"Organization\",\"@id\":\"https:\/\/talkpal.ai\/fr\/#organization\",\"name\":\"Talkpal, Inc.\",\"alternateName\":\"Talkpal AI\",\"url\":\"https:\/\/talkpal.ai\/fr\/\",\"logo\":{\"@type\":\"ImageObject\",\"inLanguage\":\"fr-FR\",\"@id\":\"https:\/\/talkpal.ai\/fr\/#\/schema\/logo\/image\/\",\"url\":\"https:\/\/talkpal.ai\/wp-content\/uploads\/2024\/03\/Talkpal-Logo-Icon.png\",\"contentUrl\":\"https:\/\/talkpal.ai\/wp-content\/uploads\/2024\/03\/Talkpal-Logo-Icon.png\",\"width\":2880,\"height\":2880,\"caption\":\"Talkpal, Inc.\"},\"image\":{\"@id\":\"https:\/\/talkpal.ai\/fr\/#\/schema\/logo\/image\/\"},\"sameAs\":[\"https:\/\/www.facebook.com\/profile.php?id=100090733639311\",\"https:\/\/x.com\/talkpalai\",\"https:\/\/www.linkedin.com\/company\/talkpal\/\",\"https:\/\/www.youtube.com\/@TalkPal\/\",\"https:\/\/www.tiktok.com\/@talkpal\",\"https:\/\/www.instagram.com\/talkpal_ai\/\",\"https:\/\/www.crunchbase.com\/organization\/talkpal-9cde\",\"https:\/\/www.g2.com\/products\/talkpal-for-business\/\",\"https:\/\/www.trustpilot.com\/review\/talkpal.ai\",\"https:\/\/www.capterra.com\/p\/10006800\/TalkPal\/\"],\"description\":\"Talkpal is a language learning web and mobile education app, powered by the latest AI technologies, that provides engaging experiences to its customers in many different languages to help them improve their language skills. Users can chat about unlimited amount of topics with the app and use other modes to practice their language learning.\",\"email\":\"support@talkpal.ai\",\"legalName\":\"Talkpal, Inc.\",\"foundingDate\":\"2023-04-03\",\"duns\":\"118989042\",\"numberOfEmployees\":{\"@type\":\"QuantitativeValue\",\"minValue\":\"11\",\"maxValue\":\"50\"},\"publishingPrinciples\":\"https:\/\/talkpal.ai\/publishing-principles\/\",\"actionableFeedbackPolicy\":\"https:\/\/talkpal.ai\/actionable-feedback-policy\/\",\"correctionsPolicy\":\"https:\/\/talkpal.ai\/corrections-policy\/\",\"ethicsPolicy\":\"https:\/\/talkpal.ai\/ethics-policy\/\",\"diversityPolicy\":\"https:\/\/talkpal.ai\/diversity-policy\/\",\"diversityStaffingReport\":\"https:\/\/talkpal.ai\/diversity-policy\/\"}]}<\/script>\n<!-- \/ Yoast SEO Premium plugin. -->","yoast_head_json":{"title":"Pratiquer l'expression orale en espagnol - Talkpal","description":"Am\u00e9liorez votre aisance avec des moyens efficaces de pratiquer l\u2019espagnol tous les jours. Commencez d\u00e8s maintenant votre voyage vers la ma\u00eetrise de la langue.","robots":{"index":"index","follow":"follow","max-snippet":"max-snippet:-1","max-image-preview":"max-image-preview:large","max-video-preview":"max-video-preview:-1"},"canonical":"https:\/\/talkpal.ai\/fr\/pratiquer-lexpression-orale-en-espagnol\/","og_locale":"fr_FR","og_type":"article","og_title":"Pratiquer l'expression orale en espagnol","og_description":"La ma\u00eetrise d'une nouvelle langue comme l'espagnol ne se limite pas \u00e0 la compr\u00e9hension de la grammaire et du vocabulaire ; elle n\u00e9cessite une pratique","og_url":"https:\/\/talkpal.ai\/fr\/pratiquer-lexpression-orale-en-espagnol\/","og_site_name":"Talkpal","article_publisher":"https:\/\/www.facebook.com\/profile.php?id=100090733639311","article_modified_time":"2025-12-24T13:21:11+00:00","og_image":[{"width":512,"height":512,"url":"https:\/\/talkpal.ai\/wp-content\/uploads\/2023\/03\/spain.png","type":"image\/png"}],"twitter_card":"summary_large_image","twitter_site":"@talkpalai","twitter_misc":{"Dur\u00e9e de lecture estim\u00e9e":"6 minutes"},"schema":{"@context":"https:\/\/schema.org","@graph":[{"@type":"WebPage","@id":"https:\/\/talkpal.ai\/fr\/pratiquer-lexpression-orale-en-espagnol\/","url":"https:\/\/talkpal.ai\/fr\/pratiquer-lexpression-orale-en-espagnol\/","name":"Pratiquer l'expression orale en espagnol - Talkpal","isPartOf":{"@id":"https:\/\/talkpal.ai\/fr\/#website"},"primaryImageOfPage":{"@id":"https:\/\/talkpal.ai\/fr\/pratiquer-lexpression-orale-en-espagnol\/#primaryimage"},"image":{"@id":"https:\/\/talkpal.ai\/fr\/pratiquer-lexpression-orale-en-espagnol\/#primaryimage"},"thumbnailUrl":"https:\/\/talkpal.ai\/wp-content\/uploads\/2023\/03\/spain.png","datePublished":"2024-05-03T08:40:47+00:00","dateModified":"2025-12-24T13:21:11+00:00","description":"Am\u00e9liorez votre aisance avec des moyens efficaces de pratiquer l\u2019espagnol tous les jours. Commencez d\u00e8s maintenant votre voyage vers la ma\u00eetrise de la langue.","breadcrumb":{"@id":"https:\/\/talkpal.ai\/fr\/pratiquer-lexpression-orale-en-espagnol\/#breadcrumb"},"inLanguage":"fr-FR","potentialAction":[{"@type":"ReadAction","target":["https:\/\/talkpal.ai\/fr\/pratiquer-lexpression-orale-en-espagnol\/"]}]},{"@type":"ImageObject","inLanguage":"fr-FR","@id":"https:\/\/talkpal.ai\/fr\/pratiquer-lexpression-orale-en-espagnol\/#primaryimage","url":"https:\/\/talkpal.ai\/wp-content\/uploads\/2023\/03\/spain.png","contentUrl":"https:\/\/talkpal.ai\/wp-content\/uploads\/2023\/03\/spain.png","width":512,"height":512,"caption":"TalkPal AI learn Spanish"},{"@type":"BreadcrumbList","@id":"https:\/\/talkpal.ai\/fr\/pratiquer-lexpression-orale-en-espagnol\/#breadcrumb","itemListElement":[{"@type":"ListItem","position":1,"name":"Homepage","item":"https:\/\/talkpal.ai\/fr\/"},{"@type":"ListItem","position":2,"name":"Pratiquer l&#8217;expression orale en espagnol"}]},{"@type":"WebSite","@id":"https:\/\/talkpal.ai\/fr\/#website","url":"https:\/\/talkpal.ai\/fr\/","name":"Talkpal","description":"AI Language Learning","publisher":{"@id":"https:\/\/talkpal.ai\/fr\/#organization"},"alternateName":"Talkpal AI","potentialAction":[{"@type":"SearchAction","target":{"@type":"EntryPoint","urlTemplate":"https:\/\/talkpal.ai\/fr\/?s={search_term_string}"},"query-input":{"@type":"PropertyValueSpecification","valueRequired":true,"valueName":"search_term_string"}}],"inLanguage":"fr-FR"},{"@type":"Organization","@id":"https:\/\/talkpal.ai\/fr\/#organization","name":"Talkpal, Inc.","alternateName":"Talkpal AI","url":"https:\/\/talkpal.ai\/fr\/","logo":{"@type":"ImageObject","inLanguage":"fr-FR","@id":"https:\/\/talkpal.ai\/fr\/#\/schema\/logo\/image\/","url":"https:\/\/talkpal.ai\/wp-content\/uploads\/2024\/03\/Talkpal-Logo-Icon.png","contentUrl":"https:\/\/talkpal.ai\/wp-content\/uploads\/2024\/03\/Talkpal-Logo-Icon.png","width":2880,"height":2880,"caption":"Talkpal, Inc."},"image":{"@id":"https:\/\/talkpal.ai\/fr\/#\/schema\/logo\/image\/"},"sameAs":["https:\/\/www.facebook.com\/profile.php?id=100090733639311","https:\/\/x.com\/talkpalai","https:\/\/www.linkedin.com\/company\/talkpal\/","https:\/\/www.youtube.com\/@TalkPal\/","https:\/\/www.tiktok.com\/@talkpal","https:\/\/www.instagram.com\/talkpal_ai\/","https:\/\/www.crunchbase.com\/organization\/talkpal-9cde","https:\/\/www.g2.com\/products\/talkpal-for-business\/","https:\/\/www.trustpilot.com\/review\/talkpal.ai","https:\/\/www.capterra.com\/p\/10006800\/TalkPal\/"],"description":"Talkpal is a language learning web and mobile education app, powered by the latest AI technologies, that provides engaging experiences to its customers in many different languages to help them improve their language skills. Users can chat about unlimited amount of topics with the app and use other modes to practice their language learning.","email":"support@talkpal.ai","legalName":"Talkpal, Inc.","foundingDate":"2023-04-03","duns":"118989042","numberOfEmployees":{"@type":"QuantitativeValue","minValue":"11","maxValue":"50"},"publishingPrinciples":"https:\/\/talkpal.ai\/publishing-principles\/","actionableFeedbackPolicy":"https:\/\/talkpal.ai\/actionable-feedback-policy\/","correctionsPolicy":"https:\/\/talkpal.ai\/corrections-policy\/","ethicsPolicy":"https:\/\/talkpal.ai\/ethics-policy\/","diversityPolicy":"https:\/\/talkpal.ai\/diversity-policy\/","diversityStaffingReport":"https:\/\/talkpal.ai\/diversity-policy\/"}]}},"_links":{"self":[{"href":"https:\/\/talkpal.ai\/fr\/wp-json\/wp\/v2\/pages\/240655","targetHints":{"allow":["GET"]}}],"collection":[{"href":"https:\/\/talkpal.ai\/fr\/wp-json\/wp\/v2\/pages"}],"about":[{"href":"https:\/\/talkpal.ai\/fr\/wp-json\/wp\/v2\/types\/page"}],"author":[{"embeddable":true,"href":"https:\/\/talkpal.ai\/fr\/wp-json\/wp\/v2\/users\/12"}],"replies":[{"embeddable":true,"href":"https:\/\/talkpal.ai\/fr\/wp-json\/wp\/v2\/comments?post=240655"}],"version-history":[{"count":0,"href":"https:\/\/talkpal.ai\/fr\/wp-json\/wp\/v2\/pages\/240655\/revisions"}],"wp:featuredmedia":[{"embeddable":true,"href":"https:\/\/talkpal.ai\/fr\/wp-json\/wp\/v2\/media\/669"}],"wp:attachment":[{"href":"https:\/\/talkpal.ai\/fr\/wp-json\/wp\/v2\/media?parent=240655"}],"curies":[{"name":"wp","href":"https:\/\/api.w.org\/{rel}","templated":true}]}}