{"id":1694069,"date":"2026-05-15T07:46:42","date_gmt":"2026-05-15T07:46:42","guid":{"rendered":"https:\/\/talkpal.ai\/exercices-de-grammaire-oromo\/"},"modified":"2026-05-15T10:53:03","modified_gmt":"2026-05-15T10:53:03","slug":"exercices-de-grammaire-oromo","status":"publish","type":"page","link":"https:\/\/talkpal.ai\/fr\/exercices-de-grammaire-oromo\/","title":{"rendered":"Exercices de grammaire oromo"},"content":{"rendered":"\r\n\r\n\r\n<section class=\"languageChallengeSection\">\r\n    <div class=\"languageInfoWrapper\">\r\n        \r\n        <h1>Exercices de grammaire oromo<\/h1>\r\n        <p>Pr\u00eat \u00e0 plonger dans la grammaire oromo ? Pratiquer quelques bases vous aidera \u00e0 vous sentir \u00e0 l&#039;aise dans cette langue unique et magnifique. Essayez ces exercices pour renforcer votre confiance et vous amuser !<\/p>\r\n\r\n                            <a class=\"getStartedHidden\" href=\"https:\/\/app.talkpal.ai\/fr\/signup?lng=\">Commencer<\/a>\r\n        \r\n    <\/div>\r\n\r\n    <figure>\r\n    <img decoding=\"async\" width=\"768\" height=\"768\" src=\"https:\/\/talkpal.ai\/wp-content\/uploads\/2026\/05\/learn-oromo-2x-768x768.webp\" class=\"languageImage no-lazy\" alt=\"A massive, ancient Odaa sycamore tree standing proudly in the green Ethiopian highlands under a golden sunset.\" fetchpriority=\"high\" sizes=\"(max-width: 768px) 150px, 768px\" srcset=\"https:\/\/talkpal.ai\/wp-content\/uploads\/2026\/05\/learn-oromo-2x-768x768.webp 768w, https:\/\/talkpal.ai\/wp-content\/uploads\/2026\/05\/learn-oromo-2x-300x300.webp 300w\" \/>\r\n    \r\n\r\n    <\/figure>\r\n\r\n            <a class=\"getStartedVisible\" href=\"https:\/\/app.talkpal.ai\/fr\/signup?lng=\">Commencer<\/a>\r\n    \r\n<\/section><section class=\"promotionalBanner\">\r\n    <p class=\"promotionalText\">La fa\u00e7on la plus efficace d\u2019apprendre une langue<\/p>\r\n    <a class=\"promotionalLink\" href=\"https:\/\/app.talkpal.ai\/fr\/signup?lng=\">Essayez Talkpal gratuitement<\/a>\r\n<\/section>\n<div class=\"wp-block-group pageContainerStyle\"><div class=\"wp-block-group__inner-container is-layout-constrained wp-block-group-is-layout-constrained\">\n<h2 class=\"wp-block-heading\" id=\"h-oromo-grammar-topics\">Sujets de grammaire oromo<\/h2>\n\n\n\n<p>Apprendre une nouvelle langue peut \u00eatre une entreprise difficile mais gratifiante. L\u2019oromo, une langue couchitique parl\u00e9e principalement en \u00c9thiopie et au Kenya, ne fait pas exception. Avec ses caract\u00e9ristiques et structures uniques, apprendre l\u2019oromo n\u00e9cessite une approche syst\u00e9matique pour comprendre sa grammaire riche et riche en suffixes. Ce guide d\u00e9crit les domaines cl\u00e9s de la grammaire oromo dans une s\u00e9quence logique pour l\u2019apprentissage des langues, en partant des bases comme les noms et les articles, et en progressant vers des domaines plus complexes comme les temps et la construction de phrases.<\/p>\n\n\n\n<h3 class=\"wp-block-heading\" id=\"h-1-nouns\">1. Noms :<\/h3>\n\n\n\n<p>Commencez votre parcours linguistique oromo en apprenant les noms. Cela inclut la compr\u00e9hension des deux genres grammaticaux, masculin et f\u00e9minin, la mani\u00e8re dont les marquages de cas d\u00e9signent le r\u00f4le d\u2019un nom dans une phrase, et comment les formes plurielles sont form\u00e9es en ajoutant des suffixes sp\u00e9cifiques au mot fondamental.<\/p>\n\n\n\n<h3 class=\"wp-block-heading\" id=\"h-2-articles\">2. Articles:<\/h3>\n\n\n\n<p>L\u2019oromo n\u2019utilise pas d\u2019articles distincts, d\u00e9finis ou ind\u00e9finis comme l\u2019anglais. La d\u00e9finitude est g\u00e9n\u00e9ralement indiqu\u00e9e par des suffixes sp\u00e9cifiques attach\u00e9s au nom ou d\u00e9termin\u00e9e enti\u00e8rement par le contexte. Apprendre \u00e0 reconna\u00eetre et \u00e0 utiliser correctement ces marqueurs est crucial dans la construction de phrases.<\/p>\n\n\n\n<h3 class=\"wp-block-heading\" id=\"h-3-adjectives\">3. Adjectifs :<\/h3>\n\n\n\n<p>Les adjectifs en oromo suivent g\u00e9n\u00e9ralement leurs noms et doivent correspondre au nom en termes de genre et de nombre. Vous devrez \u00e9galement apprendre \u00e0 former des comparatifs et des superlatifs, souvent en utilisant des constructions avec le suffixe de cas ablatif ou des mots signifiant plus, aux c\u00f4t\u00e9s d\u2019intensifiateurs comme baay\u2019ee.<\/p>\n\n\n\n<h3 class=\"wp-block-heading\" id=\"h-4-pronouns-determiners\">4. Pronoms\/d\u00e9terminants :<\/h3>\n\n\n\n<p>Les pronoms et les d\u00e9terminants sont essentiels en oromo ; Ils incluent des pronoms personnels ind\u00e9pendants, des suffixes possessifs qui s\u2019attachent directement aux noms, d\u00e9monstratifs et quantificateurs. Reconna\u00eetre comment ils sont d\u2019accord avec le nom en termes de genre et de nombre est n\u00e9cessaire pour une communication efficace.<\/p>\n\n\n\n<h3 class=\"wp-block-heading\" id=\"h-5-verbs\">5. Verbes :<\/h3>\n\n\n\n<p>Les verbes oromo changent de forme principalement \u00e0 travers des suffixes qui indiquent la personne, le genre, le nombre et le temps. Commencez par les formes de base des raisins, puis explorez les temps pass\u00e9 et pr\u00e9sent futur, ainsi que des extensions vocales courantes telles que causal, autob\u00e9n\u00e9fice et passive.<\/p>\n\n\n\n<h3 class=\"wp-block-heading\" id=\"h-6-tenses\">6. Temps :<\/h3>\n\n\n\n<p>Apr\u00e8s avoir ma\u00eetris\u00e9 la structure verbale, approfondissez les temps oromo. Cela inclut la compr\u00e9hension de la distinction principale entre les formes pass\u00e9es et futures pr\u00e9sentes, ainsi que l\u2019humeur imp\u00e9rative, et la mani\u00e8re dont l\u2019aspect interagit avec le temps dans diff\u00e9rents contextes conversationnels.<\/p>\n\n\n\n<h3 class=\"wp-block-heading\" id=\"h-7-tense-comparison\">7. Comparaison tendue :<\/h3>\n\n\n\n<p>Comparer les temps en oromo aide \u00e0 comprendre la s\u00e9quence et les nuances. Comparez les formes simples pass\u00e9es, pr\u00e9sentes futures et compos\u00e9es du m\u00eame verbe pour mieux comprendre comment le temps et l\u2019aspect continu fonctionnent dans la langue courante.<\/p>\n\n\n\n<h3 class=\"wp-block-heading\" id=\"h-8-progressive\">8. Progressif :<\/h3>\n\n\n\n<p>Le progressif en oromo est g\u00e9n\u00e9ralement exprim\u00e9 par des suffixes verbaux sp\u00e9cifiques ou par une construction de temps compos\u00e9. Cela implique souvent la combinaison du verbe principal avec le verbe auxiliaire jir pour indiquer qu\u2019une action est en cours.<\/p>\n\n\n\n<h3 class=\"wp-block-heading\" id=\"h-9-perfect-progressive\">9. Progressif parfait :<\/h3>\n\n\n\n<p>Ce sens s\u2019exprime par le verbe auxiliaire tur en combinaison avec d\u2019autres formes verbales, indiquant souvent une action se poursuivant jusqu\u2019\u00e0 un point particulier dans le pass\u00e9. Les Oromo utilisent couramment ces structures compos\u00e9es pour transporter avec succ\u00e8s ce qu\u2019ils font.<\/p>\n\n\n\n<h3 class=\"wp-block-heading\" id=\"h-10-conditionals\">10. Conditionnels :<\/h3>\n\n\n\n<p>Les conditionnels expriment des situations hypoth\u00e9tiques et leurs r\u00e9sultats possibles. En oromo, ils sont form\u00e9s avec des marqueurs conditionnels sp\u00e9cifiques et des conjonctions tels que yoo if, avec des suffixes verbaux appropri\u00e9s distinguant les possibilit\u00e9s r\u00e9elles des conditions contrefactuelles.<\/p>\n\n\n\n<h3 class=\"wp-block-heading\" id=\"h-11-adverbs\">11. Adverbes :<\/h3>\n\n\n\n<p>Les adverbes en oromo modifient les verbes, adjectifs ou autres adverbes. Ils incluent des mots ind\u00e9pendants pour le temps ou la mani\u00e8re, et de nombreux sens adverbiaux s\u2019expriment aussi efficacement \u00e0 travers des cas nominaux sp\u00e9cifiques, des suffixes locatifs ou des combinaisons avec des postpositions.<\/p>\n\n\n\n<h3 class=\"wp-block-heading\" id=\"h-12-prepositions\">12. Pr\u00e9positions :<\/h3>\n\n\n\n<p>Les relations de temps, de lieu et de mani\u00e8re sont souvent exprim\u00e9es par des postpositions plut\u00f4t que par des pr\u00e9positions. L\u2019oromo utilise des suffixes de cas attach\u00e9s directement aux noms, tels que tti et irra, ainsi que des mots postpositionnels s\u00e9par\u00e9s pour montrer ces connexions.<\/p>\n\n\n\n<h3 class=\"wp-block-heading\" id=\"h-13-sentences\">13. Peines :<\/h3>\n\n\n\n<p>Enfin, entra\u00eenez-vous \u00e0 construire des phrases. Cela impliquera d\u2019utiliser tous les points grammaticaux d\u00e9j\u00e0 appris dans leur contexte, y compris l\u2019ordre standard des objets et verbes, le marquage de cas sur le sujet, les sch\u00e9mas de n\u00e9gation et la formation des questions, assurant ainsi une compr\u00e9hension compl\u00e8te de la langue oromo.<\/p>\n<\/div><\/div>\n\r\n<section class=\"learnNavigationSection\">\r\n            \r\n        <a href=\"https:\/\/talkpal.ai\/fr\/apprenez-loromo-avec-lia\/\">\r\n            <div class=\"learnNavigationWrapper\">\r\n                <div class=\"learnNavigationContent\">\r\n                    <img decoding=\"async\" src=\"https:\/\/talkpal.ai\/wp-content\/uploads\/2026\/05\/Oromo.png\" alt=\"\">\r\n                    <div>\r\n                        <h4>\u00c0 propos de l\u2019apprentissage oromo<\/h4>\r\n                        <p>D\u00e9couvrez tout sur la grammaire oromo.<\/p>\r\n                    <\/div>\r\n                <\/div>\r\n            <\/div>\r\n        <\/a>\r\n\r\n        \r\n        <a href=\"https:\/\/talkpal.ai\/fr\/grammaire-oromo\/\">\r\n            <div class=\"learnNavigationWrapper\">\r\n                <div class=\"learnNavigationContent\">\r\n                    <img decoding=\"async\" src=\"https:\/\/talkpal.ai\/wp-content\/uploads\/2026\/05\/Oromo.png\" alt=\"\">\r\n                    <div>\r\n                        <h4>Le\u00e7ons de grammaire oromo<\/h4>\r\n                        <p>Pratiquez la grammaire oromo.<\/p>\r\n                    <\/div>\r\n                <\/div>\r\n            <\/div>\r\n        <\/a>\r\n\r\n            <\/section>","protected":false},"excerpt":{"rendered":"<p>Sujets de grammaire oromo Apprendre une nouvelle langue peut \u00eatre une entreprise difficile mais gratifiante. L\u2019oromo, une langue couchitique parl\u00e9e principalement en \u00c9thiopie et au Kenya, ne fait pas exception. Avec ses caract\u00e9ristiques et structures uniques, apprendre l\u2019oromo n\u00e9cessite une approche syst\u00e9matique pour comprendre sa grammaire riche et riche en suffixes. Ce guide d\u00e9crit les [&hellip;]<\/p>\n","protected":false},"author":23,"featured_media":1694057,"parent":0,"menu_order":0,"comment_status":"closed","ping_status":"closed","template":"LearningContentPage.php","meta":{"_acf_changed":false,"footnotes":""},"class_list":["post-1694069","page","type-page","status-publish","has-post-thumbnail","hentry"],"acf":[],"yoast_head":"<!-- This site is optimized with the Yoast SEO Premium plugin v27.2 (Yoast SEO v27.2) - https:\/\/yoast.com\/product\/yoast-seo-premium-wordpress\/ -->\n<title>Exercices de grammaire oromo - Talkpal<\/title>\n<meta name=\"robots\" content=\"index, follow, max-snippet:-1, max-image-preview:large, max-video-preview:-1\" \/>\n<link rel=\"canonical\" href=\"https:\/\/talkpal.ai\/fr\/exercices-de-grammaire-oromo\/\" \/>\n<meta property=\"og:locale\" content=\"fr_FR\" \/>\n<meta property=\"og:type\" content=\"article\" \/>\n<meta property=\"og:title\" content=\"Exercices de grammaire oromo\" \/>\n<meta property=\"og:description\" content=\"Sujets de grammaire oromo Apprendre une nouvelle langue peut \u00eatre une entreprise difficile mais gratifiante. L\u2019oromo, une langue couchitique parl\u00e9e\" \/>\n<meta property=\"og:url\" content=\"https:\/\/talkpal.ai\/fr\/exercices-de-grammaire-oromo\/\" \/>\n<meta property=\"og:site_name\" content=\"Talkpal\" \/>\n<meta property=\"article:publisher\" content=\"https:\/\/www.facebook.com\/profile.php?id=100090733639311\" \/>\n<meta property=\"article:modified_time\" content=\"2026-05-15T10:53:03+00:00\" \/>\n<meta property=\"og:image\" content=\"https:\/\/talkpal.ai\/wp-content\/uploads\/2026\/05\/Oromo.png\" \/>\n\t<meta property=\"og:image:width\" content=\"517\" \/>\n\t<meta property=\"og:image:height\" content=\"517\" \/>\n\t<meta property=\"og:image:type\" content=\"image\/png\" \/>\n<meta name=\"twitter:card\" content=\"summary_large_image\" \/>\n<meta name=\"twitter:site\" content=\"@talkpalai\" \/>\n<meta name=\"twitter:label1\" content=\"Dur\u00e9e de lecture estim\u00e9e\" \/>\n\t<meta name=\"twitter:data1\" content=\"4 minutes\" \/>\n<script type=\"application\/ld+json\" class=\"yoast-schema-graph\">{\"@context\":\"https:\/\/schema.org\",\"@graph\":[{\"@type\":\"WebPage\",\"@id\":\"https:\/\/talkpal.ai\/fr\/exercices-de-grammaire-oromo\/\",\"url\":\"https:\/\/talkpal.ai\/fr\/exercices-de-grammaire-oromo\/\",\"name\":\"Exercices de grammaire oromo - Talkpal\",\"isPartOf\":{\"@id\":\"https:\/\/talkpal.ai\/fr\/#website\"},\"primaryImageOfPage\":{\"@id\":\"https:\/\/talkpal.ai\/fr\/exercices-de-grammaire-oromo\/#primaryimage\"},\"image\":{\"@id\":\"https:\/\/talkpal.ai\/fr\/exercices-de-grammaire-oromo\/#primaryimage\"},\"thumbnailUrl\":\"https:\/\/talkpal.ai\/wp-content\/uploads\/2026\/05\/Oromo.png\",\"datePublished\":\"2026-05-15T07:46:42+00:00\",\"dateModified\":\"2026-05-15T10:53:03+00:00\",\"breadcrumb\":{\"@id\":\"https:\/\/talkpal.ai\/fr\/exercices-de-grammaire-oromo\/#breadcrumb\"},\"inLanguage\":\"fr-FR\",\"potentialAction\":[{\"@type\":\"ReadAction\",\"target\":[\"https:\/\/talkpal.ai\/fr\/exercices-de-grammaire-oromo\/\"]}]},{\"@type\":\"ImageObject\",\"inLanguage\":\"fr-FR\",\"@id\":\"https:\/\/talkpal.ai\/fr\/exercices-de-grammaire-oromo\/#primaryimage\",\"url\":\"https:\/\/talkpal.ai\/wp-content\/uploads\/2026\/05\/Oromo.png\",\"contentUrl\":\"https:\/\/talkpal.ai\/wp-content\/uploads\/2026\/05\/Oromo.png\",\"width\":517,\"height\":517},{\"@type\":\"BreadcrumbList\",\"@id\":\"https:\/\/talkpal.ai\/fr\/exercices-de-grammaire-oromo\/#breadcrumb\",\"itemListElement\":[{\"@type\":\"ListItem\",\"position\":1,\"name\":\"Homepage\",\"item\":\"https:\/\/talkpal.ai\/fr\/\"},{\"@type\":\"ListItem\",\"position\":2,\"name\":\"Exercices de grammaire oromo\"}]},{\"@type\":\"WebSite\",\"@id\":\"https:\/\/talkpal.ai\/fr\/#website\",\"url\":\"https:\/\/talkpal.ai\/fr\/\",\"name\":\"Talkpal\",\"description\":\"AI Language Learning\",\"publisher\":{\"@id\":\"https:\/\/talkpal.ai\/fr\/#organization\"},\"alternateName\":\"Talkpal AI\",\"potentialAction\":[{\"@type\":\"SearchAction\",\"target\":{\"@type\":\"EntryPoint\",\"urlTemplate\":\"https:\/\/talkpal.ai\/fr\/?s={search_term_string}\"},\"query-input\":{\"@type\":\"PropertyValueSpecification\",\"valueRequired\":true,\"valueName\":\"search_term_string\"}}],\"inLanguage\":\"fr-FR\"},{\"@type\":\"Organization\",\"@id\":\"https:\/\/talkpal.ai\/fr\/#organization\",\"name\":\"Talkpal, Inc.\",\"alternateName\":\"Talkpal AI\",\"url\":\"https:\/\/talkpal.ai\/fr\/\",\"logo\":{\"@type\":\"ImageObject\",\"inLanguage\":\"fr-FR\",\"@id\":\"https:\/\/talkpal.ai\/fr\/#\/schema\/logo\/image\/\",\"url\":\"https:\/\/talkpal.ai\/wp-content\/uploads\/2024\/03\/Talkpal-Logo-Icon.png\",\"contentUrl\":\"https:\/\/talkpal.ai\/wp-content\/uploads\/2024\/03\/Talkpal-Logo-Icon.png\",\"width\":2880,\"height\":2880,\"caption\":\"Talkpal, Inc.\"},\"image\":{\"@id\":\"https:\/\/talkpal.ai\/fr\/#\/schema\/logo\/image\/\"},\"sameAs\":[\"https:\/\/www.facebook.com\/profile.php?id=100090733639311\",\"https:\/\/x.com\/talkpalai\",\"https:\/\/www.linkedin.com\/company\/talkpal\/\",\"https:\/\/www.youtube.com\/@TalkPal\/\",\"https:\/\/www.tiktok.com\/@talkpal\",\"https:\/\/www.instagram.com\/talkpal_ai\/\",\"https:\/\/www.crunchbase.com\/organization\/talkpal-9cde\",\"https:\/\/www.g2.com\/products\/talkpal-for-business\/\",\"https:\/\/www.trustpilot.com\/review\/talkpal.ai\",\"https:\/\/www.capterra.com\/p\/10006800\/TalkPal\/\"],\"description\":\"Talkpal is a language learning web and mobile education app, powered by the latest AI technologies, that provides engaging experiences to its customers in many different languages to help them improve their language skills. Users can chat about unlimited amount of topics with the app and use other modes to practice their language learning.\",\"email\":\"support@talkpal.ai\",\"legalName\":\"Talkpal, Inc.\",\"foundingDate\":\"2023-04-03\",\"duns\":\"118989042\",\"numberOfEmployees\":{\"@type\":\"QuantitativeValue\",\"minValue\":\"11\",\"maxValue\":\"50\"},\"publishingPrinciples\":\"https:\/\/talkpal.ai\/publishing-principles\/\",\"actionableFeedbackPolicy\":\"https:\/\/talkpal.ai\/actionable-feedback-policy\/\",\"correctionsPolicy\":\"https:\/\/talkpal.ai\/corrections-policy\/\",\"ethicsPolicy\":\"https:\/\/talkpal.ai\/ethics-policy\/\",\"diversityPolicy\":\"https:\/\/talkpal.ai\/diversity-policy\/\",\"diversityStaffingReport\":\"https:\/\/talkpal.ai\/diversity-policy\/\"}]}<\/script>\n<!-- \/ Yoast SEO Premium plugin. -->","yoast_head_json":{"title":"Exercices de grammaire oromo - Talkpal","robots":{"index":"index","follow":"follow","max-snippet":"max-snippet:-1","max-image-preview":"max-image-preview:large","max-video-preview":"max-video-preview:-1"},"canonical":"https:\/\/talkpal.ai\/fr\/exercices-de-grammaire-oromo\/","og_locale":"fr_FR","og_type":"article","og_title":"Exercices de grammaire oromo","og_description":"Sujets de grammaire oromo Apprendre une nouvelle langue peut \u00eatre une entreprise difficile mais gratifiante. L\u2019oromo, une langue couchitique parl\u00e9e","og_url":"https:\/\/talkpal.ai\/fr\/exercices-de-grammaire-oromo\/","og_site_name":"Talkpal","article_publisher":"https:\/\/www.facebook.com\/profile.php?id=100090733639311","article_modified_time":"2026-05-15T10:53:03+00:00","og_image":[{"width":517,"height":517,"url":"https:\/\/talkpal.ai\/wp-content\/uploads\/2026\/05\/Oromo.png","type":"image\/png"}],"twitter_card":"summary_large_image","twitter_site":"@talkpalai","twitter_misc":{"Dur\u00e9e de lecture estim\u00e9e":"4 minutes"},"schema":{"@context":"https:\/\/schema.org","@graph":[{"@type":"WebPage","@id":"https:\/\/talkpal.ai\/fr\/exercices-de-grammaire-oromo\/","url":"https:\/\/talkpal.ai\/fr\/exercices-de-grammaire-oromo\/","name":"Exercices de grammaire oromo - Talkpal","isPartOf":{"@id":"https:\/\/talkpal.ai\/fr\/#website"},"primaryImageOfPage":{"@id":"https:\/\/talkpal.ai\/fr\/exercices-de-grammaire-oromo\/#primaryimage"},"image":{"@id":"https:\/\/talkpal.ai\/fr\/exercices-de-grammaire-oromo\/#primaryimage"},"thumbnailUrl":"https:\/\/talkpal.ai\/wp-content\/uploads\/2026\/05\/Oromo.png","datePublished":"2026-05-15T07:46:42+00:00","dateModified":"2026-05-15T10:53:03+00:00","breadcrumb":{"@id":"https:\/\/talkpal.ai\/fr\/exercices-de-grammaire-oromo\/#breadcrumb"},"inLanguage":"fr-FR","potentialAction":[{"@type":"ReadAction","target":["https:\/\/talkpal.ai\/fr\/exercices-de-grammaire-oromo\/"]}]},{"@type":"ImageObject","inLanguage":"fr-FR","@id":"https:\/\/talkpal.ai\/fr\/exercices-de-grammaire-oromo\/#primaryimage","url":"https:\/\/talkpal.ai\/wp-content\/uploads\/2026\/05\/Oromo.png","contentUrl":"https:\/\/talkpal.ai\/wp-content\/uploads\/2026\/05\/Oromo.png","width":517,"height":517},{"@type":"BreadcrumbList","@id":"https:\/\/talkpal.ai\/fr\/exercices-de-grammaire-oromo\/#breadcrumb","itemListElement":[{"@type":"ListItem","position":1,"name":"Homepage","item":"https:\/\/talkpal.ai\/fr\/"},{"@type":"ListItem","position":2,"name":"Exercices de grammaire oromo"}]},{"@type":"WebSite","@id":"https:\/\/talkpal.ai\/fr\/#website","url":"https:\/\/talkpal.ai\/fr\/","name":"Talkpal","description":"AI Language Learning","publisher":{"@id":"https:\/\/talkpal.ai\/fr\/#organization"},"alternateName":"Talkpal AI","potentialAction":[{"@type":"SearchAction","target":{"@type":"EntryPoint","urlTemplate":"https:\/\/talkpal.ai\/fr\/?s={search_term_string}"},"query-input":{"@type":"PropertyValueSpecification","valueRequired":true,"valueName":"search_term_string"}}],"inLanguage":"fr-FR"},{"@type":"Organization","@id":"https:\/\/talkpal.ai\/fr\/#organization","name":"Talkpal, Inc.","alternateName":"Talkpal AI","url":"https:\/\/talkpal.ai\/fr\/","logo":{"@type":"ImageObject","inLanguage":"fr-FR","@id":"https:\/\/talkpal.ai\/fr\/#\/schema\/logo\/image\/","url":"https:\/\/talkpal.ai\/wp-content\/uploads\/2024\/03\/Talkpal-Logo-Icon.png","contentUrl":"https:\/\/talkpal.ai\/wp-content\/uploads\/2024\/03\/Talkpal-Logo-Icon.png","width":2880,"height":2880,"caption":"Talkpal, Inc."},"image":{"@id":"https:\/\/talkpal.ai\/fr\/#\/schema\/logo\/image\/"},"sameAs":["https:\/\/www.facebook.com\/profile.php?id=100090733639311","https:\/\/x.com\/talkpalai","https:\/\/www.linkedin.com\/company\/talkpal\/","https:\/\/www.youtube.com\/@TalkPal\/","https:\/\/www.tiktok.com\/@talkpal","https:\/\/www.instagram.com\/talkpal_ai\/","https:\/\/www.crunchbase.com\/organization\/talkpal-9cde","https:\/\/www.g2.com\/products\/talkpal-for-business\/","https:\/\/www.trustpilot.com\/review\/talkpal.ai","https:\/\/www.capterra.com\/p\/10006800\/TalkPal\/"],"description":"Talkpal is a language learning web and mobile education app, powered by the latest AI technologies, that provides engaging experiences to its customers in many different languages to help them improve their language skills. Users can chat about unlimited amount of topics with the app and use other modes to practice their language learning.","email":"support@talkpal.ai","legalName":"Talkpal, Inc.","foundingDate":"2023-04-03","duns":"118989042","numberOfEmployees":{"@type":"QuantitativeValue","minValue":"11","maxValue":"50"},"publishingPrinciples":"https:\/\/talkpal.ai\/publishing-principles\/","actionableFeedbackPolicy":"https:\/\/talkpal.ai\/actionable-feedback-policy\/","correctionsPolicy":"https:\/\/talkpal.ai\/corrections-policy\/","ethicsPolicy":"https:\/\/talkpal.ai\/ethics-policy\/","diversityPolicy":"https:\/\/talkpal.ai\/diversity-policy\/","diversityStaffingReport":"https:\/\/talkpal.ai\/diversity-policy\/"}]}},"_links":{"self":[{"href":"https:\/\/talkpal.ai\/fr\/wp-json\/wp\/v2\/pages\/1694069","targetHints":{"allow":["GET"]}}],"collection":[{"href":"https:\/\/talkpal.ai\/fr\/wp-json\/wp\/v2\/pages"}],"about":[{"href":"https:\/\/talkpal.ai\/fr\/wp-json\/wp\/v2\/types\/page"}],"author":[{"embeddable":true,"href":"https:\/\/talkpal.ai\/fr\/wp-json\/wp\/v2\/users\/23"}],"replies":[{"embeddable":true,"href":"https:\/\/talkpal.ai\/fr\/wp-json\/wp\/v2\/comments?post=1694069"}],"version-history":[{"count":0,"href":"https:\/\/talkpal.ai\/fr\/wp-json\/wp\/v2\/pages\/1694069\/revisions"}],"wp:featuredmedia":[{"embeddable":true,"href":"https:\/\/talkpal.ai\/fr\/wp-json\/wp\/v2\/media\/1694057"}],"wp:attachment":[{"href":"https:\/\/talkpal.ai\/fr\/wp-json\/wp\/v2\/media?parent=1694069"}],"curies":[{"name":"wp","href":"https:\/\/api.w.org\/{rel}","templated":true}]}}