{"id":1647912,"date":"2026-02-27T10:51:45","date_gmt":"2026-02-27T10:51:45","guid":{"rendered":"https:\/\/talkpal.ai\/maitriser-la-communication-professionnelle-avec-lia\/"},"modified":"2026-02-27T11:34:02","modified_gmt":"2026-02-27T11:34:02","slug":"maitriser-la-communication-professionnelle-avec-lia","status":"publish","type":"page","link":"https:\/\/talkpal.ai\/fr\/maitriser-la-communication-professionnelle-avec-lia\/","title":{"rendered":"Ma\u00eetriser la communication professionnelle avec l&rsquo;IA"},"content":{"rendered":"\r\n\r\n\r\n<section class=\"languageChallengeSection\">\r\n    <div class=\"languageInfoWrapper\">\r\n        \r\n        <h1>Ma\u00eetriser la communication professionnelle avec l&#039;IA<\/h1>\r\n        <p>Tenez des conversations perspicaces sur des sujets sectoriels que vous jugez pertinents et b\u00e9n\u00e9ficiez d&#039;un retour d&#039;information imm\u00e9diat pour am\u00e9liorer vos comp\u00e9tences linguistiques professionnelles. Dix minutes de pratique cibl\u00e9e par jour suffisent \u00e0 faire la diff\u00e9rence dans votre carri\u00e8re !<\/p>\r\n\r\n                            <a class=\"getStartedHidden\" href=\"https:\/\/app.talkpal.ai\/fr\/signup?lng=\">Commencer<\/a>\r\n        \r\n    <\/div>\r\n\r\n    <figure>\r\n    <img decoding=\"async\" width=\"768\" height=\"635\" src=\"https:\/\/talkpal.ai\/wp-content\/uploads\/2026\/02\/busniess_courses-768x635.webp\" class=\"languageImage no-lazy\" alt=\"Cours pour les entreprises\" fetchpriority=\"high\" sizes=\"(max-width: 768px) 150px, 768px\" srcset=\"https:\/\/talkpal.ai\/wp-content\/uploads\/2026\/02\/busniess_courses-768x635.webp 768w, https:\/\/talkpal.ai\/wp-content\/uploads\/2026\/02\/busniess_courses-300x248.webp 300w\" \/>\r\n    \r\n\r\n    <\/figure>\r\n\r\n            <a class=\"getStartedVisible\" href=\"https:\/\/app.talkpal.ai\/fr\/signup?lng=\">Commencer<\/a>\r\n    \r\n<\/section><section class=\"promotionalBanner\">\r\n    <p class=\"promotionalText\">La fa\u00e7on la plus efficace d\u2019apprendre une langue<\/p>\r\n    <a class=\"promotionalLink\" href=\"https:\/\/app.talkpal.ai\/fr\/signup?lng=\">Essayez Talkpal gratuitement<\/a>\r\n<\/section>\n<div class=\"wp-block-group pageContainerStyle\"><div class=\"wp-block-group__inner-container is-layout-constrained wp-block-group-is-layout-constrained\">\n<h2 class=\"wp-block-heading\" id=\"h-we-are-talkpal\">Nous sommes Talkpal<\/h2>\n\n\n\n<p>L&rsquo;apprentissage d&rsquo;une <a href=\"https:\/\/talkpal.ai\/fr\/la-meilleure-facon-de-commencer-a-parler-une-nouvelle-langue\/\">nouvelle langue<\/a> dans le cadre professionnel peut \u00eatre une exp\u00e9rience \u00e0 la fois passionnante et stimulante. Il ouvre de nouvelles portes aux opportunit\u00e9s, tant sur le plan personnel que professionnel. <a href=\"https:\/\/talkpal.ai\/ko\/ai-%ec%96%b8%ec%96%b4-%ea%b5%90%ec%82%ac\/\">Talkpal<\/a> d\u00e9veloppe et entra\u00eene ses algorithmes depuis des ann\u00e9es pour cr\u00e9er le tuteur d&rsquo;IA ultime. \u00c0 l&rsquo;heure o\u00f9 le march\u00e9 mondial \u00e9volue, il est essentiel de comprendre les avantages de l&rsquo;apprentissage d&rsquo;une langue des affaires avec les derni\u00e8res technologies.<\/p>\n\n\n\n<h2 class=\"wp-block-heading\" id=\"h-choosing-the-right-language-learning-platform\">Choisir la bonne plateforme d&rsquo;apprentissage des langues<\/h2>\n\n\n\n<p>Avec autant de plateformes disponibles, il est important de prendre en compte des facteurs tels que la m\u00e9thodologie d&rsquo;enseignement, les options linguistiques et l&rsquo;application pratique. Talkpal propose une m\u00e9thodologie bas\u00e9e sur le chat et ax\u00e9e sur les conversations professionnelles r\u00e9elles, plut\u00f4t que sur un simple vocabulaire de niveau d\u00e9butant. Disponible dans plus de 80 langues et adapt\u00e9 \u00e0 tous les niveaux, Talkpal permet \u00e0 nos clients d&rsquo;\u00e9liminer l&rsquo;ennui de la formation en entreprise. Apprendre \u00e0 n\u00e9gocier avec un mod\u00e8le d&rsquo;IA n&rsquo;a jamais \u00e9t\u00e9 aussi facile et amusant. Essayez-le gratuitement d\u00e8s aujourd&rsquo;hui.<\/p>\n<\/div><\/div>\n\r\n\r\n\r\n<section class=\"smartFunSection\">\r\n            \r\n            <div class=\"smartFunCard\">\r\n                <div class=\"smartFunWrapper\"><img decoding=\"async\" src=\"https:\/\/talkpal.ai\/wp-content\/uploads\/2025\/05\/1.png\" alt=\"Learning Stats Screenshot\"><\/div>\r\n                <h3>Apprentissage personnalis\u00e9<\/h3>\r\n                <p>En s&rsquo;appuyant sur les forces de l&rsquo;IA et des sciences du langage, nos sessions de cours Business sont personnalis\u00e9es pour vous permettre d&rsquo;apprendre \u00e0 un niveau et \u00e0 un rythme optimaux, en fournissant un contenu sp\u00e9cifique \u00e0 l&rsquo;industrie qui est adapt\u00e9 \u00e0 votre parcours professionnel.<\/p>\r\n            <\/div>\r\n\r\n        \r\n            <div class=\"smartFunCard\">\r\n                <div class=\"smartFunWrapper\"><img decoding=\"async\" src=\"https:\/\/talkpal.ai\/wp-content\/uploads\/2025\/05\/2.png\" alt=\"Pronunciation Score Screenshot\"><\/div>\r\n                <h3>Efficace et efficient<\/h3>\r\n                <p>Avec Talkpal, vous pouvez vous entra\u00eener \u00e0 lire des rapports, \u00e0 \u00e9couter des pr\u00e9sentations et \u00e0 prendre la parole lors de r\u00e9unions de mani\u00e8re efficace. Jetez un coup d&rsquo;\u0153il \u00e0 notre nouveau cours professionnel sur les affaires !<\/p>\r\n            <\/div>\r\n\r\n        \r\n            <div class=\"smartFunCard\">\r\n                <div class=\"smartFunWrapper\"><img decoding=\"async\" src=\"https:\/\/talkpal.ai\/wp-content\/uploads\/2025\/05\/3.png\" alt=\"Chat Topics Screenshot\"><\/div>\r\n                <h3>Maintenir l&#039;engagement<\/h3>\r\n                <p>Nous facilitons le d\u00e9veloppement d&rsquo;une habitude d&rsquo;apprentissage en incorporant des d\u00e9fis agr\u00e9ables et des questions professionnelles perspicaces pour vous garder motiv\u00e9 et engag\u00e9 apr\u00e8s une longue journ\u00e9e de travail.<\/p>\r\n            <\/div>\r\n\r\n        \r\n            <div class=\"smartFunCard\">\r\n                <div class=\"smartFunWrapper\"><img decoding=\"async\" src=\"https:\/\/talkpal.ai\/wp-content\/uploads\/2025\/05\/4.png\" alt=\"Dashboard Screenshot\"><\/div>\r\n                <h3>S&#039;amuser<\/h3>\r\n                <p>La formation professionnelle ne doit pas \u00eatre monotone ! Am\u00e9liorez chaque jour vos comp\u00e9tences professionnelles gr\u00e2ce \u00e0 des exercices captivants. Posez des questions professionnelles complexes ou inhabituelles et voyez comment l&rsquo;IA de Talkpal r\u00e9agit.<\/p>\r\n            <\/div>\r\n\r\n            \r\n<\/section>\n<div class=\"wp-block-group pageContainerStyle\"><div class=\"wp-block-group__inner-container is-layout-constrained wp-block-group-is-layout-constrained\">\n<h2 class=\"wp-block-heading\" id=\"h-why-learn-a-business-language\"><strong>Pourquoi apprendre une langue des affaires ?<\/strong><\/h2>\n\n\n\n<p>Dans notre monde interconnect\u00e9, \u00eatre capable de communiquer professionnellement au-del\u00e0 des fronti\u00e8res est la cl\u00e9 universelle des affaires, de l&rsquo;<a href=\"https:\/\/talkpal.ai\/talkpal-for-education\/\">\u00e9ducation<\/a> et du commerce mondial. Cependant, l&rsquo;apprentissage des nuances formelles d&rsquo;une nouvelle langue peut prendre beaucoup de <a href=\"https:\/\/talkpal.ai\/zh-hans\/grammar_exercises\/temps-%e6%b3%95%e8%af%ad%e8%af%ad%e6%b3%95%e7%bb%83%e4%b9%a0\/\">temps<\/a>. Avec les progr\u00e8s de la technologie, il est devenu beaucoup plus facile de ma\u00eetriser la communication d&rsquo;entreprise. Dans cet article, nous allons explorer les raisons pour lesquelles l&rsquo;apprentissage via <a href=\"https:\/\/talkpal.ai\/lt\/talkpal-verslui\/\">Talkpal AI<\/a> Chat est le moyen le plus efficace d&rsquo;\u00e9lever vos comp\u00e9tences professionnelles.<\/p>\n<\/div><\/div>\n\n<div class=\"wp-block-group pageContainerStyle\"><div class=\"wp-block-group__inner-container is-layout-constrained wp-block-group-is-layout-constrained\">\n<h2 class=\"wp-block-heading\" id=\"h-why-is-business-language-difficult\"><strong>Pourquoi le langage des affaires est-il difficile ?<\/strong><\/h2>\n\n\n\n<p>La ma\u00eetrise d&rsquo;une langue sur le lieu de travail comporte des d\u00e9fis uniques par rapport \u00e0 une conversation ordinaire :<\/p>\n\n\n\n<h3 class=\"wp-block-heading\" id=\"h-professional-tone-and-pronunciation\"><strong>Ton et prononciation professionnels<\/strong><\/h3>\n\n\n\n<p>Une articulation claire est essentielle dans les r\u00e9unions. Les apprenants doivent ma\u00eetriser des sons sp\u00e9cifiques et des sch\u00e9mas de stress pour s&rsquo;assurer d&rsquo;\u00eatre parfaitement compris par leurs clients et coll\u00e8gues internationaux.<\/p>\n\n\n\n<h3 class=\"wp-block-heading\" id=\"h-grammar-and-syntax\"><strong><strong>Grammaire et syntaxe<\/strong><\/strong><\/h3>\n\n\n\n<p>La grammaire des affaires exige un niveau \u00e9lev\u00e9 de politesse et de structure formelle. Il peut \u00eatre complexe de comprendre comment formuler des demandes, des propositions et de la correspondance officielle.<\/p>\n\n\n\n<h3 class=\"wp-block-heading\" id=\"h-vocabulary-and-corporate-jargon\"><strong><strong><strong>Vocabulaire et jargon d&rsquo;entreprise<\/strong><\/strong><\/strong><\/h3>\n\n\n\n<p>Chaque secteur dispose d&rsquo;un vaste vocabulaire de termes sp\u00e9cialis\u00e9s, d&rsquo;acronymes et d&rsquo;expressions idiomatiques. Naviguer dans ce jargon d&rsquo;entreprise peut \u00eatre accablant pour les apprenants.<\/p>\n\n\n\n<h3 class=\"wp-block-heading\" id=\"h-written-communication\"><strong><strong><strong><strong>Communication \u00e9crite<\/strong><\/strong><\/strong><\/strong><\/h3>\n\n\n\n<p>La r\u00e9daction de courriels, de rapports et de contrats professionnels requiert un ensemble de comp\u00e9tences diff\u00e9rent de celui d&rsquo;un simple texto, exigeant une bonne ma\u00eetrise de l&rsquo;orthographe et de la phras\u00e9ologie formelles.<\/p>\n\n\n\n<h3 class=\"wp-block-heading\" id=\"h-business-language-learning-strategies\"><strong>Strat\u00e9gies d&rsquo;apprentissage de la langue des affaires<\/strong><\/h3>\n\n\n\n<h4 class=\"wp-block-heading\" id=\"h-listening-and-speaking\">\u00c9couter et parler<\/h4>\n\n\n\n<p>Pour am\u00e9liorer leur aisance lors des r\u00e9unions, les apprenants doivent s&rsquo;entra\u00eener \u00e0 \u00e9couter des experts du secteur et \u00e0 participer \u00e0 des conversations simul\u00e9es en entreprise \u00e0 l&rsquo;aide d&rsquo;applications mobiles telles que Talkpal.<\/p>\n\n\n\n<h4 class=\"wp-block-heading\" id=\"h-reading\">Lecture<\/h4>\n\n\n\n<p>La lecture de rapports financiers, d&rsquo;informations sectorielles et d&rsquo;e-mails professionnels est essentielle pour \u00e9largir le vocabulaire de l&rsquo;entreprise et am\u00e9liorer la compr\u00e9hension.<\/p>\n\n\n\n<h4 class=\"wp-block-heading\" id=\"h-writing\">R\u00e9daction<\/h4>\n\n\n\n<p>L&rsquo;\u00e9criture est essentielle sur le lieu de travail. Les apprenants doivent s&rsquo;entra\u00eener r\u00e9guli\u00e8rement \u00e0 r\u00e9diger des courriels formels, des mises \u00e0 jour de projets et des propositions commerciales.<\/p>\n\n\n\n<h4 class=\"wp-block-heading\" id=\"h-grammar-and-vocabulary\">Grammaire et vocabulaire<\/h4>\n\n\n\n<p>Il est essentiel de consacrer du temps \u00e0 l&rsquo;\u00e9tude des r\u00e8gles de grammaire et des termes sp\u00e9cifiques au secteur pour donner une impression de professionnalisme et d&rsquo;autorit\u00e9.<\/p>\n\n\n\n<h2 class=\"wp-block-heading\" id=\"h-conclusion\">Conclusion<\/h2>\n\n\n\n<p>L&rsquo;apprentissage d&rsquo;une langue pour le monde professionnel pr\u00e9sente des d\u00e9fis uniques, de la ma\u00eetrise de la grammaire formelle \u00e0 l&rsquo;\u00e9tiquette culturelle. Cependant, avec les bonnes strat\u00e9gies et le soutien d&rsquo;un tuteur IA, les professionnels de tous niveaux peuvent surmonter ces obstacles et r\u00e9colter les avantages de la communication mondiale qui d\u00e9finissent leur carri\u00e8re.<\/p>\n<\/div><\/div>\n<section class=\"promotionalBanner\">\r\n    <p class=\"promotionalText\">La fa\u00e7on la plus efficace d\u2019apprendre une langue<\/p>\r\n    <a class=\"promotionalLink\" href=\"https:\/\/app.talkpal.ai\/fr\/signup?lng=\">Essayez Talkpal gratuitement<\/a>\r\n<\/section>","protected":false},"excerpt":{"rendered":"<p>Nous sommes Talkpal L&rsquo;apprentissage d&rsquo;une nouvelle langue dans le cadre professionnel peut \u00eatre une exp\u00e9rience \u00e0 la fois passionnante et stimulante. Il ouvre de nouvelles portes aux opportunit\u00e9s, tant sur le plan personnel que professionnel. Talkpal d\u00e9veloppe et entra\u00eene ses algorithmes depuis des ann\u00e9es pour cr\u00e9er le tuteur d&rsquo;IA ultime. \u00c0 l&rsquo;heure o\u00f9 le march\u00e9 [&hellip;]<\/p>\n","protected":false},"author":20,"featured_media":1647913,"parent":0,"menu_order":0,"comment_status":"closed","ping_status":"closed","template":"LearningContentPage.php","meta":{"_acf_changed":false,"footnotes":""},"class_list":["post-1647912","page","type-page","status-publish","has-post-thumbnail","hentry"],"acf":[],"yoast_head":"<!-- This site is optimized with the Yoast SEO Premium plugin v27.2 (Yoast SEO v27.2) - https:\/\/yoast.com\/product\/yoast-seo-premium-wordpress\/ -->\n<title>Ma\u00eetriser la communication professionnelle avec l&#039;IA - Talkpal<\/title>\n<meta name=\"description\" content=\"Am\u00e9liorez votre carri\u00e8re avec le nouveau cours de langue Business de Talkpal. Pratiquez des sc\u00e9narios professionnels r\u00e9els dans plus de 80 langues avec notre tuteur IA, n&#039;importe o\u00f9, n&#039;importe quand !\" \/>\n<meta name=\"robots\" content=\"index, follow, max-snippet:-1, max-image-preview:large, max-video-preview:-1\" \/>\n<link rel=\"canonical\" href=\"https:\/\/talkpal.ai\/fr\/maitriser-la-communication-professionnelle-avec-lia\/\" \/>\n<meta property=\"og:locale\" content=\"fr_FR\" \/>\n<meta property=\"og:type\" content=\"article\" \/>\n<meta property=\"og:title\" content=\"Ma\u00eetriser la communication professionnelle avec l&#039;IA\" \/>\n<meta property=\"og:description\" content=\"Nous sommes Talkpal L&#039;apprentissage d&#039;une nouvelle langue dans le cadre professionnel peut \u00eatre une exp\u00e9rience \u00e0 la fois passionnante et stimulante. Il\" \/>\n<meta property=\"og:url\" content=\"https:\/\/talkpal.ai\/fr\/maitriser-la-communication-professionnelle-avec-lia\/\" \/>\n<meta property=\"og:site_name\" content=\"Talkpal\" \/>\n<meta property=\"article:publisher\" content=\"https:\/\/www.facebook.com\/profile.php?id=100090733639311\" \/>\n<meta property=\"article:modified_time\" content=\"2026-02-27T11:34:02+00:00\" \/>\n<meta property=\"og:image\" content=\"https:\/\/talkpal.ai\/wp-content\/uploads\/2026\/02\/busniess_courses.webp\" \/>\n\t<meta property=\"og:image:width\" content=\"1200\" \/>\n\t<meta property=\"og:image:height\" content=\"992\" \/>\n\t<meta property=\"og:image:type\" content=\"image\/webp\" \/>\n<meta name=\"twitter:card\" content=\"summary_large_image\" \/>\n<meta name=\"twitter:site\" content=\"@talkpalai\" \/>\n<meta name=\"twitter:label1\" content=\"Dur\u00e9e de lecture estim\u00e9e\" \/>\n\t<meta name=\"twitter:data1\" content=\"3 minutes\" \/>\n<script type=\"application\/ld+json\" class=\"yoast-schema-graph\">{\"@context\":\"https:\/\/schema.org\",\"@graph\":[{\"@type\":\"WebPage\",\"@id\":\"https:\/\/talkpal.ai\/fr\/maitriser-la-communication-professionnelle-avec-lia\/\",\"url\":\"https:\/\/talkpal.ai\/fr\/maitriser-la-communication-professionnelle-avec-lia\/\",\"name\":\"Ma\u00eetriser la communication professionnelle avec l'IA - Talkpal\",\"isPartOf\":{\"@id\":\"https:\/\/talkpal.ai\/fr\/#website\"},\"primaryImageOfPage\":{\"@id\":\"https:\/\/talkpal.ai\/fr\/maitriser-la-communication-professionnelle-avec-lia\/#primaryimage\"},\"image\":{\"@id\":\"https:\/\/talkpal.ai\/fr\/maitriser-la-communication-professionnelle-avec-lia\/#primaryimage\"},\"thumbnailUrl\":\"https:\/\/talkpal.ai\/wp-content\/uploads\/2026\/02\/busniess_courses.webp\",\"datePublished\":\"2026-02-27T10:51:45+00:00\",\"dateModified\":\"2026-02-27T11:34:02+00:00\",\"description\":\"Am\u00e9liorez votre carri\u00e8re avec le nouveau cours de langue Business de Talkpal. Pratiquez des sc\u00e9narios professionnels r\u00e9els dans plus de 80 langues avec notre tuteur IA, n'importe o\u00f9, n'importe quand !\",\"breadcrumb\":{\"@id\":\"https:\/\/talkpal.ai\/fr\/maitriser-la-communication-professionnelle-avec-lia\/#breadcrumb\"},\"inLanguage\":\"fr-FR\",\"potentialAction\":[{\"@type\":\"ReadAction\",\"target\":[\"https:\/\/talkpal.ai\/fr\/maitriser-la-communication-professionnelle-avec-lia\/\"]}]},{\"@type\":\"ImageObject\",\"inLanguage\":\"fr-FR\",\"@id\":\"https:\/\/talkpal.ai\/fr\/maitriser-la-communication-professionnelle-avec-lia\/#primaryimage\",\"url\":\"https:\/\/talkpal.ai\/wp-content\/uploads\/2026\/02\/busniess_courses.webp\",\"contentUrl\":\"https:\/\/talkpal.ai\/wp-content\/uploads\/2026\/02\/busniess_courses.webp\",\"width\":1200,\"height\":992,\"caption\":\"Cours pour les entreprises\"},{\"@type\":\"BreadcrumbList\",\"@id\":\"https:\/\/talkpal.ai\/fr\/maitriser-la-communication-professionnelle-avec-lia\/#breadcrumb\",\"itemListElement\":[{\"@type\":\"ListItem\",\"position\":1,\"name\":\"Homepage\",\"item\":\"https:\/\/talkpal.ai\/fr\/\"},{\"@type\":\"ListItem\",\"position\":2,\"name\":\"Ma\u00eetriser la communication professionnelle avec l&#8217;IA\"}]},{\"@type\":\"WebSite\",\"@id\":\"https:\/\/talkpal.ai\/fr\/#website\",\"url\":\"https:\/\/talkpal.ai\/fr\/\",\"name\":\"Talkpal\",\"description\":\"AI Language Learning\",\"publisher\":{\"@id\":\"https:\/\/talkpal.ai\/fr\/#organization\"},\"alternateName\":\"Talkpal AI\",\"potentialAction\":[{\"@type\":\"SearchAction\",\"target\":{\"@type\":\"EntryPoint\",\"urlTemplate\":\"https:\/\/talkpal.ai\/fr\/?s={search_term_string}\"},\"query-input\":{\"@type\":\"PropertyValueSpecification\",\"valueRequired\":true,\"valueName\":\"search_term_string\"}}],\"inLanguage\":\"fr-FR\"},{\"@type\":\"Organization\",\"@id\":\"https:\/\/talkpal.ai\/fr\/#organization\",\"name\":\"Talkpal, Inc.\",\"alternateName\":\"Talkpal AI\",\"url\":\"https:\/\/talkpal.ai\/fr\/\",\"logo\":{\"@type\":\"ImageObject\",\"inLanguage\":\"fr-FR\",\"@id\":\"https:\/\/talkpal.ai\/fr\/#\/schema\/logo\/image\/\",\"url\":\"https:\/\/talkpal.ai\/wp-content\/uploads\/2024\/03\/Talkpal-Logo-Icon.png\",\"contentUrl\":\"https:\/\/talkpal.ai\/wp-content\/uploads\/2024\/03\/Talkpal-Logo-Icon.png\",\"width\":2880,\"height\":2880,\"caption\":\"Talkpal, Inc.\"},\"image\":{\"@id\":\"https:\/\/talkpal.ai\/fr\/#\/schema\/logo\/image\/\"},\"sameAs\":[\"https:\/\/www.facebook.com\/profile.php?id=100090733639311\",\"https:\/\/x.com\/talkpalai\",\"https:\/\/www.linkedin.com\/company\/talkpal\/\",\"https:\/\/www.youtube.com\/@TalkPal\/\",\"https:\/\/www.tiktok.com\/@talkpal\",\"https:\/\/www.instagram.com\/talkpal_ai\/\",\"https:\/\/www.crunchbase.com\/organization\/talkpal-9cde\",\"https:\/\/www.g2.com\/products\/talkpal-for-business\/\",\"https:\/\/www.trustpilot.com\/review\/talkpal.ai\",\"https:\/\/www.capterra.com\/p\/10006800\/TalkPal\/\"],\"description\":\"Talkpal is a language learning web and mobile education app, powered by the latest AI technologies, that provides engaging experiences to its customers in many different languages to help them improve their language skills. Users can chat about unlimited amount of topics with the app and use other modes to practice their language learning.\",\"email\":\"support@talkpal.ai\",\"legalName\":\"Talkpal, Inc.\",\"foundingDate\":\"2023-04-03\",\"duns\":\"118989042\",\"numberOfEmployees\":{\"@type\":\"QuantitativeValue\",\"minValue\":\"11\",\"maxValue\":\"50\"},\"publishingPrinciples\":\"https:\/\/talkpal.ai\/publishing-principles\/\",\"actionableFeedbackPolicy\":\"https:\/\/talkpal.ai\/actionable-feedback-policy\/\",\"correctionsPolicy\":\"https:\/\/talkpal.ai\/corrections-policy\/\",\"ethicsPolicy\":\"https:\/\/talkpal.ai\/ethics-policy\/\",\"diversityPolicy\":\"https:\/\/talkpal.ai\/diversity-policy\/\",\"diversityStaffingReport\":\"https:\/\/talkpal.ai\/diversity-policy\/\"}]}<\/script>\n<!-- \/ Yoast SEO Premium plugin. -->","yoast_head_json":{"title":"Ma\u00eetriser la communication professionnelle avec l'IA - Talkpal","description":"Am\u00e9liorez votre carri\u00e8re avec le nouveau cours de langue Business de Talkpal. Pratiquez des sc\u00e9narios professionnels r\u00e9els dans plus de 80 langues avec notre tuteur IA, n'importe o\u00f9, n'importe quand !","robots":{"index":"index","follow":"follow","max-snippet":"max-snippet:-1","max-image-preview":"max-image-preview:large","max-video-preview":"max-video-preview:-1"},"canonical":"https:\/\/talkpal.ai\/fr\/maitriser-la-communication-professionnelle-avec-lia\/","og_locale":"fr_FR","og_type":"article","og_title":"Ma\u00eetriser la communication professionnelle avec l'IA","og_description":"Nous sommes Talkpal L'apprentissage d'une nouvelle langue dans le cadre professionnel peut \u00eatre une exp\u00e9rience \u00e0 la fois passionnante et stimulante. Il","og_url":"https:\/\/talkpal.ai\/fr\/maitriser-la-communication-professionnelle-avec-lia\/","og_site_name":"Talkpal","article_publisher":"https:\/\/www.facebook.com\/profile.php?id=100090733639311","article_modified_time":"2026-02-27T11:34:02+00:00","og_image":[{"width":1200,"height":992,"url":"https:\/\/talkpal.ai\/wp-content\/uploads\/2026\/02\/busniess_courses.webp","type":"image\/webp"}],"twitter_card":"summary_large_image","twitter_site":"@talkpalai","twitter_misc":{"Dur\u00e9e de lecture estim\u00e9e":"3 minutes"},"schema":{"@context":"https:\/\/schema.org","@graph":[{"@type":"WebPage","@id":"https:\/\/talkpal.ai\/fr\/maitriser-la-communication-professionnelle-avec-lia\/","url":"https:\/\/talkpal.ai\/fr\/maitriser-la-communication-professionnelle-avec-lia\/","name":"Ma\u00eetriser la communication professionnelle avec l'IA - Talkpal","isPartOf":{"@id":"https:\/\/talkpal.ai\/fr\/#website"},"primaryImageOfPage":{"@id":"https:\/\/talkpal.ai\/fr\/maitriser-la-communication-professionnelle-avec-lia\/#primaryimage"},"image":{"@id":"https:\/\/talkpal.ai\/fr\/maitriser-la-communication-professionnelle-avec-lia\/#primaryimage"},"thumbnailUrl":"https:\/\/talkpal.ai\/wp-content\/uploads\/2026\/02\/busniess_courses.webp","datePublished":"2026-02-27T10:51:45+00:00","dateModified":"2026-02-27T11:34:02+00:00","description":"Am\u00e9liorez votre carri\u00e8re avec le nouveau cours de langue Business de Talkpal. Pratiquez des sc\u00e9narios professionnels r\u00e9els dans plus de 80 langues avec notre tuteur IA, n'importe o\u00f9, n'importe quand !","breadcrumb":{"@id":"https:\/\/talkpal.ai\/fr\/maitriser-la-communication-professionnelle-avec-lia\/#breadcrumb"},"inLanguage":"fr-FR","potentialAction":[{"@type":"ReadAction","target":["https:\/\/talkpal.ai\/fr\/maitriser-la-communication-professionnelle-avec-lia\/"]}]},{"@type":"ImageObject","inLanguage":"fr-FR","@id":"https:\/\/talkpal.ai\/fr\/maitriser-la-communication-professionnelle-avec-lia\/#primaryimage","url":"https:\/\/talkpal.ai\/wp-content\/uploads\/2026\/02\/busniess_courses.webp","contentUrl":"https:\/\/talkpal.ai\/wp-content\/uploads\/2026\/02\/busniess_courses.webp","width":1200,"height":992,"caption":"Cours pour les entreprises"},{"@type":"BreadcrumbList","@id":"https:\/\/talkpal.ai\/fr\/maitriser-la-communication-professionnelle-avec-lia\/#breadcrumb","itemListElement":[{"@type":"ListItem","position":1,"name":"Homepage","item":"https:\/\/talkpal.ai\/fr\/"},{"@type":"ListItem","position":2,"name":"Ma\u00eetriser la communication professionnelle avec l&#8217;IA"}]},{"@type":"WebSite","@id":"https:\/\/talkpal.ai\/fr\/#website","url":"https:\/\/talkpal.ai\/fr\/","name":"Talkpal","description":"AI Language Learning","publisher":{"@id":"https:\/\/talkpal.ai\/fr\/#organization"},"alternateName":"Talkpal AI","potentialAction":[{"@type":"SearchAction","target":{"@type":"EntryPoint","urlTemplate":"https:\/\/talkpal.ai\/fr\/?s={search_term_string}"},"query-input":{"@type":"PropertyValueSpecification","valueRequired":true,"valueName":"search_term_string"}}],"inLanguage":"fr-FR"},{"@type":"Organization","@id":"https:\/\/talkpal.ai\/fr\/#organization","name":"Talkpal, Inc.","alternateName":"Talkpal AI","url":"https:\/\/talkpal.ai\/fr\/","logo":{"@type":"ImageObject","inLanguage":"fr-FR","@id":"https:\/\/talkpal.ai\/fr\/#\/schema\/logo\/image\/","url":"https:\/\/talkpal.ai\/wp-content\/uploads\/2024\/03\/Talkpal-Logo-Icon.png","contentUrl":"https:\/\/talkpal.ai\/wp-content\/uploads\/2024\/03\/Talkpal-Logo-Icon.png","width":2880,"height":2880,"caption":"Talkpal, Inc."},"image":{"@id":"https:\/\/talkpal.ai\/fr\/#\/schema\/logo\/image\/"},"sameAs":["https:\/\/www.facebook.com\/profile.php?id=100090733639311","https:\/\/x.com\/talkpalai","https:\/\/www.linkedin.com\/company\/talkpal\/","https:\/\/www.youtube.com\/@TalkPal\/","https:\/\/www.tiktok.com\/@talkpal","https:\/\/www.instagram.com\/talkpal_ai\/","https:\/\/www.crunchbase.com\/organization\/talkpal-9cde","https:\/\/www.g2.com\/products\/talkpal-for-business\/","https:\/\/www.trustpilot.com\/review\/talkpal.ai","https:\/\/www.capterra.com\/p\/10006800\/TalkPal\/"],"description":"Talkpal is a language learning web and mobile education app, powered by the latest AI technologies, that provides engaging experiences to its customers in many different languages to help them improve their language skills. Users can chat about unlimited amount of topics with the app and use other modes to practice their language learning.","email":"support@talkpal.ai","legalName":"Talkpal, Inc.","foundingDate":"2023-04-03","duns":"118989042","numberOfEmployees":{"@type":"QuantitativeValue","minValue":"11","maxValue":"50"},"publishingPrinciples":"https:\/\/talkpal.ai\/publishing-principles\/","actionableFeedbackPolicy":"https:\/\/talkpal.ai\/actionable-feedback-policy\/","correctionsPolicy":"https:\/\/talkpal.ai\/corrections-policy\/","ethicsPolicy":"https:\/\/talkpal.ai\/ethics-policy\/","diversityPolicy":"https:\/\/talkpal.ai\/diversity-policy\/","diversityStaffingReport":"https:\/\/talkpal.ai\/diversity-policy\/"}]}},"_links":{"self":[{"href":"https:\/\/talkpal.ai\/fr\/wp-json\/wp\/v2\/pages\/1647912","targetHints":{"allow":["GET"]}}],"collection":[{"href":"https:\/\/talkpal.ai\/fr\/wp-json\/wp\/v2\/pages"}],"about":[{"href":"https:\/\/talkpal.ai\/fr\/wp-json\/wp\/v2\/types\/page"}],"author":[{"embeddable":true,"href":"https:\/\/talkpal.ai\/fr\/wp-json\/wp\/v2\/users\/20"}],"replies":[{"embeddable":true,"href":"https:\/\/talkpal.ai\/fr\/wp-json\/wp\/v2\/comments?post=1647912"}],"version-history":[{"count":0,"href":"https:\/\/talkpal.ai\/fr\/wp-json\/wp\/v2\/pages\/1647912\/revisions"}],"wp:featuredmedia":[{"embeddable":true,"href":"https:\/\/talkpal.ai\/fr\/wp-json\/wp\/v2\/media\/1647913"}],"wp:attachment":[{"href":"https:\/\/talkpal.ai\/fr\/wp-json\/wp\/v2\/media?parent=1647912"}],"curies":[{"name":"wp","href":"https:\/\/api.w.org\/{rel}","templated":true}]}}