{"id":1647865,"date":"2026-02-27T11:00:49","date_gmt":"2026-02-27T11:00:49","guid":{"rendered":"https:\/\/talkpal.ai\/apprendre-le-langage-juridique-professionnel-grace-a-lia\/"},"modified":"2026-02-27T11:33:17","modified_gmt":"2026-02-27T11:33:17","slug":"apprendre-le-langage-juridique-professionnel-grace-a-lia","status":"publish","type":"page","link":"https:\/\/talkpal.ai\/fr\/apprendre-le-langage-juridique-professionnel-grace-a-lia\/","title":{"rendered":"Apprendre le langage juridique professionnel gr\u00e2ce \u00e0 l&rsquo;IA"},"content":{"rendered":"\r\n\r\n\r\n<section class=\"languageChallengeSection\">\r\n    <div class=\"languageInfoWrapper\">\r\n        \r\n        <h1>Apprendre le langage juridique professionnel gr\u00e2ce \u00e0 l&#039;IA<\/h1>\r\n        <p>Tenez des conversations perspicaces sur des sujets juridiques complexes qui vous int\u00e9ressent et obtenez un retour d&#039;information imm\u00e9diat pour am\u00e9liorer vos comp\u00e9tences en mati\u00e8re de communication professionnelle. Dix minutes d&#039;entra\u00eenement par jour suffisent \u00e0 faire la diff\u00e9rence dans votre carri\u00e8re !<\/p>\r\n\r\n                            <a class=\"getStartedHidden\" href=\"https:\/\/app.talkpal.ai\/fr\/signup?lng=\">Commencer<\/a>\r\n        \r\n    <\/div>\r\n\r\n    <figure>\r\n    <img decoding=\"async\" width=\"768\" height=\"635\" src=\"https:\/\/talkpal.ai\/wp-content\/uploads\/2026\/02\/law_courses-768x635.webp\" class=\"languageImage no-lazy\" alt=\"Cours de droit\" fetchpriority=\"high\" sizes=\"(max-width: 768px) 150px, 768px\" srcset=\"https:\/\/talkpal.ai\/wp-content\/uploads\/2026\/02\/law_courses-768x635.webp 768w, https:\/\/talkpal.ai\/wp-content\/uploads\/2026\/02\/law_courses-300x248.webp 300w\" \/>\r\n    \r\n\r\n    <\/figure>\r\n\r\n            <a class=\"getStartedVisible\" href=\"https:\/\/app.talkpal.ai\/fr\/signup?lng=\">Commencer<\/a>\r\n    \r\n<\/section><section class=\"promotionalBanner\">\r\n    <p class=\"promotionalText\">La fa\u00e7on la plus efficace d\u2019apprendre une langue<\/p>\r\n    <a class=\"promotionalLink\" href=\"https:\/\/app.talkpal.ai\/fr\/signup?lng=\">Essayez Talkpal gratuitement<\/a>\r\n<\/section>\n<div class=\"wp-block-group pageContainerStyle\"><div class=\"wp-block-group__inner-container is-layout-constrained wp-block-group-is-layout-constrained\">\n<h2 class=\"wp-block-heading\" id=\"h-we-are-talkpal\">Nous sommes Talkpal<\/h2>\n\n\n\n<p><a href=\"https:\/\/talkpal.ai\/mastering-fluency-how-to-apprendre-la-langue-de-francais-easily\/\">Apprendre la langue<\/a> du droit peut \u00eatre une exp\u00e9rience passionnante et stimulante. Il ouvre de nouvelles portes \u00e0 des opportunit\u00e9s de carri\u00e8re internationale. <a href=\"https:\/\/talkpal.ai\/ko\/ai-%ec%96%b8%ec%96%b4-%ea%b5%90%ec%82%ac\/\">Talkpal<\/a> d\u00e9veloppe et entra\u00eene ses algorithmes depuis des ann\u00e9es pour enseigner plus de 80+ langues. \u00c0 mesure que la technologie \u00e9volue, il est important de comprendre les avantages qu&rsquo;il y a \u00e0 am\u00e9liorer vos comp\u00e9tences professionnelles \u00e0 l&rsquo;aide des derniers outils d&rsquo;intelligence artificielle.<\/p>\n\n\n\n<h2 class=\"wp-block-heading\" id=\"h-choosing-the-right-language-learning-platform\">Choisir la bonne plateforme d&rsquo;apprentissage des langues<\/h2>\n\n\n\n<p>Avec autant de plateformes disponibles, il est important de prendre en compte des facteurs tels que la m\u00e9thodologie d&rsquo;enseignement, les options linguistiques et l&rsquo;application pratique. Talkpal propose une m\u00e9thodologie bas\u00e9e sur le chat qui se concentre sur des situations juridiques r\u00e9elles sans stress. Disponible dans plus de 80 langues, l&rsquo;apprentissage d&rsquo;un langage formel dans une conversation r\u00e9elle avec notre mod\u00e8le d&rsquo;IA \u00e9limine l&rsquo;ennui et la corv\u00e9e du d\u00e9veloppement professionnel. Essayez-le gratuitement d\u00e8s aujourd&rsquo;hui !<\/p>\n<\/div><\/div>\n\r\n\r\n\r\n<section class=\"smartFunSection\">\r\n            \r\n            <div class=\"smartFunCard\">\r\n                <div class=\"smartFunWrapper\"><img decoding=\"async\" src=\"https:\/\/talkpal.ai\/wp-content\/uploads\/2025\/05\/1.png\" alt=\"Learning Stats Screenshot\"><\/div>\r\n                <h3>Apprentissage personnalis\u00e9<\/h3>\r\n                <p>En s&rsquo;appuyant sur les forces de l&rsquo;IA et de la science du langage, nos sessions de <a href=\"https:\/\/talkpal.ai\/learn-professional-law-language-with-ai\/\">cours de droit<\/a> sont personnalis\u00e9es pour vous permettre d&rsquo;apprendre au niveau et au rythme optimaux, en vous fournissant un contenu juridique sur mesure.<\/p>\r\n            <\/div>\r\n\r\n        \r\n            <div class=\"smartFunCard\">\r\n                <div class=\"smartFunWrapper\"><img decoding=\"async\" src=\"https:\/\/talkpal.ai\/wp-content\/uploads\/2025\/05\/2.png\" alt=\"Pronunciation Score Screenshot\"><\/div>\r\n                <h3>Efficace et efficient<\/h3>\r\n                <p>Avec Talkpal, vous pouvez vous entra\u00eener \u00e0 lire des contrats, \u00e0 \u00e9couter des t\u00e9moignages et \u00e0 prendre la parole lors de proc\u00e8s fictifs de mani\u00e8re efficace.<\/p>\r\n            <\/div>\r\n\r\n        \r\n            <div class=\"smartFunCard\">\r\n                <div class=\"smartFunWrapper\"><img decoding=\"async\" src=\"https:\/\/talkpal.ai\/wp-content\/uploads\/2025\/05\/3.png\" alt=\"Chat Topics Screenshot\"><\/div>\r\n                <h3>Maintenir l&#039;engagement<\/h3>\r\n                <p>Nous facilitons le d\u00e9veloppement d&rsquo;une habitude d&rsquo;apprentissage en incorporant des d\u00e9fis agr\u00e9ables et des questions perspicaces, sp\u00e9cifiques \u00e0 un cas, pour vous garder motiv\u00e9 et engag\u00e9.<\/p>\r\n            <\/div>\r\n\r\n        \r\n            <div class=\"smartFunCard\">\r\n                <div class=\"smartFunWrapper\"><img decoding=\"async\" src=\"https:\/\/talkpal.ai\/wp-content\/uploads\/2025\/05\/4.png\" alt=\"Dashboard Screenshot\"><\/div>\r\n                <h3>S&#039;amuser<\/h3>\r\n                <p>Les \u00e9tudes de droit ne doivent pas \u00eatre ennuyeuses et monotones ! Am\u00e9liorez chaque jour vos comp\u00e9tences professionnelles gr\u00e2ce \u00e0 des exercices captivants. Posez des questions juridiques complexes ou inhabituelles et voyez comment le tuteur IA de Talkpal r\u00e9agit.<\/p>\r\n            <\/div>\r\n\r\n            \r\n<\/section>\n<div class=\"wp-block-group pageContainerStyle\"><div class=\"wp-block-group__inner-container is-layout-constrained wp-block-group-is-layout-constrained\">\n<h2 class=\"wp-block-heading\" id=\"h-why-the-professional-law-course\"><strong><strong>Pourquoi le cours de droit professionnel ?<\/strong><\/strong><\/h2>\n\n\n\n<p>Le secteur juridique est l&rsquo;une des industries les plus vitales et les plus connect\u00e9es au monde. La capacit\u00e9 \u00e0 communiquer clairement des concepts juridiques est essentielle pour le commerce international, la d\u00e9fense des droits de l&rsquo;homme et la diplomatie mondiale. Toutefois, l&rsquo;apprentissage du jargon sp\u00e9cifique et du ton formel peut prendre beaucoup de <a href=\"https:\/\/talkpal.ai\/zh-hans\/grammar_exercises\/temps-%e6%b3%95%e8%af%ad%e8%af%ad%e6%b3%95%e7%bb%83%e4%b9%a0\/\">temps<\/a>. Avec les progr\u00e8s de la technologie, il est devenu beaucoup plus facile de ma\u00eetriser ce cr\u00e9neau. Dans cet article, nous explorons les raisons pour lesquelles l&rsquo;utilisation du <a href=\"https:\/\/talkpal.ai\/lt\/talkpal-verslui\/\">Talkpal AI<\/a> Chat pour votre cours de droit est le moyen le plus efficace d&rsquo;am\u00e9liorer vos comp\u00e9tences professionnelles.<\/p>\n<\/div><\/div>\n\n<div class=\"wp-block-group pageContainerStyle\"><div class=\"wp-block-group__inner-container is-layout-constrained wp-block-group-is-layout-constrained\">\n<h2 class=\"wp-block-heading\" id=\"h-why-is-legal-language-difficult\"><strong><strong>Pourquoi le langage juridique est-il difficile ?<\/strong><\/strong><\/h2>\n\n\n\n<h3 class=\"wp-block-heading\" id=\"h-pronunciation\"><strong>Prononciation<\/strong><\/h3>\n\n\n\n<p>L&rsquo;un des principaux obstacles consiste \u00e0 ma\u00eetriser la prononciation d&rsquo;une terminologie juridique complexe, souvent bas\u00e9e sur le latin. Le registre formel exige une articulation pr\u00e9cise qui peut \u00eatre intimidante pour les apprenants.<\/p>\n\n\n\n<h3 class=\"wp-block-heading\" id=\"h-grammar-and-syntax\"><strong><strong>Grammaire et syntaxe<\/strong><\/strong><\/h3>\n\n\n\n<p>La grammaire juridique est notoirement complexe, avec des phrases longues et conditionnelles, de nombreuses r\u00e8gles et un formatage strict. Les apprenants doivent comprendre des structures tr\u00e8s formelles qui diff\u00e8rent consid\u00e9rablement du langage courant.<\/p>\n\n\n\n<h3 class=\"wp-block-heading\" id=\"h-vocabulary-and-idioms\"><strong><strong><strong>Vocabulaire et expressions idiomatiques<\/strong><\/strong><\/strong><\/h3>\n\n\n\n<p>Le domaine juridique dispose d&rsquo;un vocabulaire \u00e9tendu et tr\u00e8s sp\u00e9cifique. Ce vaste \u00e9ventail de mots peut s&rsquo;av\u00e9rer accablant, en particulier lorsqu&rsquo;il s&rsquo;agit de naviguer dans des expressions juridiques idiomatiques, des clauses contractuelles et un jargon sp\u00e9cifique \u00e0 l&rsquo;industrie dont les significations ne peuvent \u00eatre d\u00e9duites litt\u00e9ralement.<\/p>\n\n\n\n<h3 class=\"wp-block-heading\" id=\"h-spelling\"><strong><strong><strong><strong>Orthographe<\/strong><\/strong><\/strong><\/strong><\/h3>\n\n\n\n<p>L&rsquo;orthographe n&rsquo;est pas n\u00e9gociable dans les documents juridiques. Une seule lettre mal plac\u00e9e peut changer le sens d&rsquo;un contrat, ce qui en fait un domaine \u00e0 haute pression pour les apprenants.<\/p>\n\n\n\n<h3 class=\"wp-block-heading\" id=\"h-language-learning-strategies-for-law\"><strong><strong>Strat\u00e9gies d&rsquo;apprentissage des langues pour le droit<\/strong><\/strong><\/h3>\n\n\n\n<h4 class=\"wp-block-heading\" id=\"h-listening-and-speaking\">\u00c9couter et parler<\/h4>\n\n\n\n<p>Pour am\u00e9liorer leur aisance, les apprenants doivent s&rsquo;entra\u00eener \u00e0 participer \u00e0 des simulations de n\u00e9gociations et d&rsquo;entretiens avec des clients. Talkpal offre un environnement parfait et sans stress pour cela.<\/p>\n\n\n\n<h4 class=\"wp-block-heading\" id=\"h-reading\">Lecture<\/h4>\n\n\n\n<p>La lecture est essentielle pour enrichir le vocabulaire. Les apprenants doivent lire une vari\u00e9t\u00e9 de textes, des contrats d&rsquo;entreprise \u00e0 la jurisprudence, afin de s&rsquo;exposer \u00e0 diff\u00e9rents styles de r\u00e9daction juridique.<\/p>\n\n\n\n<h4 class=\"wp-block-heading\" id=\"h-writing\">R\u00e9daction<\/h4>\n\n\n\n<p>La r\u00e9daction est une comp\u00e9tence essentielle pour l&rsquo;\u00e9laboration de documents. Les apprenants doivent s&rsquo;entra\u00eener \u00e0 r\u00e9diger r\u00e9guli\u00e8rement, \u00e0 formuler des m\u00e9moires juridiques et \u00e0 r\u00e9sumer des \u00e9tudes de cas.<\/p>\n\n\n\n<h4 class=\"wp-block-heading\" id=\"h-grammar-and-vocabulary\">Grammaire et vocabulaire<\/h4>\n\n\n\n<p>Il est n\u00e9cessaire de consacrer du temps \u00e0 l&rsquo;\u00e9tude des r\u00e8gles sp\u00e9cifiques du langage formel pour projeter une image d&rsquo;autorit\u00e9 et de professionnalisme dans votre langue cible.<\/p>\n\n\n\n<h2 class=\"wp-block-heading\" id=\"h-conclusion\">Conclusion<\/h2>\n\n\n\n<p>L&rsquo;apprentissage du langage juridique professionnel pr\u00e9sente des d\u00e9fis uniques, allant d&rsquo;une grammaire rigide \u00e0 un vocabulaire dense. Cependant, avec les bonnes strat\u00e9gies et le soutien de l&rsquo;IA de Talkpal, les apprenants de tous niveaux peuvent surmonter ces obstacles et r\u00e9colter les avantages professionnels massifs qui d\u00e9coulent de la ma\u00eetrise de la langue du droit.<\/p>\n<\/div><\/div>\n<section class=\"promotionalBanner\">\r\n    <p class=\"promotionalText\">La fa\u00e7on la plus efficace d\u2019apprendre une langue<\/p>\r\n    <a class=\"promotionalLink\" href=\"https:\/\/app.talkpal.ai\/fr\/signup?lng=\">Essayez Talkpal gratuitement<\/a>\r\n<\/section>","protected":false},"excerpt":{"rendered":"<p>Nous sommes Talkpal Apprendre la langue du droit peut \u00eatre une exp\u00e9rience passionnante et stimulante. Il ouvre de nouvelles portes \u00e0 des opportunit\u00e9s de carri\u00e8re internationale. Talkpal d\u00e9veloppe et entra\u00eene ses algorithmes depuis des ann\u00e9es pour enseigner plus de 80+ langues. \u00c0 mesure que la technologie \u00e9volue, il est important de comprendre les avantages qu&rsquo;il [&hellip;]<\/p>\n","protected":false},"author":20,"featured_media":1647867,"parent":0,"menu_order":0,"comment_status":"closed","ping_status":"closed","template":"LearningContentPage.php","meta":{"_acf_changed":false,"footnotes":""},"class_list":["post-1647865","page","type-page","status-publish","has-post-thumbnail","hentry"],"acf":[],"yoast_head":"<!-- This site is optimized with the Yoast SEO Premium plugin v27.2 (Yoast SEO v27.2) - https:\/\/yoast.com\/product\/yoast-seo-premium-wordpress\/ -->\n<title>Apprendre le langage juridique professionnel gr\u00e2ce \u00e0 l&#039;IA - Talkpal<\/title>\n<meta name=\"description\" content=\"Am\u00e9liorez votre carri\u00e8re avec le cours de droit professionnel de Talkpal. Ma\u00eetrisez la terminologie juridique et pratiquez des sc\u00e9narios professionnels r\u00e9els dans plus de 80 langues avec notre tuteur IA.\" \/>\n<meta name=\"robots\" content=\"index, follow, max-snippet:-1, max-image-preview:large, max-video-preview:-1\" \/>\n<link rel=\"canonical\" href=\"https:\/\/talkpal.ai\/fr\/apprendre-le-langage-juridique-professionnel-grace-a-lia\/\" \/>\n<meta property=\"og:locale\" content=\"fr_FR\" \/>\n<meta property=\"og:type\" content=\"article\" \/>\n<meta property=\"og:title\" content=\"Apprendre le langage juridique professionnel gr\u00e2ce \u00e0 l&#039;IA\" \/>\n<meta property=\"og:description\" content=\"Nous sommes Talkpal Apprendre la langue du droit peut \u00eatre une exp\u00e9rience passionnante et stimulante. Il ouvre de nouvelles portes \u00e0 des opportunit\u00e9s de\" \/>\n<meta property=\"og:url\" content=\"https:\/\/talkpal.ai\/fr\/apprendre-le-langage-juridique-professionnel-grace-a-lia\/\" \/>\n<meta property=\"og:site_name\" content=\"Talkpal\" \/>\n<meta property=\"article:publisher\" content=\"https:\/\/www.facebook.com\/profile.php?id=100090733639311\" \/>\n<meta property=\"article:modified_time\" content=\"2026-02-27T11:33:17+00:00\" \/>\n<meta property=\"og:image\" content=\"https:\/\/talkpal.ai\/wp-content\/uploads\/2026\/02\/law_courses.webp\" \/>\n\t<meta property=\"og:image:width\" content=\"1200\" \/>\n\t<meta property=\"og:image:height\" content=\"992\" \/>\n\t<meta property=\"og:image:type\" content=\"image\/webp\" \/>\n<meta name=\"twitter:card\" content=\"summary_large_image\" \/>\n<meta name=\"twitter:site\" content=\"@talkpalai\" \/>\n<meta name=\"twitter:label1\" content=\"Dur\u00e9e de lecture estim\u00e9e\" \/>\n\t<meta name=\"twitter:data1\" content=\"3 minutes\" \/>\n<script type=\"application\/ld+json\" class=\"yoast-schema-graph\">{\"@context\":\"https:\/\/schema.org\",\"@graph\":[{\"@type\":\"WebPage\",\"@id\":\"https:\/\/talkpal.ai\/fr\/apprendre-le-langage-juridique-professionnel-grace-a-lia\/\",\"url\":\"https:\/\/talkpal.ai\/fr\/apprendre-le-langage-juridique-professionnel-grace-a-lia\/\",\"name\":\"Apprendre le langage juridique professionnel gr\u00e2ce \u00e0 l'IA - Talkpal\",\"isPartOf\":{\"@id\":\"https:\/\/talkpal.ai\/fr\/#website\"},\"primaryImageOfPage\":{\"@id\":\"https:\/\/talkpal.ai\/fr\/apprendre-le-langage-juridique-professionnel-grace-a-lia\/#primaryimage\"},\"image\":{\"@id\":\"https:\/\/talkpal.ai\/fr\/apprendre-le-langage-juridique-professionnel-grace-a-lia\/#primaryimage\"},\"thumbnailUrl\":\"https:\/\/talkpal.ai\/wp-content\/uploads\/2026\/02\/law_courses.webp\",\"datePublished\":\"2026-02-27T11:00:49+00:00\",\"dateModified\":\"2026-02-27T11:33:17+00:00\",\"description\":\"Am\u00e9liorez votre carri\u00e8re avec le cours de droit professionnel de Talkpal. Ma\u00eetrisez la terminologie juridique et pratiquez des sc\u00e9narios professionnels r\u00e9els dans plus de 80 langues avec notre tuteur IA.\",\"breadcrumb\":{\"@id\":\"https:\/\/talkpal.ai\/fr\/apprendre-le-langage-juridique-professionnel-grace-a-lia\/#breadcrumb\"},\"inLanguage\":\"fr-FR\",\"potentialAction\":[{\"@type\":\"ReadAction\",\"target\":[\"https:\/\/talkpal.ai\/fr\/apprendre-le-langage-juridique-professionnel-grace-a-lia\/\"]}]},{\"@type\":\"ImageObject\",\"inLanguage\":\"fr-FR\",\"@id\":\"https:\/\/talkpal.ai\/fr\/apprendre-le-langage-juridique-professionnel-grace-a-lia\/#primaryimage\",\"url\":\"https:\/\/talkpal.ai\/wp-content\/uploads\/2026\/02\/law_courses.webp\",\"contentUrl\":\"https:\/\/talkpal.ai\/wp-content\/uploads\/2026\/02\/law_courses.webp\",\"width\":1200,\"height\":992,\"caption\":\"Cours de droit\"},{\"@type\":\"BreadcrumbList\",\"@id\":\"https:\/\/talkpal.ai\/fr\/apprendre-le-langage-juridique-professionnel-grace-a-lia\/#breadcrumb\",\"itemListElement\":[{\"@type\":\"ListItem\",\"position\":1,\"name\":\"Homepage\",\"item\":\"https:\/\/talkpal.ai\/fr\/\"},{\"@type\":\"ListItem\",\"position\":2,\"name\":\"Apprendre le langage juridique professionnel gr\u00e2ce \u00e0 l&rsquo;IA\"}]},{\"@type\":\"WebSite\",\"@id\":\"https:\/\/talkpal.ai\/fr\/#website\",\"url\":\"https:\/\/talkpal.ai\/fr\/\",\"name\":\"Talkpal\",\"description\":\"AI Language Learning\",\"publisher\":{\"@id\":\"https:\/\/talkpal.ai\/fr\/#organization\"},\"alternateName\":\"Talkpal AI\",\"potentialAction\":[{\"@type\":\"SearchAction\",\"target\":{\"@type\":\"EntryPoint\",\"urlTemplate\":\"https:\/\/talkpal.ai\/fr\/?s={search_term_string}\"},\"query-input\":{\"@type\":\"PropertyValueSpecification\",\"valueRequired\":true,\"valueName\":\"search_term_string\"}}],\"inLanguage\":\"fr-FR\"},{\"@type\":\"Organization\",\"@id\":\"https:\/\/talkpal.ai\/fr\/#organization\",\"name\":\"Talkpal, Inc.\",\"alternateName\":\"Talkpal AI\",\"url\":\"https:\/\/talkpal.ai\/fr\/\",\"logo\":{\"@type\":\"ImageObject\",\"inLanguage\":\"fr-FR\",\"@id\":\"https:\/\/talkpal.ai\/fr\/#\/schema\/logo\/image\/\",\"url\":\"https:\/\/talkpal.ai\/wp-content\/uploads\/2024\/03\/Talkpal-Logo-Icon.png\",\"contentUrl\":\"https:\/\/talkpal.ai\/wp-content\/uploads\/2024\/03\/Talkpal-Logo-Icon.png\",\"width\":2880,\"height\":2880,\"caption\":\"Talkpal, Inc.\"},\"image\":{\"@id\":\"https:\/\/talkpal.ai\/fr\/#\/schema\/logo\/image\/\"},\"sameAs\":[\"https:\/\/www.facebook.com\/profile.php?id=100090733639311\",\"https:\/\/x.com\/talkpalai\",\"https:\/\/www.linkedin.com\/company\/talkpal\/\",\"https:\/\/www.youtube.com\/@TalkPal\/\",\"https:\/\/www.tiktok.com\/@talkpal\",\"https:\/\/www.instagram.com\/talkpal_ai\/\",\"https:\/\/www.crunchbase.com\/organization\/talkpal-9cde\",\"https:\/\/www.g2.com\/products\/talkpal-for-business\/\",\"https:\/\/www.trustpilot.com\/review\/talkpal.ai\",\"https:\/\/www.capterra.com\/p\/10006800\/TalkPal\/\"],\"description\":\"Talkpal is a language learning web and mobile education app, powered by the latest AI technologies, that provides engaging experiences to its customers in many different languages to help them improve their language skills. Users can chat about unlimited amount of topics with the app and use other modes to practice their language learning.\",\"email\":\"support@talkpal.ai\",\"legalName\":\"Talkpal, Inc.\",\"foundingDate\":\"2023-04-03\",\"duns\":\"118989042\",\"numberOfEmployees\":{\"@type\":\"QuantitativeValue\",\"minValue\":\"11\",\"maxValue\":\"50\"},\"publishingPrinciples\":\"https:\/\/talkpal.ai\/publishing-principles\/\",\"actionableFeedbackPolicy\":\"https:\/\/talkpal.ai\/actionable-feedback-policy\/\",\"correctionsPolicy\":\"https:\/\/talkpal.ai\/corrections-policy\/\",\"ethicsPolicy\":\"https:\/\/talkpal.ai\/ethics-policy\/\",\"diversityPolicy\":\"https:\/\/talkpal.ai\/diversity-policy\/\",\"diversityStaffingReport\":\"https:\/\/talkpal.ai\/diversity-policy\/\"}]}<\/script>\n<!-- \/ Yoast SEO Premium plugin. -->","yoast_head_json":{"title":"Apprendre le langage juridique professionnel gr\u00e2ce \u00e0 l'IA - Talkpal","description":"Am\u00e9liorez votre carri\u00e8re avec le cours de droit professionnel de Talkpal. Ma\u00eetrisez la terminologie juridique et pratiquez des sc\u00e9narios professionnels r\u00e9els dans plus de 80 langues avec notre tuteur IA.","robots":{"index":"index","follow":"follow","max-snippet":"max-snippet:-1","max-image-preview":"max-image-preview:large","max-video-preview":"max-video-preview:-1"},"canonical":"https:\/\/talkpal.ai\/fr\/apprendre-le-langage-juridique-professionnel-grace-a-lia\/","og_locale":"fr_FR","og_type":"article","og_title":"Apprendre le langage juridique professionnel gr\u00e2ce \u00e0 l'IA","og_description":"Nous sommes Talkpal Apprendre la langue du droit peut \u00eatre une exp\u00e9rience passionnante et stimulante. Il ouvre de nouvelles portes \u00e0 des opportunit\u00e9s de","og_url":"https:\/\/talkpal.ai\/fr\/apprendre-le-langage-juridique-professionnel-grace-a-lia\/","og_site_name":"Talkpal","article_publisher":"https:\/\/www.facebook.com\/profile.php?id=100090733639311","article_modified_time":"2026-02-27T11:33:17+00:00","og_image":[{"width":1200,"height":992,"url":"https:\/\/talkpal.ai\/wp-content\/uploads\/2026\/02\/law_courses.webp","type":"image\/webp"}],"twitter_card":"summary_large_image","twitter_site":"@talkpalai","twitter_misc":{"Dur\u00e9e de lecture estim\u00e9e":"3 minutes"},"schema":{"@context":"https:\/\/schema.org","@graph":[{"@type":"WebPage","@id":"https:\/\/talkpal.ai\/fr\/apprendre-le-langage-juridique-professionnel-grace-a-lia\/","url":"https:\/\/talkpal.ai\/fr\/apprendre-le-langage-juridique-professionnel-grace-a-lia\/","name":"Apprendre le langage juridique professionnel gr\u00e2ce \u00e0 l'IA - Talkpal","isPartOf":{"@id":"https:\/\/talkpal.ai\/fr\/#website"},"primaryImageOfPage":{"@id":"https:\/\/talkpal.ai\/fr\/apprendre-le-langage-juridique-professionnel-grace-a-lia\/#primaryimage"},"image":{"@id":"https:\/\/talkpal.ai\/fr\/apprendre-le-langage-juridique-professionnel-grace-a-lia\/#primaryimage"},"thumbnailUrl":"https:\/\/talkpal.ai\/wp-content\/uploads\/2026\/02\/law_courses.webp","datePublished":"2026-02-27T11:00:49+00:00","dateModified":"2026-02-27T11:33:17+00:00","description":"Am\u00e9liorez votre carri\u00e8re avec le cours de droit professionnel de Talkpal. Ma\u00eetrisez la terminologie juridique et pratiquez des sc\u00e9narios professionnels r\u00e9els dans plus de 80 langues avec notre tuteur IA.","breadcrumb":{"@id":"https:\/\/talkpal.ai\/fr\/apprendre-le-langage-juridique-professionnel-grace-a-lia\/#breadcrumb"},"inLanguage":"fr-FR","potentialAction":[{"@type":"ReadAction","target":["https:\/\/talkpal.ai\/fr\/apprendre-le-langage-juridique-professionnel-grace-a-lia\/"]}]},{"@type":"ImageObject","inLanguage":"fr-FR","@id":"https:\/\/talkpal.ai\/fr\/apprendre-le-langage-juridique-professionnel-grace-a-lia\/#primaryimage","url":"https:\/\/talkpal.ai\/wp-content\/uploads\/2026\/02\/law_courses.webp","contentUrl":"https:\/\/talkpal.ai\/wp-content\/uploads\/2026\/02\/law_courses.webp","width":1200,"height":992,"caption":"Cours de droit"},{"@type":"BreadcrumbList","@id":"https:\/\/talkpal.ai\/fr\/apprendre-le-langage-juridique-professionnel-grace-a-lia\/#breadcrumb","itemListElement":[{"@type":"ListItem","position":1,"name":"Homepage","item":"https:\/\/talkpal.ai\/fr\/"},{"@type":"ListItem","position":2,"name":"Apprendre le langage juridique professionnel gr\u00e2ce \u00e0 l&rsquo;IA"}]},{"@type":"WebSite","@id":"https:\/\/talkpal.ai\/fr\/#website","url":"https:\/\/talkpal.ai\/fr\/","name":"Talkpal","description":"AI Language Learning","publisher":{"@id":"https:\/\/talkpal.ai\/fr\/#organization"},"alternateName":"Talkpal AI","potentialAction":[{"@type":"SearchAction","target":{"@type":"EntryPoint","urlTemplate":"https:\/\/talkpal.ai\/fr\/?s={search_term_string}"},"query-input":{"@type":"PropertyValueSpecification","valueRequired":true,"valueName":"search_term_string"}}],"inLanguage":"fr-FR"},{"@type":"Organization","@id":"https:\/\/talkpal.ai\/fr\/#organization","name":"Talkpal, Inc.","alternateName":"Talkpal AI","url":"https:\/\/talkpal.ai\/fr\/","logo":{"@type":"ImageObject","inLanguage":"fr-FR","@id":"https:\/\/talkpal.ai\/fr\/#\/schema\/logo\/image\/","url":"https:\/\/talkpal.ai\/wp-content\/uploads\/2024\/03\/Talkpal-Logo-Icon.png","contentUrl":"https:\/\/talkpal.ai\/wp-content\/uploads\/2024\/03\/Talkpal-Logo-Icon.png","width":2880,"height":2880,"caption":"Talkpal, Inc."},"image":{"@id":"https:\/\/talkpal.ai\/fr\/#\/schema\/logo\/image\/"},"sameAs":["https:\/\/www.facebook.com\/profile.php?id=100090733639311","https:\/\/x.com\/talkpalai","https:\/\/www.linkedin.com\/company\/talkpal\/","https:\/\/www.youtube.com\/@TalkPal\/","https:\/\/www.tiktok.com\/@talkpal","https:\/\/www.instagram.com\/talkpal_ai\/","https:\/\/www.crunchbase.com\/organization\/talkpal-9cde","https:\/\/www.g2.com\/products\/talkpal-for-business\/","https:\/\/www.trustpilot.com\/review\/talkpal.ai","https:\/\/www.capterra.com\/p\/10006800\/TalkPal\/"],"description":"Talkpal is a language learning web and mobile education app, powered by the latest AI technologies, that provides engaging experiences to its customers in many different languages to help them improve their language skills. Users can chat about unlimited amount of topics with the app and use other modes to practice their language learning.","email":"support@talkpal.ai","legalName":"Talkpal, Inc.","foundingDate":"2023-04-03","duns":"118989042","numberOfEmployees":{"@type":"QuantitativeValue","minValue":"11","maxValue":"50"},"publishingPrinciples":"https:\/\/talkpal.ai\/publishing-principles\/","actionableFeedbackPolicy":"https:\/\/talkpal.ai\/actionable-feedback-policy\/","correctionsPolicy":"https:\/\/talkpal.ai\/corrections-policy\/","ethicsPolicy":"https:\/\/talkpal.ai\/ethics-policy\/","diversityPolicy":"https:\/\/talkpal.ai\/diversity-policy\/","diversityStaffingReport":"https:\/\/talkpal.ai\/diversity-policy\/"}]}},"_links":{"self":[{"href":"https:\/\/talkpal.ai\/fr\/wp-json\/wp\/v2\/pages\/1647865","targetHints":{"allow":["GET"]}}],"collection":[{"href":"https:\/\/talkpal.ai\/fr\/wp-json\/wp\/v2\/pages"}],"about":[{"href":"https:\/\/talkpal.ai\/fr\/wp-json\/wp\/v2\/types\/page"}],"author":[{"embeddable":true,"href":"https:\/\/talkpal.ai\/fr\/wp-json\/wp\/v2\/users\/20"}],"replies":[{"embeddable":true,"href":"https:\/\/talkpal.ai\/fr\/wp-json\/wp\/v2\/comments?post=1647865"}],"version-history":[{"count":0,"href":"https:\/\/talkpal.ai\/fr\/wp-json\/wp\/v2\/pages\/1647865\/revisions"}],"wp:featuredmedia":[{"embeddable":true,"href":"https:\/\/talkpal.ai\/fr\/wp-json\/wp\/v2\/media\/1647867"}],"wp:attachment":[{"href":"https:\/\/talkpal.ai\/fr\/wp-json\/wp\/v2\/media?parent=1647865"}],"curies":[{"name":"wp","href":"https:\/\/api.w.org\/{rel}","templated":true}]}}