{"id":1464785,"date":"2025-11-12T16:20:16","date_gmt":"2025-11-12T16:20:16","guid":{"rendered":"https:\/\/talkpal.ai\/grammaire-pachtoune\/"},"modified":"2025-12-30T11:44:02","modified_gmt":"2025-12-30T11:44:02","slug":"grammaire-pachtoune","status":"publish","type":"page","link":"https:\/\/talkpal.ai\/fr\/grammaire-pachtoune\/","title":{"rendered":"Grammaire pachtoune"},"content":{"rendered":"\r\n\r\n\r\n<section class=\"languageChallengeSection\">\r\n    <div class=\"languageInfoWrapper\">\r\n        \r\n        <h1>Grammaire pachtoune<\/h1>\r\n        <p>La grammaire <a href=\"https:\/\/talkpal.ai\/learn-pashto\/\">pachtoune<\/a> peut sembler difficile au d\u00e9but, mais ses caract\u00e9ristiques uniques font de l\u2019apprentissage de la langue une exp\u00e9rience enrichissante. En explorant son alphabet, ses mutations et ses r\u00e8gles de grammaire, vous d\u00e9couvrirez une riche tradition linguistique. Commencez votre voyage et d\u00e9couvrez la beaut\u00e9 du pachtoune !<\/p>\r\n\r\n                            <a class=\"getStartedHidden\" href=\"https:\/\/app.talkpal.ai\/fr\/signup?lng=\">Commencer<\/a>\r\n        \r\n    <\/div>\r\n\r\n    <figure>\r\n    <img decoding=\"async\" width=\"768\" height=\"768\" src=\"https:\/\/talkpal.ai\/wp-content\/uploads\/2023\/06\/welsh-768x768.png\" class=\"languageImage no-lazy\" alt=\"Default alt text\" fetchpriority=\"high\" sizes=\"(max-width: 768px) 150px, 768px\" srcset=\"https:\/\/talkpal.ai\/wp-content\/uploads\/2023\/06\/welsh-768x768.png 768w, https:\/\/talkpal.ai\/wp-content\/uploads\/2023\/06\/welsh-300x300.png 300w\" \/>\r\n    \r\n\r\n    <\/figure>\r\n\r\n            <a class=\"getStartedVisible\" href=\"https:\/\/app.talkpal.ai\/fr\/signup?lng=\">Commencer<\/a>\r\n    \r\n<\/section><section class=\"promotionalBanner\">\r\n    <p class=\"promotionalText\">La fa\u00e7on la plus efficace d\u2019apprendre une langue<\/p>\r\n    <a class=\"promotionalLink\" href=\"https:\/\/app.talkpal.ai\/fr\/signup?lng=\">Essayez Talkpal gratuitement<\/a>\r\n<\/section>\n<div class=\"wp-block-group pageContainerStyle\"><div class=\"wp-block-group__inner-container is-layout-constrained wp-block-group-is-layout-constrained\">\n<h2 class=\"wp-block-heading\" id=\"h-navigating-the-intricacies-of-pashto-grammar\">Naviguer dans les subtilit\u00e9s de la grammaire pachto<\/h2>\n\n\n\n<p><a href=\"https:\/\/talkpal.ai\/fr\/apprendre-le-pachto\/\">Le pachtoune<\/a>, une langue iranienne orientale avec une histoire riche et une signification culturelle \u00e0 travers l\u2019Afghanistan et le Pakistan, offre une exp\u00e9rience linguistique passionnante pour ceux qui souhaitent explorer son syst\u00e8me grammatical unique. En vous aventurant dans le royaume du pachtoune, vous enrichirez non seulement votre r\u00e9pertoire linguistique, mais vous embarquerez \u00e9galement dans un voyage culturel fascinant. Bien que la <a href=\"https:\/\/talkpal.ai\/pashto-grammar\/\">grammaire pachtoune<\/a> puisse sembler compliqu\u00e9e au d\u00e9but, la d\u00e9composer en \u00e9l\u00e9ments de base rend l\u2019apprentissage de la langue plus accessible. Dans cet article, nous allons explorer le monde captivant de la grammaire pachto et fournir des conseils sur la fa\u00e7on de ma\u00eetriser ses complexit\u00e9s.<\/p>\n\n\n\n<h3 class=\"wp-block-heading\" id=\"h-1-pashto-alphabet-and-phonetics\">1. Alphabet et phon\u00e9tique pachtounes<\/h3>\n\n\n\n<p>Le syst\u00e8me d\u2019\u00e9criture pachtoune est bas\u00e9 sur l\u2019\u00e9criture perso-arabe et comprend des lettres suppl\u00e9mentaires propres au pachtoune, telles que \u067c, \u0689, \u0693, \u06bc, \u0685, \u0681, \u069a, \u0696 et \u06ab. Pour <a href=\"https:\/\/talkpal.ai\/fr\/grammaire\/\">apprendre la grammaire<\/a> pachtoune, il est crucial de se familiariser avec cette \u00e9criture distinctive et le syst\u00e8me sonore du pachtoune, qui comporte des consonnes r\u00e9troflexes et aspir\u00e9es, ainsi que des contrastes de voyelles caract\u00e9ristiques.<\/p>\n\n\n\n<h3 class=\"wp-block-heading\" id=\"h-2-split-ergativity-a-peculiar-pashto-feature\">2. L\u2019ergativit\u00e9 partag\u00e9e : une caract\u00e9ristique particuli\u00e8re du pachto<\/h3>\n\n\n\n<p>L\u2019un des aspects les plus frappants de la grammaire pachto est son ergativit\u00e9 divis\u00e9e en de nombreuses propositions transitives au pass\u00e9. Dans ces contextes, l\u2019agent appara\u00eet dans le cas oblique et le verbe a tendance \u00e0 s\u2019accorder avec l\u2019objet direct en genre et en nombre plut\u00f4t qu\u2019avec l\u2019agent. Comprendre quand ce mod\u00e8le d\u2019alignement s\u2019applique et comment fonctionne l\u2019accord est essentiel pour une communication pr\u00e9cise en pachtoune.<\/p>\n\n\n\n<h3 class=\"wp-block-heading\" id=\"h-3-nouns-and-pronouns-gender-and-cases\">3. Noms et pronoms : genre et cas<\/h3>\n\n\n\n<p>Les noms pachtounes ont un genre grammatical (masculin ou f\u00e9minin) et suivent plusieurs mod\u00e8les de formation pluriels qui varient selon la classe de noms. Le pachto fait \u00e9galement la distinction entre les cas directs et obliques, qui affectent la fa\u00e7on dont les noms et les pronoms se comportent avec des postpositions et dans certaines constructions verbales. Les pronoms en pachto comprennent des formes personnelles, possessives, r\u00e9flexives, d\u00e9monstratives et interrogatives, avec des variantes ind\u00e9pendantes et enclitiques. Se familiariser avec ces formes et leurs distinctions de cas am\u00e9liorera consid\u00e9rablement votre compr\u00e9hension de la grammaire pachtoune.<\/p>\n\n\n\n<h3 class=\"wp-block-heading\" id=\"h-4-verbs-structure-and-conjugation\">4. Verbes : structure et conjugaison<\/h3>\n\n\n\n<p>Les verbes pachtounes suivent un syst\u00e8me distinctif organis\u00e9 autour de l\u2019aspect et du <a href=\"https:\/\/talkpal.ai\/zh-hans\/grammar_exercises\/temps-%e6%b3%95%e8%af%ad%e8%af%ad%e6%b3%95%e7%bb%83%e4%b9%a0\/\">temps<\/a>, avec l\u2019accord de la personne et du nombre. Les temps centraux comprennent le pr\u00e9sent, le pass\u00e9 et le futur, le futur \u00e9tant g\u00e9n\u00e9ralement marqu\u00e9 \u00e0 l\u2019aide de la particule ba. Le pachto fait \u00e9galement un usage robuste des modes tels que le conditionnel, le <a href=\"https:\/\/talkpal.ai\/zh-hans\/grammar_exercises\/subjonctif-%e6%b3%95%e8%af%ad%e8%af%ad%e6%b3%95%e7%bb%83%e4%b9%a0\/\">subjonctif<\/a> et l\u2019<a href=\"https:\/\/talkpal.ai\/ko\/grammar_exercises\/imperatif-%ed%94%84%eb%9e%91%ec%8a%a4-%eb%ac%b8%eb%b2%95-%ec%9a%b4%eb%8f%99\/\">imp\u00e9ratif<\/a>, et emploie des particules de <a href=\"https:\/\/talkpal.ai\/ar\/grammar_exercises\/negation-%d8%aa%d9%85%d8%a7%d8%b1%d9%8a%d9%86-%d9%84%d9%84%d9%82%d9%88%d8%a7%d8%b9%d8%af-%d8%a7%d9%84%d9%81%d8%b1%d9%86%d8%b3%d9%8a%d8%a9\/\">n\u00e9gation<\/a> qui diff\u00e8rent entre les \u00e9nonc\u00e9s et les commandes. Apprendre les mod\u00e8les de conjugaison, y compris les tiges perfectives et imperfectives, am\u00e9liorera votre capacit\u00e9 \u00e0 communiquer efficacement en pachtoune.<\/p>\n\n\n\n<h3 class=\"wp-block-heading\" id=\"h-5-adjectives-agreement-and-placement\">5. Adjectifs : accord et placement<\/h3>\n\n\n\n<p>Dans la grammaire pachtoune, les adjectifs pr\u00e9c\u00e8dent g\u00e9n\u00e9ralement le nom qu\u2019ils modifient, et de nombreux adjectifs ne changent pas de forme pour le genre ou le nombre. Certains adjectifs forment des significations comparatives et superlatives de mani\u00e8re irr\u00e9guli\u00e8re ou par des expressions fixes, qui sont essentielles pour apprendre \u00e0 communiquer plus naturellement.<\/p>\n\n\n\n<p><strong>Exemples :<\/strong><\/p>\n\n\n\n<p><strong>\u2013 Loy Kor (Grande Maison)<\/strong><\/p>\n\n\n\n<p><strong>\u2013 Kuchni Mashuman (petits enfants)<\/strong><\/p>\n\n\n\n<h3 class=\"wp-block-heading\" id=\"h-6-engaging-with-the-language\">6. S&rsquo;engager dans la langue<\/h3>\n\n\n\n<p>La fa\u00e7on la plus efficace de comprendre et d\u2019int\u00e9rioriser pleinement la grammaire pachtoune est de s\u2019engager constamment avec la langue. En lisant la litt\u00e9rature pachtoune, en regardant des films ou des s\u00e9ries t\u00e9l\u00e9vis\u00e9es pachtoudes, en \u00e9coutant la radio et la musique et en communiquant activement avec des locuteurs natifs, vous renforcerez votre compr\u00e9hension de la grammaire tout en \u00e9largissant votre vocabulaire.<\/p>\n\n\n\n<h3 class=\"wp-block-heading\" id=\"h-conclusion\">Conclusion<\/h3>\n\n\n\n<p>Bien que la grammaire pachtoune puisse sembler complexe, vous pouvez ma\u00eetriser cette belle langue avec d\u00e9vouement, pratique et enthousiasme. En vous concentrant sur les r\u00e8gles fondamentales et en vous engageant avec la langue dans diff\u00e9rents contextes, vous am\u00e9liorerez rapidement vos <a href=\"https:\/\/talkpal.ai\/fr\/grammaire\/\">comp\u00e9tences en grammaire<\/a> pachtoune. Kha bakht (bonne chance) avec votre voyage en langue pachtoune, et amusez-vous \u00e0 d\u00e9couvrir le monde \u00e9nigmatique mais captivant de la grammaire pachto !<\/p>\n<\/div><\/div>\n\r\n<section class=\"learnNavigationSection\">\r\n            \r\n        <a href=\"https:\/\/talkpal.ai\/fr\/apprendre-le-pachto\/\">\r\n            <div class=\"learnNavigationWrapper\">\r\n                <div class=\"learnNavigationContent\">\r\n                    <img decoding=\"async\" src=\"https:\/\/talkpal.ai\/wp-content\/uploads\/2025\/11\/Pashto.png\" alt=\"Afghan Flag\">\r\n                    <div>\r\n                        <h4>\u00c0 propos de l\u2019apprentissage du pachto<\/h4>\r\n                        <p>D\u00e9couvrez tout sur la grammaire pachtoune.<\/p>\r\n                    <\/div>\r\n                <\/div>\r\n            <\/div>\r\n        <\/a>\r\n\r\n        \r\n        <a href=\"https:\/\/talkpal.ai\/fr\/exercices-de-grammaire-pachtoune\/\">\r\n            <div class=\"learnNavigationWrapper\">\r\n                <div class=\"learnNavigationContent\">\r\n                    <img decoding=\"async\" src=\"https:\/\/talkpal.ai\/wp-content\/uploads\/2025\/11\/Pashto.png\" alt=\"Afghan Flag\">\r\n                    <div>\r\n                        <h4>Exercice de grammaire pachtoune<\/h4>\r\n                        <p>Pratiquez le pachtoune.<\/p>\r\n                    <\/div>\r\n                <\/div>\r\n            <\/div>\r\n        <\/a>\r\n\r\n            <\/section>","protected":false},"excerpt":{"rendered":"<p>Naviguer dans les subtilit\u00e9s de la grammaire pachto Le pachtoune, une langue iranienne orientale avec une histoire riche et une signification culturelle \u00e0 travers l\u2019Afghanistan et le Pakistan, offre une exp\u00e9rience linguistique passionnante pour ceux qui souhaitent explorer son syst\u00e8me grammatical unique. En vous aventurant dans le royaume du pachtoune, vous enrichirez non seulement votre [&hellip;]<\/p>\n","protected":false},"author":20,"featured_media":0,"parent":0,"menu_order":0,"comment_status":"closed","ping_status":"closed","template":"LearningContentPage.php","meta":{"_acf_changed":false,"footnotes":""},"class_list":["post-1464785","page","type-page","status-publish","hentry"],"acf":[],"yoast_head":"<!-- This site is optimized with the Yoast SEO Premium plugin v27.2 (Yoast SEO v27.2) - https:\/\/yoast.com\/product\/yoast-seo-premium-wordpress\/ -->\n<title>Grammaire pachtoune - Talkpal<\/title>\n<meta name=\"description\" content=\"Ma\u00eetrisez la grammaire pachtoune gr\u00e2ce \u00e0 ce guide complet couvrant l&#039;alphabet, la phon\u00e9tique, l&#039;ergativit\u00e9 fractionn\u00e9e, les noms, les pronoms, les verbes et les adjectifs.\" \/>\n<meta name=\"robots\" content=\"index, follow, max-snippet:-1, max-image-preview:large, max-video-preview:-1\" \/>\n<link rel=\"canonical\" href=\"https:\/\/talkpal.ai\/fr\/grammaire-pachtoune\/\" \/>\n<meta property=\"og:locale\" content=\"fr_FR\" \/>\n<meta property=\"og:type\" content=\"article\" \/>\n<meta property=\"og:title\" content=\"Grammaire pachtoune\" \/>\n<meta property=\"og:description\" content=\"Naviguer dans les subtilit\u00e9s de la grammaire pachto Le pachtoune, une langue iranienne orientale avec une histoire riche et une signification culturelle \u00e0\" \/>\n<meta property=\"og:url\" content=\"https:\/\/talkpal.ai\/fr\/grammaire-pachtoune\/\" \/>\n<meta property=\"og:site_name\" content=\"Talkpal\" \/>\n<meta property=\"article:publisher\" content=\"https:\/\/www.facebook.com\/profile.php?id=100090733639311\" \/>\n<meta property=\"article:modified_time\" content=\"2025-12-30T11:44:02+00:00\" \/>\n<meta property=\"og:image\" content=\"https:\/\/talkpal.ai\/wp-content\/uploads\/2025\/02\/Progress-tab-16_9.png\" \/>\n\t<meta property=\"og:image:width\" content=\"2880\" \/>\n\t<meta property=\"og:image:height\" content=\"1620\" \/>\n\t<meta property=\"og:image:type\" content=\"image\/png\" \/>\n<meta name=\"twitter:card\" content=\"summary_large_image\" \/>\n<meta name=\"twitter:site\" content=\"@talkpalai\" \/>\n<meta name=\"twitter:label1\" content=\"Dur\u00e9e de lecture estim\u00e9e\" \/>\n\t<meta name=\"twitter:data1\" content=\"4 minutes\" \/>\n<script type=\"application\/ld+json\" class=\"yoast-schema-graph\">{\"@context\":\"https:\/\/schema.org\",\"@graph\":[{\"@type\":\"WebPage\",\"@id\":\"https:\/\/talkpal.ai\/fr\/grammaire-pachtoune\/\",\"url\":\"https:\/\/talkpal.ai\/fr\/grammaire-pachtoune\/\",\"name\":\"Grammaire pachtoune - Talkpal\",\"isPartOf\":{\"@id\":\"https:\/\/talkpal.ai\/fr\/#website\"},\"datePublished\":\"2025-11-12T16:20:16+00:00\",\"dateModified\":\"2025-12-30T11:44:02+00:00\",\"description\":\"Ma\u00eetrisez la grammaire pachtoune gr\u00e2ce \u00e0 ce guide complet couvrant l'alphabet, la phon\u00e9tique, l'ergativit\u00e9 fractionn\u00e9e, les noms, les pronoms, les verbes et les adjectifs.\",\"breadcrumb\":{\"@id\":\"https:\/\/talkpal.ai\/fr\/grammaire-pachtoune\/#breadcrumb\"},\"inLanguage\":\"fr-FR\",\"potentialAction\":[{\"@type\":\"ReadAction\",\"target\":[\"https:\/\/talkpal.ai\/fr\/grammaire-pachtoune\/\"]}]},{\"@type\":\"BreadcrumbList\",\"@id\":\"https:\/\/talkpal.ai\/fr\/grammaire-pachtoune\/#breadcrumb\",\"itemListElement\":[{\"@type\":\"ListItem\",\"position\":1,\"name\":\"Homepage\",\"item\":\"https:\/\/talkpal.ai\/fr\/\"},{\"@type\":\"ListItem\",\"position\":2,\"name\":\"Grammaire pachtoune\"}]},{\"@type\":\"WebSite\",\"@id\":\"https:\/\/talkpal.ai\/fr\/#website\",\"url\":\"https:\/\/talkpal.ai\/fr\/\",\"name\":\"Talkpal\",\"description\":\"AI Language Learning\",\"publisher\":{\"@id\":\"https:\/\/talkpal.ai\/fr\/#organization\"},\"alternateName\":\"Talkpal AI\",\"potentialAction\":[{\"@type\":\"SearchAction\",\"target\":{\"@type\":\"EntryPoint\",\"urlTemplate\":\"https:\/\/talkpal.ai\/fr\/?s={search_term_string}\"},\"query-input\":{\"@type\":\"PropertyValueSpecification\",\"valueRequired\":true,\"valueName\":\"search_term_string\"}}],\"inLanguage\":\"fr-FR\"},{\"@type\":\"Organization\",\"@id\":\"https:\/\/talkpal.ai\/fr\/#organization\",\"name\":\"Talkpal, Inc.\",\"alternateName\":\"Talkpal AI\",\"url\":\"https:\/\/talkpal.ai\/fr\/\",\"logo\":{\"@type\":\"ImageObject\",\"inLanguage\":\"fr-FR\",\"@id\":\"https:\/\/talkpal.ai\/fr\/#\/schema\/logo\/image\/\",\"url\":\"https:\/\/talkpal.ai\/wp-content\/uploads\/2024\/03\/Talkpal-Logo-Icon.png\",\"contentUrl\":\"https:\/\/talkpal.ai\/wp-content\/uploads\/2024\/03\/Talkpal-Logo-Icon.png\",\"width\":2880,\"height\":2880,\"caption\":\"Talkpal, Inc.\"},\"image\":{\"@id\":\"https:\/\/talkpal.ai\/fr\/#\/schema\/logo\/image\/\"},\"sameAs\":[\"https:\/\/www.facebook.com\/profile.php?id=100090733639311\",\"https:\/\/x.com\/talkpalai\",\"https:\/\/www.linkedin.com\/company\/talkpal\/\",\"https:\/\/www.youtube.com\/@TalkPal\/\",\"https:\/\/www.tiktok.com\/@talkpal\",\"https:\/\/www.instagram.com\/talkpal_ai\/\",\"https:\/\/www.crunchbase.com\/organization\/talkpal-9cde\",\"https:\/\/www.g2.com\/products\/talkpal-for-business\/\",\"https:\/\/www.trustpilot.com\/review\/talkpal.ai\",\"https:\/\/www.capterra.com\/p\/10006800\/TalkPal\/\"],\"description\":\"Talkpal is a language learning web and mobile education app, powered by the latest AI technologies, that provides engaging experiences to its customers in many different languages to help them improve their language skills. Users can chat about unlimited amount of topics with the app and use other modes to practice their language learning.\",\"email\":\"support@talkpal.ai\",\"legalName\":\"Talkpal, Inc.\",\"foundingDate\":\"2023-04-03\",\"duns\":\"118989042\",\"numberOfEmployees\":{\"@type\":\"QuantitativeValue\",\"minValue\":\"11\",\"maxValue\":\"50\"},\"publishingPrinciples\":\"https:\/\/talkpal.ai\/publishing-principles\/\",\"actionableFeedbackPolicy\":\"https:\/\/talkpal.ai\/actionable-feedback-policy\/\",\"correctionsPolicy\":\"https:\/\/talkpal.ai\/corrections-policy\/\",\"ethicsPolicy\":\"https:\/\/talkpal.ai\/ethics-policy\/\",\"diversityPolicy\":\"https:\/\/talkpal.ai\/diversity-policy\/\",\"diversityStaffingReport\":\"https:\/\/talkpal.ai\/diversity-policy\/\"}]}<\/script>\n<!-- \/ Yoast SEO Premium plugin. -->","yoast_head_json":{"title":"Grammaire pachtoune - Talkpal","description":"Ma\u00eetrisez la grammaire pachtoune gr\u00e2ce \u00e0 ce guide complet couvrant l'alphabet, la phon\u00e9tique, l'ergativit\u00e9 fractionn\u00e9e, les noms, les pronoms, les verbes et les adjectifs.","robots":{"index":"index","follow":"follow","max-snippet":"max-snippet:-1","max-image-preview":"max-image-preview:large","max-video-preview":"max-video-preview:-1"},"canonical":"https:\/\/talkpal.ai\/fr\/grammaire-pachtoune\/","og_locale":"fr_FR","og_type":"article","og_title":"Grammaire pachtoune","og_description":"Naviguer dans les subtilit\u00e9s de la grammaire pachto Le pachtoune, une langue iranienne orientale avec une histoire riche et une signification culturelle \u00e0","og_url":"https:\/\/talkpal.ai\/fr\/grammaire-pachtoune\/","og_site_name":"Talkpal","article_publisher":"https:\/\/www.facebook.com\/profile.php?id=100090733639311","article_modified_time":"2025-12-30T11:44:02+00:00","og_image":[{"width":2880,"height":1620,"url":"https:\/\/talkpal.ai\/wp-content\/uploads\/2025\/02\/Progress-tab-16_9.png","type":"image\/png"}],"twitter_card":"summary_large_image","twitter_site":"@talkpalai","twitter_misc":{"Dur\u00e9e de lecture estim\u00e9e":"4 minutes"},"schema":{"@context":"https:\/\/schema.org","@graph":[{"@type":"WebPage","@id":"https:\/\/talkpal.ai\/fr\/grammaire-pachtoune\/","url":"https:\/\/talkpal.ai\/fr\/grammaire-pachtoune\/","name":"Grammaire pachtoune - Talkpal","isPartOf":{"@id":"https:\/\/talkpal.ai\/fr\/#website"},"datePublished":"2025-11-12T16:20:16+00:00","dateModified":"2025-12-30T11:44:02+00:00","description":"Ma\u00eetrisez la grammaire pachtoune gr\u00e2ce \u00e0 ce guide complet couvrant l'alphabet, la phon\u00e9tique, l'ergativit\u00e9 fractionn\u00e9e, les noms, les pronoms, les verbes et les adjectifs.","breadcrumb":{"@id":"https:\/\/talkpal.ai\/fr\/grammaire-pachtoune\/#breadcrumb"},"inLanguage":"fr-FR","potentialAction":[{"@type":"ReadAction","target":["https:\/\/talkpal.ai\/fr\/grammaire-pachtoune\/"]}]},{"@type":"BreadcrumbList","@id":"https:\/\/talkpal.ai\/fr\/grammaire-pachtoune\/#breadcrumb","itemListElement":[{"@type":"ListItem","position":1,"name":"Homepage","item":"https:\/\/talkpal.ai\/fr\/"},{"@type":"ListItem","position":2,"name":"Grammaire pachtoune"}]},{"@type":"WebSite","@id":"https:\/\/talkpal.ai\/fr\/#website","url":"https:\/\/talkpal.ai\/fr\/","name":"Talkpal","description":"AI Language Learning","publisher":{"@id":"https:\/\/talkpal.ai\/fr\/#organization"},"alternateName":"Talkpal AI","potentialAction":[{"@type":"SearchAction","target":{"@type":"EntryPoint","urlTemplate":"https:\/\/talkpal.ai\/fr\/?s={search_term_string}"},"query-input":{"@type":"PropertyValueSpecification","valueRequired":true,"valueName":"search_term_string"}}],"inLanguage":"fr-FR"},{"@type":"Organization","@id":"https:\/\/talkpal.ai\/fr\/#organization","name":"Talkpal, Inc.","alternateName":"Talkpal AI","url":"https:\/\/talkpal.ai\/fr\/","logo":{"@type":"ImageObject","inLanguage":"fr-FR","@id":"https:\/\/talkpal.ai\/fr\/#\/schema\/logo\/image\/","url":"https:\/\/talkpal.ai\/wp-content\/uploads\/2024\/03\/Talkpal-Logo-Icon.png","contentUrl":"https:\/\/talkpal.ai\/wp-content\/uploads\/2024\/03\/Talkpal-Logo-Icon.png","width":2880,"height":2880,"caption":"Talkpal, Inc."},"image":{"@id":"https:\/\/talkpal.ai\/fr\/#\/schema\/logo\/image\/"},"sameAs":["https:\/\/www.facebook.com\/profile.php?id=100090733639311","https:\/\/x.com\/talkpalai","https:\/\/www.linkedin.com\/company\/talkpal\/","https:\/\/www.youtube.com\/@TalkPal\/","https:\/\/www.tiktok.com\/@talkpal","https:\/\/www.instagram.com\/talkpal_ai\/","https:\/\/www.crunchbase.com\/organization\/talkpal-9cde","https:\/\/www.g2.com\/products\/talkpal-for-business\/","https:\/\/www.trustpilot.com\/review\/talkpal.ai","https:\/\/www.capterra.com\/p\/10006800\/TalkPal\/"],"description":"Talkpal is a language learning web and mobile education app, powered by the latest AI technologies, that provides engaging experiences to its customers in many different languages to help them improve their language skills. Users can chat about unlimited amount of topics with the app and use other modes to practice their language learning.","email":"support@talkpal.ai","legalName":"Talkpal, Inc.","foundingDate":"2023-04-03","duns":"118989042","numberOfEmployees":{"@type":"QuantitativeValue","minValue":"11","maxValue":"50"},"publishingPrinciples":"https:\/\/talkpal.ai\/publishing-principles\/","actionableFeedbackPolicy":"https:\/\/talkpal.ai\/actionable-feedback-policy\/","correctionsPolicy":"https:\/\/talkpal.ai\/corrections-policy\/","ethicsPolicy":"https:\/\/talkpal.ai\/ethics-policy\/","diversityPolicy":"https:\/\/talkpal.ai\/diversity-policy\/","diversityStaffingReport":"https:\/\/talkpal.ai\/diversity-policy\/"}]}},"_links":{"self":[{"href":"https:\/\/talkpal.ai\/fr\/wp-json\/wp\/v2\/pages\/1464785","targetHints":{"allow":["GET"]}}],"collection":[{"href":"https:\/\/talkpal.ai\/fr\/wp-json\/wp\/v2\/pages"}],"about":[{"href":"https:\/\/talkpal.ai\/fr\/wp-json\/wp\/v2\/types\/page"}],"author":[{"embeddable":true,"href":"https:\/\/talkpal.ai\/fr\/wp-json\/wp\/v2\/users\/20"}],"replies":[{"embeddable":true,"href":"https:\/\/talkpal.ai\/fr\/wp-json\/wp\/v2\/comments?post=1464785"}],"version-history":[{"count":0,"href":"https:\/\/talkpal.ai\/fr\/wp-json\/wp\/v2\/pages\/1464785\/revisions"}],"wp:attachment":[{"href":"https:\/\/talkpal.ai\/fr\/wp-json\/wp\/v2\/media?parent=1464785"}],"curies":[{"name":"wp","href":"https:\/\/api.w.org\/{rel}","templated":true}]}}