{"id":1464691,"date":"2025-11-12T17:00:53","date_gmt":"2025-11-12T17:00:53","guid":{"rendered":"https:\/\/talkpal.ai\/exercices-de-grammaire-somalienne\/"},"modified":"2025-12-30T11:15:18","modified_gmt":"2025-12-30T11:15:18","slug":"exercices-de-grammaire-somalienne","status":"publish","type":"page","link":"https:\/\/talkpal.ai\/fr\/exercices-de-grammaire-somalienne\/","title":{"rendered":"Exercices de grammaire somalienne"},"content":{"rendered":"\r\n\r\n\r\n<section class=\"languageChallengeSection\">\r\n    <div class=\"languageInfoWrapper\">\r\n        \r\n        <h1>Exercices de grammaire somalienne<\/h1>\r\n        <p>Pr\u00eat \u00e0 plonger dans la <a href=\"https:\/\/talkpal.ai\/fr\/grammaire-somalienne\/\">grammaire somalienne<\/a> ? Pratiquer quelques bases vous aidera \u00e0 vous sentir \u00e0 l&#039;aise dans cette langue unique et magnifique. Essayez ces exercices pour renforcer votre confiance et vous amuser !<\/p>\r\n\r\n                            <a class=\"getStartedHidden\" href=\"https:\/\/app.talkpal.ai\/fr\/signup?lng=\">Commencer<\/a>\r\n        \r\n    <\/div>\r\n\r\n    <figure>\r\n    <img decoding=\"async\" width=\"768\" height=\"768\" src=\"https:\/\/talkpal.ai\/wp-content\/uploads\/2023\/06\/welsh-768x768.png\" class=\"languageImage no-lazy\" alt=\"Default alt text\" fetchpriority=\"high\" sizes=\"(max-width: 768px) 150px, 768px\" srcset=\"https:\/\/talkpal.ai\/wp-content\/uploads\/2023\/06\/welsh-768x768.png 768w, https:\/\/talkpal.ai\/wp-content\/uploads\/2023\/06\/welsh-300x300.png 300w\" \/>\r\n    \r\n\r\n    <\/figure>\r\n\r\n            <a class=\"getStartedVisible\" href=\"https:\/\/app.talkpal.ai\/fr\/signup?lng=\">Commencer<\/a>\r\n    \r\n<\/section><section class=\"promotionalBanner\">\r\n    <p class=\"promotionalText\">La fa\u00e7on la plus efficace d\u2019apprendre une langue<\/p>\r\n    <a class=\"promotionalLink\" href=\"https:\/\/app.talkpal.ai\/fr\/signup?lng=\">Essayez Talkpal gratuitement<\/a>\r\n<\/section>\n<div class=\"wp-block-group pageContainerStyle\"><div class=\"wp-block-group__inner-container is-layout-constrained wp-block-group-is-layout-constrained\">\n<h2 class=\"wp-block-heading\" id=\"h-somali-grammar-topics\">Sujets de grammaire somalienne<\/h2>\n\n\n\n<p><a href=\"https:\/\/talkpal.ai\/fr\/les-plus-grandes-erreurs-a-eviter-lors-de-lapprentissage-dune-nouvelle-langue\/\">Apprendre une nouvelle langue<\/a> peut \u00eatre une entreprise difficile mais gratifiante. Le <a href=\"https:\/\/talkpal.ai\/learn-somali\/\">somali<\/a>, une langue couchitique parl\u00e9e principalement en Somalie et dans la Corne de l\u2019Afrique et la diaspora, ne fait pas exception. Avec ses caract\u00e9ristiques et ses structures uniques, <a href=\"https:\/\/talkpal.ai\/fr\/talkpal-pour-leducation\/\">l\u2019apprentissage du<\/a> somali n\u00e9cessite une approche syst\u00e9matique pour comprendre sa grammaire. Ce guide d\u00e9crit les domaines cl\u00e9s de la<a href=\"https:\/\/talkpal.ai\/fr\/grammaire-somalienne\/\"> grammaire somalienne<\/a> dans un ordre logique pour <a href=\"https:\/\/talkpal.ai\/fr\/talkpal-pour-leducation\/\">l\u2019apprentissage des langues<\/a>, en commen\u00e7ant par les bases telles que les noms et les articles, et en progressant vers des domaines plus complexes comme les <a href=\"https:\/\/talkpal.ai\/zh-hans\/grammar_exercises\/temps-%e6%b3%95%e8%af%ad%e8%af%ad%e6%b3%95%e7%bb%83%e4%b9%a0\/\">temps<\/a> et la construction de phrases.<\/p>\n\n\n\n<h3 class=\"wp-block-heading\" id=\"h-1-nouns\">1. Noms :<\/h3>\n\n\n\n<p>Commencez votre voyage en langue somalienne en apprenant les noms. Cela inclut la compr\u00e9hension des diff\u00e9rentes cat\u00e9gories de noms, tels que les <a href=\"https:\/\/talkpal.ai\/fr\/grammar\/noms-communs-et-noms-propres-en-grammaire-hebraique\/\">noms communs et propres<\/a>, leur genre grammatical et leurs formes plurielles avec des suffixes communs et des motifs irr\u00e9guliers.<\/p>\n\n\n\n<h3 class=\"wp-block-heading\" id=\"h-2-articles\">2. Articles:<\/h3>\n\n\n\n<p>Les articles en langue somalienne sont utilis\u00e9s diff\u00e9remment qu\u2019en <a href=\"https:\/\/talkpal.ai\/fr\/pratique-de-langlais-par-lia\/\">anglais<\/a>. Le somali utilise un suffixe d\u00e9fini article, g\u00e9n\u00e9ralement -ka ou -ta et -ga ou -da, qui s\u2019attache au dernier mot d\u2019une phrase nominale, tandis que l\u2019ind\u00e9fini est g\u00e9n\u00e9ralement exprim\u00e9 par le nom nu ou des mots comme mid ou hal.<\/p>\n\n\n\n<h3 class=\"wp-block-heading\" id=\"h-3-adjectives\">3. Adjectifs :<\/h3>\n\n\n\n<p>Les adjectifs en somali suivent leurs noms, ce qui est diff\u00e9rent de l\u2019anglais. Ils s\u2019accordent en genre et en nombre et portent souvent le suffixe d\u00e9fini lorsque le groupe nominal est d\u00e9fini ; Apprenez \u00e0 former des comparatifs et des superlatifs avec KA &#8230; Badan et ugu &#8230; Badan.<\/p>\n\n\n\n<h3 class=\"wp-block-heading\" id=\"h-4-pronouns-determiners\">4. Pronoms\/d\u00e9terminants :<\/h3>\n\n\n\n<p>Les pronoms et les d\u00e9terminants sont essentiels en somali ; Ils remplacent les noms et fournissent des informations sur la quantit\u00e9, la possession, etc. Apprenez les pronoms ind\u00e9pendants, les d\u00e9monstratifs comme kan, tan, kuwaas, les quantificateurs tels que qaar et badan, et les terminaisons possessives comme -kayga et -tayda attach\u00e9es \u00e0 des noms d\u00e9finis.<\/p>\n\n\n\n<h3 class=\"wp-block-heading\" id=\"h-5-verbs\">5. Verbes :<\/h3>\n\n\n\n<p>Les verbes somali ont des formes diff\u00e9rentes selon le temps, l\u2019aspect et l\u2019humeur. Commencez par les formes pr\u00e9sentes telles que le -aa habituel et le -ayaa progressif, puis explorez les formes pass\u00e9es et les fa\u00e7ons d\u2019exprimer l\u2019avenir, ainsi que les marqueurs de sujets communs et la <a href=\"https:\/\/talkpal.ai\/ar\/grammar_exercises\/negation-%d8%aa%d9%85%d8%a7%d8%b1%d9%8a%d9%86-%d9%84%d9%84%d9%82%d9%88%d8%a7%d8%b9%d8%af-%d8%a7%d9%84%d9%81%d8%b1%d9%86%d8%b3%d9%8a%d8%a9\/\">n\u00e9gation<\/a> avec ma.<\/p>\n\n\n\n<h3 class=\"wp-block-heading\" id=\"h-6-tenses\">6. Temps :<\/h3>\n\n\n\n<p><a href=\"https:\/\/talkpal.ai\/culture\/how-do-i-use-apres-avoir-followed-by-a-past-participle\/\">Apr\u00e8s avoir<\/a> ma\u00eetris\u00e9 les formes verbales, approfondissez les temps et les aspects du somali. Cela inclut la compr\u00e9hension du pr\u00e9sent habituel, du pr\u00e9sent progressif, du <a href=\"https:\/\/talkpal.ai\/zh-hans\/grammar_exercises\/passe-simple-%e6%b3%95%e8%af%ad%e8%af%ad%e6%b3%95%e7%bb%83%e4%b9%a0\/\">pass\u00e9 simple<\/a>, du pass\u00e9 progressif et des fa\u00e7ons d\u2019exprimer le temps futur avec des adverbes doon et temps, ainsi que les r\u00f4les de particules comme waa, baa et ayaa.<\/p>\n\n\n\n<h3 class=\"wp-block-heading\" id=\"h-7-tense-comparison\">7. Comparaison tendue :<\/h3>\n\n\n\n<p>La comparaison des temps en somali aide \u00e0 comprendre la s\u00e9quence des \u00e9v\u00e9nements. La comparaison du m\u00eame verbe entre les formes habituelles, progressives, pass\u00e9es et futures permettra de mieux comprendre comment les suffixes et les particules changent de sens dans le contexte.<\/p>\n\n\n\n<h3 class=\"wp-block-heading\" id=\"h-8-progressive\">8. Progressif :<\/h3>\n\n\n\n<p>Le terme \u00ab progressiste \u00bb en somali est utilis\u00e9 pour exprimer les actions en cours. Il se forme avec le radical verbal plus -ayaa et des marqueurs de sujet appropri\u00e9s, par exemple waan akhriyayaa pour je lis.<\/p>\n\n\n\n<h3 class=\"wp-block-heading\" id=\"h-9-perfect-progressive\">9. Progressif parfait :<\/h3>\n\n\n\n<p>Ce temps est utilis\u00e9 pour exprimer des actions qui ont \u00e9t\u00e9 en cours jusqu\u2019\u00e0 un point particulier. En somali, il est g\u00e9n\u00e9ralement exprim\u00e9 avec le pass\u00e9 progressif -ayay avec des expressions temporelles telles que tan iyo et ilaa ou avec des constructions comme ku jiray plus un nom verbal.<\/p>\n\n\n\n<h3 class=\"wp-block-heading\" id=\"h-10-conditionals\">10. Conditionnels :<\/h3>\n\n\n\n<p>Les conditionnels expriment des situations hypoth\u00e9tiques et leurs r\u00e9sultats possibles. Ils utilisent couramment la conjonction haddii avec la forme verbale subjonctive, et la n\u00e9gation appara\u00eet avec des formes comme uusan ou aadan selon le cas.<\/p>\n\n\n\n<h3 class=\"wp-block-heading\" id=\"h-11-adverbs\">11. Adverbes :<\/h3>\n\n\n\n<p>Les adverbes en somali modifient les verbes, les adjectifs ou d\u2019autres adverbes. Ils fournissent des informations sur la mani\u00e8re, le lieu, le temps, le degr\u00e9, etc., souvent form\u00e9s avec si pour mani\u00e8re et y compris des \u00e9l\u00e9ments courants comme hadda, berri, halkaa et aad.<\/p>\n\n\n\n<h3 class=\"wp-block-heading\" id=\"h-12-prepositions\">12. Pr\u00e9positions :<\/h3>\n\n\n\n<p>Les pr\u00e9positions relient les mots et les phrases entre eux. Le somali utilise des \u00e9l\u00e9ments tels que ku in or at, ka from, u to or for, la with et dhex between, qui se combinent avec des suffixes pronominaux tels que igu, kaa et ugu.<\/p>\n\n\n\n<h3 class=\"wp-block-heading\" id=\"h-13-sentences\">13. Peines :<\/h3>\n\n\n\n<p>Enfin, entra\u00eenez-vous \u00e0 construire des phrases. Cela impliquera d\u2019utiliser tous les points de grammaire pr\u00e9c\u00e9demment appris dans leur contexte, en notant que le somali tend vers l\u2019ordre final des verbes et utilise des marqueurs de focus et de sujet tels que waa, baa et ayaa, avec la n\u00e9gation marqu\u00e9e par ma.<\/p>\n<\/div><\/div>\n\r\n<section class=\"learnNavigationSection\">\r\n            \r\n        <a href=\"https:\/\/talkpal.ai\/fr\/apprendre-le-somali\/\">\r\n            <div class=\"learnNavigationWrapper\">\r\n                <div class=\"learnNavigationContent\">\r\n                    <img decoding=\"async\" src=\"https:\/\/talkpal.ai\/wp-content\/uploads\/2025\/11\/Somali.png\" alt=\"Somalian Flag\">\r\n                    <div>\r\n                        <h4>\u00c0 propos de Somali Learning<\/h4>\r\n                        <p>D\u00e9couvrez tout sur la grammaire somalienne.<\/p>\r\n                    <\/div>\r\n                <\/div>\r\n            <\/div>\r\n        <\/a>\r\n\r\n        \r\n        <a href=\"https:\/\/talkpal.ai\/fr\/grammaire-somalienne\/\">\r\n            <div class=\"learnNavigationWrapper\">\r\n                <div class=\"learnNavigationContent\">\r\n                    <img decoding=\"async\" src=\"https:\/\/talkpal.ai\/wp-content\/uploads\/2025\/11\/Somali.png\" alt=\"Somalian Flag\">\r\n                    <div>\r\n                        <h4>Cours de grammaire somalienne<\/h4>\r\n                        <p>Pratiquez la grammaire somalienne.<\/p>\r\n                    <\/div>\r\n                <\/div>\r\n            <\/div>\r\n        <\/a>\r\n\r\n            <\/section>","protected":false},"excerpt":{"rendered":"<p>Sujets de grammaire somalienne Apprendre une nouvelle langue peut \u00eatre une entreprise difficile mais gratifiante. Le somali, une langue couchitique parl\u00e9e principalement en Somalie et dans la Corne de l\u2019Afrique et la diaspora, ne fait pas exception. Avec ses caract\u00e9ristiques et ses structures uniques, l\u2019apprentissage du somali n\u00e9cessite une approche syst\u00e9matique pour comprendre sa grammaire. [&hellip;]<\/p>\n","protected":false},"author":20,"featured_media":0,"parent":0,"menu_order":0,"comment_status":"closed","ping_status":"closed","template":"LearningContentPage.php","meta":{"_acf_changed":false,"footnotes":""},"class_list":["post-1464691","page","type-page","status-publish","hentry"],"acf":[],"yoast_head":"<!-- This site is optimized with the Yoast SEO Premium plugin v27.2 (Yoast SEO v27.2) - https:\/\/yoast.com\/product\/yoast-seo-premium-wordpress\/ -->\n<title>Exercices de grammaire somalienne - Talkpal<\/title>\n<meta name=\"description\" content=\"Ma\u00eetrisez la grammaire somalienne gr\u00e2ce \u00e0 nos exercices complets couvrant les noms, les verbes et les temps pour un apprentissage efficace de la langue.\" \/>\n<meta name=\"robots\" content=\"index, follow, max-snippet:-1, max-image-preview:large, max-video-preview:-1\" \/>\n<link rel=\"canonical\" href=\"https:\/\/talkpal.ai\/fr\/exercices-de-grammaire-somalienne\/\" \/>\n<meta property=\"og:locale\" content=\"fr_FR\" \/>\n<meta property=\"og:type\" content=\"article\" \/>\n<meta property=\"og:title\" content=\"Exercices de grammaire somalienne\" \/>\n<meta property=\"og:description\" content=\"Sujets de grammaire somalienne Apprendre une nouvelle langue peut \u00eatre une entreprise difficile mais gratifiante. Le somali, une langue couchitique parl\u00e9e\" \/>\n<meta property=\"og:url\" content=\"https:\/\/talkpal.ai\/fr\/exercices-de-grammaire-somalienne\/\" \/>\n<meta property=\"og:site_name\" content=\"Talkpal\" \/>\n<meta property=\"article:publisher\" content=\"https:\/\/www.facebook.com\/profile.php?id=100090733639311\" \/>\n<meta property=\"article:modified_time\" content=\"2025-12-30T11:15:18+00:00\" \/>\n<meta property=\"og:image\" content=\"https:\/\/talkpal.ai\/wp-content\/uploads\/2025\/02\/Progress-tab-16_9.png\" \/>\n\t<meta property=\"og:image:width\" content=\"2880\" \/>\n\t<meta property=\"og:image:height\" content=\"1620\" \/>\n\t<meta property=\"og:image:type\" content=\"image\/png\" \/>\n<meta name=\"twitter:card\" content=\"summary_large_image\" \/>\n<meta name=\"twitter:site\" content=\"@talkpalai\" \/>\n<meta name=\"twitter:label1\" content=\"Dur\u00e9e de lecture estim\u00e9e\" \/>\n\t<meta name=\"twitter:data1\" content=\"4 minutes\" \/>\n<script type=\"application\/ld+json\" class=\"yoast-schema-graph\">{\"@context\":\"https:\/\/schema.org\",\"@graph\":[{\"@type\":\"WebPage\",\"@id\":\"https:\/\/talkpal.ai\/fr\/exercices-de-grammaire-somalienne\/\",\"url\":\"https:\/\/talkpal.ai\/fr\/exercices-de-grammaire-somalienne\/\",\"name\":\"Exercices de grammaire somalienne - Talkpal\",\"isPartOf\":{\"@id\":\"https:\/\/talkpal.ai\/fr\/#website\"},\"datePublished\":\"2025-11-12T17:00:53+00:00\",\"dateModified\":\"2025-12-30T11:15:18+00:00\",\"description\":\"Ma\u00eetrisez la grammaire somalienne gr\u00e2ce \u00e0 nos exercices complets couvrant les noms, les verbes et les temps pour un apprentissage efficace de la langue.\",\"breadcrumb\":{\"@id\":\"https:\/\/talkpal.ai\/fr\/exercices-de-grammaire-somalienne\/#breadcrumb\"},\"inLanguage\":\"fr-FR\",\"potentialAction\":[{\"@type\":\"ReadAction\",\"target\":[\"https:\/\/talkpal.ai\/fr\/exercices-de-grammaire-somalienne\/\"]}]},{\"@type\":\"BreadcrumbList\",\"@id\":\"https:\/\/talkpal.ai\/fr\/exercices-de-grammaire-somalienne\/#breadcrumb\",\"itemListElement\":[{\"@type\":\"ListItem\",\"position\":1,\"name\":\"Homepage\",\"item\":\"https:\/\/talkpal.ai\/fr\/\"},{\"@type\":\"ListItem\",\"position\":2,\"name\":\"Exercices de grammaire somalienne\"}]},{\"@type\":\"WebSite\",\"@id\":\"https:\/\/talkpal.ai\/fr\/#website\",\"url\":\"https:\/\/talkpal.ai\/fr\/\",\"name\":\"Talkpal\",\"description\":\"AI Language Learning\",\"publisher\":{\"@id\":\"https:\/\/talkpal.ai\/fr\/#organization\"},\"alternateName\":\"Talkpal AI\",\"potentialAction\":[{\"@type\":\"SearchAction\",\"target\":{\"@type\":\"EntryPoint\",\"urlTemplate\":\"https:\/\/talkpal.ai\/fr\/?s={search_term_string}\"},\"query-input\":{\"@type\":\"PropertyValueSpecification\",\"valueRequired\":true,\"valueName\":\"search_term_string\"}}],\"inLanguage\":\"fr-FR\"},{\"@type\":\"Organization\",\"@id\":\"https:\/\/talkpal.ai\/fr\/#organization\",\"name\":\"Talkpal, Inc.\",\"alternateName\":\"Talkpal AI\",\"url\":\"https:\/\/talkpal.ai\/fr\/\",\"logo\":{\"@type\":\"ImageObject\",\"inLanguage\":\"fr-FR\",\"@id\":\"https:\/\/talkpal.ai\/fr\/#\/schema\/logo\/image\/\",\"url\":\"https:\/\/talkpal.ai\/wp-content\/uploads\/2024\/03\/Talkpal-Logo-Icon.png\",\"contentUrl\":\"https:\/\/talkpal.ai\/wp-content\/uploads\/2024\/03\/Talkpal-Logo-Icon.png\",\"width\":2880,\"height\":2880,\"caption\":\"Talkpal, Inc.\"},\"image\":{\"@id\":\"https:\/\/talkpal.ai\/fr\/#\/schema\/logo\/image\/\"},\"sameAs\":[\"https:\/\/www.facebook.com\/profile.php?id=100090733639311\",\"https:\/\/x.com\/talkpalai\",\"https:\/\/www.linkedin.com\/company\/talkpal\/\",\"https:\/\/www.youtube.com\/@TalkPal\/\",\"https:\/\/www.tiktok.com\/@talkpal\",\"https:\/\/www.instagram.com\/talkpal_ai\/\",\"https:\/\/www.crunchbase.com\/organization\/talkpal-9cde\",\"https:\/\/www.g2.com\/products\/talkpal-for-business\/\",\"https:\/\/www.trustpilot.com\/review\/talkpal.ai\",\"https:\/\/www.capterra.com\/p\/10006800\/TalkPal\/\"],\"description\":\"Talkpal is a language learning web and mobile education app, powered by the latest AI technologies, that provides engaging experiences to its customers in many different languages to help them improve their language skills. Users can chat about unlimited amount of topics with the app and use other modes to practice their language learning.\",\"email\":\"support@talkpal.ai\",\"legalName\":\"Talkpal, Inc.\",\"foundingDate\":\"2023-04-03\",\"duns\":\"118989042\",\"numberOfEmployees\":{\"@type\":\"QuantitativeValue\",\"minValue\":\"11\",\"maxValue\":\"50\"},\"publishingPrinciples\":\"https:\/\/talkpal.ai\/publishing-principles\/\",\"actionableFeedbackPolicy\":\"https:\/\/talkpal.ai\/actionable-feedback-policy\/\",\"correctionsPolicy\":\"https:\/\/talkpal.ai\/corrections-policy\/\",\"ethicsPolicy\":\"https:\/\/talkpal.ai\/ethics-policy\/\",\"diversityPolicy\":\"https:\/\/talkpal.ai\/diversity-policy\/\",\"diversityStaffingReport\":\"https:\/\/talkpal.ai\/diversity-policy\/\"}]}<\/script>\n<!-- \/ Yoast SEO Premium plugin. -->","yoast_head_json":{"title":"Exercices de grammaire somalienne - Talkpal","description":"Ma\u00eetrisez la grammaire somalienne gr\u00e2ce \u00e0 nos exercices complets couvrant les noms, les verbes et les temps pour un apprentissage efficace de la langue.","robots":{"index":"index","follow":"follow","max-snippet":"max-snippet:-1","max-image-preview":"max-image-preview:large","max-video-preview":"max-video-preview:-1"},"canonical":"https:\/\/talkpal.ai\/fr\/exercices-de-grammaire-somalienne\/","og_locale":"fr_FR","og_type":"article","og_title":"Exercices de grammaire somalienne","og_description":"Sujets de grammaire somalienne Apprendre une nouvelle langue peut \u00eatre une entreprise difficile mais gratifiante. Le somali, une langue couchitique parl\u00e9e","og_url":"https:\/\/talkpal.ai\/fr\/exercices-de-grammaire-somalienne\/","og_site_name":"Talkpal","article_publisher":"https:\/\/www.facebook.com\/profile.php?id=100090733639311","article_modified_time":"2025-12-30T11:15:18+00:00","og_image":[{"width":2880,"height":1620,"url":"https:\/\/talkpal.ai\/wp-content\/uploads\/2025\/02\/Progress-tab-16_9.png","type":"image\/png"}],"twitter_card":"summary_large_image","twitter_site":"@talkpalai","twitter_misc":{"Dur\u00e9e de lecture estim\u00e9e":"4 minutes"},"schema":{"@context":"https:\/\/schema.org","@graph":[{"@type":"WebPage","@id":"https:\/\/talkpal.ai\/fr\/exercices-de-grammaire-somalienne\/","url":"https:\/\/talkpal.ai\/fr\/exercices-de-grammaire-somalienne\/","name":"Exercices de grammaire somalienne - Talkpal","isPartOf":{"@id":"https:\/\/talkpal.ai\/fr\/#website"},"datePublished":"2025-11-12T17:00:53+00:00","dateModified":"2025-12-30T11:15:18+00:00","description":"Ma\u00eetrisez la grammaire somalienne gr\u00e2ce \u00e0 nos exercices complets couvrant les noms, les verbes et les temps pour un apprentissage efficace de la langue.","breadcrumb":{"@id":"https:\/\/talkpal.ai\/fr\/exercices-de-grammaire-somalienne\/#breadcrumb"},"inLanguage":"fr-FR","potentialAction":[{"@type":"ReadAction","target":["https:\/\/talkpal.ai\/fr\/exercices-de-grammaire-somalienne\/"]}]},{"@type":"BreadcrumbList","@id":"https:\/\/talkpal.ai\/fr\/exercices-de-grammaire-somalienne\/#breadcrumb","itemListElement":[{"@type":"ListItem","position":1,"name":"Homepage","item":"https:\/\/talkpal.ai\/fr\/"},{"@type":"ListItem","position":2,"name":"Exercices de grammaire somalienne"}]},{"@type":"WebSite","@id":"https:\/\/talkpal.ai\/fr\/#website","url":"https:\/\/talkpal.ai\/fr\/","name":"Talkpal","description":"AI Language Learning","publisher":{"@id":"https:\/\/talkpal.ai\/fr\/#organization"},"alternateName":"Talkpal AI","potentialAction":[{"@type":"SearchAction","target":{"@type":"EntryPoint","urlTemplate":"https:\/\/talkpal.ai\/fr\/?s={search_term_string}"},"query-input":{"@type":"PropertyValueSpecification","valueRequired":true,"valueName":"search_term_string"}}],"inLanguage":"fr-FR"},{"@type":"Organization","@id":"https:\/\/talkpal.ai\/fr\/#organization","name":"Talkpal, Inc.","alternateName":"Talkpal AI","url":"https:\/\/talkpal.ai\/fr\/","logo":{"@type":"ImageObject","inLanguage":"fr-FR","@id":"https:\/\/talkpal.ai\/fr\/#\/schema\/logo\/image\/","url":"https:\/\/talkpal.ai\/wp-content\/uploads\/2024\/03\/Talkpal-Logo-Icon.png","contentUrl":"https:\/\/talkpal.ai\/wp-content\/uploads\/2024\/03\/Talkpal-Logo-Icon.png","width":2880,"height":2880,"caption":"Talkpal, Inc."},"image":{"@id":"https:\/\/talkpal.ai\/fr\/#\/schema\/logo\/image\/"},"sameAs":["https:\/\/www.facebook.com\/profile.php?id=100090733639311","https:\/\/x.com\/talkpalai","https:\/\/www.linkedin.com\/company\/talkpal\/","https:\/\/www.youtube.com\/@TalkPal\/","https:\/\/www.tiktok.com\/@talkpal","https:\/\/www.instagram.com\/talkpal_ai\/","https:\/\/www.crunchbase.com\/organization\/talkpal-9cde","https:\/\/www.g2.com\/products\/talkpal-for-business\/","https:\/\/www.trustpilot.com\/review\/talkpal.ai","https:\/\/www.capterra.com\/p\/10006800\/TalkPal\/"],"description":"Talkpal is a language learning web and mobile education app, powered by the latest AI technologies, that provides engaging experiences to its customers in many different languages to help them improve their language skills. Users can chat about unlimited amount of topics with the app and use other modes to practice their language learning.","email":"support@talkpal.ai","legalName":"Talkpal, Inc.","foundingDate":"2023-04-03","duns":"118989042","numberOfEmployees":{"@type":"QuantitativeValue","minValue":"11","maxValue":"50"},"publishingPrinciples":"https:\/\/talkpal.ai\/publishing-principles\/","actionableFeedbackPolicy":"https:\/\/talkpal.ai\/actionable-feedback-policy\/","correctionsPolicy":"https:\/\/talkpal.ai\/corrections-policy\/","ethicsPolicy":"https:\/\/talkpal.ai\/ethics-policy\/","diversityPolicy":"https:\/\/talkpal.ai\/diversity-policy\/","diversityStaffingReport":"https:\/\/talkpal.ai\/diversity-policy\/"}]}},"_links":{"self":[{"href":"https:\/\/talkpal.ai\/fr\/wp-json\/wp\/v2\/pages\/1464691","targetHints":{"allow":["GET"]}}],"collection":[{"href":"https:\/\/talkpal.ai\/fr\/wp-json\/wp\/v2\/pages"}],"about":[{"href":"https:\/\/talkpal.ai\/fr\/wp-json\/wp\/v2\/types\/page"}],"author":[{"embeddable":true,"href":"https:\/\/talkpal.ai\/fr\/wp-json\/wp\/v2\/users\/20"}],"replies":[{"embeddable":true,"href":"https:\/\/talkpal.ai\/fr\/wp-json\/wp\/v2\/comments?post=1464691"}],"version-history":[{"count":0,"href":"https:\/\/talkpal.ai\/fr\/wp-json\/wp\/v2\/pages\/1464691\/revisions"}],"wp:attachment":[{"href":"https:\/\/talkpal.ai\/fr\/wp-json\/wp\/v2\/media?parent=1464691"}],"curies":[{"name":"wp","href":"https:\/\/api.w.org\/{rel}","templated":true}]}}