{"id":1464649,"date":"2025-11-12T16:33:49","date_gmt":"2025-11-12T16:33:49","guid":{"rendered":"https:\/\/talkpal.ai\/exercices-de-grammaire-pendjabi\/"},"modified":"2025-12-30T11:21:01","modified_gmt":"2025-12-30T11:21:01","slug":"exercices-de-grammaire-pendjabi","status":"publish","type":"page","link":"https:\/\/talkpal.ai\/fr\/exercices-de-grammaire-pendjabi\/","title":{"rendered":"Exercices de grammaire pendjabi"},"content":{"rendered":"\r\n\r\n\r\n<section class=\"languageChallengeSection\">\r\n    <div class=\"languageInfoWrapper\">\r\n        \r\n        <h1>Exercices de grammaire pendjabi<\/h1>\r\n        <p>Pr\u00eat \u00e0 plonger dans la grammaire pendjabi ? Pratiquer quelques bases vous aidera \u00e0 vous sentir \u00e0 l&#039;aise dans cette langue unique et magnifique. Essayez ces exercices pour renforcer votre confiance et vous amuser !<\/p>\r\n\r\n                            <a class=\"getStartedHidden\" href=\"https:\/\/app.talkpal.ai\/fr\/signup?lng=\">Commencer<\/a>\r\n        \r\n    <\/div>\r\n\r\n    <figure>\r\n    <img decoding=\"async\" width=\"768\" height=\"768\" src=\"https:\/\/talkpal.ai\/wp-content\/uploads\/2023\/06\/welsh-768x768.png\" class=\"languageImage no-lazy\" alt=\"Default alt text\" fetchpriority=\"high\" sizes=\"(max-width: 768px) 150px, 768px\" srcset=\"https:\/\/talkpal.ai\/wp-content\/uploads\/2023\/06\/welsh-768x768.png 768w, https:\/\/talkpal.ai\/wp-content\/uploads\/2023\/06\/welsh-300x300.png 300w\" \/>\r\n    \r\n\r\n    <\/figure>\r\n\r\n            <a class=\"getStartedVisible\" href=\"https:\/\/app.talkpal.ai\/fr\/signup?lng=\">Commencer<\/a>\r\n    \r\n<\/section><section class=\"promotionalBanner\">\r\n    <p class=\"promotionalText\">La fa\u00e7on la plus efficace d\u2019apprendre une langue<\/p>\r\n    <a class=\"promotionalLink\" href=\"https:\/\/app.talkpal.ai\/fr\/signup?lng=\">Essayez Talkpal gratuitement<\/a>\r\n<\/section>\n<div class=\"wp-block-group pageContainerStyle\"><div class=\"wp-block-group__inner-container is-layout-constrained wp-block-group-is-layout-constrained\">\n<h2 class=\"wp-block-heading\" id=\"h-punjabi-grammar-topics\">Sujets de grammaire pendjabi<\/h2>\n\n\n\n<p><a href=\"https:\/\/talkpal.ai\/fr\/les-plus-grandes-erreurs-a-eviter-lors-de-lapprentissage-dune-nouvelle-langue\/\">Apprendre une nouvelle langue<\/a> peut \u00eatre une entreprise difficile mais gratifiante. Le pendjabi, une langue indo-aryenne parl\u00e9e principalement dans la r\u00e9gion du Pendjab et dans les communaut\u00e9s de la diaspora, ne fait pas exception. Avec ses caract\u00e9ristiques et ses structures uniques, <a href=\"https:\/\/talkpal.ai\/fr\/talkpal-pour-leducation\/\">l\u2019apprentissage du<\/a> pendjabi n\u00e9cessite une approche syst\u00e9matique pour comprendre sa grammaire. Ce guide d\u00e9crit les domaines cl\u00e9s de la <a href=\"https:\/\/talkpal.ai\/fr\/grammaire-pendjabi\/\">grammaire pendjabi <\/a>dans un ordre logique pour <a href=\"https:\/\/talkpal.ai\/fr\/talkpal-pour-leducation\/\">l\u2019apprentissage des langues<\/a>, en commen\u00e7ant par les bases telles que les noms et les articles, et en progressant vers des domaines plus complexes comme les <a href=\"https:\/\/talkpal.ai\/zh-hans\/grammar_exercises\/temps-%e6%b3%95%e8%af%ad%e8%af%ad%e6%b3%95%e7%bb%83%e4%b9%a0\/\">temps<\/a> et la construction de phrases.<\/p>\n\n\n\n<h3 class=\"wp-block-heading\" id=\"h-1-nouns\">1. Noms :<\/h3>\n\n\n\n<p>Commencez votre voyage dans la langue pendjabi en apprenant les noms. Il s\u2019agit notamment de comprendre les diff\u00e9rentes cat\u00e9gories de noms, tels que les <a href=\"https:\/\/talkpal.ai\/fr\/grammar\/noms-communs-et-noms-propres-en-grammaire-hebraique\/\">noms communs et propres<\/a>, leur genre (masculin et f\u00e9minin) et leurs formes plurielles.<\/p>\n\n\n\n<h3 class=\"wp-block-heading\" id=\"h-2-articles\">2. Articles:<\/h3>\n\n\n\n<p>Les articles en langue pendjabi ne sont pas utilis\u00e9s de la m\u00eame mani\u00e8re qu\u2019ils le sont en <a href=\"https:\/\/talkpal.ai\/fr\/pratique-de-langlais-par-lia\/\">anglais<\/a>. Le pendjabi n\u2019a pas d\u2019<a href=\"https:\/\/talkpal.ai\/fr\/grammar\/articles-definis-en-grammaire-catalane\/\">articles d\u00e9finis<\/a> ou ind\u00e9finis\u00a0; La d\u00e9finition est exprim\u00e9e par le contexte ou les d\u00e9monstratifs, et le chiffre ik peut fonctionner comme un <a href=\"https:\/\/talkpal.ai\/fr\/grammar\/article-indefini-en-grammaire-afrikaans\/\">article ind\u00e9fini<\/a> dans certains contextes.<\/p>\n\n\n\n<h3 class=\"wp-block-heading\" id=\"h-3-adjectives\">3. Adjectifs :<\/h3>\n\n\n\n<p>Les adjectifs en pendjabi pr\u00e9c\u00e8dent g\u00e9n\u00e9ralement leurs noms et s\u2019accordent avec le nom en termes de genre, de nombre et de casse. Vous devrez \u00e9galement apprendre comment leurs terminaisons changent et comment former des comparatifs et des superlatifs en utilisant des mots comme hor et sabh ton.<\/p>\n\n\n\n<h3 class=\"wp-block-heading\" id=\"h-4-pronouns-determiners\">4. Pronoms\/d\u00e9terminants :<\/h3>\n\n\n\n<p>Les pronoms et les d\u00e9terminants sont essentiels en pendjabi ; Ils remplacent les noms et fournissent des informations sur la quantit\u00e9, la possession, etc. Apprenez les formes directes et obliques utilis\u00e9es avec les postpositions, ainsi que les d\u00e9monstratifs comme eh et oh et les possessifs comme mera et tera pour une communication efficace.<\/p>\n\n\n\n<h3 class=\"wp-block-heading\" id=\"h-5-verbs\">5. Verbes :<\/h3>\n\n\n\n<p>Les verbes pendjabi ont des formes diff\u00e9rentes selon le temps, l\u2019aspect, l\u2019humeur et la voix, et ils travaillent en \u00e9troite collaboration avec le verbe auxiliaire hona. Commencez par les formes habituelles pr\u00e9sentes et explorez progressivement les formes perfectives et futures.<\/p>\n\n\n\n<h3 class=\"wp-block-heading\" id=\"h-6-tenses\">6. Temps :<\/h3>\n\n\n\n<p><a href=\"https:\/\/talkpal.ai\/culture\/how-do-i-use-apres-avoir-followed-by-a-past-participle\/\">Apr\u00e8s avoir<\/a> ma\u00eetris\u00e9 les formes verbales, approfondissez les temps pendjabi. Il s\u2019agit notamment de comprendre comment le temps pr\u00e9sent, pass\u00e9 et futur s\u2019exprime \u00e0 travers des participes aspectuels avec des auxiliaires ou des formes futures synth\u00e9tiques, et comment ils sont utilis\u00e9s dans diff\u00e9rents contextes.<\/p>\n\n\n\n<h3 class=\"wp-block-heading\" id=\"h-7-tense-comparison\">7. Comparaison tendue :<\/h3>\n\n\n\n<p>La comparaison des temps en pendjabi aide \u00e0 comprendre la s\u00e9quence des \u00e9v\u00e9nements. La comparaison du m\u00eame verbe dans diff\u00e9rents temps et aspects vous permettra de mieux comprendre les mod\u00e8les d\u2019accord et l\u2019usage.<\/p>\n\n\n\n<h3 class=\"wp-block-heading\" id=\"h-8-progressive\">8. Progressif :<\/h3>\n\n\n\n<p>Le terme \u00ab progressiste \u00bb en pendjabi est utilis\u00e9 pour exprimer des actions en <a href=\"https:\/\/talkpal.ai\/courses\/\">cours<\/a>. Il se forme en utilisant le participe progressif reha, rahi ou rahe avec la forme appropri\u00e9e du verbe \u00eatre.<\/p>\n\n\n\n<h3 class=\"wp-block-heading\" id=\"h-9-perfect-progressive\">9. Progressif parfait :<\/h3>\n\n\n\n<p>Ceci est utilis\u00e9 pour exprimer des actions qui ont \u00e9t\u00e9 en cours jusqu\u2019\u00e0 un point particulier. En pendjabi, il se forme avec le participe progressif reha, rahi ou rahe ainsi que la forme parfaite ou pass\u00e9e du verbe \u00eatre.<\/p>\n\n\n\n<h3 class=\"wp-block-heading\" id=\"h-10-conditionals\">10. Conditionnels :<\/h3>\n\n\n\n<p>Les conditionnels expriment des situations hypoth\u00e9tiques et leurs r\u00e9sultats possibles. Ils constituent une partie importante de la grammaire pendjabi et utilisent souvent des structures avec des clauses je et then, ainsi que des formes verbales ou modales appropri\u00e9es, pour ajouter de la nuance \u00e0 vos comp\u00e9tences linguistiques.<\/p>\n\n\n\n<h3 class=\"wp-block-heading\" id=\"h-11-adverbs\">11. Adverbes :<\/h3>\n\n\n\n<p>Les adverbes en pendjabi modifient les verbes, les adjectifs ou d\u2019autres adverbes. Ils fournissent des informations sur la mani\u00e8re, le lieu, le temps, le degr\u00e9, etc., et sont essentiels \u00e0 une expression pr\u00e9cise.<\/p>\n\n\n\n<h3 class=\"wp-block-heading\" id=\"h-12-prepositions\">12. Pr\u00e9positions :<\/h3>\n\n\n\n<p>Le pendjabi utilise des postpositions plut\u00f4t que des pr\u00e9positions ; Ils suivent le nom et n\u00e9cessitent souvent le nom dans le cas oblique. Ils expriment des relations de temps, de lieu, de direction, etc.<\/p>\n\n\n\n<h3 class=\"wp-block-heading\" id=\"h-13-sentences\">13. Peines :<\/h3>\n\n\n\n<p>Enfin, entra\u00eenez-vous \u00e0 construire des phrases. Cela impliquera d\u2019utiliser tous les points de grammaire pr\u00e9c\u00e9demment appris dans leur contexte, g\u00e9n\u00e9ralement avec un objet sujet, un verbe, un ordre des mots et des postpositions, assurant ainsi une compr\u00e9hension compl\u00e8te de la langue pendjabi.<\/p>\n<\/div><\/div>\n\r\n<section class=\"learnNavigationSection\">\r\n            \r\n        <a href=\"https:\/\/talkpal.ai\/fr\/apprendre-le-pendjabi\/\">\r\n            <div class=\"learnNavigationWrapper\">\r\n                <div class=\"learnNavigationContent\">\r\n                    <img decoding=\"async\" src=\"https:\/\/talkpal.ai\/wp-content\/uploads\/2025\/11\/Punjabi.png\" alt=\"Indian Simplified Flag\">\r\n                    <div>\r\n                        <h4>\u00c0 propos de l\u2019apprentissage du pendjabi<\/h4>\r\n                        <p>D\u00e9couvrez tout sur la grammaire pendjabi.<\/p>\r\n                    <\/div>\r\n                <\/div>\r\n            <\/div>\r\n        <\/a>\r\n\r\n        \r\n        <a href=\"https:\/\/talkpal.ai\/fr\/grammaire-pendjabi\/\">\r\n            <div class=\"learnNavigationWrapper\">\r\n                <div class=\"learnNavigationContent\">\r\n                    <img decoding=\"async\" src=\"https:\/\/talkpal.ai\/wp-content\/uploads\/2025\/11\/Punjabi.png\" alt=\"Indian Simplified Flag\">\r\n                    <div>\r\n                        <h4>Cours de grammaire pendjabi<\/h4>\r\n                        <p>Pratiquez la grammaire pendjabi.<\/p>\r\n                    <\/div>\r\n                <\/div>\r\n            <\/div>\r\n        <\/a>\r\n\r\n            <\/section>","protected":false},"excerpt":{"rendered":"<p>Sujets de grammaire pendjabi Apprendre une nouvelle langue peut \u00eatre une entreprise difficile mais gratifiante. Le pendjabi, une langue indo-aryenne parl\u00e9e principalement dans la r\u00e9gion du Pendjab et dans les communaut\u00e9s de la diaspora, ne fait pas exception. Avec ses caract\u00e9ristiques et ses structures uniques, l\u2019apprentissage du pendjabi n\u00e9cessite une approche syst\u00e9matique pour comprendre sa [&hellip;]<\/p>\n","protected":false},"author":20,"featured_media":0,"parent":0,"menu_order":0,"comment_status":"closed","ping_status":"closed","template":"LearningContentPage.php","meta":{"_acf_changed":false,"footnotes":""},"class_list":["post-1464649","page","type-page","status-publish","hentry"],"acf":[],"yoast_head":"<!-- This site is optimized with the Yoast SEO Premium plugin v27.2 (Yoast SEO v27.2) - https:\/\/yoast.com\/product\/yoast-seo-premium-wordpress\/ -->\n<title>Exercices de grammaire pendjabi - Talkpal<\/title>\n<meta name=\"description\" content=\"Ma\u00eetrisez la grammaire du punjabi gr\u00e2ce \u00e0 des exercices interactifs con\u00e7us pour am\u00e9liorer votre aisance et votre confiance dans la langue.\" \/>\n<meta name=\"robots\" content=\"index, follow, max-snippet:-1, max-image-preview:large, max-video-preview:-1\" \/>\n<link rel=\"canonical\" href=\"https:\/\/talkpal.ai\/fr\/exercices-de-grammaire-pendjabi\/\" \/>\n<meta property=\"og:locale\" content=\"fr_FR\" \/>\n<meta property=\"og:type\" content=\"article\" \/>\n<meta property=\"og:title\" content=\"Exercices de grammaire pendjabi\" \/>\n<meta property=\"og:description\" content=\"Sujets de grammaire pendjabi Apprendre une nouvelle langue peut \u00eatre une entreprise difficile mais gratifiante. Le pendjabi, une langue indo-aryenne\" \/>\n<meta property=\"og:url\" content=\"https:\/\/talkpal.ai\/fr\/exercices-de-grammaire-pendjabi\/\" \/>\n<meta property=\"og:site_name\" content=\"Talkpal\" \/>\n<meta property=\"article:publisher\" content=\"https:\/\/www.facebook.com\/profile.php?id=100090733639311\" \/>\n<meta property=\"article:modified_time\" content=\"2025-12-30T11:21:01+00:00\" \/>\n<meta property=\"og:image\" content=\"https:\/\/talkpal.ai\/wp-content\/uploads\/2025\/02\/Progress-tab-16_9.png\" \/>\n\t<meta property=\"og:image:width\" content=\"2880\" \/>\n\t<meta property=\"og:image:height\" content=\"1620\" \/>\n\t<meta property=\"og:image:type\" content=\"image\/png\" \/>\n<meta name=\"twitter:card\" content=\"summary_large_image\" \/>\n<meta name=\"twitter:site\" content=\"@talkpalai\" \/>\n<meta name=\"twitter:label1\" content=\"Dur\u00e9e de lecture estim\u00e9e\" \/>\n\t<meta name=\"twitter:data1\" content=\"4 minutes\" \/>\n<script type=\"application\/ld+json\" class=\"yoast-schema-graph\">{\"@context\":\"https:\/\/schema.org\",\"@graph\":[{\"@type\":\"WebPage\",\"@id\":\"https:\/\/talkpal.ai\/fr\/exercices-de-grammaire-pendjabi\/\",\"url\":\"https:\/\/talkpal.ai\/fr\/exercices-de-grammaire-pendjabi\/\",\"name\":\"Exercices de grammaire pendjabi - Talkpal\",\"isPartOf\":{\"@id\":\"https:\/\/talkpal.ai\/fr\/#website\"},\"datePublished\":\"2025-11-12T16:33:49+00:00\",\"dateModified\":\"2025-12-30T11:21:01+00:00\",\"description\":\"Ma\u00eetrisez la grammaire du punjabi gr\u00e2ce \u00e0 des exercices interactifs con\u00e7us pour am\u00e9liorer votre aisance et votre confiance dans la langue.\",\"breadcrumb\":{\"@id\":\"https:\/\/talkpal.ai\/fr\/exercices-de-grammaire-pendjabi\/#breadcrumb\"},\"inLanguage\":\"fr-FR\",\"potentialAction\":[{\"@type\":\"ReadAction\",\"target\":[\"https:\/\/talkpal.ai\/fr\/exercices-de-grammaire-pendjabi\/\"]}]},{\"@type\":\"BreadcrumbList\",\"@id\":\"https:\/\/talkpal.ai\/fr\/exercices-de-grammaire-pendjabi\/#breadcrumb\",\"itemListElement\":[{\"@type\":\"ListItem\",\"position\":1,\"name\":\"Homepage\",\"item\":\"https:\/\/talkpal.ai\/fr\/\"},{\"@type\":\"ListItem\",\"position\":2,\"name\":\"Exercices de grammaire pendjabi\"}]},{\"@type\":\"WebSite\",\"@id\":\"https:\/\/talkpal.ai\/fr\/#website\",\"url\":\"https:\/\/talkpal.ai\/fr\/\",\"name\":\"Talkpal\",\"description\":\"AI Language Learning\",\"publisher\":{\"@id\":\"https:\/\/talkpal.ai\/fr\/#organization\"},\"alternateName\":\"Talkpal AI\",\"potentialAction\":[{\"@type\":\"SearchAction\",\"target\":{\"@type\":\"EntryPoint\",\"urlTemplate\":\"https:\/\/talkpal.ai\/fr\/?s={search_term_string}\"},\"query-input\":{\"@type\":\"PropertyValueSpecification\",\"valueRequired\":true,\"valueName\":\"search_term_string\"}}],\"inLanguage\":\"fr-FR\"},{\"@type\":\"Organization\",\"@id\":\"https:\/\/talkpal.ai\/fr\/#organization\",\"name\":\"Talkpal, Inc.\",\"alternateName\":\"Talkpal AI\",\"url\":\"https:\/\/talkpal.ai\/fr\/\",\"logo\":{\"@type\":\"ImageObject\",\"inLanguage\":\"fr-FR\",\"@id\":\"https:\/\/talkpal.ai\/fr\/#\/schema\/logo\/image\/\",\"url\":\"https:\/\/talkpal.ai\/wp-content\/uploads\/2024\/03\/Talkpal-Logo-Icon.png\",\"contentUrl\":\"https:\/\/talkpal.ai\/wp-content\/uploads\/2024\/03\/Talkpal-Logo-Icon.png\",\"width\":2880,\"height\":2880,\"caption\":\"Talkpal, Inc.\"},\"image\":{\"@id\":\"https:\/\/talkpal.ai\/fr\/#\/schema\/logo\/image\/\"},\"sameAs\":[\"https:\/\/www.facebook.com\/profile.php?id=100090733639311\",\"https:\/\/x.com\/talkpalai\",\"https:\/\/www.linkedin.com\/company\/talkpal\/\",\"https:\/\/www.youtube.com\/@TalkPal\/\",\"https:\/\/www.tiktok.com\/@talkpal\",\"https:\/\/www.instagram.com\/talkpal_ai\/\",\"https:\/\/www.crunchbase.com\/organization\/talkpal-9cde\",\"https:\/\/www.g2.com\/products\/talkpal-for-business\/\",\"https:\/\/www.trustpilot.com\/review\/talkpal.ai\",\"https:\/\/www.capterra.com\/p\/10006800\/TalkPal\/\"],\"description\":\"Talkpal is a language learning web and mobile education app, powered by the latest AI technologies, that provides engaging experiences to its customers in many different languages to help them improve their language skills. Users can chat about unlimited amount of topics with the app and use other modes to practice their language learning.\",\"email\":\"support@talkpal.ai\",\"legalName\":\"Talkpal, Inc.\",\"foundingDate\":\"2023-04-03\",\"duns\":\"118989042\",\"numberOfEmployees\":{\"@type\":\"QuantitativeValue\",\"minValue\":\"11\",\"maxValue\":\"50\"},\"publishingPrinciples\":\"https:\/\/talkpal.ai\/publishing-principles\/\",\"actionableFeedbackPolicy\":\"https:\/\/talkpal.ai\/actionable-feedback-policy\/\",\"correctionsPolicy\":\"https:\/\/talkpal.ai\/corrections-policy\/\",\"ethicsPolicy\":\"https:\/\/talkpal.ai\/ethics-policy\/\",\"diversityPolicy\":\"https:\/\/talkpal.ai\/diversity-policy\/\",\"diversityStaffingReport\":\"https:\/\/talkpal.ai\/diversity-policy\/\"}]}<\/script>\n<!-- \/ Yoast SEO Premium plugin. -->","yoast_head_json":{"title":"Exercices de grammaire pendjabi - Talkpal","description":"Ma\u00eetrisez la grammaire du punjabi gr\u00e2ce \u00e0 des exercices interactifs con\u00e7us pour am\u00e9liorer votre aisance et votre confiance dans la langue.","robots":{"index":"index","follow":"follow","max-snippet":"max-snippet:-1","max-image-preview":"max-image-preview:large","max-video-preview":"max-video-preview:-1"},"canonical":"https:\/\/talkpal.ai\/fr\/exercices-de-grammaire-pendjabi\/","og_locale":"fr_FR","og_type":"article","og_title":"Exercices de grammaire pendjabi","og_description":"Sujets de grammaire pendjabi Apprendre une nouvelle langue peut \u00eatre une entreprise difficile mais gratifiante. Le pendjabi, une langue indo-aryenne","og_url":"https:\/\/talkpal.ai\/fr\/exercices-de-grammaire-pendjabi\/","og_site_name":"Talkpal","article_publisher":"https:\/\/www.facebook.com\/profile.php?id=100090733639311","article_modified_time":"2025-12-30T11:21:01+00:00","og_image":[{"width":2880,"height":1620,"url":"https:\/\/talkpal.ai\/wp-content\/uploads\/2025\/02\/Progress-tab-16_9.png","type":"image\/png"}],"twitter_card":"summary_large_image","twitter_site":"@talkpalai","twitter_misc":{"Dur\u00e9e de lecture estim\u00e9e":"4 minutes"},"schema":{"@context":"https:\/\/schema.org","@graph":[{"@type":"WebPage","@id":"https:\/\/talkpal.ai\/fr\/exercices-de-grammaire-pendjabi\/","url":"https:\/\/talkpal.ai\/fr\/exercices-de-grammaire-pendjabi\/","name":"Exercices de grammaire pendjabi - Talkpal","isPartOf":{"@id":"https:\/\/talkpal.ai\/fr\/#website"},"datePublished":"2025-11-12T16:33:49+00:00","dateModified":"2025-12-30T11:21:01+00:00","description":"Ma\u00eetrisez la grammaire du punjabi gr\u00e2ce \u00e0 des exercices interactifs con\u00e7us pour am\u00e9liorer votre aisance et votre confiance dans la langue.","breadcrumb":{"@id":"https:\/\/talkpal.ai\/fr\/exercices-de-grammaire-pendjabi\/#breadcrumb"},"inLanguage":"fr-FR","potentialAction":[{"@type":"ReadAction","target":["https:\/\/talkpal.ai\/fr\/exercices-de-grammaire-pendjabi\/"]}]},{"@type":"BreadcrumbList","@id":"https:\/\/talkpal.ai\/fr\/exercices-de-grammaire-pendjabi\/#breadcrumb","itemListElement":[{"@type":"ListItem","position":1,"name":"Homepage","item":"https:\/\/talkpal.ai\/fr\/"},{"@type":"ListItem","position":2,"name":"Exercices de grammaire pendjabi"}]},{"@type":"WebSite","@id":"https:\/\/talkpal.ai\/fr\/#website","url":"https:\/\/talkpal.ai\/fr\/","name":"Talkpal","description":"AI Language Learning","publisher":{"@id":"https:\/\/talkpal.ai\/fr\/#organization"},"alternateName":"Talkpal AI","potentialAction":[{"@type":"SearchAction","target":{"@type":"EntryPoint","urlTemplate":"https:\/\/talkpal.ai\/fr\/?s={search_term_string}"},"query-input":{"@type":"PropertyValueSpecification","valueRequired":true,"valueName":"search_term_string"}}],"inLanguage":"fr-FR"},{"@type":"Organization","@id":"https:\/\/talkpal.ai\/fr\/#organization","name":"Talkpal, Inc.","alternateName":"Talkpal AI","url":"https:\/\/talkpal.ai\/fr\/","logo":{"@type":"ImageObject","inLanguage":"fr-FR","@id":"https:\/\/talkpal.ai\/fr\/#\/schema\/logo\/image\/","url":"https:\/\/talkpal.ai\/wp-content\/uploads\/2024\/03\/Talkpal-Logo-Icon.png","contentUrl":"https:\/\/talkpal.ai\/wp-content\/uploads\/2024\/03\/Talkpal-Logo-Icon.png","width":2880,"height":2880,"caption":"Talkpal, Inc."},"image":{"@id":"https:\/\/talkpal.ai\/fr\/#\/schema\/logo\/image\/"},"sameAs":["https:\/\/www.facebook.com\/profile.php?id=100090733639311","https:\/\/x.com\/talkpalai","https:\/\/www.linkedin.com\/company\/talkpal\/","https:\/\/www.youtube.com\/@TalkPal\/","https:\/\/www.tiktok.com\/@talkpal","https:\/\/www.instagram.com\/talkpal_ai\/","https:\/\/www.crunchbase.com\/organization\/talkpal-9cde","https:\/\/www.g2.com\/products\/talkpal-for-business\/","https:\/\/www.trustpilot.com\/review\/talkpal.ai","https:\/\/www.capterra.com\/p\/10006800\/TalkPal\/"],"description":"Talkpal is a language learning web and mobile education app, powered by the latest AI technologies, that provides engaging experiences to its customers in many different languages to help them improve their language skills. Users can chat about unlimited amount of topics with the app and use other modes to practice their language learning.","email":"support@talkpal.ai","legalName":"Talkpal, Inc.","foundingDate":"2023-04-03","duns":"118989042","numberOfEmployees":{"@type":"QuantitativeValue","minValue":"11","maxValue":"50"},"publishingPrinciples":"https:\/\/talkpal.ai\/publishing-principles\/","actionableFeedbackPolicy":"https:\/\/talkpal.ai\/actionable-feedback-policy\/","correctionsPolicy":"https:\/\/talkpal.ai\/corrections-policy\/","ethicsPolicy":"https:\/\/talkpal.ai\/ethics-policy\/","diversityPolicy":"https:\/\/talkpal.ai\/diversity-policy\/","diversityStaffingReport":"https:\/\/talkpal.ai\/diversity-policy\/"}]}},"_links":{"self":[{"href":"https:\/\/talkpal.ai\/fr\/wp-json\/wp\/v2\/pages\/1464649","targetHints":{"allow":["GET"]}}],"collection":[{"href":"https:\/\/talkpal.ai\/fr\/wp-json\/wp\/v2\/pages"}],"about":[{"href":"https:\/\/talkpal.ai\/fr\/wp-json\/wp\/v2\/types\/page"}],"author":[{"embeddable":true,"href":"https:\/\/talkpal.ai\/fr\/wp-json\/wp\/v2\/users\/20"}],"replies":[{"embeddable":true,"href":"https:\/\/talkpal.ai\/fr\/wp-json\/wp\/v2\/comments?post=1464649"}],"version-history":[{"count":0,"href":"https:\/\/talkpal.ai\/fr\/wp-json\/wp\/v2\/pages\/1464649\/revisions"}],"wp:attachment":[{"href":"https:\/\/talkpal.ai\/fr\/wp-json\/wp\/v2\/media?parent=1464649"}],"curies":[{"name":"wp","href":"https:\/\/api.w.org\/{rel}","templated":true}]}}