{"id":1464508,"date":"2025-11-12T17:34:19","date_gmt":"2025-11-12T17:34:19","guid":{"rendered":"https:\/\/talkpal.ai\/grammaire-zouloue\/"},"modified":"2025-12-30T13:36:40","modified_gmt":"2025-12-30T13:36:40","slug":"grammaire-zouloue","status":"publish","type":"page","link":"https:\/\/talkpal.ai\/fr\/grammaire-zouloue\/","title":{"rendered":"Grammaire zouloue"},"content":{"rendered":"\r\n\r\n\r\n<section class=\"languageChallengeSection\">\r\n    <div class=\"languageInfoWrapper\">\r\n        \r\n        <h1>Grammaire zouloue<\/h1>\r\n        <p>La <a href=\"https:\/\/talkpal.ai\/zulu-grammar\/\">grammaire zouloue<\/a> peut sembler difficile au d\u00e9but, mais ses caract\u00e9ristiques uniques font de l\u2019apprentissage de la langue une exp\u00e9rience enrichissante. En explorant son alphabet, ses mutations et ses r\u00e8gles de grammaire, vous d\u00e9couvrirez une riche tradition linguistique. Commencez votre voyage et d\u00e9couvrez la beaut\u00e9 du <a href=\"https:\/\/talkpal.ai\/learn-zulu\/\">zoulou<\/a> !<\/p>\r\n\r\n                            <a class=\"getStartedHidden\" href=\"https:\/\/app.talkpal.ai\/fr\/signup?lng=\">Commencer<\/a>\r\n        \r\n    <\/div>\r\n\r\n    <figure>\r\n    <img decoding=\"async\" width=\"768\" height=\"768\" src=\"https:\/\/talkpal.ai\/wp-content\/uploads\/2023\/06\/welsh-768x768.png\" class=\"languageImage no-lazy\" alt=\"Default alt text\" fetchpriority=\"high\" sizes=\"(max-width: 768px) 150px, 768px\" srcset=\"https:\/\/talkpal.ai\/wp-content\/uploads\/2023\/06\/welsh-768x768.png 768w, https:\/\/talkpal.ai\/wp-content\/uploads\/2023\/06\/welsh-300x300.png 300w\" \/>\r\n    \r\n\r\n    <\/figure>\r\n\r\n            <a class=\"getStartedVisible\" href=\"https:\/\/app.talkpal.ai\/fr\/signup?lng=\">Commencer<\/a>\r\n    \r\n<\/section><section class=\"promotionalBanner\">\r\n    <p class=\"promotionalText\">La fa\u00e7on la plus efficace d\u2019apprendre une langue<\/p>\r\n    <a class=\"promotionalLink\" href=\"https:\/\/app.talkpal.ai\/fr\/signup?lng=\">Essayez Talkpal gratuitement<\/a>\r\n<\/section>\n<div class=\"wp-block-group pageContainerStyle\"><div class=\"wp-block-group__inner-container is-layout-constrained wp-block-group-is-layout-constrained\">\n<h2 class=\"wp-block-heading\" id=\"h-navigating-the-intricacies-of-zulu-grammar\">Naviguer dans les subtilit\u00e9s de la grammaire zouloue<\/h2>\n\n\n\n<p><a href=\"https:\/\/talkpal.ai\/fr\/apprendre-le-zoulou\/\">Le zoulou<\/a>, une langue bantoue du sud du groupe Nguni avec une histoire riche et une signification culturelle, offre une exp\u00e9rience linguistique passionnante pour ceux qui souhaitent explorer son syst\u00e8me grammatical unique. En vous aventurant dans le royaume zoulou, vous enrichirez non seulement votre r\u00e9pertoire linguistique, mais vous embarquerez \u00e9galement dans un voyage culturel fascinant. Bien que la grammaire zouloue puisse sembler compliqu\u00e9e au d\u00e9but, la d\u00e9composer en \u00e9l\u00e9ments de base rend l\u2019apprentissage de la langue plus accessible. Dans cet article, nous allons explorer le monde captivant de la grammaire zouloue et vous donner des conseils sur la fa\u00e7on de ma\u00eetriser ses complexit\u00e9s.<\/p>\n\n\n\n<h3 class=\"wp-block-heading\" id=\"h-1-zulu-alphabet-and-phonetics\">1. Alphabet zoulou et phon\u00e9tique<\/h3>\n\n\n\n<p>Le syst\u00e8me d\u2019\u00e9criture zoulou utilise l\u2019alphabet latin et repr\u00e9sente des sons distinctifs, y compris les consonnes \u00e0 clic \u00e9crites comme c, q et x, ainsi que les consonnes aspir\u00e9es \u00e9crites avec des digraphes tels que ph, th et kh. Le zoulou a cinq voyelles (a, e, i, o, u) et est une langue tonale, o\u00f9 la hauteur peut distinguer le <a href=\"https:\/\/talkpal.ai\/locations\/language-courses-in-sens\/\">sens<\/a>, bien que le ton ne soit pas marqu\u00e9 dans l\u2019orthographe standard. Pour <a href=\"https:\/\/talkpal.ai\/fr\/grammaire\/\">apprendre la grammaire<\/a> zouloue, il est crucial de se familiariser avec ce syst\u00e8me sonore en pratiquant la lecture, l\u2019\u00e9coute et l\u2019expression orale en zoulou.<\/p>\n\n\n\n<h3 class=\"wp-block-heading\" id=\"h-2-noun-classes-and-concords-a-distinctive-zulu-feature\">2. Classes nominales et concordes : une caract\u00e9ristique zouloue distinctive<\/h3>\n\n\n\n<p>L\u2019un des aspects les plus frappants de la grammaire zouloue est son vaste syst\u00e8me de classes nominales, chacune marqu\u00e9e par un pr\u00e9fixe sp\u00e9cifique et associ\u00e9e \u00e0 un r\u00e9seau de concordes. Les classes nominales g\u00e9n\u00e8rent l\u2019accord dans toute la phrase, affectant les marqueurs de sujet, les marqueurs d\u2019objet, les adjectifs, les possessifs, les d\u00e9monstratifs et les parents. Comprendre quand et comment ces concordes apparaissent est essentiel pour une communication pr\u00e9cise en zoulou.<\/p>\n\n\n\n<h3 class=\"wp-block-heading\" id=\"h-3-nouns-and-pronouns-noun-classes-and-agreement\">3. Noms et pronoms : classes de noms et accord<\/h3>\n\n\n\n<p>Les noms zoulous appartiennent \u00e0 des classes nominales plut\u00f4t qu\u2019\u00e0 des genres grammaticaux, et leurs formes plurielles sont d\u00e9termin\u00e9es par des paires de classes (par exemple, umuntu, abantu). Les pronoms en zoulou comprennent des formes ind\u00e9pendantes (mina, wena, yena, thina, nina, bona), des formes possessives construites avec des racines possessives comme -ami, -akho, -akhe qui s\u2019accordent avec la classe nominale (incwadi yami, izincwadi zami), des marques r\u00e9flexives sur les verbes (zi-), des d\u00e9monstratifs qui s\u2019accordent avec la classe nominale (lo, laba, le, lezi) et des interrogatifs (ubani, ini, kuphi, nini, kanjani). Se familiariser avec ces formes et leurs mod\u00e8les d\u2019accord am\u00e9liorera consid\u00e9rablement votre compr\u00e9hension de la grammaire zouloue.<\/p>\n\n\n\n<h3 class=\"wp-block-heading\" id=\"h-4-verbs-structure-and-conjugation\">4. Verbes : structure et conjugaison<\/h3>\n\n\n\n<p>Les verbes zoulous suivent une riche structure agglutinante qui code le sujet, l\u2019objet, le <a href=\"https:\/\/talkpal.ai\/zh-hans\/grammar_exercises\/temps-%e6%b3%95%e8%af%ad%e8%af%ad%e6%b3%95%e7%bb%83%e4%b9%a0\/\">temps<\/a>, l\u2019aspect, l\u2019humeur et la polarit\u00e9. Les temps de base comprennent le pr\u00e9sent (ngiyabona ou ngibona), le pass\u00e9 (parfait -ile, ngibonile) et le futur avec zo- (ngizobona), avec des modes suppl\u00e9mentaires tels que le subjonctif (final -e) et l\u2019imp\u00e9ratif (hamba, hambani). La n\u00e9gation est g\u00e9n\u00e9ralement marqu\u00e9e d\u2019un a et d\u2019un -i final (angiboni, akaboni). L\u2019apprentissage du mod\u00e8le de verbe et des extensions courantes (-isa causatif, -ela, -ana r\u00e9ciproque, -wa passif) am\u00e9liorera votre capacit\u00e9 \u00e0 communiquer efficacement en zoulou.<\/p>\n\n\n\n<h3 class=\"wp-block-heading\" id=\"h-5-adjectives-agreement-and-placement\">5. Adjectifs : accord et placement<\/h3>\n\n\n\n<p>Dans la grammaire zouloue, les adjectifs suivent g\u00e9n\u00e9ralement le nom qu\u2019ils modifient et s\u2019accordent avec la classe du nom en utilisant une concorde adjectivale. Le zoulou a un ensemble limit\u00e9 de vrais radicaux adjectifs (tels que -khulu grand, -ncane petit, -mnyama sombre, -de haut), et de nombreuses significations descriptives sont exprim\u00e9es avec des constructions relatives. Les comparatifs et les superlatifs sont g\u00e9n\u00e9ralement form\u00e9s de mani\u00e8re p\u00e9riphrastique, par exemple en utilisant kakhulu (tr\u00e8s) et une comparaison avec ukwedlula ou ngaphezu kuka pour \u00ab plus que \u00bb.<\/p>\n\n\n\n<p><strong>Exemples :<\/strong><\/p>\n\n\n\n<p><strong>\u2013 Uthando Olukhulu (Grand amour)<\/strong><\/p>\n\n\n\n<p><strong>\u2013 Izingane Ezincane (petits enfants)<\/strong><\/p>\n\n\n\n<h3 class=\"wp-block-heading\" id=\"h-6-engaging-with-the-language\">6. S&rsquo;engager dans la langue<\/h3>\n\n\n\n<p>Le moyen le plus efficace de comprendre et d\u2019int\u00e9rioriser pleinement la grammaire zouloue est de s\u2019engager constamment avec la langue. En lisant la litt\u00e9rature zouloue, en regardant des films ou des s\u00e9ries t\u00e9l\u00e9vis\u00e9es zoulous, en \u00e9coutant la radio et la musique en zoulou et en communiquant activement avec des locuteurs natifs, vous renforcerez votre compr\u00e9hension de la grammaire tout en \u00e9largissant votre vocabulaire.<\/p>\n\n\n\n<h3 class=\"wp-block-heading\" id=\"h-conclusion\">Conclusion<\/h3>\n\n\n\n<p>Bien que la grammaire zouloue puisse sembler complexe, vous pouvez ma\u00eetriser cette belle langue avec d\u00e9vouement, pratique et enthousiasme. En vous concentrant sur les r\u00e8gles fondamentales et en vous engageant avec la langue dans diff\u00e9rents contextes, vous am\u00e9liorerez rapidement vos <a href=\"https:\/\/talkpal.ai\/fr\/grammaire\/\">comp\u00e9tences grammaticales zouloues<\/a>. Bonne chance pour votre voyage en langue zouloue, et amusez-vous \u00e0 d\u00e9couvrir le monde \u00e9nigmatique mais captivant de la grammaire zouloue !<\/p>\n<\/div><\/div>\n\r\n<section class=\"learnNavigationSection\">\r\n            \r\n        <a href=\"https:\/\/talkpal.ai\/fr\/apprendre-le-zoulou\/\">\r\n            <div class=\"learnNavigationWrapper\">\r\n                <div class=\"learnNavigationContent\">\r\n                    <img decoding=\"async\" src=\"https:\/\/talkpal.ai\/wp-content\/uploads\/2025\/11\/Zulu.png\" alt=\"South African Flag\">\r\n                    <div>\r\n                        <h4>\u00c0 propos de Zulu Learning<\/h4>\r\n                        <p>D\u00e9couvrez tout sur la grammaire zouloue.<\/p>\r\n                    <\/div>\r\n                <\/div>\r\n            <\/div>\r\n        <\/a>\r\n\r\n        \r\n        <a href=\"https:\/\/talkpal.ai\/fr\/exercices-de-grammaire-zouloue\/\">\r\n            <div class=\"learnNavigationWrapper\">\r\n                <div class=\"learnNavigationContent\">\r\n                    <img decoding=\"async\" src=\"https:\/\/talkpal.ai\/wp-content\/uploads\/2025\/11\/Zulu.png\" alt=\"South African Flag\">\r\n                    <div>\r\n                        <h4>Exercice de grammaire zouloue<\/h4>\r\n                        <p>Pratiquez la grammaire zouloue.<\/p>\r\n                    <\/div>\r\n                <\/div>\r\n            <\/div>\r\n        <\/a>\r\n\r\n            <\/section>","protected":false},"excerpt":{"rendered":"<p>Naviguer dans les subtilit\u00e9s de la grammaire zouloue Le zoulou, une langue bantoue du sud du groupe Nguni avec une histoire riche et une signification culturelle, offre une exp\u00e9rience linguistique passionnante pour ceux qui souhaitent explorer son syst\u00e8me grammatical unique. En vous aventurant dans le royaume zoulou, vous enrichirez non seulement votre r\u00e9pertoire linguistique, mais [&hellip;]<\/p>\n","protected":false},"author":20,"featured_media":0,"parent":0,"menu_order":0,"comment_status":"closed","ping_status":"closed","template":"LearningContentPage.php","meta":{"_acf_changed":false,"footnotes":""},"class_list":["post-1464508","page","type-page","status-publish","hentry"],"acf":[],"yoast_head":"<!-- This site is optimized with the Yoast SEO Premium plugin v27.2 (Yoast SEO v27.2) - https:\/\/yoast.com\/product\/yoast-seo-premium-wordpress\/ -->\n<title>Grammaire zouloue - Talkpal<\/title>\n<meta name=\"description\" content=\"Ma\u00eetrisez les complexit\u00e9s de la grammaire zouloue gr\u00e2ce \u00e0 notre guide complet aliment\u00e9 par l&#039;IA et con\u00e7u pour un apprentissage rapide et efficace de la langue.\" \/>\n<meta name=\"robots\" content=\"index, follow, max-snippet:-1, max-image-preview:large, max-video-preview:-1\" \/>\n<link rel=\"canonical\" href=\"https:\/\/talkpal.ai\/fr\/grammaire-zouloue\/\" \/>\n<meta property=\"og:locale\" content=\"fr_FR\" \/>\n<meta property=\"og:type\" content=\"article\" \/>\n<meta property=\"og:title\" content=\"Grammaire zouloue\" \/>\n<meta property=\"og:description\" content=\"Naviguer dans les subtilit\u00e9s de la grammaire zouloue Le zoulou, une langue bantoue du sud du groupe Nguni avec une histoire riche et une signification\" \/>\n<meta property=\"og:url\" content=\"https:\/\/talkpal.ai\/fr\/grammaire-zouloue\/\" \/>\n<meta property=\"og:site_name\" content=\"Talkpal\" \/>\n<meta property=\"article:publisher\" content=\"https:\/\/www.facebook.com\/profile.php?id=100090733639311\" \/>\n<meta property=\"article:modified_time\" content=\"2025-12-30T13:36:40+00:00\" \/>\n<meta property=\"og:image\" content=\"https:\/\/talkpal.ai\/wp-content\/uploads\/2025\/02\/Progress-tab-16_9.png\" \/>\n\t<meta property=\"og:image:width\" content=\"2880\" \/>\n\t<meta property=\"og:image:height\" content=\"1620\" \/>\n\t<meta property=\"og:image:type\" content=\"image\/png\" \/>\n<meta name=\"twitter:card\" content=\"summary_large_image\" \/>\n<meta name=\"twitter:site\" content=\"@talkpalai\" \/>\n<meta name=\"twitter:label1\" content=\"Dur\u00e9e de lecture estim\u00e9e\" \/>\n\t<meta name=\"twitter:data1\" content=\"4 minutes\" \/>\n<script type=\"application\/ld+json\" class=\"yoast-schema-graph\">{\"@context\":\"https:\/\/schema.org\",\"@graph\":[{\"@type\":\"WebPage\",\"@id\":\"https:\/\/talkpal.ai\/fr\/grammaire-zouloue\/\",\"url\":\"https:\/\/talkpal.ai\/fr\/grammaire-zouloue\/\",\"name\":\"Grammaire zouloue - Talkpal\",\"isPartOf\":{\"@id\":\"https:\/\/talkpal.ai\/fr\/#website\"},\"datePublished\":\"2025-11-12T17:34:19+00:00\",\"dateModified\":\"2025-12-30T13:36:40+00:00\",\"description\":\"Ma\u00eetrisez les complexit\u00e9s de la grammaire zouloue gr\u00e2ce \u00e0 notre guide complet aliment\u00e9 par l'IA et con\u00e7u pour un apprentissage rapide et efficace de la langue.\",\"breadcrumb\":{\"@id\":\"https:\/\/talkpal.ai\/fr\/grammaire-zouloue\/#breadcrumb\"},\"inLanguage\":\"fr-FR\",\"potentialAction\":[{\"@type\":\"ReadAction\",\"target\":[\"https:\/\/talkpal.ai\/fr\/grammaire-zouloue\/\"]}]},{\"@type\":\"BreadcrumbList\",\"@id\":\"https:\/\/talkpal.ai\/fr\/grammaire-zouloue\/#breadcrumb\",\"itemListElement\":[{\"@type\":\"ListItem\",\"position\":1,\"name\":\"Homepage\",\"item\":\"https:\/\/talkpal.ai\/fr\/\"},{\"@type\":\"ListItem\",\"position\":2,\"name\":\"Grammaire zouloue\"}]},{\"@type\":\"WebSite\",\"@id\":\"https:\/\/talkpal.ai\/fr\/#website\",\"url\":\"https:\/\/talkpal.ai\/fr\/\",\"name\":\"Talkpal\",\"description\":\"AI Language Learning\",\"publisher\":{\"@id\":\"https:\/\/talkpal.ai\/fr\/#organization\"},\"alternateName\":\"Talkpal AI\",\"potentialAction\":[{\"@type\":\"SearchAction\",\"target\":{\"@type\":\"EntryPoint\",\"urlTemplate\":\"https:\/\/talkpal.ai\/fr\/?s={search_term_string}\"},\"query-input\":{\"@type\":\"PropertyValueSpecification\",\"valueRequired\":true,\"valueName\":\"search_term_string\"}}],\"inLanguage\":\"fr-FR\"},{\"@type\":\"Organization\",\"@id\":\"https:\/\/talkpal.ai\/fr\/#organization\",\"name\":\"Talkpal, Inc.\",\"alternateName\":\"Talkpal AI\",\"url\":\"https:\/\/talkpal.ai\/fr\/\",\"logo\":{\"@type\":\"ImageObject\",\"inLanguage\":\"fr-FR\",\"@id\":\"https:\/\/talkpal.ai\/fr\/#\/schema\/logo\/image\/\",\"url\":\"https:\/\/talkpal.ai\/wp-content\/uploads\/2024\/03\/Talkpal-Logo-Icon.png\",\"contentUrl\":\"https:\/\/talkpal.ai\/wp-content\/uploads\/2024\/03\/Talkpal-Logo-Icon.png\",\"width\":2880,\"height\":2880,\"caption\":\"Talkpal, Inc.\"},\"image\":{\"@id\":\"https:\/\/talkpal.ai\/fr\/#\/schema\/logo\/image\/\"},\"sameAs\":[\"https:\/\/www.facebook.com\/profile.php?id=100090733639311\",\"https:\/\/x.com\/talkpalai\",\"https:\/\/www.linkedin.com\/company\/talkpal\/\",\"https:\/\/www.youtube.com\/@TalkPal\/\",\"https:\/\/www.tiktok.com\/@talkpal\",\"https:\/\/www.instagram.com\/talkpal_ai\/\",\"https:\/\/www.crunchbase.com\/organization\/talkpal-9cde\",\"https:\/\/www.g2.com\/products\/talkpal-for-business\/\",\"https:\/\/www.trustpilot.com\/review\/talkpal.ai\",\"https:\/\/www.capterra.com\/p\/10006800\/TalkPal\/\"],\"description\":\"Talkpal is a language learning web and mobile education app, powered by the latest AI technologies, that provides engaging experiences to its customers in many different languages to help them improve their language skills. Users can chat about unlimited amount of topics with the app and use other modes to practice their language learning.\",\"email\":\"support@talkpal.ai\",\"legalName\":\"Talkpal, Inc.\",\"foundingDate\":\"2023-04-03\",\"duns\":\"118989042\",\"numberOfEmployees\":{\"@type\":\"QuantitativeValue\",\"minValue\":\"11\",\"maxValue\":\"50\"},\"publishingPrinciples\":\"https:\/\/talkpal.ai\/publishing-principles\/\",\"actionableFeedbackPolicy\":\"https:\/\/talkpal.ai\/actionable-feedback-policy\/\",\"correctionsPolicy\":\"https:\/\/talkpal.ai\/corrections-policy\/\",\"ethicsPolicy\":\"https:\/\/talkpal.ai\/ethics-policy\/\",\"diversityPolicy\":\"https:\/\/talkpal.ai\/diversity-policy\/\",\"diversityStaffingReport\":\"https:\/\/talkpal.ai\/diversity-policy\/\"}]}<\/script>\n<!-- \/ Yoast SEO Premium plugin. -->","yoast_head_json":{"title":"Grammaire zouloue - Talkpal","description":"Ma\u00eetrisez les complexit\u00e9s de la grammaire zouloue gr\u00e2ce \u00e0 notre guide complet aliment\u00e9 par l'IA et con\u00e7u pour un apprentissage rapide et efficace de la langue.","robots":{"index":"index","follow":"follow","max-snippet":"max-snippet:-1","max-image-preview":"max-image-preview:large","max-video-preview":"max-video-preview:-1"},"canonical":"https:\/\/talkpal.ai\/fr\/grammaire-zouloue\/","og_locale":"fr_FR","og_type":"article","og_title":"Grammaire zouloue","og_description":"Naviguer dans les subtilit\u00e9s de la grammaire zouloue Le zoulou, une langue bantoue du sud du groupe Nguni avec une histoire riche et une signification","og_url":"https:\/\/talkpal.ai\/fr\/grammaire-zouloue\/","og_site_name":"Talkpal","article_publisher":"https:\/\/www.facebook.com\/profile.php?id=100090733639311","article_modified_time":"2025-12-30T13:36:40+00:00","og_image":[{"width":2880,"height":1620,"url":"https:\/\/talkpal.ai\/wp-content\/uploads\/2025\/02\/Progress-tab-16_9.png","type":"image\/png"}],"twitter_card":"summary_large_image","twitter_site":"@talkpalai","twitter_misc":{"Dur\u00e9e de lecture estim\u00e9e":"4 minutes"},"schema":{"@context":"https:\/\/schema.org","@graph":[{"@type":"WebPage","@id":"https:\/\/talkpal.ai\/fr\/grammaire-zouloue\/","url":"https:\/\/talkpal.ai\/fr\/grammaire-zouloue\/","name":"Grammaire zouloue - Talkpal","isPartOf":{"@id":"https:\/\/talkpal.ai\/fr\/#website"},"datePublished":"2025-11-12T17:34:19+00:00","dateModified":"2025-12-30T13:36:40+00:00","description":"Ma\u00eetrisez les complexit\u00e9s de la grammaire zouloue gr\u00e2ce \u00e0 notre guide complet aliment\u00e9 par l'IA et con\u00e7u pour un apprentissage rapide et efficace de la langue.","breadcrumb":{"@id":"https:\/\/talkpal.ai\/fr\/grammaire-zouloue\/#breadcrumb"},"inLanguage":"fr-FR","potentialAction":[{"@type":"ReadAction","target":["https:\/\/talkpal.ai\/fr\/grammaire-zouloue\/"]}]},{"@type":"BreadcrumbList","@id":"https:\/\/talkpal.ai\/fr\/grammaire-zouloue\/#breadcrumb","itemListElement":[{"@type":"ListItem","position":1,"name":"Homepage","item":"https:\/\/talkpal.ai\/fr\/"},{"@type":"ListItem","position":2,"name":"Grammaire zouloue"}]},{"@type":"WebSite","@id":"https:\/\/talkpal.ai\/fr\/#website","url":"https:\/\/talkpal.ai\/fr\/","name":"Talkpal","description":"AI Language Learning","publisher":{"@id":"https:\/\/talkpal.ai\/fr\/#organization"},"alternateName":"Talkpal AI","potentialAction":[{"@type":"SearchAction","target":{"@type":"EntryPoint","urlTemplate":"https:\/\/talkpal.ai\/fr\/?s={search_term_string}"},"query-input":{"@type":"PropertyValueSpecification","valueRequired":true,"valueName":"search_term_string"}}],"inLanguage":"fr-FR"},{"@type":"Organization","@id":"https:\/\/talkpal.ai\/fr\/#organization","name":"Talkpal, Inc.","alternateName":"Talkpal AI","url":"https:\/\/talkpal.ai\/fr\/","logo":{"@type":"ImageObject","inLanguage":"fr-FR","@id":"https:\/\/talkpal.ai\/fr\/#\/schema\/logo\/image\/","url":"https:\/\/talkpal.ai\/wp-content\/uploads\/2024\/03\/Talkpal-Logo-Icon.png","contentUrl":"https:\/\/talkpal.ai\/wp-content\/uploads\/2024\/03\/Talkpal-Logo-Icon.png","width":2880,"height":2880,"caption":"Talkpal, Inc."},"image":{"@id":"https:\/\/talkpal.ai\/fr\/#\/schema\/logo\/image\/"},"sameAs":["https:\/\/www.facebook.com\/profile.php?id=100090733639311","https:\/\/x.com\/talkpalai","https:\/\/www.linkedin.com\/company\/talkpal\/","https:\/\/www.youtube.com\/@TalkPal\/","https:\/\/www.tiktok.com\/@talkpal","https:\/\/www.instagram.com\/talkpal_ai\/","https:\/\/www.crunchbase.com\/organization\/talkpal-9cde","https:\/\/www.g2.com\/products\/talkpal-for-business\/","https:\/\/www.trustpilot.com\/review\/talkpal.ai","https:\/\/www.capterra.com\/p\/10006800\/TalkPal\/"],"description":"Talkpal is a language learning web and mobile education app, powered by the latest AI technologies, that provides engaging experiences to its customers in many different languages to help them improve their language skills. Users can chat about unlimited amount of topics with the app and use other modes to practice their language learning.","email":"support@talkpal.ai","legalName":"Talkpal, Inc.","foundingDate":"2023-04-03","duns":"118989042","numberOfEmployees":{"@type":"QuantitativeValue","minValue":"11","maxValue":"50"},"publishingPrinciples":"https:\/\/talkpal.ai\/publishing-principles\/","actionableFeedbackPolicy":"https:\/\/talkpal.ai\/actionable-feedback-policy\/","correctionsPolicy":"https:\/\/talkpal.ai\/corrections-policy\/","ethicsPolicy":"https:\/\/talkpal.ai\/ethics-policy\/","diversityPolicy":"https:\/\/talkpal.ai\/diversity-policy\/","diversityStaffingReport":"https:\/\/talkpal.ai\/diversity-policy\/"}]}},"_links":{"self":[{"href":"https:\/\/talkpal.ai\/fr\/wp-json\/wp\/v2\/pages\/1464508","targetHints":{"allow":["GET"]}}],"collection":[{"href":"https:\/\/talkpal.ai\/fr\/wp-json\/wp\/v2\/pages"}],"about":[{"href":"https:\/\/talkpal.ai\/fr\/wp-json\/wp\/v2\/types\/page"}],"author":[{"embeddable":true,"href":"https:\/\/talkpal.ai\/fr\/wp-json\/wp\/v2\/users\/20"}],"replies":[{"embeddable":true,"href":"https:\/\/talkpal.ai\/fr\/wp-json\/wp\/v2\/comments?post=1464508"}],"version-history":[{"count":0,"href":"https:\/\/talkpal.ai\/fr\/wp-json\/wp\/v2\/pages\/1464508\/revisions"}],"wp:attachment":[{"href":"https:\/\/talkpal.ai\/fr\/wp-json\/wp\/v2\/media?parent=1464508"}],"curies":[{"name":"wp","href":"https:\/\/api.w.org\/{rel}","templated":true}]}}