{"id":1464493,"date":"2025-11-12T16:09:11","date_gmt":"2025-11-12T16:09:11","guid":{"rendered":"https:\/\/talkpal.ai\/exercices-de-grammaire-oriya\/"},"modified":"2025-12-30T11:52:59","modified_gmt":"2025-12-30T11:52:59","slug":"exercices-de-grammaire-oriya","status":"publish","type":"page","link":"https:\/\/talkpal.ai\/fr\/exercices-de-grammaire-oriya\/","title":{"rendered":"Exercices de grammaire odia"},"content":{"rendered":"\r\n\r\n\r\n<section class=\"languageChallengeSection\">\r\n    <div class=\"languageInfoWrapper\">\r\n        \r\n        <h1>Exercices de grammaire odia<\/h1>\r\n        <p>Pr\u00eat \u00e0 plonger dans la <a href=\"https:\/\/talkpal.ai\/odia-grammar\/\">grammaire odia<\/a> ? Pratiquer quelques bases vous aidera \u00e0 vous sentir \u00e0 l&#039;aise dans cette langue unique et magnifique. Essayez ces exercices pour renforcer votre confiance et vous amuser !<\/p>\r\n\r\n                            <a class=\"getStartedHidden\" href=\"https:\/\/app.talkpal.ai\/fr\/signup?lng=\">Commencer<\/a>\r\n        \r\n    <\/div>\r\n\r\n    <figure>\r\n    <img decoding=\"async\" width=\"768\" height=\"768\" src=\"https:\/\/talkpal.ai\/wp-content\/uploads\/2023\/06\/welsh-768x768.png\" class=\"languageImage no-lazy\" alt=\"Default alt text\" fetchpriority=\"high\" sizes=\"(max-width: 768px) 150px, 768px\" srcset=\"https:\/\/talkpal.ai\/wp-content\/uploads\/2023\/06\/welsh-768x768.png 768w, https:\/\/talkpal.ai\/wp-content\/uploads\/2023\/06\/welsh-300x300.png 300w\" \/>\r\n    \r\n\r\n    <\/figure>\r\n\r\n            <a class=\"getStartedVisible\" href=\"https:\/\/app.talkpal.ai\/fr\/signup?lng=\">Commencer<\/a>\r\n    \r\n<\/section><section class=\"promotionalBanner\">\r\n    <p class=\"promotionalText\">La fa\u00e7on la plus efficace d\u2019apprendre une langue<\/p>\r\n    <a class=\"promotionalLink\" href=\"https:\/\/app.talkpal.ai\/fr\/signup?lng=\">Essayez Talkpal gratuitement<\/a>\r\n<\/section>\n<div class=\"wp-block-group pageContainerStyle\"><div class=\"wp-block-group__inner-container is-layout-constrained wp-block-group-is-layout-constrained\">\n<h2 class=\"wp-block-heading\" id=\"h-odia-grammar-topics\">Sujets de grammaire odia<\/h2>\n\n\n\n<p><a href=\"https:\/\/talkpal.ai\/fr\/les-plus-grandes-erreurs-a-eviter-lors-de-lapprentissage-dune-nouvelle-langue\/\">Apprendre une nouvelle langue<\/a> peut \u00eatre une entreprise difficile mais gratifiante. L\u2019odia, une langue indo-aryenne parl\u00e9e principalement dans l\u2019\u00c9tat indien de l\u2019Odisha, ne fait pas exception. Avec ses propres caract\u00e9ristiques et structures, <a href=\"https:\/\/talkpal.ai\/fr\/talkpal-pour-leducation\/\">apprendre<\/a> l\u2019odia n\u00e9cessite une approche syst\u00e9matique pour comprendre sa grammaire. Ce guide pr\u00e9sente les domaines cl\u00e9s de la <a href=\"https:\/\/talkpal.ai\/oriya-grammar\/\">grammaire odia<\/a> dans une s\u00e9quence logique pour <a href=\"https:\/\/talkpal.ai\/fr\/talkpal-pour-leducation\/\">l\u2019apprentissage des langues<\/a>, en partant des bases comme les noms et les articles, et en progressant vers des domaines plus complexes comme les <a href=\"https:\/\/talkpal.ai\/zh-hans\/grammar_exercises\/temps-%e6%b3%95%e8%af%ad%e8%af%ad%e6%b3%95%e7%bb%83%e4%b9%a0\/\">temps<\/a> et la construction des phrases.<\/p>\n\n\n\n<h3 class=\"wp-block-heading\" id=\"h-1-nouns\">1. Noms :<\/h3>\n\n\n\n<p>Commencez votre parcours linguistique <a href=\"https:\/\/talkpal.ai\/learn-odia\/\">odia<\/a> en apprenant les noms. Cela inclut la compr\u00e9hension des diff\u00e9rentes cat\u00e9gories de noms, tels que les <a href=\"https:\/\/talkpal.ai\/fr\/grammar\/noms-communs-et-noms-propres-en-grammaire-hebraique\/\">noms communs et propres<\/a>, ainsi que leurs formes plurielles. Notez que l\u2019odia manque g\u00e9n\u00e9ralement de genre grammatical et utilise des marqueurs pluriels comme -mane pour les personnes et -gudika pour les objets.<\/p>\n\n\n\n<h3 class=\"wp-block-heading\" id=\"h-2-articles\">2. Articles:<\/h3>\n\n\n\n<p>L\u2019odia n\u2019utilise pas d\u2019<a href=\"https:\/\/talkpal.ai\/fr\/grammar\/articles-definis-en-grammaire-catalane\/\">articles d\u00e9finis<\/a> ou ind\u00e9finis comme <a href=\"https:\/\/talkpal.ai\/fr\/pratique-de-langlais-par-lia\/\">l\u2019anglais<\/a> . La d\u00e9finition est g\u00e9n\u00e9ralement exprim\u00e9e par le contexte ou des d\u00e9monstrations comme ceci et cela, et l\u2019ind\u00e9finie peut \u00eatre transmise avec le chiffre un si n\u00e9cessaire.<\/p>\n\n\n\n<h3 class=\"wp-block-heading\" id=\"h-3-adjectives\">3. Adjectifs :<\/h3>\n\n\n\n<p>Les adjectifs en odia pr\u00e9c\u00e8dent g\u00e9n\u00e9ralement les noms qu\u2019ils modifient. Ils ne changent g\u00e9n\u00e9ralement pas de forme pour le nombre ou le sexe. Apprenez \u00e0 former des comparatifs et des superlatifs, en utilisant souvent des mots comme adhika pour plus, sabuthu pour le plus et le marqueur tharu pour que.<\/p>\n\n\n\n<h3 class=\"wp-block-heading\" id=\"h-4-pronouns-determiners\">4. Pronoms\/d\u00e9terminants :<\/h3>\n\n\n\n<p>Les pronoms et les d\u00e9terminants sont essentiels en odia ; Ils remplacent les noms et fournissent des informations sur la quantit\u00e9, la possession, et plus encore. L\u2019odia pr\u00e9sente des niveaux de politesse dans les pronoms \u00e0 la deuxi\u00e8me personne, et la possession est couramment marqu\u00e9e par la particule g\u00e9nitive -ra. Les d\u00e9monstratifs et les quantificateurs sont largement utilis\u00e9s.<\/p>\n\n\n\n<h3 class=\"wp-block-heading\" id=\"h-5-verbs\">5. Verbes :<\/h3>\n\n\n\n<p>Les verbes odia ont diff\u00e9rentes formes selon le temps, l\u2019aspect, le mode et parfois le niveau honorifique. Commencez par les formes actuelles, y compris habituelles et progressives, puis explorez le pass\u00e9 et le futur. Apprenez l\u2019infinitif ou les formes nominales verbales en -iba ou -ba.<\/p>\n\n\n\n<h3 class=\"wp-block-heading\" id=\"h-6-tenses\">6. Temps :<\/h3>\n\n\n\n<p><a href=\"https:\/\/talkpal.ai\/culture\/how-do-i-use-apres-avoir-followed-by-a-past-participle\/\">Apr\u00e8s avoir<\/a> ma\u00eetris\u00e9 les formes verbales, approfondissez les temps et aspects odia. Comprendre les diff\u00e9rences entre le pr\u00e9sent habituel, le pr\u00e9sent progressif, le pass\u00e9 perfectif, le pass\u00e9 progressif et le futur, et comment ils sont utilis\u00e9s dans diff\u00e9rents contextes.<\/p>\n\n\n\n<h3 class=\"wp-block-heading\" id=\"h-7-tense-comparison\">7. Comparaison tendue :<\/h3>\n\n\n\n<p>Comparer les temps en odia aide \u00e0 comprendre la s\u00e9quence et l\u2019aspect des \u00e9v\u00e9nements. La comparaison du m\u00eame verbe entre les usages habituels, progressifs, perfectifs et futurs permettra de mieux comprendre la langue.<\/p>\n\n\n\n<h3 class=\"wp-block-heading\" id=\"h-8-progressive\">8. Progressif :<\/h3>\n\n\n\n<p>L\u2019aspect progressiste en odia est utilis\u00e9 pour exprimer des actions en <a href=\"https:\/\/talkpal.ai\/courses\/\">cours<\/a>. Il est g\u00e9n\u00e9ralement marqu\u00e9 par le suffixe -uchhi pour le pr\u00e9sent, -uthila pour le pass\u00e9 et -uthiba pour le futur, construit sur le radical verbal et les formes auxiliaires associ\u00e9es.<\/p>\n\n\n\n<h3 class=\"wp-block-heading\" id=\"h-9-perfect-progressive\">9. Progressif parfait :<\/h3>\n\n\n\n<p>Ceci est utilis\u00e9 pour exprimer des actions qui ont \u00e9t\u00e9 en cours jusqu\u2019\u00e0 un point particulier. En odia, elle est g\u00e9n\u00e9ralement transmise avec la construction progressive ainsi que des expressions temporelles telles que dhari ou tharu pour indiquer la dur\u00e9e, plut\u00f4t qu\u2019une combinaison auxiliaire parfaite-progressive d\u00e9di\u00e9e.<\/p>\n\n\n\n<h3 class=\"wp-block-heading\" id=\"h-10-conditionals\">10. Conditionnels :<\/h3>\n\n\n\n<p>Les conditionnels expriment des situations hypoth\u00e9tiques et leurs r\u00e9sultats possibles. L\u2019odia utilise des marqueurs conditionnels et des mots comme jadi ou yadi pour le si, ainsi que des formes conditionnelles verbales dans -le pour exprimer ces relations.<\/p>\n\n\n\n<h3 class=\"wp-block-heading\" id=\"h-11-adverbs\">11. Adverbes :<\/h3>\n\n\n\n<p>Les adverbes en odia modifient les verbes, adjectifs ou autres adverbes. Ils fournissent des informations sur la mani\u00e8re, le lieu, le temps, le degr\u00e9, etc., et sont positionn\u00e9s en fonction de l\u2019emphase et du flux de phrases.<\/p>\n\n\n\n<h3 class=\"wp-block-heading\" id=\"h-12-prepositions\">12. Pr\u00e9positions :<\/h3>\n\n\n\n<p>L\u2019odia utilise principalement des postpositions, qui suivent les noms auxquels ils se rapportent. Ils relient des mots et des phrases ensemble et expriment des relations de temps, de lieu, de direction, de source et de but, telles que -re in ou at, -ku to, -ru from et pain for.<\/p>\n\n\n\n<h3 class=\"wp-block-heading\" id=\"h-13-sentences\">13. Peines :<\/h3>\n\n\n\n<p>Enfin, entra\u00eenez-vous \u00e0 construire des phrases. L\u2019odia suit g\u00e9n\u00e9ralement un ordre sujet-objet-verbe. Cela impliquera d\u2019utiliser tous les points grammaticaux pr\u00e9c\u00e9demment appris dans leur contexte, y compris les sch\u00e9mas d\u2019accord et les formes de n\u00e9gation courantes, assurant ainsi une compr\u00e9hension compl\u00e8te de la langue odia.<\/p>\n<\/div><\/div>\n\r\n<section class=\"learnNavigationSection\">\r\n            \r\n        <a href=\"https:\/\/talkpal.ai\/fr\/apprendre-loriya\/\">\r\n            <div class=\"learnNavigationWrapper\">\r\n                <div class=\"learnNavigationContent\">\r\n                    <img decoding=\"async\" src=\"https:\/\/talkpal.ai\/wp-content\/uploads\/2025\/11\/Oriya.png\" alt=\"Indian Simplified Flag\">\r\n                    <div>\r\n                        <h4>\u00c0 propos de l\u2019apprentissage de l\u2019odia<\/h4>\r\n                        <p>D\u00e9couvrez tout sur la grammaire odia.<\/p>\r\n                    <\/div>\r\n                <\/div>\r\n            <\/div>\r\n        <\/a>\r\n\r\n        \r\n        <a href=\"https:\/\/talkpal.ai\/fr\/grammaire-oriya\/\">\r\n            <div class=\"learnNavigationWrapper\">\r\n                <div class=\"learnNavigationContent\">\r\n                    <img decoding=\"async\" src=\"https:\/\/talkpal.ai\/wp-content\/uploads\/2025\/11\/Oriya.png\" alt=\"Indian Simplified Flag\">\r\n                    <div>\r\n                        <h4>Le\u00e7ons de grammaire odia<\/h4>\r\n                        <p>Pratiquez la grammaire odia.<\/p>\r\n                    <\/div>\r\n                <\/div>\r\n            <\/div>\r\n        <\/a>\r\n\r\n            <\/section>","protected":false},"excerpt":{"rendered":"<p>Sujets de grammaire odia Apprendre une nouvelle langue peut \u00eatre une entreprise difficile mais gratifiante. L\u2019odia, une langue indo-aryenne parl\u00e9e principalement dans l\u2019\u00c9tat indien de l\u2019Odisha, ne fait pas exception. Avec ses propres caract\u00e9ristiques et structures, apprendre l\u2019odia n\u00e9cessite une approche syst\u00e9matique pour comprendre sa grammaire. Ce guide pr\u00e9sente les domaines cl\u00e9s de la grammaire [&hellip;]<\/p>\n","protected":false},"author":20,"featured_media":0,"parent":0,"menu_order":0,"comment_status":"closed","ping_status":"closed","template":"LearningContentPage.php","meta":{"_acf_changed":false,"footnotes":""},"class_list":["post-1464493","page","type-page","status-publish","hentry"],"acf":[],"yoast_head":"<!-- This site is optimized with the Yoast SEO Premium plugin v27.2 (Yoast SEO v27.2) - https:\/\/yoast.com\/product\/yoast-seo-premium-wordpress\/ -->\n<title>Exercices de grammaire odia - Talkpal<\/title>\n<meta name=\"description\" content=\"Ma\u00eetrisez la grammaire de l&#039;odia gr\u00e2ce \u00e0 des exercices interactifs con\u00e7us pour vous aider \u00e0 am\u00e9liorer efficacement vos comp\u00e9tences linguistiques et votre aisance.\" \/>\n<meta name=\"robots\" content=\"index, follow, max-snippet:-1, max-image-preview:large, max-video-preview:-1\" \/>\n<link rel=\"canonical\" href=\"https:\/\/talkpal.ai\/fr\/exercices-de-grammaire-oriya\/\" \/>\n<meta property=\"og:locale\" content=\"fr_FR\" \/>\n<meta property=\"og:type\" content=\"article\" \/>\n<meta property=\"og:title\" content=\"Exercices de grammaire odia\" \/>\n<meta property=\"og:description\" content=\"Sujets de grammaire odia Apprendre une nouvelle langue peut \u00eatre une entreprise difficile mais gratifiante. L\u2019odia, une langue indo-aryenne parl\u00e9e\" \/>\n<meta property=\"og:url\" content=\"https:\/\/talkpal.ai\/fr\/exercices-de-grammaire-oriya\/\" \/>\n<meta property=\"og:site_name\" content=\"Talkpal\" \/>\n<meta property=\"article:publisher\" content=\"https:\/\/www.facebook.com\/profile.php?id=100090733639311\" \/>\n<meta property=\"article:modified_time\" content=\"2025-12-30T11:52:59+00:00\" \/>\n<meta property=\"og:image\" content=\"https:\/\/talkpal.ai\/wp-content\/uploads\/2025\/02\/Progress-tab-16_9.png\" \/>\n\t<meta property=\"og:image:width\" content=\"2880\" \/>\n\t<meta property=\"og:image:height\" content=\"1620\" \/>\n\t<meta property=\"og:image:type\" content=\"image\/png\" \/>\n<meta name=\"twitter:card\" content=\"summary_large_image\" \/>\n<meta name=\"twitter:site\" content=\"@talkpalai\" \/>\n<meta name=\"twitter:label1\" content=\"Dur\u00e9e de lecture estim\u00e9e\" \/>\n\t<meta name=\"twitter:data1\" content=\"4 minutes\" \/>\n<script type=\"application\/ld+json\" class=\"yoast-schema-graph\">{\"@context\":\"https:\/\/schema.org\",\"@graph\":[{\"@type\":\"WebPage\",\"@id\":\"https:\/\/talkpal.ai\/fr\/exercices-de-grammaire-oriya\/\",\"url\":\"https:\/\/talkpal.ai\/fr\/exercices-de-grammaire-oriya\/\",\"name\":\"Exercices de grammaire odia - Talkpal\",\"isPartOf\":{\"@id\":\"https:\/\/talkpal.ai\/fr\/#website\"},\"datePublished\":\"2025-11-12T16:09:11+00:00\",\"dateModified\":\"2025-12-30T11:52:59+00:00\",\"description\":\"Ma\u00eetrisez la grammaire de l'odia gr\u00e2ce \u00e0 des exercices interactifs con\u00e7us pour vous aider \u00e0 am\u00e9liorer efficacement vos comp\u00e9tences linguistiques et votre aisance.\",\"breadcrumb\":{\"@id\":\"https:\/\/talkpal.ai\/fr\/exercices-de-grammaire-oriya\/#breadcrumb\"},\"inLanguage\":\"fr-FR\",\"potentialAction\":[{\"@type\":\"ReadAction\",\"target\":[\"https:\/\/talkpal.ai\/fr\/exercices-de-grammaire-oriya\/\"]}]},{\"@type\":\"BreadcrumbList\",\"@id\":\"https:\/\/talkpal.ai\/fr\/exercices-de-grammaire-oriya\/#breadcrumb\",\"itemListElement\":[{\"@type\":\"ListItem\",\"position\":1,\"name\":\"Homepage\",\"item\":\"https:\/\/talkpal.ai\/fr\/\"},{\"@type\":\"ListItem\",\"position\":2,\"name\":\"Exercices de grammaire odia\"}]},{\"@type\":\"WebSite\",\"@id\":\"https:\/\/talkpal.ai\/fr\/#website\",\"url\":\"https:\/\/talkpal.ai\/fr\/\",\"name\":\"Talkpal\",\"description\":\"AI Language Learning\",\"publisher\":{\"@id\":\"https:\/\/talkpal.ai\/fr\/#organization\"},\"alternateName\":\"Talkpal AI\",\"potentialAction\":[{\"@type\":\"SearchAction\",\"target\":{\"@type\":\"EntryPoint\",\"urlTemplate\":\"https:\/\/talkpal.ai\/fr\/?s={search_term_string}\"},\"query-input\":{\"@type\":\"PropertyValueSpecification\",\"valueRequired\":true,\"valueName\":\"search_term_string\"}}],\"inLanguage\":\"fr-FR\"},{\"@type\":\"Organization\",\"@id\":\"https:\/\/talkpal.ai\/fr\/#organization\",\"name\":\"Talkpal, Inc.\",\"alternateName\":\"Talkpal AI\",\"url\":\"https:\/\/talkpal.ai\/fr\/\",\"logo\":{\"@type\":\"ImageObject\",\"inLanguage\":\"fr-FR\",\"@id\":\"https:\/\/talkpal.ai\/fr\/#\/schema\/logo\/image\/\",\"url\":\"https:\/\/talkpal.ai\/wp-content\/uploads\/2024\/03\/Talkpal-Logo-Icon.png\",\"contentUrl\":\"https:\/\/talkpal.ai\/wp-content\/uploads\/2024\/03\/Talkpal-Logo-Icon.png\",\"width\":2880,\"height\":2880,\"caption\":\"Talkpal, Inc.\"},\"image\":{\"@id\":\"https:\/\/talkpal.ai\/fr\/#\/schema\/logo\/image\/\"},\"sameAs\":[\"https:\/\/www.facebook.com\/profile.php?id=100090733639311\",\"https:\/\/x.com\/talkpalai\",\"https:\/\/www.linkedin.com\/company\/talkpal\/\",\"https:\/\/www.youtube.com\/@TalkPal\/\",\"https:\/\/www.tiktok.com\/@talkpal\",\"https:\/\/www.instagram.com\/talkpal_ai\/\",\"https:\/\/www.crunchbase.com\/organization\/talkpal-9cde\",\"https:\/\/www.g2.com\/products\/talkpal-for-business\/\",\"https:\/\/www.trustpilot.com\/review\/talkpal.ai\",\"https:\/\/www.capterra.com\/p\/10006800\/TalkPal\/\"],\"description\":\"Talkpal is a language learning web and mobile education app, powered by the latest AI technologies, that provides engaging experiences to its customers in many different languages to help them improve their language skills. Users can chat about unlimited amount of topics with the app and use other modes to practice their language learning.\",\"email\":\"support@talkpal.ai\",\"legalName\":\"Talkpal, Inc.\",\"foundingDate\":\"2023-04-03\",\"duns\":\"118989042\",\"numberOfEmployees\":{\"@type\":\"QuantitativeValue\",\"minValue\":\"11\",\"maxValue\":\"50\"},\"publishingPrinciples\":\"https:\/\/talkpal.ai\/publishing-principles\/\",\"actionableFeedbackPolicy\":\"https:\/\/talkpal.ai\/actionable-feedback-policy\/\",\"correctionsPolicy\":\"https:\/\/talkpal.ai\/corrections-policy\/\",\"ethicsPolicy\":\"https:\/\/talkpal.ai\/ethics-policy\/\",\"diversityPolicy\":\"https:\/\/talkpal.ai\/diversity-policy\/\",\"diversityStaffingReport\":\"https:\/\/talkpal.ai\/diversity-policy\/\"}]}<\/script>\n<!-- \/ Yoast SEO Premium plugin. -->","yoast_head_json":{"title":"Exercices de grammaire odia - Talkpal","description":"Ma\u00eetrisez la grammaire de l'odia gr\u00e2ce \u00e0 des exercices interactifs con\u00e7us pour vous aider \u00e0 am\u00e9liorer efficacement vos comp\u00e9tences linguistiques et votre aisance.","robots":{"index":"index","follow":"follow","max-snippet":"max-snippet:-1","max-image-preview":"max-image-preview:large","max-video-preview":"max-video-preview:-1"},"canonical":"https:\/\/talkpal.ai\/fr\/exercices-de-grammaire-oriya\/","og_locale":"fr_FR","og_type":"article","og_title":"Exercices de grammaire odia","og_description":"Sujets de grammaire odia Apprendre une nouvelle langue peut \u00eatre une entreprise difficile mais gratifiante. L\u2019odia, une langue indo-aryenne parl\u00e9e","og_url":"https:\/\/talkpal.ai\/fr\/exercices-de-grammaire-oriya\/","og_site_name":"Talkpal","article_publisher":"https:\/\/www.facebook.com\/profile.php?id=100090733639311","article_modified_time":"2025-12-30T11:52:59+00:00","og_image":[{"width":2880,"height":1620,"url":"https:\/\/talkpal.ai\/wp-content\/uploads\/2025\/02\/Progress-tab-16_9.png","type":"image\/png"}],"twitter_card":"summary_large_image","twitter_site":"@talkpalai","twitter_misc":{"Dur\u00e9e de lecture estim\u00e9e":"4 minutes"},"schema":{"@context":"https:\/\/schema.org","@graph":[{"@type":"WebPage","@id":"https:\/\/talkpal.ai\/fr\/exercices-de-grammaire-oriya\/","url":"https:\/\/talkpal.ai\/fr\/exercices-de-grammaire-oriya\/","name":"Exercices de grammaire odia - Talkpal","isPartOf":{"@id":"https:\/\/talkpal.ai\/fr\/#website"},"datePublished":"2025-11-12T16:09:11+00:00","dateModified":"2025-12-30T11:52:59+00:00","description":"Ma\u00eetrisez la grammaire de l'odia gr\u00e2ce \u00e0 des exercices interactifs con\u00e7us pour vous aider \u00e0 am\u00e9liorer efficacement vos comp\u00e9tences linguistiques et votre aisance.","breadcrumb":{"@id":"https:\/\/talkpal.ai\/fr\/exercices-de-grammaire-oriya\/#breadcrumb"},"inLanguage":"fr-FR","potentialAction":[{"@type":"ReadAction","target":["https:\/\/talkpal.ai\/fr\/exercices-de-grammaire-oriya\/"]}]},{"@type":"BreadcrumbList","@id":"https:\/\/talkpal.ai\/fr\/exercices-de-grammaire-oriya\/#breadcrumb","itemListElement":[{"@type":"ListItem","position":1,"name":"Homepage","item":"https:\/\/talkpal.ai\/fr\/"},{"@type":"ListItem","position":2,"name":"Exercices de grammaire odia"}]},{"@type":"WebSite","@id":"https:\/\/talkpal.ai\/fr\/#website","url":"https:\/\/talkpal.ai\/fr\/","name":"Talkpal","description":"AI Language Learning","publisher":{"@id":"https:\/\/talkpal.ai\/fr\/#organization"},"alternateName":"Talkpal AI","potentialAction":[{"@type":"SearchAction","target":{"@type":"EntryPoint","urlTemplate":"https:\/\/talkpal.ai\/fr\/?s={search_term_string}"},"query-input":{"@type":"PropertyValueSpecification","valueRequired":true,"valueName":"search_term_string"}}],"inLanguage":"fr-FR"},{"@type":"Organization","@id":"https:\/\/talkpal.ai\/fr\/#organization","name":"Talkpal, Inc.","alternateName":"Talkpal AI","url":"https:\/\/talkpal.ai\/fr\/","logo":{"@type":"ImageObject","inLanguage":"fr-FR","@id":"https:\/\/talkpal.ai\/fr\/#\/schema\/logo\/image\/","url":"https:\/\/talkpal.ai\/wp-content\/uploads\/2024\/03\/Talkpal-Logo-Icon.png","contentUrl":"https:\/\/talkpal.ai\/wp-content\/uploads\/2024\/03\/Talkpal-Logo-Icon.png","width":2880,"height":2880,"caption":"Talkpal, Inc."},"image":{"@id":"https:\/\/talkpal.ai\/fr\/#\/schema\/logo\/image\/"},"sameAs":["https:\/\/www.facebook.com\/profile.php?id=100090733639311","https:\/\/x.com\/talkpalai","https:\/\/www.linkedin.com\/company\/talkpal\/","https:\/\/www.youtube.com\/@TalkPal\/","https:\/\/www.tiktok.com\/@talkpal","https:\/\/www.instagram.com\/talkpal_ai\/","https:\/\/www.crunchbase.com\/organization\/talkpal-9cde","https:\/\/www.g2.com\/products\/talkpal-for-business\/","https:\/\/www.trustpilot.com\/review\/talkpal.ai","https:\/\/www.capterra.com\/p\/10006800\/TalkPal\/"],"description":"Talkpal is a language learning web and mobile education app, powered by the latest AI technologies, that provides engaging experiences to its customers in many different languages to help them improve their language skills. Users can chat about unlimited amount of topics with the app and use other modes to practice their language learning.","email":"support@talkpal.ai","legalName":"Talkpal, Inc.","foundingDate":"2023-04-03","duns":"118989042","numberOfEmployees":{"@type":"QuantitativeValue","minValue":"11","maxValue":"50"},"publishingPrinciples":"https:\/\/talkpal.ai\/publishing-principles\/","actionableFeedbackPolicy":"https:\/\/talkpal.ai\/actionable-feedback-policy\/","correctionsPolicy":"https:\/\/talkpal.ai\/corrections-policy\/","ethicsPolicy":"https:\/\/talkpal.ai\/ethics-policy\/","diversityPolicy":"https:\/\/talkpal.ai\/diversity-policy\/","diversityStaffingReport":"https:\/\/talkpal.ai\/diversity-policy\/"}]}},"_links":{"self":[{"href":"https:\/\/talkpal.ai\/fr\/wp-json\/wp\/v2\/pages\/1464493","targetHints":{"allow":["GET"]}}],"collection":[{"href":"https:\/\/talkpal.ai\/fr\/wp-json\/wp\/v2\/pages"}],"about":[{"href":"https:\/\/talkpal.ai\/fr\/wp-json\/wp\/v2\/types\/page"}],"author":[{"embeddable":true,"href":"https:\/\/talkpal.ai\/fr\/wp-json\/wp\/v2\/users\/20"}],"replies":[{"embeddable":true,"href":"https:\/\/talkpal.ai\/fr\/wp-json\/wp\/v2\/comments?post=1464493"}],"version-history":[{"count":0,"href":"https:\/\/talkpal.ai\/fr\/wp-json\/wp\/v2\/pages\/1464493\/revisions"}],"wp:attachment":[{"href":"https:\/\/talkpal.ai\/fr\/wp-json\/wp\/v2\/media?parent=1464493"}],"curies":[{"name":"wp","href":"https:\/\/api.w.org\/{rel}","templated":true}]}}