{"id":1463612,"date":"2025-11-12T11:25:16","date_gmt":"2025-11-12T11:25:16","guid":{"rendered":"https:\/\/talkpal.ai\/grammaire-khmere\/"},"modified":"2025-12-30T14:41:57","modified_gmt":"2025-12-30T14:41:57","slug":"grammaire-khmere","status":"publish","type":"page","link":"https:\/\/talkpal.ai\/fr\/grammaire-khmere\/","title":{"rendered":"Grammaire khm\u00e8re"},"content":{"rendered":"\r\n\r\n\r\n<section class=\"languageChallengeSection\">\r\n    <div class=\"languageInfoWrapper\">\r\n        \r\n        <h1>Grammaire khm\u00e8re<\/h1>\r\n        <p>La <a href=\"https:\/\/talkpal.ai\/khmer-grammar\/\">grammaire khm\u00e8re<\/a> peut sembler difficile au d\u00e9but, mais ses caract\u00e9ristiques uniques font de l\u2019apprentissage de la langue une exp\u00e9rience enrichissante. En explorant son alphabet, ses mutations et ses r\u00e8gles de grammaire, vous d\u00e9couvrirez une riche tradition linguistique. Commencez votre voyage et d\u00e9couvrez la beaut\u00e9 des Khmers !<\/p>\r\n\r\n                            <a class=\"getStartedHidden\" href=\"https:\/\/app.talkpal.ai\/fr\/signup?lng=\">Commencer<\/a>\r\n        \r\n    <\/div>\r\n\r\n    <figure>\r\n    <img decoding=\"async\" width=\"768\" height=\"768\" src=\"https:\/\/talkpal.ai\/wp-content\/uploads\/2023\/06\/welsh-768x768.png\" class=\"languageImage no-lazy\" alt=\"Default alt text\" fetchpriority=\"high\" sizes=\"(max-width: 768px) 150px, 768px\" srcset=\"https:\/\/talkpal.ai\/wp-content\/uploads\/2023\/06\/welsh-768x768.png 768w, https:\/\/talkpal.ai\/wp-content\/uploads\/2023\/06\/welsh-300x300.png 300w\" \/>\r\n    \r\n\r\n    <\/figure>\r\n\r\n            <a class=\"getStartedVisible\" href=\"https:\/\/app.talkpal.ai\/fr\/signup?lng=\">Commencer<\/a>\r\n    \r\n<\/section><section class=\"promotionalBanner\">\r\n    <p class=\"promotionalText\">La fa\u00e7on la plus efficace d\u2019apprendre une langue<\/p>\r\n    <a class=\"promotionalLink\" href=\"https:\/\/app.talkpal.ai\/fr\/signup?lng=\">Essayez Talkpal gratuitement<\/a>\r\n<\/section>\n<div class=\"wp-block-group pageContainerStyle\"><div class=\"wp-block-group__inner-container is-layout-constrained wp-block-group-is-layout-constrained\">\n<h2 class=\"wp-block-heading\" id=\"h-navigating-the-intricacies-of-khmer-grammar\">Naviguer dans les subtilit\u00e9s de la grammaire khm\u00e8re<\/h2>\n\n\n\n<p><a href=\"https:\/\/talkpal.ai\/fr\/apprendre-le-khmer\/\">Le khmer<\/a>, la langue nationale du Cambodge et l\u2019une des principales langues austroasiatiques avec une profonde tradition litt\u00e9raire, offre une exp\u00e9rience linguistique passionnante pour ceux qui souhaitent explorer son syst\u00e8me grammatical unique. En vous aventurant dans le royaume <a href=\"https:\/\/talkpal.ai\/learn-khmer\/\">khmer<\/a>, vous enrichirez non seulement votre r\u00e9pertoire linguistique, mais vous embarquerez \u00e9galement dans un voyage culturel fascinant. Bien que la grammaire khm\u00e8re puisse sembler peu famili\u00e8re au premier abord, la d\u00e9composer en \u00e9l\u00e9ments de base rend l\u2019apprentissage de la langue plus accessible. Dans cet article, nous allons explorer le monde captivant de la grammaire khm\u00e8re et fournir des conseils sur la fa\u00e7on de ma\u00eetriser ses complexit\u00e9s.<\/p>\n\n\n\n<h3 class=\"wp-block-heading\" id=\"h-1-khmer-alphabet-and-phonetics\">1. Alphabet et phon\u00e9tique khmers<\/h3>\n\n\n\n<p>Le syst\u00e8me d\u2019\u00e9criture khm\u00e8re est un abugida qui comprend 33 consonnes, 23 voyelles d\u00e9pendantes et 12 voyelles ind\u00e9pendantes. Les consonnes se d\u00e9clinent en deux s\u00e9ries qui affectent la qualit\u00e9 des voyelles, et les symboles vocaliques changent de prononciation en fonction de la s\u00e9rie de consonnes. Pour <a href=\"https:\/\/talkpal.ai\/fr\/grammaire\/\">apprendre la grammaire<\/a> khm\u00e8re, il est crucial de se familiariser avec cette \u00e9criture distinctive en pratiquant la lecture et l\u2019\u00e9criture en khmer.<\/p>\n\n\n\n<h3 class=\"wp-block-heading\" id=\"h-2-consonant-series-a-peculiar-khmer-feature\">2. La s\u00e9rie des consonnes : une caract\u00e9ristique khm\u00e8re particuli\u00e8re<\/h3>\n\n\n\n<p>L\u2019un des aspects les plus frappants du khmer est ses deux s\u00e9ries de consonnes, souvent appel\u00e9es registres, qui influencent la fa\u00e7on dont les voyelles d\u00e9pendantes sont prononc\u00e9es. Les consonnes des s\u00e9ries A et O font que le m\u00eame symbole vocalique est lu diff\u00e9remment. Comprendre le fonctionnement de ces s\u00e9ries, ainsi que les signes diacritiques courants, est essentiel pour une prononciation et une \u00e9criture pr\u00e9cises en khmer.<\/p>\n\n\n\n<h3 class=\"wp-block-heading\" id=\"h-3-nouns-and-pronouns-gender-and-cases\">3. Noms et pronoms : genre et cas<\/h3>\n\n\n\n<p>Les noms khmers n\u2019ont pas de genre grammatical et ne s\u2019infl\u00e9chissent pas pour la casse. La pluralit\u00e9 est souvent indiqu\u00e9e par le contexte, la r\u00e9duplication ou des mots comme \u1785\u17d2\u179a\u17be\u1793. Les pronoms en khmer comprennent des formes personnelles, possessives, r\u00e9flexives, d\u00e9monstratives et interrogatives, et ils varient selon la politesse et le contexte social. Se familiariser avec ces pronoms et particules telles que \u179a\u1794\u179f\u17cb pour la possession am\u00e9liorera consid\u00e9rablement votre compr\u00e9hension de la grammaire khm\u00e8re.<\/p>\n\n\n\n<h3 class=\"wp-block-heading\" id=\"h-4-verbs-structure-and-conjugation\">4. Verbes : structure et conjugaison<\/h3>\n\n\n\n<p>Les verbes khmers ne se conjuguent pas pour le <a href=\"https:\/\/talkpal.ai\/zh-hans\/grammar_exercises\/temps-%e6%b3%95%e8%af%ad%e8%af%ad%e6%b3%95%e7%bb%83%e4%b9%a0\/\">temps<\/a>, la personne ou le nombre. Au lieu de cela, le temps et l\u2019aspect sont exprim\u00e9s par des particules et des adverbes, tels que \u1780\u17c6\u1796\u17bb\u1784 pour progressif, \u1794\u17b6\u1793 pour pass\u00e9 achev\u00e9 et \u1793\u17b9\u1784 pour futur. L\u2019humeur peut \u00eatre indiqu\u00e9e avec des mots comme \u179f\u17bc\u1798 ou \u1785\u17bc\u179a pour les imp\u00e9ratifs de politesse et \u1780\u17bb\u17c6 pour les interdictions. L\u2019apprentissage de ces particules et des constructions verbales en s\u00e9rie courantes am\u00e9liorera votre capacit\u00e9 \u00e0 communiquer efficacement en khmer.<\/p>\n\n\n\n<h3 class=\"wp-block-heading\" id=\"h-5-adjectives-agreement-and-placement\">5. Adjectifs : accord et placement<\/h3>\n\n\n\n<p>Dans la grammaire khm\u00e8re, les adjectifs suivent g\u00e9n\u00e9ralement le nom qu\u2019ils modifient et ne s\u2019accordent pas en nombre ou en genre. Les comparatifs et les superlatifs sont form\u00e9s de mani\u00e8re analytique, en utilisant souvent \u1787\u17b6\u1784 pour la comparaison et \u1787\u17b6\u1784\u1782\u17c1 ou \u1794\u17c6\u1795\u17bb\u178f pour les superlatifs.<\/p>\n\n\n\n<p><strong>Exemples :<\/strong><\/p>\n\n\n\n<p><strong>\u2013 \u179f\u17c1\u1785\u1780\u17d2\u178f\u17b8\u179f\u17d2\u179a\u17a1\u17b6\u1789\u17cb \u1792\u17c6 (grand amour)<\/strong><\/p>\n\n\n\n<p><strong>\u2013 \u1780\u17bc\u1793\u1780\u17d2\u1798\u17c1\u1784 \u178f\u17bc\u1785(petits enfants)<\/strong><\/p>\n\n\n\n<h3 class=\"wp-block-heading\" id=\"h-6-engaging-with-the-language\">6. S&rsquo;engager dans la langue<\/h3>\n\n\n\n<p>La fa\u00e7on la plus efficace de comprendre et d\u2019int\u00e9rioriser pleinement la grammaire khm\u00e8re est de s\u2019engager constamment avec la langue. En lisant la litt\u00e9rature khm\u00e8re, en regardant des films ou des s\u00e9ries t\u00e9l\u00e9vis\u00e9es khm\u00e8res, en \u00e9coutant de la musique khm\u00e8re et en communiquant activement avec des locuteurs natifs, vous renforcerez votre compr\u00e9hension de la grammaire tout en \u00e9largissant votre vocabulaire.<\/p>\n\n\n\n<h3 class=\"wp-block-heading\" id=\"h-conclusion\">Conclusion<\/h3>\n\n\n\n<p>Bien que la grammaire khm\u00e8re puisse sembler complexe, vous pouvez ma\u00eetriser cette belle langue avec d\u00e9vouement, pratique et enthousiasme. En vous concentrant sur les r\u00e8gles fondamentales et en vous engageant avec la langue dans diff\u00e9rents contextes, vous am\u00e9liorerez rapidement vos <a href=\"https:\/\/talkpal.ai\/fr\/grammaire\/\">comp\u00e9tences en grammaire<\/a> khm\u00e8re. <a href=\"https:\/\/talkpal.ai\/culture\/how-do-i-wish-someone-good-luck-in-french\/\">Bonne chance<\/a> pour votre voyage en langue khm\u00e8re, et amusez-vous \u00e0 d\u00e9couvrir le monde \u00e9nigmatique mais captivant de la grammaire khm\u00e8re !<\/p>\n<\/div><\/div>\n\r\n<section class=\"learnNavigationSection\">\r\n            \r\n        <a href=\"https:\/\/talkpal.ai\/fr\/apprendre-le-khmer\/\">\r\n            <div class=\"learnNavigationWrapper\">\r\n                <div class=\"learnNavigationContent\">\r\n                    <img decoding=\"async\" src=\"https:\/\/talkpal.ai\/wp-content\/uploads\/2025\/11\/Khmer.png\" alt=\"Cambodian Flag\">\r\n                    <div>\r\n                        <h4>\u00c0 propos de l\u2019apprentissage du khmer<\/h4>\r\n                        <p>D\u00e9couvrez tout sur la grammaire khm\u00e8re.<\/p>\r\n                    <\/div>\r\n                <\/div>\r\n            <\/div>\r\n        <\/a>\r\n\r\n        \r\n        <a href=\"https:\/\/talkpal.ai\/fr\/exercices-de-grammaire-khmere\/\">\r\n            <div class=\"learnNavigationWrapper\">\r\n                <div class=\"learnNavigationContent\">\r\n                    <img decoding=\"async\" src=\"https:\/\/talkpal.ai\/wp-content\/uploads\/2025\/11\/Khmer.png\" alt=\"Cambodian Flag\">\r\n                    <div>\r\n                        <h4>Exercice de grammaire khm\u00e8re<\/h4>\r\n                        <p>Pratiquez la grammaire khm\u00e8re.<\/p>\r\n                    <\/div>\r\n                <\/div>\r\n            <\/div>\r\n        <\/a>\r\n\r\n            <\/section>","protected":false},"excerpt":{"rendered":"<p>Naviguer dans les subtilit\u00e9s de la grammaire khm\u00e8re Le khmer, la langue nationale du Cambodge et l\u2019une des principales langues austroasiatiques avec une profonde tradition litt\u00e9raire, offre une exp\u00e9rience linguistique passionnante pour ceux qui souhaitent explorer son syst\u00e8me grammatical unique. En vous aventurant dans le royaume khmer, vous enrichirez non seulement votre r\u00e9pertoire linguistique, mais [&hellip;]<\/p>\n","protected":false},"author":20,"featured_media":0,"parent":0,"menu_order":0,"comment_status":"closed","ping_status":"closed","template":"LearningContentPage.php","meta":{"_acf_changed":false,"footnotes":""},"class_list":["post-1463612","page","type-page","status-publish","hentry"],"acf":[],"yoast_head":"<!-- This site is optimized with the Yoast SEO Premium plugin v27.2 (Yoast SEO v27.2) - https:\/\/yoast.com\/product\/yoast-seo-premium-wordpress\/ -->\n<title>Grammaire khm\u00e8re - Talkpal<\/title>\n<meta name=\"description\" content=\"Ma\u00eetrisez les \u00e9l\u00e9ments essentiels de la grammaire khm\u00e8re, notamment l&#039;alphabet, la phon\u00e9tique et la structure des phrases, gr\u00e2ce \u00e0 notre guide complet d&#039;apprentissage de la langue.\" \/>\n<meta name=\"robots\" content=\"index, follow, max-snippet:-1, max-image-preview:large, max-video-preview:-1\" \/>\n<link rel=\"canonical\" href=\"https:\/\/talkpal.ai\/fr\/grammaire-khmere\/\" \/>\n<meta property=\"og:locale\" content=\"fr_FR\" \/>\n<meta property=\"og:type\" content=\"article\" \/>\n<meta property=\"og:title\" content=\"Grammaire khm\u00e8re\" \/>\n<meta property=\"og:description\" content=\"Naviguer dans les subtilit\u00e9s de la grammaire khm\u00e8re Le khmer, la langue nationale du Cambodge et l\u2019une des principales langues austroasiatiques avec une\" \/>\n<meta property=\"og:url\" content=\"https:\/\/talkpal.ai\/fr\/grammaire-khmere\/\" \/>\n<meta property=\"og:site_name\" content=\"Talkpal\" \/>\n<meta property=\"article:publisher\" content=\"https:\/\/www.facebook.com\/profile.php?id=100090733639311\" \/>\n<meta property=\"article:modified_time\" content=\"2025-12-30T14:41:57+00:00\" \/>\n<meta property=\"og:image\" content=\"https:\/\/talkpal.ai\/wp-content\/uploads\/2025\/02\/Progress-tab-16_9.png\" \/>\n\t<meta property=\"og:image:width\" content=\"2880\" \/>\n\t<meta property=\"og:image:height\" content=\"1620\" \/>\n\t<meta property=\"og:image:type\" content=\"image\/png\" \/>\n<meta name=\"twitter:card\" content=\"summary_large_image\" \/>\n<meta name=\"twitter:site\" content=\"@talkpalai\" \/>\n<meta name=\"twitter:label1\" content=\"Dur\u00e9e de lecture estim\u00e9e\" \/>\n\t<meta name=\"twitter:data1\" content=\"3 minutes\" \/>\n<script type=\"application\/ld+json\" class=\"yoast-schema-graph\">{\"@context\":\"https:\/\/schema.org\",\"@graph\":[{\"@type\":\"WebPage\",\"@id\":\"https:\/\/talkpal.ai\/fr\/grammaire-khmere\/\",\"url\":\"https:\/\/talkpal.ai\/fr\/grammaire-khmere\/\",\"name\":\"Grammaire khm\u00e8re - Talkpal\",\"isPartOf\":{\"@id\":\"https:\/\/talkpal.ai\/fr\/#website\"},\"datePublished\":\"2025-11-12T11:25:16+00:00\",\"dateModified\":\"2025-12-30T14:41:57+00:00\",\"description\":\"Ma\u00eetrisez les \u00e9l\u00e9ments essentiels de la grammaire khm\u00e8re, notamment l'alphabet, la phon\u00e9tique et la structure des phrases, gr\u00e2ce \u00e0 notre guide complet d'apprentissage de la langue.\",\"breadcrumb\":{\"@id\":\"https:\/\/talkpal.ai\/fr\/grammaire-khmere\/#breadcrumb\"},\"inLanguage\":\"fr-FR\",\"potentialAction\":[{\"@type\":\"ReadAction\",\"target\":[\"https:\/\/talkpal.ai\/fr\/grammaire-khmere\/\"]}]},{\"@type\":\"BreadcrumbList\",\"@id\":\"https:\/\/talkpal.ai\/fr\/grammaire-khmere\/#breadcrumb\",\"itemListElement\":[{\"@type\":\"ListItem\",\"position\":1,\"name\":\"Homepage\",\"item\":\"https:\/\/talkpal.ai\/fr\/\"},{\"@type\":\"ListItem\",\"position\":2,\"name\":\"Grammaire khm\u00e8re\"}]},{\"@type\":\"WebSite\",\"@id\":\"https:\/\/talkpal.ai\/fr\/#website\",\"url\":\"https:\/\/talkpal.ai\/fr\/\",\"name\":\"Talkpal\",\"description\":\"AI Language Learning\",\"publisher\":{\"@id\":\"https:\/\/talkpal.ai\/fr\/#organization\"},\"alternateName\":\"Talkpal AI\",\"potentialAction\":[{\"@type\":\"SearchAction\",\"target\":{\"@type\":\"EntryPoint\",\"urlTemplate\":\"https:\/\/talkpal.ai\/fr\/?s={search_term_string}\"},\"query-input\":{\"@type\":\"PropertyValueSpecification\",\"valueRequired\":true,\"valueName\":\"search_term_string\"}}],\"inLanguage\":\"fr-FR\"},{\"@type\":\"Organization\",\"@id\":\"https:\/\/talkpal.ai\/fr\/#organization\",\"name\":\"Talkpal, Inc.\",\"alternateName\":\"Talkpal AI\",\"url\":\"https:\/\/talkpal.ai\/fr\/\",\"logo\":{\"@type\":\"ImageObject\",\"inLanguage\":\"fr-FR\",\"@id\":\"https:\/\/talkpal.ai\/fr\/#\/schema\/logo\/image\/\",\"url\":\"https:\/\/talkpal.ai\/wp-content\/uploads\/2024\/03\/Talkpal-Logo-Icon.png\",\"contentUrl\":\"https:\/\/talkpal.ai\/wp-content\/uploads\/2024\/03\/Talkpal-Logo-Icon.png\",\"width\":2880,\"height\":2880,\"caption\":\"Talkpal, Inc.\"},\"image\":{\"@id\":\"https:\/\/talkpal.ai\/fr\/#\/schema\/logo\/image\/\"},\"sameAs\":[\"https:\/\/www.facebook.com\/profile.php?id=100090733639311\",\"https:\/\/x.com\/talkpalai\",\"https:\/\/www.linkedin.com\/company\/talkpal\/\",\"https:\/\/www.youtube.com\/@TalkPal\/\",\"https:\/\/www.tiktok.com\/@talkpal\",\"https:\/\/www.instagram.com\/talkpal_ai\/\",\"https:\/\/www.crunchbase.com\/organization\/talkpal-9cde\",\"https:\/\/www.g2.com\/products\/talkpal-for-business\/\",\"https:\/\/www.trustpilot.com\/review\/talkpal.ai\",\"https:\/\/www.capterra.com\/p\/10006800\/TalkPal\/\"],\"description\":\"Talkpal is a language learning web and mobile education app, powered by the latest AI technologies, that provides engaging experiences to its customers in many different languages to help them improve their language skills. Users can chat about unlimited amount of topics with the app and use other modes to practice their language learning.\",\"email\":\"support@talkpal.ai\",\"legalName\":\"Talkpal, Inc.\",\"foundingDate\":\"2023-04-03\",\"duns\":\"118989042\",\"numberOfEmployees\":{\"@type\":\"QuantitativeValue\",\"minValue\":\"11\",\"maxValue\":\"50\"},\"publishingPrinciples\":\"https:\/\/talkpal.ai\/publishing-principles\/\",\"actionableFeedbackPolicy\":\"https:\/\/talkpal.ai\/actionable-feedback-policy\/\",\"correctionsPolicy\":\"https:\/\/talkpal.ai\/corrections-policy\/\",\"ethicsPolicy\":\"https:\/\/talkpal.ai\/ethics-policy\/\",\"diversityPolicy\":\"https:\/\/talkpal.ai\/diversity-policy\/\",\"diversityStaffingReport\":\"https:\/\/talkpal.ai\/diversity-policy\/\"}]}<\/script>\n<!-- \/ Yoast SEO Premium plugin. -->","yoast_head_json":{"title":"Grammaire khm\u00e8re - Talkpal","description":"Ma\u00eetrisez les \u00e9l\u00e9ments essentiels de la grammaire khm\u00e8re, notamment l'alphabet, la phon\u00e9tique et la structure des phrases, gr\u00e2ce \u00e0 notre guide complet d'apprentissage de la langue.","robots":{"index":"index","follow":"follow","max-snippet":"max-snippet:-1","max-image-preview":"max-image-preview:large","max-video-preview":"max-video-preview:-1"},"canonical":"https:\/\/talkpal.ai\/fr\/grammaire-khmere\/","og_locale":"fr_FR","og_type":"article","og_title":"Grammaire khm\u00e8re","og_description":"Naviguer dans les subtilit\u00e9s de la grammaire khm\u00e8re Le khmer, la langue nationale du Cambodge et l\u2019une des principales langues austroasiatiques avec une","og_url":"https:\/\/talkpal.ai\/fr\/grammaire-khmere\/","og_site_name":"Talkpal","article_publisher":"https:\/\/www.facebook.com\/profile.php?id=100090733639311","article_modified_time":"2025-12-30T14:41:57+00:00","og_image":[{"width":2880,"height":1620,"url":"https:\/\/talkpal.ai\/wp-content\/uploads\/2025\/02\/Progress-tab-16_9.png","type":"image\/png"}],"twitter_card":"summary_large_image","twitter_site":"@talkpalai","twitter_misc":{"Dur\u00e9e de lecture estim\u00e9e":"3 minutes"},"schema":{"@context":"https:\/\/schema.org","@graph":[{"@type":"WebPage","@id":"https:\/\/talkpal.ai\/fr\/grammaire-khmere\/","url":"https:\/\/talkpal.ai\/fr\/grammaire-khmere\/","name":"Grammaire khm\u00e8re - Talkpal","isPartOf":{"@id":"https:\/\/talkpal.ai\/fr\/#website"},"datePublished":"2025-11-12T11:25:16+00:00","dateModified":"2025-12-30T14:41:57+00:00","description":"Ma\u00eetrisez les \u00e9l\u00e9ments essentiels de la grammaire khm\u00e8re, notamment l'alphabet, la phon\u00e9tique et la structure des phrases, gr\u00e2ce \u00e0 notre guide complet d'apprentissage de la langue.","breadcrumb":{"@id":"https:\/\/talkpal.ai\/fr\/grammaire-khmere\/#breadcrumb"},"inLanguage":"fr-FR","potentialAction":[{"@type":"ReadAction","target":["https:\/\/talkpal.ai\/fr\/grammaire-khmere\/"]}]},{"@type":"BreadcrumbList","@id":"https:\/\/talkpal.ai\/fr\/grammaire-khmere\/#breadcrumb","itemListElement":[{"@type":"ListItem","position":1,"name":"Homepage","item":"https:\/\/talkpal.ai\/fr\/"},{"@type":"ListItem","position":2,"name":"Grammaire khm\u00e8re"}]},{"@type":"WebSite","@id":"https:\/\/talkpal.ai\/fr\/#website","url":"https:\/\/talkpal.ai\/fr\/","name":"Talkpal","description":"AI Language Learning","publisher":{"@id":"https:\/\/talkpal.ai\/fr\/#organization"},"alternateName":"Talkpal AI","potentialAction":[{"@type":"SearchAction","target":{"@type":"EntryPoint","urlTemplate":"https:\/\/talkpal.ai\/fr\/?s={search_term_string}"},"query-input":{"@type":"PropertyValueSpecification","valueRequired":true,"valueName":"search_term_string"}}],"inLanguage":"fr-FR"},{"@type":"Organization","@id":"https:\/\/talkpal.ai\/fr\/#organization","name":"Talkpal, Inc.","alternateName":"Talkpal AI","url":"https:\/\/talkpal.ai\/fr\/","logo":{"@type":"ImageObject","inLanguage":"fr-FR","@id":"https:\/\/talkpal.ai\/fr\/#\/schema\/logo\/image\/","url":"https:\/\/talkpal.ai\/wp-content\/uploads\/2024\/03\/Talkpal-Logo-Icon.png","contentUrl":"https:\/\/talkpal.ai\/wp-content\/uploads\/2024\/03\/Talkpal-Logo-Icon.png","width":2880,"height":2880,"caption":"Talkpal, Inc."},"image":{"@id":"https:\/\/talkpal.ai\/fr\/#\/schema\/logo\/image\/"},"sameAs":["https:\/\/www.facebook.com\/profile.php?id=100090733639311","https:\/\/x.com\/talkpalai","https:\/\/www.linkedin.com\/company\/talkpal\/","https:\/\/www.youtube.com\/@TalkPal\/","https:\/\/www.tiktok.com\/@talkpal","https:\/\/www.instagram.com\/talkpal_ai\/","https:\/\/www.crunchbase.com\/organization\/talkpal-9cde","https:\/\/www.g2.com\/products\/talkpal-for-business\/","https:\/\/www.trustpilot.com\/review\/talkpal.ai","https:\/\/www.capterra.com\/p\/10006800\/TalkPal\/"],"description":"Talkpal is a language learning web and mobile education app, powered by the latest AI technologies, that provides engaging experiences to its customers in many different languages to help them improve their language skills. Users can chat about unlimited amount of topics with the app and use other modes to practice their language learning.","email":"support@talkpal.ai","legalName":"Talkpal, Inc.","foundingDate":"2023-04-03","duns":"118989042","numberOfEmployees":{"@type":"QuantitativeValue","minValue":"11","maxValue":"50"},"publishingPrinciples":"https:\/\/talkpal.ai\/publishing-principles\/","actionableFeedbackPolicy":"https:\/\/talkpal.ai\/actionable-feedback-policy\/","correctionsPolicy":"https:\/\/talkpal.ai\/corrections-policy\/","ethicsPolicy":"https:\/\/talkpal.ai\/ethics-policy\/","diversityPolicy":"https:\/\/talkpal.ai\/diversity-policy\/","diversityStaffingReport":"https:\/\/talkpal.ai\/diversity-policy\/"}]}},"_links":{"self":[{"href":"https:\/\/talkpal.ai\/fr\/wp-json\/wp\/v2\/pages\/1463612","targetHints":{"allow":["GET"]}}],"collection":[{"href":"https:\/\/talkpal.ai\/fr\/wp-json\/wp\/v2\/pages"}],"about":[{"href":"https:\/\/talkpal.ai\/fr\/wp-json\/wp\/v2\/types\/page"}],"author":[{"embeddable":true,"href":"https:\/\/talkpal.ai\/fr\/wp-json\/wp\/v2\/users\/20"}],"replies":[{"embeddable":true,"href":"https:\/\/talkpal.ai\/fr\/wp-json\/wp\/v2\/comments?post=1463612"}],"version-history":[{"count":0,"href":"https:\/\/talkpal.ai\/fr\/wp-json\/wp\/v2\/pages\/1463612\/revisions"}],"wp:attachment":[{"href":"https:\/\/talkpal.ai\/fr\/wp-json\/wp\/v2\/media?parent=1463612"}],"curies":[{"name":"wp","href":"https:\/\/api.w.org\/{rel}","templated":true}]}}