{"id":1463605,"date":"2025-11-12T10:09:38","date_gmt":"2025-11-12T10:09:38","guid":{"rendered":"https:\/\/talkpal.ai\/grammaire-javanaise\/"},"modified":"2025-12-30T15:02:51","modified_gmt":"2025-12-30T15:02:51","slug":"grammaire-javanaise","status":"publish","type":"page","link":"https:\/\/talkpal.ai\/fr\/grammaire-javanaise\/","title":{"rendered":"Grammaire javanaise"},"content":{"rendered":"\r\n\r\n\r\n<section class=\"languageChallengeSection\">\r\n    <div class=\"languageInfoWrapper\">\r\n        \r\n        <h1>Grammaire javanaise<\/h1>\r\n        <p>La <a href=\"https:\/\/talkpal.ai\/javanese-grammar\/\">grammaire javanaise<\/a> peut sembler difficile au d\u00e9but, mais ses caract\u00e9ristiques uniques font de l\u2019apprentissage de la langue une exp\u00e9rience enrichissante. En explorant son alphabet, ses mutations et ses r\u00e8gles de grammaire, vous d\u00e9couvrirez une riche tradition linguistique. Commencez votre voyage et d\u00e9couvrez la beaut\u00e9 des Javanais !<\/p>\r\n\r\n                            <a class=\"getStartedHidden\" href=\"https:\/\/app.talkpal.ai\/fr\/signup?lng=\">Commencer<\/a>\r\n        \r\n    <\/div>\r\n\r\n    <figure>\r\n    <img decoding=\"async\" width=\"768\" height=\"768\" src=\"https:\/\/talkpal.ai\/wp-content\/uploads\/2023\/06\/welsh-768x768.png\" class=\"languageImage no-lazy\" alt=\"Default alt text\" fetchpriority=\"high\" sizes=\"(max-width: 768px) 150px, 768px\" srcset=\"https:\/\/talkpal.ai\/wp-content\/uploads\/2023\/06\/welsh-768x768.png 768w, https:\/\/talkpal.ai\/wp-content\/uploads\/2023\/06\/welsh-300x300.png 300w\" \/>\r\n    \r\n\r\n    <\/figure>\r\n\r\n            <a class=\"getStartedVisible\" href=\"https:\/\/app.talkpal.ai\/fr\/signup?lng=\">Commencer<\/a>\r\n    \r\n<\/section><section class=\"promotionalBanner\">\r\n    <p class=\"promotionalText\">La fa\u00e7on la plus efficace d\u2019apprendre une langue<\/p>\r\n    <a class=\"promotionalLink\" href=\"https:\/\/app.talkpal.ai\/fr\/signup?lng=\">Essayez Talkpal gratuitement<\/a>\r\n<\/section>\n<div class=\"wp-block-group pageContainerStyle\"><div class=\"wp-block-group__inner-container is-layout-constrained wp-block-group-is-layout-constrained\">\n<h2 class=\"wp-block-heading\" id=\"h-navigating-the-intricacies-of-javanese-grammar\">Naviguer dans les subtilit\u00e9s de la grammaire javanaise<\/h2>\n\n\n\n<p><a href=\"https:\/\/talkpal.ai\/fr\/apprendre-le-javanais\/\">Le javanais,<\/a> une langue austron\u00e9sienne \u00e0 l\u2019histoire riche et \u00e0 l\u2019importance culturelle, offre une exp\u00e9rience linguistique passionnante \u00e0 ceux qui souhaitent explorer son syst\u00e8me grammatical unique. En vous aventurant dans le royaume javanais, vous enrichirez non seulement votre r\u00e9pertoire linguistique, mais vous embrasserez \u00e9galement un voyage culturel fascinant. Bien que la grammaire javanaise puisse sembler compliqu\u00e9e au d\u00e9but, la d\u00e9composer en composants de base rend l\u2019apprentissage de la langue plus accessible. Dans cet article, nous allons explorer le monde captivant de la grammaire javanaise et vous donner des conseils sur la fa\u00e7on de ma\u00eetriser ses complexit\u00e9s.<\/p>\n\n\n\n<h3 class=\"wp-block-heading\" id=\"h-1-javanese-alphabet-and-phonetics\">1. Alphabet et phon\u00e9tique javanais<\/h3>\n\n\n\n<p>Le javanais d\u2019aujourd\u2019hui s\u2019\u00e9crit g\u00e9n\u00e9ralement avec l\u2019alphabet latin, bien qu\u2019il ait \u00e9galement une \u00e9criture traditionnelle connue sous le nom d\u2019Aksara Jawa ou Hanacaraka. Pour <a href=\"https:\/\/talkpal.ai\/fr\/grammaire\/\">apprendre la grammaire<\/a> javanaise, il est crucial de se familiariser avec l\u2019orthographe latine moderne et, si vous le souhaitez, avec l\u2019\u00e9criture traditionnelle. Les principales caract\u00e9ristiques phon\u00e9tiques comprennent la distinction entre e \/\u0259\/ et \u00e9 \/e\/, le ng nasal v\u00e9laire et le <a href=\"https:\/\/talkpal.ai\/talkpal-new-years-discount\/\">ny<\/a> palatinal, et un arr\u00eat glottal qui peut appara\u00eetre dans certains dialectes. La pratique de la lecture et de l\u2019\u00e9criture dans les deux syst\u00e8mes permettra de construire une base solide pour la grammaire.<\/p>\n\n\n\n<h3 class=\"wp-block-heading\" id=\"h-2-nouns-and-pronouns-number-and-levels\">2. Noms et pronoms : nombre et niveaux<\/h3>\n\n\n\n<p>Un aspect frappant du javanais est la fa\u00e7on dont certains pr\u00e9fixes d\u00e9clenchent des changements dans la consonne initiale d\u2019un mot. Le pr\u00e9fixe verbal nasal N- provoque des alternances telles que p devenant m, t devenant n, k devenant ng et s devenant ny. Comprendre quand et comment ces alternances se produisent est essentiel pour une communication pr\u00e9cise en javanais. Par exemple, de pangan \u00e0 mangan, de tulis \u00e0 nulis, de gawe \u00e0 nggawe et de sapu \u00e0 nyapu.<\/p>\n\n\n\n<h3 class=\"wp-block-heading\" id=\"h-3-nouns-and-pronouns-gender-and-cases\">3. Noms et pronoms : genre et cas<\/h3>\n\n\n\n<p>Les noms javanais n\u2019ont pas de genre grammatical ni de cas. La pluralit\u00e9 est souvent facultative et peut s\u2019exprimer par la r\u00e9duplication ou par des particules pour le respect et les collectifs, comme bocah-bocah pour les enfants et para pour un <a href=\"https:\/\/talkpal.ai\/ar\/grammar_exercises\/pluriel-%d8%aa%d9%85%d8%a7%d8%b1%d9%8a%d9%86-%d9%84%d9%84%d9%82%d9%88%d8%a7%d8%b9%d8%af-%d8%a7%d9%84%d9%81%d8%b1%d9%86%d8%b3%d9%8a%d8%a9\/\">pluriel<\/a> respectueux des personnes. Les pronoms varient selon le niveau de parole, ce qui est essentiel pour le javanais : les formes ngoko comme aku, kowe, dheweke et les formes krama comme <a href=\"https:\/\/talkpal.ai\/locations\/language-courses-in-kula\/\">kula<\/a>, panjenengan, piyambakipun. La possession peut \u00eatre marqu\u00e9e par des enclitiques tels que -ku, -mu et -e, et les d\u00e9monstratifs incluent iki this et iku that.<\/p>\n\n\n\n<h3 class=\"wp-block-heading\" id=\"h-4-verbs-structure-and-conjugation\">4. Verbes : structure et conjugaison<\/h3>\n\n\n\n<p>Les verbes javanais ne se conjuguent pas pour personne ou <a href=\"https:\/\/talkpal.ai\/zh-hans\/grammar_exercises\/temps-%e6%b3%95%e8%af%ad%e8%af%ad%e6%b3%95%e7%bb%83%e4%b9%a0\/\">temps<\/a>. Au lieu de cela, l\u2019aspect, l\u2019humeur et le temps sont exprim\u00e9s \u00e0 travers des particules et des auxiliaires tels que wis already, durung not yet, lagi in progress, arep ou bakal for future ou intention. La voix et la <a href=\"https:\/\/talkpal.ai\/locations\/language-courses-in-valence\/\">valence<\/a> sont trait\u00e9es avec la morphologie, y compris le pr\u00e9fixe nasal actif N-, le di- passif et, dans des contextes plus formels ou litt\u00e9raires, ka-. Des proclitiques comme tak- peuvent marquer un agent \u00e0 la premi\u00e8re personne dans certains styles. La ma\u00eetrise de ces mod\u00e8les am\u00e9liorera votre capacit\u00e9 \u00e0 communiquer efficacement en javanais.<\/p>\n\n\n\n<h3 class=\"wp-block-heading\" id=\"h-5-adjectives-agreement-and-placement\">5. Adjectifs : accord et placement<\/h3>\n\n\n\n<p>Dans la grammaire javanaise, les adjectifs suivent g\u00e9n\u00e9ralement le nom qu\u2019ils modifient et ne s\u2019accordent pas en nombre ou en genre. Les significations comparatives et superlatives sont couramment form\u00e9es avec luwih more et p\u00e2lissement most, souvent avec saka que pour marquer la comparaison. La r\u00e9duplication ou les intensificateurs comme le banget very peuvent ajouter de la nuance.<\/p>\n\n\n\n<p><strong>Exemples :<\/strong><\/p>\n\n\n\n<p><strong>\u2013 Tresna Gedhe (Grand amour)<\/strong><\/p>\n\n\n\n<p><strong>\u2013 bocah-bocah cilik (petits enfants)<\/strong><\/p>\n\n\n\n<h3 class=\"wp-block-heading\" id=\"h-6-engaging-with-the-language\">6. S&rsquo;engager dans la langue<\/h3>\n\n\n\n<p>Le moyen le plus efficace de comprendre et d\u2019int\u00e9rioriser pleinement la grammaire javanaise est de s\u2019engager constamment avec la langue. En lisant la litt\u00e9rature javanaise et les textes de chansons, en regardant le wayang kulit ou les m\u00e9dias javanais contemporains, en \u00e9coutant le tembang macapat et en communiquant activement avec des locuteurs natifs de diff\u00e9rents registres, vous renforcerez votre compr\u00e9hension de la grammaire tout en \u00e9largissant votre vocabulaire.<\/p>\n\n\n\n<h3 class=\"wp-block-heading\" id=\"h-conclusion\">Conclusion<\/h3>\n\n\n\n<p>Bien que la grammaire javanaise puisse sembler complexe, vous pouvez ma\u00eetriser cette belle langue avec d\u00e9vouement, pratique et enthousiasme. En vous concentrant sur les r\u00e8gles fondamentales et en vous engageant avec la langue dans diff\u00e9rents contextes, vous am\u00e9liorerez rapidement vos <a href=\"https:\/\/talkpal.ai\/fr\/grammaire\/\">comp\u00e9tences en grammaire<\/a> javanaise. Muga-muga sukses (bonne chance) avec votre voyage en langue javanaise, et amusez-vous \u00e0 d\u00e9couvrir le monde \u00e9nigmatique mais captivant de la grammaire javanaise !<\/p>\n<\/div><\/div>\n\r\n<section class=\"learnNavigationSection\">\r\n            \r\n        <a href=\"https:\/\/talkpal.ai\/fr\/apprendre-le-javanais\/\">\r\n            <div class=\"learnNavigationWrapper\">\r\n                <div class=\"learnNavigationContent\">\r\n                    <img decoding=\"async\" src=\"https:\/\/talkpal.ai\/wp-content\/uploads\/2025\/11\/Javanese.png\" alt=\"Indonesian Flag\">\r\n                    <div>\r\n                        <h4>\u00c0 propos de l\u2019apprentissage du javanais<\/h4>\r\n                        <p>D\u00e9couvrez tout sur la grammaire javanaise.<\/p>\r\n                    <\/div>\r\n                <\/div>\r\n            <\/div>\r\n        <\/a>\r\n\r\n        \r\n        <a href=\"https:\/\/talkpal.ai\/fr\/exercices-de-grammaire-javanaise\/\">\r\n            <div class=\"learnNavigationWrapper\">\r\n                <div class=\"learnNavigationContent\">\r\n                    <img decoding=\"async\" src=\"https:\/\/talkpal.ai\/wp-content\/uploads\/2025\/11\/Javanese.png\" alt=\"Indonesian Flag\">\r\n                    <div>\r\n                        <h4>Exercice de grammaire javanaise<\/h4>\r\n                        <p>Pratiquez la grammaire javanaise.<\/p>\r\n                    <\/div>\r\n                <\/div>\r\n            <\/div>\r\n        <\/a>\r\n\r\n            <\/section>","protected":false},"excerpt":{"rendered":"<p>Naviguer dans les subtilit\u00e9s de la grammaire javanaise Le javanais, une langue austron\u00e9sienne \u00e0 l\u2019histoire riche et \u00e0 l\u2019importance culturelle, offre une exp\u00e9rience linguistique passionnante \u00e0 ceux qui souhaitent explorer son syst\u00e8me grammatical unique. En vous aventurant dans le royaume javanais, vous enrichirez non seulement votre r\u00e9pertoire linguistique, mais vous embrasserez \u00e9galement un voyage culturel [&hellip;]<\/p>\n","protected":false},"author":20,"featured_media":0,"parent":0,"menu_order":0,"comment_status":"closed","ping_status":"closed","template":"LearningContentPage.php","meta":{"_acf_changed":false,"footnotes":""},"class_list":["post-1463605","page","type-page","status-publish","hentry"],"acf":[],"yoast_head":"<!-- This site is optimized with the Yoast SEO Premium plugin v27.2 (Yoast SEO v27.2) - https:\/\/yoast.com\/product\/yoast-seo-premium-wordpress\/ -->\n<title>Grammaire javanaise - Talkpal<\/title>\n<meta name=\"description\" content=\"Ma\u00eetrisez rapidement les r\u00e8gles de grammaire et les structures de phrases en javanais gr\u00e2ce \u00e0 notre guide complet con\u00e7u pour un apprentissage efficace de la langue.\" \/>\n<meta name=\"robots\" content=\"index, follow, max-snippet:-1, max-image-preview:large, max-video-preview:-1\" \/>\n<link rel=\"canonical\" href=\"https:\/\/talkpal.ai\/fr\/grammaire-javanaise\/\" \/>\n<meta property=\"og:locale\" content=\"fr_FR\" \/>\n<meta property=\"og:type\" content=\"article\" \/>\n<meta property=\"og:title\" content=\"Grammaire javanaise\" \/>\n<meta property=\"og:description\" content=\"Naviguer dans les subtilit\u00e9s de la grammaire javanaise Le javanais, une langue austron\u00e9sienne \u00e0 l\u2019histoire riche et \u00e0 l\u2019importance culturelle, offre une\" \/>\n<meta property=\"og:url\" content=\"https:\/\/talkpal.ai\/fr\/grammaire-javanaise\/\" \/>\n<meta property=\"og:site_name\" content=\"Talkpal\" \/>\n<meta property=\"article:publisher\" content=\"https:\/\/www.facebook.com\/profile.php?id=100090733639311\" \/>\n<meta property=\"article:modified_time\" content=\"2025-12-30T15:02:51+00:00\" \/>\n<meta property=\"og:image\" content=\"https:\/\/talkpal.ai\/wp-content\/uploads\/2025\/02\/Progress-tab-16_9.png\" \/>\n\t<meta property=\"og:image:width\" content=\"2880\" \/>\n\t<meta property=\"og:image:height\" content=\"1620\" \/>\n\t<meta property=\"og:image:type\" content=\"image\/png\" \/>\n<meta name=\"twitter:card\" content=\"summary_large_image\" \/>\n<meta name=\"twitter:site\" content=\"@talkpalai\" \/>\n<meta name=\"twitter:label1\" content=\"Dur\u00e9e de lecture estim\u00e9e\" \/>\n\t<meta name=\"twitter:data1\" content=\"4 minutes\" \/>\n<script type=\"application\/ld+json\" class=\"yoast-schema-graph\">{\"@context\":\"https:\/\/schema.org\",\"@graph\":[{\"@type\":\"WebPage\",\"@id\":\"https:\/\/talkpal.ai\/fr\/grammaire-javanaise\/\",\"url\":\"https:\/\/talkpal.ai\/fr\/grammaire-javanaise\/\",\"name\":\"Grammaire javanaise - Talkpal\",\"isPartOf\":{\"@id\":\"https:\/\/talkpal.ai\/fr\/#website\"},\"datePublished\":\"2025-11-12T10:09:38+00:00\",\"dateModified\":\"2025-12-30T15:02:51+00:00\",\"description\":\"Ma\u00eetrisez rapidement les r\u00e8gles de grammaire et les structures de phrases en javanais gr\u00e2ce \u00e0 notre guide complet con\u00e7u pour un apprentissage efficace de la langue.\",\"breadcrumb\":{\"@id\":\"https:\/\/talkpal.ai\/fr\/grammaire-javanaise\/#breadcrumb\"},\"inLanguage\":\"fr-FR\",\"potentialAction\":[{\"@type\":\"ReadAction\",\"target\":[\"https:\/\/talkpal.ai\/fr\/grammaire-javanaise\/\"]}]},{\"@type\":\"BreadcrumbList\",\"@id\":\"https:\/\/talkpal.ai\/fr\/grammaire-javanaise\/#breadcrumb\",\"itemListElement\":[{\"@type\":\"ListItem\",\"position\":1,\"name\":\"Homepage\",\"item\":\"https:\/\/talkpal.ai\/fr\/\"},{\"@type\":\"ListItem\",\"position\":2,\"name\":\"Grammaire javanaise\"}]},{\"@type\":\"WebSite\",\"@id\":\"https:\/\/talkpal.ai\/fr\/#website\",\"url\":\"https:\/\/talkpal.ai\/fr\/\",\"name\":\"Talkpal\",\"description\":\"AI Language Learning\",\"publisher\":{\"@id\":\"https:\/\/talkpal.ai\/fr\/#organization\"},\"alternateName\":\"Talkpal AI\",\"potentialAction\":[{\"@type\":\"SearchAction\",\"target\":{\"@type\":\"EntryPoint\",\"urlTemplate\":\"https:\/\/talkpal.ai\/fr\/?s={search_term_string}\"},\"query-input\":{\"@type\":\"PropertyValueSpecification\",\"valueRequired\":true,\"valueName\":\"search_term_string\"}}],\"inLanguage\":\"fr-FR\"},{\"@type\":\"Organization\",\"@id\":\"https:\/\/talkpal.ai\/fr\/#organization\",\"name\":\"Talkpal, Inc.\",\"alternateName\":\"Talkpal AI\",\"url\":\"https:\/\/talkpal.ai\/fr\/\",\"logo\":{\"@type\":\"ImageObject\",\"inLanguage\":\"fr-FR\",\"@id\":\"https:\/\/talkpal.ai\/fr\/#\/schema\/logo\/image\/\",\"url\":\"https:\/\/talkpal.ai\/wp-content\/uploads\/2024\/03\/Talkpal-Logo-Icon.png\",\"contentUrl\":\"https:\/\/talkpal.ai\/wp-content\/uploads\/2024\/03\/Talkpal-Logo-Icon.png\",\"width\":2880,\"height\":2880,\"caption\":\"Talkpal, Inc.\"},\"image\":{\"@id\":\"https:\/\/talkpal.ai\/fr\/#\/schema\/logo\/image\/\"},\"sameAs\":[\"https:\/\/www.facebook.com\/profile.php?id=100090733639311\",\"https:\/\/x.com\/talkpalai\",\"https:\/\/www.linkedin.com\/company\/talkpal\/\",\"https:\/\/www.youtube.com\/@TalkPal\/\",\"https:\/\/www.tiktok.com\/@talkpal\",\"https:\/\/www.instagram.com\/talkpal_ai\/\",\"https:\/\/www.crunchbase.com\/organization\/talkpal-9cde\",\"https:\/\/www.g2.com\/products\/talkpal-for-business\/\",\"https:\/\/www.trustpilot.com\/review\/talkpal.ai\",\"https:\/\/www.capterra.com\/p\/10006800\/TalkPal\/\"],\"description\":\"Talkpal is a language learning web and mobile education app, powered by the latest AI technologies, that provides engaging experiences to its customers in many different languages to help them improve their language skills. Users can chat about unlimited amount of topics with the app and use other modes to practice their language learning.\",\"email\":\"support@talkpal.ai\",\"legalName\":\"Talkpal, Inc.\",\"foundingDate\":\"2023-04-03\",\"duns\":\"118989042\",\"numberOfEmployees\":{\"@type\":\"QuantitativeValue\",\"minValue\":\"11\",\"maxValue\":\"50\"},\"publishingPrinciples\":\"https:\/\/talkpal.ai\/publishing-principles\/\",\"actionableFeedbackPolicy\":\"https:\/\/talkpal.ai\/actionable-feedback-policy\/\",\"correctionsPolicy\":\"https:\/\/talkpal.ai\/corrections-policy\/\",\"ethicsPolicy\":\"https:\/\/talkpal.ai\/ethics-policy\/\",\"diversityPolicy\":\"https:\/\/talkpal.ai\/diversity-policy\/\",\"diversityStaffingReport\":\"https:\/\/talkpal.ai\/diversity-policy\/\"}]}<\/script>\n<!-- \/ Yoast SEO Premium plugin. -->","yoast_head_json":{"title":"Grammaire javanaise - Talkpal","description":"Ma\u00eetrisez rapidement les r\u00e8gles de grammaire et les structures de phrases en javanais gr\u00e2ce \u00e0 notre guide complet con\u00e7u pour un apprentissage efficace de la langue.","robots":{"index":"index","follow":"follow","max-snippet":"max-snippet:-1","max-image-preview":"max-image-preview:large","max-video-preview":"max-video-preview:-1"},"canonical":"https:\/\/talkpal.ai\/fr\/grammaire-javanaise\/","og_locale":"fr_FR","og_type":"article","og_title":"Grammaire javanaise","og_description":"Naviguer dans les subtilit\u00e9s de la grammaire javanaise Le javanais, une langue austron\u00e9sienne \u00e0 l\u2019histoire riche et \u00e0 l\u2019importance culturelle, offre une","og_url":"https:\/\/talkpal.ai\/fr\/grammaire-javanaise\/","og_site_name":"Talkpal","article_publisher":"https:\/\/www.facebook.com\/profile.php?id=100090733639311","article_modified_time":"2025-12-30T15:02:51+00:00","og_image":[{"width":2880,"height":1620,"url":"https:\/\/talkpal.ai\/wp-content\/uploads\/2025\/02\/Progress-tab-16_9.png","type":"image\/png"}],"twitter_card":"summary_large_image","twitter_site":"@talkpalai","twitter_misc":{"Dur\u00e9e de lecture estim\u00e9e":"4 minutes"},"schema":{"@context":"https:\/\/schema.org","@graph":[{"@type":"WebPage","@id":"https:\/\/talkpal.ai\/fr\/grammaire-javanaise\/","url":"https:\/\/talkpal.ai\/fr\/grammaire-javanaise\/","name":"Grammaire javanaise - Talkpal","isPartOf":{"@id":"https:\/\/talkpal.ai\/fr\/#website"},"datePublished":"2025-11-12T10:09:38+00:00","dateModified":"2025-12-30T15:02:51+00:00","description":"Ma\u00eetrisez rapidement les r\u00e8gles de grammaire et les structures de phrases en javanais gr\u00e2ce \u00e0 notre guide complet con\u00e7u pour un apprentissage efficace de la langue.","breadcrumb":{"@id":"https:\/\/talkpal.ai\/fr\/grammaire-javanaise\/#breadcrumb"},"inLanguage":"fr-FR","potentialAction":[{"@type":"ReadAction","target":["https:\/\/talkpal.ai\/fr\/grammaire-javanaise\/"]}]},{"@type":"BreadcrumbList","@id":"https:\/\/talkpal.ai\/fr\/grammaire-javanaise\/#breadcrumb","itemListElement":[{"@type":"ListItem","position":1,"name":"Homepage","item":"https:\/\/talkpal.ai\/fr\/"},{"@type":"ListItem","position":2,"name":"Grammaire javanaise"}]},{"@type":"WebSite","@id":"https:\/\/talkpal.ai\/fr\/#website","url":"https:\/\/talkpal.ai\/fr\/","name":"Talkpal","description":"AI Language Learning","publisher":{"@id":"https:\/\/talkpal.ai\/fr\/#organization"},"alternateName":"Talkpal AI","potentialAction":[{"@type":"SearchAction","target":{"@type":"EntryPoint","urlTemplate":"https:\/\/talkpal.ai\/fr\/?s={search_term_string}"},"query-input":{"@type":"PropertyValueSpecification","valueRequired":true,"valueName":"search_term_string"}}],"inLanguage":"fr-FR"},{"@type":"Organization","@id":"https:\/\/talkpal.ai\/fr\/#organization","name":"Talkpal, Inc.","alternateName":"Talkpal AI","url":"https:\/\/talkpal.ai\/fr\/","logo":{"@type":"ImageObject","inLanguage":"fr-FR","@id":"https:\/\/talkpal.ai\/fr\/#\/schema\/logo\/image\/","url":"https:\/\/talkpal.ai\/wp-content\/uploads\/2024\/03\/Talkpal-Logo-Icon.png","contentUrl":"https:\/\/talkpal.ai\/wp-content\/uploads\/2024\/03\/Talkpal-Logo-Icon.png","width":2880,"height":2880,"caption":"Talkpal, Inc."},"image":{"@id":"https:\/\/talkpal.ai\/fr\/#\/schema\/logo\/image\/"},"sameAs":["https:\/\/www.facebook.com\/profile.php?id=100090733639311","https:\/\/x.com\/talkpalai","https:\/\/www.linkedin.com\/company\/talkpal\/","https:\/\/www.youtube.com\/@TalkPal\/","https:\/\/www.tiktok.com\/@talkpal","https:\/\/www.instagram.com\/talkpal_ai\/","https:\/\/www.crunchbase.com\/organization\/talkpal-9cde","https:\/\/www.g2.com\/products\/talkpal-for-business\/","https:\/\/www.trustpilot.com\/review\/talkpal.ai","https:\/\/www.capterra.com\/p\/10006800\/TalkPal\/"],"description":"Talkpal is a language learning web and mobile education app, powered by the latest AI technologies, that provides engaging experiences to its customers in many different languages to help them improve their language skills. Users can chat about unlimited amount of topics with the app and use other modes to practice their language learning.","email":"support@talkpal.ai","legalName":"Talkpal, Inc.","foundingDate":"2023-04-03","duns":"118989042","numberOfEmployees":{"@type":"QuantitativeValue","minValue":"11","maxValue":"50"},"publishingPrinciples":"https:\/\/talkpal.ai\/publishing-principles\/","actionableFeedbackPolicy":"https:\/\/talkpal.ai\/actionable-feedback-policy\/","correctionsPolicy":"https:\/\/talkpal.ai\/corrections-policy\/","ethicsPolicy":"https:\/\/talkpal.ai\/ethics-policy\/","diversityPolicy":"https:\/\/talkpal.ai\/diversity-policy\/","diversityStaffingReport":"https:\/\/talkpal.ai\/diversity-policy\/"}]}},"_links":{"self":[{"href":"https:\/\/talkpal.ai\/fr\/wp-json\/wp\/v2\/pages\/1463605","targetHints":{"allow":["GET"]}}],"collection":[{"href":"https:\/\/talkpal.ai\/fr\/wp-json\/wp\/v2\/pages"}],"about":[{"href":"https:\/\/talkpal.ai\/fr\/wp-json\/wp\/v2\/types\/page"}],"author":[{"embeddable":true,"href":"https:\/\/talkpal.ai\/fr\/wp-json\/wp\/v2\/users\/20"}],"replies":[{"embeddable":true,"href":"https:\/\/talkpal.ai\/fr\/wp-json\/wp\/v2\/comments?post=1463605"}],"version-history":[{"count":0,"href":"https:\/\/talkpal.ai\/fr\/wp-json\/wp\/v2\/pages\/1463605\/revisions"}],"wp:attachment":[{"href":"https:\/\/talkpal.ai\/fr\/wp-json\/wp\/v2\/media?parent=1463605"}],"curies":[{"name":"wp","href":"https:\/\/api.w.org\/{rel}","templated":true}]}}