{"id":1463539,"date":"2025-11-11T15:33:20","date_gmt":"2025-11-11T15:33:20","guid":{"rendered":"https:\/\/talkpal.ai\/exercices-de-grammaire-basque\/"},"modified":"2025-12-30T15:35:56","modified_gmt":"2025-12-30T15:35:56","slug":"exercices-de-grammaire-basque","status":"publish","type":"page","link":"https:\/\/talkpal.ai\/fr\/exercices-de-grammaire-basque\/","title":{"rendered":"Exercices de grammaire basque"},"content":{"rendered":"\r\n\r\n\r\n<section class=\"languageChallengeSection\">\r\n    <div class=\"languageInfoWrapper\">\r\n        \r\n        <h1>Exercices de grammaire basque<\/h1>\r\n        <p>Pr\u00eat \u00e0 vous plonger dans la <a href=\"https:\/\/talkpal.ai\/basque-grammar\/\">grammaire basque<\/a> ? Pratiquer quelques bases vous aidera \u00e0 vous sentir \u00e0 l&#039;aise dans cette langue unique et magnifique. Essayez ces exercices pour renforcer votre confiance et vous amuser !<\/p>\r\n\r\n                            <a class=\"getStartedHidden\" href=\"https:\/\/app.talkpal.ai\/fr\/signup?lng=\">Commencer<\/a>\r\n        \r\n    <\/div>\r\n\r\n    <figure>\r\n    <img decoding=\"async\" width=\"768\" height=\"768\" src=\"https:\/\/talkpal.ai\/wp-content\/uploads\/2023\/06\/welsh-768x768.png\" class=\"languageImage no-lazy\" alt=\"Default alt text\" fetchpriority=\"high\" sizes=\"(max-width: 768px) 150px, 768px\" srcset=\"https:\/\/talkpal.ai\/wp-content\/uploads\/2023\/06\/welsh-768x768.png 768w, https:\/\/talkpal.ai\/wp-content\/uploads\/2023\/06\/welsh-300x300.png 300w\" \/>\r\n    \r\n\r\n    <\/figure>\r\n\r\n            <a class=\"getStartedVisible\" href=\"https:\/\/app.talkpal.ai\/fr\/signup?lng=\">Commencer<\/a>\r\n    \r\n<\/section><section class=\"promotionalBanner\">\r\n    <p class=\"promotionalText\">La fa\u00e7on la plus efficace d\u2019apprendre une langue<\/p>\r\n    <a class=\"promotionalLink\" href=\"https:\/\/app.talkpal.ai\/fr\/signup?lng=\">Essayez Talkpal gratuitement<\/a>\r\n<\/section>\n<div class=\"wp-block-group pageContainerStyle\"><div class=\"wp-block-group__inner-container is-layout-constrained wp-block-group-is-layout-constrained\">\n<h2 class=\"wp-block-heading\" id=\"h-basque-grammar-topics\">Sujets de grammaire basque<\/h2>\n\n\n\n<p><a href=\"https:\/\/talkpal.ai\/fr\/les-plus-grandes-erreurs-a-eviter-lors-de-lapprentissage-dune-nouvelle-langue\/\">Apprendre une nouvelle langue<\/a> <a href=\"https:\/\/talkpal.ai\/the-best-way-to-start-speaking-a-new-language\/\">Apprendre une nouvelle langue<\/a> peut \u00eatre une entreprise difficile mais gratifiante. Le <a href=\"https:\/\/talkpal.ai\/learn-basque\/\">basque<\/a>, langue isol\u00e9e parl\u00e9e au Pays basque, ne fait pas exception. Avec ses caract\u00e9ristiques et ses structures uniques, y compris son ergativit\u00e9 et un syst\u00e8me de cas \u00e9tendu, <a href=\"https:\/\/talkpal.ai\/fr\/talkpal-pour-leducation\/\">l\u2019apprentissage du<\/a> basque n\u00e9cessite une approche syst\u00e9matique pour comprendre sa grammaire. Ce guide d\u00e9crit les domaines cl\u00e9s de la<a href=\"https:\/\/talkpal.ai\/fr\/grammaire-basque\/\"> grammaire <\/a>basque dans un ordre logique pour <a href=\"https:\/\/talkpal.ai\/fr\/chatbot-ia-pour-lapprentissage-des-langues\/\">l\u2019apprentissage des langues<\/a>, en commen\u00e7ant par les bases telles que les noms et les articles, et en progressant vers des domaines plus complexes comme les <a href=\"https:\/\/talkpal.ai\/zh-hans\/grammar_exercises\/temps-%e6%b3%95%e8%af%ad%e8%af%ad%e6%b3%95%e7%bb%83%e4%b9%a0\/\">temps<\/a> et la construction de phrases.<\/p>\n\n\n\n<h3 class=\"wp-block-heading\" id=\"h-1-nouns\">1. Noms :<\/h3>\n\n\n\n<p>Commencez votre voyage en langue basque en apprenant les noms. Il s\u2019agit notamment de comprendre les <a href=\"https:\/\/talkpal.ai\/fr\/grammar\/noms-communs-et-noms-propres-en-grammaire-hebraique\/\">noms communs et propres<\/a>, comment le nombre et la d\u00e9finition sont marqu\u00e9s par des suffixes, et comment les terminaisons de cas fonctionnent pour des r\u00f4les tels que l\u2019absolutif, l\u2019ergatif et le datif.<\/p>\n\n\n\n<h3 class=\"wp-block-heading\" id=\"h-2-articles\">2. Articles:<\/h3>\n\n\n\n<p>Les articles en langue basque fonctionnent diff\u00e9remment qu\u2019en <a href=\"https:\/\/talkpal.ai\/fr\/pratique-de-langlais-par-lia\/\">anglais<\/a>. L\u2019<a href=\"https:\/\/talkpal.ai\/fr\/grammar\/article-defini-dans-la-grammaire-azerbaidjanaise\/\">article d\u00e9fini<\/a> est un suffixe attach\u00e9 au nom, et il n\u2019y a pas de v\u00e9ritable <a href=\"https:\/\/talkpal.ai\/fr\/grammar\/article-indefini-en-grammaire-afrikaans\/\">article ind\u00e9fini<\/a>. Ma\u00eetriser la fa\u00e7on dont la d\u00e9finition et le nombre sont marqu\u00e9s est crucial dans la construction des phrases.<\/p>\n\n\n\n<h3 class=\"wp-block-heading\" id=\"h-3-adjectives\">3. Adjectifs :<\/h3>\n\n\n\n<p>Les adjectifs en basque suivent g\u00e9n\u00e9ralement leurs noms. Apprenez comment l\u2019article s\u2019attache \u00e0 la <a href=\"https:\/\/talkpal.ai\/learn-finnish\/\">fin<\/a> du groupe nominal entier, et comment former des comparatifs et des superlatifs, par exemple avec -ago pour comparatif et -en avec l\u2019article pour superlatif.<\/p>\n\n\n\n<h3 class=\"wp-block-heading\" id=\"h-4-pronouns-determiners\">4. Pronoms\/d\u00e9terminants :<\/h3>\n\n\n\n<p>Les pronoms et les d\u00e9terminants sont essentiels en basque ; Ils remplacent les noms et fournissent des informations sur la quantit\u00e9, la possession, etc. Faites attention aux d\u00e9terminants possessifs et \u00e0 la fa\u00e7on dont la personne et le nombre se refl\u00e8tent dans le verbe auxiliaire.<\/p>\n\n\n\n<h3 class=\"wp-block-heading\" id=\"h-5-verbs\">5. Verbes :<\/h3>\n\n\n\n<p>Les verbes basques sont en grande partie p\u00e9riphrastiques, utilisant des auxiliaires qui s\u2019accordent avec le sujet et les objets. Commencez par le pr\u00e9sent des auxiliaires communs et des participes verbaux principaux, puis explorez progressivement le pass\u00e9 et le futur, ainsi que les formes imp\u00e9ratives.<\/p>\n\n\n\n<h3 class=\"wp-block-heading\" id=\"h-6-tenses\">6. Temps :<\/h3>\n\n\n\n<p>Apr\u00e8s avoir ma\u00eetris\u00e9 les formes verbales, approfondissez le <a href=\"https:\/\/talkpal.ai\/zh-hans\/grammar_exercises\/temps-%e6%b3%95%e8%af%ad%e8%af%ad%e6%b3%95%e7%bb%83%e4%b9%a0\/\">temps<\/a> et l\u2019aspect basques. Comprendre comment les significations pr\u00e9sentes, pass\u00e9es et futures sont exprim\u00e9es avec des auxiliaires et des participes, et comment les distinctions aspectuelles affectent l\u2019usage dans diff\u00e9rents contextes.<\/p>\n\n\n\n<h3 class=\"wp-block-heading\" id=\"h-7-tense-comparison\">7. Comparaison tendue :<\/h3>\n\n\n\n<p>La comparaison des temps en basque aide \u00e0 comprendre la s\u00e9quence des \u00e9v\u00e9nements. La comparaison du m\u00eame vocabulaire entre les auxiliaires pr\u00e9sents, pass\u00e9s et futurs permettra de mieux comprendre comment le basque g\u00e8re le temps et l\u2019aspect.<\/p>\n\n\n\n<h3 class=\"wp-block-heading\" id=\"h-8-progressive\">8. Progressif :<\/h3>\n\n\n\n<p>Le terme progressiste en basque est utilis\u00e9 pour exprimer des actions en cours. Il se forme avec la forme -tzen du verbe avec ari izan comme auxiliaire.<\/p>\n\n\n\n<h3 class=\"wp-block-heading\" id=\"h-9-perfect-progressive\">9. Progressif parfait :<\/h3>\n\n\n\n<p>Ceci est utilis\u00e9 pour exprimer des actions qui ont \u00e9t\u00e9 en cours jusqu\u2019\u00e0 un point particulier. En basque, il se forme avec le parfait de izan avec ari et la forme -tzen du verbe principal.<\/p>\n\n\n\n<h3 class=\"wp-block-heading\" id=\"h-10-conditionals\">10. Conditionnels :<\/h3>\n\n\n\n<p>Les conditionnels expriment des situations hypoth\u00e9tiques et leurs r\u00e9sultats possibles. En basque, ils sont form\u00e9s avec des auxiliaires conditionnels et des propositions introduites par ba, et ils ajouteront de la nuance et de la pr\u00e9cision \u00e0 vos comp\u00e9tences linguistiques.<\/p>\n\n\n\n<h3 class=\"wp-block-heading\" id=\"h-11-adverbs\">11. Adverbes :<\/h3>\n\n\n\n<p>Les adverbes en basque modifient les verbes, les adjectifs ou d\u2019autres adverbes. Ils fournissent des informations sur la mani\u00e8re, le lieu, le temps, le degr\u00e9, etc., et peuvent \u00eatre form\u00e9s avec des mots adverbiales courants ou avec des suffixes tels que -ki ou -z selon le contexte.<\/p>\n\n\n\n<h3 class=\"wp-block-heading\" id=\"h-12-prepositions\">12. Pr\u00e9positions :<\/h3>\n\n\n\n<p>Le basque utilise principalement des postpositions et des terminaisons de cas plut\u00f4t que des pr\u00e9positions. Ils expriment des relations de temps, de lieu, de direction, etc., et sont essentiels pour relier les mots et les phrases entre eux.<\/p>\n\n\n\n<h3 class=\"wp-block-heading\" id=\"h-13-sentences\">13. Peines :<\/h3>\n\n\n\n<p>Enfin, entra\u00eenez-vous \u00e0 construire des phrases. Il s\u2019agira d\u2019utiliser tous les points de grammaire pr\u00e9c\u00e9demment appris dans leur contexte, de pr\u00eater attention \u00e0 l\u2019ordre des mots SOV typique du basque, au placement des focus et \u00e0 la n\u00e9gation, assurant ainsi une compr\u00e9hension compl\u00e8te de la langue basque.<\/p>\n<\/div><\/div>\n\r\n<section class=\"learnNavigationSection\">\r\n            \r\n        <a href=\"https:\/\/talkpal.ai\/fr\/apprendre-le-basque\/\">\r\n            <div class=\"learnNavigationWrapper\">\r\n                <div class=\"learnNavigationContent\">\r\n                    <img decoding=\"async\" src=\"https:\/\/talkpal.ai\/wp-content\/uploads\/2025\/11\/Basque.png\" alt=\"Basque Flag\">\r\n                    <div>\r\n                        <h4>\u00c0 propos de Basque Learning<\/h4>\r\n                        <p>D\u00e9couvrez tout sur la grammaire basque.<\/p>\r\n                    <\/div>\r\n                <\/div>\r\n            <\/div>\r\n        <\/a>\r\n\r\n        \r\n        <a href=\"https:\/\/talkpal.ai\/fr\/grammaire-basque\/\">\r\n            <div class=\"learnNavigationWrapper\">\r\n                <div class=\"learnNavigationContent\">\r\n                    <img decoding=\"async\" src=\"https:\/\/talkpal.ai\/wp-content\/uploads\/2025\/11\/Basque.png\" alt=\"Basque Flag\">\r\n                    <div>\r\n                        <h4>Cours de grammaire basque<\/h4>\r\n                        <p>Pratiquez la grammaire basque.<\/p>\r\n                    <\/div>\r\n                <\/div>\r\n            <\/div>\r\n        <\/a>\r\n\r\n            <\/section>","protected":false},"excerpt":{"rendered":"<p>Sujets de grammaire basque Apprendre une nouvelle langue Apprendre une nouvelle langue peut \u00eatre une entreprise difficile mais gratifiante. Le basque, langue isol\u00e9e parl\u00e9e au Pays basque, ne fait pas exception. Avec ses caract\u00e9ristiques et ses structures uniques, y compris son ergativit\u00e9 et un syst\u00e8me de cas \u00e9tendu, l\u2019apprentissage du basque n\u00e9cessite une approche syst\u00e9matique [&hellip;]<\/p>\n","protected":false},"author":20,"featured_media":0,"parent":0,"menu_order":0,"comment_status":"closed","ping_status":"closed","template":"LearningContentPage.php","meta":{"_acf_changed":false,"footnotes":""},"class_list":["post-1463539","page","type-page","status-publish","hentry"],"acf":[],"yoast_head":"<!-- This site is optimized with the Yoast SEO Premium plugin v27.2 (Yoast SEO v27.2) - https:\/\/yoast.com\/product\/yoast-seo-premium-wordpress\/ -->\n<title>Exercices de grammaire basque - Talkpal<\/title>\n<meta name=\"description\" content=\"Ma\u00eetrisez la grammaire basque gr\u00e2ce \u00e0 des exercices stimulants portant sur les noms, les verbes et les temps, afin de renforcer votre ma\u00eetrise de la langue.\" \/>\n<meta name=\"robots\" content=\"index, follow, max-snippet:-1, max-image-preview:large, max-video-preview:-1\" \/>\n<link rel=\"canonical\" href=\"https:\/\/talkpal.ai\/fr\/exercices-de-grammaire-basque\/\" \/>\n<meta property=\"og:locale\" content=\"fr_FR\" \/>\n<meta property=\"og:type\" content=\"article\" \/>\n<meta property=\"og:title\" content=\"Exercices de grammaire basque\" \/>\n<meta property=\"og:description\" content=\"Sujets de grammaire basque Apprendre une nouvelle langue Apprendre une nouvelle langue peut \u00eatre une entreprise difficile mais gratifiante. Le basque,\" \/>\n<meta property=\"og:url\" content=\"https:\/\/talkpal.ai\/fr\/exercices-de-grammaire-basque\/\" \/>\n<meta property=\"og:site_name\" content=\"Talkpal\" \/>\n<meta property=\"article:publisher\" content=\"https:\/\/www.facebook.com\/profile.php?id=100090733639311\" \/>\n<meta property=\"article:modified_time\" content=\"2025-12-30T15:35:56+00:00\" \/>\n<meta property=\"og:image\" content=\"https:\/\/talkpal.ai\/wp-content\/uploads\/2025\/02\/Progress-tab-16_9.png\" \/>\n\t<meta property=\"og:image:width\" content=\"2880\" \/>\n\t<meta property=\"og:image:height\" content=\"1620\" \/>\n\t<meta property=\"og:image:type\" content=\"image\/png\" \/>\n<meta name=\"twitter:card\" content=\"summary_large_image\" \/>\n<meta name=\"twitter:site\" content=\"@talkpalai\" \/>\n<meta name=\"twitter:label1\" content=\"Dur\u00e9e de lecture estim\u00e9e\" \/>\n\t<meta name=\"twitter:data1\" content=\"4 minutes\" \/>\n<script type=\"application\/ld+json\" class=\"yoast-schema-graph\">{\"@context\":\"https:\/\/schema.org\",\"@graph\":[{\"@type\":\"WebPage\",\"@id\":\"https:\/\/talkpal.ai\/fr\/exercices-de-grammaire-basque\/\",\"url\":\"https:\/\/talkpal.ai\/fr\/exercices-de-grammaire-basque\/\",\"name\":\"Exercices de grammaire basque - Talkpal\",\"isPartOf\":{\"@id\":\"https:\/\/talkpal.ai\/fr\/#website\"},\"datePublished\":\"2025-11-11T15:33:20+00:00\",\"dateModified\":\"2025-12-30T15:35:56+00:00\",\"description\":\"Ma\u00eetrisez la grammaire basque gr\u00e2ce \u00e0 des exercices stimulants portant sur les noms, les verbes et les temps, afin de renforcer votre ma\u00eetrise de la langue.\",\"breadcrumb\":{\"@id\":\"https:\/\/talkpal.ai\/fr\/exercices-de-grammaire-basque\/#breadcrumb\"},\"inLanguage\":\"fr-FR\",\"potentialAction\":[{\"@type\":\"ReadAction\",\"target\":[\"https:\/\/talkpal.ai\/fr\/exercices-de-grammaire-basque\/\"]}]},{\"@type\":\"BreadcrumbList\",\"@id\":\"https:\/\/talkpal.ai\/fr\/exercices-de-grammaire-basque\/#breadcrumb\",\"itemListElement\":[{\"@type\":\"ListItem\",\"position\":1,\"name\":\"Homepage\",\"item\":\"https:\/\/talkpal.ai\/fr\/\"},{\"@type\":\"ListItem\",\"position\":2,\"name\":\"Exercices de grammaire basque\"}]},{\"@type\":\"WebSite\",\"@id\":\"https:\/\/talkpal.ai\/fr\/#website\",\"url\":\"https:\/\/talkpal.ai\/fr\/\",\"name\":\"Talkpal\",\"description\":\"AI Language Learning\",\"publisher\":{\"@id\":\"https:\/\/talkpal.ai\/fr\/#organization\"},\"alternateName\":\"Talkpal AI\",\"potentialAction\":[{\"@type\":\"SearchAction\",\"target\":{\"@type\":\"EntryPoint\",\"urlTemplate\":\"https:\/\/talkpal.ai\/fr\/?s={search_term_string}\"},\"query-input\":{\"@type\":\"PropertyValueSpecification\",\"valueRequired\":true,\"valueName\":\"search_term_string\"}}],\"inLanguage\":\"fr-FR\"},{\"@type\":\"Organization\",\"@id\":\"https:\/\/talkpal.ai\/fr\/#organization\",\"name\":\"Talkpal, Inc.\",\"alternateName\":\"Talkpal AI\",\"url\":\"https:\/\/talkpal.ai\/fr\/\",\"logo\":{\"@type\":\"ImageObject\",\"inLanguage\":\"fr-FR\",\"@id\":\"https:\/\/talkpal.ai\/fr\/#\/schema\/logo\/image\/\",\"url\":\"https:\/\/talkpal.ai\/wp-content\/uploads\/2024\/03\/Talkpal-Logo-Icon.png\",\"contentUrl\":\"https:\/\/talkpal.ai\/wp-content\/uploads\/2024\/03\/Talkpal-Logo-Icon.png\",\"width\":2880,\"height\":2880,\"caption\":\"Talkpal, Inc.\"},\"image\":{\"@id\":\"https:\/\/talkpal.ai\/fr\/#\/schema\/logo\/image\/\"},\"sameAs\":[\"https:\/\/www.facebook.com\/profile.php?id=100090733639311\",\"https:\/\/x.com\/talkpalai\",\"https:\/\/www.linkedin.com\/company\/talkpal\/\",\"https:\/\/www.youtube.com\/@TalkPal\/\",\"https:\/\/www.tiktok.com\/@talkpal\",\"https:\/\/www.instagram.com\/talkpal_ai\/\",\"https:\/\/www.crunchbase.com\/organization\/talkpal-9cde\",\"https:\/\/www.g2.com\/products\/talkpal-for-business\/\",\"https:\/\/www.trustpilot.com\/review\/talkpal.ai\",\"https:\/\/www.capterra.com\/p\/10006800\/TalkPal\/\"],\"description\":\"Talkpal is a language learning web and mobile education app, powered by the latest AI technologies, that provides engaging experiences to its customers in many different languages to help them improve their language skills. Users can chat about unlimited amount of topics with the app and use other modes to practice their language learning.\",\"email\":\"support@talkpal.ai\",\"legalName\":\"Talkpal, Inc.\",\"foundingDate\":\"2023-04-03\",\"duns\":\"118989042\",\"numberOfEmployees\":{\"@type\":\"QuantitativeValue\",\"minValue\":\"11\",\"maxValue\":\"50\"},\"publishingPrinciples\":\"https:\/\/talkpal.ai\/publishing-principles\/\",\"actionableFeedbackPolicy\":\"https:\/\/talkpal.ai\/actionable-feedback-policy\/\",\"correctionsPolicy\":\"https:\/\/talkpal.ai\/corrections-policy\/\",\"ethicsPolicy\":\"https:\/\/talkpal.ai\/ethics-policy\/\",\"diversityPolicy\":\"https:\/\/talkpal.ai\/diversity-policy\/\",\"diversityStaffingReport\":\"https:\/\/talkpal.ai\/diversity-policy\/\"}]}<\/script>\n<!-- \/ Yoast SEO Premium plugin. -->","yoast_head_json":{"title":"Exercices de grammaire basque - Talkpal","description":"Ma\u00eetrisez la grammaire basque gr\u00e2ce \u00e0 des exercices stimulants portant sur les noms, les verbes et les temps, afin de renforcer votre ma\u00eetrise de la langue.","robots":{"index":"index","follow":"follow","max-snippet":"max-snippet:-1","max-image-preview":"max-image-preview:large","max-video-preview":"max-video-preview:-1"},"canonical":"https:\/\/talkpal.ai\/fr\/exercices-de-grammaire-basque\/","og_locale":"fr_FR","og_type":"article","og_title":"Exercices de grammaire basque","og_description":"Sujets de grammaire basque Apprendre une nouvelle langue Apprendre une nouvelle langue peut \u00eatre une entreprise difficile mais gratifiante. Le basque,","og_url":"https:\/\/talkpal.ai\/fr\/exercices-de-grammaire-basque\/","og_site_name":"Talkpal","article_publisher":"https:\/\/www.facebook.com\/profile.php?id=100090733639311","article_modified_time":"2025-12-30T15:35:56+00:00","og_image":[{"width":2880,"height":1620,"url":"https:\/\/talkpal.ai\/wp-content\/uploads\/2025\/02\/Progress-tab-16_9.png","type":"image\/png"}],"twitter_card":"summary_large_image","twitter_site":"@talkpalai","twitter_misc":{"Dur\u00e9e de lecture estim\u00e9e":"4 minutes"},"schema":{"@context":"https:\/\/schema.org","@graph":[{"@type":"WebPage","@id":"https:\/\/talkpal.ai\/fr\/exercices-de-grammaire-basque\/","url":"https:\/\/talkpal.ai\/fr\/exercices-de-grammaire-basque\/","name":"Exercices de grammaire basque - Talkpal","isPartOf":{"@id":"https:\/\/talkpal.ai\/fr\/#website"},"datePublished":"2025-11-11T15:33:20+00:00","dateModified":"2025-12-30T15:35:56+00:00","description":"Ma\u00eetrisez la grammaire basque gr\u00e2ce \u00e0 des exercices stimulants portant sur les noms, les verbes et les temps, afin de renforcer votre ma\u00eetrise de la langue.","breadcrumb":{"@id":"https:\/\/talkpal.ai\/fr\/exercices-de-grammaire-basque\/#breadcrumb"},"inLanguage":"fr-FR","potentialAction":[{"@type":"ReadAction","target":["https:\/\/talkpal.ai\/fr\/exercices-de-grammaire-basque\/"]}]},{"@type":"BreadcrumbList","@id":"https:\/\/talkpal.ai\/fr\/exercices-de-grammaire-basque\/#breadcrumb","itemListElement":[{"@type":"ListItem","position":1,"name":"Homepage","item":"https:\/\/talkpal.ai\/fr\/"},{"@type":"ListItem","position":2,"name":"Exercices de grammaire basque"}]},{"@type":"WebSite","@id":"https:\/\/talkpal.ai\/fr\/#website","url":"https:\/\/talkpal.ai\/fr\/","name":"Talkpal","description":"AI Language Learning","publisher":{"@id":"https:\/\/talkpal.ai\/fr\/#organization"},"alternateName":"Talkpal AI","potentialAction":[{"@type":"SearchAction","target":{"@type":"EntryPoint","urlTemplate":"https:\/\/talkpal.ai\/fr\/?s={search_term_string}"},"query-input":{"@type":"PropertyValueSpecification","valueRequired":true,"valueName":"search_term_string"}}],"inLanguage":"fr-FR"},{"@type":"Organization","@id":"https:\/\/talkpal.ai\/fr\/#organization","name":"Talkpal, Inc.","alternateName":"Talkpal AI","url":"https:\/\/talkpal.ai\/fr\/","logo":{"@type":"ImageObject","inLanguage":"fr-FR","@id":"https:\/\/talkpal.ai\/fr\/#\/schema\/logo\/image\/","url":"https:\/\/talkpal.ai\/wp-content\/uploads\/2024\/03\/Talkpal-Logo-Icon.png","contentUrl":"https:\/\/talkpal.ai\/wp-content\/uploads\/2024\/03\/Talkpal-Logo-Icon.png","width":2880,"height":2880,"caption":"Talkpal, Inc."},"image":{"@id":"https:\/\/talkpal.ai\/fr\/#\/schema\/logo\/image\/"},"sameAs":["https:\/\/www.facebook.com\/profile.php?id=100090733639311","https:\/\/x.com\/talkpalai","https:\/\/www.linkedin.com\/company\/talkpal\/","https:\/\/www.youtube.com\/@TalkPal\/","https:\/\/www.tiktok.com\/@talkpal","https:\/\/www.instagram.com\/talkpal_ai\/","https:\/\/www.crunchbase.com\/organization\/talkpal-9cde","https:\/\/www.g2.com\/products\/talkpal-for-business\/","https:\/\/www.trustpilot.com\/review\/talkpal.ai","https:\/\/www.capterra.com\/p\/10006800\/TalkPal\/"],"description":"Talkpal is a language learning web and mobile education app, powered by the latest AI technologies, that provides engaging experiences to its customers in many different languages to help them improve their language skills. Users can chat about unlimited amount of topics with the app and use other modes to practice their language learning.","email":"support@talkpal.ai","legalName":"Talkpal, Inc.","foundingDate":"2023-04-03","duns":"118989042","numberOfEmployees":{"@type":"QuantitativeValue","minValue":"11","maxValue":"50"},"publishingPrinciples":"https:\/\/talkpal.ai\/publishing-principles\/","actionableFeedbackPolicy":"https:\/\/talkpal.ai\/actionable-feedback-policy\/","correctionsPolicy":"https:\/\/talkpal.ai\/corrections-policy\/","ethicsPolicy":"https:\/\/talkpal.ai\/ethics-policy\/","diversityPolicy":"https:\/\/talkpal.ai\/diversity-policy\/","diversityStaffingReport":"https:\/\/talkpal.ai\/diversity-policy\/"}]}},"_links":{"self":[{"href":"https:\/\/talkpal.ai\/fr\/wp-json\/wp\/v2\/pages\/1463539","targetHints":{"allow":["GET"]}}],"collection":[{"href":"https:\/\/talkpal.ai\/fr\/wp-json\/wp\/v2\/pages"}],"about":[{"href":"https:\/\/talkpal.ai\/fr\/wp-json\/wp\/v2\/types\/page"}],"author":[{"embeddable":true,"href":"https:\/\/talkpal.ai\/fr\/wp-json\/wp\/v2\/users\/20"}],"replies":[{"embeddable":true,"href":"https:\/\/talkpal.ai\/fr\/wp-json\/wp\/v2\/comments?post=1463539"}],"version-history":[{"count":0,"href":"https:\/\/talkpal.ai\/fr\/wp-json\/wp\/v2\/pages\/1463539\/revisions"}],"wp:attachment":[{"href":"https:\/\/talkpal.ai\/fr\/wp-json\/wp\/v2\/media?parent=1463539"}],"curies":[{"name":"wp","href":"https:\/\/api.w.org\/{rel}","templated":true}]}}