{"id":1463516,"date":"2025-11-11T12:32:58","date_gmt":"2025-11-11T12:32:58","guid":{"rendered":"https:\/\/talkpal.ai\/exercices-de-grammaire-albanaise\/"},"modified":"2025-12-30T15:40:01","modified_gmt":"2025-12-30T15:40:01","slug":"exercices-de-grammaire-albanaise","status":"publish","type":"page","link":"https:\/\/talkpal.ai\/fr\/exercices-de-grammaire-albanaise\/","title":{"rendered":"Exercices de grammaire albanaise"},"content":{"rendered":"\r\n\r\n\r\n<section class=\"languageChallengeSection\">\r\n    <div class=\"languageInfoWrapper\">\r\n        \r\n        <h1>Exercices de grammaire albanaise<\/h1>\r\n        <p>Pr\u00eat \u00e0 vous plonger dans la <a href=\"https:\/\/talkpal.ai\/fr\/grammaire-albanaise\/\">grammaire albanaise<\/a> ? Pratiquer quelques bases vous aidera \u00e0 vous sentir \u00e0 l&#039;aise dans cette langue unique et magnifique. Essayez ces exercices pour renforcer votre confiance et vous amuser !<\/p>\r\n\r\n                            <a class=\"getStartedHidden\" href=\"https:\/\/app.talkpal.ai\/fr\/signup?lng=\">Commencer<\/a>\r\n        \r\n    <\/div>\r\n\r\n    <figure>\r\n    <img decoding=\"async\" width=\"768\" height=\"768\" src=\"https:\/\/talkpal.ai\/wp-content\/uploads\/2023\/06\/welsh-768x768.png\" class=\"languageImage no-lazy\" alt=\"Default alt text\" fetchpriority=\"high\" sizes=\"(max-width: 768px) 150px, 768px\" srcset=\"https:\/\/talkpal.ai\/wp-content\/uploads\/2023\/06\/welsh-768x768.png 768w, https:\/\/talkpal.ai\/wp-content\/uploads\/2023\/06\/welsh-300x300.png 300w\" \/>\r\n    \r\n\r\n    <\/figure>\r\n\r\n            <a class=\"getStartedVisible\" href=\"https:\/\/app.talkpal.ai\/fr\/signup?lng=\">Commencer<\/a>\r\n    \r\n<\/section><section class=\"promotionalBanner\">\r\n    <p class=\"promotionalText\">La fa\u00e7on la plus efficace d\u2019apprendre une langue<\/p>\r\n    <a class=\"promotionalLink\" href=\"https:\/\/app.talkpal.ai\/fr\/signup?lng=\">Essayez Talkpal gratuitement<\/a>\r\n<\/section>\n<div class=\"wp-block-group pageContainerStyle\"><div class=\"wp-block-group__inner-container is-layout-constrained wp-block-group-is-layout-constrained\">\n<h2 class=\"wp-block-heading\" id=\"h-albanian-grammar-topics\">Sujets de grammaire albanaise<\/h2>\n\n\n\n<p><a href=\"https:\/\/talkpal.ai\/fr\/les-plus-grandes-erreurs-a-eviter-lors-de-lapprentissage-dune-nouvelle-langue\/\">Apprendre une nouvelle langue<\/a> peut \u00eatre une entreprise difficile mais gratifiante. L\u2019albanais, une langue indo-europ\u00e9enne parl\u00e9e principalement en Albanie, ne fait pas exception. Avec ses caract\u00e9ristiques et ses structures uniques, <a href=\"https:\/\/talkpal.ai\/fr\/talkpal-pour-leducation\/\">l\u2019apprentissage de l\u2019albanais<\/a> n\u00e9cessite une approche syst\u00e9matique pour comprendre sa riche grammaire. Ce guide d\u00e9crit les domaines cl\u00e9s de la <a href=\"https:\/\/talkpal.ai\/fr\/grammaire-albanaise\/\">grammaire albanaise<\/a> dans un ordre logique pour <a href=\"https:\/\/talkpal.ai\/fr\/chatbot-ia-pour-lapprentissage-des-langues\/\">l\u2019apprentissage des langues<\/a>, en commen\u00e7ant par les bases telles que les noms et les articles, et en progressant vers des domaines plus complexes comme les <a href=\"https:\/\/talkpal.ai\/zh-hans\/grammar_exercises\/temps-%e6%b3%95%e8%af%ad%e8%af%ad%e6%b3%95%e7%bb%83%e4%b9%a0\/\">temps<\/a> et la construction de phrases.<\/p>\n\n\n\n<h3 class=\"wp-block-heading\" id=\"h-1-nouns\">1. Noms :<\/h3>\n\n\n\n<p>Commencez votre voyage linguistique en <a href=\"https:\/\/talkpal.ai\/learn-albanian\/\">albanais<\/a> en apprenant les noms. Cela inclut la compr\u00e9hension du genre et du nombre, des <a href=\"https:\/\/talkpal.ai\/fr\/grammar\/noms-communs-et-noms-propres-en-grammaire-hebraique\/\">noms communs et propres<\/a>, et de leurs formes plurielles. Les noms albanais s\u2019infl\u00e9chissent \u00e9galement pour le cas et ont des formes \u00e0 la fois ind\u00e9finies et d\u00e9finies, la d\u00e9finition \u00e9tant souvent marqu\u00e9e par un suffixe attach\u00e9 au nom.<\/p>\n\n\n\n<h3 class=\"wp-block-heading\" id=\"h-2-articles\">2. Articles:<\/h3>\n\n\n\n<p>Les articles en albanais fonctionnent diff\u00e9remment de <a href=\"https:\/\/talkpal.ai\/fr\/pratique-de-langlais-par-lia\/\">l\u2019anglais<\/a>. L\u2019<a href=\"https:\/\/talkpal.ai\/fr\/grammar\/article-defini-dans-la-grammaire-azerbaidjanaise\/\">article d\u00e9fini<\/a> est g\u00e9n\u00e9ralement un suffixe ajout\u00e9 au nom, tandis que l\u2019<a href=\"https:\/\/talkpal.ai\/fr\/grammar\/article-indefini-en-grammaire-afrikaans\/\">article ind\u00e9fini<\/a> est le mot s\u00e9par\u00e9 nj\u00eb au singulier. L\u2019albanais utilise \u00e9galement un article de liaison avant les adjectifs et dans certaines constructions g\u00e9nitives, qui s\u2019accordent en genre et en nombre.<\/p>\n\n\n\n<h3 class=\"wp-block-heading\" id=\"h-3-adjectives\">3. Adjectifs :<\/h3>\n\n\n\n<p>Les adjectifs en albanais suivent g\u00e9n\u00e9ralement leurs noms. L\u2019accord est montr\u00e9 par l\u2019article de liaison plac\u00e9 avant l\u2019adjectif, refl\u00e9tant le genre, le nombre et le cas du nom. Apprenez \u00e0 former des comparatifs et des superlatifs, g\u00e9n\u00e9ralement avec m\u00eb pour le comparatif et la forme d\u00e9finie pour le superlatif.<\/p>\n\n\n\n<h3 class=\"wp-block-heading\" id=\"h-4-pronouns-determiners\">4. Pronoms\/d\u00e9terminants :<\/h3>\n\n\n\n<p>Les pronoms et les d\u00e9terminants sont essentiels en albanais ; Ils remplacent les noms et fournissent des informations sur la personne, la possession, la quantit\u00e9, etc. Portez une attention particuli\u00e8re aux pronoms clitiques objets, qui apparaissent souvent avant le verbe, et aux d\u00e9terminants possessifs qui s\u2019accordent avec le nom qu\u2019ils modifient.<\/p>\n\n\n\n<h3 class=\"wp-block-heading\" id=\"h-5-verbs\">5. Verbes :<\/h3>\n\n\n\n<p>Les verbes albanais changent de forme pour la personne et le nombre et sont utilis\u00e9s dans plusieurs modes tels que l\u2019indicatif, le <a href=\"https:\/\/talkpal.ai\/zh-hans\/grammar_exercises\/subjonctif-%e6%b3%95%e8%af%ad%e8%af%ad%e6%b3%95%e7%bb%83%e4%b9%a0\/\">subjonctif<\/a>, l\u2019<a href=\"https:\/\/talkpal.ai\/ko\/grammar_exercises\/imperatif-%ed%94%84%eb%9e%91%ec%8a%a4-%eb%ac%b8%eb%b2%95-%ec%9a%b4%eb%8f%99\/\">imp\u00e9ratif<\/a>, le conditionnel et l\u2019admiratif. Commencez par le pr\u00e9sent et les formes pass\u00e9es courantes, puis \u00e9tendez-vous \u00e0 d\u2019autres humeurs et voix, y compris les formations passives.<\/p>\n\n\n\n<h3 class=\"wp-block-heading\" id=\"h-6-tenses\">6. Temps :<\/h3>\n\n\n\n<p>Apr\u00e8s avoir ma\u00eetris\u00e9 les formes verbales, approfondissez les <a href=\"https:\/\/talkpal.ai\/zh-hans\/grammar_exercises\/temps-%e6%b3%95%e8%af%ad%e8%af%ad%e6%b3%95%e7%bb%83%e4%b9%a0\/\">temps<\/a> albanais. Les temps cl\u00e9s comprennent les formes pr\u00e9sente, imparfaite, aoriste, pr\u00e9sente parfaite, plus-que-parfaite et future. D\u00e9couvrez comment chaque temps est utilis\u00e9 dans son contexte pour exprimer les actions termin\u00e9es, les actions pass\u00e9es en cours et les \u00e9v\u00e9nements futurs.<\/p>\n\n\n\n<h3 class=\"wp-block-heading\" id=\"h-7-tense-comparison\">7. Comparaison tendue :<\/h3>\n\n\n\n<p>La comparaison des temps en albanais aide \u00e0 comprendre la s\u00e9quence et l\u2019aspect des \u00e9v\u00e9nements. Comparez l\u2019aoriste avec le pr\u00e9sent parfait, et l\u2019imparfait avec l\u2019aoriste, pour voir comment l\u2019albanais distingue les actions uniques achev\u00e9es, les actions pass\u00e9es en cours et la pertinence actuelle.<\/p>\n\n\n\n<h3 class=\"wp-block-heading\" id=\"h-8-progressive\">8. Progressif :<\/h3>\n\n\n\n<p>L\u2019aspect progressif en albanais s\u2019exprime g\u00e9n\u00e9ralement avec la particule po avant le verbe fini ou avec la structure jam duke suivie du nom verbal ou du participe. Utilisez-les pour exprimer des actions en cours dans le pr\u00e9sent ou le pass\u00e9.<\/p>\n\n\n\n<h3 class=\"wp-block-heading\" id=\"h-9-perfect-progressive\">9. Progressif parfait :<\/h3>\n\n\n\n<p>Cet aspect est utilis\u00e9 pour exprimer des actions qui ont \u00e9t\u00e9 en cours jusqu\u2019\u00e0 un certain point. En albanais, il se forme avec kam qen\u00eb duc suivi du participe pour le pr\u00e9sent parfait progressif, et kisha qen\u00eb duc pour le pass\u00e9 parfait progressif.<\/p>\n\n\n\n<h3 class=\"wp-block-heading\" id=\"h-10-conditionals\">10. Conditionnels :<\/h3>\n\n\n\n<p>Les conditionnels expriment des situations hypoth\u00e9tiques et leurs r\u00e9sultats possibles. L\u2019albanais utilise les formes avec do t\u00eb plus la forme verbale appropri\u00e9e pour les situations potentielles ou irr\u00e9elles, et les clauses si introduites par n\u00ebse ou po t\u00eb. La ma\u00eetrise de ceux-ci ajoutera de la nuance \u00e0 vos comp\u00e9tences linguistiques.<\/p>\n\n\n\n<h3 class=\"wp-block-heading\" id=\"h-11-adverbs\">11. Adverbes :<\/h3>\n\n\n\n<p>Les adverbes en albanais modifient les verbes, les adjectifs ou d\u2019autres adverbes. Ils fournissent des informations sur la mani\u00e8re, le lieu, le temps, le degr\u00e9, etc., en utilisant souvent des formes identiques \u00e0 des adjectifs ou \u00e0 des mots adverbiaux fixes comme tani, dje, k\u00ebtu et atje.<\/p>\n\n\n\n<h3 class=\"wp-block-heading\" id=\"h-12-prepositions\">12. Pr\u00e9positions :<\/h3>\n\n\n\n<p>Les pr\u00e9positions relient les mots et les phrases entre eux. Ils expriment des relations de temps, de lieu, de direction, etc., en utilisant des \u00e9l\u00e9ments communs tels que n\u00eb, te, tek, me, pa, p\u00ebr, nga, mbi, n\u00ebn, para et pas. Apprenez comment ils se combinent avec les cas et l\u2019article de liaison dans les phrases nominales.<\/p>\n\n\n\n<h3 class=\"wp-block-heading\" id=\"h-13-sentences\">13. Peines :<\/h3>\n\n\n\n<p>Enfin, entra\u00eenez-vous \u00e0 construire des phrases. L\u2019albanais a g\u00e9n\u00e9ralement un ordre de mots flexible avec un mod\u00e8le SVO commun, utilise des pronoms clitiques avant le verbe, nie avec nuk et forme des questions par l\u2019intonation ou avec un. L\u2019utilisation de tous les points de grammaire pr\u00e9c\u00e9demment appris dans leur contexte garantira une compr\u00e9hension compl\u00e8te de la langue albanaise.<\/p>\n<\/div><\/div>\n\r\n<section class=\"learnNavigationSection\">\r\n            \r\n        <a href=\"https:\/\/talkpal.ai\/fr\/apprendre-lalbanais\/\">\r\n            <div class=\"learnNavigationWrapper\">\r\n                <div class=\"learnNavigationContent\">\r\n                    <img decoding=\"async\" src=\"https:\/\/talkpal.ai\/wp-content\/uploads\/2025\/11\/Albanian.png\" alt=\"Albanian Flag\">\r\n                    <div>\r\n                        <h4>\u00c0 propos de l\u2019apprentissage de l\u2019albanais<\/h4>\r\n                        <p>D\u00e9couvrez tout sur la grammaire albanaise.<\/p>\r\n                    <\/div>\r\n                <\/div>\r\n            <\/div>\r\n        <\/a>\r\n\r\n        \r\n        <a href=\"https:\/\/talkpal.ai\/fr\/grammaire-albanaise\/\">\r\n            <div class=\"learnNavigationWrapper\">\r\n                <div class=\"learnNavigationContent\">\r\n                    <img decoding=\"async\" src=\"https:\/\/talkpal.ai\/wp-content\/uploads\/2025\/11\/Albanian.png\" alt=\"Albanian Flag\">\r\n                    <div>\r\n                        <h4>Cours de grammaire albanaise<\/h4>\r\n                        <p>Pratiquez la grammaire albanaise.<\/p>\r\n                    <\/div>\r\n                <\/div>\r\n            <\/div>\r\n        <\/a>\r\n\r\n            <\/section>","protected":false},"excerpt":{"rendered":"<p>Sujets de grammaire albanaise Apprendre une nouvelle langue peut \u00eatre une entreprise difficile mais gratifiante. L\u2019albanais, une langue indo-europ\u00e9enne parl\u00e9e principalement en Albanie, ne fait pas exception. Avec ses caract\u00e9ristiques et ses structures uniques, l\u2019apprentissage de l\u2019albanais n\u00e9cessite une approche syst\u00e9matique pour comprendre sa riche grammaire. Ce guide d\u00e9crit les domaines cl\u00e9s de la grammaire [&hellip;]<\/p>\n","protected":false},"author":20,"featured_media":0,"parent":0,"menu_order":0,"comment_status":"closed","ping_status":"closed","template":"LearningContentPage.php","meta":{"_acf_changed":false,"footnotes":""},"class_list":["post-1463516","page","type-page","status-publish","hentry"],"acf":[],"yoast_head":"<!-- This site is optimized with the Yoast SEO Premium plugin v27.2 (Yoast SEO v27.2) - https:\/\/yoast.com\/product\/yoast-seo-premium-wordpress\/ -->\n<title>Exercices de grammaire albanaise - Talkpal<\/title>\n<meta name=\"description\" content=\"Am\u00e9liorez votre albanais avec les exercices de grammaire interactifs de Talkpal couvrant les noms, les verbes, les temps et les structures de phrases.\" \/>\n<meta name=\"robots\" content=\"index, follow, max-snippet:-1, max-image-preview:large, max-video-preview:-1\" \/>\n<link rel=\"canonical\" href=\"https:\/\/talkpal.ai\/fr\/exercices-de-grammaire-albanaise\/\" \/>\n<meta property=\"og:locale\" content=\"fr_FR\" \/>\n<meta property=\"og:type\" content=\"article\" \/>\n<meta property=\"og:title\" content=\"Exercices de grammaire albanaise\" \/>\n<meta property=\"og:description\" content=\"Sujets de grammaire albanaise Apprendre une nouvelle langue peut \u00eatre une entreprise difficile mais gratifiante. L\u2019albanais, une langue indo-europ\u00e9enne\" \/>\n<meta property=\"og:url\" content=\"https:\/\/talkpal.ai\/fr\/exercices-de-grammaire-albanaise\/\" \/>\n<meta property=\"og:site_name\" content=\"Talkpal\" \/>\n<meta property=\"article:publisher\" content=\"https:\/\/www.facebook.com\/profile.php?id=100090733639311\" \/>\n<meta property=\"article:modified_time\" content=\"2025-12-30T15:40:01+00:00\" \/>\n<meta property=\"og:image\" content=\"https:\/\/talkpal.ai\/wp-content\/uploads\/2025\/02\/Progress-tab-16_9.png\" \/>\n\t<meta property=\"og:image:width\" content=\"2880\" \/>\n\t<meta property=\"og:image:height\" content=\"1620\" \/>\n\t<meta property=\"og:image:type\" content=\"image\/png\" \/>\n<meta name=\"twitter:card\" content=\"summary_large_image\" \/>\n<meta name=\"twitter:site\" content=\"@talkpalai\" \/>\n<meta name=\"twitter:label1\" content=\"Dur\u00e9e de lecture estim\u00e9e\" \/>\n\t<meta name=\"twitter:data1\" content=\"4 minutes\" \/>\n<script type=\"application\/ld+json\" class=\"yoast-schema-graph\">{\"@context\":\"https:\/\/schema.org\",\"@graph\":[{\"@type\":\"WebPage\",\"@id\":\"https:\/\/talkpal.ai\/fr\/exercices-de-grammaire-albanaise\/\",\"url\":\"https:\/\/talkpal.ai\/fr\/exercices-de-grammaire-albanaise\/\",\"name\":\"Exercices de grammaire albanaise - Talkpal\",\"isPartOf\":{\"@id\":\"https:\/\/talkpal.ai\/fr\/#website\"},\"datePublished\":\"2025-11-11T12:32:58+00:00\",\"dateModified\":\"2025-12-30T15:40:01+00:00\",\"description\":\"Am\u00e9liorez votre albanais avec les exercices de grammaire interactifs de Talkpal couvrant les noms, les verbes, les temps et les structures de phrases.\",\"breadcrumb\":{\"@id\":\"https:\/\/talkpal.ai\/fr\/exercices-de-grammaire-albanaise\/#breadcrumb\"},\"inLanguage\":\"fr-FR\",\"potentialAction\":[{\"@type\":\"ReadAction\",\"target\":[\"https:\/\/talkpal.ai\/fr\/exercices-de-grammaire-albanaise\/\"]}]},{\"@type\":\"BreadcrumbList\",\"@id\":\"https:\/\/talkpal.ai\/fr\/exercices-de-grammaire-albanaise\/#breadcrumb\",\"itemListElement\":[{\"@type\":\"ListItem\",\"position\":1,\"name\":\"Homepage\",\"item\":\"https:\/\/talkpal.ai\/fr\/\"},{\"@type\":\"ListItem\",\"position\":2,\"name\":\"Exercices de grammaire albanaise\"}]},{\"@type\":\"WebSite\",\"@id\":\"https:\/\/talkpal.ai\/fr\/#website\",\"url\":\"https:\/\/talkpal.ai\/fr\/\",\"name\":\"Talkpal\",\"description\":\"AI Language Learning\",\"publisher\":{\"@id\":\"https:\/\/talkpal.ai\/fr\/#organization\"},\"alternateName\":\"Talkpal AI\",\"potentialAction\":[{\"@type\":\"SearchAction\",\"target\":{\"@type\":\"EntryPoint\",\"urlTemplate\":\"https:\/\/talkpal.ai\/fr\/?s={search_term_string}\"},\"query-input\":{\"@type\":\"PropertyValueSpecification\",\"valueRequired\":true,\"valueName\":\"search_term_string\"}}],\"inLanguage\":\"fr-FR\"},{\"@type\":\"Organization\",\"@id\":\"https:\/\/talkpal.ai\/fr\/#organization\",\"name\":\"Talkpal, Inc.\",\"alternateName\":\"Talkpal AI\",\"url\":\"https:\/\/talkpal.ai\/fr\/\",\"logo\":{\"@type\":\"ImageObject\",\"inLanguage\":\"fr-FR\",\"@id\":\"https:\/\/talkpal.ai\/fr\/#\/schema\/logo\/image\/\",\"url\":\"https:\/\/talkpal.ai\/wp-content\/uploads\/2024\/03\/Talkpal-Logo-Icon.png\",\"contentUrl\":\"https:\/\/talkpal.ai\/wp-content\/uploads\/2024\/03\/Talkpal-Logo-Icon.png\",\"width\":2880,\"height\":2880,\"caption\":\"Talkpal, Inc.\"},\"image\":{\"@id\":\"https:\/\/talkpal.ai\/fr\/#\/schema\/logo\/image\/\"},\"sameAs\":[\"https:\/\/www.facebook.com\/profile.php?id=100090733639311\",\"https:\/\/x.com\/talkpalai\",\"https:\/\/www.linkedin.com\/company\/talkpal\/\",\"https:\/\/www.youtube.com\/@TalkPal\/\",\"https:\/\/www.tiktok.com\/@talkpal\",\"https:\/\/www.instagram.com\/talkpal_ai\/\",\"https:\/\/www.crunchbase.com\/organization\/talkpal-9cde\",\"https:\/\/www.g2.com\/products\/talkpal-for-business\/\",\"https:\/\/www.trustpilot.com\/review\/talkpal.ai\",\"https:\/\/www.capterra.com\/p\/10006800\/TalkPal\/\"],\"description\":\"Talkpal is a language learning web and mobile education app, powered by the latest AI technologies, that provides engaging experiences to its customers in many different languages to help them improve their language skills. Users can chat about unlimited amount of topics with the app and use other modes to practice their language learning.\",\"email\":\"support@talkpal.ai\",\"legalName\":\"Talkpal, Inc.\",\"foundingDate\":\"2023-04-03\",\"duns\":\"118989042\",\"numberOfEmployees\":{\"@type\":\"QuantitativeValue\",\"minValue\":\"11\",\"maxValue\":\"50\"},\"publishingPrinciples\":\"https:\/\/talkpal.ai\/publishing-principles\/\",\"actionableFeedbackPolicy\":\"https:\/\/talkpal.ai\/actionable-feedback-policy\/\",\"correctionsPolicy\":\"https:\/\/talkpal.ai\/corrections-policy\/\",\"ethicsPolicy\":\"https:\/\/talkpal.ai\/ethics-policy\/\",\"diversityPolicy\":\"https:\/\/talkpal.ai\/diversity-policy\/\",\"diversityStaffingReport\":\"https:\/\/talkpal.ai\/diversity-policy\/\"}]}<\/script>\n<!-- \/ Yoast SEO Premium plugin. -->","yoast_head_json":{"title":"Exercices de grammaire albanaise - Talkpal","description":"Am\u00e9liorez votre albanais avec les exercices de grammaire interactifs de Talkpal couvrant les noms, les verbes, les temps et les structures de phrases.","robots":{"index":"index","follow":"follow","max-snippet":"max-snippet:-1","max-image-preview":"max-image-preview:large","max-video-preview":"max-video-preview:-1"},"canonical":"https:\/\/talkpal.ai\/fr\/exercices-de-grammaire-albanaise\/","og_locale":"fr_FR","og_type":"article","og_title":"Exercices de grammaire albanaise","og_description":"Sujets de grammaire albanaise Apprendre une nouvelle langue peut \u00eatre une entreprise difficile mais gratifiante. L\u2019albanais, une langue indo-europ\u00e9enne","og_url":"https:\/\/talkpal.ai\/fr\/exercices-de-grammaire-albanaise\/","og_site_name":"Talkpal","article_publisher":"https:\/\/www.facebook.com\/profile.php?id=100090733639311","article_modified_time":"2025-12-30T15:40:01+00:00","og_image":[{"width":2880,"height":1620,"url":"https:\/\/talkpal.ai\/wp-content\/uploads\/2025\/02\/Progress-tab-16_9.png","type":"image\/png"}],"twitter_card":"summary_large_image","twitter_site":"@talkpalai","twitter_misc":{"Dur\u00e9e de lecture estim\u00e9e":"4 minutes"},"schema":{"@context":"https:\/\/schema.org","@graph":[{"@type":"WebPage","@id":"https:\/\/talkpal.ai\/fr\/exercices-de-grammaire-albanaise\/","url":"https:\/\/talkpal.ai\/fr\/exercices-de-grammaire-albanaise\/","name":"Exercices de grammaire albanaise - Talkpal","isPartOf":{"@id":"https:\/\/talkpal.ai\/fr\/#website"},"datePublished":"2025-11-11T12:32:58+00:00","dateModified":"2025-12-30T15:40:01+00:00","description":"Am\u00e9liorez votre albanais avec les exercices de grammaire interactifs de Talkpal couvrant les noms, les verbes, les temps et les structures de phrases.","breadcrumb":{"@id":"https:\/\/talkpal.ai\/fr\/exercices-de-grammaire-albanaise\/#breadcrumb"},"inLanguage":"fr-FR","potentialAction":[{"@type":"ReadAction","target":["https:\/\/talkpal.ai\/fr\/exercices-de-grammaire-albanaise\/"]}]},{"@type":"BreadcrumbList","@id":"https:\/\/talkpal.ai\/fr\/exercices-de-grammaire-albanaise\/#breadcrumb","itemListElement":[{"@type":"ListItem","position":1,"name":"Homepage","item":"https:\/\/talkpal.ai\/fr\/"},{"@type":"ListItem","position":2,"name":"Exercices de grammaire albanaise"}]},{"@type":"WebSite","@id":"https:\/\/talkpal.ai\/fr\/#website","url":"https:\/\/talkpal.ai\/fr\/","name":"Talkpal","description":"AI Language Learning","publisher":{"@id":"https:\/\/talkpal.ai\/fr\/#organization"},"alternateName":"Talkpal AI","potentialAction":[{"@type":"SearchAction","target":{"@type":"EntryPoint","urlTemplate":"https:\/\/talkpal.ai\/fr\/?s={search_term_string}"},"query-input":{"@type":"PropertyValueSpecification","valueRequired":true,"valueName":"search_term_string"}}],"inLanguage":"fr-FR"},{"@type":"Organization","@id":"https:\/\/talkpal.ai\/fr\/#organization","name":"Talkpal, Inc.","alternateName":"Talkpal AI","url":"https:\/\/talkpal.ai\/fr\/","logo":{"@type":"ImageObject","inLanguage":"fr-FR","@id":"https:\/\/talkpal.ai\/fr\/#\/schema\/logo\/image\/","url":"https:\/\/talkpal.ai\/wp-content\/uploads\/2024\/03\/Talkpal-Logo-Icon.png","contentUrl":"https:\/\/talkpal.ai\/wp-content\/uploads\/2024\/03\/Talkpal-Logo-Icon.png","width":2880,"height":2880,"caption":"Talkpal, Inc."},"image":{"@id":"https:\/\/talkpal.ai\/fr\/#\/schema\/logo\/image\/"},"sameAs":["https:\/\/www.facebook.com\/profile.php?id=100090733639311","https:\/\/x.com\/talkpalai","https:\/\/www.linkedin.com\/company\/talkpal\/","https:\/\/www.youtube.com\/@TalkPal\/","https:\/\/www.tiktok.com\/@talkpal","https:\/\/www.instagram.com\/talkpal_ai\/","https:\/\/www.crunchbase.com\/organization\/talkpal-9cde","https:\/\/www.g2.com\/products\/talkpal-for-business\/","https:\/\/www.trustpilot.com\/review\/talkpal.ai","https:\/\/www.capterra.com\/p\/10006800\/TalkPal\/"],"description":"Talkpal is a language learning web and mobile education app, powered by the latest AI technologies, that provides engaging experiences to its customers in many different languages to help them improve their language skills. Users can chat about unlimited amount of topics with the app and use other modes to practice their language learning.","email":"support@talkpal.ai","legalName":"Talkpal, Inc.","foundingDate":"2023-04-03","duns":"118989042","numberOfEmployees":{"@type":"QuantitativeValue","minValue":"11","maxValue":"50"},"publishingPrinciples":"https:\/\/talkpal.ai\/publishing-principles\/","actionableFeedbackPolicy":"https:\/\/talkpal.ai\/actionable-feedback-policy\/","correctionsPolicy":"https:\/\/talkpal.ai\/corrections-policy\/","ethicsPolicy":"https:\/\/talkpal.ai\/ethics-policy\/","diversityPolicy":"https:\/\/talkpal.ai\/diversity-policy\/","diversityStaffingReport":"https:\/\/talkpal.ai\/diversity-policy\/"}]}},"_links":{"self":[{"href":"https:\/\/talkpal.ai\/fr\/wp-json\/wp\/v2\/pages\/1463516","targetHints":{"allow":["GET"]}}],"collection":[{"href":"https:\/\/talkpal.ai\/fr\/wp-json\/wp\/v2\/pages"}],"about":[{"href":"https:\/\/talkpal.ai\/fr\/wp-json\/wp\/v2\/types\/page"}],"author":[{"embeddable":true,"href":"https:\/\/talkpal.ai\/fr\/wp-json\/wp\/v2\/users\/20"}],"replies":[{"embeddable":true,"href":"https:\/\/talkpal.ai\/fr\/wp-json\/wp\/v2\/comments?post=1463516"}],"version-history":[{"count":0,"href":"https:\/\/talkpal.ai\/fr\/wp-json\/wp\/v2\/pages\/1463516\/revisions"}],"wp:attachment":[{"href":"https:\/\/talkpal.ai\/fr\/wp-json\/wp\/v2\/media?parent=1463516"}],"curies":[{"name":"wp","href":"https:\/\/api.w.org\/{rel}","templated":true}]}}