{"id":1463325,"date":"2025-11-12T12:26:29","date_gmt":"2025-11-12T12:26:29","guid":{"rendered":"https:\/\/talkpal.ai\/grammaire-malayalam\/"},"modified":"2025-12-30T13:58:52","modified_gmt":"2025-12-30T13:58:52","slug":"grammaire-malayalam","status":"publish","type":"page","link":"https:\/\/talkpal.ai\/fr\/grammaire-malayalam\/","title":{"rendered":"Grammaire malayalam"},"content":{"rendered":"\r\n\r\n\r\n<section class=\"languageChallengeSection\">\r\n    <div class=\"languageInfoWrapper\">\r\n        \r\n        <h1>Grammaire malayalam<\/h1>\r\n        <p>La <a href=\"https:\/\/talkpal.ai\/malayalam-grammar\/\">grammaire malayalam<\/a> peut sembler difficile au d\u00e9but, mais ses caract\u00e9ristiques uniques font de l\u2019apprentissage de la langue une exp\u00e9rience enrichissante. En explorant son alphabet, ses mutations et ses r\u00e8gles de grammaire, vous d\u00e9couvrirez une riche tradition linguistique. Commencez votre voyage et d\u00e9couvrez la beaut\u00e9 du <a href=\"https:\/\/talkpal.ai\/learn-malayalam\/\">Malayalam<\/a> !<\/p>\r\n\r\n                            <a class=\"getStartedHidden\" href=\"https:\/\/app.talkpal.ai\/fr\/signup?lng=\">Commencer<\/a>\r\n        \r\n    <\/div>\r\n\r\n    <figure>\r\n    <img decoding=\"async\" width=\"768\" height=\"768\" src=\"https:\/\/talkpal.ai\/wp-content\/uploads\/2023\/06\/welsh-768x768.png\" class=\"languageImage no-lazy\" alt=\"Default alt text\" fetchpriority=\"high\" sizes=\"(max-width: 768px) 150px, 768px\" srcset=\"https:\/\/talkpal.ai\/wp-content\/uploads\/2023\/06\/welsh-768x768.png 768w, https:\/\/talkpal.ai\/wp-content\/uploads\/2023\/06\/welsh-300x300.png 300w\" \/>\r\n    \r\n\r\n    <\/figure>\r\n\r\n            <a class=\"getStartedVisible\" href=\"https:\/\/app.talkpal.ai\/fr\/signup?lng=\">Commencer<\/a>\r\n    \r\n<\/section><section class=\"promotionalBanner\">\r\n    <p class=\"promotionalText\">La fa\u00e7on la plus efficace d\u2019apprendre une langue<\/p>\r\n    <a class=\"promotionalLink\" href=\"https:\/\/app.talkpal.ai\/fr\/signup?lng=\">Essayez Talkpal gratuitement<\/a>\r\n<\/section>\n<div class=\"wp-block-group pageContainerStyle\"><div class=\"wp-block-group__inner-container is-layout-constrained wp-block-group-is-layout-constrained\">\n<h2 class=\"wp-block-heading\" id=\"h-navigating-the-intricacies-of-malayalam-grammar\">Naviguer dans les subtilit\u00e9s de la grammaire malayalam<\/h2>\n\n\n\n<p><a href=\"https:\/\/talkpal.ai\/fr\/apprendre-le-malayalam\/\">Le malayalam<\/a>, une langue dravidienne \u00e0 l\u2019histoire riche et aux racines culturelles profondes au Kerala et dans la diaspora, offre une exp\u00e9rience linguistique passionnante \u00e0 ceux qui souhaitent explorer son syst\u00e8me grammatical unique. En vous aventurant dans le royaume du malayalam, vous enrichirez non seulement votre r\u00e9pertoire linguistique, mais vous embrasserez \u00e9galement un voyage culturel fascinant. Bien que la grammaire malayalam puisse sembler complexe au premier abord, la d\u00e9composer en \u00e9l\u00e9ments de base rend l\u2019apprentissage de la langue plus accessible. Dans cet article, nous allons explorer le monde captivant de la grammaire malayalam et fournir des conseils sur la fa\u00e7on de ma\u00eetriser ses complexit\u00e9s.<\/p>\n\n\n\n<h3 class=\"wp-block-heading\" id=\"h-1-malayalam-alphabet-and-phonetics\">1. Alphabet et phon\u00e9tique malayalam<\/h3>\n\n\n\n<p>L\u2019\u00e9criture malayalam est un abugida qui comporte des voyelles ind\u00e9pendantes, des consonnes avec des voyelles inh\u00e9rentes et des signes vocaliques d\u00e9pendants. Les apprenants doivent se familiariser avec ses voyelles et ses consonnes, y compris des sons distinctifs tels que les consonnes r\u00e9troflexes et le son notable \u00ab zh \u00bb. Les concepts cl\u00e9s de l\u2019\u00e9criture comprennent la voyelle inh\u00e9rente a, le signe virama appel\u00e9 chandrakkala pour supprimer les voyelles, les consonnes conjointes et les lettres chillu sp\u00e9ciales. Pour <a href=\"https:\/\/talkpal.ai\/fr\/grammaire\/\">apprendre la grammaire<\/a> malayalam, il est crucial de <a href=\"https:\/\/talkpal.ai\/improve-reading\/\">pratiquer la lecture<\/a> et l\u2019\u00e9criture en malayalam.<\/p>\n\n\n\n<h3 class=\"wp-block-heading\" id=\"h-2-sandhi-and-assimilation-a-peculiar-malayalam-feature\">2. Sandhi et l\u2019assimilation : une caract\u00e9ristique particuli\u00e8re du malayalam<\/h3>\n\n\n\n<p>L\u2019un des aspects les plus frappants de la phonologie malayalam est la pr\u00e9valence du sandhi, de l\u2019assimilation et de la g\u00e9mination des consonnes aux limites des morph\u00e8mes et des mots. Les sons peuvent changer lorsque des suffixes sont ajout\u00e9s ou lorsque des mots se combinent en compos\u00e9s compos\u00e9s, et les nasales s\u2019assimilent souvent aux consonnes suivantes. Comprendre quand et comment ces changements se produisent est essentiel pour la prononciation naturelle et la communication pr\u00e9cise en malayalam.<\/p>\n\n\n\n<h3 class=\"wp-block-heading\" id=\"h-3-nouns-and-pronouns-gender-and-cases\">3. Noms et pronoms : genre et cas<\/h3>\n\n\n\n<p>Les noms malayalam ne marquent g\u00e9n\u00e9ralement pas le genre grammatical, et la formation du <a href=\"https:\/\/talkpal.ai\/ar\/grammar_exercises\/pluriel-%d8%aa%d9%85%d8%a7%d8%b1%d9%8a%d9%86-%d9%84%d9%84%d9%82%d9%88%d8%a7%d8%b9%d8%af-%d8%a7%d9%84%d9%81%d8%b1%d9%86%d8%b3%d9%8a%d8%a9\/\">pluriel<\/a> utilise souvent le suffixe -kal, avec quelques irr\u00e9gularit\u00e9s et alternatives. Les relations de cas sont exprim\u00e9es avec des suffixes et des postpositions, tels que l\u2019accusatif -e, le datif -kku ou -inu, le g\u00e9nitif -ude, l\u2019instrumental -al, le locatif -il, l\u2019ablatif -il ninnu, le sociatif -ote et le vocatif -e. Les pronoms en malayalam comprennent des <a href=\"https:\/\/talkpal.ai\/hi\/grammar_exercises\/pronoms-personnels-%e0%a4%ab%e0%a5%8d%e0%a4%b0%e0%a4%be%e0%a4%82%e0%a4%b8%e0%a5%80%e0%a4%b8%e0%a5%80-%e0%a4%b5%e0%a5%8d%e0%a4%af%e0%a4%be%e0%a4%95%e0%a4%b0%e0%a4%a3-%e0%a4%95%e0%a5%87-%e0%a4%b2\/\">pronoms personnels<\/a> comme njan, ni, ningal, nammal, avan, aval et l\u2019honorifique avar, ainsi que des formes possessives \u00e0 travers le g\u00e9nitif, le r\u00e9flexif tan ou tanne, des d\u00e9monstratifs comme i et aa, et des interrogatifs tels que aar, entu, evide et eppol. Se familiariser avec ces pronoms et leurs formes am\u00e9liorera consid\u00e9rablement votre compr\u00e9hension de la grammaire malayalam.<\/p>\n\n\n\n<h3 class=\"wp-block-heading\" id=\"h-4-verbs-structure-and-conjugation\">4. Verbes : structure et conjugaison<\/h3>\n\n\n\n<p>Les verbes malayalam s\u2019infl\u00e9chissent principalement pour le <a href=\"https:\/\/talkpal.ai\/zh-hans\/grammar_exercises\/temps-%e6%b3%95%e8%af%ad%e8%af%ad%e6%b3%95%e7%bb%83%e4%b9%a0\/\">temps<\/a>, l\u2019aspect, l\u2019humeur et la polarit\u00e9, et non pour la personne ou le nombre. Les formes d\u2019aspect du temps central comprennent le -unnu progressif du pr\u00e9sent, le -i ou -u du pass\u00e9 et le -um du futur. La n\u00e9gation se forme g\u00e9n\u00e9ralement avec -illa, et les humeurs importantes incluent l\u2019imp\u00e9ratif et le conditionnel, souvent construits avec des connecteurs comme -enkil ou -al. Les verbes auxiliaires et les participes sont au c\u0153ur de la langue, avec des formes comme -unna, -iya et -aya utilis\u00e9es pour cr\u00e9er des propositions relatives et des constructions p\u00e9riphrastiques. L\u2019apprentissage de ces mod\u00e8les am\u00e9liorera votre capacit\u00e9 \u00e0 communiquer efficacement en malayalam.<\/p>\n\n\n\n<h3 class=\"wp-block-heading\" id=\"h-5-adjectives-agreement-and-placement\">5. Adjectifs : accord et placement<\/h3>\n\n\n\n<p>Dans la grammaire malayalam, les adjectifs pr\u00e9c\u00e8dent g\u00e9n\u00e9ralement le nom qu\u2019ils modifient et ne s\u2019accordent pas en genre ou en nombre avec le nom. De nombreuses significations descriptives sont exprim\u00e9es \u00e0 travers des constructions participiales ou g\u00e9nitives, et les comparatifs et les superlatifs sont souvent form\u00e9s de mani\u00e8re analytique, par exemple avec kooduthal pour comparatif et etavum pour superlatif. Comprendre ces mod\u00e8les est essentiel pour communiquer plus naturellement.<\/p>\n\n\n\n<p><strong>Exemples :<\/strong><\/p>\n\n\n\n<p><strong>\u2013 Valiya Sneham (Big Love)<\/strong><\/p>\n\n\n\n<p><strong>\u2013 Cheriya Kuttikal (petits enfants)<\/strong><\/p>\n\n\n\n<h3 class=\"wp-block-heading\" id=\"h-6-engaging-with-the-language\">6. S&rsquo;engager dans la langue<\/h3>\n\n\n\n<p>La fa\u00e7on la plus efficace de comprendre et d\u2019int\u00e9rioriser pleinement la grammaire malayalam est de s\u2019engager constamment avec la langue. En lisant la litt\u00e9rature et les journaux malayalam, en regardant des films ou des s\u00e9ries t\u00e9l\u00e9vis\u00e9es en malayalam, en \u00e9coutant des chansons et la radio, et en communiquant activement avec des locuteurs natifs, vous renforcerez votre compr\u00e9hension de la grammaire tout en \u00e9largissant votre vocabulaire.<\/p>\n\n\n\n<h3 class=\"wp-block-heading\" id=\"h-conclusion\">Conclusion<\/h3>\n\n\n\n<p>Bien que la grammaire malayalam puisse sembler complexe, vous pouvez ma\u00eetriser cette belle langue avec du d\u00e9vouement, de la pratique et de l\u2019enthousiasme. En vous concentrant sur les r\u00e8gles fondamentales et en vous engageant avec la langue dans diff\u00e9rents contextes, vous am\u00e9liorerez rapidement vos <a href=\"https:\/\/talkpal.ai\/fr\/grammaire\/\">comp\u00e9tences en grammaire<\/a> malayalam. Ashamsakal (bonne chance) dans votre voyage en langue malayalam, et amusez-vous \u00e0 d\u00e9couvrir le monde \u00e9nigmatique mais captivant de la grammaire malayalam !<\/p>\n<\/div><\/div>\n\r\n<section class=\"learnNavigationSection\">\r\n            \r\n        <a href=\"https:\/\/talkpal.ai\/fr\/apprendre-le-malayalam\/\">\r\n            <div class=\"learnNavigationWrapper\">\r\n                <div class=\"learnNavigationContent\">\r\n                    <img decoding=\"async\" src=\"https:\/\/talkpal.ai\/wp-content\/uploads\/2025\/11\/Malayalam.png\" alt=\"Indian Simplified Flag\">\r\n                    <div>\r\n                        <h4>\u00c0 propos de Malayalam Learning<\/h4>\r\n                        <p>D\u00e9couvrez tout sur la grammaire malayalam.<\/p>\r\n                    <\/div>\r\n                <\/div>\r\n            <\/div>\r\n        <\/a>\r\n\r\n        \r\n        <a href=\"https:\/\/talkpal.ai\/fr\/exercices-de-grammaire-malayalam\/\">\r\n            <div class=\"learnNavigationWrapper\">\r\n                <div class=\"learnNavigationContent\">\r\n                    <img decoding=\"async\" src=\"https:\/\/talkpal.ai\/wp-content\/uploads\/2025\/11\/Malayalam.png\" alt=\"Indian Simplified Flag\">\r\n                    <div>\r\n                        <h4>Exercice de grammaire malayalam<\/h4>\r\n                        <p>Pratiquez la grammaire malayalam.<\/p>\r\n                    <\/div>\r\n                <\/div>\r\n            <\/div>\r\n        <\/a>\r\n\r\n            <\/section>","protected":false},"excerpt":{"rendered":"<p>Naviguer dans les subtilit\u00e9s de la grammaire malayalam Le malayalam, une langue dravidienne \u00e0 l\u2019histoire riche et aux racines culturelles profondes au Kerala et dans la diaspora, offre une exp\u00e9rience linguistique passionnante \u00e0 ceux qui souhaitent explorer son syst\u00e8me grammatical unique. En vous aventurant dans le royaume du malayalam, vous enrichirez non seulement votre r\u00e9pertoire [&hellip;]<\/p>\n","protected":false},"author":20,"featured_media":0,"parent":0,"menu_order":0,"comment_status":"closed","ping_status":"closed","template":"LearningContentPage.php","meta":{"_acf_changed":false,"footnotes":""},"class_list":["post-1463325","page","type-page","status-publish","hentry"],"acf":[],"yoast_head":"<!-- This site is optimized with the Yoast SEO Premium plugin v27.2 (Yoast SEO v27.2) - https:\/\/yoast.com\/product\/yoast-seo-premium-wordpress\/ -->\n<title>Grammaire malayalam - Talkpal<\/title>\n<meta name=\"description\" content=\"Ma\u00eetrisez les r\u00e8gles de grammaire du malayalam, y compris l&#039;alphabet, les noms et les verbes, gr\u00e2ce \u00e0 notre guide complet d&#039;apprentissage de la langue AI.\" \/>\n<meta name=\"robots\" content=\"index, follow, max-snippet:-1, max-image-preview:large, max-video-preview:-1\" \/>\n<link rel=\"canonical\" href=\"https:\/\/talkpal.ai\/fr\/grammaire-malayalam\/\" \/>\n<meta property=\"og:locale\" content=\"fr_FR\" \/>\n<meta property=\"og:type\" content=\"article\" \/>\n<meta property=\"og:title\" content=\"Grammaire malayalam\" \/>\n<meta property=\"og:description\" content=\"Naviguer dans les subtilit\u00e9s de la grammaire malayalam Le malayalam, une langue dravidienne \u00e0 l\u2019histoire riche et aux racines culturelles profondes au\" \/>\n<meta property=\"og:url\" content=\"https:\/\/talkpal.ai\/fr\/grammaire-malayalam\/\" \/>\n<meta property=\"og:site_name\" content=\"Talkpal\" \/>\n<meta property=\"article:publisher\" content=\"https:\/\/www.facebook.com\/profile.php?id=100090733639311\" \/>\n<meta property=\"article:modified_time\" content=\"2025-12-30T13:58:52+00:00\" \/>\n<meta property=\"og:image\" content=\"https:\/\/talkpal.ai\/wp-content\/uploads\/2025\/02\/Progress-tab-16_9.png\" \/>\n\t<meta property=\"og:image:width\" content=\"2880\" \/>\n\t<meta property=\"og:image:height\" content=\"1620\" \/>\n\t<meta property=\"og:image:type\" content=\"image\/png\" \/>\n<meta name=\"twitter:card\" content=\"summary_large_image\" \/>\n<meta name=\"twitter:site\" content=\"@talkpalai\" \/>\n<meta name=\"twitter:label1\" content=\"Dur\u00e9e de lecture estim\u00e9e\" \/>\n\t<meta name=\"twitter:data1\" content=\"4 minutes\" \/>\n<script type=\"application\/ld+json\" class=\"yoast-schema-graph\">{\"@context\":\"https:\/\/schema.org\",\"@graph\":[{\"@type\":\"WebPage\",\"@id\":\"https:\/\/talkpal.ai\/fr\/grammaire-malayalam\/\",\"url\":\"https:\/\/talkpal.ai\/fr\/grammaire-malayalam\/\",\"name\":\"Grammaire malayalam - Talkpal\",\"isPartOf\":{\"@id\":\"https:\/\/talkpal.ai\/fr\/#website\"},\"datePublished\":\"2025-11-12T12:26:29+00:00\",\"dateModified\":\"2025-12-30T13:58:52+00:00\",\"description\":\"Ma\u00eetrisez les r\u00e8gles de grammaire du malayalam, y compris l'alphabet, les noms et les verbes, gr\u00e2ce \u00e0 notre guide complet d'apprentissage de la langue AI.\",\"breadcrumb\":{\"@id\":\"https:\/\/talkpal.ai\/fr\/grammaire-malayalam\/#breadcrumb\"},\"inLanguage\":\"fr-FR\",\"potentialAction\":[{\"@type\":\"ReadAction\",\"target\":[\"https:\/\/talkpal.ai\/fr\/grammaire-malayalam\/\"]}]},{\"@type\":\"BreadcrumbList\",\"@id\":\"https:\/\/talkpal.ai\/fr\/grammaire-malayalam\/#breadcrumb\",\"itemListElement\":[{\"@type\":\"ListItem\",\"position\":1,\"name\":\"Homepage\",\"item\":\"https:\/\/talkpal.ai\/fr\/\"},{\"@type\":\"ListItem\",\"position\":2,\"name\":\"Grammaire malayalam\"}]},{\"@type\":\"WebSite\",\"@id\":\"https:\/\/talkpal.ai\/fr\/#website\",\"url\":\"https:\/\/talkpal.ai\/fr\/\",\"name\":\"Talkpal\",\"description\":\"AI Language Learning\",\"publisher\":{\"@id\":\"https:\/\/talkpal.ai\/fr\/#organization\"},\"alternateName\":\"Talkpal AI\",\"potentialAction\":[{\"@type\":\"SearchAction\",\"target\":{\"@type\":\"EntryPoint\",\"urlTemplate\":\"https:\/\/talkpal.ai\/fr\/?s={search_term_string}\"},\"query-input\":{\"@type\":\"PropertyValueSpecification\",\"valueRequired\":true,\"valueName\":\"search_term_string\"}}],\"inLanguage\":\"fr-FR\"},{\"@type\":\"Organization\",\"@id\":\"https:\/\/talkpal.ai\/fr\/#organization\",\"name\":\"Talkpal, Inc.\",\"alternateName\":\"Talkpal AI\",\"url\":\"https:\/\/talkpal.ai\/fr\/\",\"logo\":{\"@type\":\"ImageObject\",\"inLanguage\":\"fr-FR\",\"@id\":\"https:\/\/talkpal.ai\/fr\/#\/schema\/logo\/image\/\",\"url\":\"https:\/\/talkpal.ai\/wp-content\/uploads\/2024\/03\/Talkpal-Logo-Icon.png\",\"contentUrl\":\"https:\/\/talkpal.ai\/wp-content\/uploads\/2024\/03\/Talkpal-Logo-Icon.png\",\"width\":2880,\"height\":2880,\"caption\":\"Talkpal, Inc.\"},\"image\":{\"@id\":\"https:\/\/talkpal.ai\/fr\/#\/schema\/logo\/image\/\"},\"sameAs\":[\"https:\/\/www.facebook.com\/profile.php?id=100090733639311\",\"https:\/\/x.com\/talkpalai\",\"https:\/\/www.linkedin.com\/company\/talkpal\/\",\"https:\/\/www.youtube.com\/@TalkPal\/\",\"https:\/\/www.tiktok.com\/@talkpal\",\"https:\/\/www.instagram.com\/talkpal_ai\/\",\"https:\/\/www.crunchbase.com\/organization\/talkpal-9cde\",\"https:\/\/www.g2.com\/products\/talkpal-for-business\/\",\"https:\/\/www.trustpilot.com\/review\/talkpal.ai\",\"https:\/\/www.capterra.com\/p\/10006800\/TalkPal\/\"],\"description\":\"Talkpal is a language learning web and mobile education app, powered by the latest AI technologies, that provides engaging experiences to its customers in many different languages to help them improve their language skills. Users can chat about unlimited amount of topics with the app and use other modes to practice their language learning.\",\"email\":\"support@talkpal.ai\",\"legalName\":\"Talkpal, Inc.\",\"foundingDate\":\"2023-04-03\",\"duns\":\"118989042\",\"numberOfEmployees\":{\"@type\":\"QuantitativeValue\",\"minValue\":\"11\",\"maxValue\":\"50\"},\"publishingPrinciples\":\"https:\/\/talkpal.ai\/publishing-principles\/\",\"actionableFeedbackPolicy\":\"https:\/\/talkpal.ai\/actionable-feedback-policy\/\",\"correctionsPolicy\":\"https:\/\/talkpal.ai\/corrections-policy\/\",\"ethicsPolicy\":\"https:\/\/talkpal.ai\/ethics-policy\/\",\"diversityPolicy\":\"https:\/\/talkpal.ai\/diversity-policy\/\",\"diversityStaffingReport\":\"https:\/\/talkpal.ai\/diversity-policy\/\"}]}<\/script>\n<!-- \/ Yoast SEO Premium plugin. -->","yoast_head_json":{"title":"Grammaire malayalam - Talkpal","description":"Ma\u00eetrisez les r\u00e8gles de grammaire du malayalam, y compris l'alphabet, les noms et les verbes, gr\u00e2ce \u00e0 notre guide complet d'apprentissage de la langue AI.","robots":{"index":"index","follow":"follow","max-snippet":"max-snippet:-1","max-image-preview":"max-image-preview:large","max-video-preview":"max-video-preview:-1"},"canonical":"https:\/\/talkpal.ai\/fr\/grammaire-malayalam\/","og_locale":"fr_FR","og_type":"article","og_title":"Grammaire malayalam","og_description":"Naviguer dans les subtilit\u00e9s de la grammaire malayalam Le malayalam, une langue dravidienne \u00e0 l\u2019histoire riche et aux racines culturelles profondes au","og_url":"https:\/\/talkpal.ai\/fr\/grammaire-malayalam\/","og_site_name":"Talkpal","article_publisher":"https:\/\/www.facebook.com\/profile.php?id=100090733639311","article_modified_time":"2025-12-30T13:58:52+00:00","og_image":[{"width":2880,"height":1620,"url":"https:\/\/talkpal.ai\/wp-content\/uploads\/2025\/02\/Progress-tab-16_9.png","type":"image\/png"}],"twitter_card":"summary_large_image","twitter_site":"@talkpalai","twitter_misc":{"Dur\u00e9e de lecture estim\u00e9e":"4 minutes"},"schema":{"@context":"https:\/\/schema.org","@graph":[{"@type":"WebPage","@id":"https:\/\/talkpal.ai\/fr\/grammaire-malayalam\/","url":"https:\/\/talkpal.ai\/fr\/grammaire-malayalam\/","name":"Grammaire malayalam - Talkpal","isPartOf":{"@id":"https:\/\/talkpal.ai\/fr\/#website"},"datePublished":"2025-11-12T12:26:29+00:00","dateModified":"2025-12-30T13:58:52+00:00","description":"Ma\u00eetrisez les r\u00e8gles de grammaire du malayalam, y compris l'alphabet, les noms et les verbes, gr\u00e2ce \u00e0 notre guide complet d'apprentissage de la langue AI.","breadcrumb":{"@id":"https:\/\/talkpal.ai\/fr\/grammaire-malayalam\/#breadcrumb"},"inLanguage":"fr-FR","potentialAction":[{"@type":"ReadAction","target":["https:\/\/talkpal.ai\/fr\/grammaire-malayalam\/"]}]},{"@type":"BreadcrumbList","@id":"https:\/\/talkpal.ai\/fr\/grammaire-malayalam\/#breadcrumb","itemListElement":[{"@type":"ListItem","position":1,"name":"Homepage","item":"https:\/\/talkpal.ai\/fr\/"},{"@type":"ListItem","position":2,"name":"Grammaire malayalam"}]},{"@type":"WebSite","@id":"https:\/\/talkpal.ai\/fr\/#website","url":"https:\/\/talkpal.ai\/fr\/","name":"Talkpal","description":"AI Language Learning","publisher":{"@id":"https:\/\/talkpal.ai\/fr\/#organization"},"alternateName":"Talkpal AI","potentialAction":[{"@type":"SearchAction","target":{"@type":"EntryPoint","urlTemplate":"https:\/\/talkpal.ai\/fr\/?s={search_term_string}"},"query-input":{"@type":"PropertyValueSpecification","valueRequired":true,"valueName":"search_term_string"}}],"inLanguage":"fr-FR"},{"@type":"Organization","@id":"https:\/\/talkpal.ai\/fr\/#organization","name":"Talkpal, Inc.","alternateName":"Talkpal AI","url":"https:\/\/talkpal.ai\/fr\/","logo":{"@type":"ImageObject","inLanguage":"fr-FR","@id":"https:\/\/talkpal.ai\/fr\/#\/schema\/logo\/image\/","url":"https:\/\/talkpal.ai\/wp-content\/uploads\/2024\/03\/Talkpal-Logo-Icon.png","contentUrl":"https:\/\/talkpal.ai\/wp-content\/uploads\/2024\/03\/Talkpal-Logo-Icon.png","width":2880,"height":2880,"caption":"Talkpal, Inc."},"image":{"@id":"https:\/\/talkpal.ai\/fr\/#\/schema\/logo\/image\/"},"sameAs":["https:\/\/www.facebook.com\/profile.php?id=100090733639311","https:\/\/x.com\/talkpalai","https:\/\/www.linkedin.com\/company\/talkpal\/","https:\/\/www.youtube.com\/@TalkPal\/","https:\/\/www.tiktok.com\/@talkpal","https:\/\/www.instagram.com\/talkpal_ai\/","https:\/\/www.crunchbase.com\/organization\/talkpal-9cde","https:\/\/www.g2.com\/products\/talkpal-for-business\/","https:\/\/www.trustpilot.com\/review\/talkpal.ai","https:\/\/www.capterra.com\/p\/10006800\/TalkPal\/"],"description":"Talkpal is a language learning web and mobile education app, powered by the latest AI technologies, that provides engaging experiences to its customers in many different languages to help them improve their language skills. Users can chat about unlimited amount of topics with the app and use other modes to practice their language learning.","email":"support@talkpal.ai","legalName":"Talkpal, Inc.","foundingDate":"2023-04-03","duns":"118989042","numberOfEmployees":{"@type":"QuantitativeValue","minValue":"11","maxValue":"50"},"publishingPrinciples":"https:\/\/talkpal.ai\/publishing-principles\/","actionableFeedbackPolicy":"https:\/\/talkpal.ai\/actionable-feedback-policy\/","correctionsPolicy":"https:\/\/talkpal.ai\/corrections-policy\/","ethicsPolicy":"https:\/\/talkpal.ai\/ethics-policy\/","diversityPolicy":"https:\/\/talkpal.ai\/diversity-policy\/","diversityStaffingReport":"https:\/\/talkpal.ai\/diversity-policy\/"}]}},"_links":{"self":[{"href":"https:\/\/talkpal.ai\/fr\/wp-json\/wp\/v2\/pages\/1463325","targetHints":{"allow":["GET"]}}],"collection":[{"href":"https:\/\/talkpal.ai\/fr\/wp-json\/wp\/v2\/pages"}],"about":[{"href":"https:\/\/talkpal.ai\/fr\/wp-json\/wp\/v2\/types\/page"}],"author":[{"embeddable":true,"href":"https:\/\/talkpal.ai\/fr\/wp-json\/wp\/v2\/users\/20"}],"replies":[{"embeddable":true,"href":"https:\/\/talkpal.ai\/fr\/wp-json\/wp\/v2\/comments?post=1463325"}],"version-history":[{"count":0,"href":"https:\/\/talkpal.ai\/fr\/wp-json\/wp\/v2\/pages\/1463325\/revisions"}],"wp:attachment":[{"href":"https:\/\/talkpal.ai\/fr\/wp-json\/wp\/v2\/media?parent=1463325"}],"curies":[{"name":"wp","href":"https:\/\/api.w.org\/{rel}","templated":true}]}}