{"id":1461828,"date":"2025-10-22T20:47:50","date_gmt":"2025-10-22T20:47:50","guid":{"rendered":"https:\/\/talkpal.ai\/reduction-talkpal-pour-les-etudiants-en-echange\/"},"modified":"2026-01-22T14:32:53","modified_gmt":"2026-01-22T14:32:53","slug":"reduction-talkpal-pour-les-etudiants-en-echange","status":"publish","type":"page","link":"https:\/\/talkpal.ai\/fr\/reduction-talkpal-pour-les-etudiants-en-echange\/","title":{"rendered":"R\u00e9duction Talkpal pour les \u00e9tudiants en \u00e9change"},"content":{"rendered":"<section class=\"languageChallengeSection\">\r\n    <div class=\"languageInfoWrapper\">\r\n        \r\n        <h1>R\u00e9duction Talkpal pour les \u00e9tudiants en \u00e9change<\/h1>\r\n        <p>Vous partez \u00e0 l\u2019\u00e9tranger dans le cadre d\u2019un \u00e9change ? Talkpal propose une r\u00e9duction sp\u00e9ciale de 79 % pour les \u00e9tudiants en \u00e9change afin que vous puissiez gagner rapidement en confiance. D\u00e9bloquez toutes les fonctionnalit\u00e9s premium, pratiquez des conversations du monde r\u00e9el avec l\u2019IA et pr\u00e9parez-vous \u00e0 parler couramment pour le campus et la vie quotidienne, \u00e0 moiti\u00e9 prix.<\/p>\r\n\r\n                    <a class=\"getStartedHidden\" href=\"https:\/\/app.talkpal.ai\/signup?discount=50\">\r\n                Obtenir une r\u00e9duction            <\/a>\r\n            <\/div>\r\n\r\n            <figure>\r\n            <img decoding=\"async\" class=\"no-lazy\" src=\"https:\/\/talkpal.ai\/wp-content\/uploads\/2026\/01\/straight-hair-girl-with-phone-yellow-background.webp\" alt=\"\" fetchpriority=\"high\" \/>\r\n        <\/figure>\r\n        \r\n                    <a class=\"getStartedVisible\" href=\"https:\/\/app.talkpal.ai\/signup?discount=50\">\r\n                Obtenir une r\u00e9duction            <\/a>\r\n        <\/section><section class=\"featureSection\">\r\n    <div class=\"featureIntroduce\">\r\n        <a class=\"introduceLink\" href=\"https:\/\/app.talkpal.ai\/fr\/signup?lng=\">\r\n            <img decoding=\"async\" src=\"https:\/\/talkpal.ai\/wp-content\/themes\/talkpal\/assets\/img\/Sparkle.svg\" alt=\"\" \/>Les plus avanc\u00e9s\n  IA<\/a>\r\n        <h3 class=\"featureTitle\">La diff\u00e9rence talkpal<\/h3>\r\n    <\/div>\r\n            <div class=\"introduceWrapper\">\r\n                            <a class=\"introducCard\" href=\"https:\/\/app.talkpal.ai\/fr\/signup?lng=\">\r\n\r\n                    \r\n                                                <img decoding=\"async\" src=\"https:\/\/talkpal.ai\/wp-content\/uploads\/2025\/05\/Immersive_conversations.png\" alt=\"Immersive Conversation Screenshot\" \/>\r\n                        <h4 class=\"introduceTitle\">L&#039;\u00e9ducation personnalis\u00e9e<\/h4>\r\n                        <p class=\"cardText\">Il n\u2019y a pas deux exp\u00e9riences d\u2019\u00e9change identiques, pas plus que la fa\u00e7on d\u2019apprendre une langue. Talkpal utilise une IA avanc\u00e9e pour analyser la fa\u00e7on dont des millions d\u2019apprenants \u00e9tudient, puis propose un parcours personnalis\u00e9 et efficace adapt\u00e9 aux r\u00e9alit\u00e9s de la vie et des \u00e9tudes \u00e0 l\u2019\u00e9tranger.<\/p>\r\n                    \r\n                <\/a>\r\n                            <a class=\"introducCard\" href=\"https:\/\/app.talkpal.ai\/fr\/signup?lng=\">\r\n\r\n                    \r\n                                                <img decoding=\"async\" src=\"https:\/\/talkpal.ai\/wp-content\/uploads\/2025\/05\/Realtime_feedback.png\" alt=\"Feedback Screenshot\" \/>\r\n                        <h4 class=\"introduceTitle\">Une technologie de pointe<\/h4>\r\n                        <p class=\"cardText\">Notre mission est de rendre l\u2019apprentissage des langues v\u00e9ritablement adaptatif accessible aux \u00e9tudiants en \u00e9change partout dans le monde en combinant une IA de pointe avec des m\u00e9thodes d\u2019enseignement \u00e9prouv\u00e9es. Avec Talkpal, vous ne vous contentez pas de prendre des le\u00e7ons, vous suivez un parcours sur mesure qui s\u2019adapte \u00e0 votre rythme, \u00e0 votre pays d\u2019accueil et \u00e0 vos objectifs.<\/p>\r\n                    \r\n                <\/a>\r\n                            <a class=\"introducCard\" href=\"https:\/\/app.talkpal.ai\/fr\/signup?lng=\">\r\n\r\n                    \r\n                                                <img decoding=\"async\" src=\"https:\/\/talkpal.ai\/wp-content\/uploads\/2025\/05\/Personalization.png\" alt=\"Personalization Screenshot\" \/>\r\n                        <h4 class=\"introduceTitle\">Apprendre en s&#039;amusant<\/h4>\r\n                        <p class=\"cardText\">L\u2019apprentissage des langues devrait amplifier votre aventure. Talkpal maintient les \u00e9tudiants d\u2019\u00e9change motiv\u00e9s et inspir\u00e9s, faisant de la pratique la partie la plus excitante de votre journ\u00e9e. Rejoignez des milliers d\u2019apprenants qui se pr\u00e9parent ou s\u2019\u00e9panouissent pendant leur \u00e9change et commencez \u00e0 utiliser votre nouvelle langue sur le campus et dans la ville.<\/p>\r\n                    \r\n                <\/a>\r\n                            <\/div>\r\n                     <a class=\"featureSectionLink\" href=\"https:\/\/app.talkpal.ai\/signup?discount=50\">\r\n                Obtenir une r\u00e9duction            <\/a>\r\n                \r\n<\/section>\r\n\r\n\r\n<section class=\"smartFunSection\">\r\n            \r\n            <div class=\"smartFunCard\">\r\n                <div class=\"smartFunWrapper\"><img decoding=\"async\" src=\"https:\/\/talkpal.ai\/wp-content\/uploads\/2025\/05\/1.png\" alt=\"Learning Stats Screenshot\"><\/div>\r\n                <h3>Sur mesure pour vous<\/h3>\r\n                <p>Talkpal propose des sessions aliment\u00e9es par l\u2019IA et calibr\u00e9es en fonction de votre niveau, de votre emploi du temps et de votre calendrier d\u2019\u00e9change. Chaque le\u00e7on cible ce dont vous avez le plus besoin, des conversations quotidiennes avec vos colocataires aux discussions de s\u00e9minaire, afin que vous r\u00e9alisiez des progr\u00e8s r\u00e9guliers et mesurables.<\/p>\r\n            <\/div>\r\n\r\n        \r\n            <div class=\"smartFunCard\">\r\n                <div class=\"smartFunWrapper\"><img decoding=\"async\" src=\"https:\/\/talkpal.ai\/wp-content\/uploads\/2025\/05\/2.png\" alt=\"Pronunciation Score Screenshot\"><\/div>\r\n                <h3>Efficace et efficient<\/h3>\r\n                <p>Am\u00e9liorez efficacement vos comp\u00e9tences de lecture, d\u2019\u00e9coute et d\u2019expression orale avec Talkpal. Nos outils rendent les \u00e9tudes \u00e0 la fois efficaces et agr\u00e9ables pour les \u00e9tudiants d\u2019\u00e9change, quel que soit leur milieu, que vous vous pr\u00e9pariez avant le d\u00e9part ou que vous vous installiez apr\u00e8s leur arriv\u00e9e.<\/p>\r\n            <\/div>\r\n\r\n        \r\n            <div class=\"smartFunCard\">\r\n                <div class=\"smartFunWrapper\"><img decoding=\"async\" src=\"https:\/\/talkpal.ai\/wp-content\/uploads\/2025\/05\/3.png\" alt=\"Chat Topics Screenshot\"><\/div>\r\n                <h3>Maintenir l&#039;engagement<\/h3>\r\n                <p>Restez coh\u00e9rent avec des \u00e9l\u00e9ments gamifi\u00e9s, des sc\u00e9narios r\u00e9els et des d\u00e9fis attrayants con\u00e7us pour la vie d\u2019\u00e9change : logement, transports en commun, projets de groupe, etc. Avec Talkpal, la pratique devient une habitude quotidienne que vous attendez avec impatience.<\/p>\r\n            <\/div>\r\n\r\n        \r\n            <div class=\"smartFunCard\">\r\n                <div class=\"smartFunWrapper\"><img decoding=\"async\" src=\"https:\/\/talkpal.ai\/wp-content\/uploads\/2025\/05\/4.png\" alt=\"Dashboard Screenshot\"><\/div>\r\n                <h3>Prendre plaisir \u00e0 apprendre<\/h3>\r\n                <p>Apprendre une nouvelle langue n\u2019a pas besoin d\u2019\u00eatre une corv\u00e9e. Talkpal propose des exercices interactifs, des personnages vivants et des conversations ludiques avec l\u2019IA qui refl\u00e8tent les moments auxquels vous serez confront\u00e9 \u00e0 l\u2019\u00e9tranger, faisant de la pratique de la langue un moment fort de votre \u00e9change.<\/p>\r\n            <\/div>\r\n\r\n            \r\n<\/section>\r\n\r\n<section class=\"promotionalBanner\">\r\n    <p class=\"promotionalText\">Talkpal pour les \u00e9tudiants &#8211; Commencez \u00e0 apprendre avec un prix r\u00e9duit<\/p>\r\n                <a class=\"promotionalLink\" href=\"https:\/\/app.talkpal.ai\/signup?discount=50\">\r\n                Obtenir une r\u00e9duction            <\/a>\r\n            \r\n<\/section>","protected":false},"excerpt":{"rendered":"","protected":false},"author":20,"featured_media":0,"parent":0,"menu_order":0,"comment_status":"closed","ping_status":"closed","template":"LearningContentPage.php","meta":{"_acf_changed":false,"footnotes":""},"class_list":["post-1461828","page","type-page","status-publish","hentry"],"acf":[],"yoast_head":"<!-- This site is optimized with the Yoast SEO Premium plugin v27.2 (Yoast SEO v27.2) - https:\/\/yoast.com\/product\/yoast-seo-premium-wordpress\/ -->\n<title>R\u00e9duction Talkpal pour les \u00e9tudiants en \u00e9change - Talkpal<\/title>\n<meta name=\"description\" content=\"\u00c9conomisez 79 % sur Talkpal gr\u00e2ce \u00e0 notre r\u00e9duction exclusive \u00e9tudiante et am\u00e9liorez votre ma\u00eetrise de la langue pendant vos \u00e9tudes \u00e0 l\u2019\u00e9tranger.\" \/>\n<meta name=\"robots\" content=\"index, follow, max-snippet:-1, max-image-preview:large, max-video-preview:-1\" \/>\n<link rel=\"canonical\" href=\"https:\/\/talkpal.ai\/fr\/reduction-talkpal-pour-les-etudiants-en-echange\/\" \/>\n<meta property=\"og:locale\" content=\"fr_FR\" \/>\n<meta property=\"og:type\" content=\"article\" \/>\n<meta property=\"og:title\" content=\"R\u00e9duction Talkpal pour les \u00e9tudiants en \u00e9change\" \/>\n<meta property=\"og:url\" content=\"https:\/\/talkpal.ai\/fr\/reduction-talkpal-pour-les-etudiants-en-echange\/\" \/>\n<meta property=\"og:site_name\" content=\"Talkpal\" \/>\n<meta property=\"article:publisher\" content=\"https:\/\/www.facebook.com\/profile.php?id=100090733639311\" \/>\n<meta property=\"article:modified_time\" content=\"2026-01-22T14:32:53+00:00\" \/>\n<meta property=\"og:image\" content=\"https:\/\/talkpal.ai\/wp-content\/uploads\/2025\/02\/Progress-tab-16_9.png\" \/>\n\t<meta property=\"og:image:width\" content=\"2880\" \/>\n\t<meta property=\"og:image:height\" content=\"1620\" \/>\n\t<meta property=\"og:image:type\" content=\"image\/png\" \/>\n<meta name=\"twitter:card\" content=\"summary_large_image\" \/>\n<meta name=\"twitter:site\" content=\"@talkpalai\" \/>\n<script type=\"application\/ld+json\" class=\"yoast-schema-graph\">{\"@context\":\"https:\/\/schema.org\",\"@graph\":[{\"@type\":\"WebPage\",\"@id\":\"https:\/\/talkpal.ai\/fr\/reduction-talkpal-pour-les-etudiants-en-echange\/\",\"url\":\"https:\/\/talkpal.ai\/fr\/reduction-talkpal-pour-les-etudiants-en-echange\/\",\"name\":\"R\u00e9duction Talkpal pour les \u00e9tudiants en \u00e9change - Talkpal\",\"isPartOf\":{\"@id\":\"https:\/\/talkpal.ai\/fr\/#website\"},\"datePublished\":\"2025-10-22T20:47:50+00:00\",\"dateModified\":\"2026-01-22T14:32:53+00:00\",\"description\":\"\u00c9conomisez 79 % sur Talkpal gr\u00e2ce \u00e0 notre r\u00e9duction exclusive \u00e9tudiante et am\u00e9liorez votre ma\u00eetrise de la langue pendant vos \u00e9tudes \u00e0 l\u2019\u00e9tranger.\",\"breadcrumb\":{\"@id\":\"https:\/\/talkpal.ai\/fr\/reduction-talkpal-pour-les-etudiants-en-echange\/#breadcrumb\"},\"inLanguage\":\"fr-FR\",\"potentialAction\":[{\"@type\":\"ReadAction\",\"target\":[\"https:\/\/talkpal.ai\/fr\/reduction-talkpal-pour-les-etudiants-en-echange\/\"]}]},{\"@type\":\"BreadcrumbList\",\"@id\":\"https:\/\/talkpal.ai\/fr\/reduction-talkpal-pour-les-etudiants-en-echange\/#breadcrumb\",\"itemListElement\":[{\"@type\":\"ListItem\",\"position\":1,\"name\":\"Homepage\",\"item\":\"https:\/\/talkpal.ai\/fr\/\"},{\"@type\":\"ListItem\",\"position\":2,\"name\":\"R\u00e9duction Talkpal pour les \u00e9tudiants en \u00e9change\"}]},{\"@type\":\"WebSite\",\"@id\":\"https:\/\/talkpal.ai\/fr\/#website\",\"url\":\"https:\/\/talkpal.ai\/fr\/\",\"name\":\"Talkpal\",\"description\":\"AI Language Learning\",\"publisher\":{\"@id\":\"https:\/\/talkpal.ai\/fr\/#organization\"},\"alternateName\":\"Talkpal AI\",\"potentialAction\":[{\"@type\":\"SearchAction\",\"target\":{\"@type\":\"EntryPoint\",\"urlTemplate\":\"https:\/\/talkpal.ai\/fr\/?s={search_term_string}\"},\"query-input\":{\"@type\":\"PropertyValueSpecification\",\"valueRequired\":true,\"valueName\":\"search_term_string\"}}],\"inLanguage\":\"fr-FR\"},{\"@type\":\"Organization\",\"@id\":\"https:\/\/talkpal.ai\/fr\/#organization\",\"name\":\"Talkpal, Inc.\",\"alternateName\":\"Talkpal AI\",\"url\":\"https:\/\/talkpal.ai\/fr\/\",\"logo\":{\"@type\":\"ImageObject\",\"inLanguage\":\"fr-FR\",\"@id\":\"https:\/\/talkpal.ai\/fr\/#\/schema\/logo\/image\/\",\"url\":\"https:\/\/talkpal.ai\/wp-content\/uploads\/2024\/03\/Talkpal-Logo-Icon.png\",\"contentUrl\":\"https:\/\/talkpal.ai\/wp-content\/uploads\/2024\/03\/Talkpal-Logo-Icon.png\",\"width\":2880,\"height\":2880,\"caption\":\"Talkpal, Inc.\"},\"image\":{\"@id\":\"https:\/\/talkpal.ai\/fr\/#\/schema\/logo\/image\/\"},\"sameAs\":[\"https:\/\/www.facebook.com\/profile.php?id=100090733639311\",\"https:\/\/x.com\/talkpalai\",\"https:\/\/www.linkedin.com\/company\/talkpal\/\",\"https:\/\/www.youtube.com\/@TalkPal\/\",\"https:\/\/www.tiktok.com\/@talkpal\",\"https:\/\/www.instagram.com\/talkpal_ai\/\",\"https:\/\/www.crunchbase.com\/organization\/talkpal-9cde\",\"https:\/\/www.g2.com\/products\/talkpal-for-business\/\",\"https:\/\/www.trustpilot.com\/review\/talkpal.ai\",\"https:\/\/www.capterra.com\/p\/10006800\/TalkPal\/\"],\"description\":\"Talkpal is a language learning web and mobile education app, powered by the latest AI technologies, that provides engaging experiences to its customers in many different languages to help them improve their language skills. Users can chat about unlimited amount of topics with the app and use other modes to practice their language learning.\",\"email\":\"support@talkpal.ai\",\"legalName\":\"Talkpal, Inc.\",\"foundingDate\":\"2023-04-03\",\"duns\":\"118989042\",\"numberOfEmployees\":{\"@type\":\"QuantitativeValue\",\"minValue\":\"11\",\"maxValue\":\"50\"},\"publishingPrinciples\":\"https:\/\/talkpal.ai\/publishing-principles\/\",\"actionableFeedbackPolicy\":\"https:\/\/talkpal.ai\/actionable-feedback-policy\/\",\"correctionsPolicy\":\"https:\/\/talkpal.ai\/corrections-policy\/\",\"ethicsPolicy\":\"https:\/\/talkpal.ai\/ethics-policy\/\",\"diversityPolicy\":\"https:\/\/talkpal.ai\/diversity-policy\/\",\"diversityStaffingReport\":\"https:\/\/talkpal.ai\/diversity-policy\/\"}]}<\/script>\n<!-- \/ Yoast SEO Premium plugin. -->","yoast_head_json":{"title":"R\u00e9duction Talkpal pour les \u00e9tudiants en \u00e9change - Talkpal","description":"\u00c9conomisez 79 % sur Talkpal gr\u00e2ce \u00e0 notre r\u00e9duction exclusive \u00e9tudiante et am\u00e9liorez votre ma\u00eetrise de la langue pendant vos \u00e9tudes \u00e0 l\u2019\u00e9tranger.","robots":{"index":"index","follow":"follow","max-snippet":"max-snippet:-1","max-image-preview":"max-image-preview:large","max-video-preview":"max-video-preview:-1"},"canonical":"https:\/\/talkpal.ai\/fr\/reduction-talkpal-pour-les-etudiants-en-echange\/","og_locale":"fr_FR","og_type":"article","og_title":"R\u00e9duction Talkpal pour les \u00e9tudiants en \u00e9change","og_url":"https:\/\/talkpal.ai\/fr\/reduction-talkpal-pour-les-etudiants-en-echange\/","og_site_name":"Talkpal","article_publisher":"https:\/\/www.facebook.com\/profile.php?id=100090733639311","article_modified_time":"2026-01-22T14:32:53+00:00","og_image":[{"width":2880,"height":1620,"url":"https:\/\/talkpal.ai\/wp-content\/uploads\/2025\/02\/Progress-tab-16_9.png","type":"image\/png"}],"twitter_card":"summary_large_image","twitter_site":"@talkpalai","schema":{"@context":"https:\/\/schema.org","@graph":[{"@type":"WebPage","@id":"https:\/\/talkpal.ai\/fr\/reduction-talkpal-pour-les-etudiants-en-echange\/","url":"https:\/\/talkpal.ai\/fr\/reduction-talkpal-pour-les-etudiants-en-echange\/","name":"R\u00e9duction Talkpal pour les \u00e9tudiants en \u00e9change - Talkpal","isPartOf":{"@id":"https:\/\/talkpal.ai\/fr\/#website"},"datePublished":"2025-10-22T20:47:50+00:00","dateModified":"2026-01-22T14:32:53+00:00","description":"\u00c9conomisez 79 % sur Talkpal gr\u00e2ce \u00e0 notre r\u00e9duction exclusive \u00e9tudiante et am\u00e9liorez votre ma\u00eetrise de la langue pendant vos \u00e9tudes \u00e0 l\u2019\u00e9tranger.","breadcrumb":{"@id":"https:\/\/talkpal.ai\/fr\/reduction-talkpal-pour-les-etudiants-en-echange\/#breadcrumb"},"inLanguage":"fr-FR","potentialAction":[{"@type":"ReadAction","target":["https:\/\/talkpal.ai\/fr\/reduction-talkpal-pour-les-etudiants-en-echange\/"]}]},{"@type":"BreadcrumbList","@id":"https:\/\/talkpal.ai\/fr\/reduction-talkpal-pour-les-etudiants-en-echange\/#breadcrumb","itemListElement":[{"@type":"ListItem","position":1,"name":"Homepage","item":"https:\/\/talkpal.ai\/fr\/"},{"@type":"ListItem","position":2,"name":"R\u00e9duction Talkpal pour les \u00e9tudiants en \u00e9change"}]},{"@type":"WebSite","@id":"https:\/\/talkpal.ai\/fr\/#website","url":"https:\/\/talkpal.ai\/fr\/","name":"Talkpal","description":"AI Language Learning","publisher":{"@id":"https:\/\/talkpal.ai\/fr\/#organization"},"alternateName":"Talkpal AI","potentialAction":[{"@type":"SearchAction","target":{"@type":"EntryPoint","urlTemplate":"https:\/\/talkpal.ai\/fr\/?s={search_term_string}"},"query-input":{"@type":"PropertyValueSpecification","valueRequired":true,"valueName":"search_term_string"}}],"inLanguage":"fr-FR"},{"@type":"Organization","@id":"https:\/\/talkpal.ai\/fr\/#organization","name":"Talkpal, Inc.","alternateName":"Talkpal AI","url":"https:\/\/talkpal.ai\/fr\/","logo":{"@type":"ImageObject","inLanguage":"fr-FR","@id":"https:\/\/talkpal.ai\/fr\/#\/schema\/logo\/image\/","url":"https:\/\/talkpal.ai\/wp-content\/uploads\/2024\/03\/Talkpal-Logo-Icon.png","contentUrl":"https:\/\/talkpal.ai\/wp-content\/uploads\/2024\/03\/Talkpal-Logo-Icon.png","width":2880,"height":2880,"caption":"Talkpal, Inc."},"image":{"@id":"https:\/\/talkpal.ai\/fr\/#\/schema\/logo\/image\/"},"sameAs":["https:\/\/www.facebook.com\/profile.php?id=100090733639311","https:\/\/x.com\/talkpalai","https:\/\/www.linkedin.com\/company\/talkpal\/","https:\/\/www.youtube.com\/@TalkPal\/","https:\/\/www.tiktok.com\/@talkpal","https:\/\/www.instagram.com\/talkpal_ai\/","https:\/\/www.crunchbase.com\/organization\/talkpal-9cde","https:\/\/www.g2.com\/products\/talkpal-for-business\/","https:\/\/www.trustpilot.com\/review\/talkpal.ai","https:\/\/www.capterra.com\/p\/10006800\/TalkPal\/"],"description":"Talkpal is a language learning web and mobile education app, powered by the latest AI technologies, that provides engaging experiences to its customers in many different languages to help them improve their language skills. Users can chat about unlimited amount of topics with the app and use other modes to practice their language learning.","email":"support@talkpal.ai","legalName":"Talkpal, Inc.","foundingDate":"2023-04-03","duns":"118989042","numberOfEmployees":{"@type":"QuantitativeValue","minValue":"11","maxValue":"50"},"publishingPrinciples":"https:\/\/talkpal.ai\/publishing-principles\/","actionableFeedbackPolicy":"https:\/\/talkpal.ai\/actionable-feedback-policy\/","correctionsPolicy":"https:\/\/talkpal.ai\/corrections-policy\/","ethicsPolicy":"https:\/\/talkpal.ai\/ethics-policy\/","diversityPolicy":"https:\/\/talkpal.ai\/diversity-policy\/","diversityStaffingReport":"https:\/\/talkpal.ai\/diversity-policy\/"}]}},"_links":{"self":[{"href":"https:\/\/talkpal.ai\/fr\/wp-json\/wp\/v2\/pages\/1461828","targetHints":{"allow":["GET"]}}],"collection":[{"href":"https:\/\/talkpal.ai\/fr\/wp-json\/wp\/v2\/pages"}],"about":[{"href":"https:\/\/talkpal.ai\/fr\/wp-json\/wp\/v2\/types\/page"}],"author":[{"embeddable":true,"href":"https:\/\/talkpal.ai\/fr\/wp-json\/wp\/v2\/users\/20"}],"replies":[{"embeddable":true,"href":"https:\/\/talkpal.ai\/fr\/wp-json\/wp\/v2\/comments?post=1461828"}],"version-history":[{"count":0,"href":"https:\/\/talkpal.ai\/fr\/wp-json\/wp\/v2\/pages\/1461828\/revisions"}],"wp:attachment":[{"href":"https:\/\/talkpal.ai\/fr\/wp-json\/wp\/v2\/media?parent=1461828"}],"curies":[{"name":"wp","href":"https:\/\/api.w.org\/{rel}","templated":true}]}}