{"id":1461776,"date":"2025-10-22T21:57:19","date_gmt":"2025-10-22T21:57:19","guid":{"rendered":"https:\/\/talkpal.ai\/reduction-talkpal-pour-les-lyceens\/"},"modified":"2026-01-22T14:36:28","modified_gmt":"2026-01-22T14:36:28","slug":"reduction-talkpal-pour-les-lyceens","status":"publish","type":"page","link":"https:\/\/talkpal.ai\/fr\/reduction-talkpal-pour-les-lyceens\/","title":{"rendered":"R\u00e9duction Talkpal pour les lyc\u00e9ens"},"content":{"rendered":"<section class=\"languageChallengeSection\">\r\n    <div class=\"languageInfoWrapper\">\r\n        \r\n        <h1>R\u00e9duction Talkpal pour les lyc\u00e9ens<\/h1>\r\n        <p>\u00cates-vous un lyc\u00e9en qui souhaite am\u00e9liorer vos comp\u00e9tences linguistiques&nbsp;? Talkpal te propose 79 % de r\u00e9duction pour les lyc\u00e9ens afin que tu apprennes plus vite et plus intelligemment. D\u00e9bloquez toutes les fonctionnalit\u00e9s premium, pratiquez de vraies conversations avec l\u2019IA et progressez vers la ma\u00eetrise de la langue \u00e0 moiti\u00e9 prix.<\/p>\r\n\r\n                    <a class=\"getStartedHidden\" href=\"https:\/\/app.talkpal.ai\/signup?discount=50\">\r\n                Obtenir une r\u00e9duction            <\/a>\r\n            <\/div>\r\n\r\n            <figure>\r\n            <img decoding=\"async\" class=\"no-lazy\" src=\"https:\/\/talkpal.ai\/wp-content\/uploads\/2026\/01\/straight-hair-girl-with-phone-yellow-background.webp\" alt=\"\" fetchpriority=\"high\" \/>\r\n        <\/figure>\r\n        \r\n                    <a class=\"getStartedVisible\" href=\"https:\/\/app.talkpal.ai\/signup?discount=50\">\r\n                Obtenir une r\u00e9duction            <\/a>\r\n        <\/section><section class=\"featureSection\">\r\n    <div class=\"featureIntroduce\">\r\n        <a class=\"introduceLink\" href=\"https:\/\/app.talkpal.ai\/fr\/signup?lng=\">\r\n            <img decoding=\"async\" src=\"https:\/\/talkpal.ai\/wp-content\/themes\/talkpal\/assets\/img\/Sparkle.svg\" alt=\"\" \/>Les plus avanc\u00e9s\n  IA<\/a>\r\n        <h3 class=\"featureTitle\">La diff\u00e9rence talkpal<\/h3>\r\n    <\/div>\r\n            <div class=\"introduceWrapper\">\r\n                            <a class=\"introducCard\" href=\"https:\/\/app.talkpal.ai\/fr\/signup?lng=\">\r\n\r\n                    \r\n                                                <img decoding=\"async\" src=\"https:\/\/talkpal.ai\/wp-content\/uploads\/2025\/05\/Immersive_conversations.png\" alt=\"Immersive Conversation Screenshot\" \/>\r\n                        <h4 class=\"introduceTitle\">L&#039;\u00e9ducation personnalis\u00e9e<\/h4>\r\n                        <p class=\"cardText\">Chaque lyc\u00e9en apprend \u00e0 sa mani\u00e8re, et son chemin vers la ma\u00eetrise d\u2019une nouvelle langue est \u00e9galement unique. Talkpal utilise une IA avanc\u00e9e pour comprendre comment les \u00e9l\u00e8ves apprennent chaque jour et transforme ces informations en le\u00e7ons personnalis\u00e9es, efficaces et attrayantes con\u00e7ues pour les lyc\u00e9ens.<\/p>\r\n                    \r\n                <\/a>\r\n                            <a class=\"introducCard\" href=\"https:\/\/app.talkpal.ai\/fr\/signup?lng=\">\r\n\r\n                    \r\n                                                <img decoding=\"async\" src=\"https:\/\/talkpal.ai\/wp-content\/uploads\/2025\/05\/Realtime_feedback.png\" alt=\"Feedback Screenshot\" \/>\r\n                        <h4 class=\"introduceTitle\">Une technologie de pointe<\/h4>\r\n                        <p class=\"cardText\">Notre mission est d\u2019offrir un apprentissage personnalis\u00e9 des langues \u00e0 chaque \u00e9l\u00e8ve du secondaire en combinant une IA de pointe avec des m\u00e9thodes de classe \u00e9prouv\u00e9es. Avec Talkpal, vous ne vous contentez pas de prendre des cours, vous suivez un plan sur mesure qui s\u2019adapte \u00e0 votre rythme, \u00e0 votre style d\u2019apprentissage et \u00e0 vos objectifs pour le cours et au-del\u00e0.<\/p>\r\n                    \r\n                <\/a>\r\n                            <a class=\"introducCard\" href=\"https:\/\/app.talkpal.ai\/fr\/signup?lng=\">\r\n\r\n                    \r\n                                                <img decoding=\"async\" src=\"https:\/\/talkpal.ai\/wp-content\/uploads\/2025\/05\/Personalization.png\" alt=\"Personalization Screenshot\" \/>\r\n                        <h4 class=\"introduceTitle\">Apprendre en s&#039;amusant<\/h4>\r\n                        <p class=\"cardText\">Nous pensons que l\u2019apprentissage des langues doit \u00eatre amusant et motivant. C\u2019est pourquoi Talkpal maintient l\u2019int\u00e9r\u00eat et l\u2019inspiration des lyc\u00e9ens, afin que cela ressemble moins \u00e0 des devoirs qu\u2019\u00e0 une aventure. Rejoignez des milliers de lyc\u00e9ens dans le monde entier et commencez \u00e0 ma\u00eetriser votre prochaine langue avec Talkpal !<\/p>\r\n                    \r\n                <\/a>\r\n                            <\/div>\r\n                     <a class=\"featureSectionLink\" href=\"https:\/\/app.talkpal.ai\/signup?discount=50\">\r\n                Obtenir une r\u00e9duction            <\/a>\r\n                \r\n<\/section>\r\n\r\n\r\n<section class=\"smartFunSection\">\r\n            \r\n            <div class=\"smartFunCard\">\r\n                <div class=\"smartFunWrapper\"><img decoding=\"async\" src=\"https:\/\/talkpal.ai\/wp-content\/uploads\/2025\/05\/1.png\" alt=\"Learning Stats Screenshot\"><\/div>\r\n                <h3>Sur mesure pour vous<\/h3>\r\n                <p>L\u2019IA de Talkpal permet des sessions personnalis\u00e9es adapt\u00e9es \u00e0 votre niveau et \u00e0 votre rythme. Chaque le\u00e7on est adapt\u00e9e \u00e0 vos besoins, ce qui vous aide \u00e0 d\u00e9velopper votre confiance, \u00e0 rester sur la bonne voie en classe et \u00e0 faire des progr\u00e8s constants semaine apr\u00e8s semaine.<\/p>\r\n            <\/div>\r\n\r\n        \r\n            <div class=\"smartFunCard\">\r\n                <div class=\"smartFunWrapper\"><img decoding=\"async\" src=\"https:\/\/talkpal.ai\/wp-content\/uploads\/2025\/05\/2.png\" alt=\"Pronunciation Score Screenshot\"><\/div>\r\n                <h3>Efficace et efficient<\/h3>\r\n                <p>Am\u00e9liorez vos comp\u00e9tences de lecture, d\u2019\u00e9coute et d\u2019expression orale en toute simplicit\u00e9. Les outils de Talkpal rendent l\u2019\u00e9tude des langues efficace et agr\u00e9able pour les \u00e9l\u00e8ves du secondaire, que vous d\u00e9butiez en espagnol I ou que vous visiez la ma\u00eetrise de l\u2019AP\/IB.<\/p>\r\n            <\/div>\r\n\r\n        \r\n            <div class=\"smartFunCard\">\r\n                <div class=\"smartFunWrapper\"><img decoding=\"async\" src=\"https:\/\/talkpal.ai\/wp-content\/uploads\/2025\/05\/3.png\" alt=\"Chat Topics Screenshot\"><\/div>\r\n                <h3>Maintenir l&#039;engagement<\/h3>\r\n                <p>Notre plateforme m\u00e9lange des objectifs gamifi\u00e9s, des d\u00e9fis engageants et des invites r\u00e9fl\u00e9chies pour garder les lyc\u00e9ens motiv\u00e9s et coh\u00e9rents. Avec Talkpal, la pratique quotidienne devient une habitude amusante, et non une t\u00e2che comme les autres.<\/p>\r\n            <\/div>\r\n\r\n        \r\n            <div class=\"smartFunCard\">\r\n                <div class=\"smartFunWrapper\"><img decoding=\"async\" src=\"https:\/\/talkpal.ai\/wp-content\/uploads\/2025\/05\/4.png\" alt=\"Dashboard Screenshot\"><\/div>\r\n                <h3>Prendre plaisir \u00e0 apprendre<\/h3>\r\n                <p>Apprendre une nouvelle langue n\u2019a pas besoin d\u2019\u00eatre ennuyeux. Talkpal propose des exercices interactifs, des personnages anim\u00e9s et m\u00eame des chats amusants avec l\u2019IA pour faire de la pratique de la langue une partie agr\u00e9able de votre journ\u00e9e d\u2019\u00e9cole.<\/p>\r\n            <\/div>\r\n\r\n            \r\n<\/section>\r\n\r\n<section class=\"promotionalBanner\">\r\n    <p class=\"promotionalText\">Talkpal pour les lyc\u00e9ens &#8211; Commencez \u00e0 apprendre avec un prix r\u00e9duit<\/p>\r\n                <a class=\"promotionalLink\" href=\"https:\/\/app.talkpal.ai\/signup?discount=50\">\r\n                Obtenir une r\u00e9duction            <\/a>\r\n            \r\n<\/section>","protected":false},"excerpt":{"rendered":"","protected":false},"author":20,"featured_media":0,"parent":0,"menu_order":0,"comment_status":"closed","ping_status":"closed","template":"LearningContentPage.php","meta":{"_acf_changed":false,"footnotes":""},"class_list":["post-1461776","page","type-page","status-publish","hentry"],"acf":[],"yoast_head":"<!-- This site is optimized with the Yoast SEO Premium plugin v27.2 (Yoast SEO v27.2) - https:\/\/yoast.com\/product\/yoast-seo-premium-wordpress\/ -->\n<title>R\u00e9duction Talkpal pour les lyc\u00e9ens - Talkpal<\/title>\n<meta name=\"description\" content=\"D\u00e9bloquez une r\u00e9duction Talkpal de 79 % pour les lyc\u00e9ens et ma\u00eetrisez les langues plus rapidement gr\u00e2ce \u00e0 des conversations immersives avec l\u2019IA.\" \/>\n<meta name=\"robots\" content=\"index, follow, max-snippet:-1, max-image-preview:large, max-video-preview:-1\" \/>\n<link rel=\"canonical\" href=\"https:\/\/talkpal.ai\/fr\/reduction-talkpal-pour-les-lyceens\/\" \/>\n<meta property=\"og:locale\" content=\"fr_FR\" \/>\n<meta property=\"og:type\" content=\"article\" \/>\n<meta property=\"og:title\" content=\"R\u00e9duction Talkpal pour les lyc\u00e9ens\" \/>\n<meta property=\"og:url\" content=\"https:\/\/talkpal.ai\/fr\/reduction-talkpal-pour-les-lyceens\/\" \/>\n<meta property=\"og:site_name\" content=\"Talkpal\" \/>\n<meta property=\"article:publisher\" content=\"https:\/\/www.facebook.com\/profile.php?id=100090733639311\" \/>\n<meta property=\"article:modified_time\" content=\"2026-01-22T14:36:28+00:00\" \/>\n<meta property=\"og:image\" content=\"https:\/\/talkpal.ai\/wp-content\/uploads\/2025\/02\/Progress-tab-16_9.png\" \/>\n\t<meta property=\"og:image:width\" content=\"2880\" \/>\n\t<meta property=\"og:image:height\" content=\"1620\" \/>\n\t<meta property=\"og:image:type\" content=\"image\/png\" \/>\n<meta name=\"twitter:card\" content=\"summary_large_image\" \/>\n<meta name=\"twitter:site\" content=\"@talkpalai\" \/>\n<script type=\"application\/ld+json\" class=\"yoast-schema-graph\">{\"@context\":\"https:\/\/schema.org\",\"@graph\":[{\"@type\":\"WebPage\",\"@id\":\"https:\/\/talkpal.ai\/fr\/reduction-talkpal-pour-les-lyceens\/\",\"url\":\"https:\/\/talkpal.ai\/fr\/reduction-talkpal-pour-les-lyceens\/\",\"name\":\"R\u00e9duction Talkpal pour les lyc\u00e9ens - Talkpal\",\"isPartOf\":{\"@id\":\"https:\/\/talkpal.ai\/fr\/#website\"},\"datePublished\":\"2025-10-22T21:57:19+00:00\",\"dateModified\":\"2026-01-22T14:36:28+00:00\",\"description\":\"D\u00e9bloquez une r\u00e9duction Talkpal de 79 % pour les lyc\u00e9ens et ma\u00eetrisez les langues plus rapidement gr\u00e2ce \u00e0 des conversations immersives avec l\u2019IA.\",\"breadcrumb\":{\"@id\":\"https:\/\/talkpal.ai\/fr\/reduction-talkpal-pour-les-lyceens\/#breadcrumb\"},\"inLanguage\":\"fr-FR\",\"potentialAction\":[{\"@type\":\"ReadAction\",\"target\":[\"https:\/\/talkpal.ai\/fr\/reduction-talkpal-pour-les-lyceens\/\"]}]},{\"@type\":\"BreadcrumbList\",\"@id\":\"https:\/\/talkpal.ai\/fr\/reduction-talkpal-pour-les-lyceens\/#breadcrumb\",\"itemListElement\":[{\"@type\":\"ListItem\",\"position\":1,\"name\":\"Homepage\",\"item\":\"https:\/\/talkpal.ai\/fr\/\"},{\"@type\":\"ListItem\",\"position\":2,\"name\":\"R\u00e9duction Talkpal pour les lyc\u00e9ens\"}]},{\"@type\":\"WebSite\",\"@id\":\"https:\/\/talkpal.ai\/fr\/#website\",\"url\":\"https:\/\/talkpal.ai\/fr\/\",\"name\":\"Talkpal\",\"description\":\"AI Language Learning\",\"publisher\":{\"@id\":\"https:\/\/talkpal.ai\/fr\/#organization\"},\"alternateName\":\"Talkpal AI\",\"potentialAction\":[{\"@type\":\"SearchAction\",\"target\":{\"@type\":\"EntryPoint\",\"urlTemplate\":\"https:\/\/talkpal.ai\/fr\/?s={search_term_string}\"},\"query-input\":{\"@type\":\"PropertyValueSpecification\",\"valueRequired\":true,\"valueName\":\"search_term_string\"}}],\"inLanguage\":\"fr-FR\"},{\"@type\":\"Organization\",\"@id\":\"https:\/\/talkpal.ai\/fr\/#organization\",\"name\":\"Talkpal, Inc.\",\"alternateName\":\"Talkpal AI\",\"url\":\"https:\/\/talkpal.ai\/fr\/\",\"logo\":{\"@type\":\"ImageObject\",\"inLanguage\":\"fr-FR\",\"@id\":\"https:\/\/talkpal.ai\/fr\/#\/schema\/logo\/image\/\",\"url\":\"https:\/\/talkpal.ai\/wp-content\/uploads\/2024\/03\/Talkpal-Logo-Icon.png\",\"contentUrl\":\"https:\/\/talkpal.ai\/wp-content\/uploads\/2024\/03\/Talkpal-Logo-Icon.png\",\"width\":2880,\"height\":2880,\"caption\":\"Talkpal, Inc.\"},\"image\":{\"@id\":\"https:\/\/talkpal.ai\/fr\/#\/schema\/logo\/image\/\"},\"sameAs\":[\"https:\/\/www.facebook.com\/profile.php?id=100090733639311\",\"https:\/\/x.com\/talkpalai\",\"https:\/\/www.linkedin.com\/company\/talkpal\/\",\"https:\/\/www.youtube.com\/@TalkPal\/\",\"https:\/\/www.tiktok.com\/@talkpal\",\"https:\/\/www.instagram.com\/talkpal_ai\/\",\"https:\/\/www.crunchbase.com\/organization\/talkpal-9cde\",\"https:\/\/www.g2.com\/products\/talkpal-for-business\/\",\"https:\/\/www.trustpilot.com\/review\/talkpal.ai\",\"https:\/\/www.capterra.com\/p\/10006800\/TalkPal\/\"],\"description\":\"Talkpal is a language learning web and mobile education app, powered by the latest AI technologies, that provides engaging experiences to its customers in many different languages to help them improve their language skills. Users can chat about unlimited amount of topics with the app and use other modes to practice their language learning.\",\"email\":\"support@talkpal.ai\",\"legalName\":\"Talkpal, Inc.\",\"foundingDate\":\"2023-04-03\",\"duns\":\"118989042\",\"numberOfEmployees\":{\"@type\":\"QuantitativeValue\",\"minValue\":\"11\",\"maxValue\":\"50\"},\"publishingPrinciples\":\"https:\/\/talkpal.ai\/publishing-principles\/\",\"actionableFeedbackPolicy\":\"https:\/\/talkpal.ai\/actionable-feedback-policy\/\",\"correctionsPolicy\":\"https:\/\/talkpal.ai\/corrections-policy\/\",\"ethicsPolicy\":\"https:\/\/talkpal.ai\/ethics-policy\/\",\"diversityPolicy\":\"https:\/\/talkpal.ai\/diversity-policy\/\",\"diversityStaffingReport\":\"https:\/\/talkpal.ai\/diversity-policy\/\"}]}<\/script>\n<!-- \/ Yoast SEO Premium plugin. -->","yoast_head_json":{"title":"R\u00e9duction Talkpal pour les lyc\u00e9ens - Talkpal","description":"D\u00e9bloquez une r\u00e9duction Talkpal de 79 % pour les lyc\u00e9ens et ma\u00eetrisez les langues plus rapidement gr\u00e2ce \u00e0 des conversations immersives avec l\u2019IA.","robots":{"index":"index","follow":"follow","max-snippet":"max-snippet:-1","max-image-preview":"max-image-preview:large","max-video-preview":"max-video-preview:-1"},"canonical":"https:\/\/talkpal.ai\/fr\/reduction-talkpal-pour-les-lyceens\/","og_locale":"fr_FR","og_type":"article","og_title":"R\u00e9duction Talkpal pour les lyc\u00e9ens","og_url":"https:\/\/talkpal.ai\/fr\/reduction-talkpal-pour-les-lyceens\/","og_site_name":"Talkpal","article_publisher":"https:\/\/www.facebook.com\/profile.php?id=100090733639311","article_modified_time":"2026-01-22T14:36:28+00:00","og_image":[{"width":2880,"height":1620,"url":"https:\/\/talkpal.ai\/wp-content\/uploads\/2025\/02\/Progress-tab-16_9.png","type":"image\/png"}],"twitter_card":"summary_large_image","twitter_site":"@talkpalai","schema":{"@context":"https:\/\/schema.org","@graph":[{"@type":"WebPage","@id":"https:\/\/talkpal.ai\/fr\/reduction-talkpal-pour-les-lyceens\/","url":"https:\/\/talkpal.ai\/fr\/reduction-talkpal-pour-les-lyceens\/","name":"R\u00e9duction Talkpal pour les lyc\u00e9ens - Talkpal","isPartOf":{"@id":"https:\/\/talkpal.ai\/fr\/#website"},"datePublished":"2025-10-22T21:57:19+00:00","dateModified":"2026-01-22T14:36:28+00:00","description":"D\u00e9bloquez une r\u00e9duction Talkpal de 79 % pour les lyc\u00e9ens et ma\u00eetrisez les langues plus rapidement gr\u00e2ce \u00e0 des conversations immersives avec l\u2019IA.","breadcrumb":{"@id":"https:\/\/talkpal.ai\/fr\/reduction-talkpal-pour-les-lyceens\/#breadcrumb"},"inLanguage":"fr-FR","potentialAction":[{"@type":"ReadAction","target":["https:\/\/talkpal.ai\/fr\/reduction-talkpal-pour-les-lyceens\/"]}]},{"@type":"BreadcrumbList","@id":"https:\/\/talkpal.ai\/fr\/reduction-talkpal-pour-les-lyceens\/#breadcrumb","itemListElement":[{"@type":"ListItem","position":1,"name":"Homepage","item":"https:\/\/talkpal.ai\/fr\/"},{"@type":"ListItem","position":2,"name":"R\u00e9duction Talkpal pour les lyc\u00e9ens"}]},{"@type":"WebSite","@id":"https:\/\/talkpal.ai\/fr\/#website","url":"https:\/\/talkpal.ai\/fr\/","name":"Talkpal","description":"AI Language Learning","publisher":{"@id":"https:\/\/talkpal.ai\/fr\/#organization"},"alternateName":"Talkpal AI","potentialAction":[{"@type":"SearchAction","target":{"@type":"EntryPoint","urlTemplate":"https:\/\/talkpal.ai\/fr\/?s={search_term_string}"},"query-input":{"@type":"PropertyValueSpecification","valueRequired":true,"valueName":"search_term_string"}}],"inLanguage":"fr-FR"},{"@type":"Organization","@id":"https:\/\/talkpal.ai\/fr\/#organization","name":"Talkpal, Inc.","alternateName":"Talkpal AI","url":"https:\/\/talkpal.ai\/fr\/","logo":{"@type":"ImageObject","inLanguage":"fr-FR","@id":"https:\/\/talkpal.ai\/fr\/#\/schema\/logo\/image\/","url":"https:\/\/talkpal.ai\/wp-content\/uploads\/2024\/03\/Talkpal-Logo-Icon.png","contentUrl":"https:\/\/talkpal.ai\/wp-content\/uploads\/2024\/03\/Talkpal-Logo-Icon.png","width":2880,"height":2880,"caption":"Talkpal, Inc."},"image":{"@id":"https:\/\/talkpal.ai\/fr\/#\/schema\/logo\/image\/"},"sameAs":["https:\/\/www.facebook.com\/profile.php?id=100090733639311","https:\/\/x.com\/talkpalai","https:\/\/www.linkedin.com\/company\/talkpal\/","https:\/\/www.youtube.com\/@TalkPal\/","https:\/\/www.tiktok.com\/@talkpal","https:\/\/www.instagram.com\/talkpal_ai\/","https:\/\/www.crunchbase.com\/organization\/talkpal-9cde","https:\/\/www.g2.com\/products\/talkpal-for-business\/","https:\/\/www.trustpilot.com\/review\/talkpal.ai","https:\/\/www.capterra.com\/p\/10006800\/TalkPal\/"],"description":"Talkpal is a language learning web and mobile education app, powered by the latest AI technologies, that provides engaging experiences to its customers in many different languages to help them improve their language skills. Users can chat about unlimited amount of topics with the app and use other modes to practice their language learning.","email":"support@talkpal.ai","legalName":"Talkpal, Inc.","foundingDate":"2023-04-03","duns":"118989042","numberOfEmployees":{"@type":"QuantitativeValue","minValue":"11","maxValue":"50"},"publishingPrinciples":"https:\/\/talkpal.ai\/publishing-principles\/","actionableFeedbackPolicy":"https:\/\/talkpal.ai\/actionable-feedback-policy\/","correctionsPolicy":"https:\/\/talkpal.ai\/corrections-policy\/","ethicsPolicy":"https:\/\/talkpal.ai\/ethics-policy\/","diversityPolicy":"https:\/\/talkpal.ai\/diversity-policy\/","diversityStaffingReport":"https:\/\/talkpal.ai\/diversity-policy\/"}]}},"_links":{"self":[{"href":"https:\/\/talkpal.ai\/fr\/wp-json\/wp\/v2\/pages\/1461776","targetHints":{"allow":["GET"]}}],"collection":[{"href":"https:\/\/talkpal.ai\/fr\/wp-json\/wp\/v2\/pages"}],"about":[{"href":"https:\/\/talkpal.ai\/fr\/wp-json\/wp\/v2\/types\/page"}],"author":[{"embeddable":true,"href":"https:\/\/talkpal.ai\/fr\/wp-json\/wp\/v2\/users\/20"}],"replies":[{"embeddable":true,"href":"https:\/\/talkpal.ai\/fr\/wp-json\/wp\/v2\/comments?post=1461776"}],"version-history":[{"count":0,"href":"https:\/\/talkpal.ai\/fr\/wp-json\/wp\/v2\/pages\/1461776\/revisions"}],"wp:attachment":[{"href":"https:\/\/talkpal.ai\/fr\/wp-json\/wp\/v2\/media?parent=1461776"}],"curies":[{"name":"wp","href":"https:\/\/api.w.org\/{rel}","templated":true}]}}