{"id":1461750,"date":"2025-10-22T22:21:21","date_gmt":"2025-10-22T22:21:21","guid":{"rendered":"https:\/\/talkpal.ai\/remise-talkpal-pour-les-enseignants-en-formation\/"},"modified":"2026-02-04T11:43:49","modified_gmt":"2026-02-04T11:43:49","slug":"remise-talkpal-pour-les-enseignants-en-formation","status":"publish","type":"page","link":"https:\/\/talkpal.ai\/fr\/remise-talkpal-pour-les-enseignants-en-formation\/","title":{"rendered":"Remise Talkpal pour les enseignants en formation"},"content":{"rendered":"<section class=\"languageChallengeSection\">\r\n    <div class=\"languageInfoWrapper\">\r\n        \r\n        <h1>Remise Talkpal pour les enseignants en formation<\/h1>\r\n        <p>\u00cates-vous un enseignant en formation qui cherche \u00e0 am\u00e9liorer ses comp\u00e9tences linguistiques et de communication en classe ? Talkpal propose une r\u00e9duction exclusive de 79 % aux futurs enseignants afin de vous aider \u00e0 apprendre plus vite et \u00e0 enseigner en toute confiance. D\u00e9bloquez toutes les fonctionnalit\u00e9s premium, jouez \u00e0 de vrais sc\u00e9narios de classe avec l\u2019IA et d\u00e9veloppez votre ma\u00eetrise de l\u2019anglais \u00e0 moiti\u00e9 prix.<\/p>\r\n\r\n                    <a class=\"getStartedHidden\" href=\"https:\/\/app.talkpal.ai\/signup?discount=50\">\r\n                Obtenir une r\u00e9duction            <\/a>\r\n            <\/div>\r\n\r\n            <figure>\r\n            <img decoding=\"async\" class=\"no-lazy\" src=\"https:\/\/talkpal.ai\/wp-content\/uploads\/2026\/01\/curly-girl-with-phone-light-background.webp\" alt=\"\" fetchpriority=\"high\" \/>\r\n        <\/figure>\r\n        \r\n                    <a class=\"getStartedVisible\" href=\"https:\/\/app.talkpal.ai\/signup?discount=50\">\r\n                Obtenir une r\u00e9duction            <\/a>\r\n        <\/section><section class=\"featureSection\">\r\n    <div class=\"featureIntroduce\">\r\n        <a class=\"introduceLink\" href=\"https:\/\/app.talkpal.ai\/fr\/signup?lng=\">\r\n            <img decoding=\"async\" src=\"https:\/\/talkpal.ai\/wp-content\/themes\/talkpal\/assets\/img\/Sparkle.svg\" alt=\"\" \/>Les plus avanc\u00e9s\n  IA<\/a>\r\n        <h3 class=\"featureTitle\">La diff\u00e9rence talkpal<\/h3>\r\n    <\/div>\r\n            <div class=\"introduceWrapper\">\r\n                            <a class=\"introducCard\" href=\"https:\/\/app.talkpal.ai\/fr\/signup?lng=\">\r\n\r\n                    \r\n                                                <img decoding=\"async\" src=\"https:\/\/talkpal.ai\/wp-content\/uploads\/2025\/05\/Immersive_conversations.png\" alt=\"Immersive Conversation Screenshot\" \/>\r\n                        <h4 class=\"introduceTitle\">L&#039;\u00e9ducation personnalis\u00e9e<\/h4>\r\n                        <p class=\"cardText\">Chaque enseignant en formation apprend diff\u00e9remment, tout comme le chemin vers un langage pr\u00eat \u00e0 l\u2019emploi. Chez Talkpal, nous utilisons une IA avanc\u00e9e \u00e9clair\u00e9e par des millions de parcours d\u2019apprentissage pour comprendre comment les futurs \u00e9ducateurs \u00e9tudient et communiquent. Cela nous permet de cr\u00e9er des exp\u00e9riences personnalis\u00e9es, efficaces et attrayantes con\u00e7ues sp\u00e9cifiquement pour les enseignants en formation.<\/p>\r\n                    \r\n                <\/a>\r\n                            <a class=\"introducCard\" href=\"https:\/\/app.talkpal.ai\/fr\/signup?lng=\">\r\n\r\n                    \r\n                                                <img decoding=\"async\" src=\"https:\/\/talkpal.ai\/wp-content\/uploads\/2025\/05\/Realtime_feedback.png\" alt=\"Feedback Screenshot\" \/>\r\n                        <h4 class=\"introduceTitle\">Une technologie de pointe<\/h4>\r\n                        <p class=\"cardText\">Notre mission est de rendre le d\u00e9veloppement linguistique personnalis\u00e9 accessible \u00e0 tous les enseignants en formation en combinant une IA de pointe avec une p\u00e9dagogie \u00e9prouv\u00e9e. Avec Talkpal, vous ne vous contentez pas de prendre des cours, vous suivez un parcours sur mesure qui s\u2019adapte \u00e0 votre rythme, \u00e0 votre contexte d\u2019enseignement et \u00e0 vos objectifs de certification.<\/p>\r\n                    \r\n                <\/a>\r\n                            <a class=\"introducCard\" href=\"https:\/\/app.talkpal.ai\/fr\/signup?lng=\">\r\n\r\n                    \r\n                                                <img decoding=\"async\" src=\"https:\/\/talkpal.ai\/wp-content\/uploads\/2025\/05\/Personalization.png\" alt=\"Personalization Screenshot\" \/>\r\n                        <h4 class=\"introduceTitle\">Apprendre en s&#039;amusant<\/h4>\r\n                        <p class=\"cardText\">Nous pensons que le d\u00e9veloppement linguistique professionnel doit \u00eatre motivant et agr\u00e9able. C\u2019est pourquoi Talkpal est con\u00e7u pour garder les enseignants stagiaires engag\u00e9s et inspir\u00e9s, de sorte que la pratique ressemble moins \u00e0 une corv\u00e9e qu\u2019\u00e0 une \u00e9tape significative vers votre classe. Rejoignez des milliers de futurs \u00e9ducateurs dans le monde entier et pr\u00e9parez-vous \u00e0 enseigner en toute confiance.<\/p>\r\n                    \r\n                <\/a>\r\n                            <\/div>\r\n                     <a class=\"featureSectionLink\" href=\"https:\/\/app.talkpal.ai\/signup?discount=50\">\r\n                Obtenir une r\u00e9duction            <\/a>\r\n                \r\n<\/section>\r\n\r\n\r\n<section class=\"smartFunSection\">\r\n            \r\n            <div class=\"smartFunCard\">\r\n                <div class=\"smartFunWrapper\"><img decoding=\"async\" src=\"https:\/\/talkpal.ai\/wp-content\/uploads\/2025\/05\/1.png\" alt=\"Learning Stats Screenshot\"><\/div>\r\n                <h3>Sur mesure pour vous<\/h3>\r\n                <p>Talkpal utilise une technologie bas\u00e9e sur l\u2019IA pour cr\u00e9er des sessions personnalis\u00e9es calibr\u00e9es en fonction du niveau, du rythme et des objectifs de chaque enseignant stagiaire. Chaque le\u00e7on cible vos besoins sp\u00e9cifiques, du vocabulaire de la mati\u00e8re au discours en classe, ce qui vous aide \u00e0 progresser r\u00e9guli\u00e8rement et de mani\u00e8re mesurable.<\/p>\r\n            <\/div>\r\n\r\n        \r\n            <div class=\"smartFunCard\">\r\n                <div class=\"smartFunWrapper\"><img decoding=\"async\" src=\"https:\/\/talkpal.ai\/wp-content\/uploads\/2025\/05\/2.png\" alt=\"Pronunciation Score Screenshot\"><\/div>\r\n                <h3>Efficace et efficient<\/h3>\r\n                <p>Renforcez efficacement vos comp\u00e9tences de lecture, d\u2019\u00e9coute et d\u2019expression orale avec Talkpal. Nos outils novateurs rendent le d\u00e9veloppement du langage \u00e0 la fois efficace et agr\u00e9able pour les enseignants en formation de divers programmes et horizons.<\/p>\r\n            <\/div>\r\n\r\n        \r\n            <div class=\"smartFunCard\">\r\n                <div class=\"smartFunWrapper\"><img decoding=\"async\" src=\"https:\/\/talkpal.ai\/wp-content\/uploads\/2025\/05\/3.png\" alt=\"Chat Topics Screenshot\"><\/div>\r\n                <h3>Maintenir l&#039;engagement<\/h3>\r\n                <p>La plateforme m\u00e9lange des \u00e9l\u00e9ments gamifi\u00e9s, des d\u00e9fis r\u00e9alistes et des invites de r\u00e9flexion pour garder les enseignants stagiaires motiv\u00e9s et coh\u00e9rents. Avec Talkpal, la pratique de la langue devient une habitude quotidienne enrichissante, et pas seulement une autre exigence de stage.<\/p>\r\n            <\/div>\r\n\r\n        \r\n            <div class=\"smartFunCard\">\r\n                <div class=\"smartFunWrapper\"><img decoding=\"async\" src=\"https:\/\/talkpal.ai\/wp-content\/uploads\/2025\/05\/4.png\" alt=\"Dashboard Screenshot\"><\/div>\r\n                <h3>Prendre plaisir \u00e0 apprendre<\/h3>\r\n                <p>Ma\u00eetriser une nouvelle langue ne doit pas \u00eatre fastidieux. Talkpal propose des exercices interactifs, des jeux de r\u00f4le anim\u00e9s et m\u00eame des conversations l\u00e9g\u00e8res avec l\u2019IA, faisant de la pratique une partie \u00e9nergisante de la journ\u00e9e de chaque enseignant en formation.<\/p>\r\n            <\/div>\r\n\r\n            \r\n<\/section>\r\n\r\n<section class=\"promotionalBanner\">\r\n    <p class=\"promotionalText\">Talkpal pour les enseignants en formation &#8211; Commencez \u00e0 apprendre avec un prix r\u00e9duit<\/p>\r\n                <a class=\"promotionalLink\" href=\"https:\/\/app.talkpal.ai\/signup?discount=50\">\r\n                Obtenir une r\u00e9duction            <\/a>\r\n            \r\n<\/section>","protected":false},"excerpt":{"rendered":"","protected":false},"author":20,"featured_media":0,"parent":0,"menu_order":0,"comment_status":"closed","ping_status":"closed","template":"LearningContentPage.php","meta":{"_acf_changed":false,"footnotes":""},"class_list":["post-1461750","page","type-page","status-publish","hentry"],"acf":[],"yoast_head":"<!-- This site is optimized with the Yoast SEO Premium plugin v27.2 (Yoast SEO v27.2) - https:\/\/yoast.com\/product\/yoast-seo-premium-wordpress\/ -->\n<title>Remise Talkpal pour les enseignants en formation - Talkpal<\/title>\n<meta name=\"description\" content=\"B\u00e9n\u00e9ficiez d\u2019une r\u00e9duction exclusive de 79 % sur Talkpal Premium, con\u00e7ue sp\u00e9cifiquement pour les enseignants en formation afin d\u2019am\u00e9liorer ses comp\u00e9tences linguistiques.\" \/>\n<meta name=\"robots\" content=\"index, follow, max-snippet:-1, max-image-preview:large, max-video-preview:-1\" \/>\n<link rel=\"canonical\" href=\"https:\/\/talkpal.ai\/fr\/remise-talkpal-pour-les-enseignants-en-formation\/\" \/>\n<meta property=\"og:locale\" content=\"fr_FR\" \/>\n<meta property=\"og:type\" content=\"article\" \/>\n<meta property=\"og:title\" content=\"Remise Talkpal pour les enseignants en formation\" \/>\n<meta property=\"og:url\" content=\"https:\/\/talkpal.ai\/fr\/remise-talkpal-pour-les-enseignants-en-formation\/\" \/>\n<meta property=\"og:site_name\" content=\"Talkpal\" \/>\n<meta property=\"article:publisher\" content=\"https:\/\/www.facebook.com\/profile.php?id=100090733639311\" \/>\n<meta property=\"article:modified_time\" content=\"2026-02-04T11:43:49+00:00\" \/>\n<meta property=\"og:image\" content=\"https:\/\/talkpal.ai\/wp-content\/uploads\/2025\/02\/Progress-tab-16_9.png\" \/>\n\t<meta property=\"og:image:width\" content=\"2880\" \/>\n\t<meta property=\"og:image:height\" content=\"1620\" \/>\n\t<meta property=\"og:image:type\" content=\"image\/png\" \/>\n<meta name=\"twitter:card\" content=\"summary_large_image\" \/>\n<meta name=\"twitter:site\" content=\"@talkpalai\" \/>\n<script type=\"application\/ld+json\" class=\"yoast-schema-graph\">{\"@context\":\"https:\/\/schema.org\",\"@graph\":[{\"@type\":\"WebPage\",\"@id\":\"https:\/\/talkpal.ai\/fr\/remise-talkpal-pour-les-enseignants-en-formation\/\",\"url\":\"https:\/\/talkpal.ai\/fr\/remise-talkpal-pour-les-enseignants-en-formation\/\",\"name\":\"Remise Talkpal pour les enseignants en formation - Talkpal\",\"isPartOf\":{\"@id\":\"https:\/\/talkpal.ai\/fr\/#website\"},\"datePublished\":\"2025-10-22T22:21:21+00:00\",\"dateModified\":\"2026-02-04T11:43:49+00:00\",\"description\":\"B\u00e9n\u00e9ficiez d\u2019une r\u00e9duction exclusive de 79 % sur Talkpal Premium, con\u00e7ue sp\u00e9cifiquement pour les enseignants en formation afin d\u2019am\u00e9liorer ses comp\u00e9tences linguistiques.\",\"breadcrumb\":{\"@id\":\"https:\/\/talkpal.ai\/fr\/remise-talkpal-pour-les-enseignants-en-formation\/#breadcrumb\"},\"inLanguage\":\"fr-FR\",\"potentialAction\":[{\"@type\":\"ReadAction\",\"target\":[\"https:\/\/talkpal.ai\/fr\/remise-talkpal-pour-les-enseignants-en-formation\/\"]}]},{\"@type\":\"BreadcrumbList\",\"@id\":\"https:\/\/talkpal.ai\/fr\/remise-talkpal-pour-les-enseignants-en-formation\/#breadcrumb\",\"itemListElement\":[{\"@type\":\"ListItem\",\"position\":1,\"name\":\"Homepage\",\"item\":\"https:\/\/talkpal.ai\/fr\/\"},{\"@type\":\"ListItem\",\"position\":2,\"name\":\"Remise Talkpal pour les enseignants en formation\"}]},{\"@type\":\"WebSite\",\"@id\":\"https:\/\/talkpal.ai\/fr\/#website\",\"url\":\"https:\/\/talkpal.ai\/fr\/\",\"name\":\"Talkpal\",\"description\":\"AI Language Learning\",\"publisher\":{\"@id\":\"https:\/\/talkpal.ai\/fr\/#organization\"},\"alternateName\":\"Talkpal AI\",\"potentialAction\":[{\"@type\":\"SearchAction\",\"target\":{\"@type\":\"EntryPoint\",\"urlTemplate\":\"https:\/\/talkpal.ai\/fr\/?s={search_term_string}\"},\"query-input\":{\"@type\":\"PropertyValueSpecification\",\"valueRequired\":true,\"valueName\":\"search_term_string\"}}],\"inLanguage\":\"fr-FR\"},{\"@type\":\"Organization\",\"@id\":\"https:\/\/talkpal.ai\/fr\/#organization\",\"name\":\"Talkpal, Inc.\",\"alternateName\":\"Talkpal AI\",\"url\":\"https:\/\/talkpal.ai\/fr\/\",\"logo\":{\"@type\":\"ImageObject\",\"inLanguage\":\"fr-FR\",\"@id\":\"https:\/\/talkpal.ai\/fr\/#\/schema\/logo\/image\/\",\"url\":\"https:\/\/talkpal.ai\/wp-content\/uploads\/2024\/03\/Talkpal-Logo-Icon.png\",\"contentUrl\":\"https:\/\/talkpal.ai\/wp-content\/uploads\/2024\/03\/Talkpal-Logo-Icon.png\",\"width\":2880,\"height\":2880,\"caption\":\"Talkpal, Inc.\"},\"image\":{\"@id\":\"https:\/\/talkpal.ai\/fr\/#\/schema\/logo\/image\/\"},\"sameAs\":[\"https:\/\/www.facebook.com\/profile.php?id=100090733639311\",\"https:\/\/x.com\/talkpalai\",\"https:\/\/www.linkedin.com\/company\/talkpal\/\",\"https:\/\/www.youtube.com\/@TalkPal\/\",\"https:\/\/www.tiktok.com\/@talkpal\",\"https:\/\/www.instagram.com\/talkpal_ai\/\",\"https:\/\/www.crunchbase.com\/organization\/talkpal-9cde\",\"https:\/\/www.g2.com\/products\/talkpal-for-business\/\",\"https:\/\/www.trustpilot.com\/review\/talkpal.ai\",\"https:\/\/www.capterra.com\/p\/10006800\/TalkPal\/\"],\"description\":\"Talkpal is a language learning web and mobile education app, powered by the latest AI technologies, that provides engaging experiences to its customers in many different languages to help them improve their language skills. Users can chat about unlimited amount of topics with the app and use other modes to practice their language learning.\",\"email\":\"support@talkpal.ai\",\"legalName\":\"Talkpal, Inc.\",\"foundingDate\":\"2023-04-03\",\"duns\":\"118989042\",\"numberOfEmployees\":{\"@type\":\"QuantitativeValue\",\"minValue\":\"11\",\"maxValue\":\"50\"},\"publishingPrinciples\":\"https:\/\/talkpal.ai\/publishing-principles\/\",\"actionableFeedbackPolicy\":\"https:\/\/talkpal.ai\/actionable-feedback-policy\/\",\"correctionsPolicy\":\"https:\/\/talkpal.ai\/corrections-policy\/\",\"ethicsPolicy\":\"https:\/\/talkpal.ai\/ethics-policy\/\",\"diversityPolicy\":\"https:\/\/talkpal.ai\/diversity-policy\/\",\"diversityStaffingReport\":\"https:\/\/talkpal.ai\/diversity-policy\/\"}]}<\/script>\n<!-- \/ Yoast SEO Premium plugin. -->","yoast_head_json":{"title":"Remise Talkpal pour les enseignants en formation - Talkpal","description":"B\u00e9n\u00e9ficiez d\u2019une r\u00e9duction exclusive de 79 % sur Talkpal Premium, con\u00e7ue sp\u00e9cifiquement pour les enseignants en formation afin d\u2019am\u00e9liorer ses comp\u00e9tences linguistiques.","robots":{"index":"index","follow":"follow","max-snippet":"max-snippet:-1","max-image-preview":"max-image-preview:large","max-video-preview":"max-video-preview:-1"},"canonical":"https:\/\/talkpal.ai\/fr\/remise-talkpal-pour-les-enseignants-en-formation\/","og_locale":"fr_FR","og_type":"article","og_title":"Remise Talkpal pour les enseignants en formation","og_url":"https:\/\/talkpal.ai\/fr\/remise-talkpal-pour-les-enseignants-en-formation\/","og_site_name":"Talkpal","article_publisher":"https:\/\/www.facebook.com\/profile.php?id=100090733639311","article_modified_time":"2026-02-04T11:43:49+00:00","og_image":[{"width":2880,"height":1620,"url":"https:\/\/talkpal.ai\/wp-content\/uploads\/2025\/02\/Progress-tab-16_9.png","type":"image\/png"}],"twitter_card":"summary_large_image","twitter_site":"@talkpalai","schema":{"@context":"https:\/\/schema.org","@graph":[{"@type":"WebPage","@id":"https:\/\/talkpal.ai\/fr\/remise-talkpal-pour-les-enseignants-en-formation\/","url":"https:\/\/talkpal.ai\/fr\/remise-talkpal-pour-les-enseignants-en-formation\/","name":"Remise Talkpal pour les enseignants en formation - Talkpal","isPartOf":{"@id":"https:\/\/talkpal.ai\/fr\/#website"},"datePublished":"2025-10-22T22:21:21+00:00","dateModified":"2026-02-04T11:43:49+00:00","description":"B\u00e9n\u00e9ficiez d\u2019une r\u00e9duction exclusive de 79 % sur Talkpal Premium, con\u00e7ue sp\u00e9cifiquement pour les enseignants en formation afin d\u2019am\u00e9liorer ses comp\u00e9tences linguistiques.","breadcrumb":{"@id":"https:\/\/talkpal.ai\/fr\/remise-talkpal-pour-les-enseignants-en-formation\/#breadcrumb"},"inLanguage":"fr-FR","potentialAction":[{"@type":"ReadAction","target":["https:\/\/talkpal.ai\/fr\/remise-talkpal-pour-les-enseignants-en-formation\/"]}]},{"@type":"BreadcrumbList","@id":"https:\/\/talkpal.ai\/fr\/remise-talkpal-pour-les-enseignants-en-formation\/#breadcrumb","itemListElement":[{"@type":"ListItem","position":1,"name":"Homepage","item":"https:\/\/talkpal.ai\/fr\/"},{"@type":"ListItem","position":2,"name":"Remise Talkpal pour les enseignants en formation"}]},{"@type":"WebSite","@id":"https:\/\/talkpal.ai\/fr\/#website","url":"https:\/\/talkpal.ai\/fr\/","name":"Talkpal","description":"AI Language Learning","publisher":{"@id":"https:\/\/talkpal.ai\/fr\/#organization"},"alternateName":"Talkpal AI","potentialAction":[{"@type":"SearchAction","target":{"@type":"EntryPoint","urlTemplate":"https:\/\/talkpal.ai\/fr\/?s={search_term_string}"},"query-input":{"@type":"PropertyValueSpecification","valueRequired":true,"valueName":"search_term_string"}}],"inLanguage":"fr-FR"},{"@type":"Organization","@id":"https:\/\/talkpal.ai\/fr\/#organization","name":"Talkpal, Inc.","alternateName":"Talkpal AI","url":"https:\/\/talkpal.ai\/fr\/","logo":{"@type":"ImageObject","inLanguage":"fr-FR","@id":"https:\/\/talkpal.ai\/fr\/#\/schema\/logo\/image\/","url":"https:\/\/talkpal.ai\/wp-content\/uploads\/2024\/03\/Talkpal-Logo-Icon.png","contentUrl":"https:\/\/talkpal.ai\/wp-content\/uploads\/2024\/03\/Talkpal-Logo-Icon.png","width":2880,"height":2880,"caption":"Talkpal, Inc."},"image":{"@id":"https:\/\/talkpal.ai\/fr\/#\/schema\/logo\/image\/"},"sameAs":["https:\/\/www.facebook.com\/profile.php?id=100090733639311","https:\/\/x.com\/talkpalai","https:\/\/www.linkedin.com\/company\/talkpal\/","https:\/\/www.youtube.com\/@TalkPal\/","https:\/\/www.tiktok.com\/@talkpal","https:\/\/www.instagram.com\/talkpal_ai\/","https:\/\/www.crunchbase.com\/organization\/talkpal-9cde","https:\/\/www.g2.com\/products\/talkpal-for-business\/","https:\/\/www.trustpilot.com\/review\/talkpal.ai","https:\/\/www.capterra.com\/p\/10006800\/TalkPal\/"],"description":"Talkpal is a language learning web and mobile education app, powered by the latest AI technologies, that provides engaging experiences to its customers in many different languages to help them improve their language skills. Users can chat about unlimited amount of topics with the app and use other modes to practice their language learning.","email":"support@talkpal.ai","legalName":"Talkpal, Inc.","foundingDate":"2023-04-03","duns":"118989042","numberOfEmployees":{"@type":"QuantitativeValue","minValue":"11","maxValue":"50"},"publishingPrinciples":"https:\/\/talkpal.ai\/publishing-principles\/","actionableFeedbackPolicy":"https:\/\/talkpal.ai\/actionable-feedback-policy\/","correctionsPolicy":"https:\/\/talkpal.ai\/corrections-policy\/","ethicsPolicy":"https:\/\/talkpal.ai\/ethics-policy\/","diversityPolicy":"https:\/\/talkpal.ai\/diversity-policy\/","diversityStaffingReport":"https:\/\/talkpal.ai\/diversity-policy\/"}]}},"_links":{"self":[{"href":"https:\/\/talkpal.ai\/fr\/wp-json\/wp\/v2\/pages\/1461750","targetHints":{"allow":["GET"]}}],"collection":[{"href":"https:\/\/talkpal.ai\/fr\/wp-json\/wp\/v2\/pages"}],"about":[{"href":"https:\/\/talkpal.ai\/fr\/wp-json\/wp\/v2\/types\/page"}],"author":[{"embeddable":true,"href":"https:\/\/talkpal.ai\/fr\/wp-json\/wp\/v2\/users\/20"}],"replies":[{"embeddable":true,"href":"https:\/\/talkpal.ai\/fr\/wp-json\/wp\/v2\/comments?post=1461750"}],"version-history":[{"count":0,"href":"https:\/\/talkpal.ai\/fr\/wp-json\/wp\/v2\/pages\/1461750\/revisions"}],"wp:attachment":[{"href":"https:\/\/talkpal.ai\/fr\/wp-json\/wp\/v2\/media?parent=1461750"}],"curies":[{"name":"wp","href":"https:\/\/api.w.org\/{rel}","templated":true}]}}