{"id":1461567,"date":"2025-10-22T22:26:33","date_gmt":"2025-10-22T22:26:33","guid":{"rendered":"https:\/\/talkpal.ai\/reduction-talkpal-pour-le-personnel-de-luniversite\/"},"modified":"2026-02-04T12:35:50","modified_gmt":"2026-02-04T12:35:50","slug":"reduction-talkpal-pour-le-personnel-de-luniversite","status":"publish","type":"page","link":"https:\/\/talkpal.ai\/fr\/reduction-talkpal-pour-le-personnel-de-luniversite\/","title":{"rendered":"R\u00e9duction Talkpal pour le personnel de l\u2019universit\u00e9"},"content":{"rendered":"<section class=\"languageChallengeSection\">\r\n    <div class=\"languageInfoWrapper\">\r\n        \r\n        <h1>R\u00e9duction Talkpal pour le personnel de l\u2019universit\u00e9<\/h1>\r\n        <p>\u00cates-vous un membre du personnel universitaire qui cherche \u00e0 am\u00e9liorer vos comp\u00e9tences linguistiques&nbsp;? Talkpal propose une r\u00e9duction exclusive de 79 % pour le personnel universitaire afin de vous aider \u00e0 communiquer de mani\u00e8re plus confiante et efficace. D\u00e9bloquez toutes les fonctionnalit\u00e9s premium, pratiquez des sc\u00e9narios r\u00e9els sur le campus et le lieu de travail avec l\u2019IA, et d\u00e9veloppez la ma\u00eetrise de l\u2019exp\u00e9rience \u00e0 moiti\u00e9 prix.<\/p>\r\n\r\n                    <a class=\"getStartedHidden\" href=\"https:\/\/app.talkpal.ai\/signup?discount=50\">\r\n                Obtenir une r\u00e9duction            <\/a>\r\n            <\/div>\r\n\r\n            <figure>\r\n            <img decoding=\"async\" class=\"no-lazy\" src=\"https:\/\/talkpal.ai\/wp-content\/uploads\/2026\/01\/group-with-phone-in-circle.webp\" alt=\"\" fetchpriority=\"high\" \/>\r\n        <\/figure>\r\n        \r\n                    <a class=\"getStartedVisible\" href=\"https:\/\/app.talkpal.ai\/signup?discount=50\">\r\n                Obtenir une r\u00e9duction            <\/a>\r\n        <\/section><section class=\"featureSection\">\r\n    <div class=\"featureIntroduce\">\r\n        <a class=\"introduceLink\" href=\"https:\/\/app.talkpal.ai\/fr\/signup?lng=\">\r\n            <img decoding=\"async\" src=\"https:\/\/talkpal.ai\/wp-content\/themes\/talkpal\/assets\/img\/Sparkle.svg\" alt=\"\" \/>Les plus avanc\u00e9s\n  IA<\/a>\r\n        <h3 class=\"featureTitle\">La diff\u00e9rence talkpal<\/h3>\r\n    <\/div>\r\n            <div class=\"introduceWrapper\">\r\n                            <a class=\"introducCard\" href=\"https:\/\/app.talkpal.ai\/fr\/signup?lng=\">\r\n\r\n                    \r\n                                                <img decoding=\"async\" src=\"https:\/\/talkpal.ai\/wp-content\/uploads\/2025\/05\/Immersive_conversations.png\" alt=\"Immersive Conversation Screenshot\" \/>\r\n                        <h4 class=\"introduceTitle\">L&#039;\u00e9ducation personnalis\u00e9e<\/h4>\r\n                        <p class=\"cardText\">Chaque professionnel apprend diff\u00e9remment, tout comme le chemin vers la ma\u00eetrise d\u2019une nouvelle langue. Chez Talkpal, nous utilisons l\u2019IA avanc\u00e9e pour analyser les mod\u00e8les d\u2019apprentissage de millions d\u2019utilisateurs, cr\u00e9ant ainsi des exp\u00e9riences personnalis\u00e9es, efficaces et attrayantes adapt\u00e9es au personnel de l\u2019enseignement sup\u00e9rieur.<\/p>\r\n                    \r\n                <\/a>\r\n                            <a class=\"introducCard\" href=\"https:\/\/app.talkpal.ai\/fr\/signup?lng=\">\r\n\r\n                    \r\n                                                <img decoding=\"async\" src=\"https:\/\/talkpal.ai\/wp-content\/uploads\/2025\/05\/Realtime_feedback.png\" alt=\"Feedback Screenshot\" \/>\r\n                        <h4 class=\"introduceTitle\">Une technologie de pointe<\/h4>\r\n                        <p class=\"cardText\">Notre mission est de rendre l\u2019apprentissage personnalis\u00e9 des langues accessible aux professeurs et au personnel des universit\u00e9s en combinant une IA de pointe avec des m\u00e9thodes d\u2019enseignement \u00e9prouv\u00e9es. Avec Talkpal, vous ne vous contentez pas de prendre des cours, vous suivez un parcours sur mesure qui s\u2019adapte \u00e0 votre rythme, \u00e0 votre emploi du temps et \u00e0 vos objectifs professionnels.<\/p>\r\n                    \r\n                <\/a>\r\n                            <a class=\"introducCard\" href=\"https:\/\/app.talkpal.ai\/fr\/signup?lng=\">\r\n\r\n                    \r\n                                                <img decoding=\"async\" src=\"https:\/\/talkpal.ai\/wp-content\/uploads\/2025\/05\/Personalization.png\" alt=\"Personalization Screenshot\" \/>\r\n                        <h4 class=\"introduceTitle\">Apprendre en s&#039;amusant<\/h4>\r\n                        <p class=\"cardText\">Nous pensons que l\u2019apprentissage des langues doit \u00eatre motivant et agr\u00e9able. C\u2019est pourquoi Talkpal est con\u00e7u pour maintenir l\u2019engagement et l\u2019inspiration du personnel universitaire, en transformant la pratique en une pause gratifiante plut\u00f4t qu\u2019en une autre corv\u00e9e. Rejoignez des coll\u00e8gues d\u2019institutions du monde entier et commencez \u00e0 ma\u00eetriser votre prochaine langue avec Talkpal.<\/p>\r\n                    \r\n                <\/a>\r\n                            <\/div>\r\n                     <a class=\"featureSectionLink\" href=\"https:\/\/app.talkpal.ai\/signup?discount=50\">\r\n                Obtenir une r\u00e9duction            <\/a>\r\n                \r\n<\/section>\r\n\r\n\r\n<section class=\"smartFunSection\">\r\n            \r\n            <div class=\"smartFunCard\">\r\n                <div class=\"smartFunWrapper\"><img decoding=\"async\" src=\"https:\/\/talkpal.ai\/wp-content\/uploads\/2025\/05\/1.png\" alt=\"Learning Stats Screenshot\"><\/div>\r\n                <h3>Sur mesure pour vous<\/h3>\r\n                <p>Talkpal utilise une technologie bas\u00e9e sur l\u2019IA pour proposer des sessions calibr\u00e9es en fonction de votre niveau et de votre rythme. Chaque le\u00e7on est con\u00e7ue pour r\u00e9pondre \u00e0 vos besoins individuels et vous aider \u00e0 faire des progr\u00e8s r\u00e9guliers et mesurables dans les comp\u00e9tences sur lesquelles vous comptez sur le campus et au-del\u00e0.<\/p>\r\n            <\/div>\r\n\r\n        \r\n            <div class=\"smartFunCard\">\r\n                <div class=\"smartFunWrapper\"><img decoding=\"async\" src=\"https:\/\/talkpal.ai\/wp-content\/uploads\/2025\/05\/2.png\" alt=\"Pronunciation Score Screenshot\"><\/div>\r\n                <h3>Efficace et efficient<\/h3>\r\n                <p>Renforcez efficacement votre lecture, votre \u00e9coute, votre expression orale et votre \u00e9criture avec Talkpal. Nos outils novateurs rendent le d\u00e9veloppement linguistique efficace et agr\u00e9able pour le personnel universitaire de tous les d\u00e9partements, des services aux \u00e9tudiants \u00e0 la recherche et \u00e0 l\u2019administration.<\/p>\r\n            <\/div>\r\n\r\n        \r\n            <div class=\"smartFunCard\">\r\n                <div class=\"smartFunWrapper\"><img decoding=\"async\" src=\"https:\/\/talkpal.ai\/wp-content\/uploads\/2025\/05\/3.png\" alt=\"Chat Topics Screenshot\"><\/div>\r\n                <h3>Maintenir l&#039;engagement<\/h3>\r\n                <p>La plateforme combine des \u00e9l\u00e9ments gamifi\u00e9s, des d\u00e9fis engageants et des incitations \u00e0 la r\u00e9flexion pour garder le personnel motiv\u00e9 et coh\u00e9rent. Avec Talkpal, la pratique de la langue devient une habitude quotidienne entre les cours, les r\u00e9unions et les \u00e9ch\u00e9ances, et non une autre t\u00e2che sur votre liste de t\u00e2ches.<\/p>\r\n            <\/div>\r\n\r\n        \r\n            <div class=\"smartFunCard\">\r\n                <div class=\"smartFunWrapper\"><img decoding=\"async\" src=\"https:\/\/talkpal.ai\/wp-content\/uploads\/2025\/05\/4.png\" alt=\"Dashboard Screenshot\"><\/div>\r\n                <h3>Prendre plaisir \u00e0 apprendre<\/h3>\r\n                <p>Ma\u00eetriser une nouvelle langue ne doit pas \u00eatre fastidieux. Talkpal propose des exercices interactifs, des sc\u00e9narios anim\u00e9s et des conversations l\u00e9g\u00e8res avec l\u2019IA qui font de l\u2019apprentissage une partie agr\u00e9able et \u00e9nergisante de la journ\u00e9e de chaque membre du personnel universitaire.<\/p>\r\n            <\/div>\r\n\r\n            \r\n<\/section>\r\n\r\n<section class=\"promotionalBanner\">\r\n    <p class=\"promotionalText\">Talkpal pour le personnel universitaire &#8211; Commencez \u00e0 apprendre avec un prix r\u00e9duit<\/p>\r\n                <a class=\"promotionalLink\" href=\"https:\/\/app.talkpal.ai\/signup?discount=50\">\r\n                Obtenir une r\u00e9duction            <\/a>\r\n            \r\n<\/section>","protected":false},"excerpt":{"rendered":"","protected":false},"author":20,"featured_media":0,"parent":0,"menu_order":0,"comment_status":"closed","ping_status":"closed","template":"LearningContentPage.php","meta":{"_acf_changed":false,"footnotes":""},"class_list":["post-1461567","page","type-page","status-publish","hentry"],"acf":[],"yoast_head":"<!-- This site is optimized with the Yoast SEO Premium plugin v27.2 (Yoast SEO v27.2) - https:\/\/yoast.com\/product\/yoast-seo-premium-wordpress\/ -->\n<title>R\u00e9duction Talkpal pour le personnel de l\u2019universit\u00e9 - Talkpal<\/title>\n<meta name=\"description\" content=\"Le personnel universitaire b\u00e9n\u00e9ficie d\u2019une r\u00e9duction de 79 % sur Talkpal pour ma\u00eetriser les langues gr\u00e2ce \u00e0 nos outils avanc\u00e9s d\u2019apprentissage par IA.\" \/>\n<meta name=\"robots\" content=\"index, follow, max-snippet:-1, max-image-preview:large, max-video-preview:-1\" \/>\n<link rel=\"canonical\" href=\"https:\/\/talkpal.ai\/fr\/reduction-talkpal-pour-le-personnel-de-luniversite\/\" \/>\n<meta property=\"og:locale\" content=\"fr_FR\" \/>\n<meta property=\"og:type\" content=\"article\" \/>\n<meta property=\"og:title\" content=\"R\u00e9duction Talkpal pour le personnel de l\u2019universit\u00e9\" \/>\n<meta property=\"og:url\" content=\"https:\/\/talkpal.ai\/fr\/reduction-talkpal-pour-le-personnel-de-luniversite\/\" \/>\n<meta property=\"og:site_name\" content=\"Talkpal\" \/>\n<meta property=\"article:publisher\" content=\"https:\/\/www.facebook.com\/profile.php?id=100090733639311\" \/>\n<meta property=\"article:modified_time\" content=\"2026-02-04T12:35:50+00:00\" \/>\n<meta property=\"og:image\" content=\"https:\/\/talkpal.ai\/wp-content\/uploads\/2025\/02\/Progress-tab-16_9.png\" \/>\n\t<meta property=\"og:image:width\" content=\"2880\" \/>\n\t<meta property=\"og:image:height\" content=\"1620\" \/>\n\t<meta property=\"og:image:type\" content=\"image\/png\" \/>\n<meta name=\"twitter:card\" content=\"summary_large_image\" \/>\n<meta name=\"twitter:site\" content=\"@talkpalai\" \/>\n<script type=\"application\/ld+json\" class=\"yoast-schema-graph\">{\"@context\":\"https:\/\/schema.org\",\"@graph\":[{\"@type\":\"WebPage\",\"@id\":\"https:\/\/talkpal.ai\/fr\/reduction-talkpal-pour-le-personnel-de-luniversite\/\",\"url\":\"https:\/\/talkpal.ai\/fr\/reduction-talkpal-pour-le-personnel-de-luniversite\/\",\"name\":\"R\u00e9duction Talkpal pour le personnel de l\u2019universit\u00e9 - Talkpal\",\"isPartOf\":{\"@id\":\"https:\/\/talkpal.ai\/fr\/#website\"},\"datePublished\":\"2025-10-22T22:26:33+00:00\",\"dateModified\":\"2026-02-04T12:35:50+00:00\",\"description\":\"Le personnel universitaire b\u00e9n\u00e9ficie d\u2019une r\u00e9duction de 79 % sur Talkpal pour ma\u00eetriser les langues gr\u00e2ce \u00e0 nos outils avanc\u00e9s d\u2019apprentissage par IA.\",\"breadcrumb\":{\"@id\":\"https:\/\/talkpal.ai\/fr\/reduction-talkpal-pour-le-personnel-de-luniversite\/#breadcrumb\"},\"inLanguage\":\"fr-FR\",\"potentialAction\":[{\"@type\":\"ReadAction\",\"target\":[\"https:\/\/talkpal.ai\/fr\/reduction-talkpal-pour-le-personnel-de-luniversite\/\"]}]},{\"@type\":\"BreadcrumbList\",\"@id\":\"https:\/\/talkpal.ai\/fr\/reduction-talkpal-pour-le-personnel-de-luniversite\/#breadcrumb\",\"itemListElement\":[{\"@type\":\"ListItem\",\"position\":1,\"name\":\"Homepage\",\"item\":\"https:\/\/talkpal.ai\/fr\/\"},{\"@type\":\"ListItem\",\"position\":2,\"name\":\"R\u00e9duction Talkpal pour le personnel de l\u2019universit\u00e9\"}]},{\"@type\":\"WebSite\",\"@id\":\"https:\/\/talkpal.ai\/fr\/#website\",\"url\":\"https:\/\/talkpal.ai\/fr\/\",\"name\":\"Talkpal\",\"description\":\"AI Language Learning\",\"publisher\":{\"@id\":\"https:\/\/talkpal.ai\/fr\/#organization\"},\"alternateName\":\"Talkpal AI\",\"potentialAction\":[{\"@type\":\"SearchAction\",\"target\":{\"@type\":\"EntryPoint\",\"urlTemplate\":\"https:\/\/talkpal.ai\/fr\/?s={search_term_string}\"},\"query-input\":{\"@type\":\"PropertyValueSpecification\",\"valueRequired\":true,\"valueName\":\"search_term_string\"}}],\"inLanguage\":\"fr-FR\"},{\"@type\":\"Organization\",\"@id\":\"https:\/\/talkpal.ai\/fr\/#organization\",\"name\":\"Talkpal, Inc.\",\"alternateName\":\"Talkpal AI\",\"url\":\"https:\/\/talkpal.ai\/fr\/\",\"logo\":{\"@type\":\"ImageObject\",\"inLanguage\":\"fr-FR\",\"@id\":\"https:\/\/talkpal.ai\/fr\/#\/schema\/logo\/image\/\",\"url\":\"https:\/\/talkpal.ai\/wp-content\/uploads\/2024\/03\/Talkpal-Logo-Icon.png\",\"contentUrl\":\"https:\/\/talkpal.ai\/wp-content\/uploads\/2024\/03\/Talkpal-Logo-Icon.png\",\"width\":2880,\"height\":2880,\"caption\":\"Talkpal, Inc.\"},\"image\":{\"@id\":\"https:\/\/talkpal.ai\/fr\/#\/schema\/logo\/image\/\"},\"sameAs\":[\"https:\/\/www.facebook.com\/profile.php?id=100090733639311\",\"https:\/\/x.com\/talkpalai\",\"https:\/\/www.linkedin.com\/company\/talkpal\/\",\"https:\/\/www.youtube.com\/@TalkPal\/\",\"https:\/\/www.tiktok.com\/@talkpal\",\"https:\/\/www.instagram.com\/talkpal_ai\/\",\"https:\/\/www.crunchbase.com\/organization\/talkpal-9cde\",\"https:\/\/www.g2.com\/products\/talkpal-for-business\/\",\"https:\/\/www.trustpilot.com\/review\/talkpal.ai\",\"https:\/\/www.capterra.com\/p\/10006800\/TalkPal\/\"],\"description\":\"Talkpal is a language learning web and mobile education app, powered by the latest AI technologies, that provides engaging experiences to its customers in many different languages to help them improve their language skills. Users can chat about unlimited amount of topics with the app and use other modes to practice their language learning.\",\"email\":\"support@talkpal.ai\",\"legalName\":\"Talkpal, Inc.\",\"foundingDate\":\"2023-04-03\",\"duns\":\"118989042\",\"numberOfEmployees\":{\"@type\":\"QuantitativeValue\",\"minValue\":\"11\",\"maxValue\":\"50\"},\"publishingPrinciples\":\"https:\/\/talkpal.ai\/publishing-principles\/\",\"actionableFeedbackPolicy\":\"https:\/\/talkpal.ai\/actionable-feedback-policy\/\",\"correctionsPolicy\":\"https:\/\/talkpal.ai\/corrections-policy\/\",\"ethicsPolicy\":\"https:\/\/talkpal.ai\/ethics-policy\/\",\"diversityPolicy\":\"https:\/\/talkpal.ai\/diversity-policy\/\",\"diversityStaffingReport\":\"https:\/\/talkpal.ai\/diversity-policy\/\"}]}<\/script>\n<!-- \/ Yoast SEO Premium plugin. -->","yoast_head_json":{"title":"R\u00e9duction Talkpal pour le personnel de l\u2019universit\u00e9 - Talkpal","description":"Le personnel universitaire b\u00e9n\u00e9ficie d\u2019une r\u00e9duction de 79 % sur Talkpal pour ma\u00eetriser les langues gr\u00e2ce \u00e0 nos outils avanc\u00e9s d\u2019apprentissage par IA.","robots":{"index":"index","follow":"follow","max-snippet":"max-snippet:-1","max-image-preview":"max-image-preview:large","max-video-preview":"max-video-preview:-1"},"canonical":"https:\/\/talkpal.ai\/fr\/reduction-talkpal-pour-le-personnel-de-luniversite\/","og_locale":"fr_FR","og_type":"article","og_title":"R\u00e9duction Talkpal pour le personnel de l\u2019universit\u00e9","og_url":"https:\/\/talkpal.ai\/fr\/reduction-talkpal-pour-le-personnel-de-luniversite\/","og_site_name":"Talkpal","article_publisher":"https:\/\/www.facebook.com\/profile.php?id=100090733639311","article_modified_time":"2026-02-04T12:35:50+00:00","og_image":[{"width":2880,"height":1620,"url":"https:\/\/talkpal.ai\/wp-content\/uploads\/2025\/02\/Progress-tab-16_9.png","type":"image\/png"}],"twitter_card":"summary_large_image","twitter_site":"@talkpalai","schema":{"@context":"https:\/\/schema.org","@graph":[{"@type":"WebPage","@id":"https:\/\/talkpal.ai\/fr\/reduction-talkpal-pour-le-personnel-de-luniversite\/","url":"https:\/\/talkpal.ai\/fr\/reduction-talkpal-pour-le-personnel-de-luniversite\/","name":"R\u00e9duction Talkpal pour le personnel de l\u2019universit\u00e9 - Talkpal","isPartOf":{"@id":"https:\/\/talkpal.ai\/fr\/#website"},"datePublished":"2025-10-22T22:26:33+00:00","dateModified":"2026-02-04T12:35:50+00:00","description":"Le personnel universitaire b\u00e9n\u00e9ficie d\u2019une r\u00e9duction de 79 % sur Talkpal pour ma\u00eetriser les langues gr\u00e2ce \u00e0 nos outils avanc\u00e9s d\u2019apprentissage par IA.","breadcrumb":{"@id":"https:\/\/talkpal.ai\/fr\/reduction-talkpal-pour-le-personnel-de-luniversite\/#breadcrumb"},"inLanguage":"fr-FR","potentialAction":[{"@type":"ReadAction","target":["https:\/\/talkpal.ai\/fr\/reduction-talkpal-pour-le-personnel-de-luniversite\/"]}]},{"@type":"BreadcrumbList","@id":"https:\/\/talkpal.ai\/fr\/reduction-talkpal-pour-le-personnel-de-luniversite\/#breadcrumb","itemListElement":[{"@type":"ListItem","position":1,"name":"Homepage","item":"https:\/\/talkpal.ai\/fr\/"},{"@type":"ListItem","position":2,"name":"R\u00e9duction Talkpal pour le personnel de l\u2019universit\u00e9"}]},{"@type":"WebSite","@id":"https:\/\/talkpal.ai\/fr\/#website","url":"https:\/\/talkpal.ai\/fr\/","name":"Talkpal","description":"AI Language Learning","publisher":{"@id":"https:\/\/talkpal.ai\/fr\/#organization"},"alternateName":"Talkpal AI","potentialAction":[{"@type":"SearchAction","target":{"@type":"EntryPoint","urlTemplate":"https:\/\/talkpal.ai\/fr\/?s={search_term_string}"},"query-input":{"@type":"PropertyValueSpecification","valueRequired":true,"valueName":"search_term_string"}}],"inLanguage":"fr-FR"},{"@type":"Organization","@id":"https:\/\/talkpal.ai\/fr\/#organization","name":"Talkpal, Inc.","alternateName":"Talkpal AI","url":"https:\/\/talkpal.ai\/fr\/","logo":{"@type":"ImageObject","inLanguage":"fr-FR","@id":"https:\/\/talkpal.ai\/fr\/#\/schema\/logo\/image\/","url":"https:\/\/talkpal.ai\/wp-content\/uploads\/2024\/03\/Talkpal-Logo-Icon.png","contentUrl":"https:\/\/talkpal.ai\/wp-content\/uploads\/2024\/03\/Talkpal-Logo-Icon.png","width":2880,"height":2880,"caption":"Talkpal, Inc."},"image":{"@id":"https:\/\/talkpal.ai\/fr\/#\/schema\/logo\/image\/"},"sameAs":["https:\/\/www.facebook.com\/profile.php?id=100090733639311","https:\/\/x.com\/talkpalai","https:\/\/www.linkedin.com\/company\/talkpal\/","https:\/\/www.youtube.com\/@TalkPal\/","https:\/\/www.tiktok.com\/@talkpal","https:\/\/www.instagram.com\/talkpal_ai\/","https:\/\/www.crunchbase.com\/organization\/talkpal-9cde","https:\/\/www.g2.com\/products\/talkpal-for-business\/","https:\/\/www.trustpilot.com\/review\/talkpal.ai","https:\/\/www.capterra.com\/p\/10006800\/TalkPal\/"],"description":"Talkpal is a language learning web and mobile education app, powered by the latest AI technologies, that provides engaging experiences to its customers in many different languages to help them improve their language skills. Users can chat about unlimited amount of topics with the app and use other modes to practice their language learning.","email":"support@talkpal.ai","legalName":"Talkpal, Inc.","foundingDate":"2023-04-03","duns":"118989042","numberOfEmployees":{"@type":"QuantitativeValue","minValue":"11","maxValue":"50"},"publishingPrinciples":"https:\/\/talkpal.ai\/publishing-principles\/","actionableFeedbackPolicy":"https:\/\/talkpal.ai\/actionable-feedback-policy\/","correctionsPolicy":"https:\/\/talkpal.ai\/corrections-policy\/","ethicsPolicy":"https:\/\/talkpal.ai\/ethics-policy\/","diversityPolicy":"https:\/\/talkpal.ai\/diversity-policy\/","diversityStaffingReport":"https:\/\/talkpal.ai\/diversity-policy\/"}]}},"_links":{"self":[{"href":"https:\/\/talkpal.ai\/fr\/wp-json\/wp\/v2\/pages\/1461567","targetHints":{"allow":["GET"]}}],"collection":[{"href":"https:\/\/talkpal.ai\/fr\/wp-json\/wp\/v2\/pages"}],"about":[{"href":"https:\/\/talkpal.ai\/fr\/wp-json\/wp\/v2\/types\/page"}],"author":[{"embeddable":true,"href":"https:\/\/talkpal.ai\/fr\/wp-json\/wp\/v2\/users\/20"}],"replies":[{"embeddable":true,"href":"https:\/\/talkpal.ai\/fr\/wp-json\/wp\/v2\/comments?post=1461567"}],"version-history":[{"count":0,"href":"https:\/\/talkpal.ai\/fr\/wp-json\/wp\/v2\/pages\/1461567\/revisions"}],"wp:attachment":[{"href":"https:\/\/talkpal.ai\/fr\/wp-json\/wp\/v2\/media?parent=1461567"}],"curies":[{"name":"wp","href":"https:\/\/api.w.org\/{rel}","templated":true}]}}