{"id":994851,"date":"2023-12-20T15:42:12","date_gmt":"2023-12-20T15:42:12","guid":{"rendered":"https:\/\/talkpal.ai\/ohjeet-kuponkikoodin-lisaamiseksi-stripe-checkoutissa\/"},"modified":"2025-06-19T18:07:11","modified_gmt":"2025-06-19T18:07:11","slug":"ohjeet-kuponkikoodin-lisaamiseksi-stripe-checkoutissa","status":"publish","type":"page","link":"https:\/\/talkpal.ai\/fi\/ohjeet-kuponkikoodin-lisaamiseksi-stripe-checkoutissa\/","title":{"rendered":"Ohjeet kuponkikoodin lis\u00e4\u00e4miseksi Stripe Checkoutissa"},"content":{"rendered":"\n<p>Lis\u00e4\u00e4 kuponkikoodi ja saat alennuksen.<\/p>\n\n<h2 class=\"wp-block-heading\" id=\"h-follow-the-steps\">Seuraa vaiheita<\/h2>\n\n<h3 class=\"wp-block-heading\" id=\"h-step-1\">Vaihe 1:<\/h3>\n\n<p>Valitse ensisijainen suunnitelma.<\/p>\n\n<figure class=\"wp-block-image\"><img decoding=\"async\" src=\"https:\/\/talkpal.ai\/wp-content\/uploads\/2024\/12\/Choos-plan-screen-768x389.png\" alt=\"\"\/><\/figure>\n\n<h3 class=\"wp-block-heading\" id=\"h-step-2\">Vaihe 2:<\/h3>\n\n<p>Valitse vaihtoehto maksaa kortilla ja paina k\u00e4ynnistyspainiketta.<\/p>\n\n<figure class=\"wp-block-image\"><img decoding=\"async\" src=\"https:\/\/talkpal.ai\/wp-content\/uploads\/2024\/12\/Payment-method-screen-768x389.png\" alt=\"\"\/><\/figure>\n\n<h3 class=\"wp-block-heading\" id=\"h-step-3\">Vaihe 3:<\/h3>\n\n<p>Sinut ohjataan Stripen kassasivulle.<\/p>\n\n<h3 class=\"wp-block-heading\" id=\"h-step-4\">Vaihe 4:<\/h3>\n\n<p>Paina \u201dLis\u00e4\u00e4 kampanjakoodi\u201d ja kirjoita koodi, esimerkiksi: <strong>JOIN25<\/strong> ja paina \u201dK\u00e4yt\u00e4\u201d.<\/p>\n\n<figure class=\"wp-block-image\"><img decoding=\"async\" src=\"https:\/\/talkpal.ai\/wp-content\/uploads\/2024\/05\/Talkpal-Stripe-instructions-1024x593.png\" alt=\"\"\/><\/figure>\n\n<h3 class=\"wp-block-heading\" id=\"h-step-5\">Vaihe 5:<\/h3>\n\n<p>T\u00e4yt\u00e4 korttitietosi ja aloita Premium-tilisi tutkiminen.<\/p>\n\n<p><\/p>\n","protected":false},"excerpt":{"rendered":"<p>Lis\u00e4\u00e4 kuponkikoodi ja saat alennuksen. Seuraa vaiheita Vaihe 1: Valitse ensisijainen suunnitelma. Vaihe 2: Valitse vaihtoehto maksaa kortilla ja paina k\u00e4ynnistyspainiketta. Vaihe 3: Sinut ohjataan Stripen kassasivulle. Vaihe 4: Paina \u201dLis\u00e4\u00e4 kampanjakoodi\u201d ja kirjoita koodi, esimerkiksi: JOIN25 ja paina \u201dK\u00e4yt\u00e4\u201d. Vaihe 5: T\u00e4yt\u00e4 korttitietosi ja aloita Premium-tilisi tutkiminen.<\/p>\n","protected":false},"author":6,"featured_media":197953,"parent":0,"menu_order":0,"comment_status":"closed","ping_status":"closed","template":"","meta":{"_acf_changed":false,"footnotes":""},"class_list":["post-994851","page","type-page","status-publish","has-post-thumbnail","hentry"],"acf":[],"yoast_head":"<!-- This site is optimized with the Yoast SEO Premium plugin v27.2 (Yoast SEO v27.2) - https:\/\/yoast.com\/product\/yoast-seo-premium-wordpress\/ -->\n<title>Ohjeet kuponkikoodin lis\u00e4\u00e4miseksi Stripe Checkoutissa - Talkpal<\/title>\n<meta name=\"description\" content=\"Opi, miten voit helposti lis\u00e4t\u00e4 kuponkikoodeja Stripe Checkoutiin. Seuraa yksinkertaisia vaiheita asiakkaan kassakokemuksen parantamiseksi.\" \/>\n<meta name=\"robots\" content=\"index, follow, max-snippet:-1, max-image-preview:large, max-video-preview:-1\" \/>\n<link rel=\"canonical\" href=\"https:\/\/talkpal.ai\/fi\/ohjeet-kuponkikoodin-lisaamiseksi-stripe-checkoutissa\/\" \/>\n<meta property=\"og:locale\" content=\"fi_FI\" \/>\n<meta property=\"og:type\" content=\"article\" \/>\n<meta property=\"og:title\" content=\"Ohjeet kuponkikoodin lis\u00e4\u00e4miseksi Stripe Checkoutissa\" \/>\n<meta property=\"og:description\" content=\"Lis\u00e4\u00e4 kuponkikoodi ja saat alennuksen. Seuraa vaiheita Vaihe 1: Valitse ensisijainen suunnitelma. Vaihe 2: Valitse vaihtoehto maksaa kortilla ja paina\" \/>\n<meta property=\"og:url\" content=\"https:\/\/talkpal.ai\/fi\/ohjeet-kuponkikoodin-lisaamiseksi-stripe-checkoutissa\/\" \/>\n<meta property=\"og:site_name\" content=\"Talkpal\" \/>\n<meta property=\"article:publisher\" content=\"https:\/\/www.facebook.com\/profile.php?id=100090733639311\" \/>\n<meta property=\"article:modified_time\" content=\"2025-06-19T18:07:11+00:00\" \/>\n<meta property=\"og:image\" content=\"https:\/\/talkpal.ai\/wp-content\/uploads\/2024\/03\/Talkpal-Logo-Icon.png\" \/>\n\t<meta property=\"og:image:width\" content=\"5000\" \/>\n\t<meta property=\"og:image:height\" content=\"5000\" \/>\n\t<meta property=\"og:image:type\" content=\"image\/png\" \/>\n<meta name=\"twitter:card\" content=\"summary_large_image\" \/>\n<meta name=\"twitter:site\" content=\"@talkpalai\" \/>\n<script type=\"application\/ld+json\" class=\"yoast-schema-graph\">{\"@context\":\"https:\/\/schema.org\",\"@graph\":[{\"@type\":\"WebPage\",\"@id\":\"https:\/\/talkpal.ai\/fi\/ohjeet-kuponkikoodin-lisaamiseksi-stripe-checkoutissa\/\",\"url\":\"https:\/\/talkpal.ai\/fi\/ohjeet-kuponkikoodin-lisaamiseksi-stripe-checkoutissa\/\",\"name\":\"Ohjeet kuponkikoodin lis\u00e4\u00e4miseksi Stripe Checkoutissa - Talkpal\",\"isPartOf\":{\"@id\":\"https:\/\/talkpal.ai\/fi\/#website\"},\"primaryImageOfPage\":{\"@id\":\"https:\/\/talkpal.ai\/fi\/ohjeet-kuponkikoodin-lisaamiseksi-stripe-checkoutissa\/#primaryimage\"},\"image\":{\"@id\":\"https:\/\/talkpal.ai\/fi\/ohjeet-kuponkikoodin-lisaamiseksi-stripe-checkoutissa\/#primaryimage\"},\"thumbnailUrl\":\"https:\/\/talkpal.ai\/wp-content\/uploads\/2024\/03\/Talkpal-Logo-Icon.png\",\"datePublished\":\"2023-12-20T15:42:12+00:00\",\"dateModified\":\"2025-06-19T18:07:11+00:00\",\"description\":\"Opi, miten voit helposti lis\u00e4t\u00e4 kuponkikoodeja Stripe Checkoutiin. Seuraa yksinkertaisia vaiheita asiakkaan kassakokemuksen parantamiseksi.\",\"breadcrumb\":{\"@id\":\"https:\/\/talkpal.ai\/fi\/ohjeet-kuponkikoodin-lisaamiseksi-stripe-checkoutissa\/#breadcrumb\"},\"inLanguage\":\"fi\",\"potentialAction\":[{\"@type\":\"ReadAction\",\"target\":[\"https:\/\/talkpal.ai\/fi\/ohjeet-kuponkikoodin-lisaamiseksi-stripe-checkoutissa\/\"]}]},{\"@type\":\"ImageObject\",\"inLanguage\":\"fi\",\"@id\":\"https:\/\/talkpal.ai\/fi\/ohjeet-kuponkikoodin-lisaamiseksi-stripe-checkoutissa\/#primaryimage\",\"url\":\"https:\/\/talkpal.ai\/wp-content\/uploads\/2024\/03\/Talkpal-Logo-Icon.png\",\"contentUrl\":\"https:\/\/talkpal.ai\/wp-content\/uploads\/2024\/03\/Talkpal-Logo-Icon.png\",\"width\":5000,\"height\":5000,\"caption\":\"Talkpal-logo ilman sanamerkki\u00e4\"},{\"@type\":\"BreadcrumbList\",\"@id\":\"https:\/\/talkpal.ai\/fi\/ohjeet-kuponkikoodin-lisaamiseksi-stripe-checkoutissa\/#breadcrumb\",\"itemListElement\":[{\"@type\":\"ListItem\",\"position\":1,\"name\":\"Homepage\",\"item\":\"https:\/\/talkpal.ai\/fi\/\"},{\"@type\":\"ListItem\",\"position\":2,\"name\":\"Ohjeet kuponkikoodin lis\u00e4\u00e4miseksi Stripe Checkoutissa\"}]},{\"@type\":\"WebSite\",\"@id\":\"https:\/\/talkpal.ai\/fi\/#website\",\"url\":\"https:\/\/talkpal.ai\/fi\/\",\"name\":\"Talkpal\",\"description\":\"AI Language Learning\",\"publisher\":{\"@id\":\"https:\/\/talkpal.ai\/fi\/#organization\"},\"alternateName\":\"Talkpal AI\",\"potentialAction\":[{\"@type\":\"SearchAction\",\"target\":{\"@type\":\"EntryPoint\",\"urlTemplate\":\"https:\/\/talkpal.ai\/fi\/?s={search_term_string}\"},\"query-input\":{\"@type\":\"PropertyValueSpecification\",\"valueRequired\":true,\"valueName\":\"search_term_string\"}}],\"inLanguage\":\"fi\"},{\"@type\":\"Organization\",\"@id\":\"https:\/\/talkpal.ai\/fi\/#organization\",\"name\":\"Talkpal, Inc.\",\"alternateName\":\"Talkpal AI\",\"url\":\"https:\/\/talkpal.ai\/fi\/\",\"logo\":{\"@type\":\"ImageObject\",\"inLanguage\":\"fi\",\"@id\":\"https:\/\/talkpal.ai\/fi\/#\/schema\/logo\/image\/\",\"url\":\"https:\/\/talkpal.ai\/wp-content\/uploads\/2024\/03\/Talkpal-Logo-Icon.png\",\"contentUrl\":\"https:\/\/talkpal.ai\/wp-content\/uploads\/2024\/03\/Talkpal-Logo-Icon.png\",\"width\":2880,\"height\":2880,\"caption\":\"Talkpal, Inc.\"},\"image\":{\"@id\":\"https:\/\/talkpal.ai\/fi\/#\/schema\/logo\/image\/\"},\"sameAs\":[\"https:\/\/www.facebook.com\/profile.php?id=100090733639311\",\"https:\/\/x.com\/talkpalai\",\"https:\/\/www.linkedin.com\/company\/talkpal\/\",\"https:\/\/www.youtube.com\/@TalkPal\/\",\"https:\/\/www.tiktok.com\/@talkpal\",\"https:\/\/www.instagram.com\/talkpal_ai\/\",\"https:\/\/www.crunchbase.com\/organization\/talkpal-9cde\",\"https:\/\/www.g2.com\/products\/talkpal-for-business\/\",\"https:\/\/www.trustpilot.com\/review\/talkpal.ai\",\"https:\/\/www.capterra.com\/p\/10006800\/TalkPal\/\"],\"description\":\"Talkpal is a language learning web and mobile education app, powered by the latest AI technologies, that provides engaging experiences to its customers in many different languages to help them improve their language skills. Users can chat about unlimited amount of topics with the app and use other modes to practice their language learning.\",\"email\":\"support@talkpal.ai\",\"legalName\":\"Talkpal, Inc.\",\"foundingDate\":\"2023-04-03\",\"duns\":\"118989042\",\"numberOfEmployees\":{\"@type\":\"QuantitativeValue\",\"minValue\":\"11\",\"maxValue\":\"50\"},\"publishingPrinciples\":\"https:\/\/talkpal.ai\/publishing-principles\/\",\"actionableFeedbackPolicy\":\"https:\/\/talkpal.ai\/actionable-feedback-policy\/\",\"correctionsPolicy\":\"https:\/\/talkpal.ai\/corrections-policy\/\",\"ethicsPolicy\":\"https:\/\/talkpal.ai\/ethics-policy\/\",\"diversityPolicy\":\"https:\/\/talkpal.ai\/diversity-policy\/\",\"diversityStaffingReport\":\"https:\/\/talkpal.ai\/diversity-policy\/\"}]}<\/script>\n<!-- \/ Yoast SEO Premium plugin. -->","yoast_head_json":{"title":"Ohjeet kuponkikoodin lis\u00e4\u00e4miseksi Stripe Checkoutissa - Talkpal","description":"Opi, miten voit helposti lis\u00e4t\u00e4 kuponkikoodeja Stripe Checkoutiin. Seuraa yksinkertaisia vaiheita asiakkaan kassakokemuksen parantamiseksi.","robots":{"index":"index","follow":"follow","max-snippet":"max-snippet:-1","max-image-preview":"max-image-preview:large","max-video-preview":"max-video-preview:-1"},"canonical":"https:\/\/talkpal.ai\/fi\/ohjeet-kuponkikoodin-lisaamiseksi-stripe-checkoutissa\/","og_locale":"fi_FI","og_type":"article","og_title":"Ohjeet kuponkikoodin lis\u00e4\u00e4miseksi Stripe Checkoutissa","og_description":"Lis\u00e4\u00e4 kuponkikoodi ja saat alennuksen. Seuraa vaiheita Vaihe 1: Valitse ensisijainen suunnitelma. Vaihe 2: Valitse vaihtoehto maksaa kortilla ja paina","og_url":"https:\/\/talkpal.ai\/fi\/ohjeet-kuponkikoodin-lisaamiseksi-stripe-checkoutissa\/","og_site_name":"Talkpal","article_publisher":"https:\/\/www.facebook.com\/profile.php?id=100090733639311","article_modified_time":"2025-06-19T18:07:11+00:00","og_image":[{"width":5000,"height":5000,"url":"https:\/\/talkpal.ai\/wp-content\/uploads\/2024\/03\/Talkpal-Logo-Icon.png","type":"image\/png"}],"twitter_card":"summary_large_image","twitter_site":"@talkpalai","schema":{"@context":"https:\/\/schema.org","@graph":[{"@type":"WebPage","@id":"https:\/\/talkpal.ai\/fi\/ohjeet-kuponkikoodin-lisaamiseksi-stripe-checkoutissa\/","url":"https:\/\/talkpal.ai\/fi\/ohjeet-kuponkikoodin-lisaamiseksi-stripe-checkoutissa\/","name":"Ohjeet kuponkikoodin lis\u00e4\u00e4miseksi Stripe Checkoutissa - Talkpal","isPartOf":{"@id":"https:\/\/talkpal.ai\/fi\/#website"},"primaryImageOfPage":{"@id":"https:\/\/talkpal.ai\/fi\/ohjeet-kuponkikoodin-lisaamiseksi-stripe-checkoutissa\/#primaryimage"},"image":{"@id":"https:\/\/talkpal.ai\/fi\/ohjeet-kuponkikoodin-lisaamiseksi-stripe-checkoutissa\/#primaryimage"},"thumbnailUrl":"https:\/\/talkpal.ai\/wp-content\/uploads\/2024\/03\/Talkpal-Logo-Icon.png","datePublished":"2023-12-20T15:42:12+00:00","dateModified":"2025-06-19T18:07:11+00:00","description":"Opi, miten voit helposti lis\u00e4t\u00e4 kuponkikoodeja Stripe Checkoutiin. Seuraa yksinkertaisia vaiheita asiakkaan kassakokemuksen parantamiseksi.","breadcrumb":{"@id":"https:\/\/talkpal.ai\/fi\/ohjeet-kuponkikoodin-lisaamiseksi-stripe-checkoutissa\/#breadcrumb"},"inLanguage":"fi","potentialAction":[{"@type":"ReadAction","target":["https:\/\/talkpal.ai\/fi\/ohjeet-kuponkikoodin-lisaamiseksi-stripe-checkoutissa\/"]}]},{"@type":"ImageObject","inLanguage":"fi","@id":"https:\/\/talkpal.ai\/fi\/ohjeet-kuponkikoodin-lisaamiseksi-stripe-checkoutissa\/#primaryimage","url":"https:\/\/talkpal.ai\/wp-content\/uploads\/2024\/03\/Talkpal-Logo-Icon.png","contentUrl":"https:\/\/talkpal.ai\/wp-content\/uploads\/2024\/03\/Talkpal-Logo-Icon.png","width":5000,"height":5000,"caption":"Talkpal-logo ilman sanamerkki\u00e4"},{"@type":"BreadcrumbList","@id":"https:\/\/talkpal.ai\/fi\/ohjeet-kuponkikoodin-lisaamiseksi-stripe-checkoutissa\/#breadcrumb","itemListElement":[{"@type":"ListItem","position":1,"name":"Homepage","item":"https:\/\/talkpal.ai\/fi\/"},{"@type":"ListItem","position":2,"name":"Ohjeet kuponkikoodin lis\u00e4\u00e4miseksi Stripe Checkoutissa"}]},{"@type":"WebSite","@id":"https:\/\/talkpal.ai\/fi\/#website","url":"https:\/\/talkpal.ai\/fi\/","name":"Talkpal","description":"AI Language Learning","publisher":{"@id":"https:\/\/talkpal.ai\/fi\/#organization"},"alternateName":"Talkpal AI","potentialAction":[{"@type":"SearchAction","target":{"@type":"EntryPoint","urlTemplate":"https:\/\/talkpal.ai\/fi\/?s={search_term_string}"},"query-input":{"@type":"PropertyValueSpecification","valueRequired":true,"valueName":"search_term_string"}}],"inLanguage":"fi"},{"@type":"Organization","@id":"https:\/\/talkpal.ai\/fi\/#organization","name":"Talkpal, Inc.","alternateName":"Talkpal AI","url":"https:\/\/talkpal.ai\/fi\/","logo":{"@type":"ImageObject","inLanguage":"fi","@id":"https:\/\/talkpal.ai\/fi\/#\/schema\/logo\/image\/","url":"https:\/\/talkpal.ai\/wp-content\/uploads\/2024\/03\/Talkpal-Logo-Icon.png","contentUrl":"https:\/\/talkpal.ai\/wp-content\/uploads\/2024\/03\/Talkpal-Logo-Icon.png","width":2880,"height":2880,"caption":"Talkpal, Inc."},"image":{"@id":"https:\/\/talkpal.ai\/fi\/#\/schema\/logo\/image\/"},"sameAs":["https:\/\/www.facebook.com\/profile.php?id=100090733639311","https:\/\/x.com\/talkpalai","https:\/\/www.linkedin.com\/company\/talkpal\/","https:\/\/www.youtube.com\/@TalkPal\/","https:\/\/www.tiktok.com\/@talkpal","https:\/\/www.instagram.com\/talkpal_ai\/","https:\/\/www.crunchbase.com\/organization\/talkpal-9cde","https:\/\/www.g2.com\/products\/talkpal-for-business\/","https:\/\/www.trustpilot.com\/review\/talkpal.ai","https:\/\/www.capterra.com\/p\/10006800\/TalkPal\/"],"description":"Talkpal is a language learning web and mobile education app, powered by the latest AI technologies, that provides engaging experiences to its customers in many different languages to help them improve their language skills. Users can chat about unlimited amount of topics with the app and use other modes to practice their language learning.","email":"support@talkpal.ai","legalName":"Talkpal, Inc.","foundingDate":"2023-04-03","duns":"118989042","numberOfEmployees":{"@type":"QuantitativeValue","minValue":"11","maxValue":"50"},"publishingPrinciples":"https:\/\/talkpal.ai\/publishing-principles\/","actionableFeedbackPolicy":"https:\/\/talkpal.ai\/actionable-feedback-policy\/","correctionsPolicy":"https:\/\/talkpal.ai\/corrections-policy\/","ethicsPolicy":"https:\/\/talkpal.ai\/ethics-policy\/","diversityPolicy":"https:\/\/talkpal.ai\/diversity-policy\/","diversityStaffingReport":"https:\/\/talkpal.ai\/diversity-policy\/"}]}},"_links":{"self":[{"href":"https:\/\/talkpal.ai\/fi\/wp-json\/wp\/v2\/pages\/994851","targetHints":{"allow":["GET"]}}],"collection":[{"href":"https:\/\/talkpal.ai\/fi\/wp-json\/wp\/v2\/pages"}],"about":[{"href":"https:\/\/talkpal.ai\/fi\/wp-json\/wp\/v2\/types\/page"}],"author":[{"embeddable":true,"href":"https:\/\/talkpal.ai\/fi\/wp-json\/wp\/v2\/users\/6"}],"replies":[{"embeddable":true,"href":"https:\/\/talkpal.ai\/fi\/wp-json\/wp\/v2\/comments?post=994851"}],"version-history":[{"count":0,"href":"https:\/\/talkpal.ai\/fi\/wp-json\/wp\/v2\/pages\/994851\/revisions"}],"wp:featuredmedia":[{"embeddable":true,"href":"https:\/\/talkpal.ai\/fi\/wp-json\/wp\/v2\/media\/197953"}],"wp:attachment":[{"href":"https:\/\/talkpal.ai\/fi\/wp-json\/wp\/v2\/media?parent=994851"}],"curies":[{"name":"wp","href":"https:\/\/api.w.org\/{rel}","templated":true}]}}